{"id":11931,"date":"2019-09-24T11:45:58","date_gmt":"2019-09-24T11:45:58","guid":{"rendered":"http:\/\/lunatools.com\/?page_id=11931"},"modified":"2021-03-30T12:23:18","modified_gmt":"2021-03-30T12:23:18","slug":"verktoysikring-med-tre-enkle-steg","status":"publish","type":"page","link":"https:\/\/lunatools.test.consids5.se\/no\/kunnskapssenter\/verktoysikring-med-tre-enkle-steg\/","title":{"rendered":"Verkt\u00f8ysikring med tre enkle steg"},"content":{"rendered":"<div class=\"wpb-content-wrapper\"><p>[vc_row][vc_column]\n        <div class=\"block block--promo with-image valign--center bg--white  align-left\">\n            <div class=\"promo\">\n                <div class=\"promo__image\">\n                    <img loading=\"lazy\" decoding=\"async\" width=\"1366\" height=\"768\" src=\"https:\/\/lunatools.test.consids5.se\/wp-content\/uploads\/2019\/09\/Handverktyg_LunaToolFinder.jpg\" class=\"attachment-square size-square\" alt=\"\" srcset=\"https:\/\/lunatools.test.consids5.se\/wp-content\/uploads\/2019\/09\/Handverktyg_LunaToolFinder.jpg 1366w, https:\/\/lunatools.test.consids5.se\/wp-content\/uploads\/2019\/09\/Handverktyg_LunaToolFinder-250x141.jpg 250w, https:\/\/lunatools.test.consids5.se\/wp-content\/uploads\/2019\/09\/Handverktyg_LunaToolFinder-768x432.jpg 768w, https:\/\/lunatools.test.consids5.se\/wp-content\/uploads\/2019\/09\/Handverktyg_LunaToolFinder-700x394.jpg 700w, https:\/\/lunatools.test.consids5.se\/wp-content\/uploads\/2019\/09\/Handverktyg_LunaToolFinder-120x67.jpg 120w, https:\/\/lunatools.test.consids5.se\/wp-content\/uploads\/2019\/09\/Handverktyg_LunaToolFinder-600x337.jpg 600w\" sizes=\"(max-width: 1366px) 100vw, 1366px\" \/>\n                <\/div>\n                <div class=\"promo__content block__col\">\n                    <div class=\"promo__content__inner\">\n                        <h3 class=\"promo__subtitle\">STEG 1<\/h3><h2 class=\"promo__title\">Velg verkt\u00f8y<\/h2>\n                        <p class=\"promo__text\">Alle Lunas h\u00e5ndverkt\u00f8y er klargjort for verkt\u00f8ysikring. Se hele sortimentet <a href=\"http:\/\/lunatools.com\/no\/produkter\/\">her<\/a>.<\/p>\n                        \n                    <\/div>\n                <\/div>\n            <\/div>\n        <\/div>\n        <div class=\"block block--promo with-image valign--top bg--white  align-right\">\n            <div class=\"promo\">\n                <div class=\"promo__image\">\n                    <img loading=\"lazy\" decoding=\"async\" width=\"1200\" height=\"675\" src=\"https:\/\/lunatools.test.consids5.se\/wp-content\/uploads\/2019\/09\/Ringar_ProfessionalGuidance-e1573546374986.jpg\" class=\"attachment-square size-square\" alt=\"\" \/>\n                <\/div>\n                <div class=\"promo__content block__col\">\n                    <div class=\"promo__content__inner\">\n                        <h3 class=\"promo__subtitle\">STEG 2<\/h3><h2 class=\"promo__title\">Velg passende innfestingskomponent<\/h2>\n                        <p class=\"promo__text\">Komponentet festes i egnet festepunkt. Se v\u00e5rt sortiment innfestingskomponenter <a href=\"https:\/\/lunatools.com\/no\/product-category\/innfestingskomponent-til-verktoy-no\/\">her<\/a>.<\/p>\n                        \n                    <\/div>\n                <\/div>\n            <\/div>\n        <\/div>\n        <div class=\"block block--promo with-image valign--center bg--white  align-left\">\n            <div class=\"promo\">\n                <div class=\"promo__image\">\n                    <img loading=\"lazy\" decoding=\"async\" width=\"1366\" height=\"768\" src=\"https:\/\/lunatools.test.consids5.se\/wp-content\/uploads\/2019\/09\/Verktygssakring_linor_ProfessionalGuidance.jpg\" class=\"attachment-square size-square\" alt=\"\" srcset=\"https:\/\/lunatools.test.consids5.se\/wp-content\/uploads\/2019\/09\/Verktygssakring_linor_ProfessionalGuidance.jpg 1366w, https:\/\/lunatools.test.consids5.se\/wp-content\/uploads\/2019\/09\/Verktygssakring_linor_ProfessionalGuidance-250x141.jpg 250w, https:\/\/lunatools.test.consids5.se\/wp-content\/uploads\/2019\/09\/Verktygssakring_linor_ProfessionalGuidance-768x432.jpg 768w, https:\/\/lunatools.test.consids5.se\/wp-content\/uploads\/2019\/09\/Verktygssakring_linor_ProfessionalGuidance-700x394.jpg 700w, https:\/\/lunatools.test.consids5.se\/wp-content\/uploads\/2019\/09\/Verktygssakring_linor_ProfessionalGuidance-120x67.jpg 120w, https:\/\/lunatools.test.consids5.se\/wp-content\/uploads\/2019\/09\/Verktygssakring_linor_ProfessionalGuidance-600x337.jpg 600w\" sizes=\"(max-width: 1366px) 100vw, 1366px\" \/>\n                <\/div>\n                <div class=\"promo__content block__col\">\n                    <div class=\"promo__content__inner\">\n                        <h3 class=\"promo__subtitle\">STEG 3<\/h3><h2 class=\"promo__title\">Velg egnet line for oppgaven og sett sammen<\/h2>\n                        <p class=\"promo__text\">Se v\u00e5rt sortiment verkt\u00f8ysikring <a href=\"https:\/\/lunatools.com\/no\/verktoysikring\/\">her<\/a>.<\/p>\n                        \n                    <\/div>\n                <\/div>\n            <\/div>\n        <\/div>\n        <div class=\"block block--promo with-image valign--top bg--white  align-left\">\n            <div class=\"promo\">\n                <div class=\"promo__image\">\n                    <img loading=\"lazy\" decoding=\"async\" width=\"1366\" height=\"768\" src=\"https:\/\/lunatools.test.consids5.se\/wp-content\/uploads\/2019\/09\/Slutkundsbroschyr_ZeroDrop.jpg\" class=\"attachment-full size-full\" alt=\"\" srcset=\"https:\/\/lunatools.test.consids5.se\/wp-content\/uploads\/2019\/09\/Slutkundsbroschyr_ZeroDrop.jpg 1366w, https:\/\/lunatools.test.consids5.se\/wp-content\/uploads\/2019\/09\/Slutkundsbroschyr_ZeroDrop-250x141.jpg 250w, https:\/\/lunatools.test.consids5.se\/wp-content\/uploads\/2019\/09\/Slutkundsbroschyr_ZeroDrop-768x432.jpg 768w, https:\/\/lunatools.test.consids5.se\/wp-content\/uploads\/2019\/09\/Slutkundsbroschyr_ZeroDrop-700x394.jpg 700w, https:\/\/lunatools.test.consids5.se\/wp-content\/uploads\/2019\/09\/Slutkundsbroschyr_ZeroDrop-120x67.jpg 120w, https:\/\/lunatools.test.consids5.se\/wp-content\/uploads\/2019\/09\/Slutkundsbroschyr_ZeroDrop-600x337.jpg 600w\" sizes=\"(max-width: 1366px) 100vw, 1366px\" \/>\n                <\/div>\n                <div class=\"promo__content block__col\">\n                    <div class=\"promo__content__inner\">\n                        <h2 class=\"promo__title\">Last ned v\u00e5r brosjyre om verkt\u00f8ysikring<\/h2>\n                        <p class=\"promo__text\">Her kan du laste ned v\u00e5r brosjyre om viktigheten med verkt\u00f8ysikring og hva vi tilbyr.<\/p>\n                        <a href=\"http:\/\/www.e-magin.se\/paper\/tk33rk6h\/paper\/1#\/paper\/tk33rk6h\/1\" class=\"promo__action btn\">Last ned v\u00e5r brosjyre<i><\/i><\/a>\n                    <\/div>\n                <\/div>\n            <\/div>\n        <\/div>[\/vc_column][\/vc_row]<\/p>\n<\/div>","protected":false},"excerpt":{"rendered":"[vc_row][vc_column][\/vc_column][\/vc_row]","protected":false},"author":5,"featured_media":11773,"parent":4343,"menu_order":2,"comment_status":"closed","ping_status":"closed","template":"","meta":{"_acf_changed":false,"footnotes":""},"class_list":["post-11931","page","type-page","status-publish","has-post-thumbnail","hentry"],"acf":[],"yoast_head":"<!-- This site is optimized with the Yoast SEO plugin v23.2 - https:\/\/yoast.com\/wordpress\/plugins\/seo\/ -->\n<title>Verkt\u00f8ysikring med tre enkle steg | Luna tools<\/title>\n<meta name=\"description\" content=\"Med Lunas nye ZeroDrop\u2122 h\u00e5ndverkt\u00f8y og verkt\u00f8ysikring er det enklere enn noen gang \u00e5 sikre verkt\u00f8yet n\u00e5r du jobber i h\u00f8yden.\" \/>\n<meta name=\"robots\" content=\"index, follow, max-snippet:-1, max-image-preview:large, max-video-preview:-1\" \/>\n<link rel=\"canonical\" href=\"https:\/\/lunatools.test.consids5.se\/no\/kunnskapssenter\/verktoysikring-med-tre-enkle-steg\/\" \/>\n<meta property=\"og:locale\" content=\"nb_NO\" \/>\n<meta property=\"og:type\" content=\"article\" \/>\n<meta property=\"og:title\" content=\"Verkt\u00f8ysikring med tre enkle steg | Luna tools\" \/>\n<meta property=\"og:description\" content=\"Med Lunas nye ZeroDrop\u2122 h\u00e5ndverkt\u00f8y og verkt\u00f8ysikring er det enklere enn noen gang \u00e5 sikre verkt\u00f8yet n\u00e5r du jobber i h\u00f8yden.\" \/>\n<meta property=\"og:url\" content=\"https:\/\/lunatools.test.consids5.se\/no\/kunnskapssenter\/verktoysikring-med-tre-enkle-steg\/\" \/>\n<meta property=\"og:site_name\" content=\"Luna tools\" \/>\n<meta property=\"article:modified_time\" content=\"2021-03-30T12:23:18+00:00\" \/>\n<meta property=\"og:image\" content=\"https:\/\/lunatools.test.consids5.se\/wp-content\/uploads\/2019\/08\/Verktygssakring_Luna.jpg\" \/>\n\t<meta property=\"og:image:width\" content=\"1366\" \/>\n\t<meta property=\"og:image:height\" content=\"768\" \/>\n\t<meta property=\"og:image:type\" content=\"image\/jpeg\" \/>\n<meta name=\"twitter:label1\" content=\"Est. reading time\" \/>\n\t<meta name=\"twitter:data1\" content=\"1 minute\" \/>\n<script type=\"application\/ld+json\" class=\"yoast-schema-graph\">{\"@context\":\"https:\/\/schema.org\",\"@graph\":[{\"@type\":\"WebPage\",\"@id\":\"https:\/\/lunatools.test.consids5.se\/no\/kunnskapssenter\/verktoysikring-med-tre-enkle-steg\/\",\"url\":\"https:\/\/lunatools.test.consids5.se\/no\/kunnskapssenter\/verktoysikring-med-tre-enkle-steg\/\",\"name\":\"Verkt\u00f8ysikring med tre enkle steg | Luna tools\",\"isPartOf\":{\"@id\":\"https:\/\/lunatools.test.consids5.se\/en\/#website\"},\"primaryImageOfPage\":{\"@id\":\"https:\/\/lunatools.test.consids5.se\/no\/kunnskapssenter\/verktoysikring-med-tre-enkle-steg\/#primaryimage\"},\"image\":{\"@id\":\"https:\/\/lunatools.test.consids5.se\/no\/kunnskapssenter\/verktoysikring-med-tre-enkle-steg\/#primaryimage\"},\"thumbnailUrl\":\"https:\/\/lunatools.test.consids5.se\/wp-content\/uploads\/2019\/08\/Verktygssakring_Luna.jpg\",\"datePublished\":\"2019-09-24T11:45:58+00:00\",\"dateModified\":\"2021-03-30T12:23:18+00:00\",\"description\":\"Med Lunas nye ZeroDrop\u2122 h\u00e5ndverkt\u00f8y og verkt\u00f8ysikring er det enklere enn noen gang \u00e5 sikre verkt\u00f8yet n\u00e5r du jobber i h\u00f8yden.\",\"breadcrumb\":{\"@id\":\"https:\/\/lunatools.test.consids5.se\/no\/kunnskapssenter\/verktoysikring-med-tre-enkle-steg\/#breadcrumb\"},\"inLanguage\":\"nb-NO\",\"potentialAction\":[{\"@type\":\"ReadAction\",\"target\":[\"https:\/\/lunatools.test.consids5.se\/no\/kunnskapssenter\/verktoysikring-med-tre-enkle-steg\/\"]}]},{\"@type\":\"ImageObject\",\"inLanguage\":\"nb-NO\",\"@id\":\"https:\/\/lunatools.test.consids5.se\/no\/kunnskapssenter\/verktoysikring-med-tre-enkle-steg\/#primaryimage\",\"url\":\"https:\/\/lunatools.test.consids5.se\/wp-content\/uploads\/2019\/08\/Verktygssakring_Luna.jpg\",\"contentUrl\":\"https:\/\/lunatools.test.consids5.se\/wp-content\/uploads\/2019\/08\/Verktygssakring_Luna.jpg\",\"width\":1366,\"height\":768},{\"@type\":\"BreadcrumbList\",\"@id\":\"https:\/\/lunatools.test.consids5.se\/no\/kunnskapssenter\/verktoysikring-med-tre-enkle-steg\/#breadcrumb\",\"itemListElement\":[{\"@type\":\"ListItem\",\"position\":1,\"name\":\"Home\",\"item\":\"https:\/\/lunatools.test.consids5.se\/no\/\"},{\"@type\":\"ListItem\",\"position\":2,\"name\":\"KUNNSKAPSSENTER\",\"item\":\"https:\/\/lunatools.test.consids5.se\/no\/kunnskapssenter\/\"},{\"@type\":\"ListItem\",\"position\":3,\"name\":\"Verkt\u00f8ysikring med tre enkle steg\"}]},{\"@type\":\"WebSite\",\"@id\":\"https:\/\/lunatools.test.consids5.se\/en\/#website\",\"url\":\"https:\/\/lunatools.test.consids5.se\/en\/\",\"name\":\"Luna tools\",\"description\":\"\",\"publisher\":{\"@id\":\"https:\/\/lunatools.test.consids5.se\/en\/#organization\"},\"potentialAction\":[{\"@type\":\"SearchAction\",\"target\":{\"@type\":\"EntryPoint\",\"urlTemplate\":\"https:\/\/lunatools.test.consids5.se\/en\/?s={search_term_string}\"},\"query-input\":\"required name=search_term_string\"}],\"inLanguage\":\"nb-NO\"},{\"@type\":\"Organization\",\"@id\":\"https:\/\/lunatools.test.consids5.se\/en\/#organization\",\"name\":\"Luna Tools\",\"url\":\"https:\/\/lunatools.test.consids5.se\/en\/\",\"logo\":{\"@type\":\"ImageObject\",\"inLanguage\":\"nb-NO\",\"@id\":\"https:\/\/lunatools.test.consids5.se\/en\/#\/schema\/logo\/image\/\",\"url\":\"https:\/\/lunatools.com\/wp-content\/uploads\/2019\/10\/LunaTools-gray-logo.png\",\"contentUrl\":\"https:\/\/lunatools.com\/wp-content\/uploads\/2019\/10\/LunaTools-gray-logo.png\",\"width\":795,\"height\":309,\"caption\":\"Luna Tools\"},\"image\":{\"@id\":\"https:\/\/lunatools.test.consids5.se\/en\/#\/schema\/logo\/image\/\"}}]}<\/script>\n<!-- \/ Yoast SEO plugin. -->","yoast_head_json":{"title":"Verkt\u00f8ysikring med tre enkle steg | Luna tools","description":"Med Lunas nye ZeroDrop\u2122 h\u00e5ndverkt\u00f8y og verkt\u00f8ysikring er det enklere enn noen gang \u00e5 sikre verkt\u00f8yet n\u00e5r du jobber i h\u00f8yden.","robots":{"index":"index","follow":"follow","max-snippet":"max-snippet:-1","max-image-preview":"max-image-preview:large","max-video-preview":"max-video-preview:-1"},"canonical":"https:\/\/lunatools.test.consids5.se\/no\/kunnskapssenter\/verktoysikring-med-tre-enkle-steg\/","og_locale":"nb_NO","og_type":"article","og_title":"Verkt\u00f8ysikring med tre enkle steg | Luna tools","og_description":"Med Lunas nye ZeroDrop\u2122 h\u00e5ndverkt\u00f8y og verkt\u00f8ysikring er det enklere enn noen gang \u00e5 sikre verkt\u00f8yet n\u00e5r du jobber i h\u00f8yden.","og_url":"https:\/\/lunatools.test.consids5.se\/no\/kunnskapssenter\/verktoysikring-med-tre-enkle-steg\/","og_site_name":"Luna tools","article_modified_time":"2021-03-30T12:23:18+00:00","og_image":[{"width":1366,"height":768,"url":"https:\/\/lunatools.test.consids5.se\/wp-content\/uploads\/2019\/08\/Verktygssakring_Luna.jpg","type":"image\/jpeg"}],"twitter_misc":{"Est. reading time":"1 minute"},"schema":{"@context":"https:\/\/schema.org","@graph":[{"@type":"WebPage","@id":"https:\/\/lunatools.test.consids5.se\/no\/kunnskapssenter\/verktoysikring-med-tre-enkle-steg\/","url":"https:\/\/lunatools.test.consids5.se\/no\/kunnskapssenter\/verktoysikring-med-tre-enkle-steg\/","name":"Verkt\u00f8ysikring med tre enkle steg | Luna tools","isPartOf":{"@id":"https:\/\/lunatools.test.consids5.se\/en\/#website"},"primaryImageOfPage":{"@id":"https:\/\/lunatools.test.consids5.se\/no\/kunnskapssenter\/verktoysikring-med-tre-enkle-steg\/#primaryimage"},"image":{"@id":"https:\/\/lunatools.test.consids5.se\/no\/kunnskapssenter\/verktoysikring-med-tre-enkle-steg\/#primaryimage"},"thumbnailUrl":"https:\/\/lunatools.test.consids5.se\/wp-content\/uploads\/2019\/08\/Verktygssakring_Luna.jpg","datePublished":"2019-09-24T11:45:58+00:00","dateModified":"2021-03-30T12:23:18+00:00","description":"Med Lunas nye ZeroDrop\u2122 h\u00e5ndverkt\u00f8y og verkt\u00f8ysikring er det enklere enn noen gang \u00e5 sikre verkt\u00f8yet n\u00e5r du jobber i h\u00f8yden.","breadcrumb":{"@id":"https:\/\/lunatools.test.consids5.se\/no\/kunnskapssenter\/verktoysikring-med-tre-enkle-steg\/#breadcrumb"},"inLanguage":"nb-NO","potentialAction":[{"@type":"ReadAction","target":["https:\/\/lunatools.test.consids5.se\/no\/kunnskapssenter\/verktoysikring-med-tre-enkle-steg\/"]}]},{"@type":"ImageObject","inLanguage":"nb-NO","@id":"https:\/\/lunatools.test.consids5.se\/no\/kunnskapssenter\/verktoysikring-med-tre-enkle-steg\/#primaryimage","url":"https:\/\/lunatools.test.consids5.se\/wp-content\/uploads\/2019\/08\/Verktygssakring_Luna.jpg","contentUrl":"https:\/\/lunatools.test.consids5.se\/wp-content\/uploads\/2019\/08\/Verktygssakring_Luna.jpg","width":1366,"height":768},{"@type":"BreadcrumbList","@id":"https:\/\/lunatools.test.consids5.se\/no\/kunnskapssenter\/verktoysikring-med-tre-enkle-steg\/#breadcrumb","itemListElement":[{"@type":"ListItem","position":1,"name":"Home","item":"https:\/\/lunatools.test.consids5.se\/no\/"},{"@type":"ListItem","position":2,"name":"KUNNSKAPSSENTER","item":"https:\/\/lunatools.test.consids5.se\/no\/kunnskapssenter\/"},{"@type":"ListItem","position":3,"name":"Verkt\u00f8ysikring med tre enkle steg"}]},{"@type":"WebSite","@id":"https:\/\/lunatools.test.consids5.se\/en\/#website","url":"https:\/\/lunatools.test.consids5.se\/en\/","name":"Luna tools","description":"","publisher":{"@id":"https:\/\/lunatools.test.consids5.se\/en\/#organization"},"potentialAction":[{"@type":"SearchAction","target":{"@type":"EntryPoint","urlTemplate":"https:\/\/lunatools.test.consids5.se\/en\/?s={search_term_string}"},"query-input":"required name=search_term_string"}],"inLanguage":"nb-NO"},{"@type":"Organization","@id":"https:\/\/lunatools.test.consids5.se\/en\/#organization","name":"Luna Tools","url":"https:\/\/lunatools.test.consids5.se\/en\/","logo":{"@type":"ImageObject","inLanguage":"nb-NO","@id":"https:\/\/lunatools.test.consids5.se\/en\/#\/schema\/logo\/image\/","url":"https:\/\/lunatools.com\/wp-content\/uploads\/2019\/10\/LunaTools-gray-logo.png","contentUrl":"https:\/\/lunatools.com\/wp-content\/uploads\/2019\/10\/LunaTools-gray-logo.png","width":795,"height":309,"caption":"Luna Tools"},"image":{"@id":"https:\/\/lunatools.test.consids5.se\/en\/#\/schema\/logo\/image\/"}}]}},"_links":{"self":[{"href":"https:\/\/lunatools.test.consids5.se\/no\/wp-json\/wp\/v2\/pages\/11931"}],"collection":[{"href":"https:\/\/lunatools.test.consids5.se\/no\/wp-json\/wp\/v2\/pages"}],"about":[{"href":"https:\/\/lunatools.test.consids5.se\/no\/wp-json\/wp\/v2\/types\/page"}],"author":[{"embeddable":true,"href":"https:\/\/lunatools.test.consids5.se\/no\/wp-json\/wp\/v2\/users\/5"}],"replies":[{"embeddable":true,"href":"https:\/\/lunatools.test.consids5.se\/no\/wp-json\/wp\/v2\/comments?post=11931"}],"version-history":[{"count":12,"href":"https:\/\/lunatools.test.consids5.se\/no\/wp-json\/wp\/v2\/pages\/11931\/revisions"}],"predecessor-version":[{"id":60167,"href":"https:\/\/lunatools.test.consids5.se\/no\/wp-json\/wp\/v2\/pages\/11931\/revisions\/60167"}],"up":[{"embeddable":true,"href":"https:\/\/lunatools.test.consids5.se\/no\/wp-json\/wp\/v2\/pages\/4343"}],"wp:featuredmedia":[{"embeddable":true,"href":"https:\/\/lunatools.test.consids5.se\/no\/wp-json\/wp\/v2\/media\/11773"}],"wp:attachment":[{"href":"https:\/\/lunatools.test.consids5.se\/no\/wp-json\/wp\/v2\/media?parent=11931"}],"curies":[{"name":"wp","href":"https:\/\/api.w.org\/{rel}","templated":true}]}}