{"id":4329,"date":"2019-04-18T14:16:47","date_gmt":"2019-04-18T14:16:47","guid":{"rendered":"https:\/\/lunatools.com?page_id=4329"},"modified":"2021-10-06T11:53:20","modified_gmt":"2021-10-06T11:53:20","slug":"profesjonelle-elverktoytilbehor","status":"publish","type":"page","link":"https:\/\/lunatools.test.consids5.se\/no\/","title":{"rendered":"Profesjonelle verkt\u00f8y"},"content":{"rendered":"<div class=\"wpb-content-wrapper\"><p>[vc_row][vc_column]<div class=\"block--dual\">\n          <div class=\"gridsystem move-upp js-show scroll-up js-active js-show--shown\">\n            <div class=\"block__col flex-row shadow\">\n              <figure class=\"block__image\">\n                <img decoding=\"async\" src=\"https:\/\/lunatools.test.consids5.se\/wp-content\/uploads\/2021\/04\/Vinkelbar-bitsh\u00e5llare-hires-710x500.jpg\">\n              <\/figure>\n\n              <div class=\"flex-col flex-row__content bg--comp\">\n                <h2>Et komplett sortiment bitsholdere<\/h2>\n                <p>N\u00e5 har Luna Tools sortiment av bitsholdere f\u00e5tt \u00f8kning i form av en fleksibel og en vinklet bitsholder. Perfekt for \u00e5 skru p\u00e5 trange og vanskelig tilgjengelige steder!<\/p>\n                <a href=\"https:\/\/lunatools.com\/no\/product-category\/bits-no\/bitsholdere-no\/\" class=\"btn btn--comp btn--icon\"><i><\/i><\/a>\n              <\/div>\n            <\/div>\n            <div class=\"block__col flex-row shadow\">\n              <figure class=\"block__image\">\n                <img decoding=\"async\" src=\"https:\/\/lunatools.test.consids5.se\/wp-content\/uploads\/2021\/09\/DSC_0798-710x500.jpg\">\n              <\/figure>\n              <div class=\"flex-col flex-row__content bg--comp\">\n                <h2>Alle b\u00e5ndsagbladene p\u00e5 ett sted.<\/h2>\n                <p>Vi vet at det kan v\u00e6re vanskelig \u00e5 finne riktig b\u00e5ndsagblad til maskinen. N\u00e5 har vi samlet hele v\u00e5rt sortiment i en produktguide, der vi ogs\u00e5 tipser om hva som er lurt \u00e5 tenke p\u00e5 ved valg av blad.<\/p>\n                <a href=\"https:\/\/lunatools.com\/wp-content\/uploads\/2021\/10\/Produktguide-Bandsagsblad_NO.pdf\" class=\"btn btn--comp btn--icon\"><i><\/i><\/a>\n              <\/div>\n            <\/div>\n          <\/div>\n        <\/div><div class=\"product-category-grid\">\n            <div class=\"productlist contain\">\n                <div class=\"productlist__list-wrapper gridsystem\">\n                    <ul class=\"productlist__categories gridsystem\"><li class=\"productlist__product\">\n                            <div class=\"product product--small\">\n                                <a href=\"https:\/\/lunatools.test.consids5.se\/no\/elverktoystillbehor\/\"><img decoding=\"async\" class=\"product__image\" alt=\"Elverkt\u00f8ytilbeh\u00f8r\" src=\"https:\/\/lunatools.test.consids5.se\/wp-content\/uploads\/2019\/02\/luna25542-412x250.jpg\"><div class=\"flex-row flex-left-center product__footer\">\n                                        <div class=\"product__specs\">\n                                            <h2 class=\"product__name\">Elverkt\u00f8ytilbeh\u00f8r<\/h2>\n                                            \n                                        <\/div>\n                                        <i class=\"icon-right icon--circle\"><\/i>\n                                    <\/div>\n                                    \n                                <\/a>\n                            <\/div>\n                        <\/li><li class=\"productlist__product\">\n                            <div class=\"product product--small\">\n                                <a href=\"https:\/\/lunatools.test.consids5.se\/no\/handverktoy\/\"><img decoding=\"async\" class=\"product__image\" alt=\"H\u00e5ndverkt\u00f8y\" src=\"https:\/\/lunatools.test.consids5.se\/wp-content\/uploads\/2019\/08\/Handverktyg_samlingsbild-412x250.jpg\"><div class=\"flex-row flex-left-center product__footer\">\n                                        <div class=\"product__specs\">\n                                            <h2 class=\"product__name\">H\u00e5ndverkt\u00f8y<\/h2>\n                                            \n                                        <\/div>\n                                        <i class=\"icon-right icon--circle\"><\/i>\n                                    <\/div>\n                                    \n                                <\/a>\n                            <\/div>\n                        <\/li><li class=\"productlist__product\">\n                            <div class=\"product product--small\">\n                                <a href=\"https:\/\/lunatools.test.consids5.se\/no\/verktoysikring\/\"><img decoding=\"async\" class=\"product__image\" alt=\"Verkt\u00f8ysikring\" src=\"https:\/\/lunatools.test.consids5.se\/wp-content\/uploads\/2019\/08\/Vergtygssa\u0308kring_lowres-412x250.jpg\"><div class=\"flex-row flex-left-center product__footer\">\n                                        <div class=\"product__specs\">\n                                            <h2 class=\"product__name\">Verkt\u00f8ysikring<\/h2>\n                                            \n                                        <\/div>\n                                        <i class=\"icon-right icon--circle\"><\/i>\n                                    <\/div>\n                                    \n                                <\/a>\n                            <\/div>\n                        <\/li><\/ul>\n                <\/div>\n            <\/div>\n        <\/div>\n        <div class=\"block block--promo with-image valign--center bg--white  align-left\">\n            <div class=\"promo\">\n                <div class=\"promo__image\">\n                    <img loading=\"lazy\" decoding=\"async\" width=\"2560\" height=\"1805\" src=\"https:\/\/lunatools.test.consids5.se\/wp-content\/uploads\/2020\/04\/Nord-Access-2.jpg\" class=\"attachment-full size-full\" alt=\"\" \/>\n                <\/div>\n                <div class=\"promo__content block__col\">\n                    <div class=\"promo__content__inner\">\n                        <h3 class=\"promo__subtitle\">Nord Access<\/h3><h2 class=\"promo__title\">\u00c5 sikre v\u00e5re verkt\u00f8y er grunnleggende i alt vi gj\u00f8r<\/h2>\n                        <p class=\"promo__text\">Johan og Dag fra Nord Access forst\u00e5r viktigheten av sikkerhet p\u00e5 arbeidsplassen. En vanlig dag p\u00e5 jobben kan innebefatte demontering av en radiomast hengende fra et helikopter, inspeksjon av et vindkraftverk eller \u00e5 fire seg ned i en gruvesjakt.<\/p>\n<p><a href=\"https:\/\/lunatools.com\/no\/a-sikre-vare-verktoy-er-en-grunnstein-i-alt-vi-gjor-utover-det-a-sikre-oss-selv\/\">Ler mer her<\/a><\/p>\n                        <a href=\"https:\/\/youtu.be\/KxK_nkRiLsI\" class=\"promo__action btn\">Se filmen<i><\/i><\/a>\n                    <\/div>\n                <\/div>\n            <\/div>\n        <\/div>\n        <div class=\"block block--promo with-image valign--center bg--white  align-right\">\n            <div class=\"promo\">\n                <div class=\"promo__image\">\n                    <img loading=\"lazy\" decoding=\"async\" width=\"1280\" height=\"720\" src=\"https:\/\/lunatools.test.consids5.se\/wp-content\/uploads\/2019\/10\/ZeroDrop_video_NO.jpg\" class=\"attachment-full size-full\" alt=\"\" srcset=\"https:\/\/lunatools.test.consids5.se\/wp-content\/uploads\/2019\/10\/ZeroDrop_video_NO.jpg 1280w, https:\/\/lunatools.test.consids5.se\/wp-content\/uploads\/2019\/10\/ZeroDrop_video_NO-250x141.jpg 250w, https:\/\/lunatools.test.consids5.se\/wp-content\/uploads\/2019\/10\/ZeroDrop_video_NO-768x432.jpg 768w, https:\/\/lunatools.test.consids5.se\/wp-content\/uploads\/2019\/10\/ZeroDrop_video_NO-700x394.jpg 700w, https:\/\/lunatools.test.consids5.se\/wp-content\/uploads\/2019\/10\/ZeroDrop_video_NO-120x68.jpg 120w, https:\/\/lunatools.test.consids5.se\/wp-content\/uploads\/2019\/10\/ZeroDrop_video_NO-600x338.jpg 600w\" sizes=\"(max-width: 1280px) 100vw, 1280px\" \/>\n                <\/div>\n                <div class=\"promo__content block__col\">\n                    <div class=\"promo__content__inner\">\n                        <h3 class=\"promo__subtitle\">H\u00e5ndverkt\u00f8y og verkt\u00f8ysikring<\/h3><h2 class=\"promo__title\">#ZeroDrop<\/h2>\n                        <p class=\"promo__text\">Luna Tools lanserer ZeroDrop\u2122 h\u00e5ndverkt\u00f8y og verkt\u00f8ysikring. De eneste h\u00e5ndverkt\u00f8yene du trenger, perfekt tilpasset for arbeid b\u00e5de p\u00e5 bakken og i h\u00f8yden. Sjekk ut v\u00e5r enkle l\u00f8sning her.<\/p>\n                        <a href=\"https:\/\/youtu.be\/qcFExhoT5UQ\" class=\"promo__action btn\">Se filmen<i><\/i><\/a>\n                    <\/div>\n                <\/div>\n            <\/div>\n        <\/div>[\/vc_column][\/vc_row]<\/p>\n<\/div>","protected":false},"excerpt":{"rendered":"[vc_row][vc_column][\/vc_column][\/vc_row]","protected":false},"author":2,"featured_media":0,"parent":0,"menu_order":0,"comment_status":"closed","ping_status":"closed","template":"","meta":{"_acf_changed":false,"footnotes":""},"class_list":["post-4329","page","type-page","status-publish","hentry"],"acf":[],"yoast_head":"<!-- This site is optimized with the Yoast SEO plugin v23.2 - https:\/\/yoast.com\/wordpress\/plugins\/seo\/ -->\n<title>Profesjonelle verkt\u00f8y - Luna Tools<\/title>\n<meta name=\"robots\" content=\"index, follow, max-snippet:-1, max-image-preview:large, max-video-preview:-1\" \/>\n<link rel=\"canonical\" href=\"https:\/\/lunatools.test.consids5.se\/no\/\" \/>\n<meta property=\"og:locale\" content=\"nb_NO\" \/>\n<meta property=\"og:type\" content=\"article\" \/>\n<meta property=\"og:title\" content=\"Profesjonelle verkt\u00f8y - Luna Tools\" \/>\n<meta property=\"og:description\" content=\"[vc_row][vc_column][\/vc_column][\/vc_row]\" \/>\n<meta property=\"og:url\" content=\"https:\/\/lunatools.test.consids5.se\/no\/\" \/>\n<meta property=\"og:site_name\" content=\"Luna tools\" \/>\n<meta property=\"article:modified_time\" content=\"2021-10-06T11:53:20+00:00\" \/>\n<meta name=\"twitter:label1\" content=\"Est. reading time\" \/>\n\t<meta name=\"twitter:data1\" content=\"1 minute\" \/>\n<script type=\"application\/ld+json\" class=\"yoast-schema-graph\">{\"@context\":\"https:\/\/schema.org\",\"@graph\":[{\"@type\":\"WebPage\",\"@id\":\"https:\/\/lunatools.test.consids5.se\/no\/\",\"url\":\"https:\/\/lunatools.test.consids5.se\/no\/\",\"name\":\"Profesjonelle verkt\u00f8y - Luna Tools\",\"isPartOf\":{\"@id\":\"https:\/\/lunatools.test.consids5.se\/en\/#website\"},\"datePublished\":\"2019-04-18T14:16:47+00:00\",\"dateModified\":\"2021-10-06T11:53:20+00:00\",\"breadcrumb\":{\"@id\":\"https:\/\/lunatools.test.consids5.se\/no\/#breadcrumb\"},\"inLanguage\":\"nb-NO\",\"potentialAction\":[{\"@type\":\"ReadAction\",\"target\":[\"https:\/\/lunatools.test.consids5.se\/no\/\"]}]},{\"@type\":\"BreadcrumbList\",\"@id\":\"https:\/\/lunatools.test.consids5.se\/no\/#breadcrumb\",\"itemListElement\":[{\"@type\":\"ListItem\",\"position\":1,\"name\":\"Home\",\"item\":\"https:\/\/lunatools.test.consids5.se\/no\/\"},{\"@type\":\"ListItem\",\"position\":2,\"name\":\"Profesjonelle verkt\u00f8y\"}]},{\"@type\":\"WebSite\",\"@id\":\"https:\/\/lunatools.test.consids5.se\/en\/#website\",\"url\":\"https:\/\/lunatools.test.consids5.se\/en\/\",\"name\":\"Luna tools\",\"description\":\"\",\"publisher\":{\"@id\":\"https:\/\/lunatools.test.consids5.se\/en\/#organization\"},\"potentialAction\":[{\"@type\":\"SearchAction\",\"target\":{\"@type\":\"EntryPoint\",\"urlTemplate\":\"https:\/\/lunatools.test.consids5.se\/en\/?s={search_term_string}\"},\"query-input\":\"required name=search_term_string\"}],\"inLanguage\":\"nb-NO\"},{\"@type\":\"Organization\",\"@id\":\"https:\/\/lunatools.test.consids5.se\/en\/#organization\",\"name\":\"Luna Tools\",\"url\":\"https:\/\/lunatools.test.consids5.se\/en\/\",\"logo\":{\"@type\":\"ImageObject\",\"inLanguage\":\"nb-NO\",\"@id\":\"https:\/\/lunatools.test.consids5.se\/en\/#\/schema\/logo\/image\/\",\"url\":\"https:\/\/lunatools.com\/wp-content\/uploads\/2019\/10\/LunaTools-gray-logo.png\",\"contentUrl\":\"https:\/\/lunatools.com\/wp-content\/uploads\/2019\/10\/LunaTools-gray-logo.png\",\"width\":795,\"height\":309,\"caption\":\"Luna Tools\"},\"image\":{\"@id\":\"https:\/\/lunatools.test.consids5.se\/en\/#\/schema\/logo\/image\/\"}}]}<\/script>\n<!-- \/ Yoast SEO plugin. -->","yoast_head_json":{"title":"Profesjonelle verkt\u00f8y - Luna Tools","robots":{"index":"index","follow":"follow","max-snippet":"max-snippet:-1","max-image-preview":"max-image-preview:large","max-video-preview":"max-video-preview:-1"},"canonical":"https:\/\/lunatools.test.consids5.se\/no\/","og_locale":"nb_NO","og_type":"article","og_title":"Profesjonelle verkt\u00f8y - Luna Tools","og_description":"[vc_row][vc_column][\/vc_column][\/vc_row]","og_url":"https:\/\/lunatools.test.consids5.se\/no\/","og_site_name":"Luna tools","article_modified_time":"2021-10-06T11:53:20+00:00","twitter_misc":{"Est. reading time":"1 minute"},"schema":{"@context":"https:\/\/schema.org","@graph":[{"@type":"WebPage","@id":"https:\/\/lunatools.test.consids5.se\/no\/","url":"https:\/\/lunatools.test.consids5.se\/no\/","name":"Profesjonelle verkt\u00f8y - Luna Tools","isPartOf":{"@id":"https:\/\/lunatools.test.consids5.se\/en\/#website"},"datePublished":"2019-04-18T14:16:47+00:00","dateModified":"2021-10-06T11:53:20+00:00","breadcrumb":{"@id":"https:\/\/lunatools.test.consids5.se\/no\/#breadcrumb"},"inLanguage":"nb-NO","potentialAction":[{"@type":"ReadAction","target":["https:\/\/lunatools.test.consids5.se\/no\/"]}]},{"@type":"BreadcrumbList","@id":"https:\/\/lunatools.test.consids5.se\/no\/#breadcrumb","itemListElement":[{"@type":"ListItem","position":1,"name":"Home","item":"https:\/\/lunatools.test.consids5.se\/no\/"},{"@type":"ListItem","position":2,"name":"Profesjonelle verkt\u00f8y"}]},{"@type":"WebSite","@id":"https:\/\/lunatools.test.consids5.se\/en\/#website","url":"https:\/\/lunatools.test.consids5.se\/en\/","name":"Luna tools","description":"","publisher":{"@id":"https:\/\/lunatools.test.consids5.se\/en\/#organization"},"potentialAction":[{"@type":"SearchAction","target":{"@type":"EntryPoint","urlTemplate":"https:\/\/lunatools.test.consids5.se\/en\/?s={search_term_string}"},"query-input":"required name=search_term_string"}],"inLanguage":"nb-NO"},{"@type":"Organization","@id":"https:\/\/lunatools.test.consids5.se\/en\/#organization","name":"Luna Tools","url":"https:\/\/lunatools.test.consids5.se\/en\/","logo":{"@type":"ImageObject","inLanguage":"nb-NO","@id":"https:\/\/lunatools.test.consids5.se\/en\/#\/schema\/logo\/image\/","url":"https:\/\/lunatools.com\/wp-content\/uploads\/2019\/10\/LunaTools-gray-logo.png","contentUrl":"https:\/\/lunatools.com\/wp-content\/uploads\/2019\/10\/LunaTools-gray-logo.png","width":795,"height":309,"caption":"Luna Tools"},"image":{"@id":"https:\/\/lunatools.test.consids5.se\/en\/#\/schema\/logo\/image\/"}}]}},"_links":{"self":[{"href":"https:\/\/lunatools.test.consids5.se\/no\/wp-json\/wp\/v2\/pages\/4329"}],"collection":[{"href":"https:\/\/lunatools.test.consids5.se\/no\/wp-json\/wp\/v2\/pages"}],"about":[{"href":"https:\/\/lunatools.test.consids5.se\/no\/wp-json\/wp\/v2\/types\/page"}],"author":[{"embeddable":true,"href":"https:\/\/lunatools.test.consids5.se\/no\/wp-json\/wp\/v2\/users\/2"}],"replies":[{"embeddable":true,"href":"https:\/\/lunatools.test.consids5.se\/no\/wp-json\/wp\/v2\/comments?post=4329"}],"version-history":[{"count":35,"href":"https:\/\/lunatools.test.consids5.se\/no\/wp-json\/wp\/v2\/pages\/4329\/revisions"}],"predecessor-version":[{"id":60734,"href":"https:\/\/lunatools.test.consids5.se\/no\/wp-json\/wp\/v2\/pages\/4329\/revisions\/60734"}],"wp:attachment":[{"href":"https:\/\/lunatools.test.consids5.se\/no\/wp-json\/wp\/v2\/media?parent=4329"}],"curies":[{"name":"wp","href":"https:\/\/api.w.org\/{rel}","templated":true}]}}