{"id":4343,"date":"2019-04-23T06:12:54","date_gmt":"2019-04-23T06:12:54","guid":{"rendered":"https:\/\/lunatools.com?page_id=4343"},"modified":"2019-11-12T07:10:13","modified_gmt":"2019-11-12T07:10:13","slug":"kunnskapssenter","status":"publish","type":"page","link":"https:\/\/lunatools.test.consids5.se\/no\/kunnskapssenter\/","title":{"rendered":"KUNNSKAPSSENTER"},"content":{"rendered":"<div class=\"wpb-content-wrapper\"><p>[vc_row][vc_column]\n        <div class=\"block block--promo with-image valign--top bg--white  align-left\">\n            <div class=\"promo\">\n                <div class=\"promo__image\">\n                    <img loading=\"lazy\" decoding=\"async\" width=\"1200\" height=\"800\" src=\"https:\/\/lunatools.test.consids5.se\/wp-content\/uploads\/2019\/09\/Tutorials_luna.jpg\" class=\"attachment-full size-full\" alt=\"\" srcset=\"https:\/\/lunatools.test.consids5.se\/wp-content\/uploads\/2019\/09\/Tutorials_luna.jpg 1200w, https:\/\/lunatools.test.consids5.se\/wp-content\/uploads\/2019\/09\/Tutorials_luna-250x167.jpg 250w, https:\/\/lunatools.test.consids5.se\/wp-content\/uploads\/2019\/09\/Tutorials_luna-768x512.jpg 768w, https:\/\/lunatools.test.consids5.se\/wp-content\/uploads\/2019\/09\/Tutorials_luna-700x467.jpg 700w, https:\/\/lunatools.test.consids5.se\/wp-content\/uploads\/2019\/09\/Tutorials_luna-120x80.jpg 120w, https:\/\/lunatools.test.consids5.se\/wp-content\/uploads\/2019\/09\/Tutorials_luna-600x400.jpg 600w\" sizes=\"(max-width: 1200px) 100vw, 1200px\" \/>\n                <\/div>\n                <div class=\"promo__content block__col\">\n                    <div class=\"promo__content__inner\">\n                        \n                        <p class=\"promo__text\">Se serien v\u00e5r om h\u00e5ndtering av elverkt\u00f8ytilbeh\u00f8r og verkt\u00f8ysikring.<\/p>\n                        <a href=\"http:\/\/lunatools.com\/no\/bruk-rett-verktoy\/\" class=\"promo__action btn\">Les mer<i><\/i><\/a>\n                    <\/div>\n                <\/div>\n            <\/div>\n        <\/div>[vc_column_text]Finn rett guide under, ved \u00e5 navigere deg gjennom de ulike kategoriene. Ikke glem at vi ogs\u00e5 har en interaktiv guide som hjelper deg til rett produkt. Du kommer til den <a href=\"http:\/\/lunatoolfinder.com\">her<\/a>.[\/vc_column_text][\/vc_column][\/vc_row][vc_row][vc_column]\n        <div class=\"block block--chapter\">\n            <div class=\"chapters\">\n                \n                    <div class=\"chapter\"><div class=\"chapter__image\"><a href=\"https:\/\/lunatools.test.consids5.se\/no\/kunnskapssenter\/velg-riktig-hullsag\/\"><img decoding=\"async\" src=\"https:\/\/lunatools.test.consids5.se\/wp-content\/uploads\/2019\/01\/Halsagar_luna-700x425.jpg\" alt=\"Velg riktig hullsag\" \/><\/a><\/div><h4 class=\"chapter__title small\">\n                            <a href=\"https:\/\/lunatools.test.consids5.se\/no\/kunnskapssenter\/velg-riktig-hullsag\/\">Velg riktig hullsag<\/a>\n                        <\/h4><a href=\"https:\/\/lunatools.test.consids5.se\/no\/kunnskapssenter\/velg-riktig-hullsag\/\">Les mer<\/a><\/div>\n                    <div class=\"chapter\"><div class=\"chapter__image\"><a href=\"https:\/\/lunatools.test.consids5.se\/no\/kunnskapssenter\/hvordan-bruker-man-verktoyholder-luna-go\/\"><img decoding=\"async\" src=\"https:\/\/lunatools.test.consids5.se\/wp-content\/uploads\/2019\/01\/Bits_luna-700x425.jpg\" alt=\"Hvordan bruker man verkt\u00f8yholder Luna GO?\" \/><\/a><\/div><h4 class=\"chapter__title small\">\n                            <a href=\"https:\/\/lunatools.test.consids5.se\/no\/kunnskapssenter\/hvordan-bruker-man-verktoyholder-luna-go\/\">Hvordan bruker man verkt\u00f8yholder Luna GO?<\/a>\n                        <\/h4><a href=\"https:\/\/lunatools.test.consids5.se\/no\/kunnskapssenter\/hvordan-bruker-man-verktoyholder-luna-go\/\">Les mer<\/a><\/div>\n                    <div class=\"chapter\"><div class=\"chapter__image\"><a href=\"https:\/\/lunatools.test.consids5.se\/no\/kunnskapssenter\/velg-riktig-sirkelsagblad\/\"><img decoding=\"async\" src=\"https:\/\/lunatools.test.consids5.se\/wp-content\/uploads\/2019\/01\/Klingor_kategoribild-700x425.jpg\" alt=\"Velg riktig sirkelsagblad\" \/><\/a><\/div><h4 class=\"chapter__title small\">\n                            <a href=\"https:\/\/lunatools.test.consids5.se\/no\/kunnskapssenter\/velg-riktig-sirkelsagblad\/\">Velg riktig sirkelsagblad<\/a>\n                        <\/h4><a href=\"https:\/\/lunatools.test.consids5.se\/no\/kunnskapssenter\/velg-riktig-sirkelsagblad\/\">Les mer<\/a><\/div>\n                    <div class=\"chapter\"><div class=\"chapter__image\"><a href=\"https:\/\/lunatools.test.consids5.se\/no\/kunnskapssenter\/velg-riktig-metallbor\/\"><img decoding=\"async\" src=\"https:\/\/lunatools.test.consids5.se\/wp-content\/uploads\/2019\/01\/Borr_kategoribild-700x425.jpg\" alt=\"Velg riktig metallbor\" \/><\/a><\/div><h4 class=\"chapter__title small\">\n                            <a href=\"https:\/\/lunatools.test.consids5.se\/no\/kunnskapssenter\/velg-riktig-metallbor\/\">Velg riktig metallbor<\/a>\n                        <\/h4><a href=\"https:\/\/lunatools.test.consids5.se\/no\/kunnskapssenter\/velg-riktig-metallbor\/\">Les mer<\/a><\/div>\n                    <div class=\"chapter\"><div class=\"chapter__image\"><a href=\"https:\/\/lunatools.test.consids5.se\/no\/kunnskapssenter\/velg-riktig-multitool\/\"><img decoding=\"async\" src=\"https:\/\/lunatools.test.consids5.se\/wp-content\/uploads\/2019\/01\/Multiverktyg-700x425.jpg\" alt=\"Velg riktig multiverkt\u00f8y\" \/><\/a><\/div><h4 class=\"chapter__title small\">\n                            <a href=\"https:\/\/lunatools.test.consids5.se\/no\/kunnskapssenter\/velg-riktig-multitool\/\">Velg riktig multiverkt\u00f8y<\/a>\n                        <\/h4><a href=\"https:\/\/lunatools.test.consids5.se\/no\/kunnskapssenter\/velg-riktig-multitool\/\">Les mer<\/a><\/div>\n                    <div class=\"chapter\"><div class=\"chapter__image\"><a href=\"https:\/\/lunatools.test.consids5.se\/no\/kunnskapssenter\/velg-riktig-steinbor\/\"><img decoding=\"async\" src=\"https:\/\/lunatools.test.consids5.se\/wp-content\/uploads\/2019\/01\/Borr_kategoribild-700x425.jpg\" alt=\"Velg riktig steinbor\" \/><\/a><\/div><h4 class=\"chapter__title small\">\n                            <a href=\"https:\/\/lunatools.test.consids5.se\/no\/kunnskapssenter\/velg-riktig-steinbor\/\">Velg riktig steinbor<\/a>\n                        <\/h4><a href=\"https:\/\/lunatools.test.consids5.se\/no\/kunnskapssenter\/velg-riktig-steinbor\/\">Les mer<\/a><\/div>\n                    <div class=\"chapter\"><div class=\"chapter__image\"><a href=\"https:\/\/lunatools.test.consids5.se\/no\/kunnskapssenter\/velg-riktig-stikksagblader\/\"><img decoding=\"async\" src=\"https:\/\/lunatools.test.consids5.se\/wp-content\/uploads\/2019\/01\/Tigersagsblad-700x425.jpg\" alt=\"Velg riktig stikksagblader\" \/><\/a><\/div><h4 class=\"chapter__title small\">\n                            <a href=\"https:\/\/lunatools.test.consids5.se\/no\/kunnskapssenter\/velg-riktig-stikksagblader\/\">Velg riktig stikksagblader<\/a>\n                        <\/h4><a href=\"https:\/\/lunatools.test.consids5.se\/no\/kunnskapssenter\/velg-riktig-stikksagblader\/\">Les mer<\/a><\/div>\n                    <div class=\"chapter\"><div class=\"chapter__image\"><a href=\"https:\/\/lunatools.test.consids5.se\/no\/kunnskapssenter\/velg-riktig-trebor\/\"><img decoding=\"async\" src=\"https:\/\/lunatools.test.consids5.se\/wp-content\/uploads\/2019\/01\/Borr_kategoribild-700x425.jpg\" alt=\"Velg riktig trebor\" \/><\/a><\/div><h4 class=\"chapter__title small\">\n                            <a href=\"https:\/\/lunatools.test.consids5.se\/no\/kunnskapssenter\/velg-riktig-trebor\/\">Velg riktig trebor<\/a>\n                        <\/h4><a href=\"https:\/\/lunatools.test.consids5.se\/no\/kunnskapssenter\/velg-riktig-trebor\/\">Les mer<\/a><\/div>\n                    <div class=\"chapter\"><div class=\"chapter__image\"><a href=\"https:\/\/lunatools.test.consids5.se\/no\/kunnskapssenter\/velg-riktig-tigersagblader\/\"><img decoding=\"async\" src=\"https:\/\/lunatools.test.consids5.se\/wp-content\/uploads\/2019\/01\/Tigersagsblad-700x425.jpg\" alt=\"Velg riktig tigersagblader\" \/><\/a><\/div><h4 class=\"chapter__title small\">\n                            <a href=\"https:\/\/lunatools.test.consids5.se\/no\/kunnskapssenter\/velg-riktig-tigersagblader\/\">Velg riktig tigersagblader<\/a>\n                        <\/h4><a href=\"https:\/\/lunatools.test.consids5.se\/no\/kunnskapssenter\/velg-riktig-tigersagblader\/\">Les mer<\/a><\/div>\n                    <div class=\"chapter\"><div class=\"chapter__image\"><a href=\"https:\/\/lunatools.test.consids5.se\/no\/kunnskapssenter\/velg-riktig-bits\/\"><img decoding=\"async\" src=\"https:\/\/lunatools.test.consids5.se\/wp-content\/uploads\/2019\/01\/Bits_kategoribild-700x425.jpg\" alt=\"Velg riktig bits\" \/><\/a><\/div><h4 class=\"chapter__title small\">\n                            <a href=\"https:\/\/lunatools.test.consids5.se\/no\/kunnskapssenter\/velg-riktig-bits\/\">Velg riktig bits<\/a>\n                        <\/h4><a href=\"https:\/\/lunatools.test.consids5.se\/no\/kunnskapssenter\/velg-riktig-bits\/\">Les mer<\/a><\/div>\n                    <div class=\"chapter\"><div class=\"chapter__image\"><a href=\"https:\/\/lunatools.test.consids5.se\/no\/kunnskapssenter\/verktoysikring-med-tre-enkle-steg\/\"><img decoding=\"async\" src=\"https:\/\/lunatools.test.consids5.se\/wp-content\/uploads\/2019\/08\/Verktygssakring_Luna-700x394.jpg\" alt=\"Verkt\u00f8ysikring med tre enkle steg\" \/><\/a><\/div><h4 class=\"chapter__title small\">\n                            <a href=\"https:\/\/lunatools.test.consids5.se\/no\/kunnskapssenter\/verktoysikring-med-tre-enkle-steg\/\">Verkt\u00f8ysikring med tre enkle steg<\/a>\n                        <\/h4><p class=\"chapter__description\">Med Lunas nye ZeroDrop\u2122 h\u00e5ndverkt\u00f8y og verkt\u00f8ysikring er det enklere enn noen gang \u00e5 sikre verkt\u00f8yet n\u00e5r du jobber i h\u00f8yden.<\/p><a href=\"https:\/\/lunatools.test.consids5.se\/no\/kunnskapssenter\/verktoysikring-med-tre-enkle-steg\/\">Les mer<\/a><\/div>\n            <\/div>\n        <\/div>[\/vc_column][\/vc_row][vc_row][vc_column][\/vc_column][\/vc_row]<\/p>\n<\/div>","protected":false},"excerpt":{"rendered":"[vc_row][vc_column][vc_column_text]Finn rett guide under, ved \u00e5 navigere deg gjennom de ulike kategoriene. Ikke glem at vi ogs\u00e5 har en interaktiv guide som hjelper deg til rett produkt. Du kommer til den her.[\/vc_column_text][\/vc_column][\/vc_row][vc_row][vc_column][\/vc_column][\/vc_row][vc_row][vc_column][\/vc_column][\/vc_row]","protected":false},"author":2,"featured_media":0,"parent":0,"menu_order":0,"comment_status":"closed","ping_status":"closed","template":"","meta":{"_acf_changed":false,"footnotes":""},"class_list":["post-4343","page","type-page","status-publish","hentry"],"acf":[],"yoast_head":"<!-- This site is optimized with the Yoast SEO plugin v23.2 - https:\/\/yoast.com\/wordpress\/plugins\/seo\/ -->\n<title>KUNNSKAPSSENTER - Luna Tools Profesjonelle elverkt\u00f8ytilbeh\u00f8r<\/title>\n<meta name=\"robots\" content=\"index, follow, max-snippet:-1, max-image-preview:large, max-video-preview:-1\" \/>\n<link rel=\"canonical\" href=\"https:\/\/lunatools.test.consids5.se\/no\/kunnskapssenter\/\" \/>\n<meta property=\"og:locale\" content=\"nb_NO\" \/>\n<meta property=\"og:type\" content=\"article\" \/>\n<meta property=\"og:title\" content=\"KUNNSKAPSSENTER - Luna Tools Profesjonelle elverkt\u00f8ytilbeh\u00f8r\" \/>\n<meta property=\"og:description\" content=\"[vc_row][vc_column][vc_column_text]Finn rett guide under, ved \u00e5 navigere deg gjennom de ulike kategoriene. Ikke glem at vi ogs\u00e5 har en interaktiv guide som hjelper deg til rett produkt. Du kommer til den her.[\/vc_column_text][\/vc_column][\/vc_row][vc_row][vc_column][\/vc_column][\/vc_row][vc_row][vc_column][\/vc_column][\/vc_row]\" \/>\n<meta property=\"og:url\" content=\"https:\/\/lunatools.test.consids5.se\/no\/kunnskapssenter\/\" \/>\n<meta property=\"og:site_name\" content=\"Luna tools\" \/>\n<meta property=\"article:modified_time\" content=\"2019-11-12T07:10:13+00:00\" \/>\n<script type=\"application\/ld+json\" class=\"yoast-schema-graph\">{\"@context\":\"https:\/\/schema.org\",\"@graph\":[{\"@type\":\"WebPage\",\"@id\":\"https:\/\/lunatools.test.consids5.se\/no\/kunnskapssenter\/\",\"url\":\"https:\/\/lunatools.test.consids5.se\/no\/kunnskapssenter\/\",\"name\":\"KUNNSKAPSSENTER - Luna Tools Profesjonelle elverkt\u00f8ytilbeh\u00f8r\",\"isPartOf\":{\"@id\":\"https:\/\/lunatools.test.consids5.se\/en\/#website\"},\"datePublished\":\"2019-04-23T06:12:54+00:00\",\"dateModified\":\"2019-11-12T07:10:13+00:00\",\"breadcrumb\":{\"@id\":\"https:\/\/lunatools.test.consids5.se\/no\/kunnskapssenter\/#breadcrumb\"},\"inLanguage\":\"nb-NO\",\"potentialAction\":[{\"@type\":\"ReadAction\",\"target\":[\"https:\/\/lunatools.test.consids5.se\/no\/kunnskapssenter\/\"]}]},{\"@type\":\"BreadcrumbList\",\"@id\":\"https:\/\/lunatools.test.consids5.se\/no\/kunnskapssenter\/#breadcrumb\",\"itemListElement\":[{\"@type\":\"ListItem\",\"position\":1,\"name\":\"Home\",\"item\":\"https:\/\/lunatools.test.consids5.se\/no\/\"},{\"@type\":\"ListItem\",\"position\":2,\"name\":\"KUNNSKAPSSENTER\"}]},{\"@type\":\"WebSite\",\"@id\":\"https:\/\/lunatools.test.consids5.se\/en\/#website\",\"url\":\"https:\/\/lunatools.test.consids5.se\/en\/\",\"name\":\"Luna tools\",\"description\":\"\",\"publisher\":{\"@id\":\"https:\/\/lunatools.test.consids5.se\/en\/#organization\"},\"potentialAction\":[{\"@type\":\"SearchAction\",\"target\":{\"@type\":\"EntryPoint\",\"urlTemplate\":\"https:\/\/lunatools.test.consids5.se\/en\/?s={search_term_string}\"},\"query-input\":\"required name=search_term_string\"}],\"inLanguage\":\"nb-NO\"},{\"@type\":\"Organization\",\"@id\":\"https:\/\/lunatools.test.consids5.se\/en\/#organization\",\"name\":\"Luna Tools\",\"url\":\"https:\/\/lunatools.test.consids5.se\/en\/\",\"logo\":{\"@type\":\"ImageObject\",\"inLanguage\":\"nb-NO\",\"@id\":\"https:\/\/lunatools.test.consids5.se\/en\/#\/schema\/logo\/image\/\",\"url\":\"https:\/\/lunatools.com\/wp-content\/uploads\/2019\/10\/LunaTools-gray-logo.png\",\"contentUrl\":\"https:\/\/lunatools.com\/wp-content\/uploads\/2019\/10\/LunaTools-gray-logo.png\",\"width\":795,\"height\":309,\"caption\":\"Luna Tools\"},\"image\":{\"@id\":\"https:\/\/lunatools.test.consids5.se\/en\/#\/schema\/logo\/image\/\"}}]}<\/script>\n<!-- \/ Yoast SEO plugin. -->","yoast_head_json":{"title":"KUNNSKAPSSENTER - Luna Tools Profesjonelle elverkt\u00f8ytilbeh\u00f8r","robots":{"index":"index","follow":"follow","max-snippet":"max-snippet:-1","max-image-preview":"max-image-preview:large","max-video-preview":"max-video-preview:-1"},"canonical":"https:\/\/lunatools.test.consids5.se\/no\/kunnskapssenter\/","og_locale":"nb_NO","og_type":"article","og_title":"KUNNSKAPSSENTER - Luna Tools Profesjonelle elverkt\u00f8ytilbeh\u00f8r","og_description":"[vc_row][vc_column][vc_column_text]Finn rett guide under, ved \u00e5 navigere deg gjennom de ulike kategoriene. Ikke glem at vi ogs\u00e5 har en interaktiv guide som hjelper deg til rett produkt. Du kommer til den her.[\/vc_column_text][\/vc_column][\/vc_row][vc_row][vc_column][\/vc_column][\/vc_row][vc_row][vc_column][\/vc_column][\/vc_row]","og_url":"https:\/\/lunatools.test.consids5.se\/no\/kunnskapssenter\/","og_site_name":"Luna tools","article_modified_time":"2019-11-12T07:10:13+00:00","schema":{"@context":"https:\/\/schema.org","@graph":[{"@type":"WebPage","@id":"https:\/\/lunatools.test.consids5.se\/no\/kunnskapssenter\/","url":"https:\/\/lunatools.test.consids5.se\/no\/kunnskapssenter\/","name":"KUNNSKAPSSENTER - Luna Tools Profesjonelle elverkt\u00f8ytilbeh\u00f8r","isPartOf":{"@id":"https:\/\/lunatools.test.consids5.se\/en\/#website"},"datePublished":"2019-04-23T06:12:54+00:00","dateModified":"2019-11-12T07:10:13+00:00","breadcrumb":{"@id":"https:\/\/lunatools.test.consids5.se\/no\/kunnskapssenter\/#breadcrumb"},"inLanguage":"nb-NO","potentialAction":[{"@type":"ReadAction","target":["https:\/\/lunatools.test.consids5.se\/no\/kunnskapssenter\/"]}]},{"@type":"BreadcrumbList","@id":"https:\/\/lunatools.test.consids5.se\/no\/kunnskapssenter\/#breadcrumb","itemListElement":[{"@type":"ListItem","position":1,"name":"Home","item":"https:\/\/lunatools.test.consids5.se\/no\/"},{"@type":"ListItem","position":2,"name":"KUNNSKAPSSENTER"}]},{"@type":"WebSite","@id":"https:\/\/lunatools.test.consids5.se\/en\/#website","url":"https:\/\/lunatools.test.consids5.se\/en\/","name":"Luna tools","description":"","publisher":{"@id":"https:\/\/lunatools.test.consids5.se\/en\/#organization"},"potentialAction":[{"@type":"SearchAction","target":{"@type":"EntryPoint","urlTemplate":"https:\/\/lunatools.test.consids5.se\/en\/?s={search_term_string}"},"query-input":"required name=search_term_string"}],"inLanguage":"nb-NO"},{"@type":"Organization","@id":"https:\/\/lunatools.test.consids5.se\/en\/#organization","name":"Luna Tools","url":"https:\/\/lunatools.test.consids5.se\/en\/","logo":{"@type":"ImageObject","inLanguage":"nb-NO","@id":"https:\/\/lunatools.test.consids5.se\/en\/#\/schema\/logo\/image\/","url":"https:\/\/lunatools.com\/wp-content\/uploads\/2019\/10\/LunaTools-gray-logo.png","contentUrl":"https:\/\/lunatools.com\/wp-content\/uploads\/2019\/10\/LunaTools-gray-logo.png","width":795,"height":309,"caption":"Luna Tools"},"image":{"@id":"https:\/\/lunatools.test.consids5.se\/en\/#\/schema\/logo\/image\/"}}]}},"_links":{"self":[{"href":"https:\/\/lunatools.test.consids5.se\/no\/wp-json\/wp\/v2\/pages\/4343"}],"collection":[{"href":"https:\/\/lunatools.test.consids5.se\/no\/wp-json\/wp\/v2\/pages"}],"about":[{"href":"https:\/\/lunatools.test.consids5.se\/no\/wp-json\/wp\/v2\/types\/page"}],"author":[{"embeddable":true,"href":"https:\/\/lunatools.test.consids5.se\/no\/wp-json\/wp\/v2\/users\/2"}],"replies":[{"embeddable":true,"href":"https:\/\/lunatools.test.consids5.se\/no\/wp-json\/wp\/v2\/comments?post=4343"}],"version-history":[{"count":7,"href":"https:\/\/lunatools.test.consids5.se\/no\/wp-json\/wp\/v2\/pages\/4343\/revisions"}],"predecessor-version":[{"id":12273,"href":"https:\/\/lunatools.test.consids5.se\/no\/wp-json\/wp\/v2\/pages\/4343\/revisions\/12273"}],"wp:attachment":[{"href":"https:\/\/lunatools.test.consids5.se\/no\/wp-json\/wp\/v2\/media?parent=4343"}],"curies":[{"name":"wp","href":"https:\/\/api.w.org\/{rel}","templated":true}]}}