{"id":4354,"date":"2019-04-23T06:13:01","date_gmt":"2019-04-23T06:13:01","guid":{"rendered":"https:\/\/lunatools.com?page_id=4354"},"modified":"2021-02-24T09:49:32","modified_gmt":"2021-02-24T09:49:32","slug":"om-oss","status":"publish","type":"page","link":"https:\/\/lunatools.test.consids5.se\/no\/om-oss\/","title":{"rendered":"Om oss"},"content":{"rendered":"<div class=\"wpb-content-wrapper\"><p>[vc_row][vc_column]\n        <div class=\"block block--promo with-image valign--center text--white bg--image align-left\">\n            <div class=\"promo\">\n                <div class=\"promo__image\">\n                    <img loading=\"lazy\" decoding=\"async\" width=\"1920\" height=\"623\" src=\"https:\/\/lunatools.test.consids5.se\/wp-content\/uploads\/2019\/02\/luna25542-1.jpg\" class=\"attachment-square size-square\" alt=\"Luna elverkt\u00f8ytilbeh\u00f8r\" srcset=\"https:\/\/lunatools.test.consids5.se\/wp-content\/uploads\/2019\/02\/luna25542-1.jpg 1920w, https:\/\/lunatools.test.consids5.se\/wp-content\/uploads\/2019\/02\/luna25542-1-250x81.jpg 250w, https:\/\/lunatools.test.consids5.se\/wp-content\/uploads\/2019\/02\/luna25542-1-768x249.jpg 768w, https:\/\/lunatools.test.consids5.se\/wp-content\/uploads\/2019\/02\/luna25542-1-700x227.jpg 700w, https:\/\/lunatools.test.consids5.se\/wp-content\/uploads\/2019\/02\/luna25542-1-120x39.jpg 120w, https:\/\/lunatools.test.consids5.se\/wp-content\/uploads\/2019\/02\/luna25542-1-600x195.jpg 600w\" sizes=\"(max-width: 1920px) 100vw, 1920px\" \/>\n                <\/div>\n                <div class=\"promo__content block__col\">\n                    <div class=\"promo__content__inner\">\n                        <h2 class=\"promo__title\">LUNA TOOLS<\/h2>\n                        <p class=\"promo__text\">er en svensk produsent uten egne fabrikker som utvikler elektroverkt\u00f8ytilbeh\u00f8r, h\u00e5ndverkt\u00f8y og verkt\u00f8ysikring i premium kvalitet for profesjonelle h\u00e5ndverkere. \u202fVi arbeider med kundedrevne produkt- og tjenesteinnovasjoner og utvikler l\u00f8sninger som er tilpasset for nordiske forhold, brukerens arbeidsmilj\u00f8 og virkelige behov. Alt salg skjer gjennom forhandlere innen bygg- og industrifaghandelen.<\/p>\n<p>Luna Tools har jobbet med verkt\u00f8y i over 100 \u00e5r. Med fokus p\u00e5 sikkerhet, kvalitet og brukervennlighet er Luna Tools i dag en av de ledende i bransjen.<\/p>\n<p><img loading=\"lazy\" decoding=\"async\" class=\"alignnone wp-image-4273\" src=\"https:\/\/lunatools.com\/wp-content\/uploads\/2019\/02\/luna_logo_just_imagine_neg-250x96.png\" alt=\"Luna logotyp\" width=\"151\" height=\"58\" srcset=\"https:\/\/lunatools.test.consids5.se\/wp-content\/uploads\/2019\/02\/luna_logo_just_imagine_neg-250x96.png 250w, https:\/\/lunatools.test.consids5.se\/wp-content\/uploads\/2019\/02\/luna_logo_just_imagine_neg-768x294.png 768w, https:\/\/lunatools.test.consids5.se\/wp-content\/uploads\/2019\/02\/luna_logo_just_imagine_neg-700x268.png 700w, https:\/\/lunatools.test.consids5.se\/wp-content\/uploads\/2019\/02\/luna_logo_just_imagine_neg-120x46.png 120w, https:\/\/lunatools.test.consids5.se\/wp-content\/uploads\/2019\/02\/luna_logo_just_imagine_neg-600x230.png 600w\" sizes=\"(max-width: 151px) 100vw, 151px\" \/><\/p>\n                        \n                    <\/div>\n                <\/div>\n            <\/div>\n        <\/div>[\/vc_column][\/vc_row]<\/p>\n<\/div>","protected":false},"excerpt":{"rendered":"[vc_row][vc_column][\/vc_column][\/vc_row]","protected":false},"author":2,"featured_media":0,"parent":0,"menu_order":0,"comment_status":"closed","ping_status":"closed","template":"","meta":{"_acf_changed":false,"footnotes":""},"class_list":["post-4354","page","type-page","status-publish","hentry"],"acf":[],"yoast_head":"<!-- This site is optimized with the Yoast SEO plugin v23.2 - https:\/\/yoast.com\/wordpress\/plugins\/seo\/ -->\n<title>Om oss - Luna Tools elverkt\u00f8ytilbeh\u00f8r<\/title>\n<meta name=\"robots\" content=\"index, follow, max-snippet:-1, max-image-preview:large, max-video-preview:-1\" \/>\n<link rel=\"canonical\" href=\"https:\/\/lunatools.test.consids5.se\/no\/om-oss\/\" \/>\n<meta property=\"og:locale\" content=\"nb_NO\" \/>\n<meta property=\"og:type\" content=\"article\" \/>\n<meta property=\"og:title\" content=\"Om oss - Luna Tools elverkt\u00f8ytilbeh\u00f8r\" \/>\n<meta property=\"og:description\" content=\"[vc_row][vc_column][\/vc_column][\/vc_row]\" \/>\n<meta property=\"og:url\" content=\"https:\/\/lunatools.test.consids5.se\/no\/om-oss\/\" \/>\n<meta property=\"og:site_name\" content=\"Luna tools\" \/>\n<meta property=\"article:modified_time\" content=\"2021-02-24T09:49:32+00:00\" \/>\n<meta property=\"og:image\" content=\"https:\/\/lunatools.com\/wp-content\/uploads\/2019\/02\/luna_logo_just_imagine_neg-250x96.png\" \/>\n<meta name=\"twitter:label1\" content=\"Est. reading time\" \/>\n\t<meta name=\"twitter:data1\" content=\"1 minute\" \/>\n<script type=\"application\/ld+json\" class=\"yoast-schema-graph\">{\"@context\":\"https:\/\/schema.org\",\"@graph\":[{\"@type\":\"WebPage\",\"@id\":\"https:\/\/lunatools.test.consids5.se\/no\/om-oss\/\",\"url\":\"https:\/\/lunatools.test.consids5.se\/no\/om-oss\/\",\"name\":\"Om oss - Luna Tools elverkt\u00f8ytilbeh\u00f8r\",\"isPartOf\":{\"@id\":\"https:\/\/lunatools.test.consids5.se\/en\/#website\"},\"primaryImageOfPage\":{\"@id\":\"https:\/\/lunatools.test.consids5.se\/no\/om-oss\/#primaryimage\"},\"image\":{\"@id\":\"https:\/\/lunatools.test.consids5.se\/no\/om-oss\/#primaryimage\"},\"thumbnailUrl\":\"https:\/\/lunatools.com\/wp-content\/uploads\/2019\/02\/luna_logo_just_imagine_neg-250x96.png\",\"datePublished\":\"2019-04-23T06:13:01+00:00\",\"dateModified\":\"2021-02-24T09:49:32+00:00\",\"breadcrumb\":{\"@id\":\"https:\/\/lunatools.test.consids5.se\/no\/om-oss\/#breadcrumb\"},\"inLanguage\":\"nb-NO\",\"potentialAction\":[{\"@type\":\"ReadAction\",\"target\":[\"https:\/\/lunatools.test.consids5.se\/no\/om-oss\/\"]}]},{\"@type\":\"ImageObject\",\"inLanguage\":\"nb-NO\",\"@id\":\"https:\/\/lunatools.test.consids5.se\/no\/om-oss\/#primaryimage\",\"url\":\"https:\/\/lunatools.com\/wp-content\/uploads\/2019\/02\/luna_logo_just_imagine_neg-250x96.png\",\"contentUrl\":\"https:\/\/lunatools.com\/wp-content\/uploads\/2019\/02\/luna_logo_just_imagine_neg-250x96.png\"},{\"@type\":\"BreadcrumbList\",\"@id\":\"https:\/\/lunatools.test.consids5.se\/no\/om-oss\/#breadcrumb\",\"itemListElement\":[{\"@type\":\"ListItem\",\"position\":1,\"name\":\"Home\",\"item\":\"https:\/\/lunatools.test.consids5.se\/no\/\"},{\"@type\":\"ListItem\",\"position\":2,\"name\":\"Om oss\"}]},{\"@type\":\"WebSite\",\"@id\":\"https:\/\/lunatools.test.consids5.se\/en\/#website\",\"url\":\"https:\/\/lunatools.test.consids5.se\/en\/\",\"name\":\"Luna tools\",\"description\":\"\",\"publisher\":{\"@id\":\"https:\/\/lunatools.test.consids5.se\/en\/#organization\"},\"potentialAction\":[{\"@type\":\"SearchAction\",\"target\":{\"@type\":\"EntryPoint\",\"urlTemplate\":\"https:\/\/lunatools.test.consids5.se\/en\/?s={search_term_string}\"},\"query-input\":\"required name=search_term_string\"}],\"inLanguage\":\"nb-NO\"},{\"@type\":\"Organization\",\"@id\":\"https:\/\/lunatools.test.consids5.se\/en\/#organization\",\"name\":\"Luna Tools\",\"url\":\"https:\/\/lunatools.test.consids5.se\/en\/\",\"logo\":{\"@type\":\"ImageObject\",\"inLanguage\":\"nb-NO\",\"@id\":\"https:\/\/lunatools.test.consids5.se\/en\/#\/schema\/logo\/image\/\",\"url\":\"https:\/\/lunatools.com\/wp-content\/uploads\/2019\/10\/LunaTools-gray-logo.png\",\"contentUrl\":\"https:\/\/lunatools.com\/wp-content\/uploads\/2019\/10\/LunaTools-gray-logo.png\",\"width\":795,\"height\":309,\"caption\":\"Luna Tools\"},\"image\":{\"@id\":\"https:\/\/lunatools.test.consids5.se\/en\/#\/schema\/logo\/image\/\"}}]}<\/script>\n<!-- \/ Yoast SEO plugin. -->","yoast_head_json":{"title":"Om oss - Luna Tools elverkt\u00f8ytilbeh\u00f8r","robots":{"index":"index","follow":"follow","max-snippet":"max-snippet:-1","max-image-preview":"max-image-preview:large","max-video-preview":"max-video-preview:-1"},"canonical":"https:\/\/lunatools.test.consids5.se\/no\/om-oss\/","og_locale":"nb_NO","og_type":"article","og_title":"Om oss - Luna Tools elverkt\u00f8ytilbeh\u00f8r","og_description":"[vc_row][vc_column][\/vc_column][\/vc_row]","og_url":"https:\/\/lunatools.test.consids5.se\/no\/om-oss\/","og_site_name":"Luna tools","article_modified_time":"2021-02-24T09:49:32+00:00","og_image":[{"url":"https:\/\/lunatools.com\/wp-content\/uploads\/2019\/02\/luna_logo_just_imagine_neg-250x96.png"}],"twitter_misc":{"Est. reading time":"1 minute"},"schema":{"@context":"https:\/\/schema.org","@graph":[{"@type":"WebPage","@id":"https:\/\/lunatools.test.consids5.se\/no\/om-oss\/","url":"https:\/\/lunatools.test.consids5.se\/no\/om-oss\/","name":"Om oss - Luna Tools elverkt\u00f8ytilbeh\u00f8r","isPartOf":{"@id":"https:\/\/lunatools.test.consids5.se\/en\/#website"},"primaryImageOfPage":{"@id":"https:\/\/lunatools.test.consids5.se\/no\/om-oss\/#primaryimage"},"image":{"@id":"https:\/\/lunatools.test.consids5.se\/no\/om-oss\/#primaryimage"},"thumbnailUrl":"https:\/\/lunatools.com\/wp-content\/uploads\/2019\/02\/luna_logo_just_imagine_neg-250x96.png","datePublished":"2019-04-23T06:13:01+00:00","dateModified":"2021-02-24T09:49:32+00:00","breadcrumb":{"@id":"https:\/\/lunatools.test.consids5.se\/no\/om-oss\/#breadcrumb"},"inLanguage":"nb-NO","potentialAction":[{"@type":"ReadAction","target":["https:\/\/lunatools.test.consids5.se\/no\/om-oss\/"]}]},{"@type":"ImageObject","inLanguage":"nb-NO","@id":"https:\/\/lunatools.test.consids5.se\/no\/om-oss\/#primaryimage","url":"https:\/\/lunatools.com\/wp-content\/uploads\/2019\/02\/luna_logo_just_imagine_neg-250x96.png","contentUrl":"https:\/\/lunatools.com\/wp-content\/uploads\/2019\/02\/luna_logo_just_imagine_neg-250x96.png"},{"@type":"BreadcrumbList","@id":"https:\/\/lunatools.test.consids5.se\/no\/om-oss\/#breadcrumb","itemListElement":[{"@type":"ListItem","position":1,"name":"Home","item":"https:\/\/lunatools.test.consids5.se\/no\/"},{"@type":"ListItem","position":2,"name":"Om oss"}]},{"@type":"WebSite","@id":"https:\/\/lunatools.test.consids5.se\/en\/#website","url":"https:\/\/lunatools.test.consids5.se\/en\/","name":"Luna tools","description":"","publisher":{"@id":"https:\/\/lunatools.test.consids5.se\/en\/#organization"},"potentialAction":[{"@type":"SearchAction","target":{"@type":"EntryPoint","urlTemplate":"https:\/\/lunatools.test.consids5.se\/en\/?s={search_term_string}"},"query-input":"required name=search_term_string"}],"inLanguage":"nb-NO"},{"@type":"Organization","@id":"https:\/\/lunatools.test.consids5.se\/en\/#organization","name":"Luna Tools","url":"https:\/\/lunatools.test.consids5.se\/en\/","logo":{"@type":"ImageObject","inLanguage":"nb-NO","@id":"https:\/\/lunatools.test.consids5.se\/en\/#\/schema\/logo\/image\/","url":"https:\/\/lunatools.com\/wp-content\/uploads\/2019\/10\/LunaTools-gray-logo.png","contentUrl":"https:\/\/lunatools.com\/wp-content\/uploads\/2019\/10\/LunaTools-gray-logo.png","width":795,"height":309,"caption":"Luna Tools"},"image":{"@id":"https:\/\/lunatools.test.consids5.se\/en\/#\/schema\/logo\/image\/"}}]}},"_links":{"self":[{"href":"https:\/\/lunatools.test.consids5.se\/no\/wp-json\/wp\/v2\/pages\/4354"}],"collection":[{"href":"https:\/\/lunatools.test.consids5.se\/no\/wp-json\/wp\/v2\/pages"}],"about":[{"href":"https:\/\/lunatools.test.consids5.se\/no\/wp-json\/wp\/v2\/types\/page"}],"author":[{"embeddable":true,"href":"https:\/\/lunatools.test.consids5.se\/no\/wp-json\/wp\/v2\/users\/2"}],"replies":[{"embeddable":true,"href":"https:\/\/lunatools.test.consids5.se\/no\/wp-json\/wp\/v2\/comments?post=4354"}],"version-history":[{"count":3,"href":"https:\/\/lunatools.test.consids5.se\/no\/wp-json\/wp\/v2\/pages\/4354\/revisions"}],"predecessor-version":[{"id":14130,"href":"https:\/\/lunatools.test.consids5.se\/no\/wp-json\/wp\/v2\/pages\/4354\/revisions\/14130"}],"wp:attachment":[{"href":"https:\/\/lunatools.test.consids5.se\/no\/wp-json\/wp\/v2\/media?parent=4354"}],"curies":[{"name":"wp","href":"https:\/\/api.w.org\/{rel}","templated":true}]}}