{"id":4368,"date":"2019-03-28T09:10:22","date_gmt":"2019-03-28T09:10:22","guid":{"rendered":"https:\/\/lunatools.com?page_id=4368"},"modified":"2019-03-28T09:10:22","modified_gmt":"2019-03-28T09:10:22","slug":"retningslinjer-for-personvern","status":"publish","type":"page","link":"https:\/\/lunatools.test.consids5.se\/no\/retningslinjer-for-personvern\/","title":{"rendered":"Retningslinjer for personvern"},"content":{"rendered":"<div class=\"wpb-content-wrapper\"><p>[vc_row][vc_column][vc_column_text]Luna Norge AS (\u201dLUNA eller \u00abvi\u00bb) og selskap som inng\u00e5r i LUNA-konsernet behandler personopplysninger om de personene som bes\u00f8ker og bruker v\u00e5re digitale plattformer og tjenester. LUNA beskytter den personlige integriteten og arbeider for \u00e5 holde et h\u00f8yt beskyttelsesniv\u00e5 ved all behandling av personopplysninger. All behandling av personopplysninger i LUNA skjer i henhold til gjeldende lov. Denne personvernerkl\u00e6ringen beskriver hvordan vi behandler dine personopplysninger og gjelder for alle LUNA -konsernets hjemmesider, mobilapper og plattformer i sosiale medier (\u00abdigitale kanaler\u00bb). Ved \u00e5 bes\u00f8ke\/bruke noen av v\u00e5re digitale kanaler godtar du at vi behandler dine personopplysninger i henhold til det som er oppgitt nedenfor.<\/p>\n<div class=\"entry\">\n<p>Hva er en personopplysning?<br \/>\nEn personopplysning omfatter all informasjon som direkte eller indirekte sammen med andre opplysninger kan knyttes til en levende fysisk person. Dette betyr at oppgaver som for eksempel navn og kontaktinformasjon er personopplysninger.<\/p>\n<p>Hva slags personopplysninger samler vi inn, og hvordan brukes de?<br \/>\nN\u00e5r du bes\u00f8ker\/bruker eller kommuniserer med oss i v\u00e5re digitale kanaler, kan vi komme til \u00e5 samle inn opplysninger om deg som navn, postadresse, e-postadresse, mobilnummer og geografisk plassering. Hvis du registrerer deg for nyhetsbrev, deltar i konkurranser eller lignende, kan vi behandle ytterligere opplysninger som du velger \u00e5 gi oss. Personopplysningene samles inn (i) for at vi skal kunne kommunisere med deg, (ii) for \u00e5 administrere markedsaktiviteter og (iii) for \u00e5 vedlikeholde, utvikle og forbedre v\u00e5re digitale kanaler og de plattformene som de tilbys p\u00e5.<br \/>\nVi kan ogs\u00e5 bruke dine personopplysninger til direkte markedsf\u00f8ring og kampanjetilbud eller for \u00e5 informere deg om andre produkter og tjenester som vi tilbyr, og som kan v\u00e6re av interesse for deg. Hvis du ikke \u00f8nsker \u00e5 motta slik informasjon, kan du kontakte oss p\u00e5 personuppgifter@luna.se.<\/p>\n<p>Sikkerhet for beskyttelse av personopplysninger<br \/>\nVi holder et h\u00f8yt sikkerhetsniv\u00e5 for \u00e5 verne dine personopplysninger, og har i den hensikt iverksatt egnede tekniske og organisatoriske sikkerhetstiltak for \u00e5 beskytte dine personopplysninger mot uautorisert tilgang, endring, videreformidling eller \u00f8deleggelse.<\/p>\n<p>Begrensninger i utlevering av personopplysninger<br \/>\nVi kan bruke eksterne samarbeidspartnere til \u00e5 utf\u00f8re oppgaver p\u00e5 v\u00e5re vegne, for eksempel \u00e5 hjelpe til med markedsf\u00f8ring, analysere data og tilby tjenester. N\u00e5r disse oppgavene utf\u00f8res, kan det bety at v\u00e5re samarbeidspartnere b\u00e5de i og utenfor EU f\u00e5r tilgang til dine personopplysninger. Selskaper som h\u00e5ndterer personopplysninger p\u00e5 v\u00e5re vegne, er alltid forpliktet til \u00e5 holde et h\u00f8yt sikkerhetsniv\u00e5 for \u00e5 beskytte dine personopplysninger.<br \/>\nVi vil ikke selge personopplysninger eller p\u00e5 annen m\u00e5te utlevere dine personopplysninger i annen utstrekning enn det som er beskrevet her.<\/p>\n<p>Eksterne lenker<br \/>\nDisse retningslinjene for personvern gjelder opplysninger som vi behandler innen rammen av v\u00e5re digitale kanaler. V\u00e5re digitale kanaler kan noen ganger inneholde lenker til eksterne hjemmesider eller tjenester som vi ikke kontrollerer. Hvis du f\u00f8lger en lenke til en ekstern nettside, oppfordres du til \u00e5 merke deg de prinsippene for behandling av personopplysninger som gjelder for den aktuelle siden.<\/p>\n<p>Rett til informasjon<br \/>\nDu har rett til n\u00e5r som helst \u00e5 be om at vi skal slutte \u00e5 behandle dine personopplysninger, og da vil vi gj\u00f8re det hvis ikke det er noen lov eller forskrift som p\u00e5legger oss \u00e5 fortsette \u00e5 behandle dem. I et slikt tilfelle kan du kontakte oss p\u00e5 personuppgifter@luna.se. Du har ogs\u00e5 rett til \u00e9n gang i \u00e5ret, p\u00e5 skriftlig foresp\u00f8rsel underskrevet av deg, \u00e5 f\u00e5 informasjon om hvilke personopplysninger vi har registrert p\u00e5 deg, og f\u00e5 rettet eventuell feil informasjon.<\/p>\n<p>Derfor bruker vi informasjonskapsler<br \/>\nInformasjonskapsler er sm\u00e5 tekstfiler som plasseres p\u00e5 datamaskinen eller mobiltelefonen din n\u00e5r du bes\u00f8ker et nettsted.<br \/>\nInformasjonskapsler hjelper v\u00e5re digitale kanaler til \u00e5 gjenkjenne din enhet og huske informasjon om ditt bes\u00f8k (f.eks. \u00f8nsket spr\u00e5k, skriftst\u00f8rrelse og andre innstillinger).<\/p>\n<p>Slik avviser du bruken av informasjonskapsler<br \/>\nDu kan nekte bruk av informasjonskapsler ved \u00e5 justere eller velge enkelte innstillinger i nettleseren din. V\u00e6r oppmerksom p\u00e5 at du da kan miste noen nyttige funksjoner som tilpasning av den digitale kanalen og \u00abhusk-meg-funksjoner\u00bb.<\/p>\n<p>Kontaktinformasjon<br \/>\nDen personopplysningsansvarlige for behandling av dine personopplysninger er LUNA NORGE AS, eller eventuelt et annet selskap i LUNA -konsernet. Hvis du har sp\u00f8rsm\u00e5l om hvordan vi behandler dine personopplysninger, eller hvis du \u00f8nsker \u00e5 f\u00e5 opplysninger om og kontaktinformasjon om utpekte kontaktpersoner for sp\u00f8rsm\u00e5l vedr\u00f8rende personopplysninger i andre selskaper i LUNA -konsernet, kan du gjerne kontakte oss p\u00e5 personuppgifter@luna.se.<\/p>\n<\/div>\n<p>[\/vc_column_text][\/vc_column][\/vc_row]<\/p>\n<\/div>","protected":false},"excerpt":{"rendered":"[vc_row][vc_column][vc_column_text]Luna Norge AS (\u201dLUNA eller \u00abvi\u00bb) og selskap som inng\u00e5r i LUNA-konsernet behandler personopplysninger om de personene som bes\u00f8ker og bruker v\u00e5re digitale plattformer og tjenester. LUNA beskytter den personlige integriteten og arbeider for \u00e5 holde et h\u00f8yt beskyttelsesniv\u00e5 ved all behandling av personopplysninger. All behandling av personopplysninger i LUNA skjer i henhold til gjeldende&#8230; <a class=\"view-article\" href=\"https:\/\/lunatools.test.consids5.se\/no\/retningslinjer-for-personvern\/\">View Article<\/a>","protected":false},"author":2,"featured_media":0,"parent":0,"menu_order":0,"comment_status":"closed","ping_status":"closed","template":"","meta":{"_acf_changed":false,"footnotes":""},"class_list":["post-4368","page","type-page","status-publish","hentry"],"acf":[],"yoast_head":"<!-- This site is optimized with the Yoast SEO plugin v23.2 - https:\/\/yoast.com\/wordpress\/plugins\/seo\/ -->\n<title>Retningslinjer for personvern - Luna tools<\/title>\n<meta name=\"robots\" content=\"index, follow, max-snippet:-1, max-image-preview:large, max-video-preview:-1\" \/>\n<link rel=\"canonical\" href=\"https:\/\/lunatools.test.consids5.se\/no\/retningslinjer-for-personvern\/\" \/>\n<meta property=\"og:locale\" content=\"nb_NO\" \/>\n<meta property=\"og:type\" content=\"article\" \/>\n<meta property=\"og:title\" content=\"Retningslinjer for personvern - Luna tools\" \/>\n<meta property=\"og:description\" content=\"[vc_row][vc_column][vc_column_text]Luna Norge AS (\u201dLUNA eller \u00abvi\u00bb) og selskap som inng\u00e5r i LUNA-konsernet behandler personopplysninger om de personene som bes\u00f8ker og bruker v\u00e5re digitale plattformer og tjenester. LUNA beskytter den personlige integriteten og arbeider for \u00e5 holde et h\u00f8yt beskyttelsesniv\u00e5 ved all behandling av personopplysninger. All behandling av personopplysninger i LUNA skjer i henhold til gjeldende... View Article\" \/>\n<meta property=\"og:url\" content=\"https:\/\/lunatools.test.consids5.se\/no\/retningslinjer-for-personvern\/\" \/>\n<meta property=\"og:site_name\" content=\"Luna tools\" \/>\n<meta name=\"twitter:label1\" content=\"Est. reading time\" \/>\n\t<meta name=\"twitter:data1\" content=\"4 minutes\" \/>\n<script type=\"application\/ld+json\" class=\"yoast-schema-graph\">{\"@context\":\"https:\/\/schema.org\",\"@graph\":[{\"@type\":\"WebPage\",\"@id\":\"https:\/\/lunatools.test.consids5.se\/no\/retningslinjer-for-personvern\/\",\"url\":\"https:\/\/lunatools.test.consids5.se\/no\/retningslinjer-for-personvern\/\",\"name\":\"Retningslinjer for personvern - Luna tools\",\"isPartOf\":{\"@id\":\"https:\/\/lunatools.test.consids5.se\/en\/#website\"},\"datePublished\":\"2019-03-28T09:10:22+00:00\",\"dateModified\":\"2019-03-28T09:10:22+00:00\",\"breadcrumb\":{\"@id\":\"https:\/\/lunatools.test.consids5.se\/no\/retningslinjer-for-personvern\/#breadcrumb\"},\"inLanguage\":\"nb-NO\",\"potentialAction\":[{\"@type\":\"ReadAction\",\"target\":[\"https:\/\/lunatools.test.consids5.se\/no\/retningslinjer-for-personvern\/\"]}]},{\"@type\":\"BreadcrumbList\",\"@id\":\"https:\/\/lunatools.test.consids5.se\/no\/retningslinjer-for-personvern\/#breadcrumb\",\"itemListElement\":[{\"@type\":\"ListItem\",\"position\":1,\"name\":\"Home\",\"item\":\"https:\/\/lunatools.test.consids5.se\/no\/\"},{\"@type\":\"ListItem\",\"position\":2,\"name\":\"Retningslinjer for personvern\"}]},{\"@type\":\"WebSite\",\"@id\":\"https:\/\/lunatools.test.consids5.se\/en\/#website\",\"url\":\"https:\/\/lunatools.test.consids5.se\/en\/\",\"name\":\"Luna tools\",\"description\":\"\",\"publisher\":{\"@id\":\"https:\/\/lunatools.test.consids5.se\/en\/#organization\"},\"potentialAction\":[{\"@type\":\"SearchAction\",\"target\":{\"@type\":\"EntryPoint\",\"urlTemplate\":\"https:\/\/lunatools.test.consids5.se\/en\/?s={search_term_string}\"},\"query-input\":\"required name=search_term_string\"}],\"inLanguage\":\"nb-NO\"},{\"@type\":\"Organization\",\"@id\":\"https:\/\/lunatools.test.consids5.se\/en\/#organization\",\"name\":\"Luna Tools\",\"url\":\"https:\/\/lunatools.test.consids5.se\/en\/\",\"logo\":{\"@type\":\"ImageObject\",\"inLanguage\":\"nb-NO\",\"@id\":\"https:\/\/lunatools.test.consids5.se\/en\/#\/schema\/logo\/image\/\",\"url\":\"https:\/\/lunatools.com\/wp-content\/uploads\/2019\/10\/LunaTools-gray-logo.png\",\"contentUrl\":\"https:\/\/lunatools.com\/wp-content\/uploads\/2019\/10\/LunaTools-gray-logo.png\",\"width\":795,\"height\":309,\"caption\":\"Luna Tools\"},\"image\":{\"@id\":\"https:\/\/lunatools.test.consids5.se\/en\/#\/schema\/logo\/image\/\"}}]}<\/script>\n<!-- \/ Yoast SEO plugin. -->","yoast_head_json":{"title":"Retningslinjer for personvern - Luna tools","robots":{"index":"index","follow":"follow","max-snippet":"max-snippet:-1","max-image-preview":"max-image-preview:large","max-video-preview":"max-video-preview:-1"},"canonical":"https:\/\/lunatools.test.consids5.se\/no\/retningslinjer-for-personvern\/","og_locale":"nb_NO","og_type":"article","og_title":"Retningslinjer for personvern - Luna tools","og_description":"[vc_row][vc_column][vc_column_text]Luna Norge AS (\u201dLUNA eller \u00abvi\u00bb) og selskap som inng\u00e5r i LUNA-konsernet behandler personopplysninger om de personene som bes\u00f8ker og bruker v\u00e5re digitale plattformer og tjenester. LUNA beskytter den personlige integriteten og arbeider for \u00e5 holde et h\u00f8yt beskyttelsesniv\u00e5 ved all behandling av personopplysninger. All behandling av personopplysninger i LUNA skjer i henhold til gjeldende... View Article","og_url":"https:\/\/lunatools.test.consids5.se\/no\/retningslinjer-for-personvern\/","og_site_name":"Luna tools","twitter_misc":{"Est. reading time":"4 minutes"},"schema":{"@context":"https:\/\/schema.org","@graph":[{"@type":"WebPage","@id":"https:\/\/lunatools.test.consids5.se\/no\/retningslinjer-for-personvern\/","url":"https:\/\/lunatools.test.consids5.se\/no\/retningslinjer-for-personvern\/","name":"Retningslinjer for personvern - Luna tools","isPartOf":{"@id":"https:\/\/lunatools.test.consids5.se\/en\/#website"},"datePublished":"2019-03-28T09:10:22+00:00","dateModified":"2019-03-28T09:10:22+00:00","breadcrumb":{"@id":"https:\/\/lunatools.test.consids5.se\/no\/retningslinjer-for-personvern\/#breadcrumb"},"inLanguage":"nb-NO","potentialAction":[{"@type":"ReadAction","target":["https:\/\/lunatools.test.consids5.se\/no\/retningslinjer-for-personvern\/"]}]},{"@type":"BreadcrumbList","@id":"https:\/\/lunatools.test.consids5.se\/no\/retningslinjer-for-personvern\/#breadcrumb","itemListElement":[{"@type":"ListItem","position":1,"name":"Home","item":"https:\/\/lunatools.test.consids5.se\/no\/"},{"@type":"ListItem","position":2,"name":"Retningslinjer for personvern"}]},{"@type":"WebSite","@id":"https:\/\/lunatools.test.consids5.se\/en\/#website","url":"https:\/\/lunatools.test.consids5.se\/en\/","name":"Luna tools","description":"","publisher":{"@id":"https:\/\/lunatools.test.consids5.se\/en\/#organization"},"potentialAction":[{"@type":"SearchAction","target":{"@type":"EntryPoint","urlTemplate":"https:\/\/lunatools.test.consids5.se\/en\/?s={search_term_string}"},"query-input":"required name=search_term_string"}],"inLanguage":"nb-NO"},{"@type":"Organization","@id":"https:\/\/lunatools.test.consids5.se\/en\/#organization","name":"Luna Tools","url":"https:\/\/lunatools.test.consids5.se\/en\/","logo":{"@type":"ImageObject","inLanguage":"nb-NO","@id":"https:\/\/lunatools.test.consids5.se\/en\/#\/schema\/logo\/image\/","url":"https:\/\/lunatools.com\/wp-content\/uploads\/2019\/10\/LunaTools-gray-logo.png","contentUrl":"https:\/\/lunatools.com\/wp-content\/uploads\/2019\/10\/LunaTools-gray-logo.png","width":795,"height":309,"caption":"Luna Tools"},"image":{"@id":"https:\/\/lunatools.test.consids5.se\/en\/#\/schema\/logo\/image\/"}}]}},"_links":{"self":[{"href":"https:\/\/lunatools.test.consids5.se\/no\/wp-json\/wp\/v2\/pages\/4368"}],"collection":[{"href":"https:\/\/lunatools.test.consids5.se\/no\/wp-json\/wp\/v2\/pages"}],"about":[{"href":"https:\/\/lunatools.test.consids5.se\/no\/wp-json\/wp\/v2\/types\/page"}],"author":[{"embeddable":true,"href":"https:\/\/lunatools.test.consids5.se\/no\/wp-json\/wp\/v2\/users\/2"}],"replies":[{"embeddable":true,"href":"https:\/\/lunatools.test.consids5.se\/no\/wp-json\/wp\/v2\/comments?post=4368"}],"version-history":[{"count":1,"href":"https:\/\/lunatools.test.consids5.se\/no\/wp-json\/wp\/v2\/pages\/4368\/revisions"}],"predecessor-version":[{"id":4369,"href":"https:\/\/lunatools.test.consids5.se\/no\/wp-json\/wp\/v2\/pages\/4368\/revisions\/4369"}],"wp:attachment":[{"href":"https:\/\/lunatools.test.consids5.se\/no\/wp-json\/wp\/v2\/media?parent=4368"}],"curies":[{"name":"wp","href":"https:\/\/api.w.org\/{rel}","templated":true}]}}