{"id":4385,"date":"2019-04-23T06:12:57","date_gmt":"2019-04-23T06:12:57","guid":{"rendered":"https:\/\/lunatools.com?page_id=4385"},"modified":"2019-11-12T07:44:06","modified_gmt":"2019-11-12T07:44:06","slug":"velg-riktig-sirkelsagblad","status":"publish","type":"page","link":"https:\/\/lunatools.test.consids5.se\/no\/kunnskapssenter\/velg-riktig-sirkelsagblad\/","title":{"rendered":"Velg riktig sirkelsagblad"},"content":{"rendered":"<div class=\"wpb-content-wrapper\"><p>[vc_row][vc_column][vc_column_text]\u00c5 velge rett inneb\u00e6rer et bedre resultat. N\u00e5r det kommer til kappeverkt\u00f8y er det viktig \u00e5 tenke p\u00e5 tre ting n\u00e5r man velger type sirkelsagblad.<\/p>\n<p>&nbsp;<\/p>\n<h2>Materiale<\/h2>\n<ul>\n<li>Metall<\/li>\n<li>Aluminium<\/li>\n<li>Tre<\/li>\n<li>Laminat<\/li>\n<li>Plast<br \/>\n<img loading=\"lazy\" decoding=\"async\" class=\"alignnone wp-image-4154\" src=\"https:\/\/lunatools.com\/wp-content\/uploads\/2019\/02\/Metal_icon.png\" alt=\"Metall ikon Luna\" width=\"40\" height=\"40\" \/><img loading=\"lazy\" decoding=\"async\" class=\"alignnone wp-image-4151\" src=\"https:\/\/lunatools.com\/wp-content\/uploads\/2019\/02\/Aluminium_icon.png\" alt=\"Aluminium ikon Luna\" width=\"40\" height=\"41\" \/><img loading=\"lazy\" decoding=\"async\" class=\"alignnone wp-image-4156\" src=\"https:\/\/lunatools.com\/wp-content\/uploads\/2019\/02\/Wood_yellow-1.png\" alt=\"Tr\u00e4 ikon Luna\" width=\"40\" height=\"40\" \/><img loading=\"lazy\" decoding=\"async\" class=\"alignnone wp-image-4157\" src=\"https:\/\/lunatools.com\/wp-content\/uploads\/2019\/02\/Laminate_yellow.png\" alt=\"\" width=\"40\" height=\"40\" \/><img loading=\"lazy\" decoding=\"async\" class=\"alignnone wp-image-4159\" src=\"https:\/\/lunatools.com\/wp-content\/uploads\/2019\/02\/Plastic_icon.png\" alt=\"Plastikon Luna\" width=\"40\" height=\"40\" \/><\/li>\n<\/ul>\n<p>[\/vc_column_text][vc_column_text]<\/p>\n<h2>Hva skal du sage i?<\/h2>\n<p>N\u00e5r og hvordan skal du bruke sagbladet er viktig \u00e5 tenke p\u00e5. V\u00e5re definerte bruksomr\u00e5der tar utgangspunkt i de materialene som du har tenkt \u00e5 sage i.[\/vc_column_text][vc_column_text css=&#8221;.vc_custom_1573544447124{border-top-width: 5px !important;border-right-width: 5px !important;border-bottom-width: 5px !important;border-left-width: 5px !important;padding-top: 10px !important;padding-right: 10px !important;padding-bottom: 10px !important;padding-left: 10px !important;border-left-color: #76b82a !important;border-left-style: solid !important;border-right-color: #76b82a !important;border-right-style: solid !important;border-top-color: #76b82a !important;border-top-style: solid !important;border-bottom-color: #76b82a !important;border-bottom-style: solid !important;border-radius: 2px !important;}&#8221;]<\/p>\n<h4>Bruksomr\u00e5de 1<\/h4>\n<p><strong>Materiale:<\/strong><br \/>\nTre og tre baserte plater f.eks. kryssfin\u00e9r.<br \/>\n<strong>Egenskaper:<\/strong><br \/>\nGode snittflater til kl\u00f8yving og kapping. Liten utflising ved kapping.<br \/>\n<strong>Sagbladets Toppslip:<\/strong><br \/>\nVekselvis skr\u00e5slipte tenner.<br \/>\n<img loading=\"lazy\" decoding=\"async\" class=\"alignnone wp-image-4088\" src=\"https:\/\/lunatools.com\/wp-content\/uploads\/2019\/02\/Ska\u0308rmavbild-2019-02-05-kl.-11.10.59-250x196.png\" alt=\"Slipning av s\u00e5gklinga Luna\" width=\"88\" height=\"69\" srcset=\"https:\/\/lunatools.test.consids5.se\/wp-content\/uploads\/2019\/02\/Ska\u0308rmavbild-2019-02-05-kl.-11.10.59-250x196.png 250w, https:\/\/lunatools.test.consids5.se\/wp-content\/uploads\/2019\/02\/Ska\u0308rmavbild-2019-02-05-kl.-11.10.59-120x94.png 120w, https:\/\/lunatools.test.consids5.se\/wp-content\/uploads\/2019\/02\/Ska\u0308rmavbild-2019-02-05-kl.-11.10.59.png 446w\" sizes=\"(max-width: 88px) 100vw, 88px\" \/>[\/vc_column_text][vc_column_text css=&#8221;.vc_custom_1573544487715{border-top-width: 5px !important;border-right-width: 5px !important;border-bottom-width: 5px !important;border-left-width: 5px !important;padding-top: 10px !important;padding-right: 10px !important;padding-bottom: 10px !important;padding-left: 10px !important;border-left-color: #76b82a !important;border-left-style: solid !important;border-right-color: #76b82a !important;border-right-style: solid !important;border-top-color: #76b82a !important;border-top-style: solid !important;border-bottom-color: #76b82a !important;border-bottom-style: solid !important;border-radius: 2px !important;}&#8221;]<\/p>\n<h4>Bruksomr\u00e5de 2<\/h4>\n<p><strong>Materiale:<\/strong><br \/>\nLaminat, aluminium, plast og trebaserte plater f.eks. MDF, sponplate og kryssfiner.<br \/>\n<strong>Egenskaper:<\/strong><br \/>\nGod holdbarhet for slitende materialer.<br \/>\n<strong>Sagbladets Toppslip:<br \/>\n<\/strong>Trapesslipte tenner.<br \/>\n<img loading=\"lazy\" decoding=\"async\" class=\"alignnone wp-image-4082\" src=\"https:\/\/lunatools.com\/wp-content\/uploads\/2019\/02\/Ska\u0308rmavbild-2019-02-05-kl.-10.45.42-250x196.png\" alt=\"Slipning s\u00e5gblad\" width=\"88\" height=\"69\" srcset=\"https:\/\/lunatools.test.consids5.se\/wp-content\/uploads\/2019\/02\/Ska\u0308rmavbild-2019-02-05-kl.-10.45.42-250x196.png 250w, https:\/\/lunatools.test.consids5.se\/wp-content\/uploads\/2019\/02\/Ska\u0308rmavbild-2019-02-05-kl.-10.45.42-120x94.png 120w, https:\/\/lunatools.test.consids5.se\/wp-content\/uploads\/2019\/02\/Ska\u0308rmavbild-2019-02-05-kl.-10.45.42.png 446w\" sizes=\"(max-width: 88px) 100vw, 88px\" \/>[\/vc_column_text][vc_column_text css=&#8221;.vc_custom_1573544546228{border-top-width: 5px !important;border-right-width: 5px !important;border-bottom-width: 5px !important;border-left-width: 5px !important;padding-top: 10px !important;padding-right: 10px !important;padding-bottom: 10px !important;padding-left: 10px !important;border-left-color: #76b82a !important;border-left-style: solid !important;border-right-color: #76b82a !important;border-right-style: solid !important;border-top-color: #76b82a !important;border-top-style: solid !important;border-bottom-color: #76b82a !important;border-bottom-style: solid !important;border-radius: 2px !important;}&#8221;]<\/p>\n<h4>Bruksomr\u00e5de 3<\/h4>\n<p><strong>Materiale:<\/strong><br \/>\nJern og st\u00e5l, ikke herdet.<br \/>\n<strong>Egenskaper:<\/strong><br \/>\nGod holdbarhet i jern med spesielt hardmetall i tannen.<br \/>\n<strong>Sliping av sagbladets skj\u00e6r:<br \/>\n<\/strong>Trapesslipte tenner.<\/p>\n<p><img loading=\"lazy\" decoding=\"async\" class=\"alignnone wp-image-4082\" src=\"https:\/\/lunatools.com\/wp-content\/uploads\/2019\/02\/Ska\u0308rmavbild-2019-02-05-kl.-10.45.42-250x196.png\" alt=\"Slipning s\u00e5gblad\" width=\"88\" height=\"69\" srcset=\"https:\/\/lunatools.test.consids5.se\/wp-content\/uploads\/2019\/02\/Ska\u0308rmavbild-2019-02-05-kl.-10.45.42-250x196.png 250w, https:\/\/lunatools.test.consids5.se\/wp-content\/uploads\/2019\/02\/Ska\u0308rmavbild-2019-02-05-kl.-10.45.42-120x94.png 120w, https:\/\/lunatools.test.consids5.se\/wp-content\/uploads\/2019\/02\/Ska\u0308rmavbild-2019-02-05-kl.-10.45.42.png 446w\" sizes=\"(max-width: 88px) 100vw, 88px\" \/>[\/vc_column_text][vc_column_text]<\/p>\n<h2>Sluttresultat<\/h2>\n<p>Riktig sponvinkel\/frontvinkel avgj\u00f8r snittflatens finhet.<\/p>\n<p><strong>Snittflate 1<\/strong><br \/>\nFine snitt i tre. Manuell kapping av aluminium. Redusert risiko for hugg.<br \/>\n<em>Sagbladets vinkel:<br \/>\n<\/em>Negativ -5\u00b0\u00a0 til 0\u00b0<\/p>\n<p><strong>Snittflate 2<\/strong><br \/>\nAllroundkapping og kl\u00f8yving av tre, hard plast og platematerialer.<br \/>\n<em>Sagbladets vinkel:<\/em><br \/>\n5\u00b0 til 15\u00b0<\/p>\n<p><strong>Snittflate 3<\/strong><br \/>\nKl\u00f8yving av t\u00f8rt og r\u00e5tt virke.<em><br \/>\nSagbladets vinkel:<\/em><br \/>\n20\u00b0 til 25\u00b0[\/vc_column_text]\n        <div class=\"block block--promo with-image valign--top bg--white  align-left\">\n            <div class=\"promo\">\n                <div class=\"promo__image\">\n                    <img loading=\"lazy\" decoding=\"async\" width=\"1500\" height=\"910\" src=\"https:\/\/lunatools.test.consids5.se\/wp-content\/uploads\/2019\/01\/Klingor_kategoribild.jpg\" class=\"attachment-full size-full\" alt=\"Cirkels\u00e5gklingor Luna\" srcset=\"https:\/\/lunatools.test.consids5.se\/wp-content\/uploads\/2019\/01\/Klingor_kategoribild.jpg 1500w, https:\/\/lunatools.test.consids5.se\/wp-content\/uploads\/2019\/01\/Klingor_kategoribild-250x152.jpg 250w, https:\/\/lunatools.test.consids5.se\/wp-content\/uploads\/2019\/01\/Klingor_kategoribild-768x466.jpg 768w, https:\/\/lunatools.test.consids5.se\/wp-content\/uploads\/2019\/01\/Klingor_kategoribild-700x425.jpg 700w, https:\/\/lunatools.test.consids5.se\/wp-content\/uploads\/2019\/01\/Klingor_kategoribild-120x73.jpg 120w, https:\/\/lunatools.test.consids5.se\/wp-content\/uploads\/2019\/01\/Klingor_kategoribild-412x250.jpg 412w, https:\/\/lunatools.test.consids5.se\/wp-content\/uploads\/2019\/01\/Klingor_kategoribild-600x364.jpg 600w\" sizes=\"(max-width: 1500px) 100vw, 1500px\" \/>\n                <\/div>\n                <div class=\"promo__content block__col\">\n                    <div class=\"promo__content__inner\">\n                        <h2 class=\"promo__title\">Last ned den fullstendige guiden<\/h2>\n                        <p class=\"promo__text\">I denne guiden finner du all informasjon om v\u00e5re sagblader slik at du kan velge rett produkt for jobben.<\/p>\n                        <a href=\"https:\/\/lunatools.com\/wp-content\/uploads\/2019\/04\/PTA_valj_ratt_cirkelsagblad_NO.pdf\" class=\"promo__action btn\">Last ned guiden<i><\/i><\/a>\n                    <\/div>\n                <\/div>\n            <\/div>\n        <\/div>[\/vc_column][\/vc_row]<\/p>\n<\/div>","protected":false},"excerpt":{"rendered":"[vc_row][vc_column][vc_column_text]\u00c5 velge rett inneb\u00e6rer et bedre resultat. N\u00e5r det kommer til kappeverkt\u00f8y er det viktig \u00e5 tenke p\u00e5 tre ting n\u00e5r man velger type sirkelsagblad. &nbsp; Materiale Metall Aluminium Tre Laminat Plast [\/vc_column_text][vc_column_text] Hva skal du sage i? N\u00e5r og hvordan skal du bruke sagbladet er viktig \u00e5 tenke p\u00e5. V\u00e5re definerte bruksomr\u00e5der tar utgangspunkt&#8230; <a class=\"view-article\" href=\"https:\/\/lunatools.test.consids5.se\/no\/kunnskapssenter\/velg-riktig-sirkelsagblad\/\">View Article<\/a>","protected":false},"author":2,"featured_media":4486,"parent":4343,"menu_order":0,"comment_status":"closed","ping_status":"closed","template":"","meta":{"_acf_changed":false,"footnotes":""},"class_list":["post-4385","page","type-page","status-publish","has-post-thumbnail","hentry"],"acf":[],"yoast_head":"<!-- This site is optimized with the Yoast SEO plugin v23.2 - https:\/\/yoast.com\/wordpress\/plugins\/seo\/ -->\n<title>Velg riktig sirkelsagblad - Luna tools<\/title>\n<meta name=\"robots\" content=\"index, follow, max-snippet:-1, max-image-preview:large, max-video-preview:-1\" \/>\n<link rel=\"canonical\" href=\"https:\/\/lunatools.test.consids5.se\/no\/kunnskapssenter\/velg-riktig-sirkelsagblad\/\" \/>\n<meta property=\"og:locale\" content=\"nb_NO\" \/>\n<meta property=\"og:type\" content=\"article\" \/>\n<meta property=\"og:title\" content=\"Velg riktig sirkelsagblad - Luna tools\" \/>\n<meta property=\"og:description\" content=\"[vc_row][vc_column][vc_column_text]\u00c5 velge rett inneb\u00e6rer et bedre resultat. N\u00e5r det kommer til kappeverkt\u00f8y er det viktig \u00e5 tenke p\u00e5 tre ting n\u00e5r man velger type sirkelsagblad. &nbsp; Materiale Metall Aluminium Tre Laminat Plast [\/vc_column_text][vc_column_text] Hva skal du sage i? N\u00e5r og hvordan skal du bruke sagbladet er viktig \u00e5 tenke p\u00e5. V\u00e5re definerte bruksomr\u00e5der tar utgangspunkt... View Article\" \/>\n<meta property=\"og:url\" content=\"https:\/\/lunatools.test.consids5.se\/no\/kunnskapssenter\/velg-riktig-sirkelsagblad\/\" \/>\n<meta property=\"og:site_name\" content=\"Luna tools\" \/>\n<meta property=\"article:modified_time\" content=\"2019-11-12T07:44:06+00:00\" \/>\n<meta property=\"og:image\" content=\"https:\/\/lunatools.test.consids5.se\/wp-content\/uploads\/2019\/01\/Klingor_kategoribild.jpg\" \/>\n\t<meta property=\"og:image:width\" content=\"1500\" \/>\n\t<meta property=\"og:image:height\" content=\"910\" \/>\n\t<meta property=\"og:image:type\" content=\"image\/jpeg\" \/>\n<meta name=\"twitter:label1\" content=\"Est. reading time\" \/>\n\t<meta name=\"twitter:data1\" content=\"2 minutes\" \/>\n<script type=\"application\/ld+json\" class=\"yoast-schema-graph\">{\"@context\":\"https:\/\/schema.org\",\"@graph\":[{\"@type\":\"WebPage\",\"@id\":\"https:\/\/lunatools.test.consids5.se\/no\/kunnskapssenter\/velg-riktig-sirkelsagblad\/\",\"url\":\"https:\/\/lunatools.test.consids5.se\/no\/kunnskapssenter\/velg-riktig-sirkelsagblad\/\",\"name\":\"Velg riktig sirkelsagblad - Luna tools\",\"isPartOf\":{\"@id\":\"https:\/\/lunatools.test.consids5.se\/en\/#website\"},\"primaryImageOfPage\":{\"@id\":\"https:\/\/lunatools.test.consids5.se\/no\/kunnskapssenter\/velg-riktig-sirkelsagblad\/#primaryimage\"},\"image\":{\"@id\":\"https:\/\/lunatools.test.consids5.se\/no\/kunnskapssenter\/velg-riktig-sirkelsagblad\/#primaryimage\"},\"thumbnailUrl\":\"https:\/\/lunatools.test.consids5.se\/wp-content\/uploads\/2019\/01\/Klingor_kategoribild.jpg\",\"datePublished\":\"2019-04-23T06:12:57+00:00\",\"dateModified\":\"2019-11-12T07:44:06+00:00\",\"breadcrumb\":{\"@id\":\"https:\/\/lunatools.test.consids5.se\/no\/kunnskapssenter\/velg-riktig-sirkelsagblad\/#breadcrumb\"},\"inLanguage\":\"nb-NO\",\"potentialAction\":[{\"@type\":\"ReadAction\",\"target\":[\"https:\/\/lunatools.test.consids5.se\/no\/kunnskapssenter\/velg-riktig-sirkelsagblad\/\"]}]},{\"@type\":\"ImageObject\",\"inLanguage\":\"nb-NO\",\"@id\":\"https:\/\/lunatools.test.consids5.se\/no\/kunnskapssenter\/velg-riktig-sirkelsagblad\/#primaryimage\",\"url\":\"https:\/\/lunatools.test.consids5.se\/wp-content\/uploads\/2019\/01\/Klingor_kategoribild.jpg\",\"contentUrl\":\"https:\/\/lunatools.test.consids5.se\/wp-content\/uploads\/2019\/01\/Klingor_kategoribild.jpg\",\"width\":1500,\"height\":910,\"caption\":\"Hos Luna finner du diamantkappeskiver, kappeskiver, slipesvamper etc. for kapping og sliping av f.eks. st\u00e5l, rustfritt st\u00e5l, jern, marmor, betong og fliser.\"},{\"@type\":\"BreadcrumbList\",\"@id\":\"https:\/\/lunatools.test.consids5.se\/no\/kunnskapssenter\/velg-riktig-sirkelsagblad\/#breadcrumb\",\"itemListElement\":[{\"@type\":\"ListItem\",\"position\":1,\"name\":\"Home\",\"item\":\"https:\/\/lunatools.test.consids5.se\/no\/\"},{\"@type\":\"ListItem\",\"position\":2,\"name\":\"KUNNSKAPSSENTER\",\"item\":\"https:\/\/lunatools.test.consids5.se\/no\/kunnskapssenter\/\"},{\"@type\":\"ListItem\",\"position\":3,\"name\":\"Velg riktig sirkelsagblad\"}]},{\"@type\":\"WebSite\",\"@id\":\"https:\/\/lunatools.test.consids5.se\/en\/#website\",\"url\":\"https:\/\/lunatools.test.consids5.se\/en\/\",\"name\":\"Luna tools\",\"description\":\"\",\"publisher\":{\"@id\":\"https:\/\/lunatools.test.consids5.se\/en\/#organization\"},\"potentialAction\":[{\"@type\":\"SearchAction\",\"target\":{\"@type\":\"EntryPoint\",\"urlTemplate\":\"https:\/\/lunatools.test.consids5.se\/en\/?s={search_term_string}\"},\"query-input\":\"required name=search_term_string\"}],\"inLanguage\":\"nb-NO\"},{\"@type\":\"Organization\",\"@id\":\"https:\/\/lunatools.test.consids5.se\/en\/#organization\",\"name\":\"Luna Tools\",\"url\":\"https:\/\/lunatools.test.consids5.se\/en\/\",\"logo\":{\"@type\":\"ImageObject\",\"inLanguage\":\"nb-NO\",\"@id\":\"https:\/\/lunatools.test.consids5.se\/en\/#\/schema\/logo\/image\/\",\"url\":\"https:\/\/lunatools.com\/wp-content\/uploads\/2019\/10\/LunaTools-gray-logo.png\",\"contentUrl\":\"https:\/\/lunatools.com\/wp-content\/uploads\/2019\/10\/LunaTools-gray-logo.png\",\"width\":795,\"height\":309,\"caption\":\"Luna Tools\"},\"image\":{\"@id\":\"https:\/\/lunatools.test.consids5.se\/en\/#\/schema\/logo\/image\/\"}}]}<\/script>\n<!-- \/ Yoast SEO plugin. -->","yoast_head_json":{"title":"Velg riktig sirkelsagblad - Luna tools","robots":{"index":"index","follow":"follow","max-snippet":"max-snippet:-1","max-image-preview":"max-image-preview:large","max-video-preview":"max-video-preview:-1"},"canonical":"https:\/\/lunatools.test.consids5.se\/no\/kunnskapssenter\/velg-riktig-sirkelsagblad\/","og_locale":"nb_NO","og_type":"article","og_title":"Velg riktig sirkelsagblad - Luna tools","og_description":"[vc_row][vc_column][vc_column_text]\u00c5 velge rett inneb\u00e6rer et bedre resultat. N\u00e5r det kommer til kappeverkt\u00f8y er det viktig \u00e5 tenke p\u00e5 tre ting n\u00e5r man velger type sirkelsagblad. &nbsp; Materiale Metall Aluminium Tre Laminat Plast [\/vc_column_text][vc_column_text] Hva skal du sage i? N\u00e5r og hvordan skal du bruke sagbladet er viktig \u00e5 tenke p\u00e5. V\u00e5re definerte bruksomr\u00e5der tar utgangspunkt... View Article","og_url":"https:\/\/lunatools.test.consids5.se\/no\/kunnskapssenter\/velg-riktig-sirkelsagblad\/","og_site_name":"Luna tools","article_modified_time":"2019-11-12T07:44:06+00:00","og_image":[{"width":1500,"height":910,"url":"https:\/\/lunatools.test.consids5.se\/wp-content\/uploads\/2019\/01\/Klingor_kategoribild.jpg","type":"image\/jpeg"}],"twitter_misc":{"Est. reading time":"2 minutes"},"schema":{"@context":"https:\/\/schema.org","@graph":[{"@type":"WebPage","@id":"https:\/\/lunatools.test.consids5.se\/no\/kunnskapssenter\/velg-riktig-sirkelsagblad\/","url":"https:\/\/lunatools.test.consids5.se\/no\/kunnskapssenter\/velg-riktig-sirkelsagblad\/","name":"Velg riktig sirkelsagblad - Luna tools","isPartOf":{"@id":"https:\/\/lunatools.test.consids5.se\/en\/#website"},"primaryImageOfPage":{"@id":"https:\/\/lunatools.test.consids5.se\/no\/kunnskapssenter\/velg-riktig-sirkelsagblad\/#primaryimage"},"image":{"@id":"https:\/\/lunatools.test.consids5.se\/no\/kunnskapssenter\/velg-riktig-sirkelsagblad\/#primaryimage"},"thumbnailUrl":"https:\/\/lunatools.test.consids5.se\/wp-content\/uploads\/2019\/01\/Klingor_kategoribild.jpg","datePublished":"2019-04-23T06:12:57+00:00","dateModified":"2019-11-12T07:44:06+00:00","breadcrumb":{"@id":"https:\/\/lunatools.test.consids5.se\/no\/kunnskapssenter\/velg-riktig-sirkelsagblad\/#breadcrumb"},"inLanguage":"nb-NO","potentialAction":[{"@type":"ReadAction","target":["https:\/\/lunatools.test.consids5.se\/no\/kunnskapssenter\/velg-riktig-sirkelsagblad\/"]}]},{"@type":"ImageObject","inLanguage":"nb-NO","@id":"https:\/\/lunatools.test.consids5.se\/no\/kunnskapssenter\/velg-riktig-sirkelsagblad\/#primaryimage","url":"https:\/\/lunatools.test.consids5.se\/wp-content\/uploads\/2019\/01\/Klingor_kategoribild.jpg","contentUrl":"https:\/\/lunatools.test.consids5.se\/wp-content\/uploads\/2019\/01\/Klingor_kategoribild.jpg","width":1500,"height":910,"caption":"Hos Luna finner du diamantkappeskiver, kappeskiver, slipesvamper etc. for kapping og sliping av f.eks. st\u00e5l, rustfritt st\u00e5l, jern, marmor, betong og fliser."},{"@type":"BreadcrumbList","@id":"https:\/\/lunatools.test.consids5.se\/no\/kunnskapssenter\/velg-riktig-sirkelsagblad\/#breadcrumb","itemListElement":[{"@type":"ListItem","position":1,"name":"Home","item":"https:\/\/lunatools.test.consids5.se\/no\/"},{"@type":"ListItem","position":2,"name":"KUNNSKAPSSENTER","item":"https:\/\/lunatools.test.consids5.se\/no\/kunnskapssenter\/"},{"@type":"ListItem","position":3,"name":"Velg riktig sirkelsagblad"}]},{"@type":"WebSite","@id":"https:\/\/lunatools.test.consids5.se\/en\/#website","url":"https:\/\/lunatools.test.consids5.se\/en\/","name":"Luna tools","description":"","publisher":{"@id":"https:\/\/lunatools.test.consids5.se\/en\/#organization"},"potentialAction":[{"@type":"SearchAction","target":{"@type":"EntryPoint","urlTemplate":"https:\/\/lunatools.test.consids5.se\/en\/?s={search_term_string}"},"query-input":"required name=search_term_string"}],"inLanguage":"nb-NO"},{"@type":"Organization","@id":"https:\/\/lunatools.test.consids5.se\/en\/#organization","name":"Luna Tools","url":"https:\/\/lunatools.test.consids5.se\/en\/","logo":{"@type":"ImageObject","inLanguage":"nb-NO","@id":"https:\/\/lunatools.test.consids5.se\/en\/#\/schema\/logo\/image\/","url":"https:\/\/lunatools.com\/wp-content\/uploads\/2019\/10\/LunaTools-gray-logo.png","contentUrl":"https:\/\/lunatools.com\/wp-content\/uploads\/2019\/10\/LunaTools-gray-logo.png","width":795,"height":309,"caption":"Luna Tools"},"image":{"@id":"https:\/\/lunatools.test.consids5.se\/en\/#\/schema\/logo\/image\/"}}]}},"_links":{"self":[{"href":"https:\/\/lunatools.test.consids5.se\/no\/wp-json\/wp\/v2\/pages\/4385"}],"collection":[{"href":"https:\/\/lunatools.test.consids5.se\/no\/wp-json\/wp\/v2\/pages"}],"about":[{"href":"https:\/\/lunatools.test.consids5.se\/no\/wp-json\/wp\/v2\/types\/page"}],"author":[{"embeddable":true,"href":"https:\/\/lunatools.test.consids5.se\/no\/wp-json\/wp\/v2\/users\/2"}],"replies":[{"embeddable":true,"href":"https:\/\/lunatools.test.consids5.se\/no\/wp-json\/wp\/v2\/comments?post=4385"}],"version-history":[{"count":9,"href":"https:\/\/lunatools.test.consids5.se\/no\/wp-json\/wp\/v2\/pages\/4385\/revisions"}],"predecessor-version":[{"id":12281,"href":"https:\/\/lunatools.test.consids5.se\/no\/wp-json\/wp\/v2\/pages\/4385\/revisions\/12281"}],"up":[{"embeddable":true,"href":"https:\/\/lunatools.test.consids5.se\/no\/wp-json\/wp\/v2\/pages\/4343"}],"wp:featuredmedia":[{"embeddable":true,"href":"https:\/\/lunatools.test.consids5.se\/no\/wp-json\/wp\/v2\/media\/4486"}],"wp:attachment":[{"href":"https:\/\/lunatools.test.consids5.se\/no\/wp-json\/wp\/v2\/media?parent=4385"}],"curies":[{"name":"wp","href":"https:\/\/api.w.org\/{rel}","templated":true}]}}