{"id":4490,"date":"2019-04-23T06:12:55","date_gmt":"2019-04-23T06:12:55","guid":{"rendered":"https:\/\/lunatools.com\/?page_id=4490"},"modified":"2019-11-12T07:56:37","modified_gmt":"2019-11-12T07:56:37","slug":"velg-riktig-metallbor","status":"publish","type":"page","link":"https:\/\/lunatools.test.consids5.se\/no\/kunnskapssenter\/velg-riktig-metallbor\/","title":{"rendered":"Velg riktig metallbor"},"content":{"rendered":"<div class=\"wpb-content-wrapper\"><p>[vc_row][vc_column][vc_column_text]<\/p>\n<h2>Hva skal du bore i?<\/h2>\n<p>Metaller finnes i alle mulige hardheter og varianter. Derfor er det viktig \u00e5 vite hva slags materiale du skal bore i n\u00e5r du velger et metallbor. V\u00e5re definerte bruksomr\u00e5der nedenfor tar utgangspunkt i b\u00e5de de vanlige og mer spesielle materialer.[\/vc_column_text][vc_column_text css=&#8221;.vc_custom_1573544940933{border-top-width: 5px !important;border-right-width: 5px !important;border-bottom-width: 5px !important;border-left-width: 5px !important;padding-top: 10px !important;padding-right: 10px !important;padding-bottom: 10px !important;padding-left: 10px !important;border-left-color: #76b82a !important;border-left-style: solid !important;border-right-color: #76b82a !important;border-right-style: solid !important;border-top-color: #76b82a !important;border-top-style: solid !important;border-bottom-color: #76b82a !important;border-bottom-style: solid !important;border-radius: 2px !important;}&#8221;]<\/p>\n<h4>Bruksomr\u00e5de 1<\/h4>\n<p><strong>Type metallbor:<\/strong> Hurtigst\u00e5l<\/p>\n<p><strong>Materiale:<\/strong><br \/>\nJern, st\u00e5l, aluminium og tre<br \/>\n<strong>Egenskaper:<\/strong><br \/>\nBest egnet for jern, st\u00e5l og mykere metaller. Varmvalsede bor med neddreide fester i st\u00f8rrelser over 13mm, samt kryss-spiss for bedre sentrering.<br \/>\n<img loading=\"lazy\" decoding=\"async\" class=\"alignnone wp-image-4154\" src=\"https:\/\/lunatools.com\/wp-content\/uploads\/2019\/02\/Metal_icon.png\" alt=\"Metall ikon Luna\" width=\"40\" height=\"40\" \/><img loading=\"lazy\" decoding=\"async\" class=\"alignnone wp-image-4151\" src=\"https:\/\/lunatools.com\/wp-content\/uploads\/2019\/02\/Aluminium_icon.png\" alt=\"Aluminium ikon Luna\" width=\"40\" height=\"41\" \/><img loading=\"lazy\" decoding=\"async\" class=\"alignnone wp-image-4156\" src=\"https:\/\/lunatools.com\/wp-content\/uploads\/2019\/02\/Wood_yellow-1.png\" alt=\"Tr\u00e4 ikon Luna\" width=\"40\" height=\"40\" \/>[\/vc_column_text][vc_column_text css=&#8221;.vc_custom_1573545023191{border-top-width: 5px !important;border-right-width: 5px !important;border-bottom-width: 5px !important;border-left-width: 5px !important;padding-top: 10px !important;padding-right: 10px !important;padding-bottom: 10px !important;padding-left: 10px !important;border-left-color: #76b82a !important;border-left-style: solid !important;border-right-color: #76b82a !important;border-right-style: solid !important;border-top-color: #76b82a !important;border-top-style: solid !important;border-bottom-color: #76b82a !important;border-bottom-style: solid !important;border-radius: 2px !important;}&#8221;]<\/p>\n<h4>Bruksomr\u00e5de 2<\/h4>\n<p><strong>Type metallbor:<\/strong> Hurtigst\u00e5l (HSS-CO)<\/p>\n<p><strong>Materiale:<\/strong><br \/>\nRustfritt, titan, jern og st\u00e5l.<br \/>\n<strong>Egenskaper:<\/strong><br \/>\nEkstra egnet for hardere metaller som rustfritt, titan og mer krevende arbeider. Slipte spiraler med kryss-spiss for bedre sentrering.<br \/>\n<img loading=\"lazy\" decoding=\"async\" class=\"alignnone wp-image-4154\" src=\"https:\/\/lunatools.com\/wp-content\/uploads\/2019\/02\/Metal_icon.png\" alt=\"Metall ikon Luna\" width=\"40\" height=\"40\" \/><img loading=\"lazy\" decoding=\"async\" class=\"alignnone wp-image-4151\" src=\"https:\/\/lunatools.com\/wp-content\/uploads\/2019\/02\/Aluminium_icon.png\" alt=\"Aluminium ikon Luna\" width=\"40\" height=\"41\" \/><img loading=\"lazy\" decoding=\"async\" class=\"alignnone wp-image-4152\" src=\"https:\/\/lunatools.com\/wp-content\/uploads\/2019\/02\/Stainnless_steel.png\" alt=\"\" width=\"40\" height=\"40\" \/><img loading=\"lazy\" decoding=\"async\" class=\"alignnone wp-image-4153\" src=\"https:\/\/lunatools.com\/wp-content\/uploads\/2019\/02\/Cast_iron.png\" alt=\"gjutj\u00e4rnikon Luna\" width=\"40\" height=\"40\" \/><img loading=\"lazy\" decoding=\"async\" class=\"alignnone wp-image-4156\" src=\"https:\/\/lunatools.com\/wp-content\/uploads\/2019\/02\/Wood_yellow-1.png\" alt=\"Tr\u00e4 ikon Luna\" width=\"40\" height=\"40\" \/>[\/vc_column_text][vc_column_text css=&#8221;.vc_custom_1573545083665{border-top-width: 5px !important;border-right-width: 5px !important;border-bottom-width: 5px !important;border-left-width: 5px !important;padding-top: 10px !important;padding-right: 10px !important;padding-bottom: 10px !important;padding-left: 10px !important;border-left-color: #76b82a !important;border-left-style: solid !important;border-right-color: #76b82a !important;border-right-style: solid !important;border-top-color: #76b82a !important;border-top-style: solid !important;border-bottom-color: #76b82a !important;border-bottom-style: solid !important;border-radius: 2px !important;}&#8221;]<\/p>\n<h4>Bruksomr\u00e5de 3<\/h4>\n<p><strong>Type metallborr:<\/strong> Hurtigst\u00e5l (HSS Impact 1\/4&#8243;)<\/p>\n<p><strong>Materiale:<\/strong><br \/>\nJern, st\u00e5l, aluminium og tre.<br \/>\n<strong>Egenskaper:<\/strong><br \/>\nBest egnet for slagskrutrekkere. 1\/4\u00bb sekskantfeste for raskt bytte. Slipte spiraler laget i ett stykke med kryss-spiss for bedre sentrering.<br \/>\n<img loading=\"lazy\" decoding=\"async\" class=\"alignnone wp-image-4154\" src=\"https:\/\/lunatools.com\/wp-content\/uploads\/2019\/02\/Metal_icon.png\" alt=\"Metall ikon Luna\" width=\"40\" height=\"40\" \/><img loading=\"lazy\" decoding=\"async\" class=\"alignnone wp-image-4151\" src=\"https:\/\/lunatools.com\/wp-content\/uploads\/2019\/02\/Aluminium_icon.png\" alt=\"Aluminium ikon Luna\" width=\"40\" height=\"41\" \/><img loading=\"lazy\" decoding=\"async\" class=\"alignnone wp-image-4156\" src=\"https:\/\/lunatools.com\/wp-content\/uploads\/2019\/02\/Wood_yellow-1.png\" alt=\"Tr\u00e4 ikon Luna\" width=\"40\" height=\"40\" \/>[\/vc_column_text][vc_column_text css=&#8221;.vc_custom_1573545173116{border-top-width: 5px !important;border-right-width: 5px !important;border-bottom-width: 5px !important;border-left-width: 5px !important;padding-top: 10px !important;padding-right: 10px !important;padding-bottom: 10px !important;padding-left: 10px !important;border-left-color: #76b82a !important;border-left-style: solid !important;border-right-color: #76b82a !important;border-right-style: solid !important;border-top-color: #76b82a !important;border-top-style: solid !important;border-bottom-color: #76b82a !important;border-bottom-style: solid !important;border-radius: 2px !important;}&#8221;]<\/p>\n<h4>Bruksomr\u00e5de 4<\/h4>\n<p><strong>Type metallbor:<\/strong> Hurtigst\u00e5l (HSS 1\/4\u00bb)<\/p>\n<p><strong>Materiale:<\/strong><br \/>\nJern, st\u00e5l, aluminium og tre.<br \/>\n<strong>Egenskaper:<\/strong><br \/>\nIkke egnet for slagskrutrekkere. 1\/4\u00bb sekskantfeste for raskt bytte. Slipte spiraler laget i ett stykke med kryss-spiss for bedre sentrering.<br \/>\n<img loading=\"lazy\" decoding=\"async\" class=\"alignnone wp-image-4154\" src=\"https:\/\/lunatools.com\/wp-content\/uploads\/2019\/02\/Metal_icon.png\" alt=\"Metall ikon Luna\" width=\"40\" height=\"40\" \/><img loading=\"lazy\" decoding=\"async\" class=\"alignnone wp-image-4151\" src=\"https:\/\/lunatools.com\/wp-content\/uploads\/2019\/02\/Aluminium_icon.png\" alt=\"Aluminium ikon Luna\" width=\"40\" height=\"41\" \/><img loading=\"lazy\" decoding=\"async\" class=\"alignnone wp-image-4156\" src=\"https:\/\/lunatools.com\/wp-content\/uploads\/2019\/02\/Wood_yellow-1.png\" alt=\"Tr\u00e4 ikon Luna\" width=\"40\" height=\"40\" \/>[\/vc_column_text][vc_column_text css=&#8221;.vc_custom_1573545245995{border-top-width: 5px !important;border-right-width: 5px !important;border-bottom-width: 5px !important;border-left-width: 5px !important;padding-top: 10px !important;padding-right: 10px !important;padding-bottom: 10px !important;padding-left: 10px !important;border-left-color: #76b82a !important;border-left-style: solid !important;border-right-color: #76b82a !important;border-right-style: solid !important;border-top-color: #76b82a !important;border-top-style: solid !important;border-bottom-color: #76b82a !important;border-bottom-style: solid !important;border-radius: 2px !important;}&#8221;]<\/p>\n<h4>Bruksomr\u00e5de 5<\/h4>\n<p><strong>Type metallbor:<\/strong> Hurtigst\u00e5l (Stegbor HSS)<\/p>\n<p><strong>Materiale:<\/strong><br \/>\nMetall, plast og laminat.<br \/>\n<strong>Egenskaper:<\/strong><br \/>\nStegbor i ulike intervaller for opptaking av hull i metall, plast, laminat etc. Lager gradfrie snitt uten deformering. Kryss-spiss for n\u00f8ye sentrering.<br \/>\n<img loading=\"lazy\" decoding=\"async\" class=\"alignnone wp-image-4154\" src=\"https:\/\/lunatools.com\/wp-content\/uploads\/2019\/02\/Metal_icon.png\" alt=\"Metall ikon Luna\" width=\"40\" height=\"40\" \/><img loading=\"lazy\" decoding=\"async\" class=\"alignnone wp-image-4157\" src=\"https:\/\/lunatools.com\/wp-content\/uploads\/2019\/02\/Laminate_yellow.png\" alt=\"\" width=\"40\" height=\"40\" \/><img loading=\"lazy\" decoding=\"async\" class=\"alignnone wp-image-4159\" src=\"https:\/\/lunatools.com\/wp-content\/uploads\/2019\/02\/Plastic_icon.png\" alt=\"Plastikon Luna\" width=\"40\" height=\"40\" \/>[\/vc_column_text][vc_column_text css=&#8221;.vc_custom_1573545315011{border-top-width: 5px !important;border-right-width: 5px !important;border-bottom-width: 5px !important;border-left-width: 5px !important;padding-top: 10px !important;padding-right: 10px !important;padding-bottom: 10px !important;padding-left: 10px !important;border-left-color: #76b82a !important;border-left-style: solid !important;border-right-color: #76b82a !important;border-right-style: solid !important;border-top-color: #76b82a !important;border-top-style: solid !important;border-bottom-color: #76b82a !important;border-bottom-style: solid !important;border-radius: 2px !important;}&#8221;]<\/p>\n<h4>Bruksomr\u00e5de 6<\/h4>\n<p><strong>Type metallbor:<\/strong> Hurtigst\u00e5l (Popnaglebor HSS)<\/p>\n<p><strong>Materiele:<\/strong><br \/>\nJern, st\u00e5l og aluminium<br \/>\n<strong>Egenskaper:<\/strong><br \/>\nEkstra egnet for hulltaking til popnagler, men ogs\u00e5 meget egnet for tynnplater. Slipte spiraler.<br \/>\n<img loading=\"lazy\" decoding=\"async\" class=\"alignnone wp-image-4154\" src=\"https:\/\/lunatools.com\/wp-content\/uploads\/2019\/02\/Metal_icon.png\" alt=\"Metall ikon Luna\" width=\"40\" height=\"40\" \/><img loading=\"lazy\" decoding=\"async\" class=\"alignnone wp-image-4151\" src=\"https:\/\/lunatools.com\/wp-content\/uploads\/2019\/02\/Aluminium_icon.png\" alt=\"Aluminium ikon Luna\" width=\"40\" height=\"41\" \/><img loading=\"lazy\" decoding=\"async\" class=\"alignnone wp-image-4156\" src=\"https:\/\/lunatools.com\/wp-content\/uploads\/2019\/02\/Wood_yellow-1.png\" alt=\"Tr\u00e4 ikon Luna\" width=\"40\" height=\"40\" \/>[\/vc_column_text][vc_column_text css=&#8221;.vc_custom_1573545383016{border-top-width: 5px !important;border-right-width: 5px !important;border-bottom-width: 5px !important;border-left-width: 5px !important;padding-top: 10px !important;padding-right: 10px !important;padding-bottom: 10px !important;padding-left: 10px !important;border-left-color: #76b82a !important;border-left-style: solid !important;border-right-color: #76b82a !important;border-right-style: solid !important;border-top-color: #76b82a !important;border-top-style: solid !important;border-bottom-color: #76b82a !important;border-bottom-style: solid !important;border-radius: 2px !important;}&#8221;]<\/p>\n<h4>Bruksomr\u00e5de 7<\/h4>\n<p><strong>Type metallbor:<\/strong> Hurtigst\u00e5l (Formbor HSS)<\/p>\n<p><strong>Materiale:<\/strong><br \/>\nJern, st\u00e5l, aluminium og tre.<br \/>\n<strong>Egenskaper:<\/strong><br \/>\nMeget egnet for boring av st\u00f8peformer. Borkrone av hurtigst\u00e5l og feste av spesialst\u00e5l.<br \/>\n<img loading=\"lazy\" decoding=\"async\" class=\"alignnone wp-image-4154\" src=\"https:\/\/lunatools.com\/wp-content\/uploads\/2019\/02\/Metal_icon.png\" alt=\"Metall ikon Luna\" width=\"40\" height=\"40\" \/><img loading=\"lazy\" decoding=\"async\" class=\"alignnone wp-image-4151\" src=\"https:\/\/lunatools.com\/wp-content\/uploads\/2019\/02\/Aluminium_icon.png\" alt=\"Aluminium ikon Luna\" width=\"40\" height=\"41\" \/><img loading=\"lazy\" decoding=\"async\" class=\"alignnone wp-image-4156\" src=\"https:\/\/lunatools.com\/wp-content\/uploads\/2019\/02\/Wood_yellow-1.png\" alt=\"Tr\u00e4 ikon Luna\" width=\"40\" height=\"40\" \/>[\/vc_column_text][\/vc_column][\/vc_row][vc_row disable_element=&#8221;yes&#8221;][vc_column]\n        <div class=\"block block--promo with-image valign--top bg--white  align-left\">\n            <div class=\"promo\">\n                <div class=\"promo__image\">\n                    <img loading=\"lazy\" decoding=\"async\" width=\"1500\" height=\"910\" src=\"https:\/\/lunatools.test.consids5.se\/wp-content\/uploads\/2019\/01\/Borr_kategoribild.jpg\" class=\"attachment-full size-full\" alt=\"I Lunas sortiment av borr finns allt fr\u00e5n kakelborr och metallborr till diamantborr f\u00f6r att kunna borra i kakel, borra i glas eller borra i metall.\" srcset=\"https:\/\/lunatools.test.consids5.se\/wp-content\/uploads\/2019\/01\/Borr_kategoribild.jpg 1500w, https:\/\/lunatools.test.consids5.se\/wp-content\/uploads\/2019\/01\/Borr_kategoribild-250x152.jpg 250w, https:\/\/lunatools.test.consids5.se\/wp-content\/uploads\/2019\/01\/Borr_kategoribild-768x466.jpg 768w, https:\/\/lunatools.test.consids5.se\/wp-content\/uploads\/2019\/01\/Borr_kategoribild-700x425.jpg 700w, https:\/\/lunatools.test.consids5.se\/wp-content\/uploads\/2019\/01\/Borr_kategoribild-120x73.jpg 120w, https:\/\/lunatools.test.consids5.se\/wp-content\/uploads\/2019\/01\/Borr_kategoribild-412x250.jpg 412w, https:\/\/lunatools.test.consids5.se\/wp-content\/uploads\/2019\/01\/Borr_kategoribild-600x364.jpg 600w\" sizes=\"(max-width: 1500px) 100vw, 1500px\" \/>\n                <\/div>\n                <div class=\"promo__content block__col\">\n                    <div class=\"promo__content__inner\">\n                        <h3 class=\"promo__subtitle\">V\u00e4lj r\u00e4tt metallborr<\/h3><h2 class=\"promo__title\">Ladda ner guiden<\/h2>\n                        <p class=\"promo__text\">Vi har skapat en \u00f6versiktsbild \u00f6ver v\u00e5ra borrar och skapat en v\u00e4gledande guide i hur man ska t\u00e4nka n\u00e4r man v\u00e4ljer metallborr f\u00f6r att uppn\u00e5 b\u00e4sta resultat.<\/p>\n<p>Ladda ner den h\u00e4r<\/p>\n                        \n                    <\/div>\n                <\/div>\n            <\/div>\n        <\/div>[\/vc_column][\/vc_row]<\/p>\n<\/div>","protected":false},"excerpt":{"rendered":"[vc_row][vc_column][vc_column_text] Hva skal du bore i? Metaller finnes i alle mulige hardheter og varianter. Derfor er det viktig \u00e5 vite hva slags materiale du skal bore i n\u00e5r du velger et metallbor. V\u00e5re definerte bruksomr\u00e5der nedenfor tar utgangspunkt i b\u00e5de de vanlige og mer spesielle materialer.[\/vc_column_text][vc_column_text css=&#8221;.vc_custom_1573544940933{border-top-width: 5px !important;border-right-width: 5px !important;border-bottom-width: 5px !important;border-left-width: 5px !important;padding-top:&#8230; <a class=\"view-article\" href=\"https:\/\/lunatools.test.consids5.se\/no\/kunnskapssenter\/velg-riktig-metallbor\/\">View Article<\/a>","protected":false},"author":2,"featured_media":4492,"parent":4343,"menu_order":0,"comment_status":"closed","ping_status":"closed","template":"","meta":{"_acf_changed":false,"footnotes":""},"class_list":["post-4490","page","type-page","status-publish","has-post-thumbnail","hentry"],"acf":[],"yoast_head":"<!-- This site is optimized with the Yoast SEO plugin v23.2 - https:\/\/yoast.com\/wordpress\/plugins\/seo\/ -->\n<title>Velg riktig metallbor - Luna tools<\/title>\n<meta name=\"robots\" content=\"index, follow, max-snippet:-1, max-image-preview:large, max-video-preview:-1\" \/>\n<link rel=\"canonical\" href=\"https:\/\/lunatools.test.consids5.se\/no\/kunnskapssenter\/velg-riktig-metallbor\/\" \/>\n<meta property=\"og:locale\" content=\"nb_NO\" \/>\n<meta property=\"og:type\" content=\"article\" \/>\n<meta property=\"og:title\" content=\"Velg riktig metallbor - Luna tools\" \/>\n<meta property=\"og:description\" content=\"[vc_row][vc_column][vc_column_text] Hva skal du bore i? Metaller finnes i alle mulige hardheter og varianter. Derfor er det viktig \u00e5 vite hva slags materiale du skal bore i n\u00e5r du velger et metallbor. V\u00e5re definerte bruksomr\u00e5der nedenfor tar utgangspunkt i b\u00e5de de vanlige og mer spesielle materialer.[\/vc_column_text][vc_column_text css=&#8221;.vc_custom_1573544940933{border-top-width: 5px !important;border-right-width: 5px !important;border-bottom-width: 5px !important;border-left-width: 5px !important;padding-top:... View Article\" \/>\n<meta property=\"og:url\" content=\"https:\/\/lunatools.test.consids5.se\/no\/kunnskapssenter\/velg-riktig-metallbor\/\" \/>\n<meta property=\"og:site_name\" content=\"Luna tools\" \/>\n<meta property=\"article:modified_time\" content=\"2019-11-12T07:56:37+00:00\" \/>\n<meta property=\"og:image\" content=\"https:\/\/lunatools.test.consids5.se\/wp-content\/uploads\/2019\/01\/Borr_kategoribild.jpg\" \/>\n\t<meta property=\"og:image:width\" content=\"1500\" \/>\n\t<meta property=\"og:image:height\" content=\"910\" \/>\n\t<meta property=\"og:image:type\" content=\"image\/jpeg\" \/>\n<meta name=\"twitter:label1\" content=\"Est. reading time\" \/>\n\t<meta name=\"twitter:data1\" content=\"4 minutes\" \/>\n<script type=\"application\/ld+json\" class=\"yoast-schema-graph\">{\"@context\":\"https:\/\/schema.org\",\"@graph\":[{\"@type\":\"WebPage\",\"@id\":\"https:\/\/lunatools.test.consids5.se\/no\/kunnskapssenter\/velg-riktig-metallbor\/\",\"url\":\"https:\/\/lunatools.test.consids5.se\/no\/kunnskapssenter\/velg-riktig-metallbor\/\",\"name\":\"Velg riktig metallbor - Luna tools\",\"isPartOf\":{\"@id\":\"https:\/\/lunatools.test.consids5.se\/en\/#website\"},\"primaryImageOfPage\":{\"@id\":\"https:\/\/lunatools.test.consids5.se\/no\/kunnskapssenter\/velg-riktig-metallbor\/#primaryimage\"},\"image\":{\"@id\":\"https:\/\/lunatools.test.consids5.se\/no\/kunnskapssenter\/velg-riktig-metallbor\/#primaryimage\"},\"thumbnailUrl\":\"https:\/\/lunatools.test.consids5.se\/wp-content\/uploads\/2019\/01\/Borr_kategoribild.jpg\",\"datePublished\":\"2019-04-23T06:12:55+00:00\",\"dateModified\":\"2019-11-12T07:56:37+00:00\",\"breadcrumb\":{\"@id\":\"https:\/\/lunatools.test.consids5.se\/no\/kunnskapssenter\/velg-riktig-metallbor\/#breadcrumb\"},\"inLanguage\":\"nb-NO\",\"potentialAction\":[{\"@type\":\"ReadAction\",\"target\":[\"https:\/\/lunatools.test.consids5.se\/no\/kunnskapssenter\/velg-riktig-metallbor\/\"]}]},{\"@type\":\"ImageObject\",\"inLanguage\":\"nb-NO\",\"@id\":\"https:\/\/lunatools.test.consids5.se\/no\/kunnskapssenter\/velg-riktig-metallbor\/#primaryimage\",\"url\":\"https:\/\/lunatools.test.consids5.se\/wp-content\/uploads\/2019\/01\/Borr_kategoribild.jpg\",\"contentUrl\":\"https:\/\/lunatools.test.consids5.se\/wp-content\/uploads\/2019\/01\/Borr_kategoribild.jpg\",\"width\":1500,\"height\":910,\"caption\":\"I Lunas borsortiment finnes alt fra flisbor og metallbor til diamantbor for \u00e5 kunne bore i fliser, glass eller metall.\"},{\"@type\":\"BreadcrumbList\",\"@id\":\"https:\/\/lunatools.test.consids5.se\/no\/kunnskapssenter\/velg-riktig-metallbor\/#breadcrumb\",\"itemListElement\":[{\"@type\":\"ListItem\",\"position\":1,\"name\":\"Home\",\"item\":\"https:\/\/lunatools.test.consids5.se\/no\/\"},{\"@type\":\"ListItem\",\"position\":2,\"name\":\"KUNNSKAPSSENTER\",\"item\":\"https:\/\/lunatools.test.consids5.se\/no\/kunnskapssenter\/\"},{\"@type\":\"ListItem\",\"position\":3,\"name\":\"Velg riktig metallbor\"}]},{\"@type\":\"WebSite\",\"@id\":\"https:\/\/lunatools.test.consids5.se\/en\/#website\",\"url\":\"https:\/\/lunatools.test.consids5.se\/en\/\",\"name\":\"Luna tools\",\"description\":\"\",\"publisher\":{\"@id\":\"https:\/\/lunatools.test.consids5.se\/en\/#organization\"},\"potentialAction\":[{\"@type\":\"SearchAction\",\"target\":{\"@type\":\"EntryPoint\",\"urlTemplate\":\"https:\/\/lunatools.test.consids5.se\/en\/?s={search_term_string}\"},\"query-input\":\"required name=search_term_string\"}],\"inLanguage\":\"nb-NO\"},{\"@type\":\"Organization\",\"@id\":\"https:\/\/lunatools.test.consids5.se\/en\/#organization\",\"name\":\"Luna Tools\",\"url\":\"https:\/\/lunatools.test.consids5.se\/en\/\",\"logo\":{\"@type\":\"ImageObject\",\"inLanguage\":\"nb-NO\",\"@id\":\"https:\/\/lunatools.test.consids5.se\/en\/#\/schema\/logo\/image\/\",\"url\":\"https:\/\/lunatools.com\/wp-content\/uploads\/2019\/10\/LunaTools-gray-logo.png\",\"contentUrl\":\"https:\/\/lunatools.com\/wp-content\/uploads\/2019\/10\/LunaTools-gray-logo.png\",\"width\":795,\"height\":309,\"caption\":\"Luna Tools\"},\"image\":{\"@id\":\"https:\/\/lunatools.test.consids5.se\/en\/#\/schema\/logo\/image\/\"}}]}<\/script>\n<!-- \/ Yoast SEO plugin. -->","yoast_head_json":{"title":"Velg riktig metallbor - Luna tools","robots":{"index":"index","follow":"follow","max-snippet":"max-snippet:-1","max-image-preview":"max-image-preview:large","max-video-preview":"max-video-preview:-1"},"canonical":"https:\/\/lunatools.test.consids5.se\/no\/kunnskapssenter\/velg-riktig-metallbor\/","og_locale":"nb_NO","og_type":"article","og_title":"Velg riktig metallbor - Luna tools","og_description":"[vc_row][vc_column][vc_column_text] Hva skal du bore i? Metaller finnes i alle mulige hardheter og varianter. Derfor er det viktig \u00e5 vite hva slags materiale du skal bore i n\u00e5r du velger et metallbor. V\u00e5re definerte bruksomr\u00e5der nedenfor tar utgangspunkt i b\u00e5de de vanlige og mer spesielle materialer.[\/vc_column_text][vc_column_text css=&#8221;.vc_custom_1573544940933{border-top-width: 5px !important;border-right-width: 5px !important;border-bottom-width: 5px !important;border-left-width: 5px !important;padding-top:... View Article","og_url":"https:\/\/lunatools.test.consids5.se\/no\/kunnskapssenter\/velg-riktig-metallbor\/","og_site_name":"Luna tools","article_modified_time":"2019-11-12T07:56:37+00:00","og_image":[{"width":1500,"height":910,"url":"https:\/\/lunatools.test.consids5.se\/wp-content\/uploads\/2019\/01\/Borr_kategoribild.jpg","type":"image\/jpeg"}],"twitter_misc":{"Est. reading time":"4 minutes"},"schema":{"@context":"https:\/\/schema.org","@graph":[{"@type":"WebPage","@id":"https:\/\/lunatools.test.consids5.se\/no\/kunnskapssenter\/velg-riktig-metallbor\/","url":"https:\/\/lunatools.test.consids5.se\/no\/kunnskapssenter\/velg-riktig-metallbor\/","name":"Velg riktig metallbor - Luna tools","isPartOf":{"@id":"https:\/\/lunatools.test.consids5.se\/en\/#website"},"primaryImageOfPage":{"@id":"https:\/\/lunatools.test.consids5.se\/no\/kunnskapssenter\/velg-riktig-metallbor\/#primaryimage"},"image":{"@id":"https:\/\/lunatools.test.consids5.se\/no\/kunnskapssenter\/velg-riktig-metallbor\/#primaryimage"},"thumbnailUrl":"https:\/\/lunatools.test.consids5.se\/wp-content\/uploads\/2019\/01\/Borr_kategoribild.jpg","datePublished":"2019-04-23T06:12:55+00:00","dateModified":"2019-11-12T07:56:37+00:00","breadcrumb":{"@id":"https:\/\/lunatools.test.consids5.se\/no\/kunnskapssenter\/velg-riktig-metallbor\/#breadcrumb"},"inLanguage":"nb-NO","potentialAction":[{"@type":"ReadAction","target":["https:\/\/lunatools.test.consids5.se\/no\/kunnskapssenter\/velg-riktig-metallbor\/"]}]},{"@type":"ImageObject","inLanguage":"nb-NO","@id":"https:\/\/lunatools.test.consids5.se\/no\/kunnskapssenter\/velg-riktig-metallbor\/#primaryimage","url":"https:\/\/lunatools.test.consids5.se\/wp-content\/uploads\/2019\/01\/Borr_kategoribild.jpg","contentUrl":"https:\/\/lunatools.test.consids5.se\/wp-content\/uploads\/2019\/01\/Borr_kategoribild.jpg","width":1500,"height":910,"caption":"I Lunas borsortiment finnes alt fra flisbor og metallbor til diamantbor for \u00e5 kunne bore i fliser, glass eller metall."},{"@type":"BreadcrumbList","@id":"https:\/\/lunatools.test.consids5.se\/no\/kunnskapssenter\/velg-riktig-metallbor\/#breadcrumb","itemListElement":[{"@type":"ListItem","position":1,"name":"Home","item":"https:\/\/lunatools.test.consids5.se\/no\/"},{"@type":"ListItem","position":2,"name":"KUNNSKAPSSENTER","item":"https:\/\/lunatools.test.consids5.se\/no\/kunnskapssenter\/"},{"@type":"ListItem","position":3,"name":"Velg riktig metallbor"}]},{"@type":"WebSite","@id":"https:\/\/lunatools.test.consids5.se\/en\/#website","url":"https:\/\/lunatools.test.consids5.se\/en\/","name":"Luna tools","description":"","publisher":{"@id":"https:\/\/lunatools.test.consids5.se\/en\/#organization"},"potentialAction":[{"@type":"SearchAction","target":{"@type":"EntryPoint","urlTemplate":"https:\/\/lunatools.test.consids5.se\/en\/?s={search_term_string}"},"query-input":"required name=search_term_string"}],"inLanguage":"nb-NO"},{"@type":"Organization","@id":"https:\/\/lunatools.test.consids5.se\/en\/#organization","name":"Luna Tools","url":"https:\/\/lunatools.test.consids5.se\/en\/","logo":{"@type":"ImageObject","inLanguage":"nb-NO","@id":"https:\/\/lunatools.test.consids5.se\/en\/#\/schema\/logo\/image\/","url":"https:\/\/lunatools.com\/wp-content\/uploads\/2019\/10\/LunaTools-gray-logo.png","contentUrl":"https:\/\/lunatools.com\/wp-content\/uploads\/2019\/10\/LunaTools-gray-logo.png","width":795,"height":309,"caption":"Luna Tools"},"image":{"@id":"https:\/\/lunatools.test.consids5.se\/en\/#\/schema\/logo\/image\/"}}]}},"_links":{"self":[{"href":"https:\/\/lunatools.test.consids5.se\/no\/wp-json\/wp\/v2\/pages\/4490"}],"collection":[{"href":"https:\/\/lunatools.test.consids5.se\/no\/wp-json\/wp\/v2\/pages"}],"about":[{"href":"https:\/\/lunatools.test.consids5.se\/no\/wp-json\/wp\/v2\/types\/page"}],"author":[{"embeddable":true,"href":"https:\/\/lunatools.test.consids5.se\/no\/wp-json\/wp\/v2\/users\/2"}],"replies":[{"embeddable":true,"href":"https:\/\/lunatools.test.consids5.se\/no\/wp-json\/wp\/v2\/comments?post=4490"}],"version-history":[{"count":5,"href":"https:\/\/lunatools.test.consids5.se\/no\/wp-json\/wp\/v2\/pages\/4490\/revisions"}],"predecessor-version":[{"id":12282,"href":"https:\/\/lunatools.test.consids5.se\/no\/wp-json\/wp\/v2\/pages\/4490\/revisions\/12282"}],"up":[{"embeddable":true,"href":"https:\/\/lunatools.test.consids5.se\/no\/wp-json\/wp\/v2\/pages\/4343"}],"wp:featuredmedia":[{"embeddable":true,"href":"https:\/\/lunatools.test.consids5.se\/no\/wp-json\/wp\/v2\/media\/4492"}],"wp:attachment":[{"href":"https:\/\/lunatools.test.consids5.se\/no\/wp-json\/wp\/v2\/media?parent=4490"}],"curies":[{"name":"wp","href":"https:\/\/api.w.org\/{rel}","templated":true}]}}