{"id":4494,"date":"2019-04-23T06:12:56","date_gmt":"2019-04-23T06:12:56","guid":{"rendered":"https:\/\/lunatools.com\/?page_id=4494"},"modified":"2019-11-12T08:06:21","modified_gmt":"2019-11-12T08:06:21","slug":"velg-riktig-multitool","status":"publish","type":"page","link":"https:\/\/lunatools.test.consids5.se\/no\/kunnskapssenter\/velg-riktig-multitool\/","title":{"rendered":"Velg riktig multiverkt\u00f8y"},"content":{"rendered":"<div class=\"wpb-content-wrapper\"><p>[vc_row][vc_column][vc_column_text]<\/p>\n<h2>Hva skal du sage i?<\/h2>\n<p>N\u00e5r og hvordan du skal bruke et multiverkt\u00f8y er viktig \u00e5 tenke p\u00e5. V\u00e5re definerte bruksomr\u00e5der nevnt under, g\u00e5r ut ifra b\u00e5de vanlige og mer spesielle materialer.[\/vc_column_text][vc_column_text css=&#8221;.vc_custom_1573545688060{border-top-width: 5px !important;border-right-width: 5px !important;border-bottom-width: 5px !important;border-left-width: 5px !important;padding-top: 10px !important;padding-right: 10px !important;padding-bottom: 10px !important;padding-left: 10px !important;border-left-color: #76b82a !important;border-left-style: solid !important;border-right-color: #76b82a !important;border-right-style: solid !important;border-top-color: #76b82a !important;border-top-style: solid !important;border-bottom-color: #76b82a !important;border-bottom-style: solid !important;border-radius: 2px !important;}&#8221;]<\/p>\n<h4>Bruksomr\u00e5de 1<\/h4>\n<p><strong>Type mutliverkt\u00f8y:<\/strong> Innstikksagblad<\/p>\n<p><strong>Materiale:<\/strong><br \/>\nType 1 (HCS kullst\u00e5l): Tre og plast\u00a0 <img loading=\"lazy\" decoding=\"async\" class=\"alignnone wp-image-4156\" src=\"https:\/\/lunatools.com\/wp-content\/uploads\/2019\/02\/Wood_yellow-1.png\" alt=\"Tr\u00e4 ikon Luna\" width=\"40\" height=\"40\" \/><img loading=\"lazy\" decoding=\"async\" class=\"alignnone wp-image-4159\" src=\"https:\/\/lunatools.com\/wp-content\/uploads\/2019\/02\/Plastic_icon.png\" alt=\"Plastikon Luna\" width=\"40\" height=\"40\" \/><br \/>\nType 2 (TCT hardmetall): Metall, rustfritt og glassfiber <img loading=\"lazy\" decoding=\"async\" class=\"alignnone wp-image-4154\" src=\"https:\/\/lunatools.com\/wp-content\/uploads\/2019\/02\/Metal_icon.png\" alt=\"Metall ikon Luna\" width=\"40\" height=\"40\" \/><img loading=\"lazy\" decoding=\"async\" class=\"alignnone wp-image-4152\" src=\"https:\/\/lunatools.com\/wp-content\/uploads\/2019\/02\/Stainnless_steel.png\" alt=\"\" width=\"40\" height=\"40\" \/><img loading=\"lazy\" decoding=\"async\" class=\"alignnone wp-image-4162\" src=\"https:\/\/lunatools.com\/wp-content\/uploads\/2019\/02\/SYMBOL_Fiberglass_C.png\" alt=\"Fiberglasikon Luna\" width=\"40\" height=\"40\" \/><br \/>\nType 3 (BIM bimetall): Metall, tre, laminat og plast <img loading=\"lazy\" decoding=\"async\" class=\"alignnone wp-image-4154\" src=\"https:\/\/lunatools.com\/wp-content\/uploads\/2019\/02\/Metal_icon.png\" alt=\"Metall ikon Luna\" width=\"40\" height=\"40\" \/><img loading=\"lazy\" decoding=\"async\" class=\"alignnone wp-image-4156\" src=\"https:\/\/lunatools.com\/wp-content\/uploads\/2019\/02\/Wood_yellow-1.png\" alt=\"Tr\u00e4 ikon Luna\" width=\"40\" height=\"40\" \/><img loading=\"lazy\" decoding=\"async\" class=\"alignnone wp-image-4157\" src=\"https:\/\/lunatools.com\/wp-content\/uploads\/2019\/02\/Laminate_yellow.png\" alt=\"\" width=\"40\" height=\"40\" \/><img loading=\"lazy\" decoding=\"async\" class=\"alignnone wp-image-4159\" src=\"https:\/\/lunatools.com\/wp-content\/uploads\/2019\/02\/Plastic_icon.png\" alt=\"Plastikon Luna\" width=\"40\" height=\"40\" \/><\/p>\n<p><strong>Egenskaper:<\/strong><br \/>\nKapping p\u00e5 trange plasser, f.eks. vinkler, hj\u00f8rner og uttak i plater.[\/vc_column_text][vc_column_text css=&#8221;.vc_custom_1573545801222{border-top-width: 5px !important;border-right-width: 5px !important;border-bottom-width: 5px !important;border-left-width: 5px !important;padding-top: 10px !important;padding-right: 10px !important;padding-bottom: 10px !important;padding-left: 10px !important;border-left-color: #76b82a !important;border-left-style: solid !important;border-right-color: #76b82a !important;border-right-style: solid !important;border-top-color: #76b82a !important;border-top-style: solid !important;border-bottom-color: #76b82a !important;border-bottom-style: solid !important;border-radius: 2px !important;}&#8221;]<\/p>\n<h4>Bruksomr\u00e5de 2<\/h4>\n<p><strong>Type mutliverkt\u00f8y:<\/strong> Segmentsagblad<\/p>\n<p><strong>Materiale:<\/strong><br \/>\nType 1 (HCS kullst\u00e5l): Tre og plast <img loading=\"lazy\" decoding=\"async\" class=\"alignnone wp-image-4156\" src=\"https:\/\/lunatools.com\/wp-content\/uploads\/2019\/02\/Wood_yellow-1.png\" alt=\"Tr\u00e4 ikon Luna\" width=\"40\" height=\"40\" \/><img loading=\"lazy\" decoding=\"async\" class=\"alignnone wp-image-4159\" src=\"https:\/\/lunatools.com\/wp-content\/uploads\/2019\/02\/Plastic_icon.png\" alt=\"Plastikon Luna\" width=\"40\" height=\"40\" \/><br \/>\nType 2 (TCT hardmetall): Glassfiber og flis <img loading=\"lazy\" decoding=\"async\" class=\"alignnone wp-image-4143\" src=\"https:\/\/lunatools.com\/wp-content\/uploads\/2019\/02\/MSC2_Tile.png\" alt=\"Kakelikon Luna\" width=\"40\" height=\"40\" \/><img loading=\"lazy\" decoding=\"async\" class=\"alignnone wp-image-4162\" src=\"https:\/\/lunatools.com\/wp-content\/uploads\/2019\/02\/SYMBOL_Fiberglass_C.png\" alt=\"Fiberglasikon Luna\" width=\"40\" height=\"40\" \/><img loading=\"lazy\" decoding=\"async\" class=\"alignnone wp-image-4179\" src=\"https:\/\/lunatools.com\/wp-content\/uploads\/2019\/02\/SYMBOL_Tile_Joints_C-1.png\" alt=\"\" width=\"40\" height=\"40\" \/><br \/>\nType 3 (BIM bimetall): Metall, tre, laminat og plast <img loading=\"lazy\" decoding=\"async\" class=\"alignnone wp-image-4154\" src=\"https:\/\/lunatools.com\/wp-content\/uploads\/2019\/02\/Metal_icon.png\" alt=\"Metall ikon Luna\" width=\"40\" height=\"40\" \/><img loading=\"lazy\" decoding=\"async\" class=\"alignnone wp-image-4156\" src=\"https:\/\/lunatools.com\/wp-content\/uploads\/2019\/02\/Wood_yellow-1.png\" alt=\"Tr\u00e4 ikon Luna\" width=\"40\" height=\"40\" \/><img loading=\"lazy\" decoding=\"async\" class=\"alignnone wp-image-4157\" src=\"https:\/\/lunatools.com\/wp-content\/uploads\/2019\/02\/Laminate_yellow.png\" alt=\"\" width=\"40\" height=\"40\" \/><img loading=\"lazy\" decoding=\"async\" class=\"alignnone wp-image-4159\" src=\"https:\/\/lunatools.com\/wp-content\/uploads\/2019\/02\/Plastic_icon.png\" alt=\"Plastikon Luna\" width=\"40\" height=\"40\" \/><\/p>\n<p><strong>Egenskaper:<\/strong><br \/>\nKapping, kl\u00f8yving, sporing av plater, profiler og r\u00f8r. Modellen med titan belegg for ekstra slitende materialer.[\/vc_column_text][vc_column_text css=&#8221;.vc_custom_1573545927620{border-top-width: 5px !important;border-right-width: 5px !important;border-bottom-width: 5px !important;border-left-width: 5px !important;padding-top: 10px !important;padding-right: 10px !important;padding-bottom: 10px !important;padding-left: 10px !important;border-left-color: #76b82a !important;border-left-style: solid !important;border-right-color: #76b82a !important;border-right-style: solid !important;border-top-color: #76b82a !important;border-top-style: solid !important;border-bottom-color: #76b82a !important;border-bottom-style: solid !important;border-radius: 2px !important;}&#8221;]<\/p>\n<h4>Bruksomr\u00e5de 3<\/h4>\n<p><strong>Type mutlitverkt\u00f8y:<\/strong> Slipverkt\u00f8y<\/p>\n<ol>\n<li>Slipeverkt\u00f8y 1<br \/>\n<strong>Materiale:<\/strong><br \/>\nVelcro<br \/>\n<strong>Egenskaper:<\/strong><br \/>\nSliping p\u00e5 trange plasser av tre, metall, plast og maling.<br \/>\n<img loading=\"lazy\" decoding=\"async\" class=\"alignnone wp-image-4181\" src=\"https:\/\/lunatools.com\/wp-content\/uploads\/2019\/02\/SYMBOL_Velcro_C.png\" alt=\"\" width=\"40\" height=\"40\" \/><\/li>\n<li>Slipeverkt\u00f8y 2<br \/>\n<strong>Materiale:<br \/>\n<\/strong>Fuger og maling<br \/>\n<strong>Egenskaper<br \/>\n<\/strong>Grovsliping av lim, fuger, maling, tre og plast.<br \/>\n<img loading=\"lazy\" decoding=\"async\" class=\"alignnone wp-image-4179\" src=\"https:\/\/lunatools.com\/wp-content\/uploads\/2019\/02\/SYMBOL_Tile_Joints_C-1.png\" alt=\"\" width=\"40\" height=\"40\" \/><img loading=\"lazy\" decoding=\"async\" class=\"alignnone wp-image-4182\" src=\"https:\/\/lunatools.com\/wp-content\/uploads\/2019\/02\/SYMBOL_Paint_C.png\" alt=\"\" width=\"40\" height=\"40\" \/><\/li>\n<li>Slipeverkt\u00f8y 3<br \/>\n<strong>Materiale:<br \/>\n<\/strong>Fuger og maling<br \/>\n<strong>Egenskaper:<br \/>\n<\/strong>Sliping av fuger og lim.<br \/>\n<img loading=\"lazy\" decoding=\"async\" class=\"alignnone wp-image-4179\" src=\"https:\/\/lunatools.com\/wp-content\/uploads\/2019\/02\/SYMBOL_Tile_Joints_C-1.png\" alt=\"\" width=\"40\" height=\"40\" \/><img loading=\"lazy\" decoding=\"async\" class=\"alignnone wp-image-4182\" src=\"https:\/\/lunatools.com\/wp-content\/uploads\/2019\/02\/SYMBOL_Paint_C.png\" alt=\"\" width=\"40\" height=\"40\" \/><\/li>\n<li>Slipeverkt\u00f8y 4<br \/>\n<strong>Materiale:<br \/>\n<\/strong>Fuger og maling<br \/>\n<strong>Egenskaper:<br \/>\n<\/strong>Utsliping av flisfuger.<br \/>\n<img loading=\"lazy\" decoding=\"async\" class=\"alignnone wp-image-4179\" src=\"https:\/\/lunatools.com\/wp-content\/uploads\/2019\/02\/SYMBOL_Tile_Joints_C-1.png\" alt=\"\" width=\"40\" height=\"40\" \/><img loading=\"lazy\" decoding=\"async\" class=\"alignnone wp-image-4182\" src=\"https:\/\/lunatools.com\/wp-content\/uploads\/2019\/02\/SYMBOL_Paint_C.png\" alt=\"\" width=\"40\" height=\"40\" \/><\/li>\n<\/ol>\n<p>[\/vc_column_text][vc_column_text css=&#8221;.vc_custom_1573545953292{border-top-width: 5px !important;border-right-width: 5px !important;border-bottom-width: 5px !important;border-left-width: 5px !important;padding-top: 10px !important;padding-right: 10px !important;padding-bottom: 10px !important;padding-left: 10px !important;border-left-color: #76b82a !important;border-left-style: solid !important;border-right-color: #76b82a !important;border-right-style: solid !important;border-top-color: #76b82a !important;border-top-style: solid !important;border-bottom-color: #76b82a !important;border-bottom-style: solid !important;border-radius: 2px !important;}&#8221;]<\/p>\n<h4>Bruksomr\u00e5de 4<\/h4>\n<p><strong>Type multiverkt\u00f8y:<\/strong> Skrapverkt\u00f8y<\/p>\n<p><strong>Materiale:<br \/>\n<\/strong>Maling og lim<\/p>\n<p><strong>Egenskaper:<\/strong><br \/>\nSkrape bort lim, fuger og maling.<br \/>\n<img loading=\"lazy\" decoding=\"async\" class=\"alignnone wp-image-4182\" src=\"https:\/\/lunatools.com\/wp-content\/uploads\/2019\/02\/SYMBOL_Paint_C.png\" alt=\"\" width=\"40\" height=\"40\" \/><img loading=\"lazy\" decoding=\"async\" class=\"alignnone wp-image-4184\" src=\"https:\/\/lunatools.com\/wp-content\/uploads\/2019\/02\/SYMBOL_Sealant_C.png\" alt=\"\" width=\"40\" height=\"40\" \/>[\/vc_column_text]\n        <div class=\"block block--promo with-image valign--top bg--white  align-left\">\n            <div class=\"promo\">\n                <div class=\"promo__image\">\n                    <img loading=\"lazy\" decoding=\"async\" width=\"1500\" height=\"910\" src=\"https:\/\/lunatools.test.consids5.se\/wp-content\/uploads\/2019\/01\/Multiverktyg.jpg\" class=\"attachment-full size-full\" alt=\"I Lunas sortiment av multiverktyg finner du segments\u00e5gklingor, instickss\u00e5gblad, hela multiverktygssatser m m. Multiverktyget anv\u00e4nds fr\u00e4mst f\u00f6r kapning, s\u00e5gning, skrapning, slipning och sk\u00e4rning.\" srcset=\"https:\/\/lunatools.test.consids5.se\/wp-content\/uploads\/2019\/01\/Multiverktyg.jpg 1500w, https:\/\/lunatools.test.consids5.se\/wp-content\/uploads\/2019\/01\/Multiverktyg-250x152.jpg 250w, https:\/\/lunatools.test.consids5.se\/wp-content\/uploads\/2019\/01\/Multiverktyg-768x466.jpg 768w, https:\/\/lunatools.test.consids5.se\/wp-content\/uploads\/2019\/01\/Multiverktyg-700x425.jpg 700w, https:\/\/lunatools.test.consids5.se\/wp-content\/uploads\/2019\/01\/Multiverktyg-120x73.jpg 120w, https:\/\/lunatools.test.consids5.se\/wp-content\/uploads\/2019\/01\/Multiverktyg-412x250.jpg 412w, https:\/\/lunatools.test.consids5.se\/wp-content\/uploads\/2019\/01\/Multiverktyg-600x364.jpg 600w\" sizes=\"(max-width: 1500px) 100vw, 1500px\" \/>\n                <\/div>\n                <div class=\"promo__content block__col\">\n                    <div class=\"promo__content__inner\">\n                        <h3 class=\"promo__subtitle\">Velg riktig multiverkt\u00f8y<\/h3><h2 class=\"promo__title\">Last ned guiden<\/h2>\n                        <p class=\"promo__text\">Vi har laget en oversikt over v\u00e5re multiverkt\u00f8y som veileder og guider deg gjennom produktene.<\/p>\n                        <a href=\"https:\/\/lunatools.com\/wp-content\/uploads\/2019\/04\/PTA_valj_ratt_multiverktyg_NO.pdf\" class=\"promo__action btn\">Last ner guiden<i><\/i><\/a>\n                    <\/div>\n                <\/div>\n            <\/div>\n        <\/div>[\/vc_column][\/vc_row]<\/p>\n<\/div>","protected":false},"excerpt":{"rendered":"[vc_row][vc_column][vc_column_text] Hva skal du sage i? N\u00e5r og hvordan du skal bruke et multiverkt\u00f8y er viktig \u00e5 tenke p\u00e5. V\u00e5re definerte bruksomr\u00e5der nevnt under, g\u00e5r ut ifra b\u00e5de vanlige og mer spesielle materialer.[\/vc_column_text][vc_column_text css=&#8221;.vc_custom_1573545688060{border-top-width: 5px !important;border-right-width: 5px !important;border-bottom-width: 5px !important;border-left-width: 5px !important;padding-top: 10px !important;padding-right: 10px !important;padding-bottom: 10px !important;padding-left: 10px !important;border-left-color: #76b82a !important;border-left-style: solid !important;border-right-color: #76b82a&#8230; <a class=\"view-article\" href=\"https:\/\/lunatools.test.consids5.se\/no\/kunnskapssenter\/velg-riktig-multitool\/\">View Article<\/a>","protected":false},"author":2,"featured_media":4496,"parent":4343,"menu_order":0,"comment_status":"closed","ping_status":"closed","template":"","meta":{"_acf_changed":false,"footnotes":""},"class_list":["post-4494","page","type-page","status-publish","has-post-thumbnail","hentry"],"acf":[],"yoast_head":"<!-- This site is optimized with the Yoast SEO plugin v23.2 - https:\/\/yoast.com\/wordpress\/plugins\/seo\/ -->\n<title>Velg riktig multiverkt\u00f8y - Luna tools<\/title>\n<meta name=\"robots\" content=\"index, follow, max-snippet:-1, max-image-preview:large, max-video-preview:-1\" \/>\n<link rel=\"canonical\" href=\"https:\/\/lunatools.test.consids5.se\/no\/kunnskapssenter\/velg-riktig-multitool\/\" \/>\n<meta property=\"og:locale\" content=\"nb_NO\" \/>\n<meta property=\"og:type\" content=\"article\" \/>\n<meta property=\"og:title\" content=\"Velg riktig multiverkt\u00f8y - Luna tools\" \/>\n<meta property=\"og:description\" content=\"[vc_row][vc_column][vc_column_text] Hva skal du sage i? N\u00e5r og hvordan du skal bruke et multiverkt\u00f8y er viktig \u00e5 tenke p\u00e5. V\u00e5re definerte bruksomr\u00e5der nevnt under, g\u00e5r ut ifra b\u00e5de vanlige og mer spesielle materialer.[\/vc_column_text][vc_column_text css=&#8221;.vc_custom_1573545688060{border-top-width: 5px !important;border-right-width: 5px !important;border-bottom-width: 5px !important;border-left-width: 5px !important;padding-top: 10px !important;padding-right: 10px !important;padding-bottom: 10px !important;padding-left: 10px !important;border-left-color: #76b82a !important;border-left-style: solid !important;border-right-color: #76b82a... View Article\" \/>\n<meta property=\"og:url\" content=\"https:\/\/lunatools.test.consids5.se\/no\/kunnskapssenter\/velg-riktig-multitool\/\" \/>\n<meta property=\"og:site_name\" content=\"Luna tools\" \/>\n<meta property=\"article:modified_time\" content=\"2019-11-12T08:06:21+00:00\" \/>\n<meta property=\"og:image\" content=\"https:\/\/lunatools.test.consids5.se\/wp-content\/uploads\/2019\/01\/Multiverktyg.jpg\" \/>\n\t<meta property=\"og:image:width\" content=\"1500\" \/>\n\t<meta property=\"og:image:height\" content=\"910\" \/>\n\t<meta property=\"og:image:type\" content=\"image\/jpeg\" \/>\n<meta name=\"twitter:label1\" content=\"Est. reading time\" \/>\n\t<meta name=\"twitter:data1\" content=\"3 minutes\" \/>\n<script type=\"application\/ld+json\" class=\"yoast-schema-graph\">{\"@context\":\"https:\/\/schema.org\",\"@graph\":[{\"@type\":\"WebPage\",\"@id\":\"https:\/\/lunatools.test.consids5.se\/no\/kunnskapssenter\/velg-riktig-multitool\/\",\"url\":\"https:\/\/lunatools.test.consids5.se\/no\/kunnskapssenter\/velg-riktig-multitool\/\",\"name\":\"Velg riktig multiverkt\u00f8y - Luna tools\",\"isPartOf\":{\"@id\":\"https:\/\/lunatools.test.consids5.se\/en\/#website\"},\"primaryImageOfPage\":{\"@id\":\"https:\/\/lunatools.test.consids5.se\/no\/kunnskapssenter\/velg-riktig-multitool\/#primaryimage\"},\"image\":{\"@id\":\"https:\/\/lunatools.test.consids5.se\/no\/kunnskapssenter\/velg-riktig-multitool\/#primaryimage\"},\"thumbnailUrl\":\"https:\/\/lunatools.test.consids5.se\/wp-content\/uploads\/2019\/01\/Multiverktyg.jpg\",\"datePublished\":\"2019-04-23T06:12:56+00:00\",\"dateModified\":\"2019-11-12T08:06:21+00:00\",\"breadcrumb\":{\"@id\":\"https:\/\/lunatools.test.consids5.se\/no\/kunnskapssenter\/velg-riktig-multitool\/#breadcrumb\"},\"inLanguage\":\"nb-NO\",\"potentialAction\":[{\"@type\":\"ReadAction\",\"target\":[\"https:\/\/lunatools.test.consids5.se\/no\/kunnskapssenter\/velg-riktig-multitool\/\"]}]},{\"@type\":\"ImageObject\",\"inLanguage\":\"nb-NO\",\"@id\":\"https:\/\/lunatools.test.consids5.se\/no\/kunnskapssenter\/velg-riktig-multitool\/#primaryimage\",\"url\":\"https:\/\/lunatools.test.consids5.se\/wp-content\/uploads\/2019\/01\/Multiverktyg.jpg\",\"contentUrl\":\"https:\/\/lunatools.test.consids5.se\/wp-content\/uploads\/2019\/01\/Multiverktyg.jpg\",\"width\":1500,\"height\":910,\"caption\":\"I Lunas sortiment multiverkt\u00f8y finner du segmentsagblader, innstikksagblader, hele multiverkt\u00f8ysett etc. Multiverkt\u00f8yet brukes f\u00f8rst og fremst for kapping, saging, skraping, sliping og skj\u00e6ring.\"},{\"@type\":\"BreadcrumbList\",\"@id\":\"https:\/\/lunatools.test.consids5.se\/no\/kunnskapssenter\/velg-riktig-multitool\/#breadcrumb\",\"itemListElement\":[{\"@type\":\"ListItem\",\"position\":1,\"name\":\"Home\",\"item\":\"https:\/\/lunatools.test.consids5.se\/no\/\"},{\"@type\":\"ListItem\",\"position\":2,\"name\":\"KUNNSKAPSSENTER\",\"item\":\"https:\/\/lunatools.test.consids5.se\/no\/kunnskapssenter\/\"},{\"@type\":\"ListItem\",\"position\":3,\"name\":\"Velg riktig multiverkt\u00f8y\"}]},{\"@type\":\"WebSite\",\"@id\":\"https:\/\/lunatools.test.consids5.se\/en\/#website\",\"url\":\"https:\/\/lunatools.test.consids5.se\/en\/\",\"name\":\"Luna tools\",\"description\":\"\",\"publisher\":{\"@id\":\"https:\/\/lunatools.test.consids5.se\/en\/#organization\"},\"potentialAction\":[{\"@type\":\"SearchAction\",\"target\":{\"@type\":\"EntryPoint\",\"urlTemplate\":\"https:\/\/lunatools.test.consids5.se\/en\/?s={search_term_string}\"},\"query-input\":\"required name=search_term_string\"}],\"inLanguage\":\"nb-NO\"},{\"@type\":\"Organization\",\"@id\":\"https:\/\/lunatools.test.consids5.se\/en\/#organization\",\"name\":\"Luna Tools\",\"url\":\"https:\/\/lunatools.test.consids5.se\/en\/\",\"logo\":{\"@type\":\"ImageObject\",\"inLanguage\":\"nb-NO\",\"@id\":\"https:\/\/lunatools.test.consids5.se\/en\/#\/schema\/logo\/image\/\",\"url\":\"https:\/\/lunatools.com\/wp-content\/uploads\/2019\/10\/LunaTools-gray-logo.png\",\"contentUrl\":\"https:\/\/lunatools.com\/wp-content\/uploads\/2019\/10\/LunaTools-gray-logo.png\",\"width\":795,\"height\":309,\"caption\":\"Luna Tools\"},\"image\":{\"@id\":\"https:\/\/lunatools.test.consids5.se\/en\/#\/schema\/logo\/image\/\"}}]}<\/script>\n<!-- \/ Yoast SEO plugin. -->","yoast_head_json":{"title":"Velg riktig multiverkt\u00f8y - Luna tools","robots":{"index":"index","follow":"follow","max-snippet":"max-snippet:-1","max-image-preview":"max-image-preview:large","max-video-preview":"max-video-preview:-1"},"canonical":"https:\/\/lunatools.test.consids5.se\/no\/kunnskapssenter\/velg-riktig-multitool\/","og_locale":"nb_NO","og_type":"article","og_title":"Velg riktig multiverkt\u00f8y - Luna tools","og_description":"[vc_row][vc_column][vc_column_text] Hva skal du sage i? N\u00e5r og hvordan du skal bruke et multiverkt\u00f8y er viktig \u00e5 tenke p\u00e5. V\u00e5re definerte bruksomr\u00e5der nevnt under, g\u00e5r ut ifra b\u00e5de vanlige og mer spesielle materialer.[\/vc_column_text][vc_column_text css=&#8221;.vc_custom_1573545688060{border-top-width: 5px !important;border-right-width: 5px !important;border-bottom-width: 5px !important;border-left-width: 5px !important;padding-top: 10px !important;padding-right: 10px !important;padding-bottom: 10px !important;padding-left: 10px !important;border-left-color: #76b82a !important;border-left-style: solid !important;border-right-color: #76b82a... View Article","og_url":"https:\/\/lunatools.test.consids5.se\/no\/kunnskapssenter\/velg-riktig-multitool\/","og_site_name":"Luna tools","article_modified_time":"2019-11-12T08:06:21+00:00","og_image":[{"width":1500,"height":910,"url":"https:\/\/lunatools.test.consids5.se\/wp-content\/uploads\/2019\/01\/Multiverktyg.jpg","type":"image\/jpeg"}],"twitter_misc":{"Est. reading time":"3 minutes"},"schema":{"@context":"https:\/\/schema.org","@graph":[{"@type":"WebPage","@id":"https:\/\/lunatools.test.consids5.se\/no\/kunnskapssenter\/velg-riktig-multitool\/","url":"https:\/\/lunatools.test.consids5.se\/no\/kunnskapssenter\/velg-riktig-multitool\/","name":"Velg riktig multiverkt\u00f8y - Luna tools","isPartOf":{"@id":"https:\/\/lunatools.test.consids5.se\/en\/#website"},"primaryImageOfPage":{"@id":"https:\/\/lunatools.test.consids5.se\/no\/kunnskapssenter\/velg-riktig-multitool\/#primaryimage"},"image":{"@id":"https:\/\/lunatools.test.consids5.se\/no\/kunnskapssenter\/velg-riktig-multitool\/#primaryimage"},"thumbnailUrl":"https:\/\/lunatools.test.consids5.se\/wp-content\/uploads\/2019\/01\/Multiverktyg.jpg","datePublished":"2019-04-23T06:12:56+00:00","dateModified":"2019-11-12T08:06:21+00:00","breadcrumb":{"@id":"https:\/\/lunatools.test.consids5.se\/no\/kunnskapssenter\/velg-riktig-multitool\/#breadcrumb"},"inLanguage":"nb-NO","potentialAction":[{"@type":"ReadAction","target":["https:\/\/lunatools.test.consids5.se\/no\/kunnskapssenter\/velg-riktig-multitool\/"]}]},{"@type":"ImageObject","inLanguage":"nb-NO","@id":"https:\/\/lunatools.test.consids5.se\/no\/kunnskapssenter\/velg-riktig-multitool\/#primaryimage","url":"https:\/\/lunatools.test.consids5.se\/wp-content\/uploads\/2019\/01\/Multiverktyg.jpg","contentUrl":"https:\/\/lunatools.test.consids5.se\/wp-content\/uploads\/2019\/01\/Multiverktyg.jpg","width":1500,"height":910,"caption":"I Lunas sortiment multiverkt\u00f8y finner du segmentsagblader, innstikksagblader, hele multiverkt\u00f8ysett etc. Multiverkt\u00f8yet brukes f\u00f8rst og fremst for kapping, saging, skraping, sliping og skj\u00e6ring."},{"@type":"BreadcrumbList","@id":"https:\/\/lunatools.test.consids5.se\/no\/kunnskapssenter\/velg-riktig-multitool\/#breadcrumb","itemListElement":[{"@type":"ListItem","position":1,"name":"Home","item":"https:\/\/lunatools.test.consids5.se\/no\/"},{"@type":"ListItem","position":2,"name":"KUNNSKAPSSENTER","item":"https:\/\/lunatools.test.consids5.se\/no\/kunnskapssenter\/"},{"@type":"ListItem","position":3,"name":"Velg riktig multiverkt\u00f8y"}]},{"@type":"WebSite","@id":"https:\/\/lunatools.test.consids5.se\/en\/#website","url":"https:\/\/lunatools.test.consids5.se\/en\/","name":"Luna tools","description":"","publisher":{"@id":"https:\/\/lunatools.test.consids5.se\/en\/#organization"},"potentialAction":[{"@type":"SearchAction","target":{"@type":"EntryPoint","urlTemplate":"https:\/\/lunatools.test.consids5.se\/en\/?s={search_term_string}"},"query-input":"required name=search_term_string"}],"inLanguage":"nb-NO"},{"@type":"Organization","@id":"https:\/\/lunatools.test.consids5.se\/en\/#organization","name":"Luna Tools","url":"https:\/\/lunatools.test.consids5.se\/en\/","logo":{"@type":"ImageObject","inLanguage":"nb-NO","@id":"https:\/\/lunatools.test.consids5.se\/en\/#\/schema\/logo\/image\/","url":"https:\/\/lunatools.com\/wp-content\/uploads\/2019\/10\/LunaTools-gray-logo.png","contentUrl":"https:\/\/lunatools.com\/wp-content\/uploads\/2019\/10\/LunaTools-gray-logo.png","width":795,"height":309,"caption":"Luna Tools"},"image":{"@id":"https:\/\/lunatools.test.consids5.se\/en\/#\/schema\/logo\/image\/"}}]}},"_links":{"self":[{"href":"https:\/\/lunatools.test.consids5.se\/no\/wp-json\/wp\/v2\/pages\/4494"}],"collection":[{"href":"https:\/\/lunatools.test.consids5.se\/no\/wp-json\/wp\/v2\/pages"}],"about":[{"href":"https:\/\/lunatools.test.consids5.se\/no\/wp-json\/wp\/v2\/types\/page"}],"author":[{"embeddable":true,"href":"https:\/\/lunatools.test.consids5.se\/no\/wp-json\/wp\/v2\/users\/2"}],"replies":[{"embeddable":true,"href":"https:\/\/lunatools.test.consids5.se\/no\/wp-json\/wp\/v2\/comments?post=4494"}],"version-history":[{"count":7,"href":"https:\/\/lunatools.test.consids5.se\/no\/wp-json\/wp\/v2\/pages\/4494\/revisions"}],"predecessor-version":[{"id":12284,"href":"https:\/\/lunatools.test.consids5.se\/no\/wp-json\/wp\/v2\/pages\/4494\/revisions\/12284"}],"up":[{"embeddable":true,"href":"https:\/\/lunatools.test.consids5.se\/no\/wp-json\/wp\/v2\/pages\/4343"}],"wp:featuredmedia":[{"embeddable":true,"href":"https:\/\/lunatools.test.consids5.se\/no\/wp-json\/wp\/v2\/media\/4496"}],"wp:attachment":[{"href":"https:\/\/lunatools.test.consids5.se\/no\/wp-json\/wp\/v2\/media?parent=4494"}],"curies":[{"name":"wp","href":"https:\/\/api.w.org\/{rel}","templated":true}]}}