{"id":4509,"date":"2019-04-23T06:12:59","date_gmt":"2019-04-23T06:12:59","guid":{"rendered":"https:\/\/lunatools.com\/?page_id=4509"},"modified":"2019-11-12T08:28:01","modified_gmt":"2019-11-12T08:28:01","slug":"velg-riktig-stikksagblader","status":"publish","type":"page","link":"https:\/\/lunatools.test.consids5.se\/no\/kunnskapssenter\/velg-riktig-stikksagblader\/","title":{"rendered":"Velg riktig stikksagblader"},"content":{"rendered":"<div class=\"wpb-content-wrapper\"><p>[vc_row][vc_column][vc_column_text]\u00c5 velge rett inneb\u00e6rer et bedre resultat. N\u00e5r det kommer til stikksagblad er det viktig \u00e5 tenke p\u00e5 tre ting;<\/p>\n<h2>Materiale<\/h2>\n<ul>\n<li>Metall<\/li>\n<li>Aluminium<\/li>\n<li>Tre<\/li>\n<li>Laminat<\/li>\n<li>Plast<\/li>\n<li>St\u00f8pejern<\/li>\n<li>Mur<\/li>\n<li>Flis<\/li>\n<li>St\u00e5l<\/li>\n<\/ul>\n<p>[\/vc_column_text][vc_column_text]<\/p>\n<h2>Hva skal du sage i?<\/h2>\n<p>N\u00e5r og hvordan skal du bruke stikksagbladene er viktig \u00e5 tenke p\u00e5. V\u00e5re definerte bruksomr\u00e5der g\u00e5r ut fra b\u00e5de vanlige og mer spesielle materialer.[\/vc_column_text][vc_column_text css=&#8221;.vc_custom_1573547148709{border-top-width: 5px !important;border-right-width: 5px !important;border-bottom-width: 5px !important;border-left-width: 5px !important;padding-top: 10px !important;padding-right: 10px !important;padding-bottom: 10px !important;padding-left: 10px !important;border-left-color: #76b82a !important;border-left-style: solid !important;border-right-color: #76b82a !important;border-right-style: solid !important;border-top-color: #76b82a !important;border-top-style: solid !important;border-bottom-color: #76b82a !important;border-bottom-style: solid !important;border-radius: 2px !important;}&#8221;]<\/p>\n<h4>Bruksomr\u00e5de 1<\/h4>\n<p><strong>Type blad:<\/strong> Karbonst\u00e5l<\/p>\n<p><strong>Materiale:<\/strong><br \/>\nTre, plast, og trebaserte plater (f.eks. MDF, sponplate, kryssfin\u00e9r).<br \/>\n<strong>Egenskaper:<\/strong><br \/>\nRaske snitt, rette snitt, buede snitt og lite utflising.<br \/>\n<img loading=\"lazy\" decoding=\"async\" class=\"alignnone wp-image-4156\" src=\"https:\/\/lunatools.com\/wp-content\/uploads\/2019\/02\/Wood_yellow-1.png\" alt=\"Tr\u00e4 ikon Luna\" width=\"40\" height=\"40\" \/><img loading=\"lazy\" decoding=\"async\" class=\"alignnone wp-image-4147\" src=\"https:\/\/lunatools.com\/wp-content\/uploads\/2019\/02\/MTC1_Green-wood.png\" alt=\"Gr\u00f6ntr\u00e4ikon Luna\" width=\"40\" height=\"40\" \/><img loading=\"lazy\" decoding=\"async\" class=\"alignnone wp-image-4161\" src=\"https:\/\/lunatools.com\/wp-content\/uploads\/2019\/02\/SYMBOL_Special_C.png\" alt=\"Specialikon Luna\" width=\"40\" height=\"40\" \/><img loading=\"lazy\" decoding=\"async\" class=\"alignnone wp-image-4159\" src=\"https:\/\/lunatools.com\/wp-content\/uploads\/2019\/02\/Plastic_icon.png\" alt=\"Plastikon Luna\" width=\"40\" height=\"40\" \/>[\/vc_column_text][vc_column_text css=&#8221;.vc_custom_1573547187402{border-top-width: 5px !important;border-right-width: 5px !important;border-bottom-width: 5px !important;border-left-width: 5px !important;padding-top: 10px !important;padding-right: 10px !important;padding-bottom: 10px !important;padding-left: 10px !important;border-left-color: #76b82a !important;border-left-style: solid !important;border-right-color: #76b82a !important;border-right-style: solid !important;border-top-color: #76b82a !important;border-top-style: solid !important;border-bottom-color: #76b82a !important;border-bottom-style: solid !important;border-radius: 2px !important;}&#8221;]<\/p>\n<h4>Bruksomr\u00e5de 2<\/h4>\n<p><strong>Type blad: <\/strong>Bimetall<\/p>\n<p><strong>Materiale:<\/strong><br \/>\nJern, st\u00e5l (ikke herdet), kobber, aluminium, tre, trebaserte plater (f.eks. MDF, sponplate, kryssfin\u00e9r) og plast.<br \/>\n<strong>Egenskaper:<\/strong><br \/>\nGode skj\u00e6reegenskaper i metall. Bladene er fleksible med god holdbarhet.<br \/>\n<img loading=\"lazy\" decoding=\"async\" class=\"alignnone wp-image-4154\" src=\"https:\/\/lunatools.com\/wp-content\/uploads\/2019\/02\/Metal_icon.png\" alt=\"Metall ikon Luna\" width=\"40\" height=\"40\" \/><img loading=\"lazy\" decoding=\"async\" class=\"alignnone wp-image-4151\" src=\"https:\/\/lunatools.com\/wp-content\/uploads\/2019\/02\/Aluminium_icon.png\" alt=\"Aluminium ikon Luna\" width=\"39\" height=\"40\" \/><img loading=\"lazy\" decoding=\"async\" class=\"alignnone wp-image-4156\" src=\"https:\/\/lunatools.com\/wp-content\/uploads\/2019\/02\/Wood_yellow-1.png\" alt=\"Tr\u00e4 ikon Luna\" width=\"40\" height=\"40\" \/><img loading=\"lazy\" decoding=\"async\" class=\"alignnone wp-image-4157\" src=\"https:\/\/lunatools.com\/wp-content\/uploads\/2019\/02\/Laminate_yellow.png\" alt=\"\" width=\"40\" height=\"40\" \/><img loading=\"lazy\" decoding=\"async\" class=\"alignnone wp-image-4159\" src=\"https:\/\/lunatools.com\/wp-content\/uploads\/2019\/02\/Plastic_icon.png\" alt=\"Plastikon Luna\" width=\"40\" height=\"40\" \/>[\/vc_column_text][vc_column_text css=&#8221;.vc_custom_1573547226156{border-top-width: 5px !important;border-right-width: 5px !important;border-bottom-width: 5px !important;border-left-width: 5px !important;padding-top: 10px !important;padding-right: 10px !important;padding-bottom: 10px !important;padding-left: 10px !important;border-left-color: #76b82a !important;border-left-style: solid !important;border-right-color: #76b82a !important;border-right-style: solid !important;border-top-color: #76b82a !important;border-top-style: solid !important;border-bottom-color: #76b82a !important;border-bottom-style: solid !important;border-radius: 2px !important;}&#8221;]<\/p>\n<h4>Bruksomr\u00e5de 3<\/h4>\n<p><strong>Type blad: <\/strong>Hurtigst\u00e5l<\/p>\n<p><strong>Materiale:<\/strong><br \/>\nJern, st\u00e5l (ikke herdet), kobber og aluminium.<br \/>\n<strong>Egenskaper:<\/strong><br \/>\nDet beste bruksomr\u00e5det er til metall.<br \/>\n<img loading=\"lazy\" decoding=\"async\" class=\"alignnone wp-image-4154\" src=\"https:\/\/lunatools.com\/wp-content\/uploads\/2019\/02\/Metal_icon.png\" alt=\"Metall ikon Luna\" width=\"40\" height=\"40\" \/><img loading=\"lazy\" decoding=\"async\" class=\"alignnone wp-image-4151\" src=\"https:\/\/lunatools.com\/wp-content\/uploads\/2019\/02\/Aluminium_icon.png\" alt=\"Aluminium ikon Luna\" width=\"40\" height=\"41\" \/>[\/vc_column_text][vc_column_text css=&#8221;.vc_custom_1573547249376{border-top-width: 5px !important;border-right-width: 5px !important;border-bottom-width: 5px !important;border-left-width: 5px !important;padding-top: 10px !important;padding-right: 10px !important;padding-bottom: 10px !important;padding-left: 10px !important;border-left-color: #76b82a !important;border-left-style: solid !important;border-right-color: #76b82a !important;border-right-style: solid !important;border-top-color: #76b82a !important;border-top-style: solid !important;border-bottom-color: #76b82a !important;border-bottom-style: solid !important;border-radius: 2px !important;}&#8221;]<\/p>\n<h4>Bruksomr\u00e5de 4<\/h4>\n<p><strong>Type blad: <\/strong>Hardmetall<\/p>\n<p><strong>Materiale:<\/strong><br \/>\nFliser, tegl, tre, MDF, plast, glassfiber og rustfritt st\u00e5l.<br \/>\n<strong>Egenskaper:<\/strong><br \/>\nGod holdbarhet i slitende materialer.<br \/>\n<img loading=\"lazy\" decoding=\"async\" class=\"alignnone wp-image-4154\" src=\"https:\/\/lunatools.com\/wp-content\/uploads\/2019\/02\/Metal_icon.png\" alt=\"Metall ikon Luna\" width=\"40\" height=\"40\" \/><img loading=\"lazy\" decoding=\"async\" class=\"alignnone wp-image-4152\" src=\"https:\/\/lunatools.com\/wp-content\/uploads\/2019\/02\/Stainnless_steel.png\" alt=\"\" width=\"40\" height=\"40\" \/><img loading=\"lazy\" decoding=\"async\" class=\"alignnone wp-image-4153\" src=\"https:\/\/lunatools.com\/wp-content\/uploads\/2019\/02\/Cast_iron.png\" alt=\"gjutj\u00e4rnikon Luna\" width=\"40\" height=\"40\" \/><img loading=\"lazy\" decoding=\"async\" class=\"alignnone wp-image-4156\" src=\"https:\/\/lunatools.com\/wp-content\/uploads\/2019\/02\/Wood_yellow-1.png\" alt=\"Tr\u00e4 ikon Luna\" width=\"40\" height=\"40\" \/><img loading=\"lazy\" decoding=\"async\" class=\"alignnone wp-image-4159\" src=\"https:\/\/lunatools.com\/wp-content\/uploads\/2019\/02\/Plastic_icon.png\" alt=\"Plastikon Luna\" width=\"40\" height=\"40\" \/><img loading=\"lazy\" decoding=\"async\" class=\"alignnone wp-image-4161\" src=\"https:\/\/lunatools.com\/wp-content\/uploads\/2019\/02\/SYMBOL_Special_C.png\" alt=\"Specialikon Luna\" width=\"40\" height=\"40\" \/><img loading=\"lazy\" decoding=\"async\" class=\"alignnone wp-image-4162\" src=\"https:\/\/lunatools.com\/wp-content\/uploads\/2019\/02\/SYMBOL_Fiberglass_C.png\" alt=\"Fiberglasikon Luna\" width=\"40\" height=\"40\" \/><img loading=\"lazy\" decoding=\"async\" class=\"alignnone wp-image-4142\" src=\"https:\/\/lunatools.com\/wp-content\/uploads\/2019\/02\/MSC1_Brick.png\" alt=\"Tegelstenikon Luna\" width=\"40\" height=\"40\" \/><img loading=\"lazy\" decoding=\"async\" class=\"alignnone wp-image-4143\" src=\"https:\/\/lunatools.com\/wp-content\/uploads\/2019\/02\/MSC2_Tile.png\" alt=\"Kakelikon Luna\" width=\"40\" height=\"40\" \/>[\/vc_column_text][vc_column_text]<\/p>\n<h2>Sluttresultat<\/h2>\n<p>Hvor fint skal du kutte?<\/p>\n<p><b>Tre\/plast<br \/>\n<\/b><em>H\u00f8yere TPI: Finere snitt<br \/>\nLavere TPI: Raskere, grovere snitt.<br \/>\n<\/em><strong>4-12 TPI<\/strong><\/p>\n<p><strong>Metall<br \/>\n<\/strong>Lavere TPI: Tykkere materiale<br \/>\nH\u00f8yere TPI: Tynnere materiale<\/p>\n<p>Velg TPI etter hvilken materialtykkelse som skal bearbeides. Unntak: For mykere metall f.eks. aluminium, anbefales noe lavere TPI.[\/vc_column_text][vc_column_text css=&#8221;.vc_custom_1555075447067{border-top-width: 5px !important;border-right-width: 5px !important;border-bottom-width: 5px !important;border-left-width: 5px !important;padding-top: 10px !important;padding-right: 10px !important;padding-bottom: 10px !important;padding-left: 10px !important;border-left-color: #fedb00 !important;border-left-style: dotted !important;border-right-color: #fedb00 !important;border-right-style: dotted !important;border-top-color: #fedb00 !important;border-top-style: dotted !important;border-bottom-color: #fedb00 !important;border-bottom-style: dotted !important;border-radius: 2px !important;}&#8221;]<strong>TPI = Tenner per tomme<br \/>\n<\/strong><\/p>\n<p>4mm eller tykkere<br \/>\n<strong>8-14 TPI<\/strong><br \/>\n2-4mm<br \/>\n<strong>14-18 TPI<br \/>\n<\/strong>2mm eller tykkere<br \/>\n<strong>18-32 TPI<\/strong>[\/vc_column_text]\n        <div class=\"block block--promo with-image valign--top bg--white  align-left\">\n            <div class=\"promo\">\n                <div class=\"promo__image\">\n                    <img loading=\"lazy\" decoding=\"async\" width=\"1500\" height=\"910\" src=\"https:\/\/lunatools.test.consids5.se\/wp-content\/uploads\/2019\/01\/Tigersagsblad.jpg\" class=\"attachment-full size-full\" alt=\"I Lunas sortiment av s\u00e5gblad finner du sticks\u00e5gblad, cirkels\u00e5gblad, bands\u00e5gblad och tigers\u00e5gblad - det du beh\u00f6ver f\u00f6r att kunna s\u00e5ga i metall, tr\u00e4 och plast.\" srcset=\"https:\/\/lunatools.test.consids5.se\/wp-content\/uploads\/2019\/01\/Tigersagsblad.jpg 1500w, https:\/\/lunatools.test.consids5.se\/wp-content\/uploads\/2019\/01\/Tigersagsblad-250x152.jpg 250w, https:\/\/lunatools.test.consids5.se\/wp-content\/uploads\/2019\/01\/Tigersagsblad-768x466.jpg 768w, https:\/\/lunatools.test.consids5.se\/wp-content\/uploads\/2019\/01\/Tigersagsblad-700x425.jpg 700w, https:\/\/lunatools.test.consids5.se\/wp-content\/uploads\/2019\/01\/Tigersagsblad-120x73.jpg 120w, https:\/\/lunatools.test.consids5.se\/wp-content\/uploads\/2019\/01\/Tigersagsblad-412x250.jpg 412w, https:\/\/lunatools.test.consids5.se\/wp-content\/uploads\/2019\/01\/Tigersagsblad-600x364.jpg 600w\" sizes=\"(max-width: 1500px) 100vw, 1500px\" \/>\n                <\/div>\n                <div class=\"promo__content block__col\">\n                    <div class=\"promo__content__inner\">\n                        <h3 class=\"promo__subtitle\">Velg riktig stikksagblader<\/h3><h2 class=\"promo__title\">Last ned guiden<\/h2>\n                        <p class=\"promo__text\">Her kan du laste ned den fullstendige guiden til hvordan man velger rett stikksagblad. Vi presenterer et helhetsbilde over v\u00e5re produkter og hva man skal tenke p\u00e5 n\u00e5r det gjelder tanning, materiale og sluttresultat.<\/p>\n                        <a href=\"https:\/\/lunatools.com\/wp-content\/uploads\/2019\/04\/PTA_valj_ratt_sticksagblad_NO.pdf\" class=\"promo__action btn\">Last ned guiden<i><\/i><\/a>\n                    <\/div>\n                <\/div>\n            <\/div>\n        <\/div>[\/vc_column][\/vc_row]<\/p>\n<\/div>","protected":false},"excerpt":{"rendered":"[vc_row][vc_column][vc_column_text]\u00c5 velge rett inneb\u00e6rer et bedre resultat. N\u00e5r det kommer til stikksagblad er det viktig \u00e5 tenke p\u00e5 tre ting; Materiale Metall Aluminium Tre Laminat Plast St\u00f8pejern Mur Flis St\u00e5l [\/vc_column_text][vc_column_text] Hva skal du sage i? N\u00e5r og hvordan skal du bruke stikksagbladene er viktig \u00e5 tenke p\u00e5. V\u00e5re definerte bruksomr\u00e5der g\u00e5r ut fra b\u00e5de&#8230; <a class=\"view-article\" href=\"https:\/\/lunatools.test.consids5.se\/no\/kunnskapssenter\/velg-riktig-stikksagblader\/\">View Article<\/a>","protected":false},"author":2,"featured_media":4512,"parent":4343,"menu_order":0,"comment_status":"closed","ping_status":"closed","template":"","meta":{"_acf_changed":false,"footnotes":""},"class_list":["post-4509","page","type-page","status-publish","has-post-thumbnail","hentry"],"acf":[],"yoast_head":"<!-- This site is optimized with the Yoast SEO plugin v23.2 - https:\/\/yoast.com\/wordpress\/plugins\/seo\/ -->\n<title>Velg riktig stikksagblader - Luna tools<\/title>\n<meta name=\"robots\" content=\"index, follow, max-snippet:-1, max-image-preview:large, max-video-preview:-1\" \/>\n<link rel=\"canonical\" href=\"https:\/\/lunatools.test.consids5.se\/no\/kunnskapssenter\/velg-riktig-stikksagblader\/\" \/>\n<meta property=\"og:locale\" content=\"nb_NO\" \/>\n<meta property=\"og:type\" content=\"article\" \/>\n<meta property=\"og:title\" content=\"Velg riktig stikksagblader - Luna tools\" \/>\n<meta property=\"og:description\" content=\"[vc_row][vc_column][vc_column_text]\u00c5 velge rett inneb\u00e6rer et bedre resultat. N\u00e5r det kommer til stikksagblad er det viktig \u00e5 tenke p\u00e5 tre ting; Materiale Metall Aluminium Tre Laminat Plast St\u00f8pejern Mur Flis St\u00e5l [\/vc_column_text][vc_column_text] Hva skal du sage i? N\u00e5r og hvordan skal du bruke stikksagbladene er viktig \u00e5 tenke p\u00e5. V\u00e5re definerte bruksomr\u00e5der g\u00e5r ut fra b\u00e5de... View Article\" \/>\n<meta property=\"og:url\" content=\"https:\/\/lunatools.test.consids5.se\/no\/kunnskapssenter\/velg-riktig-stikksagblader\/\" \/>\n<meta property=\"og:site_name\" content=\"Luna tools\" \/>\n<meta property=\"article:modified_time\" content=\"2019-11-12T08:28:01+00:00\" \/>\n<meta property=\"og:image\" content=\"https:\/\/lunatools.test.consids5.se\/wp-content\/uploads\/2019\/01\/Tigersagsblad.jpg\" \/>\n\t<meta property=\"og:image:width\" content=\"1500\" \/>\n\t<meta property=\"og:image:height\" content=\"910\" \/>\n\t<meta property=\"og:image:type\" content=\"image\/jpeg\" \/>\n<meta name=\"twitter:label1\" content=\"Est. reading time\" \/>\n\t<meta name=\"twitter:data1\" content=\"3 minutes\" \/>\n<script type=\"application\/ld+json\" class=\"yoast-schema-graph\">{\"@context\":\"https:\/\/schema.org\",\"@graph\":[{\"@type\":\"WebPage\",\"@id\":\"https:\/\/lunatools.test.consids5.se\/no\/kunnskapssenter\/velg-riktig-stikksagblader\/\",\"url\":\"https:\/\/lunatools.test.consids5.se\/no\/kunnskapssenter\/velg-riktig-stikksagblader\/\",\"name\":\"Velg riktig stikksagblader - Luna tools\",\"isPartOf\":{\"@id\":\"https:\/\/lunatools.test.consids5.se\/en\/#website\"},\"primaryImageOfPage\":{\"@id\":\"https:\/\/lunatools.test.consids5.se\/no\/kunnskapssenter\/velg-riktig-stikksagblader\/#primaryimage\"},\"image\":{\"@id\":\"https:\/\/lunatools.test.consids5.se\/no\/kunnskapssenter\/velg-riktig-stikksagblader\/#primaryimage\"},\"thumbnailUrl\":\"https:\/\/lunatools.test.consids5.se\/wp-content\/uploads\/2019\/01\/Tigersagsblad.jpg\",\"datePublished\":\"2019-04-23T06:12:59+00:00\",\"dateModified\":\"2019-11-12T08:28:01+00:00\",\"breadcrumb\":{\"@id\":\"https:\/\/lunatools.test.consids5.se\/no\/kunnskapssenter\/velg-riktig-stikksagblader\/#breadcrumb\"},\"inLanguage\":\"nb-NO\",\"potentialAction\":[{\"@type\":\"ReadAction\",\"target\":[\"https:\/\/lunatools.test.consids5.se\/no\/kunnskapssenter\/velg-riktig-stikksagblader\/\"]}]},{\"@type\":\"ImageObject\",\"inLanguage\":\"nb-NO\",\"@id\":\"https:\/\/lunatools.test.consids5.se\/no\/kunnskapssenter\/velg-riktig-stikksagblader\/#primaryimage\",\"url\":\"https:\/\/lunatools.test.consids5.se\/wp-content\/uploads\/2019\/01\/Tigersagsblad.jpg\",\"contentUrl\":\"https:\/\/lunatools.test.consids5.se\/wp-content\/uploads\/2019\/01\/Tigersagsblad.jpg\",\"width\":1500,\"height\":910,\"caption\":\"I Lunas sortiment sagblader finner du stikksagblad, sirkelsagblad, b\u00e5ndsagblad og tigersagblad - det du trenger for \u00e5 kunne sage i metall, tre og plast.\"},{\"@type\":\"BreadcrumbList\",\"@id\":\"https:\/\/lunatools.test.consids5.se\/no\/kunnskapssenter\/velg-riktig-stikksagblader\/#breadcrumb\",\"itemListElement\":[{\"@type\":\"ListItem\",\"position\":1,\"name\":\"Home\",\"item\":\"https:\/\/lunatools.test.consids5.se\/no\/\"},{\"@type\":\"ListItem\",\"position\":2,\"name\":\"KUNNSKAPSSENTER\",\"item\":\"https:\/\/lunatools.test.consids5.se\/no\/kunnskapssenter\/\"},{\"@type\":\"ListItem\",\"position\":3,\"name\":\"Velg riktig stikksagblader\"}]},{\"@type\":\"WebSite\",\"@id\":\"https:\/\/lunatools.test.consids5.se\/en\/#website\",\"url\":\"https:\/\/lunatools.test.consids5.se\/en\/\",\"name\":\"Luna tools\",\"description\":\"\",\"publisher\":{\"@id\":\"https:\/\/lunatools.test.consids5.se\/en\/#organization\"},\"potentialAction\":[{\"@type\":\"SearchAction\",\"target\":{\"@type\":\"EntryPoint\",\"urlTemplate\":\"https:\/\/lunatools.test.consids5.se\/en\/?s={search_term_string}\"},\"query-input\":\"required name=search_term_string\"}],\"inLanguage\":\"nb-NO\"},{\"@type\":\"Organization\",\"@id\":\"https:\/\/lunatools.test.consids5.se\/en\/#organization\",\"name\":\"Luna Tools\",\"url\":\"https:\/\/lunatools.test.consids5.se\/en\/\",\"logo\":{\"@type\":\"ImageObject\",\"inLanguage\":\"nb-NO\",\"@id\":\"https:\/\/lunatools.test.consids5.se\/en\/#\/schema\/logo\/image\/\",\"url\":\"https:\/\/lunatools.com\/wp-content\/uploads\/2019\/10\/LunaTools-gray-logo.png\",\"contentUrl\":\"https:\/\/lunatools.com\/wp-content\/uploads\/2019\/10\/LunaTools-gray-logo.png\",\"width\":795,\"height\":309,\"caption\":\"Luna Tools\"},\"image\":{\"@id\":\"https:\/\/lunatools.test.consids5.se\/en\/#\/schema\/logo\/image\/\"}}]}<\/script>\n<!-- \/ Yoast SEO plugin. -->","yoast_head_json":{"title":"Velg riktig stikksagblader - Luna tools","robots":{"index":"index","follow":"follow","max-snippet":"max-snippet:-1","max-image-preview":"max-image-preview:large","max-video-preview":"max-video-preview:-1"},"canonical":"https:\/\/lunatools.test.consids5.se\/no\/kunnskapssenter\/velg-riktig-stikksagblader\/","og_locale":"nb_NO","og_type":"article","og_title":"Velg riktig stikksagblader - Luna tools","og_description":"[vc_row][vc_column][vc_column_text]\u00c5 velge rett inneb\u00e6rer et bedre resultat. N\u00e5r det kommer til stikksagblad er det viktig \u00e5 tenke p\u00e5 tre ting; Materiale Metall Aluminium Tre Laminat Plast St\u00f8pejern Mur Flis St\u00e5l [\/vc_column_text][vc_column_text] Hva skal du sage i? N\u00e5r og hvordan skal du bruke stikksagbladene er viktig \u00e5 tenke p\u00e5. V\u00e5re definerte bruksomr\u00e5der g\u00e5r ut fra b\u00e5de... View Article","og_url":"https:\/\/lunatools.test.consids5.se\/no\/kunnskapssenter\/velg-riktig-stikksagblader\/","og_site_name":"Luna tools","article_modified_time":"2019-11-12T08:28:01+00:00","og_image":[{"width":1500,"height":910,"url":"https:\/\/lunatools.test.consids5.se\/wp-content\/uploads\/2019\/01\/Tigersagsblad.jpg","type":"image\/jpeg"}],"twitter_misc":{"Est. reading time":"3 minutes"},"schema":{"@context":"https:\/\/schema.org","@graph":[{"@type":"WebPage","@id":"https:\/\/lunatools.test.consids5.se\/no\/kunnskapssenter\/velg-riktig-stikksagblader\/","url":"https:\/\/lunatools.test.consids5.se\/no\/kunnskapssenter\/velg-riktig-stikksagblader\/","name":"Velg riktig stikksagblader - Luna tools","isPartOf":{"@id":"https:\/\/lunatools.test.consids5.se\/en\/#website"},"primaryImageOfPage":{"@id":"https:\/\/lunatools.test.consids5.se\/no\/kunnskapssenter\/velg-riktig-stikksagblader\/#primaryimage"},"image":{"@id":"https:\/\/lunatools.test.consids5.se\/no\/kunnskapssenter\/velg-riktig-stikksagblader\/#primaryimage"},"thumbnailUrl":"https:\/\/lunatools.test.consids5.se\/wp-content\/uploads\/2019\/01\/Tigersagsblad.jpg","datePublished":"2019-04-23T06:12:59+00:00","dateModified":"2019-11-12T08:28:01+00:00","breadcrumb":{"@id":"https:\/\/lunatools.test.consids5.se\/no\/kunnskapssenter\/velg-riktig-stikksagblader\/#breadcrumb"},"inLanguage":"nb-NO","potentialAction":[{"@type":"ReadAction","target":["https:\/\/lunatools.test.consids5.se\/no\/kunnskapssenter\/velg-riktig-stikksagblader\/"]}]},{"@type":"ImageObject","inLanguage":"nb-NO","@id":"https:\/\/lunatools.test.consids5.se\/no\/kunnskapssenter\/velg-riktig-stikksagblader\/#primaryimage","url":"https:\/\/lunatools.test.consids5.se\/wp-content\/uploads\/2019\/01\/Tigersagsblad.jpg","contentUrl":"https:\/\/lunatools.test.consids5.se\/wp-content\/uploads\/2019\/01\/Tigersagsblad.jpg","width":1500,"height":910,"caption":"I Lunas sortiment sagblader finner du stikksagblad, sirkelsagblad, b\u00e5ndsagblad og tigersagblad - det du trenger for \u00e5 kunne sage i metall, tre og plast."},{"@type":"BreadcrumbList","@id":"https:\/\/lunatools.test.consids5.se\/no\/kunnskapssenter\/velg-riktig-stikksagblader\/#breadcrumb","itemListElement":[{"@type":"ListItem","position":1,"name":"Home","item":"https:\/\/lunatools.test.consids5.se\/no\/"},{"@type":"ListItem","position":2,"name":"KUNNSKAPSSENTER","item":"https:\/\/lunatools.test.consids5.se\/no\/kunnskapssenter\/"},{"@type":"ListItem","position":3,"name":"Velg riktig stikksagblader"}]},{"@type":"WebSite","@id":"https:\/\/lunatools.test.consids5.se\/en\/#website","url":"https:\/\/lunatools.test.consids5.se\/en\/","name":"Luna tools","description":"","publisher":{"@id":"https:\/\/lunatools.test.consids5.se\/en\/#organization"},"potentialAction":[{"@type":"SearchAction","target":{"@type":"EntryPoint","urlTemplate":"https:\/\/lunatools.test.consids5.se\/en\/?s={search_term_string}"},"query-input":"required name=search_term_string"}],"inLanguage":"nb-NO"},{"@type":"Organization","@id":"https:\/\/lunatools.test.consids5.se\/en\/#organization","name":"Luna Tools","url":"https:\/\/lunatools.test.consids5.se\/en\/","logo":{"@type":"ImageObject","inLanguage":"nb-NO","@id":"https:\/\/lunatools.test.consids5.se\/en\/#\/schema\/logo\/image\/","url":"https:\/\/lunatools.com\/wp-content\/uploads\/2019\/10\/LunaTools-gray-logo.png","contentUrl":"https:\/\/lunatools.com\/wp-content\/uploads\/2019\/10\/LunaTools-gray-logo.png","width":795,"height":309,"caption":"Luna Tools"},"image":{"@id":"https:\/\/lunatools.test.consids5.se\/en\/#\/schema\/logo\/image\/"}}]}},"_links":{"self":[{"href":"https:\/\/lunatools.test.consids5.se\/no\/wp-json\/wp\/v2\/pages\/4509"}],"collection":[{"href":"https:\/\/lunatools.test.consids5.se\/no\/wp-json\/wp\/v2\/pages"}],"about":[{"href":"https:\/\/lunatools.test.consids5.se\/no\/wp-json\/wp\/v2\/types\/page"}],"author":[{"embeddable":true,"href":"https:\/\/lunatools.test.consids5.se\/no\/wp-json\/wp\/v2\/users\/2"}],"replies":[{"embeddable":true,"href":"https:\/\/lunatools.test.consids5.se\/no\/wp-json\/wp\/v2\/comments?post=4509"}],"version-history":[{"count":7,"href":"https:\/\/lunatools.test.consids5.se\/no\/wp-json\/wp\/v2\/pages\/4509\/revisions"}],"predecessor-version":[{"id":12295,"href":"https:\/\/lunatools.test.consids5.se\/no\/wp-json\/wp\/v2\/pages\/4509\/revisions\/12295"}],"up":[{"embeddable":true,"href":"https:\/\/lunatools.test.consids5.se\/no\/wp-json\/wp\/v2\/pages\/4343"}],"wp:featuredmedia":[{"embeddable":true,"href":"https:\/\/lunatools.test.consids5.se\/no\/wp-json\/wp\/v2\/media\/4512"}],"wp:attachment":[{"href":"https:\/\/lunatools.test.consids5.se\/no\/wp-json\/wp\/v2\/media?parent=4509"}],"curies":[{"name":"wp","href":"https:\/\/api.w.org\/{rel}","templated":true}]}}