{"id":60582,"date":"2021-09-14T08:30:05","date_gmt":"2021-09-14T08:30:05","guid":{"rendered":"https:\/\/lunatools.com\/?page_id=60582"},"modified":"2021-09-14T10:56:05","modified_gmt":"2021-09-14T10:56:05","slug":"velg-riktig-trebor","status":"publish","type":"page","link":"https:\/\/lunatools.test.consids5.se\/no\/kunnskapssenter\/velg-riktig-trebor\/","title":{"rendered":"Velg riktig trebor"},"content":{"rendered":"<div class=\"wpb-content-wrapper\"><p>[vc_row][vc_column][vc_column_text css=&#8221;.vc_custom_1631616961350{border-top-width: 0px !important;border-right-width: 0px !important;border-bottom-width: 0px !important;border-left-width: 0px !important;padding-top: 0px !important;padding-right: 0px !important;padding-bottom: 0px !important;padding-left: 0px !important;}&#8221;]<\/p>\n<h2>Hva skal du bore i?<\/h2>\n<p>Tre finnes i alle mulige varianter. Derfor er det viktig \u00e5 vite hva slags tre du skal bore i n\u00e5r du velger et trebor. V\u00e5re definerte bruksomr\u00e5der nedenfor tar utgangspunkt i b\u00e5de de vanlige og mer spesielle tre.[\/vc_column_text][vc_column_text css=&#8221;.vc_custom_1631609158953{border-top-width: 5px !important;border-right-width: 5px !important;border-bottom-width: 5px !important;border-left-width: 5px !important;padding-top: 10px !important;padding-right: 10px !important;padding-bottom: 10px !important;padding-left: 10px !important;border-left-color: #76b82a !important;border-left-style: solid !important;border-right-color: #76b82a !important;border-right-style: solid !important;border-top-color: #76b82a !important;border-top-style: solid !important;border-bottom-color: #76b82a !important;border-bottom-style: solid !important;border-radius: 2px !important;}&#8221;]<\/p>\n<h2>SPIRALBOR HSS<\/h2>\n<p><strong>Material:<\/strong><br \/>\nTre, platematerialer og MDF.<br \/>\n<strong>Egenskaper:<\/strong> For boring i treverk med senterspiss og sideskj\u00e6r for presise hull med lite oppflising.<br \/>\n<img loading=\"lazy\" decoding=\"async\" class=\"alignnone wp-image-4156\" src=\"https:\/\/lunatools.com\/wp-content\/uploads\/2019\/02\/Wood_yellow-1.png\" alt=\"Tr\u00e4 ikon Luna\" width=\"40\" height=\"40\" \/><\/p>\n<p><a href=\"https:\/\/lunatools.com\/no\/product-category\/bor-no\/trebor-no\/\">Til sortimentet<\/a>[\/vc_column_text][vc_column_text css=&#8221;.vc_custom_1631609165108{border-top-width: 5px !important;border-right-width: 5px !important;border-bottom-width: 5px !important;border-left-width: 5px !important;padding-top: 10px !important;padding-right: 10px !important;padding-bottom: 10px !important;padding-left: 10px !important;border-left-color: #76b82a !important;border-left-style: solid !important;border-right-color: #76b82a !important;border-right-style: solid !important;border-top-color: #76b82a !important;border-top-style: solid !important;border-bottom-color: #76b82a !important;border-bottom-style: solid !important;border-radius: 2px !important;}&#8221;]<\/p>\n<h2>SPIRALBOR HSS<\/h2>\n<p><strong>Material:<\/strong><br \/>\nTre, platematerialer og MDF.<br \/>\n<strong>Egenskaper:<\/strong> For boring i treverk med senterspiss og sideskj\u00e6r for presise hull med lite oppflising.<br \/>\n<img loading=\"lazy\" decoding=\"async\" class=\"alignnone wp-image-4156\" src=\"https:\/\/lunatools.com\/wp-content\/uploads\/2019\/02\/Wood_yellow-1.png\" alt=\"Tr\u00e4 ikon Luna\" width=\"40\" height=\"40\" \/><\/p>\n<p><a href=\"https:\/\/lunatools.com\/no\/product-category\/bor-no\/trebor-no\/\">Til sortimentet<\/a>[\/vc_column_text][vc_column_text css=&#8221;.vc_custom_1631609187365{border-top-width: 5px !important;border-right-width: 5px !important;border-bottom-width: 5px !important;border-left-width: 5px !important;padding-top: 10px !important;padding-right: 10px !important;padding-bottom: 10px !important;padding-left: 10px !important;border-left-color: #76b82a !important;border-left-style: solid !important;border-right-color: #76b82a !important;border-right-style: solid !important;border-top-color: #76b82a !important;border-top-style: solid !important;border-bottom-color: #76b82a !important;border-bottom-style: solid !important;border-radius: 2px !important;}&#8221;]<\/p>\n<h2>SENTERBOR<\/h2>\n<p><strong>Material:<\/strong><br \/>\nTre og platematerialer.<br \/>\n<strong>Egenskaper:<\/strong> Rask hulltaking i de fleste<br \/>\ntrematerialer. Egnet ved f.eks. kabel- og r\u00f8rtrekkingsarbeider.<br \/>\n<img loading=\"lazy\" decoding=\"async\" class=\"alignnone wp-image-4156\" src=\"https:\/\/lunatools.com\/wp-content\/uploads\/2019\/02\/Wood_yellow-1.png\" alt=\"Tr\u00e4 ikon Luna\" width=\"40\" height=\"40\" \/><\/p>\n<p><a href=\"https:\/\/lunatools.com\/no\/product-category\/bor-no\/trebor-no\/\">Til sortimentet<\/a>[\/vc_column_text][vc_column_text css=&#8221;.vc_custom_1631609198696{border-top-width: 5px !important;border-right-width: 5px !important;border-bottom-width: 5px !important;border-left-width: 5px !important;padding-top: 10px !important;padding-right: 10px !important;padding-bottom: 10px !important;padding-left: 10px !important;border-left-color: #76b82a !important;border-left-style: solid !important;border-right-color: #76b82a !important;border-right-style: solid !important;border-top-color: #76b82a !important;border-top-style: solid !important;border-bottom-color: #76b82a !important;border-bottom-style: solid !important;border-radius: 2px !important;}&#8221;]<\/p>\n<h2>TRESPIRALBOR<\/h2>\n<p><strong>Material:<\/strong><br \/>\nTre, laminat og platematerialer.<br \/>\n<strong>Egenskaper:<\/strong> Meget godt egnet for b\u00e5de tre, platematerialer og laminat. Gir ekstra jevne nittflater og meget god mating. 4-skj\u00e6rs med materskrue.<br \/>\n<img loading=\"lazy\" decoding=\"async\" class=\"alignnone wp-image-4156\" src=\"https:\/\/lunatools.com\/wp-content\/uploads\/2019\/02\/Wood_yellow-1.png\" alt=\"Tr\u00e4 ikon Luna\" width=\"40\" height=\"40\" \/><img loading=\"lazy\" decoding=\"async\" class=\"alignnone wp-image-4511\" src=\"http:\/\/lunatools.com\/wp-content\/uploads\/2019\/02\/Laminate_yellow.png\" alt=\"\" width=\"40\" height=\"40\" \/><\/p>\n<p><a href=\"https:\/\/lunatools.com\/no\/product-category\/bor-no\/trebor-no\/\">Til sortimentet<\/a>[\/vc_column_text][vc_column_text css=&#8221;.vc_custom_1631609204699{border-top-width: 5px !important;border-right-width: 5px !important;border-bottom-width: 5px !important;border-left-width: 5px !important;padding-top: 10px !important;padding-right: 10px !important;padding-bottom: 10px !important;padding-left: 10px !important;border-left-color: #76b82a !important;border-left-style: solid !important;border-right-color: #76b82a !important;border-right-style: solid !important;border-top-color: #76b82a !important;border-top-style: solid !important;border-bottom-color: #76b82a !important;border-bottom-style: solid !important;border-radius: 2px !important;}&#8221;]<\/p>\n<h2>TRESPIRALBOR BIM<\/h2>\n<p><strong>Material:<\/strong><br \/>\nTre, laminat, platematerialer og tre med spiker.<br \/>\n<strong>Egenskaper:<\/strong> Godt egnet for hardt tre og tre med spiker, takket v\u00e6re HSS-borspissen. Meget godt egnet til tre, platematerialer og laminat ogs\u00e5. Jevne snittflater og meget god mating. 4-skj\u00e6rs med materskrue.<br \/>\n<img loading=\"lazy\" decoding=\"async\" class=\"alignnone wp-image-4156\" src=\"https:\/\/lunatools.com\/wp-content\/uploads\/2019\/02\/Wood_yellow-1.png\" alt=\"Tr\u00e4 ikon Luna\" width=\"40\" height=\"40\" \/><img loading=\"lazy\" decoding=\"async\" class=\"alignnone wp-image-4511\" src=\"http:\/\/lunatools.com\/wp-content\/uploads\/2019\/02\/Laminate_yellow.png\" alt=\"\" width=\"40\" height=\"40\" \/><img loading=\"lazy\" decoding=\"async\" class=\"alignnone wp-image-60595\" src=\"http:\/\/lunatools.com\/wp-content\/uploads\/2021\/09\/Wood-with-nails.png\" alt=\"\" width=\"40\" height=\"40\" srcset=\"https:\/\/lunatools.test.consids5.se\/wp-content\/uploads\/2021\/09\/Wood-with-nails.png 201w, https:\/\/lunatools.test.consids5.se\/wp-content\/uploads\/2021\/09\/Wood-with-nails-150x150.png 150w, https:\/\/lunatools.test.consids5.se\/wp-content\/uploads\/2021\/09\/Wood-with-nails-120x119.png 120w, https:\/\/lunatools.test.consids5.se\/wp-content\/uploads\/2021\/09\/Wood-with-nails-100x100.png 100w\" sizes=\"(max-width: 40px) 100vw, 40px\" \/><\/p>\n<p><a href=\"https:\/\/lunatools.com\/no\/product-category\/bor-no\/trebor-no\/\">Til sortimentet<\/a>[\/vc_column_text][vc_column_text css=&#8221;.vc_custom_1631609211583{border-top-width: 5px !important;border-right-width: 5px !important;border-bottom-width: 5px !important;border-left-width: 5px !important;padding-top: 10px !important;padding-right: 10px !important;padding-bottom: 10px !important;padding-left: 10px !important;border-left-color: #76b82a !important;border-left-style: solid !important;border-right-color: #76b82a !important;border-right-style: solid !important;border-top-color: #76b82a !important;border-top-style: solid !important;border-bottom-color: #76b82a !important;border-bottom-style: solid !important;border-radius: 2px !important;}&#8221;]<\/p>\n<h2>TRESPIRALBOR<\/h2>\n<p><strong>Material:<\/strong><br \/>\nTre, platematerialer og bjelker.<br \/>\n<strong>Egenskaper:<\/strong> Ekstra godt egnet ved presise borearbeider i ulike materialer med flere lag, bjelker ved f.eks. el- og r\u00f8rinstallasjoner.<br \/>\n<img loading=\"lazy\" decoding=\"async\" class=\"alignnone wp-image-4551\" src=\"http:\/\/lunatools.com\/wp-content\/uploads\/2019\/02\/Wood_yellow-1.png\" alt=\"\" width=\"40\" height=\"40\" \/><\/p>\n<p><a href=\"https:\/\/lunatools.com\/no\/product-category\/bor-no\/trebor-no\/\">Til sortimentet<\/a>[\/vc_column_text][vc_column_text css=&#8221;.vc_custom_1631609015679{border-top-width: 5px !important;border-right-width: 5px !important;border-bottom-width: 5px !important;border-left-width: 5px !important;padding-top: 10px !important;padding-right: 10px !important;padding-bottom: 10px !important;padding-left: 10px !important;border-left-color: #76b82a !important;border-left-style: solid !important;border-right-color: #76b82a !important;border-right-style: solid !important;border-top-color: #76b82a !important;border-top-style: solid !important;border-bottom-color: #76b82a !important;border-bottom-style: solid !important;border-radius: 2px !important;}&#8221;]<\/p>\n<h2>SELFEED BOR<\/h2>\n<p><strong>Material:<\/strong><br \/>\nTre, laminat og platematerialer.<br \/>\n<strong>Egenskaper:<\/strong> Selvmatende bor med utbyttbar materskrue. Boret gir rask avvirkning, jevne snittflater og meget god mating.<br \/>\n<img loading=\"lazy\" decoding=\"async\" class=\"alignnone wp-image-4551\" src=\"http:\/\/lunatools.com\/wp-content\/uploads\/2019\/02\/Wood_yellow-1.png\" alt=\"\" width=\"40\" height=\"40\" \/><img loading=\"lazy\" decoding=\"async\" class=\"alignnone wp-image-4511\" src=\"http:\/\/lunatools.com\/wp-content\/uploads\/2019\/02\/Laminate_yellow.png\" alt=\"\" width=\"40\" height=\"40\" \/><\/p>\n<p><a href=\"https:\/\/lunatools.com\/no\/product-category\/bor-no\/trebor-no\/\">Til sortimentet<\/a>[\/vc_column_text][vc_column_text css=&#8221;.vc_custom_1631609216409{border-top-width: 5px !important;border-right-width: 5px !important;border-bottom-width: 5px !important;border-left-width: 5px !important;padding-top: 10px !important;padding-right: 10px !important;padding-bottom: 10px !important;padding-left: 10px !important;border-left-color: #76b82a !important;border-left-style: solid !important;border-right-color: #76b82a !important;border-right-style: solid !important;border-top-color: #76b82a !important;border-top-style: solid !important;border-bottom-color: #76b82a !important;border-bottom-style: solid !important;border-radius: 2px !important;}&#8221;]<\/p>\n<h2>KVISTBOR<\/h2>\n<p><strong>Material:<\/strong><br \/>\nTre, laminat og platematerialer.<br \/>\n<strong>Egenskaper:<\/strong> Best egnet for kvistboring med liten utflising. 2-skj\u00e6rs med senterspiss.<br \/>\n<img loading=\"lazy\" decoding=\"async\" class=\"alignnone wp-image-4551\" src=\"http:\/\/lunatools.com\/wp-content\/uploads\/2019\/02\/Wood_yellow-1.png\" alt=\"\" width=\"40\" height=\"40\" \/><img loading=\"lazy\" decoding=\"async\" class=\"alignnone wp-image-4511\" src=\"http:\/\/lunatools.com\/wp-content\/uploads\/2019\/02\/Laminate_yellow.png\" alt=\"\" width=\"40\" height=\"40\" \/><\/p>\n<p><a href=\"https:\/\/lunatools.com\/no\/product-category\/bor-no\/trebor-no\/\">Til sortimentet<\/a>[\/vc_column_text][vc_column_text css=&#8221;.vc_custom_1631609122236{border-top-width: 5px !important;border-right-width: 5px !important;border-bottom-width: 5px !important;border-left-width: 5px !important;padding-top: 10px !important;padding-right: 10px !important;padding-bottom: 10px !important;padding-left: 10px !important;border-left-color: #76b82a !important;border-left-style: solid !important;border-right-color: #76b82a !important;border-right-style: solid !important;border-top-color: #76b82a !important;border-top-style: solid !important;border-bottom-color: #76b82a !important;border-bottom-style: solid !important;border-radius: 2px !important;}&#8221;]<\/p>\n<h2>HENGSELBOR (TCT)<\/h2>\n<p><strong>Material:<\/strong><br \/>\nTre, laminat og platematerialer.<br \/>\n<strong>Egenskaper:<\/strong> Egnet for boring til hengselfester. 2-skj\u00e6rs i hardmetall.<br \/>\n<img loading=\"lazy\" decoding=\"async\" class=\"alignnone wp-image-4551\" src=\"http:\/\/lunatools.com\/wp-content\/uploads\/2019\/02\/Wood_yellow-1.png\" alt=\"\" width=\"40\" height=\"40\" \/><img loading=\"lazy\" decoding=\"async\" class=\"alignnone wp-image-4511\" src=\"http:\/\/lunatools.com\/wp-content\/uploads\/2019\/02\/Laminate_yellow.png\" alt=\"\" width=\"40\" height=\"40\" \/><\/p>\n<p><a href=\"https:\/\/lunatools.com\/no\/product-category\/bor-no\/trebor-no\/\">Til sortimentet<\/a>[\/vc_column_text][\/vc_column][\/vc_row]<\/p>\n<\/div>","protected":false},"excerpt":{"rendered":"[vc_row][vc_column][vc_column_text css=&#8221;.vc_custom_1631616961350{border-top-width: 0px !important;border-right-width: 0px !important;border-bottom-width: 0px !important;border-left-width: 0px !important;padding-top: 0px !important;padding-right: 0px !important;padding-bottom: 0px !important;padding-left: 0px !important;}&#8221;] Hva skal du bore i? Tre finnes i alle mulige varianter. Derfor er det viktig \u00e5 vite hva slags tre du skal bore i n\u00e5r du velger et trebor. V\u00e5re definerte bruksomr\u00e5der nedenfor tar utgangspunkt i b\u00e5de&#8230; <a class=\"view-article\" href=\"https:\/\/lunatools.test.consids5.se\/no\/kunnskapssenter\/velg-riktig-trebor\/\">View Article<\/a>","protected":false},"author":2,"featured_media":4492,"parent":4343,"menu_order":0,"comment_status":"closed","ping_status":"closed","template":"","meta":{"_acf_changed":false,"footnotes":""},"class_list":["post-60582","page","type-page","status-publish","has-post-thumbnail","hentry"],"acf":[],"yoast_head":"<!-- This site is optimized with the Yoast SEO plugin v23.2 - https:\/\/yoast.com\/wordpress\/plugins\/seo\/ -->\n<title>Velg riktig trebor - Luna tools<\/title>\n<meta name=\"robots\" content=\"index, follow, max-snippet:-1, max-image-preview:large, max-video-preview:-1\" \/>\n<link rel=\"canonical\" href=\"https:\/\/lunatools.test.consids5.se\/no\/kunnskapssenter\/velg-riktig-trebor\/\" \/>\n<meta property=\"og:locale\" content=\"nb_NO\" \/>\n<meta property=\"og:type\" content=\"article\" \/>\n<meta property=\"og:title\" content=\"Velg riktig trebor - Luna tools\" \/>\n<meta property=\"og:description\" content=\"[vc_row][vc_column][vc_column_text css=&#8221;.vc_custom_1631616961350{border-top-width: 0px !important;border-right-width: 0px !important;border-bottom-width: 0px !important;border-left-width: 0px !important;padding-top: 0px !important;padding-right: 0px !important;padding-bottom: 0px !important;padding-left: 0px !important;}&#8221;] Hva skal du bore i? Tre finnes i alle mulige varianter. Derfor er det viktig \u00e5 vite hva slags tre du skal bore i n\u00e5r du velger et trebor. V\u00e5re definerte bruksomr\u00e5der nedenfor tar utgangspunkt i b\u00e5de... View Article\" \/>\n<meta property=\"og:url\" content=\"https:\/\/lunatools.test.consids5.se\/no\/kunnskapssenter\/velg-riktig-trebor\/\" \/>\n<meta property=\"og:site_name\" content=\"Luna tools\" \/>\n<meta property=\"article:modified_time\" content=\"2021-09-14T10:56:05+00:00\" \/>\n<meta property=\"og:image\" content=\"https:\/\/lunatools.test.consids5.se\/wp-content\/uploads\/2019\/01\/Borr_kategoribild.jpg\" \/>\n\t<meta property=\"og:image:width\" content=\"1500\" \/>\n\t<meta property=\"og:image:height\" content=\"910\" \/>\n\t<meta property=\"og:image:type\" content=\"image\/jpeg\" \/>\n<meta name=\"twitter:label1\" content=\"Est. reading time\" \/>\n\t<meta name=\"twitter:data1\" content=\"6 minutes\" \/>\n<script type=\"application\/ld+json\" class=\"yoast-schema-graph\">{\"@context\":\"https:\/\/schema.org\",\"@graph\":[{\"@type\":\"WebPage\",\"@id\":\"https:\/\/lunatools.test.consids5.se\/no\/kunnskapssenter\/velg-riktig-trebor\/\",\"url\":\"https:\/\/lunatools.test.consids5.se\/no\/kunnskapssenter\/velg-riktig-trebor\/\",\"name\":\"Velg riktig trebor - Luna tools\",\"isPartOf\":{\"@id\":\"https:\/\/lunatools.test.consids5.se\/en\/#website\"},\"primaryImageOfPage\":{\"@id\":\"https:\/\/lunatools.test.consids5.se\/no\/kunnskapssenter\/velg-riktig-trebor\/#primaryimage\"},\"image\":{\"@id\":\"https:\/\/lunatools.test.consids5.se\/no\/kunnskapssenter\/velg-riktig-trebor\/#primaryimage\"},\"thumbnailUrl\":\"https:\/\/lunatools.test.consids5.se\/wp-content\/uploads\/2019\/01\/Borr_kategoribild.jpg\",\"datePublished\":\"2021-09-14T08:30:05+00:00\",\"dateModified\":\"2021-09-14T10:56:05+00:00\",\"breadcrumb\":{\"@id\":\"https:\/\/lunatools.test.consids5.se\/no\/kunnskapssenter\/velg-riktig-trebor\/#breadcrumb\"},\"inLanguage\":\"nb-NO\",\"potentialAction\":[{\"@type\":\"ReadAction\",\"target\":[\"https:\/\/lunatools.test.consids5.se\/no\/kunnskapssenter\/velg-riktig-trebor\/\"]}]},{\"@type\":\"ImageObject\",\"inLanguage\":\"nb-NO\",\"@id\":\"https:\/\/lunatools.test.consids5.se\/no\/kunnskapssenter\/velg-riktig-trebor\/#primaryimage\",\"url\":\"https:\/\/lunatools.test.consids5.se\/wp-content\/uploads\/2019\/01\/Borr_kategoribild.jpg\",\"contentUrl\":\"https:\/\/lunatools.test.consids5.se\/wp-content\/uploads\/2019\/01\/Borr_kategoribild.jpg\",\"width\":1500,\"height\":910,\"caption\":\"I Lunas borsortiment finnes alt fra flisbor og metallbor til diamantbor for \u00e5 kunne bore i fliser, glass eller metall.\"},{\"@type\":\"BreadcrumbList\",\"@id\":\"https:\/\/lunatools.test.consids5.se\/no\/kunnskapssenter\/velg-riktig-trebor\/#breadcrumb\",\"itemListElement\":[{\"@type\":\"ListItem\",\"position\":1,\"name\":\"Home\",\"item\":\"https:\/\/lunatools.test.consids5.se\/no\/\"},{\"@type\":\"ListItem\",\"position\":2,\"name\":\"KUNNSKAPSSENTER\",\"item\":\"https:\/\/lunatools.test.consids5.se\/no\/kunnskapssenter\/\"},{\"@type\":\"ListItem\",\"position\":3,\"name\":\"Velg riktig trebor\"}]},{\"@type\":\"WebSite\",\"@id\":\"https:\/\/lunatools.test.consids5.se\/en\/#website\",\"url\":\"https:\/\/lunatools.test.consids5.se\/en\/\",\"name\":\"Luna tools\",\"description\":\"\",\"publisher\":{\"@id\":\"https:\/\/lunatools.test.consids5.se\/en\/#organization\"},\"potentialAction\":[{\"@type\":\"SearchAction\",\"target\":{\"@type\":\"EntryPoint\",\"urlTemplate\":\"https:\/\/lunatools.test.consids5.se\/en\/?s={search_term_string}\"},\"query-input\":\"required name=search_term_string\"}],\"inLanguage\":\"nb-NO\"},{\"@type\":\"Organization\",\"@id\":\"https:\/\/lunatools.test.consids5.se\/en\/#organization\",\"name\":\"Luna Tools\",\"url\":\"https:\/\/lunatools.test.consids5.se\/en\/\",\"logo\":{\"@type\":\"ImageObject\",\"inLanguage\":\"nb-NO\",\"@id\":\"https:\/\/lunatools.test.consids5.se\/en\/#\/schema\/logo\/image\/\",\"url\":\"https:\/\/lunatools.com\/wp-content\/uploads\/2019\/10\/LunaTools-gray-logo.png\",\"contentUrl\":\"https:\/\/lunatools.com\/wp-content\/uploads\/2019\/10\/LunaTools-gray-logo.png\",\"width\":795,\"height\":309,\"caption\":\"Luna Tools\"},\"image\":{\"@id\":\"https:\/\/lunatools.test.consids5.se\/en\/#\/schema\/logo\/image\/\"}}]}<\/script>\n<!-- \/ Yoast SEO plugin. -->","yoast_head_json":{"title":"Velg riktig trebor - Luna tools","robots":{"index":"index","follow":"follow","max-snippet":"max-snippet:-1","max-image-preview":"max-image-preview:large","max-video-preview":"max-video-preview:-1"},"canonical":"https:\/\/lunatools.test.consids5.se\/no\/kunnskapssenter\/velg-riktig-trebor\/","og_locale":"nb_NO","og_type":"article","og_title":"Velg riktig trebor - Luna tools","og_description":"[vc_row][vc_column][vc_column_text css=&#8221;.vc_custom_1631616961350{border-top-width: 0px !important;border-right-width: 0px !important;border-bottom-width: 0px !important;border-left-width: 0px !important;padding-top: 0px !important;padding-right: 0px !important;padding-bottom: 0px !important;padding-left: 0px !important;}&#8221;] Hva skal du bore i? Tre finnes i alle mulige varianter. Derfor er det viktig \u00e5 vite hva slags tre du skal bore i n\u00e5r du velger et trebor. V\u00e5re definerte bruksomr\u00e5der nedenfor tar utgangspunkt i b\u00e5de... View Article","og_url":"https:\/\/lunatools.test.consids5.se\/no\/kunnskapssenter\/velg-riktig-trebor\/","og_site_name":"Luna tools","article_modified_time":"2021-09-14T10:56:05+00:00","og_image":[{"width":1500,"height":910,"url":"https:\/\/lunatools.test.consids5.se\/wp-content\/uploads\/2019\/01\/Borr_kategoribild.jpg","type":"image\/jpeg"}],"twitter_misc":{"Est. reading time":"6 minutes"},"schema":{"@context":"https:\/\/schema.org","@graph":[{"@type":"WebPage","@id":"https:\/\/lunatools.test.consids5.se\/no\/kunnskapssenter\/velg-riktig-trebor\/","url":"https:\/\/lunatools.test.consids5.se\/no\/kunnskapssenter\/velg-riktig-trebor\/","name":"Velg riktig trebor - Luna tools","isPartOf":{"@id":"https:\/\/lunatools.test.consids5.se\/en\/#website"},"primaryImageOfPage":{"@id":"https:\/\/lunatools.test.consids5.se\/no\/kunnskapssenter\/velg-riktig-trebor\/#primaryimage"},"image":{"@id":"https:\/\/lunatools.test.consids5.se\/no\/kunnskapssenter\/velg-riktig-trebor\/#primaryimage"},"thumbnailUrl":"https:\/\/lunatools.test.consids5.se\/wp-content\/uploads\/2019\/01\/Borr_kategoribild.jpg","datePublished":"2021-09-14T08:30:05+00:00","dateModified":"2021-09-14T10:56:05+00:00","breadcrumb":{"@id":"https:\/\/lunatools.test.consids5.se\/no\/kunnskapssenter\/velg-riktig-trebor\/#breadcrumb"},"inLanguage":"nb-NO","potentialAction":[{"@type":"ReadAction","target":["https:\/\/lunatools.test.consids5.se\/no\/kunnskapssenter\/velg-riktig-trebor\/"]}]},{"@type":"ImageObject","inLanguage":"nb-NO","@id":"https:\/\/lunatools.test.consids5.se\/no\/kunnskapssenter\/velg-riktig-trebor\/#primaryimage","url":"https:\/\/lunatools.test.consids5.se\/wp-content\/uploads\/2019\/01\/Borr_kategoribild.jpg","contentUrl":"https:\/\/lunatools.test.consids5.se\/wp-content\/uploads\/2019\/01\/Borr_kategoribild.jpg","width":1500,"height":910,"caption":"I Lunas borsortiment finnes alt fra flisbor og metallbor til diamantbor for \u00e5 kunne bore i fliser, glass eller metall."},{"@type":"BreadcrumbList","@id":"https:\/\/lunatools.test.consids5.se\/no\/kunnskapssenter\/velg-riktig-trebor\/#breadcrumb","itemListElement":[{"@type":"ListItem","position":1,"name":"Home","item":"https:\/\/lunatools.test.consids5.se\/no\/"},{"@type":"ListItem","position":2,"name":"KUNNSKAPSSENTER","item":"https:\/\/lunatools.test.consids5.se\/no\/kunnskapssenter\/"},{"@type":"ListItem","position":3,"name":"Velg riktig trebor"}]},{"@type":"WebSite","@id":"https:\/\/lunatools.test.consids5.se\/en\/#website","url":"https:\/\/lunatools.test.consids5.se\/en\/","name":"Luna tools","description":"","publisher":{"@id":"https:\/\/lunatools.test.consids5.se\/en\/#organization"},"potentialAction":[{"@type":"SearchAction","target":{"@type":"EntryPoint","urlTemplate":"https:\/\/lunatools.test.consids5.se\/en\/?s={search_term_string}"},"query-input":"required name=search_term_string"}],"inLanguage":"nb-NO"},{"@type":"Organization","@id":"https:\/\/lunatools.test.consids5.se\/en\/#organization","name":"Luna Tools","url":"https:\/\/lunatools.test.consids5.se\/en\/","logo":{"@type":"ImageObject","inLanguage":"nb-NO","@id":"https:\/\/lunatools.test.consids5.se\/en\/#\/schema\/logo\/image\/","url":"https:\/\/lunatools.com\/wp-content\/uploads\/2019\/10\/LunaTools-gray-logo.png","contentUrl":"https:\/\/lunatools.com\/wp-content\/uploads\/2019\/10\/LunaTools-gray-logo.png","width":795,"height":309,"caption":"Luna Tools"},"image":{"@id":"https:\/\/lunatools.test.consids5.se\/en\/#\/schema\/logo\/image\/"}}]}},"_links":{"self":[{"href":"https:\/\/lunatools.test.consids5.se\/no\/wp-json\/wp\/v2\/pages\/60582"}],"collection":[{"href":"https:\/\/lunatools.test.consids5.se\/no\/wp-json\/wp\/v2\/pages"}],"about":[{"href":"https:\/\/lunatools.test.consids5.se\/no\/wp-json\/wp\/v2\/types\/page"}],"author":[{"embeddable":true,"href":"https:\/\/lunatools.test.consids5.se\/no\/wp-json\/wp\/v2\/users\/2"}],"replies":[{"embeddable":true,"href":"https:\/\/lunatools.test.consids5.se\/no\/wp-json\/wp\/v2\/comments?post=60582"}],"version-history":[{"count":9,"href":"https:\/\/lunatools.test.consids5.se\/no\/wp-json\/wp\/v2\/pages\/60582\/revisions"}],"predecessor-version":[{"id":60677,"href":"https:\/\/lunatools.test.consids5.se\/no\/wp-json\/wp\/v2\/pages\/60582\/revisions\/60677"}],"up":[{"embeddable":true,"href":"https:\/\/lunatools.test.consids5.se\/no\/wp-json\/wp\/v2\/pages\/4343"}],"wp:featuredmedia":[{"embeddable":true,"href":"https:\/\/lunatools.test.consids5.se\/no\/wp-json\/wp\/v2\/media\/4492"}],"wp:attachment":[{"href":"https:\/\/lunatools.test.consids5.se\/no\/wp-json\/wp\/v2\/media?parent=60582"}],"curies":[{"name":"wp","href":"https:\/\/api.w.org\/{rel}","templated":true}]}}