{"id":10077,"date":"2021-11-04T02:30:23","date_gmt":"2021-11-04T02:30:23","guid":{"rendered":"https:\/\/lunatools.com\/product\/gjenge-og-skjaerepasta-bio500g\/"},"modified":"2021-11-04T02:30:23","modified_gmt":"2021-11-04T02:30:23","slug":"gjenge-og-skjaerepasta-bio500g","status":"publish","type":"product","link":"https:\/\/lunatools.test.consids5.se\/no\/product\/gjenge-og-skjaerepasta-bio500g\/","title":{"rendered":"GJENGE- OG SKJ\u00c6REPASTA BIO500G"},"content":{"rendered":"<p>UNIPASTE BIO Er et vegetabilsk halvfast fett med sv\u00e6rt gode sm\u00f8rende egenskaper. Produktet er beregnet p\u00e5 metallbearbeiding ved lave skj\u00e6rehastigheter, f.eks. gjenging og boring. Produktet kan med fordel brukes som gjengepasta til applikasjoner der man \u00f8nsker \u00e5 benytte et milj\u00f8tilpasset alternativ.H\u00e5ndteringsr\u00e5d:Gjenge- &amp; Skj\u00e6repasta BIO appliseres med pensel eller ved dypping av bor og tapper direkte i forpakningen.Les sikkerhetsdatablad f\u00f8r bruk.<\/p>\n","protected":false},"excerpt":{"rendered":"UNIPASTE BIO Er et vegetabilsk halvfast fett med sv\u00e6rt gode sm\u00f8rende egenskaper. Produktet er beregnet p\u00e5 metallbearbeiding ved lave skj\u00e6rehastigheter, f.eks. gjenging og boring. Produktet kan med fordel brukes som gjengepasta til applikasjoner der man \u00f8nsker \u00e5 benytte et milj\u00f8tilpasset alternativ.H\u00e5ndteringsr\u00e5d:Gjenge- &amp; Skj\u00e6repasta BIO appliseres med pensel eller ved dypping av bor og tapper direkte&#8230; <a class=\"view-article\" href=\"https:\/\/lunatools.test.consids5.se\/no\/product\/gjenge-og-skjaerepasta-bio500g\/\">View Article<\/a>","protected":false},"featured_media":0,"template":"","meta":{"_acf_changed":false},"product_cat":[376,375],"product_tag":[],"class_list":{"0":"post-10077","1":"product","2":"type-product","3":"status-publish","5":"product_cat-skjaerepasta-no","6":"product_cat-smoremiddel-no","8":"first","9":"instock","10":"shipping-taxable","11":"product-type-simple"},"acf":[],"yoast_head":"<!-- This site is optimized with the Yoast SEO plugin v23.2 - https:\/\/yoast.com\/wordpress\/plugins\/seo\/ -->\n<title>GJENGE- OG SKJ\u00c6REPASTA BIO500G - Luna tools<\/title>\n<meta name=\"robots\" content=\"index, follow, max-snippet:-1, max-image-preview:large, max-video-preview:-1\" \/>\n<link rel=\"canonical\" href=\"https:\/\/lunatools.test.consids5.se\/no\/product\/gjenge-og-skjaerepasta-bio500g\/\" \/>\n<meta property=\"og:locale\" content=\"nb_NO\" \/>\n<meta property=\"og:type\" content=\"article\" \/>\n<meta property=\"og:title\" content=\"GJENGE- OG SKJ\u00c6REPASTA BIO500G - Luna tools\" \/>\n<meta property=\"og:description\" content=\"UNIPASTE BIO Er et vegetabilsk halvfast fett med sv\u00e6rt gode sm\u00f8rende egenskaper. Produktet er beregnet p\u00e5 metallbearbeiding ved lave skj\u00e6rehastigheter, f.eks. gjenging og boring. Produktet kan med fordel brukes som gjengepasta til applikasjoner der man \u00f8nsker \u00e5 benytte et milj\u00f8tilpasset alternativ.H\u00e5ndteringsr\u00e5d:Gjenge- &amp; Skj\u00e6repasta BIO appliseres med pensel eller ved dypping av bor og tapper direkte... View Article\" \/>\n<meta property=\"og:url\" content=\"https:\/\/lunatools.test.consids5.se\/no\/product\/gjenge-og-skjaerepasta-bio500g\/\" \/>\n<meta property=\"og:site_name\" content=\"Luna tools\" \/>\n<script type=\"application\/ld+json\" class=\"yoast-schema-graph\">{\"@context\":\"https:\/\/schema.org\",\"@graph\":[{\"@type\":\"WebPage\",\"@id\":\"https:\/\/lunatools.test.consids5.se\/no\/product\/gjenge-og-skjaerepasta-bio500g\/\",\"url\":\"https:\/\/lunatools.test.consids5.se\/no\/product\/gjenge-og-skjaerepasta-bio500g\/\",\"name\":\"GJENGE- OG SKJ\u00c6REPASTA BIO500G - Luna tools\",\"isPartOf\":{\"@id\":\"https:\/\/lunatools.test.consids5.se\/en\/#website\"},\"datePublished\":\"2021-11-04T02:30:23+00:00\",\"dateModified\":\"2021-11-04T02:30:23+00:00\",\"breadcrumb\":{\"@id\":\"https:\/\/lunatools.test.consids5.se\/no\/product\/gjenge-og-skjaerepasta-bio500g\/#breadcrumb\"},\"inLanguage\":\"nb-NO\",\"potentialAction\":[{\"@type\":\"ReadAction\",\"target\":[\"https:\/\/lunatools.test.consids5.se\/no\/product\/gjenge-og-skjaerepasta-bio500g\/\"]}]},{\"@type\":\"BreadcrumbList\",\"@id\":\"https:\/\/lunatools.test.consids5.se\/no\/product\/gjenge-og-skjaerepasta-bio500g\/#breadcrumb\",\"itemListElement\":[{\"@type\":\"ListItem\",\"position\":1,\"name\":\"Home\",\"item\":\"https:\/\/lunatools.test.consids5.se\/no\/\"},{\"@type\":\"ListItem\",\"position\":2,\"name\":\"Products\",\"item\":\"https:\/\/lunatools.test.consids5.se\/en\/shop\/\"},{\"@type\":\"ListItem\",\"position\":3,\"name\":\"GJENGE- OG SKJ\u00c6REPASTA BIO500G\"}]},{\"@type\":\"WebSite\",\"@id\":\"https:\/\/lunatools.test.consids5.se\/en\/#website\",\"url\":\"https:\/\/lunatools.test.consids5.se\/en\/\",\"name\":\"Luna tools\",\"description\":\"\",\"publisher\":{\"@id\":\"https:\/\/lunatools.test.consids5.se\/en\/#organization\"},\"potentialAction\":[{\"@type\":\"SearchAction\",\"target\":{\"@type\":\"EntryPoint\",\"urlTemplate\":\"https:\/\/lunatools.test.consids5.se\/en\/?s={search_term_string}\"},\"query-input\":\"required name=search_term_string\"}],\"inLanguage\":\"nb-NO\"},{\"@type\":\"Organization\",\"@id\":\"https:\/\/lunatools.test.consids5.se\/en\/#organization\",\"name\":\"Luna Tools\",\"url\":\"https:\/\/lunatools.test.consids5.se\/en\/\",\"logo\":{\"@type\":\"ImageObject\",\"inLanguage\":\"nb-NO\",\"@id\":\"https:\/\/lunatools.test.consids5.se\/en\/#\/schema\/logo\/image\/\",\"url\":\"https:\/\/lunatools.com\/wp-content\/uploads\/2019\/10\/LunaTools-gray-logo.png\",\"contentUrl\":\"https:\/\/lunatools.com\/wp-content\/uploads\/2019\/10\/LunaTools-gray-logo.png\",\"width\":795,\"height\":309,\"caption\":\"Luna Tools\"},\"image\":{\"@id\":\"https:\/\/lunatools.test.consids5.se\/en\/#\/schema\/logo\/image\/\"}}]}<\/script>\n<!-- \/ Yoast SEO plugin. -->","yoast_head_json":{"title":"GJENGE- OG SKJ\u00c6REPASTA BIO500G - Luna tools","robots":{"index":"index","follow":"follow","max-snippet":"max-snippet:-1","max-image-preview":"max-image-preview:large","max-video-preview":"max-video-preview:-1"},"canonical":"https:\/\/lunatools.test.consids5.se\/no\/product\/gjenge-og-skjaerepasta-bio500g\/","og_locale":"nb_NO","og_type":"article","og_title":"GJENGE- OG SKJ\u00c6REPASTA BIO500G - Luna tools","og_description":"UNIPASTE BIO Er et vegetabilsk halvfast fett med sv\u00e6rt gode sm\u00f8rende egenskaper. Produktet er beregnet p\u00e5 metallbearbeiding ved lave skj\u00e6rehastigheter, f.eks. gjenging og boring. Produktet kan med fordel brukes som gjengepasta til applikasjoner der man \u00f8nsker \u00e5 benytte et milj\u00f8tilpasset alternativ.H\u00e5ndteringsr\u00e5d:Gjenge- &amp; Skj\u00e6repasta BIO appliseres med pensel eller ved dypping av bor og tapper direkte... View Article","og_url":"https:\/\/lunatools.test.consids5.se\/no\/product\/gjenge-og-skjaerepasta-bio500g\/","og_site_name":"Luna tools","schema":{"@context":"https:\/\/schema.org","@graph":[{"@type":"WebPage","@id":"https:\/\/lunatools.test.consids5.se\/no\/product\/gjenge-og-skjaerepasta-bio500g\/","url":"https:\/\/lunatools.test.consids5.se\/no\/product\/gjenge-og-skjaerepasta-bio500g\/","name":"GJENGE- OG SKJ\u00c6REPASTA BIO500G - Luna tools","isPartOf":{"@id":"https:\/\/lunatools.test.consids5.se\/en\/#website"},"datePublished":"2021-11-04T02:30:23+00:00","dateModified":"2021-11-04T02:30:23+00:00","breadcrumb":{"@id":"https:\/\/lunatools.test.consids5.se\/no\/product\/gjenge-og-skjaerepasta-bio500g\/#breadcrumb"},"inLanguage":"nb-NO","potentialAction":[{"@type":"ReadAction","target":["https:\/\/lunatools.test.consids5.se\/no\/product\/gjenge-og-skjaerepasta-bio500g\/"]}]},{"@type":"BreadcrumbList","@id":"https:\/\/lunatools.test.consids5.se\/no\/product\/gjenge-og-skjaerepasta-bio500g\/#breadcrumb","itemListElement":[{"@type":"ListItem","position":1,"name":"Home","item":"https:\/\/lunatools.test.consids5.se\/no\/"},{"@type":"ListItem","position":2,"name":"Products","item":"https:\/\/lunatools.test.consids5.se\/en\/shop\/"},{"@type":"ListItem","position":3,"name":"GJENGE- OG SKJ\u00c6REPASTA BIO500G"}]},{"@type":"WebSite","@id":"https:\/\/lunatools.test.consids5.se\/en\/#website","url":"https:\/\/lunatools.test.consids5.se\/en\/","name":"Luna tools","description":"","publisher":{"@id":"https:\/\/lunatools.test.consids5.se\/en\/#organization"},"potentialAction":[{"@type":"SearchAction","target":{"@type":"EntryPoint","urlTemplate":"https:\/\/lunatools.test.consids5.se\/en\/?s={search_term_string}"},"query-input":"required name=search_term_string"}],"inLanguage":"nb-NO"},{"@type":"Organization","@id":"https:\/\/lunatools.test.consids5.se\/en\/#organization","name":"Luna Tools","url":"https:\/\/lunatools.test.consids5.se\/en\/","logo":{"@type":"ImageObject","inLanguage":"nb-NO","@id":"https:\/\/lunatools.test.consids5.se\/en\/#\/schema\/logo\/image\/","url":"https:\/\/lunatools.com\/wp-content\/uploads\/2019\/10\/LunaTools-gray-logo.png","contentUrl":"https:\/\/lunatools.com\/wp-content\/uploads\/2019\/10\/LunaTools-gray-logo.png","width":795,"height":309,"caption":"Luna Tools"},"image":{"@id":"https:\/\/lunatools.test.consids5.se\/en\/#\/schema\/logo\/image\/"}}]}},"_links":{"self":[{"href":"https:\/\/lunatools.test.consids5.se\/no\/wp-json\/wp\/v2\/product\/10077"}],"collection":[{"href":"https:\/\/lunatools.test.consids5.se\/no\/wp-json\/wp\/v2\/product"}],"about":[{"href":"https:\/\/lunatools.test.consids5.se\/no\/wp-json\/wp\/v2\/types\/product"}],"wp:attachment":[{"href":"https:\/\/lunatools.test.consids5.se\/no\/wp-json\/wp\/v2\/media?parent=10077"}],"wp:term":[{"taxonomy":"product_cat","embeddable":true,"href":"https:\/\/lunatools.test.consids5.se\/no\/wp-json\/wp\/v2\/product_cat?post=10077"},{"taxonomy":"product_tag","embeddable":true,"href":"https:\/\/lunatools.test.consids5.se\/no\/wp-json\/wp\/v2\/product_tag?post=10077"}],"curies":[{"name":"wp","href":"https:\/\/api.w.org\/{rel}","templated":true}]}}