{"id":10984,"date":"2021-05-13T02:00:38","date_gmt":"2021-05-13T02:00:38","guid":{"rendered":"https:\/\/lunatools.com\/product\/vulktape-silikon-og-holder\/"},"modified":"2021-05-13T02:00:38","modified_gmt":"2021-05-13T02:00:38","slug":"vulktape-silikon-og-holder","status":"publish","type":"product","link":"https:\/\/lunatools.test.consids5.se\/no\/product\/vulktape-silikon-og-holder\/","title":{"rendered":"VULKTAPE SILIKON OG HOLDER"},"content":{"rendered":"<p>Silikontape for verkt\u00f8ysikring, armert og selvvulkende. Brukes sammen med et innfestingsb\u00e5nd. Pass p\u00e5 at alle flater er rene, t\u00f8rre og uten fett eller olje. Legg b\u00e5ndet med s\u00f8mmen utover for \u00e5 minske faren for \u00e5 l\u00f8sne. Legg tapen 3-4 runder meget hardt og trykk og varm med hendene. Alt materiale skal ha romtemperatur ved festing.<br \/>\n26663-0201 inneholder 3 stk innfestingsb\u00e5nd.<\/p>\n","protected":false},"excerpt":{"rendered":"Silikontape for verkt\u00f8ysikring, armert og selvvulkende. Brukes sammen med et innfestingsb\u00e5nd. Pass p\u00e5 at alle flater er rene, t\u00f8rre og uten fett eller olje. Legg b\u00e5ndet med s\u00f8mmen utover for \u00e5 minske faren for \u00e5 l\u00f8sne. Legg tapen 3-4 runder meget hardt og trykk og varm med hendene. Alt materiale skal ha romtemperatur ved festing&#8230;. <a class=\"view-article\" href=\"https:\/\/lunatools.test.consids5.se\/no\/product\/vulktape-silikon-og-holder\/\">View Article<\/a>","protected":false},"featured_media":0,"template":"","meta":{"_acf_changed":false},"product_cat":[998,1700],"product_tag":[],"class_list":{"0":"post-10984","1":"product","2":"type-product","3":"status-publish","5":"product_cat-innfestingskomponent-til-verktoy-no","6":"product_cat-tape-no","8":"first","9":"instock","10":"shipping-taxable","11":"product-type-simple"},"acf":[],"yoast_head":"<!-- This site is optimized with the Yoast SEO plugin v23.2 - https:\/\/yoast.com\/wordpress\/plugins\/seo\/ -->\n<title>VULKTAPE SILIKON OG HOLDER - Luna tools<\/title>\n<meta name=\"robots\" content=\"index, follow, max-snippet:-1, max-image-preview:large, max-video-preview:-1\" \/>\n<link rel=\"canonical\" href=\"https:\/\/lunatools.test.consids5.se\/no\/product\/vulktape-silikon-og-holder\/\" \/>\n<meta property=\"og:locale\" content=\"nb_NO\" \/>\n<meta property=\"og:type\" content=\"article\" \/>\n<meta property=\"og:title\" content=\"VULKTAPE SILIKON OG HOLDER - Luna tools\" \/>\n<meta property=\"og:description\" content=\"Silikontape for verkt\u00f8ysikring, armert og selvvulkende. Brukes sammen med et innfestingsb\u00e5nd. Pass p\u00e5 at alle flater er rene, t\u00f8rre og uten fett eller olje. Legg b\u00e5ndet med s\u00f8mmen utover for \u00e5 minske faren for \u00e5 l\u00f8sne. Legg tapen 3-4 runder meget hardt og trykk og varm med hendene. Alt materiale skal ha romtemperatur ved festing.... View Article\" \/>\n<meta property=\"og:url\" content=\"https:\/\/lunatools.test.consids5.se\/no\/product\/vulktape-silikon-og-holder\/\" \/>\n<meta property=\"og:site_name\" content=\"Luna tools\" \/>\n<script type=\"application\/ld+json\" class=\"yoast-schema-graph\">{\"@context\":\"https:\/\/schema.org\",\"@graph\":[{\"@type\":\"WebPage\",\"@id\":\"https:\/\/lunatools.test.consids5.se\/no\/product\/vulktape-silikon-og-holder\/\",\"url\":\"https:\/\/lunatools.test.consids5.se\/no\/product\/vulktape-silikon-og-holder\/\",\"name\":\"VULKTAPE SILIKON OG HOLDER - Luna tools\",\"isPartOf\":{\"@id\":\"https:\/\/lunatools.test.consids5.se\/en\/#website\"},\"datePublished\":\"2021-05-13T02:00:38+00:00\",\"dateModified\":\"2021-05-13T02:00:38+00:00\",\"breadcrumb\":{\"@id\":\"https:\/\/lunatools.test.consids5.se\/no\/product\/vulktape-silikon-og-holder\/#breadcrumb\"},\"inLanguage\":\"nb-NO\",\"potentialAction\":[{\"@type\":\"ReadAction\",\"target\":[\"https:\/\/lunatools.test.consids5.se\/no\/product\/vulktape-silikon-og-holder\/\"]}]},{\"@type\":\"BreadcrumbList\",\"@id\":\"https:\/\/lunatools.test.consids5.se\/no\/product\/vulktape-silikon-og-holder\/#breadcrumb\",\"itemListElement\":[{\"@type\":\"ListItem\",\"position\":1,\"name\":\"Home\",\"item\":\"https:\/\/lunatools.test.consids5.se\/no\/\"},{\"@type\":\"ListItem\",\"position\":2,\"name\":\"Products\",\"item\":\"https:\/\/lunatools.test.consids5.se\/en\/shop\/\"},{\"@type\":\"ListItem\",\"position\":3,\"name\":\"VULKTAPE SILIKON OG HOLDER\"}]},{\"@type\":\"WebSite\",\"@id\":\"https:\/\/lunatools.test.consids5.se\/en\/#website\",\"url\":\"https:\/\/lunatools.test.consids5.se\/en\/\",\"name\":\"Luna tools\",\"description\":\"\",\"publisher\":{\"@id\":\"https:\/\/lunatools.test.consids5.se\/en\/#organization\"},\"potentialAction\":[{\"@type\":\"SearchAction\",\"target\":{\"@type\":\"EntryPoint\",\"urlTemplate\":\"https:\/\/lunatools.test.consids5.se\/en\/?s={search_term_string}\"},\"query-input\":\"required name=search_term_string\"}],\"inLanguage\":\"nb-NO\"},{\"@type\":\"Organization\",\"@id\":\"https:\/\/lunatools.test.consids5.se\/en\/#organization\",\"name\":\"Luna Tools\",\"url\":\"https:\/\/lunatools.test.consids5.se\/en\/\",\"logo\":{\"@type\":\"ImageObject\",\"inLanguage\":\"nb-NO\",\"@id\":\"https:\/\/lunatools.test.consids5.se\/en\/#\/schema\/logo\/image\/\",\"url\":\"https:\/\/lunatools.com\/wp-content\/uploads\/2019\/10\/LunaTools-gray-logo.png\",\"contentUrl\":\"https:\/\/lunatools.com\/wp-content\/uploads\/2019\/10\/LunaTools-gray-logo.png\",\"width\":795,\"height\":309,\"caption\":\"Luna Tools\"},\"image\":{\"@id\":\"https:\/\/lunatools.test.consids5.se\/en\/#\/schema\/logo\/image\/\"}}]}<\/script>\n<!-- \/ Yoast SEO plugin. -->","yoast_head_json":{"title":"VULKTAPE SILIKON OG HOLDER - Luna tools","robots":{"index":"index","follow":"follow","max-snippet":"max-snippet:-1","max-image-preview":"max-image-preview:large","max-video-preview":"max-video-preview:-1"},"canonical":"https:\/\/lunatools.test.consids5.se\/no\/product\/vulktape-silikon-og-holder\/","og_locale":"nb_NO","og_type":"article","og_title":"VULKTAPE SILIKON OG HOLDER - Luna tools","og_description":"Silikontape for verkt\u00f8ysikring, armert og selvvulkende. Brukes sammen med et innfestingsb\u00e5nd. Pass p\u00e5 at alle flater er rene, t\u00f8rre og uten fett eller olje. Legg b\u00e5ndet med s\u00f8mmen utover for \u00e5 minske faren for \u00e5 l\u00f8sne. Legg tapen 3-4 runder meget hardt og trykk og varm med hendene. Alt materiale skal ha romtemperatur ved festing.... View Article","og_url":"https:\/\/lunatools.test.consids5.se\/no\/product\/vulktape-silikon-og-holder\/","og_site_name":"Luna tools","schema":{"@context":"https:\/\/schema.org","@graph":[{"@type":"WebPage","@id":"https:\/\/lunatools.test.consids5.se\/no\/product\/vulktape-silikon-og-holder\/","url":"https:\/\/lunatools.test.consids5.se\/no\/product\/vulktape-silikon-og-holder\/","name":"VULKTAPE SILIKON OG HOLDER - Luna tools","isPartOf":{"@id":"https:\/\/lunatools.test.consids5.se\/en\/#website"},"datePublished":"2021-05-13T02:00:38+00:00","dateModified":"2021-05-13T02:00:38+00:00","breadcrumb":{"@id":"https:\/\/lunatools.test.consids5.se\/no\/product\/vulktape-silikon-og-holder\/#breadcrumb"},"inLanguage":"nb-NO","potentialAction":[{"@type":"ReadAction","target":["https:\/\/lunatools.test.consids5.se\/no\/product\/vulktape-silikon-og-holder\/"]}]},{"@type":"BreadcrumbList","@id":"https:\/\/lunatools.test.consids5.se\/no\/product\/vulktape-silikon-og-holder\/#breadcrumb","itemListElement":[{"@type":"ListItem","position":1,"name":"Home","item":"https:\/\/lunatools.test.consids5.se\/no\/"},{"@type":"ListItem","position":2,"name":"Products","item":"https:\/\/lunatools.test.consids5.se\/en\/shop\/"},{"@type":"ListItem","position":3,"name":"VULKTAPE SILIKON OG HOLDER"}]},{"@type":"WebSite","@id":"https:\/\/lunatools.test.consids5.se\/en\/#website","url":"https:\/\/lunatools.test.consids5.se\/en\/","name":"Luna tools","description":"","publisher":{"@id":"https:\/\/lunatools.test.consids5.se\/en\/#organization"},"potentialAction":[{"@type":"SearchAction","target":{"@type":"EntryPoint","urlTemplate":"https:\/\/lunatools.test.consids5.se\/en\/?s={search_term_string}"},"query-input":"required name=search_term_string"}],"inLanguage":"nb-NO"},{"@type":"Organization","@id":"https:\/\/lunatools.test.consids5.se\/en\/#organization","name":"Luna Tools","url":"https:\/\/lunatools.test.consids5.se\/en\/","logo":{"@type":"ImageObject","inLanguage":"nb-NO","@id":"https:\/\/lunatools.test.consids5.se\/en\/#\/schema\/logo\/image\/","url":"https:\/\/lunatools.com\/wp-content\/uploads\/2019\/10\/LunaTools-gray-logo.png","contentUrl":"https:\/\/lunatools.com\/wp-content\/uploads\/2019\/10\/LunaTools-gray-logo.png","width":795,"height":309,"caption":"Luna Tools"},"image":{"@id":"https:\/\/lunatools.test.consids5.se\/en\/#\/schema\/logo\/image\/"}}]}},"_links":{"self":[{"href":"https:\/\/lunatools.test.consids5.se\/no\/wp-json\/wp\/v2\/product\/10984"}],"collection":[{"href":"https:\/\/lunatools.test.consids5.se\/no\/wp-json\/wp\/v2\/product"}],"about":[{"href":"https:\/\/lunatools.test.consids5.se\/no\/wp-json\/wp\/v2\/types\/product"}],"wp:attachment":[{"href":"https:\/\/lunatools.test.consids5.se\/no\/wp-json\/wp\/v2\/media?parent=10984"}],"wp:term":[{"taxonomy":"product_cat","embeddable":true,"href":"https:\/\/lunatools.test.consids5.se\/no\/wp-json\/wp\/v2\/product_cat?post=10984"},{"taxonomy":"product_tag","embeddable":true,"href":"https:\/\/lunatools.test.consids5.se\/no\/wp-json\/wp\/v2\/product_tag?post=10984"}],"curies":[{"name":"wp","href":"https:\/\/api.w.org\/{rel}","templated":true}]}}