{"id":11258,"date":"2021-11-04T02:45:24","date_gmt":"2021-11-04T02:45:24","guid":{"rendered":"https:\/\/lunatools.com\/product\/maleband-lgo-glassf-apen-30m\/"},"modified":"2021-11-04T02:45:24","modified_gmt":"2021-11-04T02:45:24","slug":"maleband-lgo-glasf-apen-30m","status":"publish","type":"product","link":"https:\/\/lunatools.test.consids5.se\/no\/product\/maleband-lgo-glasf-apen-30m\/","title":{"rendered":"M\u00c5LEB\u00c5ND LGO GLASF \u00c5PEN 30M"},"content":{"rendered":"<p>M\u00e5leb\u00e5nd av glassfiber med \u00e5pent deksel i slagfast og kuldebestandig ABS-plast. Gummidetaljer i h\u00e5ndtaket for \u00f8kt komfort og grep. Dobbel nylonbelegg p\u00e5 gult matt b\u00e5nd for beste synlighet og beskyttelse mot slitasje. Resistent mot vann, grus, st\u00f8v og de fleste kjemikalier. Innfellbar sveiv med gear 3:1 for rask retur. Endehake med b\u00e5de ring og hake. Toleranseklasse II. Kan verkt\u00f8ysikres.<\/p>\n","protected":false},"excerpt":{"rendered":"M\u00e5leb\u00e5nd av glassfiber med \u00e5pent deksel i slagfast og kuldebestandig ABS-plast. Gummidetaljer i h\u00e5ndtaket for \u00f8kt komfort og grep. Dobbel nylonbelegg p\u00e5 gult matt b\u00e5nd for beste synlighet og beskyttelse mot slitasje. Resistent mot vann, grus, st\u00f8v og de fleste kjemikalier. Innfellbar sveiv med gear 3:1 for rask retur. Endehake med b\u00e5de ring og hake&#8230;. <a class=\"view-article\" href=\"https:\/\/lunatools.test.consids5.se\/no\/product\/maleband-lgo-glasf-apen-30m\/\">View Article<\/a>","protected":false},"featured_media":0,"template":"","meta":{"_acf_changed":false},"product_cat":[560],"product_tag":[],"class_list":{"0":"post-11258","1":"product","2":"type-product","3":"status-publish","5":"product_cat-maleband-no","7":"first","8":"instock","9":"shipping-taxable","10":"product-type-simple"},"acf":[],"yoast_head":"<!-- This site is optimized with the Yoast SEO plugin v23.2 - https:\/\/yoast.com\/wordpress\/plugins\/seo\/ -->\n<title>M\u00c5LEB\u00c5ND LGO GLASF \u00c5PEN 30M - Luna tools<\/title>\n<meta name=\"robots\" content=\"index, follow, max-snippet:-1, max-image-preview:large, max-video-preview:-1\" \/>\n<link rel=\"canonical\" href=\"https:\/\/lunatools.test.consids5.se\/no\/product\/maleband-lgo-glasf-apen-30m\/\" \/>\n<meta property=\"og:locale\" content=\"nb_NO\" \/>\n<meta property=\"og:type\" content=\"article\" \/>\n<meta property=\"og:title\" content=\"M\u00c5LEB\u00c5ND LGO GLASF \u00c5PEN 30M - Luna tools\" \/>\n<meta property=\"og:description\" content=\"M\u00e5leb\u00e5nd av glassfiber med \u00e5pent deksel i slagfast og kuldebestandig ABS-plast. Gummidetaljer i h\u00e5ndtaket for \u00f8kt komfort og grep. Dobbel nylonbelegg p\u00e5 gult matt b\u00e5nd for beste synlighet og beskyttelse mot slitasje. Resistent mot vann, grus, st\u00f8v og de fleste kjemikalier. Innfellbar sveiv med gear 3:1 for rask retur. Endehake med b\u00e5de ring og hake.... View Article\" \/>\n<meta property=\"og:url\" content=\"https:\/\/lunatools.test.consids5.se\/no\/product\/maleband-lgo-glasf-apen-30m\/\" \/>\n<meta property=\"og:site_name\" content=\"Luna tools\" \/>\n<script type=\"application\/ld+json\" class=\"yoast-schema-graph\">{\"@context\":\"https:\/\/schema.org\",\"@graph\":[{\"@type\":\"WebPage\",\"@id\":\"https:\/\/lunatools.test.consids5.se\/no\/product\/maleband-lgo-glasf-apen-30m\/\",\"url\":\"https:\/\/lunatools.test.consids5.se\/no\/product\/maleband-lgo-glasf-apen-30m\/\",\"name\":\"M\u00c5LEB\u00c5ND LGO GLASF \u00c5PEN 30M - Luna tools\",\"isPartOf\":{\"@id\":\"https:\/\/lunatools.test.consids5.se\/en\/#website\"},\"datePublished\":\"2021-11-04T02:45:24+00:00\",\"dateModified\":\"2021-11-04T02:45:24+00:00\",\"breadcrumb\":{\"@id\":\"https:\/\/lunatools.test.consids5.se\/no\/product\/maleband-lgo-glasf-apen-30m\/#breadcrumb\"},\"inLanguage\":\"nb-NO\",\"potentialAction\":[{\"@type\":\"ReadAction\",\"target\":[\"https:\/\/lunatools.test.consids5.se\/no\/product\/maleband-lgo-glasf-apen-30m\/\"]}]},{\"@type\":\"BreadcrumbList\",\"@id\":\"https:\/\/lunatools.test.consids5.se\/no\/product\/maleband-lgo-glasf-apen-30m\/#breadcrumb\",\"itemListElement\":[{\"@type\":\"ListItem\",\"position\":1,\"name\":\"Home\",\"item\":\"https:\/\/lunatools.test.consids5.se\/no\/\"},{\"@type\":\"ListItem\",\"position\":2,\"name\":\"Products\",\"item\":\"https:\/\/lunatools.test.consids5.se\/en\/shop\/\"},{\"@type\":\"ListItem\",\"position\":3,\"name\":\"M\u00c5LEB\u00c5ND LGO GLASF \u00c5PEN 30M\"}]},{\"@type\":\"WebSite\",\"@id\":\"https:\/\/lunatools.test.consids5.se\/en\/#website\",\"url\":\"https:\/\/lunatools.test.consids5.se\/en\/\",\"name\":\"Luna tools\",\"description\":\"\",\"publisher\":{\"@id\":\"https:\/\/lunatools.test.consids5.se\/en\/#organization\"},\"potentialAction\":[{\"@type\":\"SearchAction\",\"target\":{\"@type\":\"EntryPoint\",\"urlTemplate\":\"https:\/\/lunatools.test.consids5.se\/en\/?s={search_term_string}\"},\"query-input\":\"required name=search_term_string\"}],\"inLanguage\":\"nb-NO\"},{\"@type\":\"Organization\",\"@id\":\"https:\/\/lunatools.test.consids5.se\/en\/#organization\",\"name\":\"Luna Tools\",\"url\":\"https:\/\/lunatools.test.consids5.se\/en\/\",\"logo\":{\"@type\":\"ImageObject\",\"inLanguage\":\"nb-NO\",\"@id\":\"https:\/\/lunatools.test.consids5.se\/en\/#\/schema\/logo\/image\/\",\"url\":\"https:\/\/lunatools.com\/wp-content\/uploads\/2019\/10\/LunaTools-gray-logo.png\",\"contentUrl\":\"https:\/\/lunatools.com\/wp-content\/uploads\/2019\/10\/LunaTools-gray-logo.png\",\"width\":795,\"height\":309,\"caption\":\"Luna Tools\"},\"image\":{\"@id\":\"https:\/\/lunatools.test.consids5.se\/en\/#\/schema\/logo\/image\/\"}}]}<\/script>\n<!-- \/ Yoast SEO plugin. -->","yoast_head_json":{"title":"M\u00c5LEB\u00c5ND LGO GLASF \u00c5PEN 30M - Luna tools","robots":{"index":"index","follow":"follow","max-snippet":"max-snippet:-1","max-image-preview":"max-image-preview:large","max-video-preview":"max-video-preview:-1"},"canonical":"https:\/\/lunatools.test.consids5.se\/no\/product\/maleband-lgo-glasf-apen-30m\/","og_locale":"nb_NO","og_type":"article","og_title":"M\u00c5LEB\u00c5ND LGO GLASF \u00c5PEN 30M - Luna tools","og_description":"M\u00e5leb\u00e5nd av glassfiber med \u00e5pent deksel i slagfast og kuldebestandig ABS-plast. Gummidetaljer i h\u00e5ndtaket for \u00f8kt komfort og grep. Dobbel nylonbelegg p\u00e5 gult matt b\u00e5nd for beste synlighet og beskyttelse mot slitasje. Resistent mot vann, grus, st\u00f8v og de fleste kjemikalier. Innfellbar sveiv med gear 3:1 for rask retur. Endehake med b\u00e5de ring og hake.... View Article","og_url":"https:\/\/lunatools.test.consids5.se\/no\/product\/maleband-lgo-glasf-apen-30m\/","og_site_name":"Luna tools","schema":{"@context":"https:\/\/schema.org","@graph":[{"@type":"WebPage","@id":"https:\/\/lunatools.test.consids5.se\/no\/product\/maleband-lgo-glasf-apen-30m\/","url":"https:\/\/lunatools.test.consids5.se\/no\/product\/maleband-lgo-glasf-apen-30m\/","name":"M\u00c5LEB\u00c5ND LGO GLASF \u00c5PEN 30M - Luna tools","isPartOf":{"@id":"https:\/\/lunatools.test.consids5.se\/en\/#website"},"datePublished":"2021-11-04T02:45:24+00:00","dateModified":"2021-11-04T02:45:24+00:00","breadcrumb":{"@id":"https:\/\/lunatools.test.consids5.se\/no\/product\/maleband-lgo-glasf-apen-30m\/#breadcrumb"},"inLanguage":"nb-NO","potentialAction":[{"@type":"ReadAction","target":["https:\/\/lunatools.test.consids5.se\/no\/product\/maleband-lgo-glasf-apen-30m\/"]}]},{"@type":"BreadcrumbList","@id":"https:\/\/lunatools.test.consids5.se\/no\/product\/maleband-lgo-glasf-apen-30m\/#breadcrumb","itemListElement":[{"@type":"ListItem","position":1,"name":"Home","item":"https:\/\/lunatools.test.consids5.se\/no\/"},{"@type":"ListItem","position":2,"name":"Products","item":"https:\/\/lunatools.test.consids5.se\/en\/shop\/"},{"@type":"ListItem","position":3,"name":"M\u00c5LEB\u00c5ND LGO GLASF \u00c5PEN 30M"}]},{"@type":"WebSite","@id":"https:\/\/lunatools.test.consids5.se\/en\/#website","url":"https:\/\/lunatools.test.consids5.se\/en\/","name":"Luna tools","description":"","publisher":{"@id":"https:\/\/lunatools.test.consids5.se\/en\/#organization"},"potentialAction":[{"@type":"SearchAction","target":{"@type":"EntryPoint","urlTemplate":"https:\/\/lunatools.test.consids5.se\/en\/?s={search_term_string}"},"query-input":"required name=search_term_string"}],"inLanguage":"nb-NO"},{"@type":"Organization","@id":"https:\/\/lunatools.test.consids5.se\/en\/#organization","name":"Luna Tools","url":"https:\/\/lunatools.test.consids5.se\/en\/","logo":{"@type":"ImageObject","inLanguage":"nb-NO","@id":"https:\/\/lunatools.test.consids5.se\/en\/#\/schema\/logo\/image\/","url":"https:\/\/lunatools.com\/wp-content\/uploads\/2019\/10\/LunaTools-gray-logo.png","contentUrl":"https:\/\/lunatools.com\/wp-content\/uploads\/2019\/10\/LunaTools-gray-logo.png","width":795,"height":309,"caption":"Luna Tools"},"image":{"@id":"https:\/\/lunatools.test.consids5.se\/en\/#\/schema\/logo\/image\/"}}]}},"_links":{"self":[{"href":"https:\/\/lunatools.test.consids5.se\/no\/wp-json\/wp\/v2\/product\/11258"}],"collection":[{"href":"https:\/\/lunatools.test.consids5.se\/no\/wp-json\/wp\/v2\/product"}],"about":[{"href":"https:\/\/lunatools.test.consids5.se\/no\/wp-json\/wp\/v2\/types\/product"}],"wp:attachment":[{"href":"https:\/\/lunatools.test.consids5.se\/no\/wp-json\/wp\/v2\/media?parent=11258"}],"wp:term":[{"taxonomy":"product_cat","embeddable":true,"href":"https:\/\/lunatools.test.consids5.se\/no\/wp-json\/wp\/v2\/product_cat?post=11258"},{"taxonomy":"product_tag","embeddable":true,"href":"https:\/\/lunatools.test.consids5.se\/no\/wp-json\/wp\/v2\/product_tag?post=11258"}],"curies":[{"name":"wp","href":"https:\/\/api.w.org\/{rel}","templated":true}]}}