{"id":11470,"date":"2021-11-04T02:50:21","date_gmt":"2021-11-04T02:50:21","guid":{"rendered":"https:\/\/lunatools.com\/product\/snekkerhammer-lst-16oz\/"},"modified":"2021-11-04T02:50:21","modified_gmt":"2021-11-04T02:50:21","slug":"snekkerhammer-lst-16oz","status":"publish","type":"product","link":"https:\/\/lunatools.test.consids5.se\/no\/product\/snekkerhammer-lst-16oz\/","title":{"rendered":"SNEKKERHAMMER LST 16OZ"},"content":{"rendered":"<p>Snekkerhammer med st\u00e5lr\u00f8rskaft. Meget sterk og smidig konstruksjon. B\u00f8yd tynnslipt klo som lett f\u00e5r grep under spiker eller lister som skal brytes opp. Godt formet h\u00e5ndtak med spesialgummi for beste grep og komfort uansett v\u00e6r. Kraftig endestopp med hull for verkt\u00f8ysikring.<\/p>\n","protected":false},"excerpt":{"rendered":"Snekkerhammer med st\u00e5lr\u00f8rskaft. Meget sterk og smidig konstruksjon. B\u00f8yd tynnslipt klo som lett f\u00e5r grep under spiker eller lister som skal brytes opp. Godt formet h\u00e5ndtak med spesialgummi for beste grep og komfort uansett v\u00e6r. Kraftig endestopp med hull for verkt\u00f8ysikring.","protected":false},"featured_media":0,"template":"","meta":{"_acf_changed":false},"product_cat":[696,698],"product_tag":[],"class_list":{"0":"post-11470","1":"product","2":"type-product","3":"status-publish","5":"product_cat-snekkerhammere-no","6":"product_cat-snekkerhammere-stalror-no","8":"first","9":"instock","10":"shipping-taxable","11":"product-type-simple"},"acf":[],"yoast_head":"<!-- This site is optimized with the Yoast SEO plugin v23.2 - https:\/\/yoast.com\/wordpress\/plugins\/seo\/ -->\n<title>SNEKKERHAMMER LST 16OZ - Luna tools<\/title>\n<meta name=\"robots\" content=\"index, follow, max-snippet:-1, max-image-preview:large, max-video-preview:-1\" \/>\n<link rel=\"canonical\" href=\"https:\/\/lunatools.test.consids5.se\/no\/product\/snekkerhammer-lst-16oz\/\" \/>\n<meta property=\"og:locale\" content=\"nb_NO\" \/>\n<meta property=\"og:type\" content=\"article\" \/>\n<meta property=\"og:title\" content=\"SNEKKERHAMMER LST 16OZ - Luna tools\" \/>\n<meta property=\"og:description\" content=\"Snekkerhammer med st\u00e5lr\u00f8rskaft. Meget sterk og smidig konstruksjon. B\u00f8yd tynnslipt klo som lett f\u00e5r grep under spiker eller lister som skal brytes opp. Godt formet h\u00e5ndtak med spesialgummi for beste grep og komfort uansett v\u00e6r. Kraftig endestopp med hull for verkt\u00f8ysikring.\" \/>\n<meta property=\"og:url\" content=\"https:\/\/lunatools.test.consids5.se\/no\/product\/snekkerhammer-lst-16oz\/\" \/>\n<meta property=\"og:site_name\" content=\"Luna tools\" \/>\n<script type=\"application\/ld+json\" class=\"yoast-schema-graph\">{\"@context\":\"https:\/\/schema.org\",\"@graph\":[{\"@type\":\"WebPage\",\"@id\":\"https:\/\/lunatools.test.consids5.se\/no\/product\/snekkerhammer-lst-16oz\/\",\"url\":\"https:\/\/lunatools.test.consids5.se\/no\/product\/snekkerhammer-lst-16oz\/\",\"name\":\"SNEKKERHAMMER LST 16OZ - Luna tools\",\"isPartOf\":{\"@id\":\"https:\/\/lunatools.test.consids5.se\/en\/#website\"},\"datePublished\":\"2021-11-04T02:50:21+00:00\",\"dateModified\":\"2021-11-04T02:50:21+00:00\",\"breadcrumb\":{\"@id\":\"https:\/\/lunatools.test.consids5.se\/no\/product\/snekkerhammer-lst-16oz\/#breadcrumb\"},\"inLanguage\":\"nb-NO\",\"potentialAction\":[{\"@type\":\"ReadAction\",\"target\":[\"https:\/\/lunatools.test.consids5.se\/no\/product\/snekkerhammer-lst-16oz\/\"]}]},{\"@type\":\"BreadcrumbList\",\"@id\":\"https:\/\/lunatools.test.consids5.se\/no\/product\/snekkerhammer-lst-16oz\/#breadcrumb\",\"itemListElement\":[{\"@type\":\"ListItem\",\"position\":1,\"name\":\"Home\",\"item\":\"https:\/\/lunatools.test.consids5.se\/no\/\"},{\"@type\":\"ListItem\",\"position\":2,\"name\":\"Products\",\"item\":\"https:\/\/lunatools.test.consids5.se\/en\/shop\/\"},{\"@type\":\"ListItem\",\"position\":3,\"name\":\"SNEKKERHAMMER LST 16OZ\"}]},{\"@type\":\"WebSite\",\"@id\":\"https:\/\/lunatools.test.consids5.se\/en\/#website\",\"url\":\"https:\/\/lunatools.test.consids5.se\/en\/\",\"name\":\"Luna tools\",\"description\":\"\",\"publisher\":{\"@id\":\"https:\/\/lunatools.test.consids5.se\/en\/#organization\"},\"potentialAction\":[{\"@type\":\"SearchAction\",\"target\":{\"@type\":\"EntryPoint\",\"urlTemplate\":\"https:\/\/lunatools.test.consids5.se\/en\/?s={search_term_string}\"},\"query-input\":\"required name=search_term_string\"}],\"inLanguage\":\"nb-NO\"},{\"@type\":\"Organization\",\"@id\":\"https:\/\/lunatools.test.consids5.se\/en\/#organization\",\"name\":\"Luna Tools\",\"url\":\"https:\/\/lunatools.test.consids5.se\/en\/\",\"logo\":{\"@type\":\"ImageObject\",\"inLanguage\":\"nb-NO\",\"@id\":\"https:\/\/lunatools.test.consids5.se\/en\/#\/schema\/logo\/image\/\",\"url\":\"https:\/\/lunatools.com\/wp-content\/uploads\/2019\/10\/LunaTools-gray-logo.png\",\"contentUrl\":\"https:\/\/lunatools.com\/wp-content\/uploads\/2019\/10\/LunaTools-gray-logo.png\",\"width\":795,\"height\":309,\"caption\":\"Luna Tools\"},\"image\":{\"@id\":\"https:\/\/lunatools.test.consids5.se\/en\/#\/schema\/logo\/image\/\"}}]}<\/script>\n<!-- \/ Yoast SEO plugin. -->","yoast_head_json":{"title":"SNEKKERHAMMER LST 16OZ - Luna tools","robots":{"index":"index","follow":"follow","max-snippet":"max-snippet:-1","max-image-preview":"max-image-preview:large","max-video-preview":"max-video-preview:-1"},"canonical":"https:\/\/lunatools.test.consids5.se\/no\/product\/snekkerhammer-lst-16oz\/","og_locale":"nb_NO","og_type":"article","og_title":"SNEKKERHAMMER LST 16OZ - Luna tools","og_description":"Snekkerhammer med st\u00e5lr\u00f8rskaft. Meget sterk og smidig konstruksjon. B\u00f8yd tynnslipt klo som lett f\u00e5r grep under spiker eller lister som skal brytes opp. Godt formet h\u00e5ndtak med spesialgummi for beste grep og komfort uansett v\u00e6r. Kraftig endestopp med hull for verkt\u00f8ysikring.","og_url":"https:\/\/lunatools.test.consids5.se\/no\/product\/snekkerhammer-lst-16oz\/","og_site_name":"Luna tools","schema":{"@context":"https:\/\/schema.org","@graph":[{"@type":"WebPage","@id":"https:\/\/lunatools.test.consids5.se\/no\/product\/snekkerhammer-lst-16oz\/","url":"https:\/\/lunatools.test.consids5.se\/no\/product\/snekkerhammer-lst-16oz\/","name":"SNEKKERHAMMER LST 16OZ - Luna tools","isPartOf":{"@id":"https:\/\/lunatools.test.consids5.se\/en\/#website"},"datePublished":"2021-11-04T02:50:21+00:00","dateModified":"2021-11-04T02:50:21+00:00","breadcrumb":{"@id":"https:\/\/lunatools.test.consids5.se\/no\/product\/snekkerhammer-lst-16oz\/#breadcrumb"},"inLanguage":"nb-NO","potentialAction":[{"@type":"ReadAction","target":["https:\/\/lunatools.test.consids5.se\/no\/product\/snekkerhammer-lst-16oz\/"]}]},{"@type":"BreadcrumbList","@id":"https:\/\/lunatools.test.consids5.se\/no\/product\/snekkerhammer-lst-16oz\/#breadcrumb","itemListElement":[{"@type":"ListItem","position":1,"name":"Home","item":"https:\/\/lunatools.test.consids5.se\/no\/"},{"@type":"ListItem","position":2,"name":"Products","item":"https:\/\/lunatools.test.consids5.se\/en\/shop\/"},{"@type":"ListItem","position":3,"name":"SNEKKERHAMMER LST 16OZ"}]},{"@type":"WebSite","@id":"https:\/\/lunatools.test.consids5.se\/en\/#website","url":"https:\/\/lunatools.test.consids5.se\/en\/","name":"Luna tools","description":"","publisher":{"@id":"https:\/\/lunatools.test.consids5.se\/en\/#organization"},"potentialAction":[{"@type":"SearchAction","target":{"@type":"EntryPoint","urlTemplate":"https:\/\/lunatools.test.consids5.se\/en\/?s={search_term_string}"},"query-input":"required name=search_term_string"}],"inLanguage":"nb-NO"},{"@type":"Organization","@id":"https:\/\/lunatools.test.consids5.se\/en\/#organization","name":"Luna Tools","url":"https:\/\/lunatools.test.consids5.se\/en\/","logo":{"@type":"ImageObject","inLanguage":"nb-NO","@id":"https:\/\/lunatools.test.consids5.se\/en\/#\/schema\/logo\/image\/","url":"https:\/\/lunatools.com\/wp-content\/uploads\/2019\/10\/LunaTools-gray-logo.png","contentUrl":"https:\/\/lunatools.com\/wp-content\/uploads\/2019\/10\/LunaTools-gray-logo.png","width":795,"height":309,"caption":"Luna Tools"},"image":{"@id":"https:\/\/lunatools.test.consids5.se\/en\/#\/schema\/logo\/image\/"}}]}},"_links":{"self":[{"href":"https:\/\/lunatools.test.consids5.se\/no\/wp-json\/wp\/v2\/product\/11470"}],"collection":[{"href":"https:\/\/lunatools.test.consids5.se\/no\/wp-json\/wp\/v2\/product"}],"about":[{"href":"https:\/\/lunatools.test.consids5.se\/no\/wp-json\/wp\/v2\/types\/product"}],"wp:attachment":[{"href":"https:\/\/lunatools.test.consids5.se\/no\/wp-json\/wp\/v2\/media?parent=11470"}],"wp:term":[{"taxonomy":"product_cat","embeddable":true,"href":"https:\/\/lunatools.test.consids5.se\/no\/wp-json\/wp\/v2\/product_cat?post=11470"},{"taxonomy":"product_tag","embeddable":true,"href":"https:\/\/lunatools.test.consids5.se\/no\/wp-json\/wp\/v2\/product_tag?post=11470"}],"curies":[{"name":"wp","href":"https:\/\/api.w.org\/{rel}","templated":true}]}}