{"id":11520,"date":"2021-11-04T02:55:05","date_gmt":"2021-11-04T02:55:05","guid":{"rendered":"https:\/\/lunatools.com\/product\/11520\/"},"modified":"2021-11-04T02:55:05","modified_gmt":"2021-11-04T02:55:05","slug":"wirelokke-125mm-150mm","status":"publish","type":"product","link":"https:\/\/lunatools.test.consids5.se\/no\/product\/wirelokke-125mm-150mm\/","title":{"rendered":"WIREL\u00d8KKE 1,25MM 150MM"},"content":{"rendered":"<p>Wirel\u00f8kke av syrefast st\u00e5l med tynn plastbeskyttelse, for verkt\u00f8ysikring. Artikkel 276830106 og 276830205 har messingsplombe diam 8 mm og L= 6 mm, og artikkel 276830304 har messingsplombe diam 8 mm og L= 7 mm.<\/p>\n","protected":false},"excerpt":{"rendered":"Wirel\u00f8kke av syrefast st\u00e5l med tynn plastbeskyttelse, for verkt\u00f8ysikring. Artikkel 276830106 og 276830205 har messingsplombe diam 8 mm og L= 6 mm, og artikkel 276830304 har messingsplombe diam 8 mm og L= 7 mm.","protected":false},"featured_media":0,"template":"","meta":{"_acf_changed":false},"product_cat":[998,1004],"product_tag":[],"class_list":{"0":"post-11520","1":"product","2":"type-product","3":"status-publish","5":"product_cat-innfestingskomponent-til-verktoy-no","6":"product_cat-lokker-no","8":"first","9":"instock","10":"shipping-taxable","11":"product-type-simple"},"acf":[],"yoast_head":"<!-- This site is optimized with the Yoast SEO plugin v23.2 - https:\/\/yoast.com\/wordpress\/plugins\/seo\/ -->\n<title>WIREL\u00d8KKE 1,25MM 150MM - Luna tools<\/title>\n<meta name=\"robots\" content=\"index, follow, max-snippet:-1, max-image-preview:large, max-video-preview:-1\" \/>\n<link rel=\"canonical\" href=\"https:\/\/lunatools.test.consids5.se\/no\/product\/wirelokke-125mm-150mm\/\" \/>\n<meta property=\"og:locale\" content=\"nb_NO\" \/>\n<meta property=\"og:type\" content=\"article\" \/>\n<meta property=\"og:title\" content=\"WIREL\u00d8KKE 1,25MM 150MM - Luna tools\" \/>\n<meta property=\"og:description\" content=\"Wirel\u00f8kke av syrefast st\u00e5l med tynn plastbeskyttelse, for verkt\u00f8ysikring. Artikkel 276830106 og 276830205 har messingsplombe diam 8 mm og L= 6 mm, og artikkel 276830304 har messingsplombe diam 8 mm og L= 7 mm.\" \/>\n<meta property=\"og:url\" content=\"https:\/\/lunatools.test.consids5.se\/no\/product\/wirelokke-125mm-150mm\/\" \/>\n<meta property=\"og:site_name\" content=\"Luna tools\" \/>\n<script type=\"application\/ld+json\" class=\"yoast-schema-graph\">{\"@context\":\"https:\/\/schema.org\",\"@graph\":[{\"@type\":\"WebPage\",\"@id\":\"https:\/\/lunatools.test.consids5.se\/no\/product\/wirelokke-125mm-150mm\/\",\"url\":\"https:\/\/lunatools.test.consids5.se\/no\/product\/wirelokke-125mm-150mm\/\",\"name\":\"WIREL\u00d8KKE 1,25MM 150MM - Luna tools\",\"isPartOf\":{\"@id\":\"https:\/\/lunatools.test.consids5.se\/en\/#website\"},\"datePublished\":\"2021-11-04T02:55:05+00:00\",\"dateModified\":\"2021-11-04T02:55:05+00:00\",\"breadcrumb\":{\"@id\":\"https:\/\/lunatools.test.consids5.se\/no\/product\/wirelokke-125mm-150mm\/#breadcrumb\"},\"inLanguage\":\"nb-NO\",\"potentialAction\":[{\"@type\":\"ReadAction\",\"target\":[\"https:\/\/lunatools.test.consids5.se\/no\/product\/wirelokke-125mm-150mm\/\"]}]},{\"@type\":\"BreadcrumbList\",\"@id\":\"https:\/\/lunatools.test.consids5.se\/no\/product\/wirelokke-125mm-150mm\/#breadcrumb\",\"itemListElement\":[{\"@type\":\"ListItem\",\"position\":1,\"name\":\"Home\",\"item\":\"https:\/\/lunatools.test.consids5.se\/no\/\"},{\"@type\":\"ListItem\",\"position\":2,\"name\":\"Products\",\"item\":\"https:\/\/lunatools.test.consids5.se\/en\/shop\/\"},{\"@type\":\"ListItem\",\"position\":3,\"name\":\"WIREL\u00d8KKE 1,25MM 150MM\"}]},{\"@type\":\"WebSite\",\"@id\":\"https:\/\/lunatools.test.consids5.se\/en\/#website\",\"url\":\"https:\/\/lunatools.test.consids5.se\/en\/\",\"name\":\"Luna tools\",\"description\":\"\",\"publisher\":{\"@id\":\"https:\/\/lunatools.test.consids5.se\/en\/#organization\"},\"potentialAction\":[{\"@type\":\"SearchAction\",\"target\":{\"@type\":\"EntryPoint\",\"urlTemplate\":\"https:\/\/lunatools.test.consids5.se\/en\/?s={search_term_string}\"},\"query-input\":\"required name=search_term_string\"}],\"inLanguage\":\"nb-NO\"},{\"@type\":\"Organization\",\"@id\":\"https:\/\/lunatools.test.consids5.se\/en\/#organization\",\"name\":\"Luna Tools\",\"url\":\"https:\/\/lunatools.test.consids5.se\/en\/\",\"logo\":{\"@type\":\"ImageObject\",\"inLanguage\":\"nb-NO\",\"@id\":\"https:\/\/lunatools.test.consids5.se\/en\/#\/schema\/logo\/image\/\",\"url\":\"https:\/\/lunatools.com\/wp-content\/uploads\/2019\/10\/LunaTools-gray-logo.png\",\"contentUrl\":\"https:\/\/lunatools.com\/wp-content\/uploads\/2019\/10\/LunaTools-gray-logo.png\",\"width\":795,\"height\":309,\"caption\":\"Luna Tools\"},\"image\":{\"@id\":\"https:\/\/lunatools.test.consids5.se\/en\/#\/schema\/logo\/image\/\"}}]}<\/script>\n<!-- \/ Yoast SEO plugin. -->","yoast_head_json":{"title":"WIREL\u00d8KKE 1,25MM 150MM - Luna tools","robots":{"index":"index","follow":"follow","max-snippet":"max-snippet:-1","max-image-preview":"max-image-preview:large","max-video-preview":"max-video-preview:-1"},"canonical":"https:\/\/lunatools.test.consids5.se\/no\/product\/wirelokke-125mm-150mm\/","og_locale":"nb_NO","og_type":"article","og_title":"WIREL\u00d8KKE 1,25MM 150MM - Luna tools","og_description":"Wirel\u00f8kke av syrefast st\u00e5l med tynn plastbeskyttelse, for verkt\u00f8ysikring. Artikkel 276830106 og 276830205 har messingsplombe diam 8 mm og L= 6 mm, og artikkel 276830304 har messingsplombe diam 8 mm og L= 7 mm.","og_url":"https:\/\/lunatools.test.consids5.se\/no\/product\/wirelokke-125mm-150mm\/","og_site_name":"Luna tools","schema":{"@context":"https:\/\/schema.org","@graph":[{"@type":"WebPage","@id":"https:\/\/lunatools.test.consids5.se\/no\/product\/wirelokke-125mm-150mm\/","url":"https:\/\/lunatools.test.consids5.se\/no\/product\/wirelokke-125mm-150mm\/","name":"WIREL\u00d8KKE 1,25MM 150MM - Luna tools","isPartOf":{"@id":"https:\/\/lunatools.test.consids5.se\/en\/#website"},"datePublished":"2021-11-04T02:55:05+00:00","dateModified":"2021-11-04T02:55:05+00:00","breadcrumb":{"@id":"https:\/\/lunatools.test.consids5.se\/no\/product\/wirelokke-125mm-150mm\/#breadcrumb"},"inLanguage":"nb-NO","potentialAction":[{"@type":"ReadAction","target":["https:\/\/lunatools.test.consids5.se\/no\/product\/wirelokke-125mm-150mm\/"]}]},{"@type":"BreadcrumbList","@id":"https:\/\/lunatools.test.consids5.se\/no\/product\/wirelokke-125mm-150mm\/#breadcrumb","itemListElement":[{"@type":"ListItem","position":1,"name":"Home","item":"https:\/\/lunatools.test.consids5.se\/no\/"},{"@type":"ListItem","position":2,"name":"Products","item":"https:\/\/lunatools.test.consids5.se\/en\/shop\/"},{"@type":"ListItem","position":3,"name":"WIREL\u00d8KKE 1,25MM 150MM"}]},{"@type":"WebSite","@id":"https:\/\/lunatools.test.consids5.se\/en\/#website","url":"https:\/\/lunatools.test.consids5.se\/en\/","name":"Luna tools","description":"","publisher":{"@id":"https:\/\/lunatools.test.consids5.se\/en\/#organization"},"potentialAction":[{"@type":"SearchAction","target":{"@type":"EntryPoint","urlTemplate":"https:\/\/lunatools.test.consids5.se\/en\/?s={search_term_string}"},"query-input":"required name=search_term_string"}],"inLanguage":"nb-NO"},{"@type":"Organization","@id":"https:\/\/lunatools.test.consids5.se\/en\/#organization","name":"Luna Tools","url":"https:\/\/lunatools.test.consids5.se\/en\/","logo":{"@type":"ImageObject","inLanguage":"nb-NO","@id":"https:\/\/lunatools.test.consids5.se\/en\/#\/schema\/logo\/image\/","url":"https:\/\/lunatools.com\/wp-content\/uploads\/2019\/10\/LunaTools-gray-logo.png","contentUrl":"https:\/\/lunatools.com\/wp-content\/uploads\/2019\/10\/LunaTools-gray-logo.png","width":795,"height":309,"caption":"Luna Tools"},"image":{"@id":"https:\/\/lunatools.test.consids5.se\/en\/#\/schema\/logo\/image\/"}}]}},"_links":{"self":[{"href":"https:\/\/lunatools.test.consids5.se\/no\/wp-json\/wp\/v2\/product\/11520"}],"collection":[{"href":"https:\/\/lunatools.test.consids5.se\/no\/wp-json\/wp\/v2\/product"}],"about":[{"href":"https:\/\/lunatools.test.consids5.se\/no\/wp-json\/wp\/v2\/types\/product"}],"wp:attachment":[{"href":"https:\/\/lunatools.test.consids5.se\/no\/wp-json\/wp\/v2\/media?parent=11520"}],"wp:term":[{"taxonomy":"product_cat","embeddable":true,"href":"https:\/\/lunatools.test.consids5.se\/no\/wp-json\/wp\/v2\/product_cat?post=11520"},{"taxonomy":"product_tag","embeddable":true,"href":"https:\/\/lunatools.test.consids5.se\/no\/wp-json\/wp\/v2\/product_tag?post=11520"}],"curies":[{"name":"wp","href":"https:\/\/api.w.org\/{rel}","templated":true}]}}