{"id":11943,"date":"2021-11-04T02:50:18","date_gmt":"2021-11-04T02:50:18","guid":{"rendered":"http:\/\/lunatools.com\/product\/brytebladkniv-l25-comb-plast\/"},"modified":"2021-11-04T02:50:18","modified_gmt":"2021-11-04T02:50:18","slug":"brytebladkniv-l25-comb-plast-2","status":"publish","type":"product","link":"https:\/\/lunatools.test.consids5.se\/no\/product\/brytebladkniv-l25-comb-plast-2\/","title":{"rendered":"BRYTEBLADKNIV L25-COMB PLAST"},"content":{"rendered":"<p>Brytebladkniv med hus av ABS-plast og myke ergonomiske gummidetaljer for komfortabel bruk. Dobbel bladfunksjon. Den fremre knappen skyver fram bladet 15mm og har automatisk returfj\u00e6r, perfekt for pakke\u00e5pning eller andre raske skj\u00e6rebehov. Den bakre knappen skyver fram bladet til \u00f8nsket utstikk. Det bakre plastlokket kan tas av og brukes som bryteverkt\u00f8y for nytt blad. Leveres med SK2H blad. Hull for verkt\u00f8ysikring.<\/p>\n","protected":false},"excerpt":{"rendered":"Brytebladkniv med hus av ABS-plast og myke ergonomiske gummidetaljer for komfortabel bruk. Dobbel bladfunksjon. Den fremre knappen skyver fram bladet 15mm og har automatisk returfj\u00e6r, perfekt for pakke\u00e5pning eller andre raske skj\u00e6rebehov. Den bakre knappen skyver fram bladet til \u00f8nsket utstikk. Det bakre plastlokket kan tas av og brukes som bryteverkt\u00f8y for nytt blad. Leveres&#8230; <a class=\"view-article\" href=\"https:\/\/lunatools.test.consids5.se\/no\/product\/brytebladkniv-l25-comb-plast-2\/\">View Article<\/a>","protected":false},"featured_media":0,"template":"","meta":{"_acf_changed":false},"product_cat":[602,343],"product_tag":[],"class_list":{"0":"post-11943","1":"product","2":"type-product","3":"status-publish","5":"product_cat-brytebladkniver-no","6":"product_cat-kniver-no","8":"first","9":"instock","10":"shipping-taxable","11":"product-type-simple"},"acf":[],"yoast_head":"<!-- This site is optimized with the Yoast SEO plugin v23.2 - https:\/\/yoast.com\/wordpress\/plugins\/seo\/ -->\n<title>BRYTEBLADKNIV L25-COMB PLAST - Luna tools<\/title>\n<meta name=\"robots\" content=\"index, follow, max-snippet:-1, max-image-preview:large, max-video-preview:-1\" \/>\n<link rel=\"canonical\" href=\"https:\/\/lunatools.test.consids5.se\/no\/product\/brytebladkniv-l25-comb-plast-2\/\" \/>\n<meta property=\"og:locale\" content=\"nb_NO\" \/>\n<meta property=\"og:type\" content=\"article\" \/>\n<meta property=\"og:title\" content=\"BRYTEBLADKNIV L25-COMB PLAST - Luna tools\" \/>\n<meta property=\"og:description\" content=\"Brytebladkniv med hus av ABS-plast og myke ergonomiske gummidetaljer for komfortabel bruk. Dobbel bladfunksjon. Den fremre knappen skyver fram bladet 15mm og har automatisk returfj\u00e6r, perfekt for pakke\u00e5pning eller andre raske skj\u00e6rebehov. Den bakre knappen skyver fram bladet til \u00f8nsket utstikk. Det bakre plastlokket kan tas av og brukes som bryteverkt\u00f8y for nytt blad. Leveres... View Article\" \/>\n<meta property=\"og:url\" content=\"https:\/\/lunatools.test.consids5.se\/no\/product\/brytebladkniv-l25-comb-plast-2\/\" \/>\n<meta property=\"og:site_name\" content=\"Luna tools\" \/>\n<script type=\"application\/ld+json\" class=\"yoast-schema-graph\">{\"@context\":\"https:\/\/schema.org\",\"@graph\":[{\"@type\":\"WebPage\",\"@id\":\"https:\/\/lunatools.test.consids5.se\/no\/product\/brytebladkniv-l25-comb-plast-2\/\",\"url\":\"https:\/\/lunatools.test.consids5.se\/no\/product\/brytebladkniv-l25-comb-plast-2\/\",\"name\":\"BRYTEBLADKNIV L25-COMB PLAST - Luna tools\",\"isPartOf\":{\"@id\":\"https:\/\/lunatools.test.consids5.se\/en\/#website\"},\"datePublished\":\"2021-11-04T02:50:18+00:00\",\"dateModified\":\"2021-11-04T02:50:18+00:00\",\"breadcrumb\":{\"@id\":\"https:\/\/lunatools.test.consids5.se\/no\/product\/brytebladkniv-l25-comb-plast-2\/#breadcrumb\"},\"inLanguage\":\"nb-NO\",\"potentialAction\":[{\"@type\":\"ReadAction\",\"target\":[\"https:\/\/lunatools.test.consids5.se\/no\/product\/brytebladkniv-l25-comb-plast-2\/\"]}]},{\"@type\":\"BreadcrumbList\",\"@id\":\"https:\/\/lunatools.test.consids5.se\/no\/product\/brytebladkniv-l25-comb-plast-2\/#breadcrumb\",\"itemListElement\":[{\"@type\":\"ListItem\",\"position\":1,\"name\":\"Home\",\"item\":\"https:\/\/lunatools.test.consids5.se\/no\/\"},{\"@type\":\"ListItem\",\"position\":2,\"name\":\"Products\",\"item\":\"https:\/\/lunatools.test.consids5.se\/en\/shop\/\"},{\"@type\":\"ListItem\",\"position\":3,\"name\":\"BRYTEBLADKNIV L25-COMB PLAST\"}]},{\"@type\":\"WebSite\",\"@id\":\"https:\/\/lunatools.test.consids5.se\/en\/#website\",\"url\":\"https:\/\/lunatools.test.consids5.se\/en\/\",\"name\":\"Luna tools\",\"description\":\"\",\"publisher\":{\"@id\":\"https:\/\/lunatools.test.consids5.se\/en\/#organization\"},\"potentialAction\":[{\"@type\":\"SearchAction\",\"target\":{\"@type\":\"EntryPoint\",\"urlTemplate\":\"https:\/\/lunatools.test.consids5.se\/en\/?s={search_term_string}\"},\"query-input\":\"required name=search_term_string\"}],\"inLanguage\":\"nb-NO\"},{\"@type\":\"Organization\",\"@id\":\"https:\/\/lunatools.test.consids5.se\/en\/#organization\",\"name\":\"Luna Tools\",\"url\":\"https:\/\/lunatools.test.consids5.se\/en\/\",\"logo\":{\"@type\":\"ImageObject\",\"inLanguage\":\"nb-NO\",\"@id\":\"https:\/\/lunatools.test.consids5.se\/en\/#\/schema\/logo\/image\/\",\"url\":\"https:\/\/lunatools.com\/wp-content\/uploads\/2019\/10\/LunaTools-gray-logo.png\",\"contentUrl\":\"https:\/\/lunatools.com\/wp-content\/uploads\/2019\/10\/LunaTools-gray-logo.png\",\"width\":795,\"height\":309,\"caption\":\"Luna Tools\"},\"image\":{\"@id\":\"https:\/\/lunatools.test.consids5.se\/en\/#\/schema\/logo\/image\/\"}}]}<\/script>\n<!-- \/ Yoast SEO plugin. -->","yoast_head_json":{"title":"BRYTEBLADKNIV L25-COMB PLAST - Luna tools","robots":{"index":"index","follow":"follow","max-snippet":"max-snippet:-1","max-image-preview":"max-image-preview:large","max-video-preview":"max-video-preview:-1"},"canonical":"https:\/\/lunatools.test.consids5.se\/no\/product\/brytebladkniv-l25-comb-plast-2\/","og_locale":"nb_NO","og_type":"article","og_title":"BRYTEBLADKNIV L25-COMB PLAST - Luna tools","og_description":"Brytebladkniv med hus av ABS-plast og myke ergonomiske gummidetaljer for komfortabel bruk. Dobbel bladfunksjon. Den fremre knappen skyver fram bladet 15mm og har automatisk returfj\u00e6r, perfekt for pakke\u00e5pning eller andre raske skj\u00e6rebehov. Den bakre knappen skyver fram bladet til \u00f8nsket utstikk. Det bakre plastlokket kan tas av og brukes som bryteverkt\u00f8y for nytt blad. Leveres... View Article","og_url":"https:\/\/lunatools.test.consids5.se\/no\/product\/brytebladkniv-l25-comb-plast-2\/","og_site_name":"Luna tools","schema":{"@context":"https:\/\/schema.org","@graph":[{"@type":"WebPage","@id":"https:\/\/lunatools.test.consids5.se\/no\/product\/brytebladkniv-l25-comb-plast-2\/","url":"https:\/\/lunatools.test.consids5.se\/no\/product\/brytebladkniv-l25-comb-plast-2\/","name":"BRYTEBLADKNIV L25-COMB PLAST - Luna tools","isPartOf":{"@id":"https:\/\/lunatools.test.consids5.se\/en\/#website"},"datePublished":"2021-11-04T02:50:18+00:00","dateModified":"2021-11-04T02:50:18+00:00","breadcrumb":{"@id":"https:\/\/lunatools.test.consids5.se\/no\/product\/brytebladkniv-l25-comb-plast-2\/#breadcrumb"},"inLanguage":"nb-NO","potentialAction":[{"@type":"ReadAction","target":["https:\/\/lunatools.test.consids5.se\/no\/product\/brytebladkniv-l25-comb-plast-2\/"]}]},{"@type":"BreadcrumbList","@id":"https:\/\/lunatools.test.consids5.se\/no\/product\/brytebladkniv-l25-comb-plast-2\/#breadcrumb","itemListElement":[{"@type":"ListItem","position":1,"name":"Home","item":"https:\/\/lunatools.test.consids5.se\/no\/"},{"@type":"ListItem","position":2,"name":"Products","item":"https:\/\/lunatools.test.consids5.se\/en\/shop\/"},{"@type":"ListItem","position":3,"name":"BRYTEBLADKNIV L25-COMB PLAST"}]},{"@type":"WebSite","@id":"https:\/\/lunatools.test.consids5.se\/en\/#website","url":"https:\/\/lunatools.test.consids5.se\/en\/","name":"Luna tools","description":"","publisher":{"@id":"https:\/\/lunatools.test.consids5.se\/en\/#organization"},"potentialAction":[{"@type":"SearchAction","target":{"@type":"EntryPoint","urlTemplate":"https:\/\/lunatools.test.consids5.se\/en\/?s={search_term_string}"},"query-input":"required name=search_term_string"}],"inLanguage":"nb-NO"},{"@type":"Organization","@id":"https:\/\/lunatools.test.consids5.se\/en\/#organization","name":"Luna Tools","url":"https:\/\/lunatools.test.consids5.se\/en\/","logo":{"@type":"ImageObject","inLanguage":"nb-NO","@id":"https:\/\/lunatools.test.consids5.se\/en\/#\/schema\/logo\/image\/","url":"https:\/\/lunatools.com\/wp-content\/uploads\/2019\/10\/LunaTools-gray-logo.png","contentUrl":"https:\/\/lunatools.com\/wp-content\/uploads\/2019\/10\/LunaTools-gray-logo.png","width":795,"height":309,"caption":"Luna Tools"},"image":{"@id":"https:\/\/lunatools.test.consids5.se\/en\/#\/schema\/logo\/image\/"}}]}},"_links":{"self":[{"href":"https:\/\/lunatools.test.consids5.se\/no\/wp-json\/wp\/v2\/product\/11943"}],"collection":[{"href":"https:\/\/lunatools.test.consids5.se\/no\/wp-json\/wp\/v2\/product"}],"about":[{"href":"https:\/\/lunatools.test.consids5.se\/no\/wp-json\/wp\/v2\/types\/product"}],"wp:attachment":[{"href":"https:\/\/lunatools.test.consids5.se\/no\/wp-json\/wp\/v2\/media?parent=11943"}],"wp:term":[{"taxonomy":"product_cat","embeddable":true,"href":"https:\/\/lunatools.test.consids5.se\/no\/wp-json\/wp\/v2\/product_cat?post=11943"},{"taxonomy":"product_tag","embeddable":true,"href":"https:\/\/lunatools.test.consids5.se\/no\/wp-json\/wp\/v2\/product_tag?post=11943"}],"curies":[{"name":"wp","href":"https:\/\/api.w.org\/{rel}","templated":true}]}}