{"id":12537,"date":"2021-11-04T02:55:24","date_gmt":"2021-11-04T02:55:24","guid":{"rendered":"http:\/\/lunatools.com\/product\/tigersagb-150x25x1-25-6-8tpi\/"},"modified":"2021-11-04T02:55:24","modified_gmt":"2021-11-04T02:55:24","slug":"tigersagblad-150x25x1-25-6-8tp-2","status":"publish","type":"product","link":"https:\/\/lunatools.test.consids5.se\/no\/product\/tigersagblad-150x25x1-25-6-8tp-2\/","title":{"rendered":"TIGERSAGBLAD 150X25X1.25 6-8TP"},"content":{"rendered":"<p>Progressive. Sagblad med hardmetalltenner for elektriske tigersager. Hardmetalltenner for lang levetid og saging av de hardeste materialer. Individuelt slipte tenner for h\u00f8y fleksibilitet for skj\u00e6reevne for de aller t\u00f8ffeste rivningsarbeider. Progressiv tanndeling for b\u00e5de tykke og tynne materialer. Ekstra tykt for optimal stabilitet. Egnet for bearbeiding av tre med spiker, st\u00e5l og metallprofiler. Leveres i forpakning med 1 eller 3 blad.<\/p>\n","protected":false},"excerpt":{"rendered":"Progressive. Sagblad med hardmetalltenner for elektriske tigersager. Hardmetalltenner for lang levetid og saging av de hardeste materialer. Individuelt slipte tenner for h\u00f8y fleksibilitet for skj\u00e6reevne for de aller t\u00f8ffeste rivningsarbeider. Progressiv tanndeling for b\u00e5de tykke og tynne materialer. Ekstra tykt for optimal stabilitet. Egnet for bearbeiding av tre med spiker, st\u00e5l og metallprofiler. Leveres i&#8230; <a class=\"view-article\" href=\"https:\/\/lunatools.test.consids5.se\/no\/product\/tigersagblad-150x25x1-25-6-8tp-2\/\">View Article<\/a>","protected":false},"featured_media":0,"template":"","meta":{"_acf_changed":false},"product_cat":[178,258],"product_tag":[],"class_list":{"0":"post-12537","1":"product","2":"type-product","3":"status-publish","5":"product_cat-sagblad-no","6":"product_cat-tigersagblad-no","8":"first","9":"instock","10":"shipping-taxable","11":"product-type-simple"},"acf":[],"yoast_head":"<!-- This site is optimized with the Yoast SEO plugin v23.2 - https:\/\/yoast.com\/wordpress\/plugins\/seo\/ -->\n<title>TIGERSAGBLAD 150X25X1.25 6-8TP - Luna tools<\/title>\n<meta name=\"robots\" content=\"index, follow, max-snippet:-1, max-image-preview:large, max-video-preview:-1\" \/>\n<link rel=\"canonical\" href=\"https:\/\/lunatools.test.consids5.se\/no\/product\/tigersagblad-150x25x1-25-6-8tp-2\/\" \/>\n<meta property=\"og:locale\" content=\"nb_NO\" \/>\n<meta property=\"og:type\" content=\"article\" \/>\n<meta property=\"og:title\" content=\"TIGERSAGBLAD 150X25X1.25 6-8TP - Luna tools\" \/>\n<meta property=\"og:description\" content=\"Progressive. Sagblad med hardmetalltenner for elektriske tigersager. Hardmetalltenner for lang levetid og saging av de hardeste materialer. Individuelt slipte tenner for h\u00f8y fleksibilitet for skj\u00e6reevne for de aller t\u00f8ffeste rivningsarbeider. Progressiv tanndeling for b\u00e5de tykke og tynne materialer. Ekstra tykt for optimal stabilitet. Egnet for bearbeiding av tre med spiker, st\u00e5l og metallprofiler. Leveres i... View Article\" \/>\n<meta property=\"og:url\" content=\"https:\/\/lunatools.test.consids5.se\/no\/product\/tigersagblad-150x25x1-25-6-8tp-2\/\" \/>\n<meta property=\"og:site_name\" content=\"Luna tools\" \/>\n<script type=\"application\/ld+json\" class=\"yoast-schema-graph\">{\"@context\":\"https:\/\/schema.org\",\"@graph\":[{\"@type\":\"WebPage\",\"@id\":\"https:\/\/lunatools.test.consids5.se\/no\/product\/tigersagblad-150x25x1-25-6-8tp-2\/\",\"url\":\"https:\/\/lunatools.test.consids5.se\/no\/product\/tigersagblad-150x25x1-25-6-8tp-2\/\",\"name\":\"TIGERSAGBLAD 150X25X1.25 6-8TP - Luna tools\",\"isPartOf\":{\"@id\":\"https:\/\/lunatools.test.consids5.se\/en\/#website\"},\"datePublished\":\"2021-11-04T02:55:24+00:00\",\"dateModified\":\"2021-11-04T02:55:24+00:00\",\"breadcrumb\":{\"@id\":\"https:\/\/lunatools.test.consids5.se\/no\/product\/tigersagblad-150x25x1-25-6-8tp-2\/#breadcrumb\"},\"inLanguage\":\"nb-NO\",\"potentialAction\":[{\"@type\":\"ReadAction\",\"target\":[\"https:\/\/lunatools.test.consids5.se\/no\/product\/tigersagblad-150x25x1-25-6-8tp-2\/\"]}]},{\"@type\":\"BreadcrumbList\",\"@id\":\"https:\/\/lunatools.test.consids5.se\/no\/product\/tigersagblad-150x25x1-25-6-8tp-2\/#breadcrumb\",\"itemListElement\":[{\"@type\":\"ListItem\",\"position\":1,\"name\":\"Home\",\"item\":\"https:\/\/lunatools.test.consids5.se\/no\/\"},{\"@type\":\"ListItem\",\"position\":2,\"name\":\"Products\",\"item\":\"https:\/\/lunatools.test.consids5.se\/en\/shop\/\"},{\"@type\":\"ListItem\",\"position\":3,\"name\":\"TIGERSAGBLAD 150X25X1.25 6-8TP\"}]},{\"@type\":\"WebSite\",\"@id\":\"https:\/\/lunatools.test.consids5.se\/en\/#website\",\"url\":\"https:\/\/lunatools.test.consids5.se\/en\/\",\"name\":\"Luna tools\",\"description\":\"\",\"publisher\":{\"@id\":\"https:\/\/lunatools.test.consids5.se\/en\/#organization\"},\"potentialAction\":[{\"@type\":\"SearchAction\",\"target\":{\"@type\":\"EntryPoint\",\"urlTemplate\":\"https:\/\/lunatools.test.consids5.se\/en\/?s={search_term_string}\"},\"query-input\":\"required name=search_term_string\"}],\"inLanguage\":\"nb-NO\"},{\"@type\":\"Organization\",\"@id\":\"https:\/\/lunatools.test.consids5.se\/en\/#organization\",\"name\":\"Luna Tools\",\"url\":\"https:\/\/lunatools.test.consids5.se\/en\/\",\"logo\":{\"@type\":\"ImageObject\",\"inLanguage\":\"nb-NO\",\"@id\":\"https:\/\/lunatools.test.consids5.se\/en\/#\/schema\/logo\/image\/\",\"url\":\"https:\/\/lunatools.com\/wp-content\/uploads\/2019\/10\/LunaTools-gray-logo.png\",\"contentUrl\":\"https:\/\/lunatools.com\/wp-content\/uploads\/2019\/10\/LunaTools-gray-logo.png\",\"width\":795,\"height\":309,\"caption\":\"Luna Tools\"},\"image\":{\"@id\":\"https:\/\/lunatools.test.consids5.se\/en\/#\/schema\/logo\/image\/\"}}]}<\/script>\n<!-- \/ Yoast SEO plugin. -->","yoast_head_json":{"title":"TIGERSAGBLAD 150X25X1.25 6-8TP - Luna tools","robots":{"index":"index","follow":"follow","max-snippet":"max-snippet:-1","max-image-preview":"max-image-preview:large","max-video-preview":"max-video-preview:-1"},"canonical":"https:\/\/lunatools.test.consids5.se\/no\/product\/tigersagblad-150x25x1-25-6-8tp-2\/","og_locale":"nb_NO","og_type":"article","og_title":"TIGERSAGBLAD 150X25X1.25 6-8TP - Luna tools","og_description":"Progressive. Sagblad med hardmetalltenner for elektriske tigersager. Hardmetalltenner for lang levetid og saging av de hardeste materialer. Individuelt slipte tenner for h\u00f8y fleksibilitet for skj\u00e6reevne for de aller t\u00f8ffeste rivningsarbeider. Progressiv tanndeling for b\u00e5de tykke og tynne materialer. Ekstra tykt for optimal stabilitet. Egnet for bearbeiding av tre med spiker, st\u00e5l og metallprofiler. Leveres i... View Article","og_url":"https:\/\/lunatools.test.consids5.se\/no\/product\/tigersagblad-150x25x1-25-6-8tp-2\/","og_site_name":"Luna tools","schema":{"@context":"https:\/\/schema.org","@graph":[{"@type":"WebPage","@id":"https:\/\/lunatools.test.consids5.se\/no\/product\/tigersagblad-150x25x1-25-6-8tp-2\/","url":"https:\/\/lunatools.test.consids5.se\/no\/product\/tigersagblad-150x25x1-25-6-8tp-2\/","name":"TIGERSAGBLAD 150X25X1.25 6-8TP - Luna tools","isPartOf":{"@id":"https:\/\/lunatools.test.consids5.se\/en\/#website"},"datePublished":"2021-11-04T02:55:24+00:00","dateModified":"2021-11-04T02:55:24+00:00","breadcrumb":{"@id":"https:\/\/lunatools.test.consids5.se\/no\/product\/tigersagblad-150x25x1-25-6-8tp-2\/#breadcrumb"},"inLanguage":"nb-NO","potentialAction":[{"@type":"ReadAction","target":["https:\/\/lunatools.test.consids5.se\/no\/product\/tigersagblad-150x25x1-25-6-8tp-2\/"]}]},{"@type":"BreadcrumbList","@id":"https:\/\/lunatools.test.consids5.se\/no\/product\/tigersagblad-150x25x1-25-6-8tp-2\/#breadcrumb","itemListElement":[{"@type":"ListItem","position":1,"name":"Home","item":"https:\/\/lunatools.test.consids5.se\/no\/"},{"@type":"ListItem","position":2,"name":"Products","item":"https:\/\/lunatools.test.consids5.se\/en\/shop\/"},{"@type":"ListItem","position":3,"name":"TIGERSAGBLAD 150X25X1.25 6-8TP"}]},{"@type":"WebSite","@id":"https:\/\/lunatools.test.consids5.se\/en\/#website","url":"https:\/\/lunatools.test.consids5.se\/en\/","name":"Luna tools","description":"","publisher":{"@id":"https:\/\/lunatools.test.consids5.se\/en\/#organization"},"potentialAction":[{"@type":"SearchAction","target":{"@type":"EntryPoint","urlTemplate":"https:\/\/lunatools.test.consids5.se\/en\/?s={search_term_string}"},"query-input":"required name=search_term_string"}],"inLanguage":"nb-NO"},{"@type":"Organization","@id":"https:\/\/lunatools.test.consids5.se\/en\/#organization","name":"Luna Tools","url":"https:\/\/lunatools.test.consids5.se\/en\/","logo":{"@type":"ImageObject","inLanguage":"nb-NO","@id":"https:\/\/lunatools.test.consids5.se\/en\/#\/schema\/logo\/image\/","url":"https:\/\/lunatools.com\/wp-content\/uploads\/2019\/10\/LunaTools-gray-logo.png","contentUrl":"https:\/\/lunatools.com\/wp-content\/uploads\/2019\/10\/LunaTools-gray-logo.png","width":795,"height":309,"caption":"Luna Tools"},"image":{"@id":"https:\/\/lunatools.test.consids5.se\/en\/#\/schema\/logo\/image\/"}}]}},"_links":{"self":[{"href":"https:\/\/lunatools.test.consids5.se\/no\/wp-json\/wp\/v2\/product\/12537"}],"collection":[{"href":"https:\/\/lunatools.test.consids5.se\/no\/wp-json\/wp\/v2\/product"}],"about":[{"href":"https:\/\/lunatools.test.consids5.se\/no\/wp-json\/wp\/v2\/types\/product"}],"wp:attachment":[{"href":"https:\/\/lunatools.test.consids5.se\/no\/wp-json\/wp\/v2\/media?parent=12537"}],"wp:term":[{"taxonomy":"product_cat","embeddable":true,"href":"https:\/\/lunatools.test.consids5.se\/no\/wp-json\/wp\/v2\/product_cat?post=12537"},{"taxonomy":"product_tag","embeddable":true,"href":"https:\/\/lunatools.test.consids5.se\/no\/wp-json\/wp\/v2\/product_tag?post=12537"}],"curies":[{"name":"wp","href":"https:\/\/api.w.org\/{rel}","templated":true}]}}