{"id":12618,"date":"2021-11-04T02:50:33","date_gmt":"2021-11-04T02:50:33","guid":{"rendered":"http:\/\/lunatools.com\/product\/brekkjern-luna-625p\/"},"modified":"2021-11-04T02:50:33","modified_gmt":"2021-11-04T02:50:33","slug":"brekkjern-luna-625p","status":"publish","type":"product","link":"https:\/\/lunatools.test.consids5.se\/no\/product\/brekkjern-luna-625p\/","title":{"rendered":"BREKKJERN LUNA 625P"},"content":{"rendered":"<p>Brekkjern av h\u00f8ylegert \u00e5ttekantet kromvanadiumst\u00e5l. Tynne, slipte overflater p\u00e5 b\u00e5de klo og meiselende for \u00e5 forenkle innsl\u00e5ing, spikeruttrekk og minske brytemerker p\u00e5 underlaget. Gr\u00f8nnlakkert. Leveres komplett med festekomponenter for fallsikring av verkt\u00f8y, AISI 316. Festekomponentene er enkle \u00e5 montere og demontere ved behov.<\/p>\n","protected":false},"excerpt":{"rendered":"Brekkjern av h\u00f8ylegert \u00e5ttekantet kromvanadiumst\u00e5l. Tynne, slipte overflater p\u00e5 b\u00e5de klo og meiselende for \u00e5 forenkle innsl\u00e5ing, spikeruttrekk og minske brytemerker p\u00e5 underlaget. Gr\u00f8nnlakkert. Leveres komplett med festekomponenter for fallsikring av verkt\u00f8y, AISI 316. Festekomponentene er enkle \u00e5 montere og demontere ved behov.","protected":false},"featured_media":0,"template":"","meta":{"_acf_changed":false},"product_cat":[948,949],"product_tag":[],"class_list":{"0":"post-12618","1":"product","2":"type-product","3":"status-publish","5":"product_cat-brekkjern-no","6":"product_cat-brekkjern-no-brekkjern-no","8":"first","9":"instock","10":"shipping-taxable","11":"product-type-simple"},"acf":[],"yoast_head":"<!-- This site is optimized with the Yoast SEO plugin v23.2 - https:\/\/yoast.com\/wordpress\/plugins\/seo\/ -->\n<title>BREKKJERN LUNA 625P - Luna tools<\/title>\n<meta name=\"robots\" content=\"index, follow, max-snippet:-1, max-image-preview:large, max-video-preview:-1\" \/>\n<link rel=\"canonical\" href=\"https:\/\/lunatools.test.consids5.se\/no\/product\/brekkjern-luna-625p\/\" \/>\n<meta property=\"og:locale\" content=\"nb_NO\" \/>\n<meta property=\"og:type\" content=\"article\" \/>\n<meta property=\"og:title\" content=\"BREKKJERN LUNA 625P - Luna tools\" \/>\n<meta property=\"og:description\" content=\"Brekkjern av h\u00f8ylegert \u00e5ttekantet kromvanadiumst\u00e5l. Tynne, slipte overflater p\u00e5 b\u00e5de klo og meiselende for \u00e5 forenkle innsl\u00e5ing, spikeruttrekk og minske brytemerker p\u00e5 underlaget. Gr\u00f8nnlakkert. Leveres komplett med festekomponenter for fallsikring av verkt\u00f8y, AISI 316. Festekomponentene er enkle \u00e5 montere og demontere ved behov.\" \/>\n<meta property=\"og:url\" content=\"https:\/\/lunatools.test.consids5.se\/no\/product\/brekkjern-luna-625p\/\" \/>\n<meta property=\"og:site_name\" content=\"Luna tools\" \/>\n<script type=\"application\/ld+json\" class=\"yoast-schema-graph\">{\"@context\":\"https:\/\/schema.org\",\"@graph\":[{\"@type\":\"WebPage\",\"@id\":\"https:\/\/lunatools.test.consids5.se\/no\/product\/brekkjern-luna-625p\/\",\"url\":\"https:\/\/lunatools.test.consids5.se\/no\/product\/brekkjern-luna-625p\/\",\"name\":\"BREKKJERN LUNA 625P - Luna tools\",\"isPartOf\":{\"@id\":\"https:\/\/lunatools.test.consids5.se\/en\/#website\"},\"datePublished\":\"2021-11-04T02:50:33+00:00\",\"dateModified\":\"2021-11-04T02:50:33+00:00\",\"breadcrumb\":{\"@id\":\"https:\/\/lunatools.test.consids5.se\/no\/product\/brekkjern-luna-625p\/#breadcrumb\"},\"inLanguage\":\"nb-NO\",\"potentialAction\":[{\"@type\":\"ReadAction\",\"target\":[\"https:\/\/lunatools.test.consids5.se\/no\/product\/brekkjern-luna-625p\/\"]}]},{\"@type\":\"BreadcrumbList\",\"@id\":\"https:\/\/lunatools.test.consids5.se\/no\/product\/brekkjern-luna-625p\/#breadcrumb\",\"itemListElement\":[{\"@type\":\"ListItem\",\"position\":1,\"name\":\"Home\",\"item\":\"https:\/\/lunatools.test.consids5.se\/no\/\"},{\"@type\":\"ListItem\",\"position\":2,\"name\":\"Products\",\"item\":\"https:\/\/lunatools.test.consids5.se\/en\/shop\/\"},{\"@type\":\"ListItem\",\"position\":3,\"name\":\"BREKKJERN LUNA 625P\"}]},{\"@type\":\"WebSite\",\"@id\":\"https:\/\/lunatools.test.consids5.se\/en\/#website\",\"url\":\"https:\/\/lunatools.test.consids5.se\/en\/\",\"name\":\"Luna tools\",\"description\":\"\",\"publisher\":{\"@id\":\"https:\/\/lunatools.test.consids5.se\/en\/#organization\"},\"potentialAction\":[{\"@type\":\"SearchAction\",\"target\":{\"@type\":\"EntryPoint\",\"urlTemplate\":\"https:\/\/lunatools.test.consids5.se\/en\/?s={search_term_string}\"},\"query-input\":\"required name=search_term_string\"}],\"inLanguage\":\"nb-NO\"},{\"@type\":\"Organization\",\"@id\":\"https:\/\/lunatools.test.consids5.se\/en\/#organization\",\"name\":\"Luna Tools\",\"url\":\"https:\/\/lunatools.test.consids5.se\/en\/\",\"logo\":{\"@type\":\"ImageObject\",\"inLanguage\":\"nb-NO\",\"@id\":\"https:\/\/lunatools.test.consids5.se\/en\/#\/schema\/logo\/image\/\",\"url\":\"https:\/\/lunatools.com\/wp-content\/uploads\/2019\/10\/LunaTools-gray-logo.png\",\"contentUrl\":\"https:\/\/lunatools.com\/wp-content\/uploads\/2019\/10\/LunaTools-gray-logo.png\",\"width\":795,\"height\":309,\"caption\":\"Luna Tools\"},\"image\":{\"@id\":\"https:\/\/lunatools.test.consids5.se\/en\/#\/schema\/logo\/image\/\"}}]}<\/script>\n<!-- \/ Yoast SEO plugin. -->","yoast_head_json":{"title":"BREKKJERN LUNA 625P - Luna tools","robots":{"index":"index","follow":"follow","max-snippet":"max-snippet:-1","max-image-preview":"max-image-preview:large","max-video-preview":"max-video-preview:-1"},"canonical":"https:\/\/lunatools.test.consids5.se\/no\/product\/brekkjern-luna-625p\/","og_locale":"nb_NO","og_type":"article","og_title":"BREKKJERN LUNA 625P - Luna tools","og_description":"Brekkjern av h\u00f8ylegert \u00e5ttekantet kromvanadiumst\u00e5l. Tynne, slipte overflater p\u00e5 b\u00e5de klo og meiselende for \u00e5 forenkle innsl\u00e5ing, spikeruttrekk og minske brytemerker p\u00e5 underlaget. Gr\u00f8nnlakkert. Leveres komplett med festekomponenter for fallsikring av verkt\u00f8y, AISI 316. Festekomponentene er enkle \u00e5 montere og demontere ved behov.","og_url":"https:\/\/lunatools.test.consids5.se\/no\/product\/brekkjern-luna-625p\/","og_site_name":"Luna tools","schema":{"@context":"https:\/\/schema.org","@graph":[{"@type":"WebPage","@id":"https:\/\/lunatools.test.consids5.se\/no\/product\/brekkjern-luna-625p\/","url":"https:\/\/lunatools.test.consids5.se\/no\/product\/brekkjern-luna-625p\/","name":"BREKKJERN LUNA 625P - Luna tools","isPartOf":{"@id":"https:\/\/lunatools.test.consids5.se\/en\/#website"},"datePublished":"2021-11-04T02:50:33+00:00","dateModified":"2021-11-04T02:50:33+00:00","breadcrumb":{"@id":"https:\/\/lunatools.test.consids5.se\/no\/product\/brekkjern-luna-625p\/#breadcrumb"},"inLanguage":"nb-NO","potentialAction":[{"@type":"ReadAction","target":["https:\/\/lunatools.test.consids5.se\/no\/product\/brekkjern-luna-625p\/"]}]},{"@type":"BreadcrumbList","@id":"https:\/\/lunatools.test.consids5.se\/no\/product\/brekkjern-luna-625p\/#breadcrumb","itemListElement":[{"@type":"ListItem","position":1,"name":"Home","item":"https:\/\/lunatools.test.consids5.se\/no\/"},{"@type":"ListItem","position":2,"name":"Products","item":"https:\/\/lunatools.test.consids5.se\/en\/shop\/"},{"@type":"ListItem","position":3,"name":"BREKKJERN LUNA 625P"}]},{"@type":"WebSite","@id":"https:\/\/lunatools.test.consids5.se\/en\/#website","url":"https:\/\/lunatools.test.consids5.se\/en\/","name":"Luna tools","description":"","publisher":{"@id":"https:\/\/lunatools.test.consids5.se\/en\/#organization"},"potentialAction":[{"@type":"SearchAction","target":{"@type":"EntryPoint","urlTemplate":"https:\/\/lunatools.test.consids5.se\/en\/?s={search_term_string}"},"query-input":"required name=search_term_string"}],"inLanguage":"nb-NO"},{"@type":"Organization","@id":"https:\/\/lunatools.test.consids5.se\/en\/#organization","name":"Luna Tools","url":"https:\/\/lunatools.test.consids5.se\/en\/","logo":{"@type":"ImageObject","inLanguage":"nb-NO","@id":"https:\/\/lunatools.test.consids5.se\/en\/#\/schema\/logo\/image\/","url":"https:\/\/lunatools.com\/wp-content\/uploads\/2019\/10\/LunaTools-gray-logo.png","contentUrl":"https:\/\/lunatools.com\/wp-content\/uploads\/2019\/10\/LunaTools-gray-logo.png","width":795,"height":309,"caption":"Luna Tools"},"image":{"@id":"https:\/\/lunatools.test.consids5.se\/en\/#\/schema\/logo\/image\/"}}]}},"_links":{"self":[{"href":"https:\/\/lunatools.test.consids5.se\/no\/wp-json\/wp\/v2\/product\/12618"}],"collection":[{"href":"https:\/\/lunatools.test.consids5.se\/no\/wp-json\/wp\/v2\/product"}],"about":[{"href":"https:\/\/lunatools.test.consids5.se\/no\/wp-json\/wp\/v2\/types\/product"}],"wp:attachment":[{"href":"https:\/\/lunatools.test.consids5.se\/no\/wp-json\/wp\/v2\/media?parent=12618"}],"wp:term":[{"taxonomy":"product_cat","embeddable":true,"href":"https:\/\/lunatools.test.consids5.se\/no\/wp-json\/wp\/v2\/product_cat?post=12618"},{"taxonomy":"product_tag","embeddable":true,"href":"https:\/\/lunatools.test.consids5.se\/no\/wp-json\/wp\/v2\/product_tag?post=12618"}],"curies":[{"name":"wp","href":"https:\/\/api.w.org\/{rel}","templated":true}]}}