{"id":13455,"date":"2021-11-04T03:00:32","date_gmt":"2021-11-04T03:00:32","guid":{"rendered":"http:\/\/lunatools.com\/product\/vater-clp-60\/"},"modified":"2021-11-04T03:00:32","modified_gmt":"2021-11-04T03:00:32","slug":"vater-clp-60","status":"publish","type":"product","link":"https:\/\/lunatools.test.consids5.se\/no\/product\/vater-clp-60\/","title":{"rendered":"VATER CLP 60"},"content":{"rendered":"<p>Et robust vater for krevende arbeider. Vridningsstiv aluminiumprofil 24&#215;50 mm (710g\/m) med planfrest underside for maksimal planhet. Stor sylindrisk libelle med forst\u00f8rrende effekt for eksakt og lettlest avlesing i alle vinkler. Doble graderingsstreker for enkel avlesning p\u00e5 2% fall. Laget i slagfast materiale med meget god bestandighet mot UV-lys. Libelleradie 200 mm gir en f\u00f8lsomhet p\u00e5 10 mm\/m, dvs om man l\u00f8fter enden 10 mm p\u00e5 et vater som er 1 m langt s\u00e5 flytter boblen seg 2 mm. St\u00f8tabsorberende endevern med friksjonspunkter, n\u00e5r vateret holdes plant mot vegg. Gjennomg\u00e5ende hull for verkt\u00f8ysikring.<\/p>\n","protected":false},"excerpt":{"rendered":"Et robust vater for krevende arbeider. Vridningsstiv aluminiumprofil 24&#215;50 mm (710g\/m) med planfrest underside for maksimal planhet. Stor sylindrisk libelle med forst\u00f8rrende effekt for eksakt og lettlest avlesing i alle vinkler. Doble graderingsstreker for enkel avlesning p\u00e5 2% fall. Laget i slagfast materiale med meget god bestandighet mot UV-lys. Libelleradie 200 mm gir en f\u00f8lsomhet&#8230; <a class=\"view-article\" href=\"https:\/\/lunatools.test.consids5.se\/no\/product\/vater-clp-60\/\">View Article<\/a>","protected":false},"featured_media":0,"template":"","meta":{"_acf_changed":false},"product_cat":[970],"product_tag":[],"class_list":{"0":"post-13455","1":"product","2":"type-product","3":"status-publish","5":"product_cat-vatere-no","7":"first","8":"instock","9":"shipping-taxable","10":"product-type-simple"},"acf":[],"yoast_head":"<!-- This site is optimized with the Yoast SEO plugin v23.2 - https:\/\/yoast.com\/wordpress\/plugins\/seo\/ -->\n<title>VATER CLP 60 - Luna tools<\/title>\n<meta name=\"robots\" content=\"index, follow, max-snippet:-1, max-image-preview:large, max-video-preview:-1\" \/>\n<link rel=\"canonical\" href=\"https:\/\/lunatools.test.consids5.se\/no\/product\/vater-clp-60\/\" \/>\n<meta property=\"og:locale\" content=\"nb_NO\" \/>\n<meta property=\"og:type\" content=\"article\" \/>\n<meta property=\"og:title\" content=\"VATER CLP 60 - Luna tools\" \/>\n<meta property=\"og:description\" content=\"Et robust vater for krevende arbeider. Vridningsstiv aluminiumprofil 24&#215;50 mm (710g\/m) med planfrest underside for maksimal planhet. Stor sylindrisk libelle med forst\u00f8rrende effekt for eksakt og lettlest avlesing i alle vinkler. Doble graderingsstreker for enkel avlesning p\u00e5 2% fall. Laget i slagfast materiale med meget god bestandighet mot UV-lys. Libelleradie 200 mm gir en f\u00f8lsomhet... View Article\" \/>\n<meta property=\"og:url\" content=\"https:\/\/lunatools.test.consids5.se\/no\/product\/vater-clp-60\/\" \/>\n<meta property=\"og:site_name\" content=\"Luna tools\" \/>\n<script type=\"application\/ld+json\" class=\"yoast-schema-graph\">{\"@context\":\"https:\/\/schema.org\",\"@graph\":[{\"@type\":\"WebPage\",\"@id\":\"https:\/\/lunatools.test.consids5.se\/no\/product\/vater-clp-60\/\",\"url\":\"https:\/\/lunatools.test.consids5.se\/no\/product\/vater-clp-60\/\",\"name\":\"VATER CLP 60 - Luna tools\",\"isPartOf\":{\"@id\":\"https:\/\/lunatools.test.consids5.se\/en\/#website\"},\"datePublished\":\"2021-11-04T03:00:32+00:00\",\"dateModified\":\"2021-11-04T03:00:32+00:00\",\"breadcrumb\":{\"@id\":\"https:\/\/lunatools.test.consids5.se\/no\/product\/vater-clp-60\/#breadcrumb\"},\"inLanguage\":\"nb-NO\",\"potentialAction\":[{\"@type\":\"ReadAction\",\"target\":[\"https:\/\/lunatools.test.consids5.se\/no\/product\/vater-clp-60\/\"]}]},{\"@type\":\"BreadcrumbList\",\"@id\":\"https:\/\/lunatools.test.consids5.se\/no\/product\/vater-clp-60\/#breadcrumb\",\"itemListElement\":[{\"@type\":\"ListItem\",\"position\":1,\"name\":\"Home\",\"item\":\"https:\/\/lunatools.test.consids5.se\/no\/\"},{\"@type\":\"ListItem\",\"position\":2,\"name\":\"Products\",\"item\":\"https:\/\/lunatools.test.consids5.se\/en\/shop\/\"},{\"@type\":\"ListItem\",\"position\":3,\"name\":\"VATER CLP 60\"}]},{\"@type\":\"WebSite\",\"@id\":\"https:\/\/lunatools.test.consids5.se\/en\/#website\",\"url\":\"https:\/\/lunatools.test.consids5.se\/en\/\",\"name\":\"Luna tools\",\"description\":\"\",\"publisher\":{\"@id\":\"https:\/\/lunatools.test.consids5.se\/en\/#organization\"},\"potentialAction\":[{\"@type\":\"SearchAction\",\"target\":{\"@type\":\"EntryPoint\",\"urlTemplate\":\"https:\/\/lunatools.test.consids5.se\/en\/?s={search_term_string}\"},\"query-input\":\"required name=search_term_string\"}],\"inLanguage\":\"nb-NO\"},{\"@type\":\"Organization\",\"@id\":\"https:\/\/lunatools.test.consids5.se\/en\/#organization\",\"name\":\"Luna Tools\",\"url\":\"https:\/\/lunatools.test.consids5.se\/en\/\",\"logo\":{\"@type\":\"ImageObject\",\"inLanguage\":\"nb-NO\",\"@id\":\"https:\/\/lunatools.test.consids5.se\/en\/#\/schema\/logo\/image\/\",\"url\":\"https:\/\/lunatools.com\/wp-content\/uploads\/2019\/10\/LunaTools-gray-logo.png\",\"contentUrl\":\"https:\/\/lunatools.com\/wp-content\/uploads\/2019\/10\/LunaTools-gray-logo.png\",\"width\":795,\"height\":309,\"caption\":\"Luna Tools\"},\"image\":{\"@id\":\"https:\/\/lunatools.test.consids5.se\/en\/#\/schema\/logo\/image\/\"}}]}<\/script>\n<!-- \/ Yoast SEO plugin. -->","yoast_head_json":{"title":"VATER CLP 60 - Luna tools","robots":{"index":"index","follow":"follow","max-snippet":"max-snippet:-1","max-image-preview":"max-image-preview:large","max-video-preview":"max-video-preview:-1"},"canonical":"https:\/\/lunatools.test.consids5.se\/no\/product\/vater-clp-60\/","og_locale":"nb_NO","og_type":"article","og_title":"VATER CLP 60 - Luna tools","og_description":"Et robust vater for krevende arbeider. Vridningsstiv aluminiumprofil 24&#215;50 mm (710g\/m) med planfrest underside for maksimal planhet. Stor sylindrisk libelle med forst\u00f8rrende effekt for eksakt og lettlest avlesing i alle vinkler. Doble graderingsstreker for enkel avlesning p\u00e5 2% fall. Laget i slagfast materiale med meget god bestandighet mot UV-lys. Libelleradie 200 mm gir en f\u00f8lsomhet... View Article","og_url":"https:\/\/lunatools.test.consids5.se\/no\/product\/vater-clp-60\/","og_site_name":"Luna tools","schema":{"@context":"https:\/\/schema.org","@graph":[{"@type":"WebPage","@id":"https:\/\/lunatools.test.consids5.se\/no\/product\/vater-clp-60\/","url":"https:\/\/lunatools.test.consids5.se\/no\/product\/vater-clp-60\/","name":"VATER CLP 60 - Luna tools","isPartOf":{"@id":"https:\/\/lunatools.test.consids5.se\/en\/#website"},"datePublished":"2021-11-04T03:00:32+00:00","dateModified":"2021-11-04T03:00:32+00:00","breadcrumb":{"@id":"https:\/\/lunatools.test.consids5.se\/no\/product\/vater-clp-60\/#breadcrumb"},"inLanguage":"nb-NO","potentialAction":[{"@type":"ReadAction","target":["https:\/\/lunatools.test.consids5.se\/no\/product\/vater-clp-60\/"]}]},{"@type":"BreadcrumbList","@id":"https:\/\/lunatools.test.consids5.se\/no\/product\/vater-clp-60\/#breadcrumb","itemListElement":[{"@type":"ListItem","position":1,"name":"Home","item":"https:\/\/lunatools.test.consids5.se\/no\/"},{"@type":"ListItem","position":2,"name":"Products","item":"https:\/\/lunatools.test.consids5.se\/en\/shop\/"},{"@type":"ListItem","position":3,"name":"VATER CLP 60"}]},{"@type":"WebSite","@id":"https:\/\/lunatools.test.consids5.se\/en\/#website","url":"https:\/\/lunatools.test.consids5.se\/en\/","name":"Luna tools","description":"","publisher":{"@id":"https:\/\/lunatools.test.consids5.se\/en\/#organization"},"potentialAction":[{"@type":"SearchAction","target":{"@type":"EntryPoint","urlTemplate":"https:\/\/lunatools.test.consids5.se\/en\/?s={search_term_string}"},"query-input":"required name=search_term_string"}],"inLanguage":"nb-NO"},{"@type":"Organization","@id":"https:\/\/lunatools.test.consids5.se\/en\/#organization","name":"Luna Tools","url":"https:\/\/lunatools.test.consids5.se\/en\/","logo":{"@type":"ImageObject","inLanguage":"nb-NO","@id":"https:\/\/lunatools.test.consids5.se\/en\/#\/schema\/logo\/image\/","url":"https:\/\/lunatools.com\/wp-content\/uploads\/2019\/10\/LunaTools-gray-logo.png","contentUrl":"https:\/\/lunatools.com\/wp-content\/uploads\/2019\/10\/LunaTools-gray-logo.png","width":795,"height":309,"caption":"Luna Tools"},"image":{"@id":"https:\/\/lunatools.test.consids5.se\/en\/#\/schema\/logo\/image\/"}}]}},"_links":{"self":[{"href":"https:\/\/lunatools.test.consids5.se\/no\/wp-json\/wp\/v2\/product\/13455"}],"collection":[{"href":"https:\/\/lunatools.test.consids5.se\/no\/wp-json\/wp\/v2\/product"}],"about":[{"href":"https:\/\/lunatools.test.consids5.se\/no\/wp-json\/wp\/v2\/types\/product"}],"wp:attachment":[{"href":"https:\/\/lunatools.test.consids5.se\/no\/wp-json\/wp\/v2\/media?parent=13455"}],"wp:term":[{"taxonomy":"product_cat","embeddable":true,"href":"https:\/\/lunatools.test.consids5.se\/no\/wp-json\/wp\/v2\/product_cat?post=13455"},{"taxonomy":"product_tag","embeddable":true,"href":"https:\/\/lunatools.test.consids5.se\/no\/wp-json\/wp\/v2\/product_tag?post=13455"}],"curies":[{"name":"wp","href":"https:\/\/api.w.org\/{rel}","templated":true}]}}