{"id":13550,"date":"2021-11-04T03:05:11","date_gmt":"2021-11-04T03:05:11","guid":{"rendered":"http:\/\/lunatools.com\/product\/hullsagsett-luna-lbh-2-7-deler\/"},"modified":"2021-11-04T03:05:11","modified_gmt":"2021-11-04T03:05:11","slug":"hullsagsett-bi-metall-7-deler","status":"publish","type":"product","link":"https:\/\/lunatools.test.consids5.se\/no\/product\/hullsagsett-bi-metall-7-deler\/","title":{"rendered":"HULLSAGSETT BI-METALL 7 DELER"},"content":{"rendered":"<p>Hullsagsett LBH-2. Bi-metall. H\u00f8ylegert hurtigst\u00e5l med h\u00f8y koboltinnhold i tannkanten, segit verkt\u00f8yst\u00e5l i ryggen. Dette gir \u00f8kt motstandskraft mot slitasje og \u00f8kt varmeresistens. En effektiv variabel tanning med ekstra sponbryter gir raskt skj\u00e6reforl\u00f8p og god spontransport. Egnet for saging av metall, tre og plast. Leveres med holder.<\/p>\n","protected":false},"excerpt":{"rendered":"Hullsagsett LBH-2. Bi-metall. H\u00f8ylegert hurtigst\u00e5l med h\u00f8y koboltinnhold i tannkanten, segit verkt\u00f8yst\u00e5l i ryggen. Dette gir \u00f8kt motstandskraft mot slitasje og \u00f8kt varmeresistens. En effektiv variabel tanning med ekstra sponbryter gir raskt skj\u00e6reforl\u00f8p og god spontransport. Egnet for saging av metall, tre og plast. Leveres med holder.","protected":false},"featured_media":0,"template":"","meta":{"_acf_changed":false},"product_cat":[225],"product_tag":[],"class_list":{"0":"post-13550","1":"product","2":"type-product","3":"status-publish","5":"product_cat-hullsager-no","7":"first","8":"instock","9":"shipping-taxable","10":"product-type-simple"},"acf":[],"yoast_head":"<!-- This site is optimized with the Yoast SEO plugin v23.2 - https:\/\/yoast.com\/wordpress\/plugins\/seo\/ -->\n<title>HULLSAGSETT BI-METALL 7 DELER - Luna tools<\/title>\n<meta name=\"robots\" content=\"index, follow, max-snippet:-1, max-image-preview:large, max-video-preview:-1\" \/>\n<link rel=\"canonical\" href=\"https:\/\/lunatools.test.consids5.se\/no\/product\/hullsagsett-bi-metall-7-deler\/\" \/>\n<meta property=\"og:locale\" content=\"nb_NO\" \/>\n<meta property=\"og:type\" content=\"article\" \/>\n<meta property=\"og:title\" content=\"HULLSAGSETT BI-METALL 7 DELER - Luna tools\" \/>\n<meta property=\"og:description\" content=\"Hullsagsett LBH-2. Bi-metall. H\u00f8ylegert hurtigst\u00e5l med h\u00f8y koboltinnhold i tannkanten, segit verkt\u00f8yst\u00e5l i ryggen. Dette gir \u00f8kt motstandskraft mot slitasje og \u00f8kt varmeresistens. En effektiv variabel tanning med ekstra sponbryter gir raskt skj\u00e6reforl\u00f8p og god spontransport. Egnet for saging av metall, tre og plast. Leveres med holder.\" \/>\n<meta property=\"og:url\" content=\"https:\/\/lunatools.test.consids5.se\/no\/product\/hullsagsett-bi-metall-7-deler\/\" \/>\n<meta property=\"og:site_name\" content=\"Luna tools\" \/>\n<script type=\"application\/ld+json\" class=\"yoast-schema-graph\">{\"@context\":\"https:\/\/schema.org\",\"@graph\":[{\"@type\":\"WebPage\",\"@id\":\"https:\/\/lunatools.test.consids5.se\/no\/product\/hullsagsett-bi-metall-7-deler\/\",\"url\":\"https:\/\/lunatools.test.consids5.se\/no\/product\/hullsagsett-bi-metall-7-deler\/\",\"name\":\"HULLSAGSETT BI-METALL 7 DELER - Luna tools\",\"isPartOf\":{\"@id\":\"https:\/\/lunatools.test.consids5.se\/en\/#website\"},\"datePublished\":\"2021-11-04T03:05:11+00:00\",\"dateModified\":\"2021-11-04T03:05:11+00:00\",\"breadcrumb\":{\"@id\":\"https:\/\/lunatools.test.consids5.se\/no\/product\/hullsagsett-bi-metall-7-deler\/#breadcrumb\"},\"inLanguage\":\"nb-NO\",\"potentialAction\":[{\"@type\":\"ReadAction\",\"target\":[\"https:\/\/lunatools.test.consids5.se\/no\/product\/hullsagsett-bi-metall-7-deler\/\"]}]},{\"@type\":\"BreadcrumbList\",\"@id\":\"https:\/\/lunatools.test.consids5.se\/no\/product\/hullsagsett-bi-metall-7-deler\/#breadcrumb\",\"itemListElement\":[{\"@type\":\"ListItem\",\"position\":1,\"name\":\"Home\",\"item\":\"https:\/\/lunatools.test.consids5.se\/no\/\"},{\"@type\":\"ListItem\",\"position\":2,\"name\":\"Products\",\"item\":\"https:\/\/lunatools.test.consids5.se\/en\/shop\/\"},{\"@type\":\"ListItem\",\"position\":3,\"name\":\"HULLSAGSETT BI-METALL 7 DELER\"}]},{\"@type\":\"WebSite\",\"@id\":\"https:\/\/lunatools.test.consids5.se\/en\/#website\",\"url\":\"https:\/\/lunatools.test.consids5.se\/en\/\",\"name\":\"Luna tools\",\"description\":\"\",\"publisher\":{\"@id\":\"https:\/\/lunatools.test.consids5.se\/en\/#organization\"},\"potentialAction\":[{\"@type\":\"SearchAction\",\"target\":{\"@type\":\"EntryPoint\",\"urlTemplate\":\"https:\/\/lunatools.test.consids5.se\/en\/?s={search_term_string}\"},\"query-input\":\"required name=search_term_string\"}],\"inLanguage\":\"nb-NO\"},{\"@type\":\"Organization\",\"@id\":\"https:\/\/lunatools.test.consids5.se\/en\/#organization\",\"name\":\"Luna Tools\",\"url\":\"https:\/\/lunatools.test.consids5.se\/en\/\",\"logo\":{\"@type\":\"ImageObject\",\"inLanguage\":\"nb-NO\",\"@id\":\"https:\/\/lunatools.test.consids5.se\/en\/#\/schema\/logo\/image\/\",\"url\":\"https:\/\/lunatools.com\/wp-content\/uploads\/2019\/10\/LunaTools-gray-logo.png\",\"contentUrl\":\"https:\/\/lunatools.com\/wp-content\/uploads\/2019\/10\/LunaTools-gray-logo.png\",\"width\":795,\"height\":309,\"caption\":\"Luna Tools\"},\"image\":{\"@id\":\"https:\/\/lunatools.test.consids5.se\/en\/#\/schema\/logo\/image\/\"}}]}<\/script>\n<!-- \/ Yoast SEO plugin. -->","yoast_head_json":{"title":"HULLSAGSETT BI-METALL 7 DELER - Luna tools","robots":{"index":"index","follow":"follow","max-snippet":"max-snippet:-1","max-image-preview":"max-image-preview:large","max-video-preview":"max-video-preview:-1"},"canonical":"https:\/\/lunatools.test.consids5.se\/no\/product\/hullsagsett-bi-metall-7-deler\/","og_locale":"nb_NO","og_type":"article","og_title":"HULLSAGSETT BI-METALL 7 DELER - Luna tools","og_description":"Hullsagsett LBH-2. Bi-metall. H\u00f8ylegert hurtigst\u00e5l med h\u00f8y koboltinnhold i tannkanten, segit verkt\u00f8yst\u00e5l i ryggen. Dette gir \u00f8kt motstandskraft mot slitasje og \u00f8kt varmeresistens. En effektiv variabel tanning med ekstra sponbryter gir raskt skj\u00e6reforl\u00f8p og god spontransport. Egnet for saging av metall, tre og plast. Leveres med holder.","og_url":"https:\/\/lunatools.test.consids5.se\/no\/product\/hullsagsett-bi-metall-7-deler\/","og_site_name":"Luna tools","schema":{"@context":"https:\/\/schema.org","@graph":[{"@type":"WebPage","@id":"https:\/\/lunatools.test.consids5.se\/no\/product\/hullsagsett-bi-metall-7-deler\/","url":"https:\/\/lunatools.test.consids5.se\/no\/product\/hullsagsett-bi-metall-7-deler\/","name":"HULLSAGSETT BI-METALL 7 DELER - Luna tools","isPartOf":{"@id":"https:\/\/lunatools.test.consids5.se\/en\/#website"},"datePublished":"2021-11-04T03:05:11+00:00","dateModified":"2021-11-04T03:05:11+00:00","breadcrumb":{"@id":"https:\/\/lunatools.test.consids5.se\/no\/product\/hullsagsett-bi-metall-7-deler\/#breadcrumb"},"inLanguage":"nb-NO","potentialAction":[{"@type":"ReadAction","target":["https:\/\/lunatools.test.consids5.se\/no\/product\/hullsagsett-bi-metall-7-deler\/"]}]},{"@type":"BreadcrumbList","@id":"https:\/\/lunatools.test.consids5.se\/no\/product\/hullsagsett-bi-metall-7-deler\/#breadcrumb","itemListElement":[{"@type":"ListItem","position":1,"name":"Home","item":"https:\/\/lunatools.test.consids5.se\/no\/"},{"@type":"ListItem","position":2,"name":"Products","item":"https:\/\/lunatools.test.consids5.se\/en\/shop\/"},{"@type":"ListItem","position":3,"name":"HULLSAGSETT BI-METALL 7 DELER"}]},{"@type":"WebSite","@id":"https:\/\/lunatools.test.consids5.se\/en\/#website","url":"https:\/\/lunatools.test.consids5.se\/en\/","name":"Luna tools","description":"","publisher":{"@id":"https:\/\/lunatools.test.consids5.se\/en\/#organization"},"potentialAction":[{"@type":"SearchAction","target":{"@type":"EntryPoint","urlTemplate":"https:\/\/lunatools.test.consids5.se\/en\/?s={search_term_string}"},"query-input":"required name=search_term_string"}],"inLanguage":"nb-NO"},{"@type":"Organization","@id":"https:\/\/lunatools.test.consids5.se\/en\/#organization","name":"Luna Tools","url":"https:\/\/lunatools.test.consids5.se\/en\/","logo":{"@type":"ImageObject","inLanguage":"nb-NO","@id":"https:\/\/lunatools.test.consids5.se\/en\/#\/schema\/logo\/image\/","url":"https:\/\/lunatools.com\/wp-content\/uploads\/2019\/10\/LunaTools-gray-logo.png","contentUrl":"https:\/\/lunatools.com\/wp-content\/uploads\/2019\/10\/LunaTools-gray-logo.png","width":795,"height":309,"caption":"Luna Tools"},"image":{"@id":"https:\/\/lunatools.test.consids5.se\/en\/#\/schema\/logo\/image\/"}}]}},"_links":{"self":[{"href":"https:\/\/lunatools.test.consids5.se\/no\/wp-json\/wp\/v2\/product\/13550"}],"collection":[{"href":"https:\/\/lunatools.test.consids5.se\/no\/wp-json\/wp\/v2\/product"}],"about":[{"href":"https:\/\/lunatools.test.consids5.se\/no\/wp-json\/wp\/v2\/types\/product"}],"wp:attachment":[{"href":"https:\/\/lunatools.test.consids5.se\/no\/wp-json\/wp\/v2\/media?parent=13550"}],"wp:term":[{"taxonomy":"product_cat","embeddable":true,"href":"https:\/\/lunatools.test.consids5.se\/no\/wp-json\/wp\/v2\/product_cat?post=13550"},{"taxonomy":"product_tag","embeddable":true,"href":"https:\/\/lunatools.test.consids5.se\/no\/wp-json\/wp\/v2\/product_tag?post=13550"}],"curies":[{"name":"wp","href":"https:\/\/api.w.org\/{rel}","templated":true}]}}