{"id":13589,"date":"2021-11-04T03:05:16","date_gmt":"2021-11-04T03:05:16","guid":{"rendered":"http:\/\/lunatools.com\/product\/hullsag-luna-lbh-2-67mm\/"},"modified":"2021-11-04T03:05:16","modified_gmt":"2021-11-04T03:05:16","slug":"hullsag-luna-lbh-2-67mm","status":"publish","type":"product","link":"https:\/\/lunatools.test.consids5.se\/no\/product\/hullsag-luna-lbh-2-67mm\/","title":{"rendered":"HULLSAG LUNA LBH-2 67MM"},"content":{"rendered":"<p>Hullsager LBH-2. Bi-metall. H\u00f8ylegert hurtigst\u00e5l med h\u00f8yt koboltinnhold i tannkanten, segit verkt\u00f8yst\u00e5l i ryggen. Dette gir \u00f8kt motstandsdyktighet mot slitasje og \u00f8kt varmeresistens. En effektiv variabel tanning med ekstra sponbryter gir raskt skj\u00e6reforl\u00f8p og god spontransport. Egnet for saging av metall, tre og plast. Maksimal sagedybde 49 mm. Brukes med separat holder.<\/p>\n","protected":false},"excerpt":{"rendered":"Hullsager LBH-2. Bi-metall. H\u00f8ylegert hurtigst\u00e5l med h\u00f8yt koboltinnhold i tannkanten, segit verkt\u00f8yst\u00e5l i ryggen. Dette gir \u00f8kt motstandsdyktighet mot slitasje og \u00f8kt varmeresistens. En effektiv variabel tanning med ekstra sponbryter gir raskt skj\u00e6reforl\u00f8p og god spontransport. Egnet for saging av metall, tre og plast. Maksimal sagedybde 49 mm. Brukes med separat holder.","protected":false},"featured_media":0,"template":"","meta":{"_acf_changed":false},"product_cat":[225],"product_tag":[],"class_list":{"0":"post-13589","1":"product","2":"type-product","3":"status-publish","5":"product_cat-hullsager-no","7":"first","8":"instock","9":"shipping-taxable","10":"product-type-simple"},"acf":[],"yoast_head":"<!-- This site is optimized with the Yoast SEO plugin v23.2 - https:\/\/yoast.com\/wordpress\/plugins\/seo\/ -->\n<title>HULLSAG LUNA LBH-2 67MM - Luna tools<\/title>\n<meta name=\"robots\" content=\"index, follow, max-snippet:-1, max-image-preview:large, max-video-preview:-1\" \/>\n<link rel=\"canonical\" href=\"https:\/\/lunatools.test.consids5.se\/no\/product\/hullsag-luna-lbh-2-67mm\/\" \/>\n<meta property=\"og:locale\" content=\"nb_NO\" \/>\n<meta property=\"og:type\" content=\"article\" \/>\n<meta property=\"og:title\" content=\"HULLSAG LUNA LBH-2 67MM - Luna tools\" \/>\n<meta property=\"og:description\" content=\"Hullsager LBH-2. Bi-metall. H\u00f8ylegert hurtigst\u00e5l med h\u00f8yt koboltinnhold i tannkanten, segit verkt\u00f8yst\u00e5l i ryggen. Dette gir \u00f8kt motstandsdyktighet mot slitasje og \u00f8kt varmeresistens. En effektiv variabel tanning med ekstra sponbryter gir raskt skj\u00e6reforl\u00f8p og god spontransport. Egnet for saging av metall, tre og plast. Maksimal sagedybde 49 mm. Brukes med separat holder.\" \/>\n<meta property=\"og:url\" content=\"https:\/\/lunatools.test.consids5.se\/no\/product\/hullsag-luna-lbh-2-67mm\/\" \/>\n<meta property=\"og:site_name\" content=\"Luna tools\" \/>\n<script type=\"application\/ld+json\" class=\"yoast-schema-graph\">{\"@context\":\"https:\/\/schema.org\",\"@graph\":[{\"@type\":\"WebPage\",\"@id\":\"https:\/\/lunatools.test.consids5.se\/no\/product\/hullsag-luna-lbh-2-67mm\/\",\"url\":\"https:\/\/lunatools.test.consids5.se\/no\/product\/hullsag-luna-lbh-2-67mm\/\",\"name\":\"HULLSAG LUNA LBH-2 67MM - Luna tools\",\"isPartOf\":{\"@id\":\"https:\/\/lunatools.test.consids5.se\/en\/#website\"},\"datePublished\":\"2021-11-04T03:05:16+00:00\",\"dateModified\":\"2021-11-04T03:05:16+00:00\",\"breadcrumb\":{\"@id\":\"https:\/\/lunatools.test.consids5.se\/no\/product\/hullsag-luna-lbh-2-67mm\/#breadcrumb\"},\"inLanguage\":\"nb-NO\",\"potentialAction\":[{\"@type\":\"ReadAction\",\"target\":[\"https:\/\/lunatools.test.consids5.se\/no\/product\/hullsag-luna-lbh-2-67mm\/\"]}]},{\"@type\":\"BreadcrumbList\",\"@id\":\"https:\/\/lunatools.test.consids5.se\/no\/product\/hullsag-luna-lbh-2-67mm\/#breadcrumb\",\"itemListElement\":[{\"@type\":\"ListItem\",\"position\":1,\"name\":\"Home\",\"item\":\"https:\/\/lunatools.test.consids5.se\/no\/\"},{\"@type\":\"ListItem\",\"position\":2,\"name\":\"Products\",\"item\":\"https:\/\/lunatools.test.consids5.se\/en\/shop\/\"},{\"@type\":\"ListItem\",\"position\":3,\"name\":\"HULLSAG LUNA LBH-2 67MM\"}]},{\"@type\":\"WebSite\",\"@id\":\"https:\/\/lunatools.test.consids5.se\/en\/#website\",\"url\":\"https:\/\/lunatools.test.consids5.se\/en\/\",\"name\":\"Luna tools\",\"description\":\"\",\"publisher\":{\"@id\":\"https:\/\/lunatools.test.consids5.se\/en\/#organization\"},\"potentialAction\":[{\"@type\":\"SearchAction\",\"target\":{\"@type\":\"EntryPoint\",\"urlTemplate\":\"https:\/\/lunatools.test.consids5.se\/en\/?s={search_term_string}\"},\"query-input\":\"required name=search_term_string\"}],\"inLanguage\":\"nb-NO\"},{\"@type\":\"Organization\",\"@id\":\"https:\/\/lunatools.test.consids5.se\/en\/#organization\",\"name\":\"Luna Tools\",\"url\":\"https:\/\/lunatools.test.consids5.se\/en\/\",\"logo\":{\"@type\":\"ImageObject\",\"inLanguage\":\"nb-NO\",\"@id\":\"https:\/\/lunatools.test.consids5.se\/en\/#\/schema\/logo\/image\/\",\"url\":\"https:\/\/lunatools.com\/wp-content\/uploads\/2019\/10\/LunaTools-gray-logo.png\",\"contentUrl\":\"https:\/\/lunatools.com\/wp-content\/uploads\/2019\/10\/LunaTools-gray-logo.png\",\"width\":795,\"height\":309,\"caption\":\"Luna Tools\"},\"image\":{\"@id\":\"https:\/\/lunatools.test.consids5.se\/en\/#\/schema\/logo\/image\/\"}}]}<\/script>\n<!-- \/ Yoast SEO plugin. -->","yoast_head_json":{"title":"HULLSAG LUNA LBH-2 67MM - Luna tools","robots":{"index":"index","follow":"follow","max-snippet":"max-snippet:-1","max-image-preview":"max-image-preview:large","max-video-preview":"max-video-preview:-1"},"canonical":"https:\/\/lunatools.test.consids5.se\/no\/product\/hullsag-luna-lbh-2-67mm\/","og_locale":"nb_NO","og_type":"article","og_title":"HULLSAG LUNA LBH-2 67MM - Luna tools","og_description":"Hullsager LBH-2. Bi-metall. H\u00f8ylegert hurtigst\u00e5l med h\u00f8yt koboltinnhold i tannkanten, segit verkt\u00f8yst\u00e5l i ryggen. Dette gir \u00f8kt motstandsdyktighet mot slitasje og \u00f8kt varmeresistens. En effektiv variabel tanning med ekstra sponbryter gir raskt skj\u00e6reforl\u00f8p og god spontransport. Egnet for saging av metall, tre og plast. Maksimal sagedybde 49 mm. Brukes med separat holder.","og_url":"https:\/\/lunatools.test.consids5.se\/no\/product\/hullsag-luna-lbh-2-67mm\/","og_site_name":"Luna tools","schema":{"@context":"https:\/\/schema.org","@graph":[{"@type":"WebPage","@id":"https:\/\/lunatools.test.consids5.se\/no\/product\/hullsag-luna-lbh-2-67mm\/","url":"https:\/\/lunatools.test.consids5.se\/no\/product\/hullsag-luna-lbh-2-67mm\/","name":"HULLSAG LUNA LBH-2 67MM - Luna tools","isPartOf":{"@id":"https:\/\/lunatools.test.consids5.se\/en\/#website"},"datePublished":"2021-11-04T03:05:16+00:00","dateModified":"2021-11-04T03:05:16+00:00","breadcrumb":{"@id":"https:\/\/lunatools.test.consids5.se\/no\/product\/hullsag-luna-lbh-2-67mm\/#breadcrumb"},"inLanguage":"nb-NO","potentialAction":[{"@type":"ReadAction","target":["https:\/\/lunatools.test.consids5.se\/no\/product\/hullsag-luna-lbh-2-67mm\/"]}]},{"@type":"BreadcrumbList","@id":"https:\/\/lunatools.test.consids5.se\/no\/product\/hullsag-luna-lbh-2-67mm\/#breadcrumb","itemListElement":[{"@type":"ListItem","position":1,"name":"Home","item":"https:\/\/lunatools.test.consids5.se\/no\/"},{"@type":"ListItem","position":2,"name":"Products","item":"https:\/\/lunatools.test.consids5.se\/en\/shop\/"},{"@type":"ListItem","position":3,"name":"HULLSAG LUNA LBH-2 67MM"}]},{"@type":"WebSite","@id":"https:\/\/lunatools.test.consids5.se\/en\/#website","url":"https:\/\/lunatools.test.consids5.se\/en\/","name":"Luna tools","description":"","publisher":{"@id":"https:\/\/lunatools.test.consids5.se\/en\/#organization"},"potentialAction":[{"@type":"SearchAction","target":{"@type":"EntryPoint","urlTemplate":"https:\/\/lunatools.test.consids5.se\/en\/?s={search_term_string}"},"query-input":"required name=search_term_string"}],"inLanguage":"nb-NO"},{"@type":"Organization","@id":"https:\/\/lunatools.test.consids5.se\/en\/#organization","name":"Luna Tools","url":"https:\/\/lunatools.test.consids5.se\/en\/","logo":{"@type":"ImageObject","inLanguage":"nb-NO","@id":"https:\/\/lunatools.test.consids5.se\/en\/#\/schema\/logo\/image\/","url":"https:\/\/lunatools.com\/wp-content\/uploads\/2019\/10\/LunaTools-gray-logo.png","contentUrl":"https:\/\/lunatools.com\/wp-content\/uploads\/2019\/10\/LunaTools-gray-logo.png","width":795,"height":309,"caption":"Luna Tools"},"image":{"@id":"https:\/\/lunatools.test.consids5.se\/en\/#\/schema\/logo\/image\/"}}]}},"_links":{"self":[{"href":"https:\/\/lunatools.test.consids5.se\/no\/wp-json\/wp\/v2\/product\/13589"}],"collection":[{"href":"https:\/\/lunatools.test.consids5.se\/no\/wp-json\/wp\/v2\/product"}],"about":[{"href":"https:\/\/lunatools.test.consids5.se\/no\/wp-json\/wp\/v2\/types\/product"}],"wp:attachment":[{"href":"https:\/\/lunatools.test.consids5.se\/no\/wp-json\/wp\/v2\/media?parent=13589"}],"wp:term":[{"taxonomy":"product_cat","embeddable":true,"href":"https:\/\/lunatools.test.consids5.se\/no\/wp-json\/wp\/v2\/product_cat?post=13589"},{"taxonomy":"product_tag","embeddable":true,"href":"https:\/\/lunatools.test.consids5.se\/no\/wp-json\/wp\/v2\/product_tag?post=13589"}],"curies":[{"name":"wp","href":"https:\/\/api.w.org\/{rel}","templated":true}]}}