{"id":13928,"date":"2021-11-04T03:00:32","date_gmt":"2021-11-04T03:00:32","guid":{"rendered":"http:\/\/lunatools.com\/product\/snekkervinkel-alu-250\/"},"modified":"2021-11-04T03:00:32","modified_gmt":"2021-11-04T03:00:32","slug":"snekkervinkel-alu-250","status":"publish","type":"product","link":"https:\/\/lunatools.test.consids5.se\/no\/product\/snekkervinkel-alu-250\/","title":{"rendered":"SNEKKERVINKEL ALU 250"},"content":{"rendered":"<p>En meget robust og presisjonslaget snekkervinkel. St\u00f8pt h\u00e5ndtak i aluminium som har freste flater for beste parallellitet. Anleggsbredden er hele 18 mm som \u00f8ker stabilitet og bruk p\u00e5 f.eks. dimensjonsh\u00f8vlede stendere med avrundet kant. Klinge av rustfritt st\u00e5l 1,5\u00d745mm med dypetset mm-skala. Toleranse \u00b10,03\u00b0. Hull for verkt\u00f8ysikring.<\/p>\n","protected":false},"excerpt":{"rendered":"En meget robust og presisjonslaget snekkervinkel. St\u00f8pt h\u00e5ndtak i aluminium som har freste flater for beste parallellitet. Anleggsbredden er hele 18 mm som \u00f8ker stabilitet og bruk p\u00e5 f.eks. dimensjonsh\u00f8vlede stendere med avrundet kant. Klinge av rustfritt st\u00e5l 1,5\u00d745mm med dypetset mm-skala. Toleranse \u00b10,03\u00b0. Hull for verkt\u00f8ysikring.","protected":false},"featured_media":0,"template":"","meta":{"_acf_changed":false},"product_cat":[973],"product_tag":[],"class_list":{"0":"post-13928","1":"product","2":"type-product","3":"status-publish","5":"product_cat-vinkler-no","7":"first","8":"instock","9":"shipping-taxable","10":"product-type-simple"},"acf":[],"yoast_head":"<!-- This site is optimized with the Yoast SEO plugin v23.2 - https:\/\/yoast.com\/wordpress\/plugins\/seo\/ -->\n<title>SNEKKERVINKEL ALU 250 - Luna tools<\/title>\n<meta name=\"robots\" content=\"index, follow, max-snippet:-1, max-image-preview:large, max-video-preview:-1\" \/>\n<link rel=\"canonical\" href=\"https:\/\/lunatools.test.consids5.se\/no\/product\/snekkervinkel-alu-250\/\" \/>\n<meta property=\"og:locale\" content=\"nb_NO\" \/>\n<meta property=\"og:type\" content=\"article\" \/>\n<meta property=\"og:title\" content=\"SNEKKERVINKEL ALU 250 - Luna tools\" \/>\n<meta property=\"og:description\" content=\"En meget robust og presisjonslaget snekkervinkel. St\u00f8pt h\u00e5ndtak i aluminium som har freste flater for beste parallellitet. Anleggsbredden er hele 18 mm som \u00f8ker stabilitet og bruk p\u00e5 f.eks. dimensjonsh\u00f8vlede stendere med avrundet kant. Klinge av rustfritt st\u00e5l 1,5\u00d745mm med dypetset mm-skala. Toleranse \u00b10,03\u00b0. Hull for verkt\u00f8ysikring.\" \/>\n<meta property=\"og:url\" content=\"https:\/\/lunatools.test.consids5.se\/no\/product\/snekkervinkel-alu-250\/\" \/>\n<meta property=\"og:site_name\" content=\"Luna tools\" \/>\n<script type=\"application\/ld+json\" class=\"yoast-schema-graph\">{\"@context\":\"https:\/\/schema.org\",\"@graph\":[{\"@type\":\"WebPage\",\"@id\":\"https:\/\/lunatools.test.consids5.se\/no\/product\/snekkervinkel-alu-250\/\",\"url\":\"https:\/\/lunatools.test.consids5.se\/no\/product\/snekkervinkel-alu-250\/\",\"name\":\"SNEKKERVINKEL ALU 250 - Luna tools\",\"isPartOf\":{\"@id\":\"https:\/\/lunatools.test.consids5.se\/en\/#website\"},\"datePublished\":\"2021-11-04T03:00:32+00:00\",\"dateModified\":\"2021-11-04T03:00:32+00:00\",\"breadcrumb\":{\"@id\":\"https:\/\/lunatools.test.consids5.se\/no\/product\/snekkervinkel-alu-250\/#breadcrumb\"},\"inLanguage\":\"nb-NO\",\"potentialAction\":[{\"@type\":\"ReadAction\",\"target\":[\"https:\/\/lunatools.test.consids5.se\/no\/product\/snekkervinkel-alu-250\/\"]}]},{\"@type\":\"BreadcrumbList\",\"@id\":\"https:\/\/lunatools.test.consids5.se\/no\/product\/snekkervinkel-alu-250\/#breadcrumb\",\"itemListElement\":[{\"@type\":\"ListItem\",\"position\":1,\"name\":\"Home\",\"item\":\"https:\/\/lunatools.test.consids5.se\/no\/\"},{\"@type\":\"ListItem\",\"position\":2,\"name\":\"Products\",\"item\":\"https:\/\/lunatools.test.consids5.se\/en\/shop\/\"},{\"@type\":\"ListItem\",\"position\":3,\"name\":\"SNEKKERVINKEL ALU 250\"}]},{\"@type\":\"WebSite\",\"@id\":\"https:\/\/lunatools.test.consids5.se\/en\/#website\",\"url\":\"https:\/\/lunatools.test.consids5.se\/en\/\",\"name\":\"Luna tools\",\"description\":\"\",\"publisher\":{\"@id\":\"https:\/\/lunatools.test.consids5.se\/en\/#organization\"},\"potentialAction\":[{\"@type\":\"SearchAction\",\"target\":{\"@type\":\"EntryPoint\",\"urlTemplate\":\"https:\/\/lunatools.test.consids5.se\/en\/?s={search_term_string}\"},\"query-input\":\"required name=search_term_string\"}],\"inLanguage\":\"nb-NO\"},{\"@type\":\"Organization\",\"@id\":\"https:\/\/lunatools.test.consids5.se\/en\/#organization\",\"name\":\"Luna Tools\",\"url\":\"https:\/\/lunatools.test.consids5.se\/en\/\",\"logo\":{\"@type\":\"ImageObject\",\"inLanguage\":\"nb-NO\",\"@id\":\"https:\/\/lunatools.test.consids5.se\/en\/#\/schema\/logo\/image\/\",\"url\":\"https:\/\/lunatools.com\/wp-content\/uploads\/2019\/10\/LunaTools-gray-logo.png\",\"contentUrl\":\"https:\/\/lunatools.com\/wp-content\/uploads\/2019\/10\/LunaTools-gray-logo.png\",\"width\":795,\"height\":309,\"caption\":\"Luna Tools\"},\"image\":{\"@id\":\"https:\/\/lunatools.test.consids5.se\/en\/#\/schema\/logo\/image\/\"}}]}<\/script>\n<!-- \/ Yoast SEO plugin. -->","yoast_head_json":{"title":"SNEKKERVINKEL ALU 250 - Luna tools","robots":{"index":"index","follow":"follow","max-snippet":"max-snippet:-1","max-image-preview":"max-image-preview:large","max-video-preview":"max-video-preview:-1"},"canonical":"https:\/\/lunatools.test.consids5.se\/no\/product\/snekkervinkel-alu-250\/","og_locale":"nb_NO","og_type":"article","og_title":"SNEKKERVINKEL ALU 250 - Luna tools","og_description":"En meget robust og presisjonslaget snekkervinkel. St\u00f8pt h\u00e5ndtak i aluminium som har freste flater for beste parallellitet. Anleggsbredden er hele 18 mm som \u00f8ker stabilitet og bruk p\u00e5 f.eks. dimensjonsh\u00f8vlede stendere med avrundet kant. Klinge av rustfritt st\u00e5l 1,5\u00d745mm med dypetset mm-skala. Toleranse \u00b10,03\u00b0. Hull for verkt\u00f8ysikring.","og_url":"https:\/\/lunatools.test.consids5.se\/no\/product\/snekkervinkel-alu-250\/","og_site_name":"Luna tools","schema":{"@context":"https:\/\/schema.org","@graph":[{"@type":"WebPage","@id":"https:\/\/lunatools.test.consids5.se\/no\/product\/snekkervinkel-alu-250\/","url":"https:\/\/lunatools.test.consids5.se\/no\/product\/snekkervinkel-alu-250\/","name":"SNEKKERVINKEL ALU 250 - Luna tools","isPartOf":{"@id":"https:\/\/lunatools.test.consids5.se\/en\/#website"},"datePublished":"2021-11-04T03:00:32+00:00","dateModified":"2021-11-04T03:00:32+00:00","breadcrumb":{"@id":"https:\/\/lunatools.test.consids5.se\/no\/product\/snekkervinkel-alu-250\/#breadcrumb"},"inLanguage":"nb-NO","potentialAction":[{"@type":"ReadAction","target":["https:\/\/lunatools.test.consids5.se\/no\/product\/snekkervinkel-alu-250\/"]}]},{"@type":"BreadcrumbList","@id":"https:\/\/lunatools.test.consids5.se\/no\/product\/snekkervinkel-alu-250\/#breadcrumb","itemListElement":[{"@type":"ListItem","position":1,"name":"Home","item":"https:\/\/lunatools.test.consids5.se\/no\/"},{"@type":"ListItem","position":2,"name":"Products","item":"https:\/\/lunatools.test.consids5.se\/en\/shop\/"},{"@type":"ListItem","position":3,"name":"SNEKKERVINKEL ALU 250"}]},{"@type":"WebSite","@id":"https:\/\/lunatools.test.consids5.se\/en\/#website","url":"https:\/\/lunatools.test.consids5.se\/en\/","name":"Luna tools","description":"","publisher":{"@id":"https:\/\/lunatools.test.consids5.se\/en\/#organization"},"potentialAction":[{"@type":"SearchAction","target":{"@type":"EntryPoint","urlTemplate":"https:\/\/lunatools.test.consids5.se\/en\/?s={search_term_string}"},"query-input":"required name=search_term_string"}],"inLanguage":"nb-NO"},{"@type":"Organization","@id":"https:\/\/lunatools.test.consids5.se\/en\/#organization","name":"Luna Tools","url":"https:\/\/lunatools.test.consids5.se\/en\/","logo":{"@type":"ImageObject","inLanguage":"nb-NO","@id":"https:\/\/lunatools.test.consids5.se\/en\/#\/schema\/logo\/image\/","url":"https:\/\/lunatools.com\/wp-content\/uploads\/2019\/10\/LunaTools-gray-logo.png","contentUrl":"https:\/\/lunatools.com\/wp-content\/uploads\/2019\/10\/LunaTools-gray-logo.png","width":795,"height":309,"caption":"Luna Tools"},"image":{"@id":"https:\/\/lunatools.test.consids5.se\/en\/#\/schema\/logo\/image\/"}}]}},"_links":{"self":[{"href":"https:\/\/lunatools.test.consids5.se\/no\/wp-json\/wp\/v2\/product\/13928"}],"collection":[{"href":"https:\/\/lunatools.test.consids5.se\/no\/wp-json\/wp\/v2\/product"}],"about":[{"href":"https:\/\/lunatools.test.consids5.se\/no\/wp-json\/wp\/v2\/types\/product"}],"wp:attachment":[{"href":"https:\/\/lunatools.test.consids5.se\/no\/wp-json\/wp\/v2\/media?parent=13928"}],"wp:term":[{"taxonomy":"product_cat","embeddable":true,"href":"https:\/\/lunatools.test.consids5.se\/no\/wp-json\/wp\/v2\/product_cat?post=13928"},{"taxonomy":"product_tag","embeddable":true,"href":"https:\/\/lunatools.test.consids5.se\/no\/wp-json\/wp\/v2\/product_tag?post=13928"}],"curies":[{"name":"wp","href":"https:\/\/api.w.org\/{rel}","templated":true}]}}