{"id":4796,"date":"2025-10-26T16:58:25","date_gmt":"2025-10-26T16:58:25","guid":{"rendered":"https:\/\/lunatools.com\/product\/koppstalborste-65mm-0-35m14-vi\/"},"modified":"2025-10-26T16:58:25","modified_gmt":"2025-10-26T16:58:25","slug":"koppstalborste-65mm-0-35m14-vi","status":"publish","type":"product","link":"https:\/\/lunatools.test.consids5.se\/no\/product\/koppstalborste-65mm-0-35m14-vi\/","title":{"rendered":"KOPPST\u00c5LB\u00d8RSTE 65MM-0.35M14 VI"},"content":{"rendered":"<p>Med vridd st\u00e5ltr\u00e5d for krevende rengj\u00f8ringsarbeider og overflatebehandlinger.<\/p>\n","protected":false},"excerpt":{"rendered":"Med vridd st\u00e5ltr\u00e5d for krevende rengj\u00f8ringsarbeider og overflatebehandlinger.","protected":false},"featured_media":30523,"template":"","meta":{"_acf_changed":false},"product_cat":[3726,161],"product_tag":[],"class_list":{"0":"post-4796","1":"product","2":"type-product","3":"status-publish","4":"has-post-thumbnail","6":"product_cat-koppstalborster-no-borster-no-19","7":"product_cat-borster-no","9":"first","10":"instock","11":"shipping-taxable","12":"product-type-simple"},"acf":[],"yoast_head":"<!-- This site is optimized with the Yoast SEO plugin v23.2 - https:\/\/yoast.com\/wordpress\/plugins\/seo\/ -->\n<title>KOPPST\u00c5LB\u00d8RSTE 65MM-0.35M14 VI - Luna tools<\/title>\n<meta name=\"robots\" content=\"index, follow, max-snippet:-1, max-image-preview:large, max-video-preview:-1\" \/>\n<link rel=\"canonical\" href=\"https:\/\/lunatools.test.consids5.se\/no\/product\/koppstalborste-65mm-0-35m14-vi\/\" \/>\n<meta property=\"og:locale\" content=\"nb_NO\" \/>\n<meta property=\"og:type\" content=\"article\" \/>\n<meta property=\"og:title\" content=\"KOPPST\u00c5LB\u00d8RSTE 65MM-0.35M14 VI - Luna tools\" \/>\n<meta property=\"og:description\" content=\"Med vridd st\u00e5ltr\u00e5d for krevende rengj\u00f8ringsarbeider og overflatebehandlinger.\" \/>\n<meta property=\"og:url\" content=\"https:\/\/lunatools.test.consids5.se\/no\/product\/koppstalborste-65mm-0-35m14-vi\/\" \/>\n<meta property=\"og:site_name\" content=\"Luna tools\" \/>\n<meta property=\"og:image\" content=\"https:\/\/lunatools.test.consids5.se\/wp-content\/uploads\/2021\/03\/868667-8.jpg\" \/>\n\t<meta property=\"og:image:width\" content=\"1308\" \/>\n\t<meta property=\"og:image:height\" content=\"1400\" \/>\n\t<meta property=\"og:image:type\" content=\"image\/jpeg\" \/>\n<script type=\"application\/ld+json\" class=\"yoast-schema-graph\">{\"@context\":\"https:\/\/schema.org\",\"@graph\":[{\"@type\":\"WebPage\",\"@id\":\"https:\/\/lunatools.test.consids5.se\/no\/product\/koppstalborste-65mm-0-35m14-vi\/\",\"url\":\"https:\/\/lunatools.test.consids5.se\/no\/product\/koppstalborste-65mm-0-35m14-vi\/\",\"name\":\"KOPPST\u00c5LB\u00d8RSTE 65MM-0.35M14 VI - Luna tools\",\"isPartOf\":{\"@id\":\"https:\/\/lunatools.test.consids5.se\/en\/#website\"},\"primaryImageOfPage\":{\"@id\":\"https:\/\/lunatools.test.consids5.se\/no\/product\/koppstalborste-65mm-0-35m14-vi\/#primaryimage\"},\"image\":{\"@id\":\"https:\/\/lunatools.test.consids5.se\/no\/product\/koppstalborste-65mm-0-35m14-vi\/#primaryimage\"},\"thumbnailUrl\":\"https:\/\/lunatools.test.consids5.se\/wp-content\/uploads\/2021\/03\/868667-8.jpg\",\"datePublished\":\"2025-10-26T16:58:25+00:00\",\"dateModified\":\"2025-10-26T16:58:25+00:00\",\"breadcrumb\":{\"@id\":\"https:\/\/lunatools.test.consids5.se\/no\/product\/koppstalborste-65mm-0-35m14-vi\/#breadcrumb\"},\"inLanguage\":\"nb-NO\",\"potentialAction\":[{\"@type\":\"ReadAction\",\"target\":[\"https:\/\/lunatools.test.consids5.se\/no\/product\/koppstalborste-65mm-0-35m14-vi\/\"]}]},{\"@type\":\"ImageObject\",\"inLanguage\":\"nb-NO\",\"@id\":\"https:\/\/lunatools.test.consids5.se\/no\/product\/koppstalborste-65mm-0-35m14-vi\/#primaryimage\",\"url\":\"https:\/\/lunatools.test.consids5.se\/wp-content\/uploads\/2021\/03\/868667-8.jpg\",\"contentUrl\":\"https:\/\/lunatools.test.consids5.se\/wp-content\/uploads\/2021\/03\/868667-8.jpg\",\"width\":1308,\"height\":1400},{\"@type\":\"BreadcrumbList\",\"@id\":\"https:\/\/lunatools.test.consids5.se\/no\/product\/koppstalborste-65mm-0-35m14-vi\/#breadcrumb\",\"itemListElement\":[{\"@type\":\"ListItem\",\"position\":1,\"name\":\"Home\",\"item\":\"https:\/\/lunatools.test.consids5.se\/no\/\"},{\"@type\":\"ListItem\",\"position\":2,\"name\":\"Products\",\"item\":\"https:\/\/lunatools.test.consids5.se\/en\/shop\/\"},{\"@type\":\"ListItem\",\"position\":3,\"name\":\"KOPPST\u00c5LB\u00d8RSTE 65MM-0.35M14 VI\"}]},{\"@type\":\"WebSite\",\"@id\":\"https:\/\/lunatools.test.consids5.se\/en\/#website\",\"url\":\"https:\/\/lunatools.test.consids5.se\/en\/\",\"name\":\"Luna tools\",\"description\":\"\",\"publisher\":{\"@id\":\"https:\/\/lunatools.test.consids5.se\/en\/#organization\"},\"potentialAction\":[{\"@type\":\"SearchAction\",\"target\":{\"@type\":\"EntryPoint\",\"urlTemplate\":\"https:\/\/lunatools.test.consids5.se\/en\/?s={search_term_string}\"},\"query-input\":\"required name=search_term_string\"}],\"inLanguage\":\"nb-NO\"},{\"@type\":\"Organization\",\"@id\":\"https:\/\/lunatools.test.consids5.se\/en\/#organization\",\"name\":\"Luna Tools\",\"url\":\"https:\/\/lunatools.test.consids5.se\/en\/\",\"logo\":{\"@type\":\"ImageObject\",\"inLanguage\":\"nb-NO\",\"@id\":\"https:\/\/lunatools.test.consids5.se\/en\/#\/schema\/logo\/image\/\",\"url\":\"https:\/\/lunatools.com\/wp-content\/uploads\/2019\/10\/LunaTools-gray-logo.png\",\"contentUrl\":\"https:\/\/lunatools.com\/wp-content\/uploads\/2019\/10\/LunaTools-gray-logo.png\",\"width\":795,\"height\":309,\"caption\":\"Luna Tools\"},\"image\":{\"@id\":\"https:\/\/lunatools.test.consids5.se\/en\/#\/schema\/logo\/image\/\"}}]}<\/script>\n<!-- \/ Yoast SEO plugin. -->","yoast_head_json":{"title":"KOPPST\u00c5LB\u00d8RSTE 65MM-0.35M14 VI - Luna tools","robots":{"index":"index","follow":"follow","max-snippet":"max-snippet:-1","max-image-preview":"max-image-preview:large","max-video-preview":"max-video-preview:-1"},"canonical":"https:\/\/lunatools.test.consids5.se\/no\/product\/koppstalborste-65mm-0-35m14-vi\/","og_locale":"nb_NO","og_type":"article","og_title":"KOPPST\u00c5LB\u00d8RSTE 65MM-0.35M14 VI - Luna tools","og_description":"Med vridd st\u00e5ltr\u00e5d for krevende rengj\u00f8ringsarbeider og overflatebehandlinger.","og_url":"https:\/\/lunatools.test.consids5.se\/no\/product\/koppstalborste-65mm-0-35m14-vi\/","og_site_name":"Luna tools","og_image":[{"width":1308,"height":1400,"url":"https:\/\/lunatools.test.consids5.se\/wp-content\/uploads\/2021\/03\/868667-8.jpg","type":"image\/jpeg"}],"schema":{"@context":"https:\/\/schema.org","@graph":[{"@type":"WebPage","@id":"https:\/\/lunatools.test.consids5.se\/no\/product\/koppstalborste-65mm-0-35m14-vi\/","url":"https:\/\/lunatools.test.consids5.se\/no\/product\/koppstalborste-65mm-0-35m14-vi\/","name":"KOPPST\u00c5LB\u00d8RSTE 65MM-0.35M14 VI - Luna tools","isPartOf":{"@id":"https:\/\/lunatools.test.consids5.se\/en\/#website"},"primaryImageOfPage":{"@id":"https:\/\/lunatools.test.consids5.se\/no\/product\/koppstalborste-65mm-0-35m14-vi\/#primaryimage"},"image":{"@id":"https:\/\/lunatools.test.consids5.se\/no\/product\/koppstalborste-65mm-0-35m14-vi\/#primaryimage"},"thumbnailUrl":"https:\/\/lunatools.test.consids5.se\/wp-content\/uploads\/2021\/03\/868667-8.jpg","datePublished":"2025-10-26T16:58:25+00:00","dateModified":"2025-10-26T16:58:25+00:00","breadcrumb":{"@id":"https:\/\/lunatools.test.consids5.se\/no\/product\/koppstalborste-65mm-0-35m14-vi\/#breadcrumb"},"inLanguage":"nb-NO","potentialAction":[{"@type":"ReadAction","target":["https:\/\/lunatools.test.consids5.se\/no\/product\/koppstalborste-65mm-0-35m14-vi\/"]}]},{"@type":"ImageObject","inLanguage":"nb-NO","@id":"https:\/\/lunatools.test.consids5.se\/no\/product\/koppstalborste-65mm-0-35m14-vi\/#primaryimage","url":"https:\/\/lunatools.test.consids5.se\/wp-content\/uploads\/2021\/03\/868667-8.jpg","contentUrl":"https:\/\/lunatools.test.consids5.se\/wp-content\/uploads\/2021\/03\/868667-8.jpg","width":1308,"height":1400},{"@type":"BreadcrumbList","@id":"https:\/\/lunatools.test.consids5.se\/no\/product\/koppstalborste-65mm-0-35m14-vi\/#breadcrumb","itemListElement":[{"@type":"ListItem","position":1,"name":"Home","item":"https:\/\/lunatools.test.consids5.se\/no\/"},{"@type":"ListItem","position":2,"name":"Products","item":"https:\/\/lunatools.test.consids5.se\/en\/shop\/"},{"@type":"ListItem","position":3,"name":"KOPPST\u00c5LB\u00d8RSTE 65MM-0.35M14 VI"}]},{"@type":"WebSite","@id":"https:\/\/lunatools.test.consids5.se\/en\/#website","url":"https:\/\/lunatools.test.consids5.se\/en\/","name":"Luna tools","description":"","publisher":{"@id":"https:\/\/lunatools.test.consids5.se\/en\/#organization"},"potentialAction":[{"@type":"SearchAction","target":{"@type":"EntryPoint","urlTemplate":"https:\/\/lunatools.test.consids5.se\/en\/?s={search_term_string}"},"query-input":"required name=search_term_string"}],"inLanguage":"nb-NO"},{"@type":"Organization","@id":"https:\/\/lunatools.test.consids5.se\/en\/#organization","name":"Luna Tools","url":"https:\/\/lunatools.test.consids5.se\/en\/","logo":{"@type":"ImageObject","inLanguage":"nb-NO","@id":"https:\/\/lunatools.test.consids5.se\/en\/#\/schema\/logo\/image\/","url":"https:\/\/lunatools.com\/wp-content\/uploads\/2019\/10\/LunaTools-gray-logo.png","contentUrl":"https:\/\/lunatools.com\/wp-content\/uploads\/2019\/10\/LunaTools-gray-logo.png","width":795,"height":309,"caption":"Luna Tools"},"image":{"@id":"https:\/\/lunatools.test.consids5.se\/en\/#\/schema\/logo\/image\/"}}]}},"_links":{"self":[{"href":"https:\/\/lunatools.test.consids5.se\/no\/wp-json\/wp\/v2\/product\/4796"}],"collection":[{"href":"https:\/\/lunatools.test.consids5.se\/no\/wp-json\/wp\/v2\/product"}],"about":[{"href":"https:\/\/lunatools.test.consids5.se\/no\/wp-json\/wp\/v2\/types\/product"}],"wp:featuredmedia":[{"embeddable":true,"href":"https:\/\/lunatools.test.consids5.se\/no\/wp-json\/wp\/v2\/media\/30523"}],"wp:attachment":[{"href":"https:\/\/lunatools.test.consids5.se\/no\/wp-json\/wp\/v2\/media?parent=4796"}],"wp:term":[{"taxonomy":"product_cat","embeddable":true,"href":"https:\/\/lunatools.test.consids5.se\/no\/wp-json\/wp\/v2\/product_cat?post=4796"},{"taxonomy":"product_tag","embeddable":true,"href":"https:\/\/lunatools.test.consids5.se\/no\/wp-json\/wp\/v2\/product_tag?post=4796"}],"curies":[{"name":"wp","href":"https:\/\/api.w.org\/{rel}","templated":true}]}}