{"id":5883,"date":"2021-11-04T00:40:06","date_gmt":"2021-11-04T00:40:06","guid":{"rendered":"https:\/\/lunatools.com\/product\/kontraprofilfres-8mm\/"},"modified":"2021-11-04T00:40:06","modified_gmt":"2021-11-04T00:40:06","slug":"kontraprofilfres-8mm","status":"publish","type":"product","link":"https:\/\/lunatools.test.consids5.se\/no\/product\/kontraprofilfres-8mm\/","title":{"rendered":"KONTRAPROFILFRES 8MM"},"content":{"rendered":"<p>Kontraprofilfreser med skj\u00e6r av hardmetall og kuleleger for produksjon av skapd\u00f8rer, d\u00f8rer og paneler. Ved \u00e5 bytte plass p\u00e5 not og profilst\u00e5let kan b\u00e5de lengde og endeprofilen lages med samme fres. H\u00e5ndoverfresen b\u00f8r monteres i et fresebord for beste resultat.<\/p>\n","protected":false},"excerpt":{"rendered":"Kontraprofilfreser med skj\u00e6r av hardmetall og kuleleger for produksjon av skapd\u00f8rer, d\u00f8rer og paneler. Ved \u00e5 bytte plass p\u00e5 not og profilst\u00e5let kan b\u00e5de lengde og endeprofilen lages med samme fres. H\u00e5ndoverfresen b\u00f8r monteres i et fresebord for beste resultat.","protected":false},"featured_media":40947,"template":"","meta":{"_acf_changed":false},"product_cat":[169,268],"product_tag":[],"class_list":{"0":"post-5883","1":"product","2":"type-product","3":"status-publish","4":"has-post-thumbnail","6":"product_cat-freseverktoy-og-hovelstal-no","7":"product_cat-skaftfreser-no","9":"first","10":"instock","11":"shipping-taxable","12":"product-type-simple"},"acf":[],"yoast_head":"<!-- This site is optimized with the Yoast SEO plugin v23.2 - https:\/\/yoast.com\/wordpress\/plugins\/seo\/ -->\n<title>KONTRAPROFILFRES 8MM - Luna tools<\/title>\n<meta name=\"robots\" content=\"index, follow, max-snippet:-1, max-image-preview:large, max-video-preview:-1\" \/>\n<link rel=\"canonical\" href=\"https:\/\/lunatools.test.consids5.se\/no\/product\/kontraprofilfres-8mm\/\" \/>\n<meta property=\"og:locale\" content=\"nb_NO\" \/>\n<meta property=\"og:type\" content=\"article\" \/>\n<meta property=\"og:title\" content=\"KONTRAPROFILFRES 8MM - Luna tools\" \/>\n<meta property=\"og:description\" content=\"Kontraprofilfreser med skj\u00e6r av hardmetall og kuleleger for produksjon av skapd\u00f8rer, d\u00f8rer og paneler. Ved \u00e5 bytte plass p\u00e5 not og profilst\u00e5let kan b\u00e5de lengde og endeprofilen lages med samme fres. H\u00e5ndoverfresen b\u00f8r monteres i et fresebord for beste resultat.\" \/>\n<meta property=\"og:url\" content=\"https:\/\/lunatools.test.consids5.se\/no\/product\/kontraprofilfres-8mm\/\" \/>\n<meta property=\"og:site_name\" content=\"Luna tools\" \/>\n<meta property=\"og:image\" content=\"https:\/\/lunatools.test.consids5.se\/wp-content\/uploads\/2021\/03\/870308-4.jpg\" \/>\n\t<meta property=\"og:image:width\" content=\"623\" \/>\n\t<meta property=\"og:image:height\" content=\"1400\" \/>\n\t<meta property=\"og:image:type\" content=\"image\/jpeg\" \/>\n<script type=\"application\/ld+json\" class=\"yoast-schema-graph\">{\"@context\":\"https:\/\/schema.org\",\"@graph\":[{\"@type\":\"WebPage\",\"@id\":\"https:\/\/lunatools.test.consids5.se\/no\/product\/kontraprofilfres-8mm\/\",\"url\":\"https:\/\/lunatools.test.consids5.se\/no\/product\/kontraprofilfres-8mm\/\",\"name\":\"KONTRAPROFILFRES 8MM - Luna tools\",\"isPartOf\":{\"@id\":\"https:\/\/lunatools.test.consids5.se\/en\/#website\"},\"primaryImageOfPage\":{\"@id\":\"https:\/\/lunatools.test.consids5.se\/no\/product\/kontraprofilfres-8mm\/#primaryimage\"},\"image\":{\"@id\":\"https:\/\/lunatools.test.consids5.se\/no\/product\/kontraprofilfres-8mm\/#primaryimage\"},\"thumbnailUrl\":\"https:\/\/lunatools.test.consids5.se\/wp-content\/uploads\/2021\/03\/870308-4.jpg\",\"datePublished\":\"2021-11-04T00:40:06+00:00\",\"dateModified\":\"2021-11-04T00:40:06+00:00\",\"breadcrumb\":{\"@id\":\"https:\/\/lunatools.test.consids5.se\/no\/product\/kontraprofilfres-8mm\/#breadcrumb\"},\"inLanguage\":\"nb-NO\",\"potentialAction\":[{\"@type\":\"ReadAction\",\"target\":[\"https:\/\/lunatools.test.consids5.se\/no\/product\/kontraprofilfres-8mm\/\"]}]},{\"@type\":\"ImageObject\",\"inLanguage\":\"nb-NO\",\"@id\":\"https:\/\/lunatools.test.consids5.se\/no\/product\/kontraprofilfres-8mm\/#primaryimage\",\"url\":\"https:\/\/lunatools.test.consids5.se\/wp-content\/uploads\/2021\/03\/870308-4.jpg\",\"contentUrl\":\"https:\/\/lunatools.test.consids5.se\/wp-content\/uploads\/2021\/03\/870308-4.jpg\",\"width\":623,\"height\":1400},{\"@type\":\"BreadcrumbList\",\"@id\":\"https:\/\/lunatools.test.consids5.se\/no\/product\/kontraprofilfres-8mm\/#breadcrumb\",\"itemListElement\":[{\"@type\":\"ListItem\",\"position\":1,\"name\":\"Home\",\"item\":\"https:\/\/lunatools.test.consids5.se\/no\/\"},{\"@type\":\"ListItem\",\"position\":2,\"name\":\"Products\",\"item\":\"https:\/\/lunatools.test.consids5.se\/en\/shop\/\"},{\"@type\":\"ListItem\",\"position\":3,\"name\":\"KONTRAPROFILFRES 8MM\"}]},{\"@type\":\"WebSite\",\"@id\":\"https:\/\/lunatools.test.consids5.se\/en\/#website\",\"url\":\"https:\/\/lunatools.test.consids5.se\/en\/\",\"name\":\"Luna tools\",\"description\":\"\",\"publisher\":{\"@id\":\"https:\/\/lunatools.test.consids5.se\/en\/#organization\"},\"potentialAction\":[{\"@type\":\"SearchAction\",\"target\":{\"@type\":\"EntryPoint\",\"urlTemplate\":\"https:\/\/lunatools.test.consids5.se\/en\/?s={search_term_string}\"},\"query-input\":\"required name=search_term_string\"}],\"inLanguage\":\"nb-NO\"},{\"@type\":\"Organization\",\"@id\":\"https:\/\/lunatools.test.consids5.se\/en\/#organization\",\"name\":\"Luna Tools\",\"url\":\"https:\/\/lunatools.test.consids5.se\/en\/\",\"logo\":{\"@type\":\"ImageObject\",\"inLanguage\":\"nb-NO\",\"@id\":\"https:\/\/lunatools.test.consids5.se\/en\/#\/schema\/logo\/image\/\",\"url\":\"https:\/\/lunatools.com\/wp-content\/uploads\/2019\/10\/LunaTools-gray-logo.png\",\"contentUrl\":\"https:\/\/lunatools.com\/wp-content\/uploads\/2019\/10\/LunaTools-gray-logo.png\",\"width\":795,\"height\":309,\"caption\":\"Luna Tools\"},\"image\":{\"@id\":\"https:\/\/lunatools.test.consids5.se\/en\/#\/schema\/logo\/image\/\"}}]}<\/script>\n<!-- \/ Yoast SEO plugin. -->","yoast_head_json":{"title":"KONTRAPROFILFRES 8MM - Luna tools","robots":{"index":"index","follow":"follow","max-snippet":"max-snippet:-1","max-image-preview":"max-image-preview:large","max-video-preview":"max-video-preview:-1"},"canonical":"https:\/\/lunatools.test.consids5.se\/no\/product\/kontraprofilfres-8mm\/","og_locale":"nb_NO","og_type":"article","og_title":"KONTRAPROFILFRES 8MM - Luna tools","og_description":"Kontraprofilfreser med skj\u00e6r av hardmetall og kuleleger for produksjon av skapd\u00f8rer, d\u00f8rer og paneler. Ved \u00e5 bytte plass p\u00e5 not og profilst\u00e5let kan b\u00e5de lengde og endeprofilen lages med samme fres. H\u00e5ndoverfresen b\u00f8r monteres i et fresebord for beste resultat.","og_url":"https:\/\/lunatools.test.consids5.se\/no\/product\/kontraprofilfres-8mm\/","og_site_name":"Luna tools","og_image":[{"width":623,"height":1400,"url":"https:\/\/lunatools.test.consids5.se\/wp-content\/uploads\/2021\/03\/870308-4.jpg","type":"image\/jpeg"}],"schema":{"@context":"https:\/\/schema.org","@graph":[{"@type":"WebPage","@id":"https:\/\/lunatools.test.consids5.se\/no\/product\/kontraprofilfres-8mm\/","url":"https:\/\/lunatools.test.consids5.se\/no\/product\/kontraprofilfres-8mm\/","name":"KONTRAPROFILFRES 8MM - Luna tools","isPartOf":{"@id":"https:\/\/lunatools.test.consids5.se\/en\/#website"},"primaryImageOfPage":{"@id":"https:\/\/lunatools.test.consids5.se\/no\/product\/kontraprofilfres-8mm\/#primaryimage"},"image":{"@id":"https:\/\/lunatools.test.consids5.se\/no\/product\/kontraprofilfres-8mm\/#primaryimage"},"thumbnailUrl":"https:\/\/lunatools.test.consids5.se\/wp-content\/uploads\/2021\/03\/870308-4.jpg","datePublished":"2021-11-04T00:40:06+00:00","dateModified":"2021-11-04T00:40:06+00:00","breadcrumb":{"@id":"https:\/\/lunatools.test.consids5.se\/no\/product\/kontraprofilfres-8mm\/#breadcrumb"},"inLanguage":"nb-NO","potentialAction":[{"@type":"ReadAction","target":["https:\/\/lunatools.test.consids5.se\/no\/product\/kontraprofilfres-8mm\/"]}]},{"@type":"ImageObject","inLanguage":"nb-NO","@id":"https:\/\/lunatools.test.consids5.se\/no\/product\/kontraprofilfres-8mm\/#primaryimage","url":"https:\/\/lunatools.test.consids5.se\/wp-content\/uploads\/2021\/03\/870308-4.jpg","contentUrl":"https:\/\/lunatools.test.consids5.se\/wp-content\/uploads\/2021\/03\/870308-4.jpg","width":623,"height":1400},{"@type":"BreadcrumbList","@id":"https:\/\/lunatools.test.consids5.se\/no\/product\/kontraprofilfres-8mm\/#breadcrumb","itemListElement":[{"@type":"ListItem","position":1,"name":"Home","item":"https:\/\/lunatools.test.consids5.se\/no\/"},{"@type":"ListItem","position":2,"name":"Products","item":"https:\/\/lunatools.test.consids5.se\/en\/shop\/"},{"@type":"ListItem","position":3,"name":"KONTRAPROFILFRES 8MM"}]},{"@type":"WebSite","@id":"https:\/\/lunatools.test.consids5.se\/en\/#website","url":"https:\/\/lunatools.test.consids5.se\/en\/","name":"Luna tools","description":"","publisher":{"@id":"https:\/\/lunatools.test.consids5.se\/en\/#organization"},"potentialAction":[{"@type":"SearchAction","target":{"@type":"EntryPoint","urlTemplate":"https:\/\/lunatools.test.consids5.se\/en\/?s={search_term_string}"},"query-input":"required name=search_term_string"}],"inLanguage":"nb-NO"},{"@type":"Organization","@id":"https:\/\/lunatools.test.consids5.se\/en\/#organization","name":"Luna Tools","url":"https:\/\/lunatools.test.consids5.se\/en\/","logo":{"@type":"ImageObject","inLanguage":"nb-NO","@id":"https:\/\/lunatools.test.consids5.se\/en\/#\/schema\/logo\/image\/","url":"https:\/\/lunatools.com\/wp-content\/uploads\/2019\/10\/LunaTools-gray-logo.png","contentUrl":"https:\/\/lunatools.com\/wp-content\/uploads\/2019\/10\/LunaTools-gray-logo.png","width":795,"height":309,"caption":"Luna Tools"},"image":{"@id":"https:\/\/lunatools.test.consids5.se\/en\/#\/schema\/logo\/image\/"}}]}},"_links":{"self":[{"href":"https:\/\/lunatools.test.consids5.se\/no\/wp-json\/wp\/v2\/product\/5883"}],"collection":[{"href":"https:\/\/lunatools.test.consids5.se\/no\/wp-json\/wp\/v2\/product"}],"about":[{"href":"https:\/\/lunatools.test.consids5.se\/no\/wp-json\/wp\/v2\/types\/product"}],"wp:featuredmedia":[{"embeddable":true,"href":"https:\/\/lunatools.test.consids5.se\/no\/wp-json\/wp\/v2\/media\/40947"}],"wp:attachment":[{"href":"https:\/\/lunatools.test.consids5.se\/no\/wp-json\/wp\/v2\/media?parent=5883"}],"wp:term":[{"taxonomy":"product_cat","embeddable":true,"href":"https:\/\/lunatools.test.consids5.se\/no\/wp-json\/wp\/v2\/product_cat?post=5883"},{"taxonomy":"product_tag","embeddable":true,"href":"https:\/\/lunatools.test.consids5.se\/no\/wp-json\/wp\/v2\/product_tag?post=5883"}],"curies":[{"name":"wp","href":"https:\/\/api.w.org\/{rel}","templated":true}]}}