{"id":60053,"date":"2021-11-04T03:05:29","date_gmt":"2021-11-04T03:05:29","guid":{"rendered":"http:\/\/lunatools.com\/product\/verktoysikring-startsett-no\/"},"modified":"2021-11-04T03:05:29","modified_gmt":"2021-11-04T03:05:29","slug":"verktoysikring-startsett-no","status":"publish","type":"product","link":"https:\/\/lunatools.test.consids5.se\/no\/product\/verktoysikring-startsett-no\/","title":{"rendered":"VERKT\u00d8YSIKRING STARTSETT NO"},"content":{"rendered":"<p>Startsett med de grunnleggende komponentene som trengs for \u00e5 sikre dine verkt\u00f8y ved arbeider i h\u00f8yden.<br \/>\nInneholder enkel og smidig festepunkt til kropp (beltefeste), liner for b\u00e5de lettere og tyngre verkt\u00f8y i ulike utf\u00f8relser og materialer samt flere ulike innfestingskomponenter til verkt\u00f8y. Produktene er samlet i en oppbevaringsboks av plast med flere rom som gj\u00f8r det lett \u00e5 holde orden p\u00e5 sikringsproduktene.<\/p>\n","protected":false},"excerpt":{"rendered":"Startsett med de grunnleggende komponentene som trengs for \u00e5 sikre dine verkt\u00f8y ved arbeider i h\u00f8yden. Inneholder enkel og smidig festepunkt til kropp (beltefeste), liner for b\u00e5de lettere og tyngre verkt\u00f8y i ulike utf\u00f8relser og materialer samt flere ulike innfestingskomponenter til verkt\u00f8y. Produktene er samlet i en oppbevaringsboks av plast med flere rom som gj\u00f8r&#8230; <a class=\"view-article\" href=\"https:\/\/lunatools.test.consids5.se\/no\/product\/verktoysikring-startsett-no\/\">View Article<\/a>","protected":false},"featured_media":0,"template":"","meta":{"_acf_changed":false},"product_cat":[1043,1042],"product_tag":[],"class_list":{"0":"post-60053","1":"product","2":"type-product","3":"status-publish","5":"product_cat-boks-no","6":"product_cat-verktoysikringssett-no","8":"first","9":"instock","10":"shipping-taxable","11":"product-type-simple"},"acf":[],"yoast_head":"<!-- This site is optimized with the Yoast SEO plugin v23.2 - https:\/\/yoast.com\/wordpress\/plugins\/seo\/ -->\n<title>VERKT\u00d8YSIKRING STARTSETT NO - Luna tools<\/title>\n<meta name=\"robots\" content=\"index, follow, max-snippet:-1, max-image-preview:large, max-video-preview:-1\" \/>\n<link rel=\"canonical\" href=\"https:\/\/lunatools.test.consids5.se\/no\/product\/verktoysikring-startsett-no\/\" \/>\n<meta property=\"og:locale\" content=\"nb_NO\" \/>\n<meta property=\"og:type\" content=\"article\" \/>\n<meta property=\"og:title\" content=\"VERKT\u00d8YSIKRING STARTSETT NO - Luna tools\" \/>\n<meta property=\"og:description\" content=\"Startsett med de grunnleggende komponentene som trengs for \u00e5 sikre dine verkt\u00f8y ved arbeider i h\u00f8yden. Inneholder enkel og smidig festepunkt til kropp (beltefeste), liner for b\u00e5de lettere og tyngre verkt\u00f8y i ulike utf\u00f8relser og materialer samt flere ulike innfestingskomponenter til verkt\u00f8y. Produktene er samlet i en oppbevaringsboks av plast med flere rom som gj\u00f8r... View Article\" \/>\n<meta property=\"og:url\" content=\"https:\/\/lunatools.test.consids5.se\/no\/product\/verktoysikring-startsett-no\/\" \/>\n<meta property=\"og:site_name\" content=\"Luna tools\" \/>\n<script type=\"application\/ld+json\" class=\"yoast-schema-graph\">{\"@context\":\"https:\/\/schema.org\",\"@graph\":[{\"@type\":\"WebPage\",\"@id\":\"https:\/\/lunatools.test.consids5.se\/no\/product\/verktoysikring-startsett-no\/\",\"url\":\"https:\/\/lunatools.test.consids5.se\/no\/product\/verktoysikring-startsett-no\/\",\"name\":\"VERKT\u00d8YSIKRING STARTSETT NO - Luna tools\",\"isPartOf\":{\"@id\":\"https:\/\/lunatools.test.consids5.se\/en\/#website\"},\"datePublished\":\"2021-11-04T03:05:29+00:00\",\"dateModified\":\"2021-11-04T03:05:29+00:00\",\"breadcrumb\":{\"@id\":\"https:\/\/lunatools.test.consids5.se\/no\/product\/verktoysikring-startsett-no\/#breadcrumb\"},\"inLanguage\":\"nb-NO\",\"potentialAction\":[{\"@type\":\"ReadAction\",\"target\":[\"https:\/\/lunatools.test.consids5.se\/no\/product\/verktoysikring-startsett-no\/\"]}]},{\"@type\":\"BreadcrumbList\",\"@id\":\"https:\/\/lunatools.test.consids5.se\/no\/product\/verktoysikring-startsett-no\/#breadcrumb\",\"itemListElement\":[{\"@type\":\"ListItem\",\"position\":1,\"name\":\"Home\",\"item\":\"https:\/\/lunatools.test.consids5.se\/no\/\"},{\"@type\":\"ListItem\",\"position\":2,\"name\":\"Products\",\"item\":\"https:\/\/lunatools.test.consids5.se\/en\/shop\/\"},{\"@type\":\"ListItem\",\"position\":3,\"name\":\"VERKT\u00d8YSIKRING STARTSETT NO\"}]},{\"@type\":\"WebSite\",\"@id\":\"https:\/\/lunatools.test.consids5.se\/en\/#website\",\"url\":\"https:\/\/lunatools.test.consids5.se\/en\/\",\"name\":\"Luna tools\",\"description\":\"\",\"publisher\":{\"@id\":\"https:\/\/lunatools.test.consids5.se\/en\/#organization\"},\"potentialAction\":[{\"@type\":\"SearchAction\",\"target\":{\"@type\":\"EntryPoint\",\"urlTemplate\":\"https:\/\/lunatools.test.consids5.se\/en\/?s={search_term_string}\"},\"query-input\":\"required name=search_term_string\"}],\"inLanguage\":\"nb-NO\"},{\"@type\":\"Organization\",\"@id\":\"https:\/\/lunatools.test.consids5.se\/en\/#organization\",\"name\":\"Luna Tools\",\"url\":\"https:\/\/lunatools.test.consids5.se\/en\/\",\"logo\":{\"@type\":\"ImageObject\",\"inLanguage\":\"nb-NO\",\"@id\":\"https:\/\/lunatools.test.consids5.se\/en\/#\/schema\/logo\/image\/\",\"url\":\"https:\/\/lunatools.com\/wp-content\/uploads\/2019\/10\/LunaTools-gray-logo.png\",\"contentUrl\":\"https:\/\/lunatools.com\/wp-content\/uploads\/2019\/10\/LunaTools-gray-logo.png\",\"width\":795,\"height\":309,\"caption\":\"Luna Tools\"},\"image\":{\"@id\":\"https:\/\/lunatools.test.consids5.se\/en\/#\/schema\/logo\/image\/\"}}]}<\/script>\n<!-- \/ Yoast SEO plugin. -->","yoast_head_json":{"title":"VERKT\u00d8YSIKRING STARTSETT NO - Luna tools","robots":{"index":"index","follow":"follow","max-snippet":"max-snippet:-1","max-image-preview":"max-image-preview:large","max-video-preview":"max-video-preview:-1"},"canonical":"https:\/\/lunatools.test.consids5.se\/no\/product\/verktoysikring-startsett-no\/","og_locale":"nb_NO","og_type":"article","og_title":"VERKT\u00d8YSIKRING STARTSETT NO - Luna tools","og_description":"Startsett med de grunnleggende komponentene som trengs for \u00e5 sikre dine verkt\u00f8y ved arbeider i h\u00f8yden. Inneholder enkel og smidig festepunkt til kropp (beltefeste), liner for b\u00e5de lettere og tyngre verkt\u00f8y i ulike utf\u00f8relser og materialer samt flere ulike innfestingskomponenter til verkt\u00f8y. Produktene er samlet i en oppbevaringsboks av plast med flere rom som gj\u00f8r... View Article","og_url":"https:\/\/lunatools.test.consids5.se\/no\/product\/verktoysikring-startsett-no\/","og_site_name":"Luna tools","schema":{"@context":"https:\/\/schema.org","@graph":[{"@type":"WebPage","@id":"https:\/\/lunatools.test.consids5.se\/no\/product\/verktoysikring-startsett-no\/","url":"https:\/\/lunatools.test.consids5.se\/no\/product\/verktoysikring-startsett-no\/","name":"VERKT\u00d8YSIKRING STARTSETT NO - Luna tools","isPartOf":{"@id":"https:\/\/lunatools.test.consids5.se\/en\/#website"},"datePublished":"2021-11-04T03:05:29+00:00","dateModified":"2021-11-04T03:05:29+00:00","breadcrumb":{"@id":"https:\/\/lunatools.test.consids5.se\/no\/product\/verktoysikring-startsett-no\/#breadcrumb"},"inLanguage":"nb-NO","potentialAction":[{"@type":"ReadAction","target":["https:\/\/lunatools.test.consids5.se\/no\/product\/verktoysikring-startsett-no\/"]}]},{"@type":"BreadcrumbList","@id":"https:\/\/lunatools.test.consids5.se\/no\/product\/verktoysikring-startsett-no\/#breadcrumb","itemListElement":[{"@type":"ListItem","position":1,"name":"Home","item":"https:\/\/lunatools.test.consids5.se\/no\/"},{"@type":"ListItem","position":2,"name":"Products","item":"https:\/\/lunatools.test.consids5.se\/en\/shop\/"},{"@type":"ListItem","position":3,"name":"VERKT\u00d8YSIKRING STARTSETT NO"}]},{"@type":"WebSite","@id":"https:\/\/lunatools.test.consids5.se\/en\/#website","url":"https:\/\/lunatools.test.consids5.se\/en\/","name":"Luna tools","description":"","publisher":{"@id":"https:\/\/lunatools.test.consids5.se\/en\/#organization"},"potentialAction":[{"@type":"SearchAction","target":{"@type":"EntryPoint","urlTemplate":"https:\/\/lunatools.test.consids5.se\/en\/?s={search_term_string}"},"query-input":"required name=search_term_string"}],"inLanguage":"nb-NO"},{"@type":"Organization","@id":"https:\/\/lunatools.test.consids5.se\/en\/#organization","name":"Luna Tools","url":"https:\/\/lunatools.test.consids5.se\/en\/","logo":{"@type":"ImageObject","inLanguage":"nb-NO","@id":"https:\/\/lunatools.test.consids5.se\/en\/#\/schema\/logo\/image\/","url":"https:\/\/lunatools.com\/wp-content\/uploads\/2019\/10\/LunaTools-gray-logo.png","contentUrl":"https:\/\/lunatools.com\/wp-content\/uploads\/2019\/10\/LunaTools-gray-logo.png","width":795,"height":309,"caption":"Luna Tools"},"image":{"@id":"https:\/\/lunatools.test.consids5.se\/en\/#\/schema\/logo\/image\/"}}]}},"_links":{"self":[{"href":"https:\/\/lunatools.test.consids5.se\/no\/wp-json\/wp\/v2\/product\/60053"}],"collection":[{"href":"https:\/\/lunatools.test.consids5.se\/no\/wp-json\/wp\/v2\/product"}],"about":[{"href":"https:\/\/lunatools.test.consids5.se\/no\/wp-json\/wp\/v2\/types\/product"}],"wp:attachment":[{"href":"https:\/\/lunatools.test.consids5.se\/no\/wp-json\/wp\/v2\/media?parent=60053"}],"wp:term":[{"taxonomy":"product_cat","embeddable":true,"href":"https:\/\/lunatools.test.consids5.se\/no\/wp-json\/wp\/v2\/product_cat?post=60053"},{"taxonomy":"product_tag","embeddable":true,"href":"https:\/\/lunatools.test.consids5.se\/no\/wp-json\/wp\/v2\/product_tag?post=60053"}],"curies":[{"name":"wp","href":"https:\/\/api.w.org\/{rel}","templated":true}]}}