{"id":60270,"date":"2021-11-04T03:10:08","date_gmt":"2021-11-04T03:10:08","guid":{"rendered":"https:\/\/lunatools.com\/product\/vater-lhs-180-prime\/"},"modified":"2021-11-04T03:10:08","modified_gmt":"2021-11-04T03:10:08","slug":"presisjonsvater-luna-lhs-180","status":"publish","type":"product","link":"https:\/\/lunatools.test.consids5.se\/no\/product\/presisjonsvater-luna-lhs-180\/","title":{"rendered":"PRESISJONSVATER LUNA LHS 180"},"content":{"rendered":"<p>LUNA. Presisjonsvater med meget h\u00f8y f\u00f8lsomhet og n\u00f8yaktighet. Libellen (boblen) er ekstremt f\u00f8lsom med en krommeradie p\u00e5 hele 2000mm, dvs boblen beveger seg veldig lett fra den ene siden til den andre. Den er alts\u00e5 veldig f\u00f8lsom for sm\u00e5 forandringer. Libellen er stor og helt sylindrisk og har en reflekterende underside, som \u00f8ker lesbarheten markant. Motstandsdyktig mot UV-lys og temperatursvingninger.\u00a0N\u00f8yaktigheten er det samlede resultatet av alle inng\u00e5ende delers sm\u00e5 feil i vateret. Dette vateret har en meget stor n\u00f8yaktighet,\u00a0+\/- 0,3mm\/m. Hele konstruksjonen er sammensatt i en kraftig men lett aluminiumsprofil 1240 g\/m. Pulverlakkert overflate for bedre \u00e5 t\u00e5le smuss, men fremfor alt basiske stoffer som bl.a. sement som etser og lett setter seg fast p\u00e5 aluminium. Hull for tilfeldig monteringsst\u00f8tte p\u00e5 vegg ved f.eks. montering av veggskap.\u00a0Solide h\u00e5ndtakshull med kantbeskyttelse av gummi for \u00e5 f\u00e5 et godt grep og god balanse. M\u00e5leskala p\u00e5 siden i klasse 1. Hull for verkt\u00f8ysikring.\u00a0Dette vateret brukes der det kreves h\u00f8y f\u00f8lsomhet og n\u00f8yaktighet, f.eks. d\u00f8r\u00e5pninger, veggstendere, bjelkelag, bordplater osv.\u00a0\u00a0<\/p>\n","protected":false},"excerpt":{"rendered":"LUNA. Presisjonsvater med meget h\u00f8y f\u00f8lsomhet og n\u00f8yaktighet. Libellen (boblen) er ekstremt f\u00f8lsom med en krommeradie p\u00e5 hele 2000mm, dvs boblen beveger seg veldig lett fra den ene siden til den andre. Den er alts\u00e5 veldig f\u00f8lsom for sm\u00e5 forandringer. Libellen er stor og helt sylindrisk og har en reflekterende underside, som \u00f8ker lesbarheten markant&#8230;. <a class=\"view-article\" href=\"https:\/\/lunatools.test.consids5.se\/no\/product\/presisjonsvater-luna-lhs-180\/\">View Article<\/a>","protected":false},"featured_media":0,"template":"","meta":{"_acf_changed":false},"product_cat":[970],"product_tag":[],"class_list":{"0":"post-60270","1":"product","2":"type-product","3":"status-publish","5":"product_cat-vatere-no","7":"first","8":"instock","9":"shipping-taxable","10":"product-type-simple"},"acf":[],"yoast_head":"<!-- This site is optimized with the Yoast SEO plugin v23.2 - https:\/\/yoast.com\/wordpress\/plugins\/seo\/ -->\n<title>PRESISJONSVATER LUNA LHS 180 - Luna tools<\/title>\n<meta name=\"robots\" content=\"index, follow, max-snippet:-1, max-image-preview:large, max-video-preview:-1\" \/>\n<link rel=\"canonical\" href=\"https:\/\/lunatools.test.consids5.se\/no\/product\/presisjonsvater-luna-lhs-180\/\" \/>\n<meta property=\"og:locale\" content=\"nb_NO\" \/>\n<meta property=\"og:type\" content=\"article\" \/>\n<meta property=\"og:title\" content=\"PRESISJONSVATER LUNA LHS 180 - Luna tools\" \/>\n<meta property=\"og:description\" content=\"LUNA. Presisjonsvater med meget h\u00f8y f\u00f8lsomhet og n\u00f8yaktighet. Libellen (boblen) er ekstremt f\u00f8lsom med en krommeradie p\u00e5 hele 2000mm, dvs boblen beveger seg veldig lett fra den ene siden til den andre. Den er alts\u00e5 veldig f\u00f8lsom for sm\u00e5 forandringer. Libellen er stor og helt sylindrisk og har en reflekterende underside, som \u00f8ker lesbarheten markant.... View Article\" \/>\n<meta property=\"og:url\" content=\"https:\/\/lunatools.test.consids5.se\/no\/product\/presisjonsvater-luna-lhs-180\/\" \/>\n<meta property=\"og:site_name\" content=\"Luna tools\" \/>\n<meta name=\"twitter:label1\" content=\"Est. reading time\" \/>\n\t<meta name=\"twitter:data1\" content=\"1 minute\" \/>\n<script type=\"application\/ld+json\" class=\"yoast-schema-graph\">{\"@context\":\"https:\/\/schema.org\",\"@graph\":[{\"@type\":\"WebPage\",\"@id\":\"https:\/\/lunatools.test.consids5.se\/no\/product\/presisjonsvater-luna-lhs-180\/\",\"url\":\"https:\/\/lunatools.test.consids5.se\/no\/product\/presisjonsvater-luna-lhs-180\/\",\"name\":\"PRESISJONSVATER LUNA LHS 180 - Luna tools\",\"isPartOf\":{\"@id\":\"https:\/\/lunatools.test.consids5.se\/en\/#website\"},\"datePublished\":\"2021-11-04T03:10:08+00:00\",\"dateModified\":\"2021-11-04T03:10:08+00:00\",\"breadcrumb\":{\"@id\":\"https:\/\/lunatools.test.consids5.se\/no\/product\/presisjonsvater-luna-lhs-180\/#breadcrumb\"},\"inLanguage\":\"nb-NO\",\"potentialAction\":[{\"@type\":\"ReadAction\",\"target\":[\"https:\/\/lunatools.test.consids5.se\/no\/product\/presisjonsvater-luna-lhs-180\/\"]}]},{\"@type\":\"BreadcrumbList\",\"@id\":\"https:\/\/lunatools.test.consids5.se\/no\/product\/presisjonsvater-luna-lhs-180\/#breadcrumb\",\"itemListElement\":[{\"@type\":\"ListItem\",\"position\":1,\"name\":\"Home\",\"item\":\"https:\/\/lunatools.test.consids5.se\/no\/\"},{\"@type\":\"ListItem\",\"position\":2,\"name\":\"Products\",\"item\":\"https:\/\/lunatools.test.consids5.se\/en\/shop\/\"},{\"@type\":\"ListItem\",\"position\":3,\"name\":\"PRESISJONSVATER LUNA LHS 180\"}]},{\"@type\":\"WebSite\",\"@id\":\"https:\/\/lunatools.test.consids5.se\/en\/#website\",\"url\":\"https:\/\/lunatools.test.consids5.se\/en\/\",\"name\":\"Luna tools\",\"description\":\"\",\"publisher\":{\"@id\":\"https:\/\/lunatools.test.consids5.se\/en\/#organization\"},\"potentialAction\":[{\"@type\":\"SearchAction\",\"target\":{\"@type\":\"EntryPoint\",\"urlTemplate\":\"https:\/\/lunatools.test.consids5.se\/en\/?s={search_term_string}\"},\"query-input\":\"required name=search_term_string\"}],\"inLanguage\":\"nb-NO\"},{\"@type\":\"Organization\",\"@id\":\"https:\/\/lunatools.test.consids5.se\/en\/#organization\",\"name\":\"Luna Tools\",\"url\":\"https:\/\/lunatools.test.consids5.se\/en\/\",\"logo\":{\"@type\":\"ImageObject\",\"inLanguage\":\"nb-NO\",\"@id\":\"https:\/\/lunatools.test.consids5.se\/en\/#\/schema\/logo\/image\/\",\"url\":\"https:\/\/lunatools.com\/wp-content\/uploads\/2019\/10\/LunaTools-gray-logo.png\",\"contentUrl\":\"https:\/\/lunatools.com\/wp-content\/uploads\/2019\/10\/LunaTools-gray-logo.png\",\"width\":795,\"height\":309,\"caption\":\"Luna Tools\"},\"image\":{\"@id\":\"https:\/\/lunatools.test.consids5.se\/en\/#\/schema\/logo\/image\/\"}}]}<\/script>\n<!-- \/ Yoast SEO plugin. -->","yoast_head_json":{"title":"PRESISJONSVATER LUNA LHS 180 - Luna tools","robots":{"index":"index","follow":"follow","max-snippet":"max-snippet:-1","max-image-preview":"max-image-preview:large","max-video-preview":"max-video-preview:-1"},"canonical":"https:\/\/lunatools.test.consids5.se\/no\/product\/presisjonsvater-luna-lhs-180\/","og_locale":"nb_NO","og_type":"article","og_title":"PRESISJONSVATER LUNA LHS 180 - Luna tools","og_description":"LUNA. Presisjonsvater med meget h\u00f8y f\u00f8lsomhet og n\u00f8yaktighet. Libellen (boblen) er ekstremt f\u00f8lsom med en krommeradie p\u00e5 hele 2000mm, dvs boblen beveger seg veldig lett fra den ene siden til den andre. Den er alts\u00e5 veldig f\u00f8lsom for sm\u00e5 forandringer. Libellen er stor og helt sylindrisk og har en reflekterende underside, som \u00f8ker lesbarheten markant.... View Article","og_url":"https:\/\/lunatools.test.consids5.se\/no\/product\/presisjonsvater-luna-lhs-180\/","og_site_name":"Luna tools","twitter_misc":{"Est. reading time":"1 minute"},"schema":{"@context":"https:\/\/schema.org","@graph":[{"@type":"WebPage","@id":"https:\/\/lunatools.test.consids5.se\/no\/product\/presisjonsvater-luna-lhs-180\/","url":"https:\/\/lunatools.test.consids5.se\/no\/product\/presisjonsvater-luna-lhs-180\/","name":"PRESISJONSVATER LUNA LHS 180 - Luna tools","isPartOf":{"@id":"https:\/\/lunatools.test.consids5.se\/en\/#website"},"datePublished":"2021-11-04T03:10:08+00:00","dateModified":"2021-11-04T03:10:08+00:00","breadcrumb":{"@id":"https:\/\/lunatools.test.consids5.se\/no\/product\/presisjonsvater-luna-lhs-180\/#breadcrumb"},"inLanguage":"nb-NO","potentialAction":[{"@type":"ReadAction","target":["https:\/\/lunatools.test.consids5.se\/no\/product\/presisjonsvater-luna-lhs-180\/"]}]},{"@type":"BreadcrumbList","@id":"https:\/\/lunatools.test.consids5.se\/no\/product\/presisjonsvater-luna-lhs-180\/#breadcrumb","itemListElement":[{"@type":"ListItem","position":1,"name":"Home","item":"https:\/\/lunatools.test.consids5.se\/no\/"},{"@type":"ListItem","position":2,"name":"Products","item":"https:\/\/lunatools.test.consids5.se\/en\/shop\/"},{"@type":"ListItem","position":3,"name":"PRESISJONSVATER LUNA LHS 180"}]},{"@type":"WebSite","@id":"https:\/\/lunatools.test.consids5.se\/en\/#website","url":"https:\/\/lunatools.test.consids5.se\/en\/","name":"Luna tools","description":"","publisher":{"@id":"https:\/\/lunatools.test.consids5.se\/en\/#organization"},"potentialAction":[{"@type":"SearchAction","target":{"@type":"EntryPoint","urlTemplate":"https:\/\/lunatools.test.consids5.se\/en\/?s={search_term_string}"},"query-input":"required name=search_term_string"}],"inLanguage":"nb-NO"},{"@type":"Organization","@id":"https:\/\/lunatools.test.consids5.se\/en\/#organization","name":"Luna Tools","url":"https:\/\/lunatools.test.consids5.se\/en\/","logo":{"@type":"ImageObject","inLanguage":"nb-NO","@id":"https:\/\/lunatools.test.consids5.se\/en\/#\/schema\/logo\/image\/","url":"https:\/\/lunatools.com\/wp-content\/uploads\/2019\/10\/LunaTools-gray-logo.png","contentUrl":"https:\/\/lunatools.com\/wp-content\/uploads\/2019\/10\/LunaTools-gray-logo.png","width":795,"height":309,"caption":"Luna Tools"},"image":{"@id":"https:\/\/lunatools.test.consids5.se\/en\/#\/schema\/logo\/image\/"}}]}},"_links":{"self":[{"href":"https:\/\/lunatools.test.consids5.se\/no\/wp-json\/wp\/v2\/product\/60270"}],"collection":[{"href":"https:\/\/lunatools.test.consids5.se\/no\/wp-json\/wp\/v2\/product"}],"about":[{"href":"https:\/\/lunatools.test.consids5.se\/no\/wp-json\/wp\/v2\/types\/product"}],"wp:attachment":[{"href":"https:\/\/lunatools.test.consids5.se\/no\/wp-json\/wp\/v2\/media?parent=60270"}],"wp:term":[{"taxonomy":"product_cat","embeddable":true,"href":"https:\/\/lunatools.test.consids5.se\/no\/wp-json\/wp\/v2\/product_cat?post=60270"},{"taxonomy":"product_tag","embeddable":true,"href":"https:\/\/lunatools.test.consids5.se\/no\/wp-json\/wp\/v2\/product_tag?post=60270"}],"curies":[{"name":"wp","href":"https:\/\/api.w.org\/{rel}","templated":true}]}}