{"id":6378,"date":"2021-11-04T00:50:25","date_gmt":"2021-11-04T00:50:25","guid":{"rendered":"https:\/\/lunatools.com\/product\/kopieringsring-55x85\/"},"modified":"2021-11-04T00:50:25","modified_gmt":"2021-11-04T00:50:25","slug":"kopieringsring-55x85","status":"publish","type":"product","link":"https:\/\/lunatools.test.consids5.se\/no\/product\/kopieringsring-55x85\/","title":{"rendered":"KOPIERINGSRING 55X85"},"content":{"rendered":"<p>Kulelager. Kompletteres med utbyttbare kopieringsringer i ulike diametere. Beregnet for fresing med mall. Ogs\u00e5 sett p\u00e5 5 stk kopieringsringer (og et kulelager) i ulike st\u00f8rrelser.<\/p>\n","protected":false},"excerpt":{"rendered":"Kulelager. Kompletteres med utbyttbare kopieringsringer i ulike diametere. Beregnet for fresing med mall. Ogs\u00e5 sett p\u00e5 5 stk kopieringsringer (og et kulelager) i ulike st\u00f8rrelser.","protected":false},"featured_media":45463,"template":"","meta":{"_acf_changed":false},"product_cat":[169,289],"product_tag":[],"class_list":{"0":"post-6378","1":"product","2":"type-product","3":"status-publish","4":"has-post-thumbnail","6":"product_cat-freseverktoy-og-hovelstal-no","7":"product_cat-kopieringsringer-no","9":"first","10":"instock","11":"shipping-taxable","12":"product-type-simple"},"acf":[],"yoast_head":"<!-- This site is optimized with the Yoast SEO plugin v23.2 - https:\/\/yoast.com\/wordpress\/plugins\/seo\/ -->\n<title>KOPIERINGSRING 55X85 - Luna tools<\/title>\n<meta name=\"robots\" content=\"index, follow, max-snippet:-1, max-image-preview:large, max-video-preview:-1\" \/>\n<link rel=\"canonical\" href=\"https:\/\/lunatools.test.consids5.se\/no\/product\/kopieringsring-55x85\/\" \/>\n<meta property=\"og:locale\" content=\"nb_NO\" \/>\n<meta property=\"og:type\" content=\"article\" \/>\n<meta property=\"og:title\" content=\"KOPIERINGSRING 55X85 - Luna tools\" \/>\n<meta property=\"og:description\" content=\"Kulelager. Kompletteres med utbyttbare kopieringsringer i ulike diametere. Beregnet for fresing med mall. Ogs\u00e5 sett p\u00e5 5 stk kopieringsringer (og et kulelager) i ulike st\u00f8rrelser.\" \/>\n<meta property=\"og:url\" content=\"https:\/\/lunatools.test.consids5.se\/no\/product\/kopieringsring-55x85\/\" \/>\n<meta property=\"og:site_name\" content=\"Luna tools\" \/>\n<meta property=\"og:image\" content=\"https:\/\/lunatools.test.consids5.se\/wp-content\/uploads\/2021\/03\/863683-4.jpg\" \/>\n\t<meta property=\"og:image:width\" content=\"1181\" \/>\n\t<meta property=\"og:image:height\" content=\"1192\" \/>\n\t<meta property=\"og:image:type\" content=\"image\/jpeg\" \/>\n<script type=\"application\/ld+json\" class=\"yoast-schema-graph\">{\"@context\":\"https:\/\/schema.org\",\"@graph\":[{\"@type\":\"WebPage\",\"@id\":\"https:\/\/lunatools.test.consids5.se\/no\/product\/kopieringsring-55x85\/\",\"url\":\"https:\/\/lunatools.test.consids5.se\/no\/product\/kopieringsring-55x85\/\",\"name\":\"KOPIERINGSRING 55X85 - Luna tools\",\"isPartOf\":{\"@id\":\"https:\/\/lunatools.test.consids5.se\/en\/#website\"},\"primaryImageOfPage\":{\"@id\":\"https:\/\/lunatools.test.consids5.se\/no\/product\/kopieringsring-55x85\/#primaryimage\"},\"image\":{\"@id\":\"https:\/\/lunatools.test.consids5.se\/no\/product\/kopieringsring-55x85\/#primaryimage\"},\"thumbnailUrl\":\"https:\/\/lunatools.test.consids5.se\/wp-content\/uploads\/2021\/03\/863683-4.jpg\",\"datePublished\":\"2021-11-04T00:50:25+00:00\",\"dateModified\":\"2021-11-04T00:50:25+00:00\",\"breadcrumb\":{\"@id\":\"https:\/\/lunatools.test.consids5.se\/no\/product\/kopieringsring-55x85\/#breadcrumb\"},\"inLanguage\":\"nb-NO\",\"potentialAction\":[{\"@type\":\"ReadAction\",\"target\":[\"https:\/\/lunatools.test.consids5.se\/no\/product\/kopieringsring-55x85\/\"]}]},{\"@type\":\"ImageObject\",\"inLanguage\":\"nb-NO\",\"@id\":\"https:\/\/lunatools.test.consids5.se\/no\/product\/kopieringsring-55x85\/#primaryimage\",\"url\":\"https:\/\/lunatools.test.consids5.se\/wp-content\/uploads\/2021\/03\/863683-4.jpg\",\"contentUrl\":\"https:\/\/lunatools.test.consids5.se\/wp-content\/uploads\/2021\/03\/863683-4.jpg\",\"width\":1181,\"height\":1192},{\"@type\":\"BreadcrumbList\",\"@id\":\"https:\/\/lunatools.test.consids5.se\/no\/product\/kopieringsring-55x85\/#breadcrumb\",\"itemListElement\":[{\"@type\":\"ListItem\",\"position\":1,\"name\":\"Home\",\"item\":\"https:\/\/lunatools.test.consids5.se\/no\/\"},{\"@type\":\"ListItem\",\"position\":2,\"name\":\"Products\",\"item\":\"https:\/\/lunatools.test.consids5.se\/en\/shop\/\"},{\"@type\":\"ListItem\",\"position\":3,\"name\":\"KOPIERINGSRING 55X85\"}]},{\"@type\":\"WebSite\",\"@id\":\"https:\/\/lunatools.test.consids5.se\/en\/#website\",\"url\":\"https:\/\/lunatools.test.consids5.se\/en\/\",\"name\":\"Luna tools\",\"description\":\"\",\"publisher\":{\"@id\":\"https:\/\/lunatools.test.consids5.se\/en\/#organization\"},\"potentialAction\":[{\"@type\":\"SearchAction\",\"target\":{\"@type\":\"EntryPoint\",\"urlTemplate\":\"https:\/\/lunatools.test.consids5.se\/en\/?s={search_term_string}\"},\"query-input\":\"required name=search_term_string\"}],\"inLanguage\":\"nb-NO\"},{\"@type\":\"Organization\",\"@id\":\"https:\/\/lunatools.test.consids5.se\/en\/#organization\",\"name\":\"Luna Tools\",\"url\":\"https:\/\/lunatools.test.consids5.se\/en\/\",\"logo\":{\"@type\":\"ImageObject\",\"inLanguage\":\"nb-NO\",\"@id\":\"https:\/\/lunatools.test.consids5.se\/en\/#\/schema\/logo\/image\/\",\"url\":\"https:\/\/lunatools.com\/wp-content\/uploads\/2019\/10\/LunaTools-gray-logo.png\",\"contentUrl\":\"https:\/\/lunatools.com\/wp-content\/uploads\/2019\/10\/LunaTools-gray-logo.png\",\"width\":795,\"height\":309,\"caption\":\"Luna Tools\"},\"image\":{\"@id\":\"https:\/\/lunatools.test.consids5.se\/en\/#\/schema\/logo\/image\/\"}}]}<\/script>\n<!-- \/ Yoast SEO plugin. -->","yoast_head_json":{"title":"KOPIERINGSRING 55X85 - Luna tools","robots":{"index":"index","follow":"follow","max-snippet":"max-snippet:-1","max-image-preview":"max-image-preview:large","max-video-preview":"max-video-preview:-1"},"canonical":"https:\/\/lunatools.test.consids5.se\/no\/product\/kopieringsring-55x85\/","og_locale":"nb_NO","og_type":"article","og_title":"KOPIERINGSRING 55X85 - Luna tools","og_description":"Kulelager. Kompletteres med utbyttbare kopieringsringer i ulike diametere. Beregnet for fresing med mall. Ogs\u00e5 sett p\u00e5 5 stk kopieringsringer (og et kulelager) i ulike st\u00f8rrelser.","og_url":"https:\/\/lunatools.test.consids5.se\/no\/product\/kopieringsring-55x85\/","og_site_name":"Luna tools","og_image":[{"width":1181,"height":1192,"url":"https:\/\/lunatools.test.consids5.se\/wp-content\/uploads\/2021\/03\/863683-4.jpg","type":"image\/jpeg"}],"schema":{"@context":"https:\/\/schema.org","@graph":[{"@type":"WebPage","@id":"https:\/\/lunatools.test.consids5.se\/no\/product\/kopieringsring-55x85\/","url":"https:\/\/lunatools.test.consids5.se\/no\/product\/kopieringsring-55x85\/","name":"KOPIERINGSRING 55X85 - Luna tools","isPartOf":{"@id":"https:\/\/lunatools.test.consids5.se\/en\/#website"},"primaryImageOfPage":{"@id":"https:\/\/lunatools.test.consids5.se\/no\/product\/kopieringsring-55x85\/#primaryimage"},"image":{"@id":"https:\/\/lunatools.test.consids5.se\/no\/product\/kopieringsring-55x85\/#primaryimage"},"thumbnailUrl":"https:\/\/lunatools.test.consids5.se\/wp-content\/uploads\/2021\/03\/863683-4.jpg","datePublished":"2021-11-04T00:50:25+00:00","dateModified":"2021-11-04T00:50:25+00:00","breadcrumb":{"@id":"https:\/\/lunatools.test.consids5.se\/no\/product\/kopieringsring-55x85\/#breadcrumb"},"inLanguage":"nb-NO","potentialAction":[{"@type":"ReadAction","target":["https:\/\/lunatools.test.consids5.se\/no\/product\/kopieringsring-55x85\/"]}]},{"@type":"ImageObject","inLanguage":"nb-NO","@id":"https:\/\/lunatools.test.consids5.se\/no\/product\/kopieringsring-55x85\/#primaryimage","url":"https:\/\/lunatools.test.consids5.se\/wp-content\/uploads\/2021\/03\/863683-4.jpg","contentUrl":"https:\/\/lunatools.test.consids5.se\/wp-content\/uploads\/2021\/03\/863683-4.jpg","width":1181,"height":1192},{"@type":"BreadcrumbList","@id":"https:\/\/lunatools.test.consids5.se\/no\/product\/kopieringsring-55x85\/#breadcrumb","itemListElement":[{"@type":"ListItem","position":1,"name":"Home","item":"https:\/\/lunatools.test.consids5.se\/no\/"},{"@type":"ListItem","position":2,"name":"Products","item":"https:\/\/lunatools.test.consids5.se\/en\/shop\/"},{"@type":"ListItem","position":3,"name":"KOPIERINGSRING 55X85"}]},{"@type":"WebSite","@id":"https:\/\/lunatools.test.consids5.se\/en\/#website","url":"https:\/\/lunatools.test.consids5.se\/en\/","name":"Luna tools","description":"","publisher":{"@id":"https:\/\/lunatools.test.consids5.se\/en\/#organization"},"potentialAction":[{"@type":"SearchAction","target":{"@type":"EntryPoint","urlTemplate":"https:\/\/lunatools.test.consids5.se\/en\/?s={search_term_string}"},"query-input":"required name=search_term_string"}],"inLanguage":"nb-NO"},{"@type":"Organization","@id":"https:\/\/lunatools.test.consids5.se\/en\/#organization","name":"Luna Tools","url":"https:\/\/lunatools.test.consids5.se\/en\/","logo":{"@type":"ImageObject","inLanguage":"nb-NO","@id":"https:\/\/lunatools.test.consids5.se\/en\/#\/schema\/logo\/image\/","url":"https:\/\/lunatools.com\/wp-content\/uploads\/2019\/10\/LunaTools-gray-logo.png","contentUrl":"https:\/\/lunatools.com\/wp-content\/uploads\/2019\/10\/LunaTools-gray-logo.png","width":795,"height":309,"caption":"Luna Tools"},"image":{"@id":"https:\/\/lunatools.test.consids5.se\/en\/#\/schema\/logo\/image\/"}}]}},"_links":{"self":[{"href":"https:\/\/lunatools.test.consids5.se\/no\/wp-json\/wp\/v2\/product\/6378"}],"collection":[{"href":"https:\/\/lunatools.test.consids5.se\/no\/wp-json\/wp\/v2\/product"}],"about":[{"href":"https:\/\/lunatools.test.consids5.se\/no\/wp-json\/wp\/v2\/types\/product"}],"wp:featuredmedia":[{"embeddable":true,"href":"https:\/\/lunatools.test.consids5.se\/no\/wp-json\/wp\/v2\/media\/45463"}],"wp:attachment":[{"href":"https:\/\/lunatools.test.consids5.se\/no\/wp-json\/wp\/v2\/media?parent=6378"}],"wp:term":[{"taxonomy":"product_cat","embeddable":true,"href":"https:\/\/lunatools.test.consids5.se\/no\/wp-json\/wp\/v2\/product_cat?post=6378"},{"taxonomy":"product_tag","embeddable":true,"href":"https:\/\/lunatools.test.consids5.se\/no\/wp-json\/wp\/v2\/product_tag?post=6378"}],"curies":[{"name":"wp","href":"https:\/\/api.w.org\/{rel}","templated":true}]}}