{"id":7897,"date":"2021-05-30T01:35:02","date_gmt":"2021-05-30T01:35:02","guid":{"rendered":"https:\/\/lunatools.com\/product\/bandsagblad-6x1840-profilsli\/"},"modified":"2021-05-30T01:35:02","modified_gmt":"2021-05-30T01:35:02","slug":"bandsagblad-6x1840-profilsli","status":"publish","type":"product","link":"https:\/\/lunatools.test.consids5.se\/no\/product\/bandsagblad-6x1840-profilsli\/","title":{"rendered":"B\u00c5NDSAGBLAD 6X1840 PROFILSLI"},"content":{"rendered":"<p>Tynna. Ekstra kvalitet med profilslipte tenner. Tannspissherdet. Spesialprofil for arbeid i myke metaller, sponplater, plast, laminat, b\u00f8k, eik og andre harde treslag. Av herdet b\u00e5ndst\u00e5l.<br \/>\nLeveres avrettet og ferdigskj\u00f8tet. Vikkingen er av type venstre\/h\u00f8yre.<\/p>\n","protected":false},"excerpt":{"rendered":"Tynna. Ekstra kvalitet med profilslipte tenner. Tannspissherdet. Spesialprofil for arbeid i myke metaller, sponplater, plast, laminat, b\u00f8k, eik og andre harde treslag. Av herdet b\u00e5ndst\u00e5l. Leveres avrettet og ferdigskj\u00f8tet. Vikkingen er av type venstre\/h\u00f8yre.","protected":false},"featured_media":58626,"template":"","meta":{"_acf_changed":false},"product_cat":[256,178],"product_tag":[],"class_list":{"0":"post-7897","1":"product","2":"type-product","3":"status-publish","4":"has-post-thumbnail","6":"product_cat-bandsagblad-no","7":"product_cat-sagblad-no","9":"first","10":"instock","11":"shipping-taxable","12":"product-type-simple"},"acf":[],"yoast_head":"<!-- This site is optimized with the Yoast SEO plugin v23.2 - https:\/\/yoast.com\/wordpress\/plugins\/seo\/ -->\n<title>B\u00c5NDSAGBLAD 6X1840 PROFILSLI - Luna tools<\/title>\n<meta name=\"robots\" content=\"index, follow, max-snippet:-1, max-image-preview:large, max-video-preview:-1\" \/>\n<link rel=\"canonical\" href=\"https:\/\/lunatools.test.consids5.se\/no\/product\/bandsagblad-6x1840-profilsli\/\" \/>\n<meta property=\"og:locale\" content=\"nb_NO\" \/>\n<meta property=\"og:type\" content=\"article\" \/>\n<meta property=\"og:title\" content=\"B\u00c5NDSAGBLAD 6X1840 PROFILSLI - Luna tools\" \/>\n<meta property=\"og:description\" content=\"Tynna. Ekstra kvalitet med profilslipte tenner. Tannspissherdet. Spesialprofil for arbeid i myke metaller, sponplater, plast, laminat, b\u00f8k, eik og andre harde treslag. Av herdet b\u00e5ndst\u00e5l. Leveres avrettet og ferdigskj\u00f8tet. Vikkingen er av type venstre\/h\u00f8yre.\" \/>\n<meta property=\"og:url\" content=\"https:\/\/lunatools.test.consids5.se\/no\/product\/bandsagblad-6x1840-profilsli\/\" \/>\n<meta property=\"og:site_name\" content=\"Luna tools\" \/>\n<meta property=\"og:image\" content=\"https:\/\/lunatools.test.consids5.se\/wp-content\/uploads\/2021\/03\/850734-483.jpg\" \/>\n\t<meta property=\"og:image:width\" content=\"1400\" \/>\n\t<meta property=\"og:image:height\" content=\"1054\" \/>\n\t<meta property=\"og:image:type\" content=\"image\/jpeg\" \/>\n<script type=\"application\/ld+json\" class=\"yoast-schema-graph\">{\"@context\":\"https:\/\/schema.org\",\"@graph\":[{\"@type\":\"WebPage\",\"@id\":\"https:\/\/lunatools.test.consids5.se\/no\/product\/bandsagblad-6x1840-profilsli\/\",\"url\":\"https:\/\/lunatools.test.consids5.se\/no\/product\/bandsagblad-6x1840-profilsli\/\",\"name\":\"B\u00c5NDSAGBLAD 6X1840 PROFILSLI - Luna tools\",\"isPartOf\":{\"@id\":\"https:\/\/lunatools.test.consids5.se\/en\/#website\"},\"primaryImageOfPage\":{\"@id\":\"https:\/\/lunatools.test.consids5.se\/no\/product\/bandsagblad-6x1840-profilsli\/#primaryimage\"},\"image\":{\"@id\":\"https:\/\/lunatools.test.consids5.se\/no\/product\/bandsagblad-6x1840-profilsli\/#primaryimage\"},\"thumbnailUrl\":\"https:\/\/lunatools.test.consids5.se\/wp-content\/uploads\/2021\/03\/850734-483.jpg\",\"datePublished\":\"2021-05-30T01:35:02+00:00\",\"dateModified\":\"2021-05-30T01:35:02+00:00\",\"breadcrumb\":{\"@id\":\"https:\/\/lunatools.test.consids5.se\/no\/product\/bandsagblad-6x1840-profilsli\/#breadcrumb\"},\"inLanguage\":\"nb-NO\",\"potentialAction\":[{\"@type\":\"ReadAction\",\"target\":[\"https:\/\/lunatools.test.consids5.se\/no\/product\/bandsagblad-6x1840-profilsli\/\"]}]},{\"@type\":\"ImageObject\",\"inLanguage\":\"nb-NO\",\"@id\":\"https:\/\/lunatools.test.consids5.se\/no\/product\/bandsagblad-6x1840-profilsli\/#primaryimage\",\"url\":\"https:\/\/lunatools.test.consids5.se\/wp-content\/uploads\/2021\/03\/850734-483.jpg\",\"contentUrl\":\"https:\/\/lunatools.test.consids5.se\/wp-content\/uploads\/2021\/03\/850734-483.jpg\",\"width\":1400,\"height\":1054},{\"@type\":\"BreadcrumbList\",\"@id\":\"https:\/\/lunatools.test.consids5.se\/no\/product\/bandsagblad-6x1840-profilsli\/#breadcrumb\",\"itemListElement\":[{\"@type\":\"ListItem\",\"position\":1,\"name\":\"Home\",\"item\":\"https:\/\/lunatools.test.consids5.se\/no\/\"},{\"@type\":\"ListItem\",\"position\":2,\"name\":\"Products\",\"item\":\"https:\/\/lunatools.test.consids5.se\/en\/shop\/\"},{\"@type\":\"ListItem\",\"position\":3,\"name\":\"B\u00c5NDSAGBLAD 6X1840 PROFILSLI\"}]},{\"@type\":\"WebSite\",\"@id\":\"https:\/\/lunatools.test.consids5.se\/en\/#website\",\"url\":\"https:\/\/lunatools.test.consids5.se\/en\/\",\"name\":\"Luna tools\",\"description\":\"\",\"publisher\":{\"@id\":\"https:\/\/lunatools.test.consids5.se\/en\/#organization\"},\"potentialAction\":[{\"@type\":\"SearchAction\",\"target\":{\"@type\":\"EntryPoint\",\"urlTemplate\":\"https:\/\/lunatools.test.consids5.se\/en\/?s={search_term_string}\"},\"query-input\":\"required name=search_term_string\"}],\"inLanguage\":\"nb-NO\"},{\"@type\":\"Organization\",\"@id\":\"https:\/\/lunatools.test.consids5.se\/en\/#organization\",\"name\":\"Luna Tools\",\"url\":\"https:\/\/lunatools.test.consids5.se\/en\/\",\"logo\":{\"@type\":\"ImageObject\",\"inLanguage\":\"nb-NO\",\"@id\":\"https:\/\/lunatools.test.consids5.se\/en\/#\/schema\/logo\/image\/\",\"url\":\"https:\/\/lunatools.com\/wp-content\/uploads\/2019\/10\/LunaTools-gray-logo.png\",\"contentUrl\":\"https:\/\/lunatools.com\/wp-content\/uploads\/2019\/10\/LunaTools-gray-logo.png\",\"width\":795,\"height\":309,\"caption\":\"Luna Tools\"},\"image\":{\"@id\":\"https:\/\/lunatools.test.consids5.se\/en\/#\/schema\/logo\/image\/\"}}]}<\/script>\n<!-- \/ Yoast SEO plugin. -->","yoast_head_json":{"title":"B\u00c5NDSAGBLAD 6X1840 PROFILSLI - Luna tools","robots":{"index":"index","follow":"follow","max-snippet":"max-snippet:-1","max-image-preview":"max-image-preview:large","max-video-preview":"max-video-preview:-1"},"canonical":"https:\/\/lunatools.test.consids5.se\/no\/product\/bandsagblad-6x1840-profilsli\/","og_locale":"nb_NO","og_type":"article","og_title":"B\u00c5NDSAGBLAD 6X1840 PROFILSLI - Luna tools","og_description":"Tynna. Ekstra kvalitet med profilslipte tenner. Tannspissherdet. Spesialprofil for arbeid i myke metaller, sponplater, plast, laminat, b\u00f8k, eik og andre harde treslag. Av herdet b\u00e5ndst\u00e5l. Leveres avrettet og ferdigskj\u00f8tet. Vikkingen er av type venstre\/h\u00f8yre.","og_url":"https:\/\/lunatools.test.consids5.se\/no\/product\/bandsagblad-6x1840-profilsli\/","og_site_name":"Luna tools","og_image":[{"width":1400,"height":1054,"url":"https:\/\/lunatools.test.consids5.se\/wp-content\/uploads\/2021\/03\/850734-483.jpg","type":"image\/jpeg"}],"schema":{"@context":"https:\/\/schema.org","@graph":[{"@type":"WebPage","@id":"https:\/\/lunatools.test.consids5.se\/no\/product\/bandsagblad-6x1840-profilsli\/","url":"https:\/\/lunatools.test.consids5.se\/no\/product\/bandsagblad-6x1840-profilsli\/","name":"B\u00c5NDSAGBLAD 6X1840 PROFILSLI - Luna tools","isPartOf":{"@id":"https:\/\/lunatools.test.consids5.se\/en\/#website"},"primaryImageOfPage":{"@id":"https:\/\/lunatools.test.consids5.se\/no\/product\/bandsagblad-6x1840-profilsli\/#primaryimage"},"image":{"@id":"https:\/\/lunatools.test.consids5.se\/no\/product\/bandsagblad-6x1840-profilsli\/#primaryimage"},"thumbnailUrl":"https:\/\/lunatools.test.consids5.se\/wp-content\/uploads\/2021\/03\/850734-483.jpg","datePublished":"2021-05-30T01:35:02+00:00","dateModified":"2021-05-30T01:35:02+00:00","breadcrumb":{"@id":"https:\/\/lunatools.test.consids5.se\/no\/product\/bandsagblad-6x1840-profilsli\/#breadcrumb"},"inLanguage":"nb-NO","potentialAction":[{"@type":"ReadAction","target":["https:\/\/lunatools.test.consids5.se\/no\/product\/bandsagblad-6x1840-profilsli\/"]}]},{"@type":"ImageObject","inLanguage":"nb-NO","@id":"https:\/\/lunatools.test.consids5.se\/no\/product\/bandsagblad-6x1840-profilsli\/#primaryimage","url":"https:\/\/lunatools.test.consids5.se\/wp-content\/uploads\/2021\/03\/850734-483.jpg","contentUrl":"https:\/\/lunatools.test.consids5.se\/wp-content\/uploads\/2021\/03\/850734-483.jpg","width":1400,"height":1054},{"@type":"BreadcrumbList","@id":"https:\/\/lunatools.test.consids5.se\/no\/product\/bandsagblad-6x1840-profilsli\/#breadcrumb","itemListElement":[{"@type":"ListItem","position":1,"name":"Home","item":"https:\/\/lunatools.test.consids5.se\/no\/"},{"@type":"ListItem","position":2,"name":"Products","item":"https:\/\/lunatools.test.consids5.se\/en\/shop\/"},{"@type":"ListItem","position":3,"name":"B\u00c5NDSAGBLAD 6X1840 PROFILSLI"}]},{"@type":"WebSite","@id":"https:\/\/lunatools.test.consids5.se\/en\/#website","url":"https:\/\/lunatools.test.consids5.se\/en\/","name":"Luna tools","description":"","publisher":{"@id":"https:\/\/lunatools.test.consids5.se\/en\/#organization"},"potentialAction":[{"@type":"SearchAction","target":{"@type":"EntryPoint","urlTemplate":"https:\/\/lunatools.test.consids5.se\/en\/?s={search_term_string}"},"query-input":"required name=search_term_string"}],"inLanguage":"nb-NO"},{"@type":"Organization","@id":"https:\/\/lunatools.test.consids5.se\/en\/#organization","name":"Luna Tools","url":"https:\/\/lunatools.test.consids5.se\/en\/","logo":{"@type":"ImageObject","inLanguage":"nb-NO","@id":"https:\/\/lunatools.test.consids5.se\/en\/#\/schema\/logo\/image\/","url":"https:\/\/lunatools.com\/wp-content\/uploads\/2019\/10\/LunaTools-gray-logo.png","contentUrl":"https:\/\/lunatools.com\/wp-content\/uploads\/2019\/10\/LunaTools-gray-logo.png","width":795,"height":309,"caption":"Luna Tools"},"image":{"@id":"https:\/\/lunatools.test.consids5.se\/en\/#\/schema\/logo\/image\/"}}]}},"_links":{"self":[{"href":"https:\/\/lunatools.test.consids5.se\/no\/wp-json\/wp\/v2\/product\/7897"}],"collection":[{"href":"https:\/\/lunatools.test.consids5.se\/no\/wp-json\/wp\/v2\/product"}],"about":[{"href":"https:\/\/lunatools.test.consids5.se\/no\/wp-json\/wp\/v2\/types\/product"}],"wp:featuredmedia":[{"embeddable":true,"href":"https:\/\/lunatools.test.consids5.se\/no\/wp-json\/wp\/v2\/media\/58626"}],"wp:attachment":[{"href":"https:\/\/lunatools.test.consids5.se\/no\/wp-json\/wp\/v2\/media?parent=7897"}],"wp:term":[{"taxonomy":"product_cat","embeddable":true,"href":"https:\/\/lunatools.test.consids5.se\/no\/wp-json\/wp\/v2\/product_cat?post=7897"},{"taxonomy":"product_tag","embeddable":true,"href":"https:\/\/lunatools.test.consids5.se\/no\/wp-json\/wp\/v2\/product_tag?post=7897"}],"curies":[{"name":"wp","href":"https:\/\/api.w.org\/{rel}","templated":true}]}}