{"id":8447,"date":"2021-11-04T01:45:06","date_gmt":"2021-11-04T01:45:06","guid":{"rendered":"https:\/\/lunatools.com\/product\/segmentsagblad-sl-bim\/"},"modified":"2021-11-04T01:45:06","modified_gmt":"2021-11-04T01:45:06","slug":"segmentsagblad-sl-bim","status":"publish","type":"product","link":"https:\/\/lunatools.test.consids5.se\/no\/product\/segmentsagblad-sl-bim\/","title":{"rendered":"SEGMENTSAGBLAD SL BIM"},"content":{"rendered":"<p>Segmentsagblad av bimetall, passer til maskiner med Starlock innfesting, Starlock Max innfesting og Starlock Plus innfesting. Bakoverkompatibel med de fleste multi-cutter maskiner p\u00e5 markedet. For bearbeiding av tre, kryssfin\u00e9r, laminat, platematerialer og myke metaller. Egnet for saging av f.eks. lister og d\u00f8rforinger. Sagbladet har frittst\u00e5ende tenner for \u00e5 forhindre brennmerker og klyping av materialer.<\/p>\n","protected":false},"excerpt":{"rendered":"Segmentsagblad av bimetall, passer til maskiner med Starlock innfesting, Starlock Max innfesting og Starlock Plus innfesting. Bakoverkompatibel med de fleste multi-cutter maskiner p\u00e5 markedet. For bearbeiding av tre, kryssfin\u00e9r, laminat, platematerialer og myke metaller. Egnet for saging av f.eks. lister og d\u00f8rforinger. Sagbladet har frittst\u00e5ende tenner for \u00e5 forhindre brennmerker og klyping av materialer.","protected":false},"featured_media":0,"template":"","meta":{"_acf_changed":false},"product_cat":[283,335],"product_tag":[],"class_list":{"0":"post-8447","1":"product","2":"type-product","3":"status-publish","5":"product_cat-multiverktoy-no","6":"product_cat-segmentsagblader-no","8":"first","9":"instock","10":"shipping-taxable","11":"product-type-simple"},"acf":[],"yoast_head":"<!-- This site is optimized with the Yoast SEO plugin v23.2 - https:\/\/yoast.com\/wordpress\/plugins\/seo\/ -->\n<title>SEGMENTSAGBLAD SL BIM - Luna tools<\/title>\n<meta name=\"robots\" content=\"index, follow, max-snippet:-1, max-image-preview:large, max-video-preview:-1\" \/>\n<link rel=\"canonical\" href=\"https:\/\/lunatools.test.consids5.se\/no\/product\/segmentsagblad-sl-bim\/\" \/>\n<meta property=\"og:locale\" content=\"nb_NO\" \/>\n<meta property=\"og:type\" content=\"article\" \/>\n<meta property=\"og:title\" content=\"SEGMENTSAGBLAD SL BIM - Luna tools\" \/>\n<meta property=\"og:description\" content=\"Segmentsagblad av bimetall, passer til maskiner med Starlock innfesting, Starlock Max innfesting og Starlock Plus innfesting. Bakoverkompatibel med de fleste multi-cutter maskiner p\u00e5 markedet. For bearbeiding av tre, kryssfin\u00e9r, laminat, platematerialer og myke metaller. Egnet for saging av f.eks. lister og d\u00f8rforinger. Sagbladet har frittst\u00e5ende tenner for \u00e5 forhindre brennmerker og klyping av materialer.\" \/>\n<meta property=\"og:url\" content=\"https:\/\/lunatools.test.consids5.se\/no\/product\/segmentsagblad-sl-bim\/\" \/>\n<meta property=\"og:site_name\" content=\"Luna tools\" \/>\n<script type=\"application\/ld+json\" class=\"yoast-schema-graph\">{\"@context\":\"https:\/\/schema.org\",\"@graph\":[{\"@type\":\"WebPage\",\"@id\":\"https:\/\/lunatools.test.consids5.se\/no\/product\/segmentsagblad-sl-bim\/\",\"url\":\"https:\/\/lunatools.test.consids5.se\/no\/product\/segmentsagblad-sl-bim\/\",\"name\":\"SEGMENTSAGBLAD SL BIM - Luna tools\",\"isPartOf\":{\"@id\":\"https:\/\/lunatools.test.consids5.se\/en\/#website\"},\"datePublished\":\"2021-11-04T01:45:06+00:00\",\"dateModified\":\"2021-11-04T01:45:06+00:00\",\"breadcrumb\":{\"@id\":\"https:\/\/lunatools.test.consids5.se\/no\/product\/segmentsagblad-sl-bim\/#breadcrumb\"},\"inLanguage\":\"nb-NO\",\"potentialAction\":[{\"@type\":\"ReadAction\",\"target\":[\"https:\/\/lunatools.test.consids5.se\/no\/product\/segmentsagblad-sl-bim\/\"]}]},{\"@type\":\"BreadcrumbList\",\"@id\":\"https:\/\/lunatools.test.consids5.se\/no\/product\/segmentsagblad-sl-bim\/#breadcrumb\",\"itemListElement\":[{\"@type\":\"ListItem\",\"position\":1,\"name\":\"Home\",\"item\":\"https:\/\/lunatools.test.consids5.se\/no\/\"},{\"@type\":\"ListItem\",\"position\":2,\"name\":\"Products\",\"item\":\"https:\/\/lunatools.test.consids5.se\/en\/shop\/\"},{\"@type\":\"ListItem\",\"position\":3,\"name\":\"SEGMENTSAGBLAD SL BIM\"}]},{\"@type\":\"WebSite\",\"@id\":\"https:\/\/lunatools.test.consids5.se\/en\/#website\",\"url\":\"https:\/\/lunatools.test.consids5.se\/en\/\",\"name\":\"Luna tools\",\"description\":\"\",\"publisher\":{\"@id\":\"https:\/\/lunatools.test.consids5.se\/en\/#organization\"},\"potentialAction\":[{\"@type\":\"SearchAction\",\"target\":{\"@type\":\"EntryPoint\",\"urlTemplate\":\"https:\/\/lunatools.test.consids5.se\/en\/?s={search_term_string}\"},\"query-input\":\"required name=search_term_string\"}],\"inLanguage\":\"nb-NO\"},{\"@type\":\"Organization\",\"@id\":\"https:\/\/lunatools.test.consids5.se\/en\/#organization\",\"name\":\"Luna Tools\",\"url\":\"https:\/\/lunatools.test.consids5.se\/en\/\",\"logo\":{\"@type\":\"ImageObject\",\"inLanguage\":\"nb-NO\",\"@id\":\"https:\/\/lunatools.test.consids5.se\/en\/#\/schema\/logo\/image\/\",\"url\":\"https:\/\/lunatools.com\/wp-content\/uploads\/2019\/10\/LunaTools-gray-logo.png\",\"contentUrl\":\"https:\/\/lunatools.com\/wp-content\/uploads\/2019\/10\/LunaTools-gray-logo.png\",\"width\":795,\"height\":309,\"caption\":\"Luna Tools\"},\"image\":{\"@id\":\"https:\/\/lunatools.test.consids5.se\/en\/#\/schema\/logo\/image\/\"}}]}<\/script>\n<!-- \/ Yoast SEO plugin. -->","yoast_head_json":{"title":"SEGMENTSAGBLAD SL BIM - Luna tools","robots":{"index":"index","follow":"follow","max-snippet":"max-snippet:-1","max-image-preview":"max-image-preview:large","max-video-preview":"max-video-preview:-1"},"canonical":"https:\/\/lunatools.test.consids5.se\/no\/product\/segmentsagblad-sl-bim\/","og_locale":"nb_NO","og_type":"article","og_title":"SEGMENTSAGBLAD SL BIM - Luna tools","og_description":"Segmentsagblad av bimetall, passer til maskiner med Starlock innfesting, Starlock Max innfesting og Starlock Plus innfesting. Bakoverkompatibel med de fleste multi-cutter maskiner p\u00e5 markedet. For bearbeiding av tre, kryssfin\u00e9r, laminat, platematerialer og myke metaller. Egnet for saging av f.eks. lister og d\u00f8rforinger. Sagbladet har frittst\u00e5ende tenner for \u00e5 forhindre brennmerker og klyping av materialer.","og_url":"https:\/\/lunatools.test.consids5.se\/no\/product\/segmentsagblad-sl-bim\/","og_site_name":"Luna tools","schema":{"@context":"https:\/\/schema.org","@graph":[{"@type":"WebPage","@id":"https:\/\/lunatools.test.consids5.se\/no\/product\/segmentsagblad-sl-bim\/","url":"https:\/\/lunatools.test.consids5.se\/no\/product\/segmentsagblad-sl-bim\/","name":"SEGMENTSAGBLAD SL BIM - Luna tools","isPartOf":{"@id":"https:\/\/lunatools.test.consids5.se\/en\/#website"},"datePublished":"2021-11-04T01:45:06+00:00","dateModified":"2021-11-04T01:45:06+00:00","breadcrumb":{"@id":"https:\/\/lunatools.test.consids5.se\/no\/product\/segmentsagblad-sl-bim\/#breadcrumb"},"inLanguage":"nb-NO","potentialAction":[{"@type":"ReadAction","target":["https:\/\/lunatools.test.consids5.se\/no\/product\/segmentsagblad-sl-bim\/"]}]},{"@type":"BreadcrumbList","@id":"https:\/\/lunatools.test.consids5.se\/no\/product\/segmentsagblad-sl-bim\/#breadcrumb","itemListElement":[{"@type":"ListItem","position":1,"name":"Home","item":"https:\/\/lunatools.test.consids5.se\/no\/"},{"@type":"ListItem","position":2,"name":"Products","item":"https:\/\/lunatools.test.consids5.se\/en\/shop\/"},{"@type":"ListItem","position":3,"name":"SEGMENTSAGBLAD SL BIM"}]},{"@type":"WebSite","@id":"https:\/\/lunatools.test.consids5.se\/en\/#website","url":"https:\/\/lunatools.test.consids5.se\/en\/","name":"Luna tools","description":"","publisher":{"@id":"https:\/\/lunatools.test.consids5.se\/en\/#organization"},"potentialAction":[{"@type":"SearchAction","target":{"@type":"EntryPoint","urlTemplate":"https:\/\/lunatools.test.consids5.se\/en\/?s={search_term_string}"},"query-input":"required name=search_term_string"}],"inLanguage":"nb-NO"},{"@type":"Organization","@id":"https:\/\/lunatools.test.consids5.se\/en\/#organization","name":"Luna Tools","url":"https:\/\/lunatools.test.consids5.se\/en\/","logo":{"@type":"ImageObject","inLanguage":"nb-NO","@id":"https:\/\/lunatools.test.consids5.se\/en\/#\/schema\/logo\/image\/","url":"https:\/\/lunatools.com\/wp-content\/uploads\/2019\/10\/LunaTools-gray-logo.png","contentUrl":"https:\/\/lunatools.com\/wp-content\/uploads\/2019\/10\/LunaTools-gray-logo.png","width":795,"height":309,"caption":"Luna Tools"},"image":{"@id":"https:\/\/lunatools.test.consids5.se\/en\/#\/schema\/logo\/image\/"}}]}},"_links":{"self":[{"href":"https:\/\/lunatools.test.consids5.se\/no\/wp-json\/wp\/v2\/product\/8447"}],"collection":[{"href":"https:\/\/lunatools.test.consids5.se\/no\/wp-json\/wp\/v2\/product"}],"about":[{"href":"https:\/\/lunatools.test.consids5.se\/no\/wp-json\/wp\/v2\/types\/product"}],"wp:attachment":[{"href":"https:\/\/lunatools.test.consids5.se\/no\/wp-json\/wp\/v2\/media?parent=8447"}],"wp:term":[{"taxonomy":"product_cat","embeddable":true,"href":"https:\/\/lunatools.test.consids5.se\/no\/wp-json\/wp\/v2\/product_cat?post=8447"},{"taxonomy":"product_tag","embeddable":true,"href":"https:\/\/lunatools.test.consids5.se\/no\/wp-json\/wp\/v2\/product_tag?post=8447"}],"curies":[{"name":"wp","href":"https:\/\/api.w.org\/{rel}","templated":true}]}}