{"id":8601,"date":"2021-11-04T01:45:22","date_gmt":"2021-11-04T01:45:22","guid":{"rendered":"https:\/\/lunatools.com\/product\/skrape-slm-66x30mm-hcs\/"},"modified":"2021-11-04T01:45:22","modified_gmt":"2021-11-04T01:45:22","slug":"skrape-slm-66x30mm-hcs","status":"publish","type":"product","link":"https:\/\/lunatools.test.consids5.se\/no\/product\/skrape-slm-66x30mm-hcs\/","title":{"rendered":"SKRAPE SLM 66X30MM HCS"},"content":{"rendered":"<p>Skrape av HCS Passer til maskiner med Starlock Max innfesting. Egnet for \u00e5 ta bort vinduskitt, skj\u00e6re mye materialer som isolering, gummi og tepper. Skj\u00e6rer myke materialer i hj\u00f8rner.<\/p>\n","protected":false},"excerpt":{"rendered":"Skrape av HCS Passer til maskiner med Starlock Max innfesting. Egnet for \u00e5 ta bort vinduskitt, skj\u00e6re mye materialer som isolering, gummi og tepper. Skj\u00e6rer myke materialer i hj\u00f8rner.","protected":false},"featured_media":0,"template":"","meta":{"_acf_changed":false},"product_cat":[283,358],"product_tag":[],"class_list":{"0":"post-8601","1":"product","2":"type-product","3":"status-publish","5":"product_cat-multiverktoy-no","6":"product_cat-skraper-no","8":"first","9":"instock","10":"shipping-taxable","11":"product-type-simple"},"acf":[],"yoast_head":"<!-- This site is optimized with the Yoast SEO plugin v23.2 - https:\/\/yoast.com\/wordpress\/plugins\/seo\/ -->\n<title>SKRAPE SLM 66X30MM HCS - Luna tools<\/title>\n<meta name=\"robots\" content=\"index, follow, max-snippet:-1, max-image-preview:large, max-video-preview:-1\" \/>\n<link rel=\"canonical\" href=\"https:\/\/lunatools.test.consids5.se\/no\/product\/skrape-slm-66x30mm-hcs\/\" \/>\n<meta property=\"og:locale\" content=\"nb_NO\" \/>\n<meta property=\"og:type\" content=\"article\" \/>\n<meta property=\"og:title\" content=\"SKRAPE SLM 66X30MM HCS - Luna tools\" \/>\n<meta property=\"og:description\" content=\"Skrape av HCS Passer til maskiner med Starlock Max innfesting. Egnet for \u00e5 ta bort vinduskitt, skj\u00e6re mye materialer som isolering, gummi og tepper. Skj\u00e6rer myke materialer i hj\u00f8rner.\" \/>\n<meta property=\"og:url\" content=\"https:\/\/lunatools.test.consids5.se\/no\/product\/skrape-slm-66x30mm-hcs\/\" \/>\n<meta property=\"og:site_name\" content=\"Luna tools\" \/>\n<script type=\"application\/ld+json\" class=\"yoast-schema-graph\">{\"@context\":\"https:\/\/schema.org\",\"@graph\":[{\"@type\":\"WebPage\",\"@id\":\"https:\/\/lunatools.test.consids5.se\/no\/product\/skrape-slm-66x30mm-hcs\/\",\"url\":\"https:\/\/lunatools.test.consids5.se\/no\/product\/skrape-slm-66x30mm-hcs\/\",\"name\":\"SKRAPE SLM 66X30MM HCS - Luna tools\",\"isPartOf\":{\"@id\":\"https:\/\/lunatools.test.consids5.se\/en\/#website\"},\"datePublished\":\"2021-11-04T01:45:22+00:00\",\"dateModified\":\"2021-11-04T01:45:22+00:00\",\"breadcrumb\":{\"@id\":\"https:\/\/lunatools.test.consids5.se\/no\/product\/skrape-slm-66x30mm-hcs\/#breadcrumb\"},\"inLanguage\":\"nb-NO\",\"potentialAction\":[{\"@type\":\"ReadAction\",\"target\":[\"https:\/\/lunatools.test.consids5.se\/no\/product\/skrape-slm-66x30mm-hcs\/\"]}]},{\"@type\":\"BreadcrumbList\",\"@id\":\"https:\/\/lunatools.test.consids5.se\/no\/product\/skrape-slm-66x30mm-hcs\/#breadcrumb\",\"itemListElement\":[{\"@type\":\"ListItem\",\"position\":1,\"name\":\"Home\",\"item\":\"https:\/\/lunatools.test.consids5.se\/no\/\"},{\"@type\":\"ListItem\",\"position\":2,\"name\":\"Products\",\"item\":\"https:\/\/lunatools.test.consids5.se\/en\/shop\/\"},{\"@type\":\"ListItem\",\"position\":3,\"name\":\"SKRAPE SLM 66X30MM HCS\"}]},{\"@type\":\"WebSite\",\"@id\":\"https:\/\/lunatools.test.consids5.se\/en\/#website\",\"url\":\"https:\/\/lunatools.test.consids5.se\/en\/\",\"name\":\"Luna tools\",\"description\":\"\",\"publisher\":{\"@id\":\"https:\/\/lunatools.test.consids5.se\/en\/#organization\"},\"potentialAction\":[{\"@type\":\"SearchAction\",\"target\":{\"@type\":\"EntryPoint\",\"urlTemplate\":\"https:\/\/lunatools.test.consids5.se\/en\/?s={search_term_string}\"},\"query-input\":\"required name=search_term_string\"}],\"inLanguage\":\"nb-NO\"},{\"@type\":\"Organization\",\"@id\":\"https:\/\/lunatools.test.consids5.se\/en\/#organization\",\"name\":\"Luna Tools\",\"url\":\"https:\/\/lunatools.test.consids5.se\/en\/\",\"logo\":{\"@type\":\"ImageObject\",\"inLanguage\":\"nb-NO\",\"@id\":\"https:\/\/lunatools.test.consids5.se\/en\/#\/schema\/logo\/image\/\",\"url\":\"https:\/\/lunatools.com\/wp-content\/uploads\/2019\/10\/LunaTools-gray-logo.png\",\"contentUrl\":\"https:\/\/lunatools.com\/wp-content\/uploads\/2019\/10\/LunaTools-gray-logo.png\",\"width\":795,\"height\":309,\"caption\":\"Luna Tools\"},\"image\":{\"@id\":\"https:\/\/lunatools.test.consids5.se\/en\/#\/schema\/logo\/image\/\"}}]}<\/script>\n<!-- \/ Yoast SEO plugin. -->","yoast_head_json":{"title":"SKRAPE SLM 66X30MM HCS - Luna tools","robots":{"index":"index","follow":"follow","max-snippet":"max-snippet:-1","max-image-preview":"max-image-preview:large","max-video-preview":"max-video-preview:-1"},"canonical":"https:\/\/lunatools.test.consids5.se\/no\/product\/skrape-slm-66x30mm-hcs\/","og_locale":"nb_NO","og_type":"article","og_title":"SKRAPE SLM 66X30MM HCS - Luna tools","og_description":"Skrape av HCS Passer til maskiner med Starlock Max innfesting. Egnet for \u00e5 ta bort vinduskitt, skj\u00e6re mye materialer som isolering, gummi og tepper. Skj\u00e6rer myke materialer i hj\u00f8rner.","og_url":"https:\/\/lunatools.test.consids5.se\/no\/product\/skrape-slm-66x30mm-hcs\/","og_site_name":"Luna tools","schema":{"@context":"https:\/\/schema.org","@graph":[{"@type":"WebPage","@id":"https:\/\/lunatools.test.consids5.se\/no\/product\/skrape-slm-66x30mm-hcs\/","url":"https:\/\/lunatools.test.consids5.se\/no\/product\/skrape-slm-66x30mm-hcs\/","name":"SKRAPE SLM 66X30MM HCS - Luna tools","isPartOf":{"@id":"https:\/\/lunatools.test.consids5.se\/en\/#website"},"datePublished":"2021-11-04T01:45:22+00:00","dateModified":"2021-11-04T01:45:22+00:00","breadcrumb":{"@id":"https:\/\/lunatools.test.consids5.se\/no\/product\/skrape-slm-66x30mm-hcs\/#breadcrumb"},"inLanguage":"nb-NO","potentialAction":[{"@type":"ReadAction","target":["https:\/\/lunatools.test.consids5.se\/no\/product\/skrape-slm-66x30mm-hcs\/"]}]},{"@type":"BreadcrumbList","@id":"https:\/\/lunatools.test.consids5.se\/no\/product\/skrape-slm-66x30mm-hcs\/#breadcrumb","itemListElement":[{"@type":"ListItem","position":1,"name":"Home","item":"https:\/\/lunatools.test.consids5.se\/no\/"},{"@type":"ListItem","position":2,"name":"Products","item":"https:\/\/lunatools.test.consids5.se\/en\/shop\/"},{"@type":"ListItem","position":3,"name":"SKRAPE SLM 66X30MM HCS"}]},{"@type":"WebSite","@id":"https:\/\/lunatools.test.consids5.se\/en\/#website","url":"https:\/\/lunatools.test.consids5.se\/en\/","name":"Luna tools","description":"","publisher":{"@id":"https:\/\/lunatools.test.consids5.se\/en\/#organization"},"potentialAction":[{"@type":"SearchAction","target":{"@type":"EntryPoint","urlTemplate":"https:\/\/lunatools.test.consids5.se\/en\/?s={search_term_string}"},"query-input":"required name=search_term_string"}],"inLanguage":"nb-NO"},{"@type":"Organization","@id":"https:\/\/lunatools.test.consids5.se\/en\/#organization","name":"Luna Tools","url":"https:\/\/lunatools.test.consids5.se\/en\/","logo":{"@type":"ImageObject","inLanguage":"nb-NO","@id":"https:\/\/lunatools.test.consids5.se\/en\/#\/schema\/logo\/image\/","url":"https:\/\/lunatools.com\/wp-content\/uploads\/2019\/10\/LunaTools-gray-logo.png","contentUrl":"https:\/\/lunatools.com\/wp-content\/uploads\/2019\/10\/LunaTools-gray-logo.png","width":795,"height":309,"caption":"Luna Tools"},"image":{"@id":"https:\/\/lunatools.test.consids5.se\/en\/#\/schema\/logo\/image\/"}}]}},"_links":{"self":[{"href":"https:\/\/lunatools.test.consids5.se\/no\/wp-json\/wp\/v2\/product\/8601"}],"collection":[{"href":"https:\/\/lunatools.test.consids5.se\/no\/wp-json\/wp\/v2\/product"}],"about":[{"href":"https:\/\/lunatools.test.consids5.se\/no\/wp-json\/wp\/v2\/types\/product"}],"wp:attachment":[{"href":"https:\/\/lunatools.test.consids5.se\/no\/wp-json\/wp\/v2\/media?parent=8601"}],"wp:term":[{"taxonomy":"product_cat","embeddable":true,"href":"https:\/\/lunatools.test.consids5.se\/no\/wp-json\/wp\/v2\/product_cat?post=8601"},{"taxonomy":"product_tag","embeddable":true,"href":"https:\/\/lunatools.test.consids5.se\/no\/wp-json\/wp\/v2\/product_tag?post=8601"}],"curies":[{"name":"wp","href":"https:\/\/api.w.org\/{rel}","templated":true}]}}