{"id":8902,"date":"2021-05-18T02:00:26","date_gmt":"2021-05-18T02:00:26","guid":{"rendered":"https:\/\/lunatools.com\/product\/hullsagsett-tct-7-deler\/"},"modified":"2021-05-18T02:00:26","modified_gmt":"2021-05-18T02:00:26","slug":"hullsagsett-tct-7-deler","status":"publish","type":"product","link":"https:\/\/lunatools.test.consids5.se\/no\/product\/hullsagsett-tct-7-deler\/","title":{"rendered":"HULLSAGSETT TCT 7 DELER"},"content":{"rendered":"<p>Universalhullsagsett med hardmetalltenner for tre, sponplater, MDF, gips og plast. Gir meget rask hulltaking med minimal varmeutvikling og med lang levetid.Sagedybde 59 mm. En hurtigchuckholder med l\u00e5sefunksjon samt hurtigchuckadapter f\u00f8lger med p\u00e5 hver hullsag, for tidsbesparelse ved bytte av hullsager.<\/p>\n","protected":false},"excerpt":{"rendered":"Universalhullsagsett med hardmetalltenner for tre, sponplater, MDF, gips og plast. Gir meget rask hulltaking med minimal varmeutvikling og med lang levetid.Sagedybde 59 mm. En hurtigchuckholder med l\u00e5sefunksjon samt hurtigchuckadapter f\u00f8lger med p\u00e5 hver hullsag, for tidsbesparelse ved bytte av hullsager.","protected":false},"featured_media":0,"template":"","meta":{"_acf_changed":false},"product_cat":[225],"product_tag":[],"class_list":{"0":"post-8902","1":"product","2":"type-product","3":"status-publish","5":"product_cat-hullsager-no","7":"first","8":"instock","9":"shipping-taxable","10":"product-type-simple"},"acf":[],"yoast_head":"<!-- This site is optimized with the Yoast SEO plugin v23.2 - https:\/\/yoast.com\/wordpress\/plugins\/seo\/ -->\n<title>HULLSAGSETT TCT 7 DELER - Luna tools<\/title>\n<meta name=\"robots\" content=\"index, follow, max-snippet:-1, max-image-preview:large, max-video-preview:-1\" \/>\n<link rel=\"canonical\" href=\"https:\/\/lunatools.test.consids5.se\/no\/product\/hullsagsett-tct-7-deler\/\" \/>\n<meta property=\"og:locale\" content=\"nb_NO\" \/>\n<meta property=\"og:type\" content=\"article\" \/>\n<meta property=\"og:title\" content=\"HULLSAGSETT TCT 7 DELER - Luna tools\" \/>\n<meta property=\"og:description\" content=\"Universalhullsagsett med hardmetalltenner for tre, sponplater, MDF, gips og plast. Gir meget rask hulltaking med minimal varmeutvikling og med lang levetid.Sagedybde 59 mm. En hurtigchuckholder med l\u00e5sefunksjon samt hurtigchuckadapter f\u00f8lger med p\u00e5 hver hullsag, for tidsbesparelse ved bytte av hullsager.\" \/>\n<meta property=\"og:url\" content=\"https:\/\/lunatools.test.consids5.se\/no\/product\/hullsagsett-tct-7-deler\/\" \/>\n<meta property=\"og:site_name\" content=\"Luna tools\" \/>\n<script type=\"application\/ld+json\" class=\"yoast-schema-graph\">{\"@context\":\"https:\/\/schema.org\",\"@graph\":[{\"@type\":\"WebPage\",\"@id\":\"https:\/\/lunatools.test.consids5.se\/no\/product\/hullsagsett-tct-7-deler\/\",\"url\":\"https:\/\/lunatools.test.consids5.se\/no\/product\/hullsagsett-tct-7-deler\/\",\"name\":\"HULLSAGSETT TCT 7 DELER - Luna tools\",\"isPartOf\":{\"@id\":\"https:\/\/lunatools.test.consids5.se\/en\/#website\"},\"datePublished\":\"2021-05-18T02:00:26+00:00\",\"dateModified\":\"2021-05-18T02:00:26+00:00\",\"breadcrumb\":{\"@id\":\"https:\/\/lunatools.test.consids5.se\/no\/product\/hullsagsett-tct-7-deler\/#breadcrumb\"},\"inLanguage\":\"nb-NO\",\"potentialAction\":[{\"@type\":\"ReadAction\",\"target\":[\"https:\/\/lunatools.test.consids5.se\/no\/product\/hullsagsett-tct-7-deler\/\"]}]},{\"@type\":\"BreadcrumbList\",\"@id\":\"https:\/\/lunatools.test.consids5.se\/no\/product\/hullsagsett-tct-7-deler\/#breadcrumb\",\"itemListElement\":[{\"@type\":\"ListItem\",\"position\":1,\"name\":\"Home\",\"item\":\"https:\/\/lunatools.test.consids5.se\/no\/\"},{\"@type\":\"ListItem\",\"position\":2,\"name\":\"Products\",\"item\":\"https:\/\/lunatools.test.consids5.se\/en\/shop\/\"},{\"@type\":\"ListItem\",\"position\":3,\"name\":\"HULLSAGSETT TCT 7 DELER\"}]},{\"@type\":\"WebSite\",\"@id\":\"https:\/\/lunatools.test.consids5.se\/en\/#website\",\"url\":\"https:\/\/lunatools.test.consids5.se\/en\/\",\"name\":\"Luna tools\",\"description\":\"\",\"publisher\":{\"@id\":\"https:\/\/lunatools.test.consids5.se\/en\/#organization\"},\"potentialAction\":[{\"@type\":\"SearchAction\",\"target\":{\"@type\":\"EntryPoint\",\"urlTemplate\":\"https:\/\/lunatools.test.consids5.se\/en\/?s={search_term_string}\"},\"query-input\":\"required name=search_term_string\"}],\"inLanguage\":\"nb-NO\"},{\"@type\":\"Organization\",\"@id\":\"https:\/\/lunatools.test.consids5.se\/en\/#organization\",\"name\":\"Luna Tools\",\"url\":\"https:\/\/lunatools.test.consids5.se\/en\/\",\"logo\":{\"@type\":\"ImageObject\",\"inLanguage\":\"nb-NO\",\"@id\":\"https:\/\/lunatools.test.consids5.se\/en\/#\/schema\/logo\/image\/\",\"url\":\"https:\/\/lunatools.com\/wp-content\/uploads\/2019\/10\/LunaTools-gray-logo.png\",\"contentUrl\":\"https:\/\/lunatools.com\/wp-content\/uploads\/2019\/10\/LunaTools-gray-logo.png\",\"width\":795,\"height\":309,\"caption\":\"Luna Tools\"},\"image\":{\"@id\":\"https:\/\/lunatools.test.consids5.se\/en\/#\/schema\/logo\/image\/\"}}]}<\/script>\n<!-- \/ Yoast SEO plugin. -->","yoast_head_json":{"title":"HULLSAGSETT TCT 7 DELER - Luna tools","robots":{"index":"index","follow":"follow","max-snippet":"max-snippet:-1","max-image-preview":"max-image-preview:large","max-video-preview":"max-video-preview:-1"},"canonical":"https:\/\/lunatools.test.consids5.se\/no\/product\/hullsagsett-tct-7-deler\/","og_locale":"nb_NO","og_type":"article","og_title":"HULLSAGSETT TCT 7 DELER - Luna tools","og_description":"Universalhullsagsett med hardmetalltenner for tre, sponplater, MDF, gips og plast. Gir meget rask hulltaking med minimal varmeutvikling og med lang levetid.Sagedybde 59 mm. En hurtigchuckholder med l\u00e5sefunksjon samt hurtigchuckadapter f\u00f8lger med p\u00e5 hver hullsag, for tidsbesparelse ved bytte av hullsager.","og_url":"https:\/\/lunatools.test.consids5.se\/no\/product\/hullsagsett-tct-7-deler\/","og_site_name":"Luna tools","schema":{"@context":"https:\/\/schema.org","@graph":[{"@type":"WebPage","@id":"https:\/\/lunatools.test.consids5.se\/no\/product\/hullsagsett-tct-7-deler\/","url":"https:\/\/lunatools.test.consids5.se\/no\/product\/hullsagsett-tct-7-deler\/","name":"HULLSAGSETT TCT 7 DELER - Luna tools","isPartOf":{"@id":"https:\/\/lunatools.test.consids5.se\/en\/#website"},"datePublished":"2021-05-18T02:00:26+00:00","dateModified":"2021-05-18T02:00:26+00:00","breadcrumb":{"@id":"https:\/\/lunatools.test.consids5.se\/no\/product\/hullsagsett-tct-7-deler\/#breadcrumb"},"inLanguage":"nb-NO","potentialAction":[{"@type":"ReadAction","target":["https:\/\/lunatools.test.consids5.se\/no\/product\/hullsagsett-tct-7-deler\/"]}]},{"@type":"BreadcrumbList","@id":"https:\/\/lunatools.test.consids5.se\/no\/product\/hullsagsett-tct-7-deler\/#breadcrumb","itemListElement":[{"@type":"ListItem","position":1,"name":"Home","item":"https:\/\/lunatools.test.consids5.se\/no\/"},{"@type":"ListItem","position":2,"name":"Products","item":"https:\/\/lunatools.test.consids5.se\/en\/shop\/"},{"@type":"ListItem","position":3,"name":"HULLSAGSETT TCT 7 DELER"}]},{"@type":"WebSite","@id":"https:\/\/lunatools.test.consids5.se\/en\/#website","url":"https:\/\/lunatools.test.consids5.se\/en\/","name":"Luna tools","description":"","publisher":{"@id":"https:\/\/lunatools.test.consids5.se\/en\/#organization"},"potentialAction":[{"@type":"SearchAction","target":{"@type":"EntryPoint","urlTemplate":"https:\/\/lunatools.test.consids5.se\/en\/?s={search_term_string}"},"query-input":"required name=search_term_string"}],"inLanguage":"nb-NO"},{"@type":"Organization","@id":"https:\/\/lunatools.test.consids5.se\/en\/#organization","name":"Luna Tools","url":"https:\/\/lunatools.test.consids5.se\/en\/","logo":{"@type":"ImageObject","inLanguage":"nb-NO","@id":"https:\/\/lunatools.test.consids5.se\/en\/#\/schema\/logo\/image\/","url":"https:\/\/lunatools.com\/wp-content\/uploads\/2019\/10\/LunaTools-gray-logo.png","contentUrl":"https:\/\/lunatools.com\/wp-content\/uploads\/2019\/10\/LunaTools-gray-logo.png","width":795,"height":309,"caption":"Luna Tools"},"image":{"@id":"https:\/\/lunatools.test.consids5.se\/en\/#\/schema\/logo\/image\/"}}]}},"_links":{"self":[{"href":"https:\/\/lunatools.test.consids5.se\/no\/wp-json\/wp\/v2\/product\/8902"}],"collection":[{"href":"https:\/\/lunatools.test.consids5.se\/no\/wp-json\/wp\/v2\/product"}],"about":[{"href":"https:\/\/lunatools.test.consids5.se\/no\/wp-json\/wp\/v2\/types\/product"}],"wp:attachment":[{"href":"https:\/\/lunatools.test.consids5.se\/no\/wp-json\/wp\/v2\/media?parent=8902"}],"wp:term":[{"taxonomy":"product_cat","embeddable":true,"href":"https:\/\/lunatools.test.consids5.se\/no\/wp-json\/wp\/v2\/product_cat?post=8902"},{"taxonomy":"product_tag","embeddable":true,"href":"https:\/\/lunatools.test.consids5.se\/no\/wp-json\/wp\/v2\/product_tag?post=8902"}],"curies":[{"name":"wp","href":"https:\/\/api.w.org\/{rel}","templated":true}]}}