{"id":9717,"date":"2021-11-04T02:25:07","date_gmt":"2021-11-04T02:25:07","guid":{"rendered":"https:\/\/lunatools.com\/product\/skjaereolje-aerosol-165ml\/"},"modified":"2021-11-04T02:25:07","modified_gmt":"2021-11-04T02:25:07","slug":"skjaereolje-aerosol-165ml","status":"publish","type":"product","link":"https:\/\/lunatools.test.consids5.se\/no\/product\/skjaereolje-aerosol-165ml\/","title":{"rendered":"SKJ\u00c6REOLJE AEROSOL 165ML"},"content":{"rendered":"<p>Luna CUTOIL A Anbefales for generell til vanskelig skj\u00e6rende bearbeiding i automatst\u00e5l, lav- og h\u00f8ylegert st\u00e5l, aluminium og kobber. Egnede bruksomr\u00e5der er f.eks. kapping, boring, gjenging og brotsjing. Fordeler: Rett skj\u00e6reolje har meget god sm\u00f8rende evne og lang levetid. Produktet gir minimalt med oljet\u00e5ke som bidrar til et godt arbeidsmilj\u00f8. Oljen missfarger ikke kobber og dens legeringer. Egenskaper: Rett skj\u00e6reolje er en klor- og svovelfri olje basert p\u00e5 h\u00f8yraffinert mineralolje. Produktet inneholder tilsatser som minimerer dannelse av oljet\u00e5ke. Viskositeten er tilpasset slik at oljen renner av detaljene og gir en god kj\u00f8leeffekt. Les sikkerhetsdatablad f\u00f8r bruk.Sikkerhetsdatablad se www.luna.no<\/p>\n","protected":false},"excerpt":{"rendered":"Luna CUTOIL A Anbefales for generell til vanskelig skj\u00e6rende bearbeiding i automatst\u00e5l, lav- og h\u00f8ylegert st\u00e5l, aluminium og kobber. Egnede bruksomr\u00e5der er f.eks. kapping, boring, gjenging og brotsjing. Fordeler: Rett skj\u00e6reolje har meget god sm\u00f8rende evne og lang levetid. Produktet gir minimalt med oljet\u00e5ke som bidrar til et godt arbeidsmilj\u00f8. Oljen missfarger ikke kobber og&#8230; <a class=\"view-article\" href=\"https:\/\/lunatools.test.consids5.se\/no\/product\/skjaereolje-aerosol-165ml\/\">View Article<\/a>","protected":false},"featured_media":0,"template":"","meta":{"_acf_changed":false},"product_cat":[380,375],"product_tag":[],"class_list":{"0":"post-9717","1":"product","2":"type-product","3":"status-publish","5":"product_cat-skjaereolje-no","6":"product_cat-smoremiddel-no","8":"first","9":"instock","10":"shipping-taxable","11":"product-type-simple"},"acf":[],"yoast_head":"<!-- This site is optimized with the Yoast SEO plugin v23.2 - https:\/\/yoast.com\/wordpress\/plugins\/seo\/ -->\n<title>SKJ\u00c6REOLJE AEROSOL 165ML - Luna tools<\/title>\n<meta name=\"robots\" content=\"index, follow, max-snippet:-1, max-image-preview:large, max-video-preview:-1\" \/>\n<link rel=\"canonical\" href=\"https:\/\/lunatools.test.consids5.se\/no\/product\/skjaereolje-aerosol-165ml\/\" \/>\n<meta property=\"og:locale\" content=\"nb_NO\" \/>\n<meta property=\"og:type\" content=\"article\" \/>\n<meta property=\"og:title\" content=\"SKJ\u00c6REOLJE AEROSOL 165ML - Luna tools\" \/>\n<meta property=\"og:description\" content=\"Luna CUTOIL A Anbefales for generell til vanskelig skj\u00e6rende bearbeiding i automatst\u00e5l, lav- og h\u00f8ylegert st\u00e5l, aluminium og kobber. Egnede bruksomr\u00e5der er f.eks. kapping, boring, gjenging og brotsjing. Fordeler: Rett skj\u00e6reolje har meget god sm\u00f8rende evne og lang levetid. Produktet gir minimalt med oljet\u00e5ke som bidrar til et godt arbeidsmilj\u00f8. Oljen missfarger ikke kobber og... View Article\" \/>\n<meta property=\"og:url\" content=\"https:\/\/lunatools.test.consids5.se\/no\/product\/skjaereolje-aerosol-165ml\/\" \/>\n<meta property=\"og:site_name\" content=\"Luna tools\" \/>\n<meta name=\"twitter:label1\" content=\"Est. reading time\" \/>\n\t<meta name=\"twitter:data1\" content=\"1 minute\" \/>\n<script type=\"application\/ld+json\" class=\"yoast-schema-graph\">{\"@context\":\"https:\/\/schema.org\",\"@graph\":[{\"@type\":\"WebPage\",\"@id\":\"https:\/\/lunatools.test.consids5.se\/no\/product\/skjaereolje-aerosol-165ml\/\",\"url\":\"https:\/\/lunatools.test.consids5.se\/no\/product\/skjaereolje-aerosol-165ml\/\",\"name\":\"SKJ\u00c6REOLJE AEROSOL 165ML - Luna tools\",\"isPartOf\":{\"@id\":\"https:\/\/lunatools.test.consids5.se\/en\/#website\"},\"datePublished\":\"2021-11-04T02:25:07+00:00\",\"dateModified\":\"2021-11-04T02:25:07+00:00\",\"breadcrumb\":{\"@id\":\"https:\/\/lunatools.test.consids5.se\/no\/product\/skjaereolje-aerosol-165ml\/#breadcrumb\"},\"inLanguage\":\"nb-NO\",\"potentialAction\":[{\"@type\":\"ReadAction\",\"target\":[\"https:\/\/lunatools.test.consids5.se\/no\/product\/skjaereolje-aerosol-165ml\/\"]}]},{\"@type\":\"BreadcrumbList\",\"@id\":\"https:\/\/lunatools.test.consids5.se\/no\/product\/skjaereolje-aerosol-165ml\/#breadcrumb\",\"itemListElement\":[{\"@type\":\"ListItem\",\"position\":1,\"name\":\"Home\",\"item\":\"https:\/\/lunatools.test.consids5.se\/no\/\"},{\"@type\":\"ListItem\",\"position\":2,\"name\":\"Products\",\"item\":\"https:\/\/lunatools.test.consids5.se\/en\/shop\/\"},{\"@type\":\"ListItem\",\"position\":3,\"name\":\"SKJ\u00c6REOLJE AEROSOL 165ML\"}]},{\"@type\":\"WebSite\",\"@id\":\"https:\/\/lunatools.test.consids5.se\/en\/#website\",\"url\":\"https:\/\/lunatools.test.consids5.se\/en\/\",\"name\":\"Luna tools\",\"description\":\"\",\"publisher\":{\"@id\":\"https:\/\/lunatools.test.consids5.se\/en\/#organization\"},\"potentialAction\":[{\"@type\":\"SearchAction\",\"target\":{\"@type\":\"EntryPoint\",\"urlTemplate\":\"https:\/\/lunatools.test.consids5.se\/en\/?s={search_term_string}\"},\"query-input\":\"required name=search_term_string\"}],\"inLanguage\":\"nb-NO\"},{\"@type\":\"Organization\",\"@id\":\"https:\/\/lunatools.test.consids5.se\/en\/#organization\",\"name\":\"Luna Tools\",\"url\":\"https:\/\/lunatools.test.consids5.se\/en\/\",\"logo\":{\"@type\":\"ImageObject\",\"inLanguage\":\"nb-NO\",\"@id\":\"https:\/\/lunatools.test.consids5.se\/en\/#\/schema\/logo\/image\/\",\"url\":\"https:\/\/lunatools.com\/wp-content\/uploads\/2019\/10\/LunaTools-gray-logo.png\",\"contentUrl\":\"https:\/\/lunatools.com\/wp-content\/uploads\/2019\/10\/LunaTools-gray-logo.png\",\"width\":795,\"height\":309,\"caption\":\"Luna Tools\"},\"image\":{\"@id\":\"https:\/\/lunatools.test.consids5.se\/en\/#\/schema\/logo\/image\/\"}}]}<\/script>\n<!-- \/ Yoast SEO plugin. -->","yoast_head_json":{"title":"SKJ\u00c6REOLJE AEROSOL 165ML - Luna tools","robots":{"index":"index","follow":"follow","max-snippet":"max-snippet:-1","max-image-preview":"max-image-preview:large","max-video-preview":"max-video-preview:-1"},"canonical":"https:\/\/lunatools.test.consids5.se\/no\/product\/skjaereolje-aerosol-165ml\/","og_locale":"nb_NO","og_type":"article","og_title":"SKJ\u00c6REOLJE AEROSOL 165ML - Luna tools","og_description":"Luna CUTOIL A Anbefales for generell til vanskelig skj\u00e6rende bearbeiding i automatst\u00e5l, lav- og h\u00f8ylegert st\u00e5l, aluminium og kobber. Egnede bruksomr\u00e5der er f.eks. kapping, boring, gjenging og brotsjing. Fordeler: Rett skj\u00e6reolje har meget god sm\u00f8rende evne og lang levetid. Produktet gir minimalt med oljet\u00e5ke som bidrar til et godt arbeidsmilj\u00f8. Oljen missfarger ikke kobber og... View Article","og_url":"https:\/\/lunatools.test.consids5.se\/no\/product\/skjaereolje-aerosol-165ml\/","og_site_name":"Luna tools","twitter_misc":{"Est. reading time":"1 minute"},"schema":{"@context":"https:\/\/schema.org","@graph":[{"@type":"WebPage","@id":"https:\/\/lunatools.test.consids5.se\/no\/product\/skjaereolje-aerosol-165ml\/","url":"https:\/\/lunatools.test.consids5.se\/no\/product\/skjaereolje-aerosol-165ml\/","name":"SKJ\u00c6REOLJE AEROSOL 165ML - Luna tools","isPartOf":{"@id":"https:\/\/lunatools.test.consids5.se\/en\/#website"},"datePublished":"2021-11-04T02:25:07+00:00","dateModified":"2021-11-04T02:25:07+00:00","breadcrumb":{"@id":"https:\/\/lunatools.test.consids5.se\/no\/product\/skjaereolje-aerosol-165ml\/#breadcrumb"},"inLanguage":"nb-NO","potentialAction":[{"@type":"ReadAction","target":["https:\/\/lunatools.test.consids5.se\/no\/product\/skjaereolje-aerosol-165ml\/"]}]},{"@type":"BreadcrumbList","@id":"https:\/\/lunatools.test.consids5.se\/no\/product\/skjaereolje-aerosol-165ml\/#breadcrumb","itemListElement":[{"@type":"ListItem","position":1,"name":"Home","item":"https:\/\/lunatools.test.consids5.se\/no\/"},{"@type":"ListItem","position":2,"name":"Products","item":"https:\/\/lunatools.test.consids5.se\/en\/shop\/"},{"@type":"ListItem","position":3,"name":"SKJ\u00c6REOLJE AEROSOL 165ML"}]},{"@type":"WebSite","@id":"https:\/\/lunatools.test.consids5.se\/en\/#website","url":"https:\/\/lunatools.test.consids5.se\/en\/","name":"Luna tools","description":"","publisher":{"@id":"https:\/\/lunatools.test.consids5.se\/en\/#organization"},"potentialAction":[{"@type":"SearchAction","target":{"@type":"EntryPoint","urlTemplate":"https:\/\/lunatools.test.consids5.se\/en\/?s={search_term_string}"},"query-input":"required name=search_term_string"}],"inLanguage":"nb-NO"},{"@type":"Organization","@id":"https:\/\/lunatools.test.consids5.se\/en\/#organization","name":"Luna Tools","url":"https:\/\/lunatools.test.consids5.se\/en\/","logo":{"@type":"ImageObject","inLanguage":"nb-NO","@id":"https:\/\/lunatools.test.consids5.se\/en\/#\/schema\/logo\/image\/","url":"https:\/\/lunatools.com\/wp-content\/uploads\/2019\/10\/LunaTools-gray-logo.png","contentUrl":"https:\/\/lunatools.com\/wp-content\/uploads\/2019\/10\/LunaTools-gray-logo.png","width":795,"height":309,"caption":"Luna Tools"},"image":{"@id":"https:\/\/lunatools.test.consids5.se\/en\/#\/schema\/logo\/image\/"}}]}},"_links":{"self":[{"href":"https:\/\/lunatools.test.consids5.se\/no\/wp-json\/wp\/v2\/product\/9717"}],"collection":[{"href":"https:\/\/lunatools.test.consids5.se\/no\/wp-json\/wp\/v2\/product"}],"about":[{"href":"https:\/\/lunatools.test.consids5.se\/no\/wp-json\/wp\/v2\/types\/product"}],"wp:attachment":[{"href":"https:\/\/lunatools.test.consids5.se\/no\/wp-json\/wp\/v2\/media?parent=9717"}],"wp:term":[{"taxonomy":"product_cat","embeddable":true,"href":"https:\/\/lunatools.test.consids5.se\/no\/wp-json\/wp\/v2\/product_cat?post=9717"},{"taxonomy":"product_tag","embeddable":true,"href":"https:\/\/lunatools.test.consids5.se\/no\/wp-json\/wp\/v2\/product_tag?post=9717"}],"curies":[{"name":"wp","href":"https:\/\/api.w.org\/{rel}","templated":true}]}}