{"id":12720,"date":"2019-04-23T20:50:36","date_gmt":"2019-04-23T20:50:36","guid":{"rendered":"http:\/\/lunatools.com\/about-us\/"},"modified":"2021-11-03T12:34:22","modified_gmt":"2021-11-03T12:34:22","slug":"about-us","status":"publish","type":"page","link":"https:\/\/lunatools.test.consids5.se\/pl\/about-us\/","title":{"rendered":"O nas"},"content":{"rendered":"<div class=\"wpb-content-wrapper\"><p>[vc_row][vc_column]\n        <div class=\"block block--promo with-image valign--center text--white bg--image align-left\">\n            <div class=\"promo\">\n                <div class=\"promo__image\">\n                    <img loading=\"lazy\" decoding=\"async\" width=\"1920\" height=\"623\" src=\"https:\/\/lunatools.test.consids5.se\/wp-content\/uploads\/2019\/02\/luna25542-1.jpg\" class=\"attachment-square size-square\" alt=\"Luna elverkt\u00f8ytilbeh\u00f8r\" srcset=\"https:\/\/lunatools.test.consids5.se\/wp-content\/uploads\/2019\/02\/luna25542-1.jpg 1920w, https:\/\/lunatools.test.consids5.se\/wp-content\/uploads\/2019\/02\/luna25542-1-250x81.jpg 250w, https:\/\/lunatools.test.consids5.se\/wp-content\/uploads\/2019\/02\/luna25542-1-768x249.jpg 768w, https:\/\/lunatools.test.consids5.se\/wp-content\/uploads\/2019\/02\/luna25542-1-700x227.jpg 700w, https:\/\/lunatools.test.consids5.se\/wp-content\/uploads\/2019\/02\/luna25542-1-120x39.jpg 120w, https:\/\/lunatools.test.consids5.se\/wp-content\/uploads\/2019\/02\/luna25542-1-600x195.jpg 600w\" sizes=\"(max-width: 1920px) 100vw, 1920px\" \/>\n                <\/div>\n                <div class=\"promo__content block__col\">\n                    <div class=\"promo__content__inner\">\n                        <h2 class=\"promo__title\">LUNA TOOLS<\/h2>\n                        <p class=\"promo__text\">jest szwedzkim producentem osprz\u0119tu do elektronarz\u0119dzi, narz\u0119dzi r\u0119cznych oraz sprz\u0119tu zabezpieczaj\u0105cego przed upadkiem z wysoko\u015bci. Oferujemy produkty najwy\u017cszej jako\u015bci dla profesjonalnych rzemie\u015blnik\u00f3w o wysokich wymaganiach. Pracujemy nad innowacjami w zakresie produkt\u00f3w i us\u0142ug zorientowanych na klienta. Nasze produkty s\u0105 opracowywane z my\u015bl\u0105 o trudnych warunkach i poprawie \u015brodowiska pracy u\u017cytkownik\u00f3w. Ca\u0142a nasza sprzeda\u017c odbywa si\u0119 przy pomocy sieci profesjonalnych dealer\u00f3w rozmieszczonych na terenie ca\u0142ego kraju.<\/p>\n<p>Luna Tools pracuje z narz\u0119dziami od ponad 100 lat. Dzi\u0119ki skupieniu si\u0119 na bezpiecze\u0144stwie i jako\u015bci sprzedawanych przez nas produkt\u00f3w stali\u015bmy si\u0119 liderem w bran\u017cy.<\/p>\n                        \n                    <\/div>\n                <\/div>\n            <\/div>\n        <\/div>[\/vc_column][\/vc_row]<\/p>\n<\/div>","protected":false},"excerpt":{"rendered":"[vc_row][vc_column][\/vc_column][\/vc_row]","protected":false},"author":2,"featured_media":0,"parent":0,"menu_order":0,"comment_status":"closed","ping_status":"closed","template":"","meta":{"_acf_changed":false,"footnotes":""},"class_list":["post-12720","page","type-page","status-publish","hentry"],"acf":[],"yoast_head":"<!-- This site is optimized with the Yoast SEO plugin v23.2 - https:\/\/yoast.com\/wordpress\/plugins\/seo\/ -->\n<title>O nas - Luna tools<\/title>\n<meta name=\"robots\" content=\"index, follow, max-snippet:-1, max-image-preview:large, max-video-preview:-1\" \/>\n<link rel=\"canonical\" href=\"https:\/\/lunatools.test.consids5.se\/pl\/about-us\/\" \/>\n<meta property=\"og:locale\" content=\"pl_PL\" \/>\n<meta property=\"og:type\" content=\"article\" \/>\n<meta property=\"og:title\" content=\"O nas - Luna tools\" \/>\n<meta property=\"og:description\" content=\"[vc_row][vc_column][\/vc_column][\/vc_row]\" \/>\n<meta property=\"og:url\" content=\"https:\/\/lunatools.test.consids5.se\/pl\/about-us\/\" \/>\n<meta property=\"og:site_name\" content=\"Luna tools\" \/>\n<meta property=\"article:modified_time\" content=\"2021-11-03T12:34:22+00:00\" \/>\n<meta name=\"twitter:label1\" content=\"Est. reading time\" \/>\n\t<meta name=\"twitter:data1\" content=\"1 minute\" \/>\n<script type=\"application\/ld+json\" class=\"yoast-schema-graph\">{\"@context\":\"https:\/\/schema.org\",\"@graph\":[{\"@type\":\"WebPage\",\"@id\":\"https:\/\/lunatools.test.consids5.se\/pl\/about-us\/\",\"url\":\"https:\/\/lunatools.test.consids5.se\/pl\/about-us\/\",\"name\":\"O nas - Luna tools\",\"isPartOf\":{\"@id\":\"https:\/\/lunatools.test.consids5.se\/en\/#website\"},\"datePublished\":\"2019-04-23T20:50:36+00:00\",\"dateModified\":\"2021-11-03T12:34:22+00:00\",\"breadcrumb\":{\"@id\":\"https:\/\/lunatools.test.consids5.se\/pl\/about-us\/#breadcrumb\"},\"inLanguage\":\"pl-PL\",\"potentialAction\":[{\"@type\":\"ReadAction\",\"target\":[\"https:\/\/lunatools.test.consids5.se\/pl\/about-us\/\"]}]},{\"@type\":\"BreadcrumbList\",\"@id\":\"https:\/\/lunatools.test.consids5.se\/pl\/about-us\/#breadcrumb\",\"itemListElement\":[{\"@type\":\"ListItem\",\"position\":1,\"name\":\"Home\",\"item\":\"https:\/\/lunatools.test.consids5.se\/pl\/\"},{\"@type\":\"ListItem\",\"position\":2,\"name\":\"O nas\"}]},{\"@type\":\"WebSite\",\"@id\":\"https:\/\/lunatools.test.consids5.se\/en\/#website\",\"url\":\"https:\/\/lunatools.test.consids5.se\/en\/\",\"name\":\"Luna tools\",\"description\":\"\",\"publisher\":{\"@id\":\"https:\/\/lunatools.test.consids5.se\/en\/#organization\"},\"potentialAction\":[{\"@type\":\"SearchAction\",\"target\":{\"@type\":\"EntryPoint\",\"urlTemplate\":\"https:\/\/lunatools.test.consids5.se\/en\/?s={search_term_string}\"},\"query-input\":\"required name=search_term_string\"}],\"inLanguage\":\"pl-PL\"},{\"@type\":\"Organization\",\"@id\":\"https:\/\/lunatools.test.consids5.se\/en\/#organization\",\"name\":\"Luna Tools\",\"url\":\"https:\/\/lunatools.test.consids5.se\/en\/\",\"logo\":{\"@type\":\"ImageObject\",\"inLanguage\":\"pl-PL\",\"@id\":\"https:\/\/lunatools.test.consids5.se\/en\/#\/schema\/logo\/image\/\",\"url\":\"https:\/\/lunatools.com\/wp-content\/uploads\/2019\/10\/LunaTools-gray-logo.png\",\"contentUrl\":\"https:\/\/lunatools.com\/wp-content\/uploads\/2019\/10\/LunaTools-gray-logo.png\",\"width\":795,\"height\":309,\"caption\":\"Luna Tools\"},\"image\":{\"@id\":\"https:\/\/lunatools.test.consids5.se\/en\/#\/schema\/logo\/image\/\"}}]}<\/script>\n<!-- \/ Yoast SEO plugin. -->","yoast_head_json":{"title":"O nas - Luna tools","robots":{"index":"index","follow":"follow","max-snippet":"max-snippet:-1","max-image-preview":"max-image-preview:large","max-video-preview":"max-video-preview:-1"},"canonical":"https:\/\/lunatools.test.consids5.se\/pl\/about-us\/","og_locale":"pl_PL","og_type":"article","og_title":"O nas - Luna tools","og_description":"[vc_row][vc_column][\/vc_column][\/vc_row]","og_url":"https:\/\/lunatools.test.consids5.se\/pl\/about-us\/","og_site_name":"Luna tools","article_modified_time":"2021-11-03T12:34:22+00:00","twitter_misc":{"Est. reading time":"1 minute"},"schema":{"@context":"https:\/\/schema.org","@graph":[{"@type":"WebPage","@id":"https:\/\/lunatools.test.consids5.se\/pl\/about-us\/","url":"https:\/\/lunatools.test.consids5.se\/pl\/about-us\/","name":"O nas - Luna tools","isPartOf":{"@id":"https:\/\/lunatools.test.consids5.se\/en\/#website"},"datePublished":"2019-04-23T20:50:36+00:00","dateModified":"2021-11-03T12:34:22+00:00","breadcrumb":{"@id":"https:\/\/lunatools.test.consids5.se\/pl\/about-us\/#breadcrumb"},"inLanguage":"pl-PL","potentialAction":[{"@type":"ReadAction","target":["https:\/\/lunatools.test.consids5.se\/pl\/about-us\/"]}]},{"@type":"BreadcrumbList","@id":"https:\/\/lunatools.test.consids5.se\/pl\/about-us\/#breadcrumb","itemListElement":[{"@type":"ListItem","position":1,"name":"Home","item":"https:\/\/lunatools.test.consids5.se\/pl\/"},{"@type":"ListItem","position":2,"name":"O nas"}]},{"@type":"WebSite","@id":"https:\/\/lunatools.test.consids5.se\/en\/#website","url":"https:\/\/lunatools.test.consids5.se\/en\/","name":"Luna tools","description":"","publisher":{"@id":"https:\/\/lunatools.test.consids5.se\/en\/#organization"},"potentialAction":[{"@type":"SearchAction","target":{"@type":"EntryPoint","urlTemplate":"https:\/\/lunatools.test.consids5.se\/en\/?s={search_term_string}"},"query-input":"required name=search_term_string"}],"inLanguage":"pl-PL"},{"@type":"Organization","@id":"https:\/\/lunatools.test.consids5.se\/en\/#organization","name":"Luna Tools","url":"https:\/\/lunatools.test.consids5.se\/en\/","logo":{"@type":"ImageObject","inLanguage":"pl-PL","@id":"https:\/\/lunatools.test.consids5.se\/en\/#\/schema\/logo\/image\/","url":"https:\/\/lunatools.com\/wp-content\/uploads\/2019\/10\/LunaTools-gray-logo.png","contentUrl":"https:\/\/lunatools.com\/wp-content\/uploads\/2019\/10\/LunaTools-gray-logo.png","width":795,"height":309,"caption":"Luna Tools"},"image":{"@id":"https:\/\/lunatools.test.consids5.se\/en\/#\/schema\/logo\/image\/"}}]}},"_links":{"self":[{"href":"https:\/\/lunatools.test.consids5.se\/pl\/wp-json\/wp\/v2\/pages\/12720"}],"collection":[{"href":"https:\/\/lunatools.test.consids5.se\/pl\/wp-json\/wp\/v2\/pages"}],"about":[{"href":"https:\/\/lunatools.test.consids5.se\/pl\/wp-json\/wp\/v2\/types\/page"}],"author":[{"embeddable":true,"href":"https:\/\/lunatools.test.consids5.se\/pl\/wp-json\/wp\/v2\/users\/2"}],"replies":[{"embeddable":true,"href":"https:\/\/lunatools.test.consids5.se\/pl\/wp-json\/wp\/v2\/comments?post=12720"}],"version-history":[{"count":4,"href":"https:\/\/lunatools.test.consids5.se\/pl\/wp-json\/wp\/v2\/pages\/12720\/revisions"}],"predecessor-version":[{"id":60076,"href":"https:\/\/lunatools.test.consids5.se\/pl\/wp-json\/wp\/v2\/pages\/12720\/revisions\/60076"}],"wp:attachment":[{"href":"https:\/\/lunatools.test.consids5.se\/pl\/wp-json\/wp\/v2\/media?parent=12720"}],"curies":[{"name":"wp","href":"https:\/\/api.w.org\/{rel}","templated":true}]}}