{"id":60080,"date":"2021-03-09T07:29:35","date_gmt":"2021-03-09T07:29:35","guid":{"rendered":"http:\/\/lunatools.com\/?page_id=60080"},"modified":"2021-03-09T10:44:16","modified_gmt":"2021-03-09T10:44:16","slug":"__trashed","status":"publish","type":"page","link":"https:\/\/lunatools.test.consids5.se\/pl\/","title":{"rendered":"Akcesoria do elektronarz\u0119dzi"},"content":{"rendered":"<div class=\"wpb-content-wrapper\"><p>[vc_row][vc_column]<div class=\"block--dual\">\n          <div class=\"gridsystem move-upp js-show scroll-up js-active js-show--shown\">\n            <div class=\"block__col flex-row shadow\">\n              <figure class=\"block__image\">\n                <img decoding=\"async\" src=\"https:\/\/lunatools.test.consids5.se\/wp-content\/uploads\/2019\/02\/luna25542-710x500.jpg\">\n              <\/figure>\n\n              <div class=\"flex-col flex-row__content bg--comp\">\n                <h2>O nas<\/h2>\n                <p>Luna Tools jest szwedzkim producentem osprz\u0119tu do elektronarz\u0119dzi, narz\u0119dzi r\u0119cznych oraz sprz\u0119tu zabezpieczaj\u0105cego przed upadkiem z wysoko\u015bci. Oferujemy produkty najwy\u017cszej jako\u015bci dla profesjonalnych rzemie\u015blnik\u00f3w o wysokich wymaganiach.<\/p>\n                <a href=\"http:\/\/lunatools.com\/pl\/about-us\/\" class=\"btn btn--comp btn--icon\"><i><\/i><\/a>\n              <\/div>\n            <\/div>\n            <div class=\"block__col flex-row shadow\">\n              <figure class=\"block__image\">\n                <img decoding=\"async\" src=\"https:\/\/lunatools.test.consids5.se\/wp-content\/uploads\/2020\/11\/Shoppingcart-1-562x500.jpg\">\n              <\/figure>\n              <div class=\"flex-col flex-row__content bg--comp\">\n                <h2>Znajd\u017a dystrybutora<\/h2>\n                <p>Interesuj\u0105 Ci\u0119 nasze produkty? Znajd\u017a najbli\u017cszego dystrybutora.<\/p>\n                <a href=\"https:\/\/lunatools.com\/en\/product-category\/hole-saws-en\/\" class=\"btn btn--comp btn--icon\"><i><\/i><\/a>\n              <\/div>\n            <\/div>\n          <\/div>\n        <\/div><div class=\"product-category-grid\">\n            <div class=\"productlist contain\">\n                <div class=\"productlist__list-wrapper gridsystem\">\n                    <ul class=\"productlist__categories gridsystem\"><\/ul>\n                <\/div>\n            <\/div>\n        <\/div>[\/vc_column][\/vc_row][vc_row full_width=&#8221;stretch_row_content_no_spaces&#8221; disable_element=&#8221;yes&#8221;][vc_column]\n        <div class=\"block block--promo with-image valign--center bg--white  align-left\">\n            <div class=\"promo\">\n                <div class=\"promo__image\">\n                    <img loading=\"lazy\" decoding=\"async\" width=\"1200\" height=\"800\" src=\"https:\/\/lunatools.test.consids5.se\/wp-content\/uploads\/2019\/02\/B2A6604.jpg\" class=\"attachment-square size-square\" alt=\"Tigers\u00e5gsblad Luna\" srcset=\"https:\/\/lunatools.test.consids5.se\/wp-content\/uploads\/2019\/02\/B2A6604.jpg 1200w, https:\/\/lunatools.test.consids5.se\/wp-content\/uploads\/2019\/02\/B2A6604-250x167.jpg 250w, https:\/\/lunatools.test.consids5.se\/wp-content\/uploads\/2019\/02\/B2A6604-768x512.jpg 768w, https:\/\/lunatools.test.consids5.se\/wp-content\/uploads\/2019\/02\/B2A6604-700x467.jpg 700w, https:\/\/lunatools.test.consids5.se\/wp-content\/uploads\/2019\/02\/B2A6604-120x80.jpg 120w, https:\/\/lunatools.test.consids5.se\/wp-content\/uploads\/2019\/02\/B2A6604-600x400.jpg 600w\" sizes=\"(max-width: 1200px) 100vw, 1200px\" \/>\n                <\/div>\n                <div class=\"promo__content block__col\">\n                    <div class=\"promo__content__inner\">\n                        <h3 class=\"promo__subtitle\">Power Tool Accessories<\/h3><h2 class=\"promo__title\">E-learning<\/h2>\n                        <p class=\"promo__text\">Become and expert in choosing the correct accessory for the job. This education shows what products there are out there, how they are used, and how to make the right choice. Take our test afterwards and get a diploma (that you can print) if you score high enough.<\/p>\n                        <a href=\"http:\/\/elearning.luna.se\/se\/elverktygstillbehor\/\" class=\"promo__action btn\">G\u00e5 till utbildningen<i><\/i><\/a>\n                    <\/div>\n                <\/div>\n            <\/div>\n        <\/div>\n        <div class=\"block block--promo with-image valign--top bg--white  align-left\">\n            <div class=\"promo\">\n                <div class=\"promo__image\">\n                    <img loading=\"lazy\" decoding=\"async\" width=\"1280\" height=\"720\" src=\"https:\/\/lunatools.test.consids5.se\/wp-content\/uploads\/2019\/10\/LunaBitsPrime_video.jpg\" class=\"attachment-full size-full\" alt=\"Luna Bits Prime\" srcset=\"https:\/\/lunatools.test.consids5.se\/wp-content\/uploads\/2019\/10\/LunaBitsPrime_video.jpg 1280w, https:\/\/lunatools.test.consids5.se\/wp-content\/uploads\/2019\/10\/LunaBitsPrime_video-250x141.jpg 250w, https:\/\/lunatools.test.consids5.se\/wp-content\/uploads\/2019\/10\/LunaBitsPrime_video-768x432.jpg 768w, https:\/\/lunatools.test.consids5.se\/wp-content\/uploads\/2019\/10\/LunaBitsPrime_video-700x394.jpg 700w, https:\/\/lunatools.test.consids5.se\/wp-content\/uploads\/2019\/10\/LunaBitsPrime_video-120x68.jpg 120w, https:\/\/lunatools.test.consids5.se\/wp-content\/uploads\/2019\/10\/LunaBitsPrime_video-600x338.jpg 600w\" sizes=\"(max-width: 1280px) 100vw, 1280px\" \/>\n                <\/div>\n                <div class=\"promo__content block__col\">\n                    <div class=\"promo__content__inner\">\n                        <h3 class=\"promo__subtitle\">News<\/h3><h2 class=\"promo__title\">Luna Bits Prime<\/h2>\n                        <p class=\"promo__text\">Luna Bits Prime is engineered for tough Nordic conditions and can now be found at professional resellers. Check out the whole range <a href=\"https:\/\/lunatools.com?s=prime\">here<\/a>!<\/p>\n                        <a href=\"https:\/\/youtu.be\/EnfVT9HXJKU\" class=\"promo__action btn\">Watch movie<i><\/i><\/a>\n                    <\/div>\n                <\/div>\n            <\/div>\n        <\/div><div class=\"block--dual\">\n          <div class=\"gridsystem move-upp js-show scroll-up js-active js-show--shown\">\n            <div class=\"block__col flex-row shadow\">\n              <figure class=\"block__image\">\n                <img decoding=\"async\" src=\"https:\/\/lunatools.test.consids5.se\/wp-content\/uploads\/2019\/08\/Handverktyg_samlingsbild-710x500.jpg\">\n              <\/figure>\n\n              <div class=\"flex-col flex-row__content bg--comp\">\n                <h2>News! Hand Tools<\/h2>\n                <p>Now we're launching new hand tools which are prepared for fall tool safety. Our range contains saws, hammers, knifes, Measuring tapes and axes<\/p>\n                <a href=\"http:\/\/lunatools.com\/en\/hand-tools\/\" class=\"btn btn--comp btn--icon\"><i><\/i><\/a>\n              <\/div>\n            <\/div>\n            <div class=\"block__col flex-row shadow\">\n              <figure class=\"block__image\">\n                <img decoding=\"async\" src=\"https:\/\/lunatools.test.consids5.se\/wp-content\/uploads\/2019\/08\/Vergtygssa\u0308kring_lowres-710x500.jpg\">\n              <\/figure>\n              <div class=\"flex-col flex-row__content bg--comp\">\n                <h2>ZeroDrop\u2122 - Professional fall protection for tools<\/h2>\n                <p>ZeroDrop is our assortment within fall tool safety. The products are made to easily secure your hand tools from falling down, no matter the job.<\/p>\n                <a href=\"http:\/\/lunatools.com\/en\/tool-fall-protection\/\" class=\"btn btn--comp btn--icon\"><i><\/i><\/a>\n              <\/div>\n            <\/div>\n          <\/div>\n        <\/div>\n        <div class=\"block block--promo with-image valign--top bg--white  align-right\">\n            <div class=\"promo\">\n                <div class=\"promo__image\">\n                    <img loading=\"lazy\" decoding=\"async\" width=\"1280\" height=\"720\" src=\"https:\/\/lunatools.test.consids5.se\/wp-content\/uploads\/2020\/04\/Nord-Access.jpg\" class=\"attachment-full size-full\" alt=\"\" srcset=\"https:\/\/lunatools.test.consids5.se\/wp-content\/uploads\/2020\/04\/Nord-Access.jpg 1280w, https:\/\/lunatools.test.consids5.se\/wp-content\/uploads\/2020\/04\/Nord-Access-250x141.jpg 250w, https:\/\/lunatools.test.consids5.se\/wp-content\/uploads\/2020\/04\/Nord-Access-700x394.jpg 700w, https:\/\/lunatools.test.consids5.se\/wp-content\/uploads\/2020\/04\/Nord-Access-768x432.jpg 768w, https:\/\/lunatools.test.consids5.se\/wp-content\/uploads\/2020\/04\/Nord-Access-120x68.jpg 120w, https:\/\/lunatools.test.consids5.se\/wp-content\/uploads\/2020\/04\/Nord-Access-600x338.jpg 600w\" sizes=\"(max-width: 1280px) 100vw, 1280px\" \/>\n                <\/div>\n                <div class=\"promo__content block__col\">\n                    <div class=\"promo__content__inner\">\n                        <h3 class=\"promo__subtitle\">ZeroDrop at work<\/h3><h2 class=\"promo__title\">#ZeroDrop<\/h2>\n                        <p class=\"promo__text\"><\/p>\n                        <a href=\"https:\/\/youtu.be\/vMN71UsBipY\" class=\"promo__action btn\">Watch movie<i><\/i><\/a>\n                    <\/div>\n                <\/div>\n            <\/div>\n        <\/div>[\/vc_column][\/vc_row]<\/p>\n<\/div>","protected":false},"excerpt":{"rendered":"[vc_row][vc_column][\/vc_column][\/vc_row][vc_row full_width=&#8221;stretch_row_content_no_spaces&#8221; disable_element=&#8221;yes&#8221;][vc_column][\/vc_column][\/vc_row]","protected":false},"author":2,"featured_media":0,"parent":0,"menu_order":0,"comment_status":"closed","ping_status":"closed","template":"","meta":{"_acf_changed":false,"footnotes":""},"class_list":["post-60080","page","type-page","status-publish","hentry"],"acf":[],"yoast_head":"<!-- This site is optimized with the Yoast SEO plugin v23.2 - https:\/\/yoast.com\/wordpress\/plugins\/seo\/ -->\n<title>Akcesoria do elektronarz\u0119dzi - Luna tools<\/title>\n<meta name=\"robots\" content=\"index, follow, max-snippet:-1, max-image-preview:large, max-video-preview:-1\" \/>\n<link rel=\"canonical\" href=\"https:\/\/lunatools.test.consids5.se\/pl\/\" \/>\n<meta property=\"og:locale\" content=\"pl_PL\" \/>\n<meta property=\"og:type\" content=\"article\" \/>\n<meta property=\"og:title\" content=\"Akcesoria do elektronarz\u0119dzi - Luna tools\" \/>\n<meta property=\"og:description\" content=\"[vc_row][vc_column][\/vc_column][\/vc_row][vc_row full_width=&#8221;stretch_row_content_no_spaces&#8221; disable_element=&#8221;yes&#8221;][vc_column][\/vc_column][\/vc_row]\" \/>\n<meta property=\"og:url\" content=\"https:\/\/lunatools.test.consids5.se\/pl\/\" \/>\n<meta property=\"og:site_name\" content=\"Luna tools\" \/>\n<meta property=\"article:modified_time\" content=\"2021-03-09T10:44:16+00:00\" \/>\n<meta name=\"twitter:label1\" content=\"Est. reading time\" \/>\n\t<meta name=\"twitter:data1\" content=\"2 minutes\" \/>\n<script type=\"application\/ld+json\" class=\"yoast-schema-graph\">{\"@context\":\"https:\/\/schema.org\",\"@graph\":[{\"@type\":\"WebPage\",\"@id\":\"https:\/\/lunatools.test.consids5.se\/pl\/\",\"url\":\"https:\/\/lunatools.test.consids5.se\/pl\/\",\"name\":\"Akcesoria do elektronarz\u0119dzi - Luna tools\",\"isPartOf\":{\"@id\":\"https:\/\/lunatools.test.consids5.se\/en\/#website\"},\"datePublished\":\"2021-03-09T07:29:35+00:00\",\"dateModified\":\"2021-03-09T10:44:16+00:00\",\"breadcrumb\":{\"@id\":\"https:\/\/lunatools.test.consids5.se\/pl\/#breadcrumb\"},\"inLanguage\":\"pl-PL\",\"potentialAction\":[{\"@type\":\"ReadAction\",\"target\":[\"https:\/\/lunatools.test.consids5.se\/pl\/\"]}]},{\"@type\":\"BreadcrumbList\",\"@id\":\"https:\/\/lunatools.test.consids5.se\/pl\/#breadcrumb\",\"itemListElement\":[{\"@type\":\"ListItem\",\"position\":1,\"name\":\"Home\",\"item\":\"https:\/\/lunatools.test.consids5.se\/pl\/\"},{\"@type\":\"ListItem\",\"position\":2,\"name\":\"Akcesoria do elektronarz\u0119dzi\"}]},{\"@type\":\"WebSite\",\"@id\":\"https:\/\/lunatools.test.consids5.se\/en\/#website\",\"url\":\"https:\/\/lunatools.test.consids5.se\/en\/\",\"name\":\"Luna tools\",\"description\":\"\",\"publisher\":{\"@id\":\"https:\/\/lunatools.test.consids5.se\/en\/#organization\"},\"potentialAction\":[{\"@type\":\"SearchAction\",\"target\":{\"@type\":\"EntryPoint\",\"urlTemplate\":\"https:\/\/lunatools.test.consids5.se\/en\/?s={search_term_string}\"},\"query-input\":\"required name=search_term_string\"}],\"inLanguage\":\"pl-PL\"},{\"@type\":\"Organization\",\"@id\":\"https:\/\/lunatools.test.consids5.se\/en\/#organization\",\"name\":\"Luna Tools\",\"url\":\"https:\/\/lunatools.test.consids5.se\/en\/\",\"logo\":{\"@type\":\"ImageObject\",\"inLanguage\":\"pl-PL\",\"@id\":\"https:\/\/lunatools.test.consids5.se\/en\/#\/schema\/logo\/image\/\",\"url\":\"https:\/\/lunatools.com\/wp-content\/uploads\/2019\/10\/LunaTools-gray-logo.png\",\"contentUrl\":\"https:\/\/lunatools.com\/wp-content\/uploads\/2019\/10\/LunaTools-gray-logo.png\",\"width\":795,\"height\":309,\"caption\":\"Luna Tools\"},\"image\":{\"@id\":\"https:\/\/lunatools.test.consids5.se\/en\/#\/schema\/logo\/image\/\"}}]}<\/script>\n<!-- \/ Yoast SEO plugin. -->","yoast_head_json":{"title":"Akcesoria do elektronarz\u0119dzi - Luna tools","robots":{"index":"index","follow":"follow","max-snippet":"max-snippet:-1","max-image-preview":"max-image-preview:large","max-video-preview":"max-video-preview:-1"},"canonical":"https:\/\/lunatools.test.consids5.se\/pl\/","og_locale":"pl_PL","og_type":"article","og_title":"Akcesoria do elektronarz\u0119dzi - Luna tools","og_description":"[vc_row][vc_column][\/vc_column][\/vc_row][vc_row full_width=&#8221;stretch_row_content_no_spaces&#8221; disable_element=&#8221;yes&#8221;][vc_column][\/vc_column][\/vc_row]","og_url":"https:\/\/lunatools.test.consids5.se\/pl\/","og_site_name":"Luna tools","article_modified_time":"2021-03-09T10:44:16+00:00","twitter_misc":{"Est. reading time":"2 minutes"},"schema":{"@context":"https:\/\/schema.org","@graph":[{"@type":"WebPage","@id":"https:\/\/lunatools.test.consids5.se\/pl\/","url":"https:\/\/lunatools.test.consids5.se\/pl\/","name":"Akcesoria do elektronarz\u0119dzi - Luna tools","isPartOf":{"@id":"https:\/\/lunatools.test.consids5.se\/en\/#website"},"datePublished":"2021-03-09T07:29:35+00:00","dateModified":"2021-03-09T10:44:16+00:00","breadcrumb":{"@id":"https:\/\/lunatools.test.consids5.se\/pl\/#breadcrumb"},"inLanguage":"pl-PL","potentialAction":[{"@type":"ReadAction","target":["https:\/\/lunatools.test.consids5.se\/pl\/"]}]},{"@type":"BreadcrumbList","@id":"https:\/\/lunatools.test.consids5.se\/pl\/#breadcrumb","itemListElement":[{"@type":"ListItem","position":1,"name":"Home","item":"https:\/\/lunatools.test.consids5.se\/pl\/"},{"@type":"ListItem","position":2,"name":"Akcesoria do elektronarz\u0119dzi"}]},{"@type":"WebSite","@id":"https:\/\/lunatools.test.consids5.se\/en\/#website","url":"https:\/\/lunatools.test.consids5.se\/en\/","name":"Luna tools","description":"","publisher":{"@id":"https:\/\/lunatools.test.consids5.se\/en\/#organization"},"potentialAction":[{"@type":"SearchAction","target":{"@type":"EntryPoint","urlTemplate":"https:\/\/lunatools.test.consids5.se\/en\/?s={search_term_string}"},"query-input":"required name=search_term_string"}],"inLanguage":"pl-PL"},{"@type":"Organization","@id":"https:\/\/lunatools.test.consids5.se\/en\/#organization","name":"Luna Tools","url":"https:\/\/lunatools.test.consids5.se\/en\/","logo":{"@type":"ImageObject","inLanguage":"pl-PL","@id":"https:\/\/lunatools.test.consids5.se\/en\/#\/schema\/logo\/image\/","url":"https:\/\/lunatools.com\/wp-content\/uploads\/2019\/10\/LunaTools-gray-logo.png","contentUrl":"https:\/\/lunatools.com\/wp-content\/uploads\/2019\/10\/LunaTools-gray-logo.png","width":795,"height":309,"caption":"Luna Tools"},"image":{"@id":"https:\/\/lunatools.test.consids5.se\/en\/#\/schema\/logo\/image\/"}}]}},"_links":{"self":[{"href":"https:\/\/lunatools.test.consids5.se\/pl\/wp-json\/wp\/v2\/pages\/60080"}],"collection":[{"href":"https:\/\/lunatools.test.consids5.se\/pl\/wp-json\/wp\/v2\/pages"}],"about":[{"href":"https:\/\/lunatools.test.consids5.se\/pl\/wp-json\/wp\/v2\/types\/page"}],"author":[{"embeddable":true,"href":"https:\/\/lunatools.test.consids5.se\/pl\/wp-json\/wp\/v2\/users\/2"}],"replies":[{"embeddable":true,"href":"https:\/\/lunatools.test.consids5.se\/pl\/wp-json\/wp\/v2\/comments?post=60080"}],"version-history":[{"count":5,"href":"https:\/\/lunatools.test.consids5.se\/pl\/wp-json\/wp\/v2\/pages\/60080\/revisions"}],"predecessor-version":[{"id":63872,"href":"https:\/\/lunatools.test.consids5.se\/pl\/wp-json\/wp\/v2\/pages\/60080\/revisions\/63872"}],"wp:attachment":[{"href":"https:\/\/lunatools.test.consids5.se\/pl\/wp-json\/wp\/v2\/media?parent=60080"}],"curies":[{"name":"wp","href":"https:\/\/api.w.org\/{rel}","templated":true}]}}