{"id":63838,"date":"2019-08-23T10:01:12","date_gmt":"2019-08-23T10:01:12","guid":{"rendered":"https:\/\/lunatools.com\/verktygssakring\/"},"modified":"2021-11-03T12:00:26","modified_gmt":"2021-11-03T12:00:26","slug":"verktygssakring","status":"publish","type":"page","link":"https:\/\/lunatools.test.consids5.se\/pl\/verktygssakring\/","title":{"rendered":"Verktygss\u00e4kring f\u00f6r arbete p\u00e5 h\u00f6g h\u00f6jd &#8211; Polish"},"content":{"rendered":"","protected":false},"excerpt":{"rendered":"","protected":false},"author":1,"featured_media":0,"parent":0,"menu_order":0,"comment_status":"closed","ping_status":"closed","template":"template-product_type_landing_page.php","meta":{"_acf_changed":false,"footnotes":""},"class_list":["post-63838","page","type-page","status-publish","hentry"],"acf":[],"yoast_head":"<!-- This site is optimized with the Yoast SEO plugin v23.2 - https:\/\/yoast.com\/wordpress\/plugins\/seo\/ -->\n<title>Verktygss\u00e4kring f\u00f6r arbete p\u00e5 h\u00f6g h\u00f6jd - Polish - Luna tools<\/title>\n<meta name=\"description\" content=\"Vi g\u00f6r verktygss\u00e4kring enkelt. I sortimentet ing\u00e5r: Stropp, schakel, verktygsb\u00e4lte, svivel, karbinhake, Vulktejp, silikontejp och s\u00e4kerhetslina f\u00f6r verktyg.\" \/>\n<meta name=\"robots\" content=\"index, follow, max-snippet:-1, max-image-preview:large, max-video-preview:-1\" \/>\n<link rel=\"canonical\" href=\"https:\/\/lunatools.test.consids5.se\/pl\/verktygssakring\/\" \/>\n<meta property=\"og:locale\" content=\"pl_PL\" \/>\n<meta property=\"og:type\" content=\"article\" \/>\n<meta property=\"og:title\" content=\"Verktygss\u00e4kring f\u00f6r arbete p\u00e5 h\u00f6g h\u00f6jd - Polish - Luna tools\" \/>\n<meta property=\"og:description\" content=\"Vi g\u00f6r verktygss\u00e4kring enkelt. I sortimentet ing\u00e5r: Stropp, schakel, verktygsb\u00e4lte, svivel, karbinhake, Vulktejp, silikontejp och s\u00e4kerhetslina f\u00f6r verktyg.\" \/>\n<meta property=\"og:url\" content=\"https:\/\/lunatools.test.consids5.se\/pl\/verktygssakring\/\" \/>\n<meta property=\"og:site_name\" content=\"Luna tools\" \/>\n<meta property=\"article:modified_time\" content=\"2021-11-03T12:00:26+00:00\" \/>\n<script type=\"application\/ld+json\" class=\"yoast-schema-graph\">{\"@context\":\"https:\/\/schema.org\",\"@graph\":[{\"@type\":\"WebPage\",\"@id\":\"https:\/\/lunatools.test.consids5.se\/pl\/verktygssakring\/\",\"url\":\"https:\/\/lunatools.test.consids5.se\/pl\/verktygssakring\/\",\"name\":\"Verktygss\u00e4kring f\u00f6r arbete p\u00e5 h\u00f6g h\u00f6jd - Polish - Luna tools\",\"isPartOf\":{\"@id\":\"https:\/\/lunatools.test.consids5.se\/en\/#website\"},\"datePublished\":\"2019-08-23T10:01:12+00:00\",\"dateModified\":\"2021-11-03T12:00:26+00:00\",\"description\":\"Vi g\u00f6r verktygss\u00e4kring enkelt. I sortimentet ing\u00e5r: Stropp, schakel, verktygsb\u00e4lte, svivel, karbinhake, Vulktejp, silikontejp och s\u00e4kerhetslina f\u00f6r verktyg.\",\"breadcrumb\":{\"@id\":\"https:\/\/lunatools.test.consids5.se\/pl\/verktygssakring\/#breadcrumb\"},\"inLanguage\":\"pl-PL\",\"potentialAction\":[{\"@type\":\"ReadAction\",\"target\":[\"https:\/\/lunatools.test.consids5.se\/pl\/verktygssakring\/\"]}]},{\"@type\":\"BreadcrumbList\",\"@id\":\"https:\/\/lunatools.test.consids5.se\/pl\/verktygssakring\/#breadcrumb\",\"itemListElement\":[{\"@type\":\"ListItem\",\"position\":1,\"name\":\"Home\",\"item\":\"https:\/\/lunatools.test.consids5.se\/pl\/\"},{\"@type\":\"ListItem\",\"position\":2,\"name\":\"Verktygss\u00e4kring f\u00f6r arbete p\u00e5 h\u00f6g h\u00f6jd &#8211; Polish\"}]},{\"@type\":\"WebSite\",\"@id\":\"https:\/\/lunatools.test.consids5.se\/en\/#website\",\"url\":\"https:\/\/lunatools.test.consids5.se\/en\/\",\"name\":\"Luna tools\",\"description\":\"\",\"publisher\":{\"@id\":\"https:\/\/lunatools.test.consids5.se\/en\/#organization\"},\"potentialAction\":[{\"@type\":\"SearchAction\",\"target\":{\"@type\":\"EntryPoint\",\"urlTemplate\":\"https:\/\/lunatools.test.consids5.se\/en\/?s={search_term_string}\"},\"query-input\":\"required name=search_term_string\"}],\"inLanguage\":\"pl-PL\"},{\"@type\":\"Organization\",\"@id\":\"https:\/\/lunatools.test.consids5.se\/en\/#organization\",\"name\":\"Luna Tools\",\"url\":\"https:\/\/lunatools.test.consids5.se\/en\/\",\"logo\":{\"@type\":\"ImageObject\",\"inLanguage\":\"pl-PL\",\"@id\":\"https:\/\/lunatools.test.consids5.se\/en\/#\/schema\/logo\/image\/\",\"url\":\"https:\/\/lunatools.com\/wp-content\/uploads\/2019\/10\/LunaTools-gray-logo.png\",\"contentUrl\":\"https:\/\/lunatools.com\/wp-content\/uploads\/2019\/10\/LunaTools-gray-logo.png\",\"width\":795,\"height\":309,\"caption\":\"Luna Tools\"},\"image\":{\"@id\":\"https:\/\/lunatools.test.consids5.se\/en\/#\/schema\/logo\/image\/\"}}]}<\/script>\n<!-- \/ Yoast SEO plugin. -->","yoast_head_json":{"title":"Verktygss\u00e4kring f\u00f6r arbete p\u00e5 h\u00f6g h\u00f6jd - Polish - Luna tools","description":"Vi g\u00f6r verktygss\u00e4kring enkelt. I sortimentet ing\u00e5r: Stropp, schakel, verktygsb\u00e4lte, svivel, karbinhake, Vulktejp, silikontejp och s\u00e4kerhetslina f\u00f6r verktyg.","robots":{"index":"index","follow":"follow","max-snippet":"max-snippet:-1","max-image-preview":"max-image-preview:large","max-video-preview":"max-video-preview:-1"},"canonical":"https:\/\/lunatools.test.consids5.se\/pl\/verktygssakring\/","og_locale":"pl_PL","og_type":"article","og_title":"Verktygss\u00e4kring f\u00f6r arbete p\u00e5 h\u00f6g h\u00f6jd - Polish - Luna tools","og_description":"Vi g\u00f6r verktygss\u00e4kring enkelt. I sortimentet ing\u00e5r: Stropp, schakel, verktygsb\u00e4lte, svivel, karbinhake, Vulktejp, silikontejp och s\u00e4kerhetslina f\u00f6r verktyg.","og_url":"https:\/\/lunatools.test.consids5.se\/pl\/verktygssakring\/","og_site_name":"Luna tools","article_modified_time":"2021-11-03T12:00:26+00:00","schema":{"@context":"https:\/\/schema.org","@graph":[{"@type":"WebPage","@id":"https:\/\/lunatools.test.consids5.se\/pl\/verktygssakring\/","url":"https:\/\/lunatools.test.consids5.se\/pl\/verktygssakring\/","name":"Verktygss\u00e4kring f\u00f6r arbete p\u00e5 h\u00f6g h\u00f6jd - Polish - Luna tools","isPartOf":{"@id":"https:\/\/lunatools.test.consids5.se\/en\/#website"},"datePublished":"2019-08-23T10:01:12+00:00","dateModified":"2021-11-03T12:00:26+00:00","description":"Vi g\u00f6r verktygss\u00e4kring enkelt. I sortimentet ing\u00e5r: Stropp, schakel, verktygsb\u00e4lte, svivel, karbinhake, Vulktejp, silikontejp och s\u00e4kerhetslina f\u00f6r verktyg.","breadcrumb":{"@id":"https:\/\/lunatools.test.consids5.se\/pl\/verktygssakring\/#breadcrumb"},"inLanguage":"pl-PL","potentialAction":[{"@type":"ReadAction","target":["https:\/\/lunatools.test.consids5.se\/pl\/verktygssakring\/"]}]},{"@type":"BreadcrumbList","@id":"https:\/\/lunatools.test.consids5.se\/pl\/verktygssakring\/#breadcrumb","itemListElement":[{"@type":"ListItem","position":1,"name":"Home","item":"https:\/\/lunatools.test.consids5.se\/pl\/"},{"@type":"ListItem","position":2,"name":"Verktygss\u00e4kring f\u00f6r arbete p\u00e5 h\u00f6g h\u00f6jd &#8211; Polish"}]},{"@type":"WebSite","@id":"https:\/\/lunatools.test.consids5.se\/en\/#website","url":"https:\/\/lunatools.test.consids5.se\/en\/","name":"Luna tools","description":"","publisher":{"@id":"https:\/\/lunatools.test.consids5.se\/en\/#organization"},"potentialAction":[{"@type":"SearchAction","target":{"@type":"EntryPoint","urlTemplate":"https:\/\/lunatools.test.consids5.se\/en\/?s={search_term_string}"},"query-input":"required name=search_term_string"}],"inLanguage":"pl-PL"},{"@type":"Organization","@id":"https:\/\/lunatools.test.consids5.se\/en\/#organization","name":"Luna Tools","url":"https:\/\/lunatools.test.consids5.se\/en\/","logo":{"@type":"ImageObject","inLanguage":"pl-PL","@id":"https:\/\/lunatools.test.consids5.se\/en\/#\/schema\/logo\/image\/","url":"https:\/\/lunatools.com\/wp-content\/uploads\/2019\/10\/LunaTools-gray-logo.png","contentUrl":"https:\/\/lunatools.com\/wp-content\/uploads\/2019\/10\/LunaTools-gray-logo.png","width":795,"height":309,"caption":"Luna Tools"},"image":{"@id":"https:\/\/lunatools.test.consids5.se\/en\/#\/schema\/logo\/image\/"}}]}},"_links":{"self":[{"href":"https:\/\/lunatools.test.consids5.se\/pl\/wp-json\/wp\/v2\/pages\/63838"}],"collection":[{"href":"https:\/\/lunatools.test.consids5.se\/pl\/wp-json\/wp\/v2\/pages"}],"about":[{"href":"https:\/\/lunatools.test.consids5.se\/pl\/wp-json\/wp\/v2\/types\/page"}],"author":[{"embeddable":true,"href":"https:\/\/lunatools.test.consids5.se\/pl\/wp-json\/wp\/v2\/users\/1"}],"replies":[{"embeddable":true,"href":"https:\/\/lunatools.test.consids5.se\/pl\/wp-json\/wp\/v2\/comments?post=63838"}],"version-history":[{"count":1,"href":"https:\/\/lunatools.test.consids5.se\/pl\/wp-json\/wp\/v2\/pages\/63838\/revisions"}],"predecessor-version":[{"id":63839,"href":"https:\/\/lunatools.test.consids5.se\/pl\/wp-json\/wp\/v2\/pages\/63838\/revisions\/63839"}],"wp:attachment":[{"href":"https:\/\/lunatools.test.consids5.se\/pl\/wp-json\/wp\/v2\/media?parent=63838"}],"curies":[{"name":"wp","href":"https:\/\/api.w.org\/{rel}","templated":true}]}}