{"id":12556,"date":"2020-02-14T06:52:04","date_gmt":"2020-02-14T06:52:04","guid":{"rendered":"http:\/\/lunatools.com\/?page_id=12556"},"modified":"2021-03-22T12:23:32","modified_gmt":"2021-03-22T12:23:32","slug":"sa-borrar-man-bast-i-kakel-kakelborr","status":"publish","type":"page","link":"https:\/\/lunatools.test.consids5.se\/sv\/professional-guidance\/elverktygstillbehor\/kakel\/sa-borrar-man-bast-i-kakel-kakelborr\/","title":{"rendered":"S\u00e5 borrar man b\u00e4st i kakel"},"content":{"rendered":"<div class=\"wpb-content-wrapper\"><p>[vc_row][vc_column][vc_column_text]<\/p>\n<h4><strong>Kakelplattor riskerar att spricka om man inte anv\u00e4nder r\u00e4tt kakelborr. Att ers\u00e4tta en sprucken kakelplatta kan bli dyrt. <\/strong><\/h4>\n<p>[\/vc_column_text][vc_column_text]<\/p>\n<h4>V\u00e4lj r\u00e4tt borr<\/h4>\n<p>Det \u00e4r klart enklast att borra i kakel innan man s\u00e4tter upp det p\u00e5 v\u00e4ggen. Men f\u00f6r att g\u00f6ra det kr\u00e4vs en hel del planering. Kan man planera innan \u00e4r det bra, men det g\u00e5r givetvis att borra i kakelplattan n\u00e4r den \u00e4r uppsatt ocks\u00e5. Det g\u00e4ller d\u00e5 att ha r\u00e4tt borr, i detta fallet ett kakelborr. Det finns olika typer av kakelborr, <a href=\"https:\/\/lunatools.com\/sv\/product-category\/borr-sv\/kakelborr-sv\/\">vi har ett brett utbud av borr h\u00e4r.<\/a>[\/vc_column_text][vc_column_text]<\/p>\n<h4>Innan man b\u00f6rjar borra<\/h4>\n<p>Se till att ytan \u00e4r ren och fin innan borrningen startar. F\u00f6r att inte slinta med borren kan man s\u00e4tta upp maskeringstejp innan man k\u00f6r ig\u00e5ng. Det ska dock inte beh\u00f6vas om du anv\u00e4nder r\u00e4tt borr fr\u00e5n b\u00f6rjan. Ett kakelborr \u00e4r utformad med en speciell spets som g\u00f6r det enklare att centrera h\u00e5let.[\/vc_column_text][vc_column_text]<\/p>\n<h4>N\u00e4r du b\u00f6rjar borra i kakel eller keramik<\/h4>\n<p>V\u00e5ra kakelborr har en h\u00e5rdmetallsspets som minimerar risken f\u00f6r att materialet ska spricka. S\u00e4tt spetsen mot utvalt omr\u00e5de p\u00e5 kakelplattan. L\u00e4gg ett l\u00e4tt tryck, inte f\u00f6r h\u00e5rt, och borra f\u00f6rsiktig igenom plattan. Se till att inte ha f\u00f6r h\u00f6ga varvtal p\u00e5 borrmaskinen. <a href=\"https:\/\/youtu.be\/mZzi4bCRb1o\">Se v\u00e5r film om hur man borrar i kakel h\u00e4r<\/a>.[\/vc_column_text][vc_column_text]<\/p>\n<h4>Borra i kakel steg f\u00f6r steg<\/h4>\n<ul>\n<li>V\u00e4lj r\u00e4tt kakelborr. <a href=\"https:\/\/lunatools.com\/sv\/professional-guidance\/valj-ratt-stenborr\/\">Se v\u00e5r guide f\u00f6r olika kakelborr h\u00e4r<\/a><\/li>\n<li>Se till att ytan \u00e4r ren och fin innan borrning startar.<\/li>\n<li>Borra helst innan kakelplattan \u00e4r uppsatt p\u00e5 v\u00e4ggen. Det funkar om man planerar arbetet innan.<\/li>\n<li>S\u00e4tt kakelborrspetsen mot utvalt omr\u00e5de p\u00e5 kakelplattan och h\u00e5ll ett l\u00e4tt tryck genom hela processen. Tryck inte f\u00f6r h\u00e5rt.<\/li>\n<\/ul>\n<p>[\/vc_column_text][\/vc_column][\/vc_row]<\/p>\n<\/div>","protected":false},"excerpt":{"rendered":"[vc_row][vc_column][vc_column_text] Kakelplattor riskerar att spricka om man inte anv\u00e4nder r\u00e4tt kakelborr. Att ers\u00e4tta en sprucken kakelplatta kan bli dyrt. [\/vc_column_text][vc_column_text] V\u00e4lj r\u00e4tt borr Det \u00e4r klart enklast att borra i kakel innan man s\u00e4tter upp det p\u00e5 v\u00e4ggen. Men f\u00f6r att g\u00f6ra det kr\u00e4vs en hel del planering. Kan man planera innan \u00e4r det bra,&#8230; <a class=\"view-article\" href=\"https:\/\/lunatools.test.consids5.se\/sv\/professional-guidance\/elverktygstillbehor\/kakel\/sa-borrar-man-bast-i-kakel-kakelborr\/\">View Article<\/a>","protected":false},"author":2,"featured_media":4049,"parent":12543,"menu_order":0,"comment_status":"closed","ping_status":"closed","template":"","meta":{"_acf_changed":false,"footnotes":""},"class_list":["post-12556","page","type-page","status-publish","has-post-thumbnail","hentry"],"acf":[],"yoast_head":"<!-- This site is optimized with the Yoast SEO plugin v23.2 - https:\/\/yoast.com\/wordpress\/plugins\/seo\/ -->\n<title>Kakelborr | S\u00e5 borrar man b\u00e4st i kakel - Luna tools | Passar alla maskiner<\/title>\n<meta name=\"description\" content=\"V\u00e4lj r\u00e4tt kakelborr. Se till att ytan \u00e4r ren och fin innan borrning startar. Borra helst innan kakelplattan \u00e4r uppsatt p\u00e5 v\u00e4ggen. Planera arbetet.\" \/>\n<meta name=\"robots\" content=\"index, follow, max-snippet:-1, max-image-preview:large, max-video-preview:-1\" \/>\n<link rel=\"canonical\" href=\"https:\/\/lunatools.test.consids5.se\/sv\/professional-guidance\/elverktygstillbehor\/kakel\/sa-borrar-man-bast-i-kakel-kakelborr\/\" \/>\n<meta property=\"og:locale\" content=\"sv_SE\" \/>\n<meta property=\"og:type\" content=\"article\" \/>\n<meta property=\"og:title\" content=\"Kakelborr | S\u00e5 borrar man b\u00e4st i kakel - Luna tools | Passar alla maskiner\" \/>\n<meta property=\"og:description\" content=\"V\u00e4lj r\u00e4tt kakelborr. Se till att ytan \u00e4r ren och fin innan borrning startar. Borra helst innan kakelplattan \u00e4r uppsatt p\u00e5 v\u00e4ggen. Planera arbetet.\" \/>\n<meta property=\"og:url\" content=\"https:\/\/lunatools.test.consids5.se\/sv\/professional-guidance\/elverktygstillbehor\/kakel\/sa-borrar-man-bast-i-kakel-kakelborr\/\" \/>\n<meta property=\"og:site_name\" content=\"Luna tools\" \/>\n<meta property=\"article:modified_time\" content=\"2021-03-22T12:23:32+00:00\" \/>\n<meta property=\"og:image\" content=\"https:\/\/lunatools.test.consids5.se\/wp-content\/uploads\/2019\/01\/Borr_kategoribild.jpg\" \/>\n\t<meta property=\"og:image:width\" content=\"1500\" \/>\n\t<meta property=\"og:image:height\" content=\"910\" \/>\n\t<meta property=\"og:image:type\" content=\"image\/jpeg\" \/>\n<meta name=\"twitter:label1\" content=\"Est. reading time\" \/>\n\t<meta name=\"twitter:data1\" content=\"2 minutes\" \/>\n<script type=\"application\/ld+json\" class=\"yoast-schema-graph\">{\"@context\":\"https:\/\/schema.org\",\"@graph\":[{\"@type\":\"WebPage\",\"@id\":\"https:\/\/lunatools.test.consids5.se\/sv\/professional-guidance\/elverktygstillbehor\/kakel\/sa-borrar-man-bast-i-kakel-kakelborr\/\",\"url\":\"https:\/\/lunatools.test.consids5.se\/sv\/professional-guidance\/elverktygstillbehor\/kakel\/sa-borrar-man-bast-i-kakel-kakelborr\/\",\"name\":\"Kakelborr | S\u00e5 borrar man b\u00e4st i kakel - Luna tools | Passar alla maskiner\",\"isPartOf\":{\"@id\":\"https:\/\/lunatools.test.consids5.se\/en\/#website\"},\"primaryImageOfPage\":{\"@id\":\"https:\/\/lunatools.test.consids5.se\/sv\/professional-guidance\/elverktygstillbehor\/kakel\/sa-borrar-man-bast-i-kakel-kakelborr\/#primaryimage\"},\"image\":{\"@id\":\"https:\/\/lunatools.test.consids5.se\/sv\/professional-guidance\/elverktygstillbehor\/kakel\/sa-borrar-man-bast-i-kakel-kakelborr\/#primaryimage\"},\"thumbnailUrl\":\"https:\/\/lunatools.test.consids5.se\/wp-content\/uploads\/2019\/01\/Borr_kategoribild.jpg\",\"datePublished\":\"2020-02-14T06:52:04+00:00\",\"dateModified\":\"2021-03-22T12:23:32+00:00\",\"description\":\"V\u00e4lj r\u00e4tt kakelborr. Se till att ytan \u00e4r ren och fin innan borrning startar. Borra helst innan kakelplattan \u00e4r uppsatt p\u00e5 v\u00e4ggen. Planera arbetet.\",\"breadcrumb\":{\"@id\":\"https:\/\/lunatools.test.consids5.se\/sv\/professional-guidance\/elverktygstillbehor\/kakel\/sa-borrar-man-bast-i-kakel-kakelborr\/#breadcrumb\"},\"inLanguage\":\"sv-SE\",\"potentialAction\":[{\"@type\":\"ReadAction\",\"target\":[\"https:\/\/lunatools.test.consids5.se\/sv\/professional-guidance\/elverktygstillbehor\/kakel\/sa-borrar-man-bast-i-kakel-kakelborr\/\"]}]},{\"@type\":\"ImageObject\",\"inLanguage\":\"sv-SE\",\"@id\":\"https:\/\/lunatools.test.consids5.se\/sv\/professional-guidance\/elverktygstillbehor\/kakel\/sa-borrar-man-bast-i-kakel-kakelborr\/#primaryimage\",\"url\":\"https:\/\/lunatools.test.consids5.se\/wp-content\/uploads\/2019\/01\/Borr_kategoribild.jpg\",\"contentUrl\":\"https:\/\/lunatools.test.consids5.se\/wp-content\/uploads\/2019\/01\/Borr_kategoribild.jpg\",\"width\":1500,\"height\":910,\"caption\":\"I Lunas sortiment av borr finns allt fr\u00e5n kakelborr och metallborr till diamantborr f\u00f6r att kunna borra i kakel, borra i glas eller borra i metall.\"},{\"@type\":\"BreadcrumbList\",\"@id\":\"https:\/\/lunatools.test.consids5.se\/sv\/professional-guidance\/elverktygstillbehor\/kakel\/sa-borrar-man-bast-i-kakel-kakelborr\/#breadcrumb\",\"itemListElement\":[{\"@type\":\"ListItem\",\"position\":1,\"name\":\"Home\",\"item\":\"https:\/\/lunatools.test.consids5.se\/sv\/professionella-elverktygstillbehor-lunatools-startpage\/\"},{\"@type\":\"ListItem\",\"position\":2,\"name\":\"Professional guidance | R\u00e4tt verktyg f\u00f6r jobbet\",\"item\":\"https:\/\/lunatools.test.consids5.se\/sv\/professional-guidance\/\"},{\"@type\":\"ListItem\",\"position\":3,\"name\":\"Elverktygstillbeh\u00f6r\",\"item\":\"https:\/\/lunatools.test.consids5.se\/sv\/professional-guidance\/elverktygstillbehor\/\"},{\"@type\":\"ListItem\",\"position\":4,\"name\":\"Kakel\",\"item\":\"https:\/\/lunatools.test.consids5.se\/sv\/professional-guidance\/elverktygstillbehor\/kakel\/\"},{\"@type\":\"ListItem\",\"position\":5,\"name\":\"S\u00e5 borrar man b\u00e4st i kakel\"}]},{\"@type\":\"WebSite\",\"@id\":\"https:\/\/lunatools.test.consids5.se\/en\/#website\",\"url\":\"https:\/\/lunatools.test.consids5.se\/en\/\",\"name\":\"Luna tools\",\"description\":\"\",\"publisher\":{\"@id\":\"https:\/\/lunatools.test.consids5.se\/en\/#organization\"},\"potentialAction\":[{\"@type\":\"SearchAction\",\"target\":{\"@type\":\"EntryPoint\",\"urlTemplate\":\"https:\/\/lunatools.test.consids5.se\/en\/?s={search_term_string}\"},\"query-input\":\"required name=search_term_string\"}],\"inLanguage\":\"sv-SE\"},{\"@type\":\"Organization\",\"@id\":\"https:\/\/lunatools.test.consids5.se\/en\/#organization\",\"name\":\"Luna Tools\",\"url\":\"https:\/\/lunatools.test.consids5.se\/en\/\",\"logo\":{\"@type\":\"ImageObject\",\"inLanguage\":\"sv-SE\",\"@id\":\"https:\/\/lunatools.test.consids5.se\/en\/#\/schema\/logo\/image\/\",\"url\":\"https:\/\/lunatools.com\/wp-content\/uploads\/2019\/10\/LunaTools-gray-logo.png\",\"contentUrl\":\"https:\/\/lunatools.com\/wp-content\/uploads\/2019\/10\/LunaTools-gray-logo.png\",\"width\":795,\"height\":309,\"caption\":\"Luna Tools\"},\"image\":{\"@id\":\"https:\/\/lunatools.test.consids5.se\/en\/#\/schema\/logo\/image\/\"}}]}<\/script>\n<!-- \/ Yoast SEO plugin. -->","yoast_head_json":{"title":"Kakelborr | S\u00e5 borrar man b\u00e4st i kakel - Luna tools | Passar alla maskiner","description":"V\u00e4lj r\u00e4tt kakelborr. Se till att ytan \u00e4r ren och fin innan borrning startar. Borra helst innan kakelplattan \u00e4r uppsatt p\u00e5 v\u00e4ggen. Planera arbetet.","robots":{"index":"index","follow":"follow","max-snippet":"max-snippet:-1","max-image-preview":"max-image-preview:large","max-video-preview":"max-video-preview:-1"},"canonical":"https:\/\/lunatools.test.consids5.se\/sv\/professional-guidance\/elverktygstillbehor\/kakel\/sa-borrar-man-bast-i-kakel-kakelborr\/","og_locale":"sv_SE","og_type":"article","og_title":"Kakelborr | S\u00e5 borrar man b\u00e4st i kakel - Luna tools | Passar alla maskiner","og_description":"V\u00e4lj r\u00e4tt kakelborr. Se till att ytan \u00e4r ren och fin innan borrning startar. Borra helst innan kakelplattan \u00e4r uppsatt p\u00e5 v\u00e4ggen. Planera arbetet.","og_url":"https:\/\/lunatools.test.consids5.se\/sv\/professional-guidance\/elverktygstillbehor\/kakel\/sa-borrar-man-bast-i-kakel-kakelborr\/","og_site_name":"Luna tools","article_modified_time":"2021-03-22T12:23:32+00:00","og_image":[{"width":1500,"height":910,"url":"https:\/\/lunatools.test.consids5.se\/wp-content\/uploads\/2019\/01\/Borr_kategoribild.jpg","type":"image\/jpeg"}],"twitter_misc":{"Est. reading time":"2 minutes"},"schema":{"@context":"https:\/\/schema.org","@graph":[{"@type":"WebPage","@id":"https:\/\/lunatools.test.consids5.se\/sv\/professional-guidance\/elverktygstillbehor\/kakel\/sa-borrar-man-bast-i-kakel-kakelborr\/","url":"https:\/\/lunatools.test.consids5.se\/sv\/professional-guidance\/elverktygstillbehor\/kakel\/sa-borrar-man-bast-i-kakel-kakelborr\/","name":"Kakelborr | S\u00e5 borrar man b\u00e4st i kakel - Luna tools | Passar alla maskiner","isPartOf":{"@id":"https:\/\/lunatools.test.consids5.se\/en\/#website"},"primaryImageOfPage":{"@id":"https:\/\/lunatools.test.consids5.se\/sv\/professional-guidance\/elverktygstillbehor\/kakel\/sa-borrar-man-bast-i-kakel-kakelborr\/#primaryimage"},"image":{"@id":"https:\/\/lunatools.test.consids5.se\/sv\/professional-guidance\/elverktygstillbehor\/kakel\/sa-borrar-man-bast-i-kakel-kakelborr\/#primaryimage"},"thumbnailUrl":"https:\/\/lunatools.test.consids5.se\/wp-content\/uploads\/2019\/01\/Borr_kategoribild.jpg","datePublished":"2020-02-14T06:52:04+00:00","dateModified":"2021-03-22T12:23:32+00:00","description":"V\u00e4lj r\u00e4tt kakelborr. Se till att ytan \u00e4r ren och fin innan borrning startar. Borra helst innan kakelplattan \u00e4r uppsatt p\u00e5 v\u00e4ggen. Planera arbetet.","breadcrumb":{"@id":"https:\/\/lunatools.test.consids5.se\/sv\/professional-guidance\/elverktygstillbehor\/kakel\/sa-borrar-man-bast-i-kakel-kakelborr\/#breadcrumb"},"inLanguage":"sv-SE","potentialAction":[{"@type":"ReadAction","target":["https:\/\/lunatools.test.consids5.se\/sv\/professional-guidance\/elverktygstillbehor\/kakel\/sa-borrar-man-bast-i-kakel-kakelborr\/"]}]},{"@type":"ImageObject","inLanguage":"sv-SE","@id":"https:\/\/lunatools.test.consids5.se\/sv\/professional-guidance\/elverktygstillbehor\/kakel\/sa-borrar-man-bast-i-kakel-kakelborr\/#primaryimage","url":"https:\/\/lunatools.test.consids5.se\/wp-content\/uploads\/2019\/01\/Borr_kategoribild.jpg","contentUrl":"https:\/\/lunatools.test.consids5.se\/wp-content\/uploads\/2019\/01\/Borr_kategoribild.jpg","width":1500,"height":910,"caption":"I Lunas sortiment av borr finns allt fr\u00e5n kakelborr och metallborr till diamantborr f\u00f6r att kunna borra i kakel, borra i glas eller borra i metall."},{"@type":"BreadcrumbList","@id":"https:\/\/lunatools.test.consids5.se\/sv\/professional-guidance\/elverktygstillbehor\/kakel\/sa-borrar-man-bast-i-kakel-kakelborr\/#breadcrumb","itemListElement":[{"@type":"ListItem","position":1,"name":"Home","item":"https:\/\/lunatools.test.consids5.se\/sv\/professionella-elverktygstillbehor-lunatools-startpage\/"},{"@type":"ListItem","position":2,"name":"Professional guidance | R\u00e4tt verktyg f\u00f6r jobbet","item":"https:\/\/lunatools.test.consids5.se\/sv\/professional-guidance\/"},{"@type":"ListItem","position":3,"name":"Elverktygstillbeh\u00f6r","item":"https:\/\/lunatools.test.consids5.se\/sv\/professional-guidance\/elverktygstillbehor\/"},{"@type":"ListItem","position":4,"name":"Kakel","item":"https:\/\/lunatools.test.consids5.se\/sv\/professional-guidance\/elverktygstillbehor\/kakel\/"},{"@type":"ListItem","position":5,"name":"S\u00e5 borrar man b\u00e4st i kakel"}]},{"@type":"WebSite","@id":"https:\/\/lunatools.test.consids5.se\/en\/#website","url":"https:\/\/lunatools.test.consids5.se\/en\/","name":"Luna tools","description":"","publisher":{"@id":"https:\/\/lunatools.test.consids5.se\/en\/#organization"},"potentialAction":[{"@type":"SearchAction","target":{"@type":"EntryPoint","urlTemplate":"https:\/\/lunatools.test.consids5.se\/en\/?s={search_term_string}"},"query-input":"required name=search_term_string"}],"inLanguage":"sv-SE"},{"@type":"Organization","@id":"https:\/\/lunatools.test.consids5.se\/en\/#organization","name":"Luna Tools","url":"https:\/\/lunatools.test.consids5.se\/en\/","logo":{"@type":"ImageObject","inLanguage":"sv-SE","@id":"https:\/\/lunatools.test.consids5.se\/en\/#\/schema\/logo\/image\/","url":"https:\/\/lunatools.com\/wp-content\/uploads\/2019\/10\/LunaTools-gray-logo.png","contentUrl":"https:\/\/lunatools.com\/wp-content\/uploads\/2019\/10\/LunaTools-gray-logo.png","width":795,"height":309,"caption":"Luna Tools"},"image":{"@id":"https:\/\/lunatools.test.consids5.se\/en\/#\/schema\/logo\/image\/"}}]}},"_links":{"self":[{"href":"https:\/\/lunatools.test.consids5.se\/sv\/wp-json\/wp\/v2\/pages\/12556"}],"collection":[{"href":"https:\/\/lunatools.test.consids5.se\/sv\/wp-json\/wp\/v2\/pages"}],"about":[{"href":"https:\/\/lunatools.test.consids5.se\/sv\/wp-json\/wp\/v2\/types\/page"}],"author":[{"embeddable":true,"href":"https:\/\/lunatools.test.consids5.se\/sv\/wp-json\/wp\/v2\/users\/2"}],"replies":[{"embeddable":true,"href":"https:\/\/lunatools.test.consids5.se\/sv\/wp-json\/wp\/v2\/comments?post=12556"}],"version-history":[{"count":10,"href":"https:\/\/lunatools.test.consids5.se\/sv\/wp-json\/wp\/v2\/pages\/12556\/revisions"}],"predecessor-version":[{"id":60127,"href":"https:\/\/lunatools.test.consids5.se\/sv\/wp-json\/wp\/v2\/pages\/12556\/revisions\/60127"}],"up":[{"embeddable":true,"href":"https:\/\/lunatools.test.consids5.se\/sv\/wp-json\/wp\/v2\/pages\/12543"}],"wp:featuredmedia":[{"embeddable":true,"href":"https:\/\/lunatools.test.consids5.se\/sv\/wp-json\/wp\/v2\/media\/4049"}],"wp:attachment":[{"href":"https:\/\/lunatools.test.consids5.se\/sv\/wp-json\/wp\/v2\/media?parent=12556"}],"curies":[{"name":"wp","href":"https:\/\/api.w.org\/{rel}","templated":true}]}}