{"id":12567,"date":"2020-02-14T07:34:01","date_gmt":"2020-02-14T07:34:01","guid":{"rendered":"http:\/\/lunatools.com\/?page_id=12567"},"modified":"2020-02-25T08:37:14","modified_gmt":"2020-02-25T08:37:14","slug":"sa-gor-man-haltagning-i-kakel-halsag","status":"publish","type":"page","link":"https:\/\/lunatools.test.consids5.se\/sv\/professional-guidance\/elverktygstillbehor\/kakel\/sa-gor-man-haltagning-i-kakel-halsag\/","title":{"rendered":"S\u00e5 g\u00f6r man h\u00e5ltagning i kakel"},"content":{"rendered":"<div class=\"wpb-content-wrapper\"><p>[vc_row][vc_column][vc_column_text]<strong>Det b\u00e4sta s\u00e4ttet att g\u00f6ra runda h\u00e5l i kakel \u00e4r att anv\u00e4nda en h\u00e5ls\u00e5g med h\u00e5rdmetallst\u00e4nder. Inte nog f\u00f6r att materialet l\u00e4tt kan spricka m\u00e5ste h\u00e5let ocks\u00e5 bli symmetriskt. <\/strong>[\/vc_column_text][vc_column_text]<\/p>\n<h4>V\u00e4lj r\u00e4tt h\u00e5ls\u00e5g<\/h4>\n<p>Det \u00e4r enklast att g\u00f6r h\u00e5l i kakel innan man s\u00e4tter upp plattan p\u00e5 v\u00e4ggen (<a href=\"https:\/\/lunatools.com\/sv\/professional-guidance\/elverktygstillbehor\/kakel\/sa-borrar-man-bast-i-kakel-kakelborr\/\">l\u00e4s borra i kakel<\/a>). F\u00f6r att f\u00e5 till perfekt h\u00e5ltagning i kakel b\u00f6r man v\u00e4lja r\u00e4tt h\u00e5ls\u00e5g. <a href=\"https:\/\/lunatools.com\/sv\/product-category\/halsagar-sv\/?filtered=true&amp;for-bearbetning-av=kakel\">Se v\u00e5rt breda utbud av h\u00e5ls\u00e5gar f\u00f6r kakel h\u00e4r<\/a>.[\/vc_column_text][vc_column_text]<\/p>\n<h4>Innan man b\u00f6rjar borra<\/h4>\n<p>F\u00f6r att g\u00f6ra fina h\u00e5l i kakel g\u00e4ller det att man har r\u00e4tt verktyg. Om man ska anv\u00e4nda en h\u00e5ls\u00e5g och inte ett diamantborr g\u00e4ller det att man har ett med h\u00e5rdmetallst\u00e4nder. I och med att man borrar under en l\u00e4ngre tid g\u00e4ller ocks\u00e5 att h\u00e5ls\u00e5gen har minimal v\u00e4rmeutveckling. Ett tips \u00e4r att doppa h\u00e5ls\u00e5gen i vatten, dessutom dammar det mindre. Det kan ocks\u00e5 vara bra att borra ett litet h\u00e5l i f\u00f6rv\u00e4g f\u00f6r centrumborren som f\u00e4ster h\u00e5ls\u00e5gen.[\/vc_column_text][vc_column_text]<\/p>\n<h4>N\u00e4r du b\u00f6rjar borra i kakel eller keramik<\/h4>\n<p>V\u00e5ra h\u00e5ls\u00e5gar har h\u00e5rdmetalst\u00e4nder som minimerar risken f\u00f6r att materialet ska spricka. S\u00e4tt h\u00e5ls\u00e5gen mot utvalt omr\u00e5de p\u00e5 kakelplattan. Det kan vara bra att st\u00e4lla in mittborren s\u00e5 att inte s\u00e5gen g\u00e5r f\u00f6r djupt. N\u00e4r h\u00e5ls\u00e5gen \u00e4r igenom ytskiktet och ner ca 3\u20134 mm kan man ta bort mittborren och s\u00e5ga igenom plattan. L\u00e4gg ett l\u00e4tt tryck, inte f\u00f6r h\u00e5rt, och borra f\u00f6rsiktig igenom plattan. Se till att inte ha f\u00f6r h\u00f6ga varvtal p\u00e5 borrmaskinen.[\/vc_column_text][vc_column_text]<\/p>\n<h4>H\u00e5ltagning i kakel steg f\u00f6r steg<\/h4>\n<ul>\n<li>V\u00e4lj ett h\u00e5ls\u00e5g med h\u00e5rdmetallst\u00e4nder.<\/li>\n<li>Se till att ytan \u00e4r ren och fin innan borrning startar.<\/li>\n<li>G\u00f6r ett litet h\u00e5l f\u00f6rst med ett kakelborr s\u00e5 att inte h\u00e5ls\u00e5gen slinter (<a href=\"https:\/\/lunatools.com\/sv\/professional-guidance\/elverktygstillbehor\/kakel\/sa-borrar-man-bast-i-kakel-kakelborr\/\">l\u00e4s borra i kakel<\/a>)<\/li>\n<li>Doppa h\u00e5ls\u00e5gen i vatten och justera mittborren s\u00e5 att inte h\u00e5ls\u00e5gen g\u00e5r f\u00f6r djupt.<\/li>\n<li>Borra f\u00f6rsiktigt igenom ytskiktet och ner ca 3\u20134 mm<\/li>\n<\/ul>\n<p>[\/vc_column_text][\/vc_column][\/vc_row]<\/p>\n<\/div>","protected":false},"excerpt":{"rendered":"[vc_row][vc_column][vc_column_text]Det b\u00e4sta s\u00e4ttet att g\u00f6ra runda h\u00e5l i kakel \u00e4r att anv\u00e4nda en h\u00e5ls\u00e5g med h\u00e5rdmetallst\u00e4nder. Inte nog f\u00f6r att materialet l\u00e4tt kan spricka m\u00e5ste h\u00e5let ocks\u00e5 bli symmetriskt. [\/vc_column_text][vc_column_text] V\u00e4lj r\u00e4tt h\u00e5ls\u00e5g Det \u00e4r enklast att g\u00f6r h\u00e5l i kakel innan man s\u00e4tter upp plattan p\u00e5 v\u00e4ggen (l\u00e4s borra i kakel). F\u00f6r att f\u00e5&#8230; <a class=\"view-article\" href=\"https:\/\/lunatools.test.consids5.se\/sv\/professional-guidance\/elverktygstillbehor\/kakel\/sa-gor-man-haltagning-i-kakel-halsag\/\">View Article<\/a>","protected":false},"author":2,"featured_media":4053,"parent":12543,"menu_order":0,"comment_status":"closed","ping_status":"closed","template":"","meta":{"_acf_changed":false,"footnotes":""},"class_list":["post-12567","page","type-page","status-publish","has-post-thumbnail","hentry"],"acf":[],"yoast_head":"<!-- This site is optimized with the Yoast SEO plugin v23.2 - https:\/\/yoast.com\/wordpress\/plugins\/seo\/ -->\n<title>H\u00e5ls\u00e5g | S\u00e5 g\u00f6r man h\u00e5ltagning i kakel - Luna tools<\/title>\n<meta name=\"description\" content=\"V\u00e4lj ett h\u00e5ls\u00e5g med h\u00e5rdmetallst\u00e4nder.Se till att ytan \u00e4r ren och fin innan borrning startar. G\u00f6r ett litet h\u00e5l f\u00f6rst med ett kakelborr s\u00e5 att inte h\u00e5ls\u00e5gen\" \/>\n<meta name=\"robots\" content=\"index, follow, max-snippet:-1, max-image-preview:large, max-video-preview:-1\" \/>\n<link rel=\"canonical\" href=\"https:\/\/lunatools.test.consids5.se\/sv\/professional-guidance\/elverktygstillbehor\/kakel\/sa-gor-man-haltagning-i-kakel-halsag\/\" \/>\n<meta property=\"og:locale\" content=\"sv_SE\" \/>\n<meta property=\"og:type\" content=\"article\" \/>\n<meta property=\"og:title\" content=\"H\u00e5ls\u00e5g | S\u00e5 g\u00f6r man h\u00e5ltagning i kakel - Luna tools\" \/>\n<meta property=\"og:description\" content=\"V\u00e4lj ett h\u00e5ls\u00e5g med h\u00e5rdmetallst\u00e4nder.Se till att ytan \u00e4r ren och fin innan borrning startar. G\u00f6r ett litet h\u00e5l f\u00f6rst med ett kakelborr s\u00e5 att inte h\u00e5ls\u00e5gen\" \/>\n<meta property=\"og:url\" content=\"https:\/\/lunatools.test.consids5.se\/sv\/professional-guidance\/elverktygstillbehor\/kakel\/sa-gor-man-haltagning-i-kakel-halsag\/\" \/>\n<meta property=\"og:site_name\" content=\"Luna tools\" \/>\n<meta property=\"article:modified_time\" content=\"2020-02-25T08:37:14+00:00\" \/>\n<meta property=\"og:image\" content=\"https:\/\/lunatools.test.consids5.se\/wp-content\/uploads\/2019\/01\/Halsagar_luna.jpg\" \/>\n\t<meta property=\"og:image:width\" content=\"1500\" \/>\n\t<meta property=\"og:image:height\" content=\"910\" \/>\n\t<meta property=\"og:image:type\" content=\"image\/jpeg\" \/>\n<meta name=\"twitter:label1\" content=\"Est. reading time\" \/>\n\t<meta name=\"twitter:data1\" content=\"2 minutes\" \/>\n<script type=\"application\/ld+json\" class=\"yoast-schema-graph\">{\"@context\":\"https:\/\/schema.org\",\"@graph\":[{\"@type\":\"WebPage\",\"@id\":\"https:\/\/lunatools.test.consids5.se\/sv\/professional-guidance\/elverktygstillbehor\/kakel\/sa-gor-man-haltagning-i-kakel-halsag\/\",\"url\":\"https:\/\/lunatools.test.consids5.se\/sv\/professional-guidance\/elverktygstillbehor\/kakel\/sa-gor-man-haltagning-i-kakel-halsag\/\",\"name\":\"H\u00e5ls\u00e5g | S\u00e5 g\u00f6r man h\u00e5ltagning i kakel - Luna tools\",\"isPartOf\":{\"@id\":\"https:\/\/lunatools.test.consids5.se\/en\/#website\"},\"primaryImageOfPage\":{\"@id\":\"https:\/\/lunatools.test.consids5.se\/sv\/professional-guidance\/elverktygstillbehor\/kakel\/sa-gor-man-haltagning-i-kakel-halsag\/#primaryimage\"},\"image\":{\"@id\":\"https:\/\/lunatools.test.consids5.se\/sv\/professional-guidance\/elverktygstillbehor\/kakel\/sa-gor-man-haltagning-i-kakel-halsag\/#primaryimage\"},\"thumbnailUrl\":\"https:\/\/lunatools.test.consids5.se\/wp-content\/uploads\/2019\/01\/Halsagar_luna.jpg\",\"datePublished\":\"2020-02-14T07:34:01+00:00\",\"dateModified\":\"2020-02-25T08:37:14+00:00\",\"description\":\"V\u00e4lj ett h\u00e5ls\u00e5g med h\u00e5rdmetallst\u00e4nder.Se till att ytan \u00e4r ren och fin innan borrning startar. G\u00f6r ett litet h\u00e5l f\u00f6rst med ett kakelborr s\u00e5 att inte h\u00e5ls\u00e5gen\",\"breadcrumb\":{\"@id\":\"https:\/\/lunatools.test.consids5.se\/sv\/professional-guidance\/elverktygstillbehor\/kakel\/sa-gor-man-haltagning-i-kakel-halsag\/#breadcrumb\"},\"inLanguage\":\"sv-SE\",\"potentialAction\":[{\"@type\":\"ReadAction\",\"target\":[\"https:\/\/lunatools.test.consids5.se\/sv\/professional-guidance\/elverktygstillbehor\/kakel\/sa-gor-man-haltagning-i-kakel-halsag\/\"]}]},{\"@type\":\"ImageObject\",\"inLanguage\":\"sv-SE\",\"@id\":\"https:\/\/lunatools.test.consids5.se\/sv\/professional-guidance\/elverktygstillbehor\/kakel\/sa-gor-man-haltagning-i-kakel-halsag\/#primaryimage\",\"url\":\"https:\/\/lunatools.test.consids5.se\/wp-content\/uploads\/2019\/01\/Halsagar_luna.jpg\",\"contentUrl\":\"https:\/\/lunatools.test.consids5.se\/wp-content\/uploads\/2019\/01\/Halsagar_luna.jpg\",\"width\":1500,\"height\":910,\"caption\":\"H\u00e5ls\u00e5gar Luna Tools\"},{\"@type\":\"BreadcrumbList\",\"@id\":\"https:\/\/lunatools.test.consids5.se\/sv\/professional-guidance\/elverktygstillbehor\/kakel\/sa-gor-man-haltagning-i-kakel-halsag\/#breadcrumb\",\"itemListElement\":[{\"@type\":\"ListItem\",\"position\":1,\"name\":\"Home\",\"item\":\"https:\/\/lunatools.test.consids5.se\/sv\/professionella-elverktygstillbehor-lunatools-startpage\/\"},{\"@type\":\"ListItem\",\"position\":2,\"name\":\"Professional guidance | R\u00e4tt verktyg f\u00f6r jobbet\",\"item\":\"https:\/\/lunatools.test.consids5.se\/sv\/professional-guidance\/\"},{\"@type\":\"ListItem\",\"position\":3,\"name\":\"Elverktygstillbeh\u00f6r\",\"item\":\"https:\/\/lunatools.test.consids5.se\/sv\/professional-guidance\/elverktygstillbehor\/\"},{\"@type\":\"ListItem\",\"position\":4,\"name\":\"Kakel\",\"item\":\"https:\/\/lunatools.test.consids5.se\/sv\/professional-guidance\/elverktygstillbehor\/kakel\/\"},{\"@type\":\"ListItem\",\"position\":5,\"name\":\"S\u00e5 g\u00f6r man h\u00e5ltagning i kakel\"}]},{\"@type\":\"WebSite\",\"@id\":\"https:\/\/lunatools.test.consids5.se\/en\/#website\",\"url\":\"https:\/\/lunatools.test.consids5.se\/en\/\",\"name\":\"Luna tools\",\"description\":\"\",\"publisher\":{\"@id\":\"https:\/\/lunatools.test.consids5.se\/en\/#organization\"},\"potentialAction\":[{\"@type\":\"SearchAction\",\"target\":{\"@type\":\"EntryPoint\",\"urlTemplate\":\"https:\/\/lunatools.test.consids5.se\/en\/?s={search_term_string}\"},\"query-input\":\"required name=search_term_string\"}],\"inLanguage\":\"sv-SE\"},{\"@type\":\"Organization\",\"@id\":\"https:\/\/lunatools.test.consids5.se\/en\/#organization\",\"name\":\"Luna Tools\",\"url\":\"https:\/\/lunatools.test.consids5.se\/en\/\",\"logo\":{\"@type\":\"ImageObject\",\"inLanguage\":\"sv-SE\",\"@id\":\"https:\/\/lunatools.test.consids5.se\/en\/#\/schema\/logo\/image\/\",\"url\":\"https:\/\/lunatools.com\/wp-content\/uploads\/2019\/10\/LunaTools-gray-logo.png\",\"contentUrl\":\"https:\/\/lunatools.com\/wp-content\/uploads\/2019\/10\/LunaTools-gray-logo.png\",\"width\":795,\"height\":309,\"caption\":\"Luna Tools\"},\"image\":{\"@id\":\"https:\/\/lunatools.test.consids5.se\/en\/#\/schema\/logo\/image\/\"}}]}<\/script>\n<!-- \/ Yoast SEO plugin. -->","yoast_head_json":{"title":"H\u00e5ls\u00e5g | S\u00e5 g\u00f6r man h\u00e5ltagning i kakel - Luna tools","description":"V\u00e4lj ett h\u00e5ls\u00e5g med h\u00e5rdmetallst\u00e4nder.Se till att ytan \u00e4r ren och fin innan borrning startar. G\u00f6r ett litet h\u00e5l f\u00f6rst med ett kakelborr s\u00e5 att inte h\u00e5ls\u00e5gen","robots":{"index":"index","follow":"follow","max-snippet":"max-snippet:-1","max-image-preview":"max-image-preview:large","max-video-preview":"max-video-preview:-1"},"canonical":"https:\/\/lunatools.test.consids5.se\/sv\/professional-guidance\/elverktygstillbehor\/kakel\/sa-gor-man-haltagning-i-kakel-halsag\/","og_locale":"sv_SE","og_type":"article","og_title":"H\u00e5ls\u00e5g | S\u00e5 g\u00f6r man h\u00e5ltagning i kakel - Luna tools","og_description":"V\u00e4lj ett h\u00e5ls\u00e5g med h\u00e5rdmetallst\u00e4nder.Se till att ytan \u00e4r ren och fin innan borrning startar. G\u00f6r ett litet h\u00e5l f\u00f6rst med ett kakelborr s\u00e5 att inte h\u00e5ls\u00e5gen","og_url":"https:\/\/lunatools.test.consids5.se\/sv\/professional-guidance\/elverktygstillbehor\/kakel\/sa-gor-man-haltagning-i-kakel-halsag\/","og_site_name":"Luna tools","article_modified_time":"2020-02-25T08:37:14+00:00","og_image":[{"width":1500,"height":910,"url":"https:\/\/lunatools.test.consids5.se\/wp-content\/uploads\/2019\/01\/Halsagar_luna.jpg","type":"image\/jpeg"}],"twitter_misc":{"Est. reading time":"2 minutes"},"schema":{"@context":"https:\/\/schema.org","@graph":[{"@type":"WebPage","@id":"https:\/\/lunatools.test.consids5.se\/sv\/professional-guidance\/elverktygstillbehor\/kakel\/sa-gor-man-haltagning-i-kakel-halsag\/","url":"https:\/\/lunatools.test.consids5.se\/sv\/professional-guidance\/elverktygstillbehor\/kakel\/sa-gor-man-haltagning-i-kakel-halsag\/","name":"H\u00e5ls\u00e5g | S\u00e5 g\u00f6r man h\u00e5ltagning i kakel - Luna tools","isPartOf":{"@id":"https:\/\/lunatools.test.consids5.se\/en\/#website"},"primaryImageOfPage":{"@id":"https:\/\/lunatools.test.consids5.se\/sv\/professional-guidance\/elverktygstillbehor\/kakel\/sa-gor-man-haltagning-i-kakel-halsag\/#primaryimage"},"image":{"@id":"https:\/\/lunatools.test.consids5.se\/sv\/professional-guidance\/elverktygstillbehor\/kakel\/sa-gor-man-haltagning-i-kakel-halsag\/#primaryimage"},"thumbnailUrl":"https:\/\/lunatools.test.consids5.se\/wp-content\/uploads\/2019\/01\/Halsagar_luna.jpg","datePublished":"2020-02-14T07:34:01+00:00","dateModified":"2020-02-25T08:37:14+00:00","description":"V\u00e4lj ett h\u00e5ls\u00e5g med h\u00e5rdmetallst\u00e4nder.Se till att ytan \u00e4r ren och fin innan borrning startar. G\u00f6r ett litet h\u00e5l f\u00f6rst med ett kakelborr s\u00e5 att inte h\u00e5ls\u00e5gen","breadcrumb":{"@id":"https:\/\/lunatools.test.consids5.se\/sv\/professional-guidance\/elverktygstillbehor\/kakel\/sa-gor-man-haltagning-i-kakel-halsag\/#breadcrumb"},"inLanguage":"sv-SE","potentialAction":[{"@type":"ReadAction","target":["https:\/\/lunatools.test.consids5.se\/sv\/professional-guidance\/elverktygstillbehor\/kakel\/sa-gor-man-haltagning-i-kakel-halsag\/"]}]},{"@type":"ImageObject","inLanguage":"sv-SE","@id":"https:\/\/lunatools.test.consids5.se\/sv\/professional-guidance\/elverktygstillbehor\/kakel\/sa-gor-man-haltagning-i-kakel-halsag\/#primaryimage","url":"https:\/\/lunatools.test.consids5.se\/wp-content\/uploads\/2019\/01\/Halsagar_luna.jpg","contentUrl":"https:\/\/lunatools.test.consids5.se\/wp-content\/uploads\/2019\/01\/Halsagar_luna.jpg","width":1500,"height":910,"caption":"H\u00e5ls\u00e5gar Luna Tools"},{"@type":"BreadcrumbList","@id":"https:\/\/lunatools.test.consids5.se\/sv\/professional-guidance\/elverktygstillbehor\/kakel\/sa-gor-man-haltagning-i-kakel-halsag\/#breadcrumb","itemListElement":[{"@type":"ListItem","position":1,"name":"Home","item":"https:\/\/lunatools.test.consids5.se\/sv\/professionella-elverktygstillbehor-lunatools-startpage\/"},{"@type":"ListItem","position":2,"name":"Professional guidance | R\u00e4tt verktyg f\u00f6r jobbet","item":"https:\/\/lunatools.test.consids5.se\/sv\/professional-guidance\/"},{"@type":"ListItem","position":3,"name":"Elverktygstillbeh\u00f6r","item":"https:\/\/lunatools.test.consids5.se\/sv\/professional-guidance\/elverktygstillbehor\/"},{"@type":"ListItem","position":4,"name":"Kakel","item":"https:\/\/lunatools.test.consids5.se\/sv\/professional-guidance\/elverktygstillbehor\/kakel\/"},{"@type":"ListItem","position":5,"name":"S\u00e5 g\u00f6r man h\u00e5ltagning i kakel"}]},{"@type":"WebSite","@id":"https:\/\/lunatools.test.consids5.se\/en\/#website","url":"https:\/\/lunatools.test.consids5.se\/en\/","name":"Luna tools","description":"","publisher":{"@id":"https:\/\/lunatools.test.consids5.se\/en\/#organization"},"potentialAction":[{"@type":"SearchAction","target":{"@type":"EntryPoint","urlTemplate":"https:\/\/lunatools.test.consids5.se\/en\/?s={search_term_string}"},"query-input":"required name=search_term_string"}],"inLanguage":"sv-SE"},{"@type":"Organization","@id":"https:\/\/lunatools.test.consids5.se\/en\/#organization","name":"Luna Tools","url":"https:\/\/lunatools.test.consids5.se\/en\/","logo":{"@type":"ImageObject","inLanguage":"sv-SE","@id":"https:\/\/lunatools.test.consids5.se\/en\/#\/schema\/logo\/image\/","url":"https:\/\/lunatools.com\/wp-content\/uploads\/2019\/10\/LunaTools-gray-logo.png","contentUrl":"https:\/\/lunatools.com\/wp-content\/uploads\/2019\/10\/LunaTools-gray-logo.png","width":795,"height":309,"caption":"Luna Tools"},"image":{"@id":"https:\/\/lunatools.test.consids5.se\/en\/#\/schema\/logo\/image\/"}}]}},"_links":{"self":[{"href":"https:\/\/lunatools.test.consids5.se\/sv\/wp-json\/wp\/v2\/pages\/12567"}],"collection":[{"href":"https:\/\/lunatools.test.consids5.se\/sv\/wp-json\/wp\/v2\/pages"}],"about":[{"href":"https:\/\/lunatools.test.consids5.se\/sv\/wp-json\/wp\/v2\/types\/page"}],"author":[{"embeddable":true,"href":"https:\/\/lunatools.test.consids5.se\/sv\/wp-json\/wp\/v2\/users\/2"}],"replies":[{"embeddable":true,"href":"https:\/\/lunatools.test.consids5.se\/sv\/wp-json\/wp\/v2\/comments?post=12567"}],"version-history":[{"count":3,"href":"https:\/\/lunatools.test.consids5.se\/sv\/wp-json\/wp\/v2\/pages\/12567\/revisions"}],"predecessor-version":[{"id":12570,"href":"https:\/\/lunatools.test.consids5.se\/sv\/wp-json\/wp\/v2\/pages\/12567\/revisions\/12570"}],"up":[{"embeddable":true,"href":"https:\/\/lunatools.test.consids5.se\/sv\/wp-json\/wp\/v2\/pages\/12543"}],"wp:featuredmedia":[{"embeddable":true,"href":"https:\/\/lunatools.test.consids5.se\/sv\/wp-json\/wp\/v2\/media\/4053"}],"wp:attachment":[{"href":"https:\/\/lunatools.test.consids5.se\/sv\/wp-json\/wp\/v2\/media?parent=12567"}],"curies":[{"name":"wp","href":"https:\/\/api.w.org\/{rel}","templated":true}]}}