{"id":12573,"date":"2020-02-14T08:45:27","date_gmt":"2020-02-14T08:45:27","guid":{"rendered":"http:\/\/lunatools.com\/?page_id=12573"},"modified":"2021-05-27T08:48:25","modified_gmt":"2021-05-27T08:48:25","slug":"sa-borrar-och-pluggar-man-i-hard-betong-betongborr","status":"publish","type":"page","link":"https:\/\/lunatools.test.consids5.se\/sv\/professional-guidance\/elverktygstillbehor\/betong\/sa-borrar-och-pluggar-man-i-hard-betong-betongborr\/","title":{"rendered":"S\u00e5 borrar och pluggar man i h\u00e5rd betong"},"content":{"rendered":"<div class=\"wpb-content-wrapper\"><p>[vc_row][vc_column][vc_column_text]<strong>Ett betongborr \u00e4r den absolut effektivaste metoden f\u00f6r att borra i h\u00e5rd betong. Det i kombination med en slagborrmaskin eller borrhammare uppn\u00e5r b\u00e4st resultat<\/strong>[\/vc_column_text][vc_column_text]<\/p>\n<h4>V\u00e4lj r\u00e4tt maskin<\/h4>\n<p>Det f\u00f6rsta steget f\u00f6r att effektivt borra i h\u00e5rdbetong \u00e4r att v\u00e4lja en maskin som passar f\u00f6r \u00e4ndam\u00e5let. Beroende p\u00e5 hur h\u00e5rt materialet \u00e4r kan man v\u00e4lja mellan slagborr och borrhammare. Men det \u00e4r viktigt att v\u00e4lja en maskin som har slagkraft.[\/vc_column_text][vc_column_text]<\/p>\n<h4>V\u00e4lj r\u00e4tt betongborr<\/h4>\n<p>Tips vid val av betongborr \u00e4r att kolla p\u00e5 spirall\u00e4ngd och dimension. Ska du g\u00f6ra st\u00f6rre h\u00e5l \u00e4r det bra att ha flera dimensioner tillg\u00e4ngliga. Det finns att k\u00f6pa b\u00e5de som paket och styck. <a href=\"https:\/\/lunatools.com\/sv\/product-category\/borr-sv\/betongborr-sv\/\">Se h\u00e4r f\u00f6r ett urval av betongborrar.<\/a> Borrens spets hj\u00e4lper dig att hacka in i den h\u00e5rda betongen. Sk\u00e4ren m\u00e5ste vara i h\u00e5rdmetall. <a href=\"https:\/\/lunatools.com\/sv\/professional-guidance\/valj-ratt-stenborr\/\">Se v\u00e5r guide f\u00f6r vilken typ av stenborr som passar.<\/a>[\/vc_column_text][vc_column_text]<\/p>\n<h4>Innan du borrar<\/h4>\n<p>Se till att du har r\u00e4tt plugg, skruv, borr och maskin. Det \u00e4r \u00e4ven bra att ha en dammsugare p\u00e5 plats f\u00f6r att suga ur h\u00e5let efter man borrat. F\u00f6r att inte borra f\u00f6r djupt in \u00e4r det ocks\u00e5 bra att anv\u00e4nda en borrstoppare. Annars kan pluggen \u00e5ka f\u00f6r l\u00e5ngt in i h\u00e5llet n\u00e4r man skruvar.[\/vc_column_text][vc_column_text]<\/p>\n<h4>Borra i h\u00e5rd betong steg f\u00f6r steg<\/h4>\n<ul>\n<li>V\u00e4lj r\u00e4tt maskin med slagkraft.<\/li>\n<li>Vid h\u00e5rdare material kan du beh\u00f6va en borrhammare f\u00f6r mer slagkraft.<\/li>\n<li>Se till att v\u00e4lja ett betongborr som matchar ditt behov. Kolla p\u00e5 spirall\u00e4ngd och dimension.<\/li>\n<li>F\u00f6r att borra st\u00f6rre h\u00e5l \u00e4r det rekommenderat att borra ett mindre h\u00e5l f\u00f6rst.<\/li>\n<li>Sug ur h\u00e5let innan du s\u00e4tter i pluggen, annars g\u00e5r den inte i.<\/li>\n<li>Se till att ha en skruv som matchar pluggen.<\/li>\n<\/ul>\n<p>[\/vc_column_text][\/vc_column][\/vc_row]<\/p>\n<\/div>","protected":false},"excerpt":{"rendered":"[vc_row][vc_column][vc_column_text]Ett betongborr \u00e4r den absolut effektivaste metoden f\u00f6r att borra i h\u00e5rd betong. Det i kombination med en slagborrmaskin eller borrhammare uppn\u00e5r b\u00e4st resultat[\/vc_column_text][vc_column_text] V\u00e4lj r\u00e4tt maskin Det f\u00f6rsta steget f\u00f6r att effektivt borra i h\u00e5rdbetong \u00e4r att v\u00e4lja en maskin som passar f\u00f6r \u00e4ndam\u00e5let. Beroende p\u00e5 hur h\u00e5rt materialet \u00e4r kan man v\u00e4lja mellan&#8230; <a class=\"view-article\" href=\"https:\/\/lunatools.test.consids5.se\/sv\/professional-guidance\/elverktygstillbehor\/betong\/sa-borrar-och-pluggar-man-i-hard-betong-betongborr\/\">View Article<\/a>","protected":false},"author":2,"featured_media":4049,"parent":12571,"menu_order":0,"comment_status":"closed","ping_status":"closed","template":"","meta":{"_acf_changed":false,"footnotes":""},"class_list":["post-12573","page","type-page","status-publish","has-post-thumbnail","hentry"],"acf":[],"yoast_head":"<!-- This site is optimized with the Yoast SEO plugin v23.2 - https:\/\/yoast.com\/wordpress\/plugins\/seo\/ -->\n<title>Betongborr | S\u00e5 borrar och pluggar man i h\u00e5rd betong - Luna tools<\/title>\n<meta name=\"description\" content=\"V\u00e4lj r\u00e4tt maskin med slagkraft. Vid h\u00e5rdare material kan du beh\u00f6va en borrhammare f\u00f6r mer slagkraft. Se till att v\u00e4lja ett betongborr som matchar ditt behov\" \/>\n<meta name=\"robots\" content=\"index, nofollow, max-snippet:-1, max-image-preview:large, max-video-preview:-1\" \/>\n<link rel=\"canonical\" href=\"https:\/\/lunatools.test.consids5.se\/sv\/professional-guidance\/elverktygstillbehor\/betong\/sa-borrar-och-pluggar-man-i-hard-betong-betongborr\/\" \/>\n<meta property=\"og:locale\" content=\"sv_SE\" \/>\n<meta property=\"og:type\" content=\"article\" \/>\n<meta property=\"og:title\" content=\"Betongborr | S\u00e5 borrar och pluggar man i h\u00e5rd betong - Luna tools\" \/>\n<meta property=\"og:description\" content=\"V\u00e4lj r\u00e4tt maskin med slagkraft. Vid h\u00e5rdare material kan du beh\u00f6va en borrhammare f\u00f6r mer slagkraft. Se till att v\u00e4lja ett betongborr som matchar ditt behov\" \/>\n<meta property=\"og:url\" content=\"https:\/\/lunatools.test.consids5.se\/sv\/professional-guidance\/elverktygstillbehor\/betong\/sa-borrar-och-pluggar-man-i-hard-betong-betongborr\/\" \/>\n<meta property=\"og:site_name\" content=\"Luna tools\" \/>\n<meta property=\"article:modified_time\" content=\"2021-05-27T08:48:25+00:00\" \/>\n<meta property=\"og:image\" content=\"https:\/\/lunatools.test.consids5.se\/wp-content\/uploads\/2019\/01\/Borr_kategoribild.jpg\" \/>\n\t<meta property=\"og:image:width\" content=\"1500\" \/>\n\t<meta property=\"og:image:height\" content=\"910\" \/>\n\t<meta property=\"og:image:type\" content=\"image\/jpeg\" \/>\n<meta name=\"twitter:label1\" content=\"Est. reading time\" \/>\n\t<meta name=\"twitter:data1\" content=\"2 minutes\" \/>\n<script type=\"application\/ld+json\" class=\"yoast-schema-graph\">{\"@context\":\"https:\/\/schema.org\",\"@graph\":[{\"@type\":\"WebPage\",\"@id\":\"https:\/\/lunatools.test.consids5.se\/sv\/professional-guidance\/elverktygstillbehor\/betong\/sa-borrar-och-pluggar-man-i-hard-betong-betongborr\/\",\"url\":\"https:\/\/lunatools.test.consids5.se\/sv\/professional-guidance\/elverktygstillbehor\/betong\/sa-borrar-och-pluggar-man-i-hard-betong-betongborr\/\",\"name\":\"Betongborr | S\u00e5 borrar och pluggar man i h\u00e5rd betong - Luna tools\",\"isPartOf\":{\"@id\":\"https:\/\/lunatools.test.consids5.se\/en\/#website\"},\"primaryImageOfPage\":{\"@id\":\"https:\/\/lunatools.test.consids5.se\/sv\/professional-guidance\/elverktygstillbehor\/betong\/sa-borrar-och-pluggar-man-i-hard-betong-betongborr\/#primaryimage\"},\"image\":{\"@id\":\"https:\/\/lunatools.test.consids5.se\/sv\/professional-guidance\/elverktygstillbehor\/betong\/sa-borrar-och-pluggar-man-i-hard-betong-betongborr\/#primaryimage\"},\"thumbnailUrl\":\"https:\/\/lunatools.test.consids5.se\/wp-content\/uploads\/2019\/01\/Borr_kategoribild.jpg\",\"datePublished\":\"2020-02-14T08:45:27+00:00\",\"dateModified\":\"2021-05-27T08:48:25+00:00\",\"description\":\"V\u00e4lj r\u00e4tt maskin med slagkraft. Vid h\u00e5rdare material kan du beh\u00f6va en borrhammare f\u00f6r mer slagkraft. Se till att v\u00e4lja ett betongborr som matchar ditt behov\",\"breadcrumb\":{\"@id\":\"https:\/\/lunatools.test.consids5.se\/sv\/professional-guidance\/elverktygstillbehor\/betong\/sa-borrar-och-pluggar-man-i-hard-betong-betongborr\/#breadcrumb\"},\"inLanguage\":\"sv-SE\",\"potentialAction\":[{\"@type\":\"ReadAction\",\"target\":[\"https:\/\/lunatools.test.consids5.se\/sv\/professional-guidance\/elverktygstillbehor\/betong\/sa-borrar-och-pluggar-man-i-hard-betong-betongborr\/\"]}]},{\"@type\":\"ImageObject\",\"inLanguage\":\"sv-SE\",\"@id\":\"https:\/\/lunatools.test.consids5.se\/sv\/professional-guidance\/elverktygstillbehor\/betong\/sa-borrar-och-pluggar-man-i-hard-betong-betongborr\/#primaryimage\",\"url\":\"https:\/\/lunatools.test.consids5.se\/wp-content\/uploads\/2019\/01\/Borr_kategoribild.jpg\",\"contentUrl\":\"https:\/\/lunatools.test.consids5.se\/wp-content\/uploads\/2019\/01\/Borr_kategoribild.jpg\",\"width\":1500,\"height\":910,\"caption\":\"I Lunas sortiment av borr finns allt fr\u00e5n kakelborr och metallborr till diamantborr f\u00f6r att kunna borra i kakel, borra i glas eller borra i metall.\"},{\"@type\":\"BreadcrumbList\",\"@id\":\"https:\/\/lunatools.test.consids5.se\/sv\/professional-guidance\/elverktygstillbehor\/betong\/sa-borrar-och-pluggar-man-i-hard-betong-betongborr\/#breadcrumb\",\"itemListElement\":[{\"@type\":\"ListItem\",\"position\":1,\"name\":\"Home\",\"item\":\"https:\/\/lunatools.test.consids5.se\/sv\/professionella-elverktygstillbehor-lunatools-startpage\/\"},{\"@type\":\"ListItem\",\"position\":2,\"name\":\"Professional guidance | R\u00e4tt verktyg f\u00f6r jobbet\",\"item\":\"https:\/\/lunatools.test.consids5.se\/sv\/professional-guidance\/\"},{\"@type\":\"ListItem\",\"position\":3,\"name\":\"Elverktygstillbeh\u00f6r\",\"item\":\"https:\/\/lunatools.test.consids5.se\/sv\/professional-guidance\/elverktygstillbehor\/\"},{\"@type\":\"ListItem\",\"position\":4,\"name\":\"Betong\",\"item\":\"https:\/\/lunatools.test.consids5.se\/sv\/professional-guidance\/elverktygstillbehor\/betong\/\"},{\"@type\":\"ListItem\",\"position\":5,\"name\":\"S\u00e5 borrar och pluggar man i h\u00e5rd betong\"}]},{\"@type\":\"WebSite\",\"@id\":\"https:\/\/lunatools.test.consids5.se\/en\/#website\",\"url\":\"https:\/\/lunatools.test.consids5.se\/en\/\",\"name\":\"Luna tools\",\"description\":\"\",\"publisher\":{\"@id\":\"https:\/\/lunatools.test.consids5.se\/en\/#organization\"},\"potentialAction\":[{\"@type\":\"SearchAction\",\"target\":{\"@type\":\"EntryPoint\",\"urlTemplate\":\"https:\/\/lunatools.test.consids5.se\/en\/?s={search_term_string}\"},\"query-input\":\"required name=search_term_string\"}],\"inLanguage\":\"sv-SE\"},{\"@type\":\"Organization\",\"@id\":\"https:\/\/lunatools.test.consids5.se\/en\/#organization\",\"name\":\"Luna Tools\",\"url\":\"https:\/\/lunatools.test.consids5.se\/en\/\",\"logo\":{\"@type\":\"ImageObject\",\"inLanguage\":\"sv-SE\",\"@id\":\"https:\/\/lunatools.test.consids5.se\/en\/#\/schema\/logo\/image\/\",\"url\":\"https:\/\/lunatools.com\/wp-content\/uploads\/2019\/10\/LunaTools-gray-logo.png\",\"contentUrl\":\"https:\/\/lunatools.com\/wp-content\/uploads\/2019\/10\/LunaTools-gray-logo.png\",\"width\":795,\"height\":309,\"caption\":\"Luna Tools\"},\"image\":{\"@id\":\"https:\/\/lunatools.test.consids5.se\/en\/#\/schema\/logo\/image\/\"}}]}<\/script>\n<!-- \/ Yoast SEO plugin. -->","yoast_head_json":{"title":"Betongborr | S\u00e5 borrar och pluggar man i h\u00e5rd betong - Luna tools","description":"V\u00e4lj r\u00e4tt maskin med slagkraft. Vid h\u00e5rdare material kan du beh\u00f6va en borrhammare f\u00f6r mer slagkraft. Se till att v\u00e4lja ett betongborr som matchar ditt behov","robots":{"index":"index","follow":"nofollow","max-snippet":"max-snippet:-1","max-image-preview":"max-image-preview:large","max-video-preview":"max-video-preview:-1"},"canonical":"https:\/\/lunatools.test.consids5.se\/sv\/professional-guidance\/elverktygstillbehor\/betong\/sa-borrar-och-pluggar-man-i-hard-betong-betongborr\/","og_locale":"sv_SE","og_type":"article","og_title":"Betongborr | S\u00e5 borrar och pluggar man i h\u00e5rd betong - Luna tools","og_description":"V\u00e4lj r\u00e4tt maskin med slagkraft. Vid h\u00e5rdare material kan du beh\u00f6va en borrhammare f\u00f6r mer slagkraft. Se till att v\u00e4lja ett betongborr som matchar ditt behov","og_url":"https:\/\/lunatools.test.consids5.se\/sv\/professional-guidance\/elverktygstillbehor\/betong\/sa-borrar-och-pluggar-man-i-hard-betong-betongborr\/","og_site_name":"Luna tools","article_modified_time":"2021-05-27T08:48:25+00:00","og_image":[{"width":1500,"height":910,"url":"https:\/\/lunatools.test.consids5.se\/wp-content\/uploads\/2019\/01\/Borr_kategoribild.jpg","type":"image\/jpeg"}],"twitter_misc":{"Est. reading time":"2 minutes"},"schema":{"@context":"https:\/\/schema.org","@graph":[{"@type":"WebPage","@id":"https:\/\/lunatools.test.consids5.se\/sv\/professional-guidance\/elverktygstillbehor\/betong\/sa-borrar-och-pluggar-man-i-hard-betong-betongborr\/","url":"https:\/\/lunatools.test.consids5.se\/sv\/professional-guidance\/elverktygstillbehor\/betong\/sa-borrar-och-pluggar-man-i-hard-betong-betongborr\/","name":"Betongborr | S\u00e5 borrar och pluggar man i h\u00e5rd betong - Luna tools","isPartOf":{"@id":"https:\/\/lunatools.test.consids5.se\/en\/#website"},"primaryImageOfPage":{"@id":"https:\/\/lunatools.test.consids5.se\/sv\/professional-guidance\/elverktygstillbehor\/betong\/sa-borrar-och-pluggar-man-i-hard-betong-betongborr\/#primaryimage"},"image":{"@id":"https:\/\/lunatools.test.consids5.se\/sv\/professional-guidance\/elverktygstillbehor\/betong\/sa-borrar-och-pluggar-man-i-hard-betong-betongborr\/#primaryimage"},"thumbnailUrl":"https:\/\/lunatools.test.consids5.se\/wp-content\/uploads\/2019\/01\/Borr_kategoribild.jpg","datePublished":"2020-02-14T08:45:27+00:00","dateModified":"2021-05-27T08:48:25+00:00","description":"V\u00e4lj r\u00e4tt maskin med slagkraft. Vid h\u00e5rdare material kan du beh\u00f6va en borrhammare f\u00f6r mer slagkraft. Se till att v\u00e4lja ett betongborr som matchar ditt behov","breadcrumb":{"@id":"https:\/\/lunatools.test.consids5.se\/sv\/professional-guidance\/elverktygstillbehor\/betong\/sa-borrar-och-pluggar-man-i-hard-betong-betongborr\/#breadcrumb"},"inLanguage":"sv-SE","potentialAction":[{"@type":"ReadAction","target":["https:\/\/lunatools.test.consids5.se\/sv\/professional-guidance\/elverktygstillbehor\/betong\/sa-borrar-och-pluggar-man-i-hard-betong-betongborr\/"]}]},{"@type":"ImageObject","inLanguage":"sv-SE","@id":"https:\/\/lunatools.test.consids5.se\/sv\/professional-guidance\/elverktygstillbehor\/betong\/sa-borrar-och-pluggar-man-i-hard-betong-betongborr\/#primaryimage","url":"https:\/\/lunatools.test.consids5.se\/wp-content\/uploads\/2019\/01\/Borr_kategoribild.jpg","contentUrl":"https:\/\/lunatools.test.consids5.se\/wp-content\/uploads\/2019\/01\/Borr_kategoribild.jpg","width":1500,"height":910,"caption":"I Lunas sortiment av borr finns allt fr\u00e5n kakelborr och metallborr till diamantborr f\u00f6r att kunna borra i kakel, borra i glas eller borra i metall."},{"@type":"BreadcrumbList","@id":"https:\/\/lunatools.test.consids5.se\/sv\/professional-guidance\/elverktygstillbehor\/betong\/sa-borrar-och-pluggar-man-i-hard-betong-betongborr\/#breadcrumb","itemListElement":[{"@type":"ListItem","position":1,"name":"Home","item":"https:\/\/lunatools.test.consids5.se\/sv\/professionella-elverktygstillbehor-lunatools-startpage\/"},{"@type":"ListItem","position":2,"name":"Professional guidance | R\u00e4tt verktyg f\u00f6r jobbet","item":"https:\/\/lunatools.test.consids5.se\/sv\/professional-guidance\/"},{"@type":"ListItem","position":3,"name":"Elverktygstillbeh\u00f6r","item":"https:\/\/lunatools.test.consids5.se\/sv\/professional-guidance\/elverktygstillbehor\/"},{"@type":"ListItem","position":4,"name":"Betong","item":"https:\/\/lunatools.test.consids5.se\/sv\/professional-guidance\/elverktygstillbehor\/betong\/"},{"@type":"ListItem","position":5,"name":"S\u00e5 borrar och pluggar man i h\u00e5rd betong"}]},{"@type":"WebSite","@id":"https:\/\/lunatools.test.consids5.se\/en\/#website","url":"https:\/\/lunatools.test.consids5.se\/en\/","name":"Luna tools","description":"","publisher":{"@id":"https:\/\/lunatools.test.consids5.se\/en\/#organization"},"potentialAction":[{"@type":"SearchAction","target":{"@type":"EntryPoint","urlTemplate":"https:\/\/lunatools.test.consids5.se\/en\/?s={search_term_string}"},"query-input":"required name=search_term_string"}],"inLanguage":"sv-SE"},{"@type":"Organization","@id":"https:\/\/lunatools.test.consids5.se\/en\/#organization","name":"Luna Tools","url":"https:\/\/lunatools.test.consids5.se\/en\/","logo":{"@type":"ImageObject","inLanguage":"sv-SE","@id":"https:\/\/lunatools.test.consids5.se\/en\/#\/schema\/logo\/image\/","url":"https:\/\/lunatools.com\/wp-content\/uploads\/2019\/10\/LunaTools-gray-logo.png","contentUrl":"https:\/\/lunatools.com\/wp-content\/uploads\/2019\/10\/LunaTools-gray-logo.png","width":795,"height":309,"caption":"Luna Tools"},"image":{"@id":"https:\/\/lunatools.test.consids5.se\/en\/#\/schema\/logo\/image\/"}}]}},"_links":{"self":[{"href":"https:\/\/lunatools.test.consids5.se\/sv\/wp-json\/wp\/v2\/pages\/12573"}],"collection":[{"href":"https:\/\/lunatools.test.consids5.se\/sv\/wp-json\/wp\/v2\/pages"}],"about":[{"href":"https:\/\/lunatools.test.consids5.se\/sv\/wp-json\/wp\/v2\/types\/page"}],"author":[{"embeddable":true,"href":"https:\/\/lunatools.test.consids5.se\/sv\/wp-json\/wp\/v2\/users\/2"}],"replies":[{"embeddable":true,"href":"https:\/\/lunatools.test.consids5.se\/sv\/wp-json\/wp\/v2\/comments?post=12573"}],"version-history":[{"count":5,"href":"https:\/\/lunatools.test.consids5.se\/sv\/wp-json\/wp\/v2\/pages\/12573\/revisions"}],"predecessor-version":[{"id":60432,"href":"https:\/\/lunatools.test.consids5.se\/sv\/wp-json\/wp\/v2\/pages\/12573\/revisions\/60432"}],"up":[{"embeddable":true,"href":"https:\/\/lunatools.test.consids5.se\/sv\/wp-json\/wp\/v2\/pages\/12571"}],"wp:featuredmedia":[{"embeddable":true,"href":"https:\/\/lunatools.test.consids5.se\/sv\/wp-json\/wp\/v2\/media\/4049"}],"wp:attachment":[{"href":"https:\/\/lunatools.test.consids5.se\/sv\/wp-json\/wp\/v2\/media?parent=12573"}],"curies":[{"name":"wp","href":"https:\/\/api.w.org\/{rel}","templated":true}]}}