{"id":12580,"date":"2020-02-14T13:33:43","date_gmt":"2020-02-14T13:33:43","guid":{"rendered":"http:\/\/lunatools.com\/?page_id=12580"},"modified":"2020-04-07T06:37:02","modified_gmt":"2020-04-07T06:37:02","slug":"sa-borrar-man-stora-hal-i-metall-metallborr","status":"publish","type":"page","link":"https:\/\/lunatools.test.consids5.se\/sv\/professional-guidance\/elverktygstillbehor\/metall\/sa-borrar-man-stora-hal-i-metall-metallborr\/","title":{"rendered":"S\u00e5 borrar man stora h\u00e5l i metall"},"content":{"rendered":"<div class=\"wpb-content-wrapper\"><p>[vc_row][vc_column][vc_column_text]<\/p>\n<h4><strong>Att g\u00f6ra h\u00e5l i metall \u00e4r en f\u00f6rh\u00e5llandevis enkel process om man anv\u00e4nder r\u00e4tt borr. Beroende p\u00e5 material b\u00f6r man v\u00e4lja olika typer av metallborr. <a href=\"https:\/\/lunatools.com\/sv\/professional-guidance\/valj-ratt-metallborr\/\">Se v\u00e5r enkla guide h\u00e4r<\/a><\/strong><\/h4>\n<p>[\/vc_column_text][vc_column_text]<\/p>\n<h4>Materialet metall<\/h4>\n<p>Beroende p\u00e5 om du ska g\u00f6ra h\u00e5l i mjuk metall, som koppar och aluminium, eller h\u00e5rd metall, som rostfritt st\u00e5l, kan du variera din typ av borr. Du b\u00f6r ocks\u00e5 ta h\u00e4nsyn till om materialet du ska g\u00f6ra h\u00e5l i \u00e4r tjockt eller tunt.<\/p>\n<p>[\/vc_column_text][vc_column_text]<\/p>\n<h4>Metallborr<\/h4>\n<p>Det finns olika typer av metallborr f\u00f6r att borra i Metall. Vill man ha ett borr som klarar av h\u00e5rd metall kan man kolla efter borr med h\u00f6gre halt av kobolt i. Titta efter borr som \u00e4r m\u00e4rkta HSS-Co eller M42 vilket inneb\u00e4r att de \u00e4r gjorda av HSS-st\u00e5l med extra kobolt i. <a href=\"https:\/\/lunatools.com\/sv\/product-category\/borr-sv\/spiralborr-sv\/?filtered=true&amp;for-bearbetning-av=metall\">Se v\u00e5rt utbud av metallborr h\u00e4r.<\/a> Vidare kan man \u00e4ven anv\u00e4nda h\u00e5ls\u00e5gar i Bimetall och stegborr f\u00f6r tunnare pl\u00e5t.[\/vc_column_text][vc_column_text]<\/p>\n<h4>G\u00f6ra h\u00e5l i tunn pl\u00e5t<\/h4>\n<p>Att g\u00f6ra st\u00f6rre h\u00e5l i pl\u00e5t \u00e4r vanligtvis samma process som \u00f6vriga material, borra f\u00f6rst ett litet h\u00e5l, g\u00e4rna lika stort som k\u00e4rnan p\u00e5 det st\u00f6rre borret, och borra sedan med n\u00e4sta storlek. Det finns dock ett effektivare s\u00e4tt att g\u00f6ra h\u00e5l i tunn pl\u00e5t genom att anv\u00e4nda stegborr, <a href=\"https:\/\/www.youtube.com\/watch?v=J_KzS6sd-2k&amp;feature=youtu.be\">se hur du g\u00f6r h\u00e4r<\/a>. D\u00e5 f\u00e5r man j\u00e4mna snitt och processen g\u00e5r mycket snabbare. <a href=\"https:\/\/lunatools.com\/sv\/product-category\/borr-sv\/stegborr-sv\/\">Se v\u00e5rt utbud av stegborr h\u00e4r.<\/a>[\/vc_column_text][vc_column_text]<\/p>\n<h4>G\u00f6ra h\u00e5l i j\u00e4rn och st\u00e5l<\/h4>\n<p>F\u00f6r att g\u00f6ra h\u00e5l i h\u00e5rdare metall som rostfritt st\u00e5l ska man f\u00f6rst och fr\u00e4mst se till att inte l\u00e4gga f\u00f6r mycket tryck p\u00e5 maskinen, l\u00e5ta borret g\u00f6ra jobbet, dessutom b\u00f6r man dra ner varvtalet p\u00e5 maskinen. Risken \u00e4r framf\u00f6rallt att du f\u00f6rst\u00f6r materialet n\u00e4r borret kommer ut p\u00e5 andra sidan p\u00e5 grund av den v\u00e4rmebildning som uppst\u00e5r och kraft som l\u00e4ggs p\u00e5 borret. Man kan \u00e4ven anv\u00e4nda sk\u00e4rolja f\u00f6r sm\u00f6rja och kyla borret.[\/vc_column_text][vc_column_text]<\/p>\n<h4>Borra stora h\u00e5l i metall steg f\u00f6r steg<\/h4>\n<ul>\n<li>Unders\u00f6k vilken typ av metall du ska g\u00f6ra h\u00e5l i, mjukt eller h\u00e5rt samt tjockt eller tunt. Det hj\u00e4lper dig att veta vilka borr som f\u00e5r fram det b\u00e4sta resultatet<\/li>\n<li>T\u00e4nk p\u00e5 att dra ner varvtalen p\u00e5 maskinen och anv\u00e4nda ett l\u00e4tt tryck p\u00e5 maskinen innan borrning startar<\/li>\n<li>\u00c4r metallen h\u00e5rd och tjock \u00e4r det bra att anv\u00e4nda sk\u00e4rolja f\u00f6r att kyla ner borret.<\/li>\n<li>Ska du g\u00f6ra h\u00e5l i tunn pl\u00e5t \u00e4r det b\u00e4st att anv\u00e4nda ett stegborr<\/li>\n<li>Ska du g\u00f6ra h\u00e5l i h\u00e5rd metall b\u00f6r du anv\u00e4nda borr med extra kobolt, HSS-Co eller M42<\/li>\n<li>F\u00f6r att g\u00f6ra stora h\u00e5l i metall \u00e4r det b\u00e4st att f\u00f6rborra med ett mindre borr, ungef\u00e4r samma storlek om k\u00e4rnan p\u00e5 n\u00e4sta borr. Det medf\u00f6r b\u00e4ttre f\u00e4ste och ett snyggare resultat<\/li>\n<\/ul>\n<p>[\/vc_column_text][\/vc_column][\/vc_row]<\/p>\n<\/div>","protected":false},"excerpt":{"rendered":"[vc_row][vc_column][vc_column_text] Att g\u00f6ra h\u00e5l i metall \u00e4r en f\u00f6rh\u00e5llandevis enkel process om man anv\u00e4nder r\u00e4tt borr. Beroende p\u00e5 material b\u00f6r man v\u00e4lja olika typer av metallborr. Se v\u00e5r enkla guide h\u00e4r [\/vc_column_text][vc_column_text] Materialet metall Beroende p\u00e5 om du ska g\u00f6ra h\u00e5l i mjuk metall, som koppar och aluminium, eller h\u00e5rd metall, som rostfritt st\u00e5l, kan&#8230; <a class=\"view-article\" href=\"https:\/\/lunatools.test.consids5.se\/sv\/professional-guidance\/elverktygstillbehor\/metall\/sa-borrar-man-stora-hal-i-metall-metallborr\/\">View Article<\/a>","protected":false},"author":2,"featured_media":4049,"parent":12578,"menu_order":0,"comment_status":"closed","ping_status":"closed","template":"","meta":{"_acf_changed":false,"footnotes":""},"class_list":["post-12580","page","type-page","status-publish","has-post-thumbnail","hentry"],"acf":[],"yoast_head":"<!-- This site is optimized with the Yoast SEO plugin v23.2 - https:\/\/yoast.com\/wordpress\/plugins\/seo\/ -->\n<title>Metallborr | S\u00e5 borrar man stora h\u00e5l i metall - Luna tools<\/title>\n<meta name=\"description\" content=\"V\u00e4lj r\u00e4tt metallborr. Unders\u00f6k vilken typ av metall du ska g\u00f6ra h\u00e5l i, mjukt eller h\u00e5rt samt tjockt eller tunt. T\u00e4nk p\u00e5 att dra ner varvta\" \/>\n<meta name=\"robots\" content=\"index, follow, max-snippet:-1, max-image-preview:large, max-video-preview:-1\" \/>\n<link rel=\"canonical\" href=\"https:\/\/lunatools.test.consids5.se\/sv\/professional-guidance\/elverktygstillbehor\/metall\/sa-borrar-man-stora-hal-i-metall-metallborr\/\" \/>\n<meta property=\"og:locale\" content=\"sv_SE\" \/>\n<meta property=\"og:type\" content=\"article\" \/>\n<meta property=\"og:title\" content=\"Metallborr | S\u00e5 borrar man stora h\u00e5l i metall - Luna tools\" \/>\n<meta property=\"og:description\" content=\"V\u00e4lj r\u00e4tt metallborr. Unders\u00f6k vilken typ av metall du ska g\u00f6ra h\u00e5l i, mjukt eller h\u00e5rt samt tjockt eller tunt. T\u00e4nk p\u00e5 att dra ner varvta\" \/>\n<meta property=\"og:url\" content=\"https:\/\/lunatools.test.consids5.se\/sv\/professional-guidance\/elverktygstillbehor\/metall\/sa-borrar-man-stora-hal-i-metall-metallborr\/\" \/>\n<meta property=\"og:site_name\" content=\"Luna tools\" \/>\n<meta property=\"article:modified_time\" content=\"2020-04-07T06:37:02+00:00\" \/>\n<meta property=\"og:image\" content=\"https:\/\/lunatools.test.consids5.se\/wp-content\/uploads\/2019\/01\/Borr_kategoribild.jpg\" \/>\n\t<meta property=\"og:image:width\" content=\"1500\" \/>\n\t<meta property=\"og:image:height\" content=\"910\" \/>\n\t<meta property=\"og:image:type\" content=\"image\/jpeg\" \/>\n<meta name=\"twitter:label1\" content=\"Est. reading time\" \/>\n\t<meta name=\"twitter:data1\" content=\"3 minutes\" \/>\n<script type=\"application\/ld+json\" class=\"yoast-schema-graph\">{\"@context\":\"https:\/\/schema.org\",\"@graph\":[{\"@type\":\"WebPage\",\"@id\":\"https:\/\/lunatools.test.consids5.se\/sv\/professional-guidance\/elverktygstillbehor\/metall\/sa-borrar-man-stora-hal-i-metall-metallborr\/\",\"url\":\"https:\/\/lunatools.test.consids5.se\/sv\/professional-guidance\/elverktygstillbehor\/metall\/sa-borrar-man-stora-hal-i-metall-metallborr\/\",\"name\":\"Metallborr | S\u00e5 borrar man stora h\u00e5l i metall - Luna tools\",\"isPartOf\":{\"@id\":\"https:\/\/lunatools.test.consids5.se\/en\/#website\"},\"primaryImageOfPage\":{\"@id\":\"https:\/\/lunatools.test.consids5.se\/sv\/professional-guidance\/elverktygstillbehor\/metall\/sa-borrar-man-stora-hal-i-metall-metallborr\/#primaryimage\"},\"image\":{\"@id\":\"https:\/\/lunatools.test.consids5.se\/sv\/professional-guidance\/elverktygstillbehor\/metall\/sa-borrar-man-stora-hal-i-metall-metallborr\/#primaryimage\"},\"thumbnailUrl\":\"https:\/\/lunatools.test.consids5.se\/wp-content\/uploads\/2019\/01\/Borr_kategoribild.jpg\",\"datePublished\":\"2020-02-14T13:33:43+00:00\",\"dateModified\":\"2020-04-07T06:37:02+00:00\",\"description\":\"V\u00e4lj r\u00e4tt metallborr. Unders\u00f6k vilken typ av metall du ska g\u00f6ra h\u00e5l i, mjukt eller h\u00e5rt samt tjockt eller tunt. T\u00e4nk p\u00e5 att dra ner varvta\",\"breadcrumb\":{\"@id\":\"https:\/\/lunatools.test.consids5.se\/sv\/professional-guidance\/elverktygstillbehor\/metall\/sa-borrar-man-stora-hal-i-metall-metallborr\/#breadcrumb\"},\"inLanguage\":\"sv-SE\",\"potentialAction\":[{\"@type\":\"ReadAction\",\"target\":[\"https:\/\/lunatools.test.consids5.se\/sv\/professional-guidance\/elverktygstillbehor\/metall\/sa-borrar-man-stora-hal-i-metall-metallborr\/\"]}]},{\"@type\":\"ImageObject\",\"inLanguage\":\"sv-SE\",\"@id\":\"https:\/\/lunatools.test.consids5.se\/sv\/professional-guidance\/elverktygstillbehor\/metall\/sa-borrar-man-stora-hal-i-metall-metallborr\/#primaryimage\",\"url\":\"https:\/\/lunatools.test.consids5.se\/wp-content\/uploads\/2019\/01\/Borr_kategoribild.jpg\",\"contentUrl\":\"https:\/\/lunatools.test.consids5.se\/wp-content\/uploads\/2019\/01\/Borr_kategoribild.jpg\",\"width\":1500,\"height\":910,\"caption\":\"I Lunas sortiment av borr finns allt fr\u00e5n kakelborr och metallborr till diamantborr f\u00f6r att kunna borra i kakel, borra i glas eller borra i metall.\"},{\"@type\":\"BreadcrumbList\",\"@id\":\"https:\/\/lunatools.test.consids5.se\/sv\/professional-guidance\/elverktygstillbehor\/metall\/sa-borrar-man-stora-hal-i-metall-metallborr\/#breadcrumb\",\"itemListElement\":[{\"@type\":\"ListItem\",\"position\":1,\"name\":\"Home\",\"item\":\"https:\/\/lunatools.test.consids5.se\/sv\/professionella-elverktygstillbehor-lunatools-startpage\/\"},{\"@type\":\"ListItem\",\"position\":2,\"name\":\"Professional guidance | R\u00e4tt verktyg f\u00f6r jobbet\",\"item\":\"https:\/\/lunatools.test.consids5.se\/sv\/professional-guidance\/\"},{\"@type\":\"ListItem\",\"position\":3,\"name\":\"Elverktygstillbeh\u00f6r\",\"item\":\"https:\/\/lunatools.test.consids5.se\/sv\/professional-guidance\/elverktygstillbehor\/\"},{\"@type\":\"ListItem\",\"position\":4,\"name\":\"Metall\",\"item\":\"https:\/\/lunatools.test.consids5.se\/sv\/professional-guidance\/elverktygstillbehor\/metall\/\"},{\"@type\":\"ListItem\",\"position\":5,\"name\":\"S\u00e5 borrar man stora h\u00e5l i metall\"}]},{\"@type\":\"WebSite\",\"@id\":\"https:\/\/lunatools.test.consids5.se\/en\/#website\",\"url\":\"https:\/\/lunatools.test.consids5.se\/en\/\",\"name\":\"Luna tools\",\"description\":\"\",\"publisher\":{\"@id\":\"https:\/\/lunatools.test.consids5.se\/en\/#organization\"},\"potentialAction\":[{\"@type\":\"SearchAction\",\"target\":{\"@type\":\"EntryPoint\",\"urlTemplate\":\"https:\/\/lunatools.test.consids5.se\/en\/?s={search_term_string}\"},\"query-input\":\"required name=search_term_string\"}],\"inLanguage\":\"sv-SE\"},{\"@type\":\"Organization\",\"@id\":\"https:\/\/lunatools.test.consids5.se\/en\/#organization\",\"name\":\"Luna Tools\",\"url\":\"https:\/\/lunatools.test.consids5.se\/en\/\",\"logo\":{\"@type\":\"ImageObject\",\"inLanguage\":\"sv-SE\",\"@id\":\"https:\/\/lunatools.test.consids5.se\/en\/#\/schema\/logo\/image\/\",\"url\":\"https:\/\/lunatools.com\/wp-content\/uploads\/2019\/10\/LunaTools-gray-logo.png\",\"contentUrl\":\"https:\/\/lunatools.com\/wp-content\/uploads\/2019\/10\/LunaTools-gray-logo.png\",\"width\":795,\"height\":309,\"caption\":\"Luna Tools\"},\"image\":{\"@id\":\"https:\/\/lunatools.test.consids5.se\/en\/#\/schema\/logo\/image\/\"}}]}<\/script>\n<!-- \/ Yoast SEO plugin. -->","yoast_head_json":{"title":"Metallborr | S\u00e5 borrar man stora h\u00e5l i metall - Luna tools","description":"V\u00e4lj r\u00e4tt metallborr. Unders\u00f6k vilken typ av metall du ska g\u00f6ra h\u00e5l i, mjukt eller h\u00e5rt samt tjockt eller tunt. T\u00e4nk p\u00e5 att dra ner varvta","robots":{"index":"index","follow":"follow","max-snippet":"max-snippet:-1","max-image-preview":"max-image-preview:large","max-video-preview":"max-video-preview:-1"},"canonical":"https:\/\/lunatools.test.consids5.se\/sv\/professional-guidance\/elverktygstillbehor\/metall\/sa-borrar-man-stora-hal-i-metall-metallborr\/","og_locale":"sv_SE","og_type":"article","og_title":"Metallborr | S\u00e5 borrar man stora h\u00e5l i metall - Luna tools","og_description":"V\u00e4lj r\u00e4tt metallborr. Unders\u00f6k vilken typ av metall du ska g\u00f6ra h\u00e5l i, mjukt eller h\u00e5rt samt tjockt eller tunt. T\u00e4nk p\u00e5 att dra ner varvta","og_url":"https:\/\/lunatools.test.consids5.se\/sv\/professional-guidance\/elverktygstillbehor\/metall\/sa-borrar-man-stora-hal-i-metall-metallborr\/","og_site_name":"Luna tools","article_modified_time":"2020-04-07T06:37:02+00:00","og_image":[{"width":1500,"height":910,"url":"https:\/\/lunatools.test.consids5.se\/wp-content\/uploads\/2019\/01\/Borr_kategoribild.jpg","type":"image\/jpeg"}],"twitter_misc":{"Est. reading time":"3 minutes"},"schema":{"@context":"https:\/\/schema.org","@graph":[{"@type":"WebPage","@id":"https:\/\/lunatools.test.consids5.se\/sv\/professional-guidance\/elverktygstillbehor\/metall\/sa-borrar-man-stora-hal-i-metall-metallborr\/","url":"https:\/\/lunatools.test.consids5.se\/sv\/professional-guidance\/elverktygstillbehor\/metall\/sa-borrar-man-stora-hal-i-metall-metallborr\/","name":"Metallborr | S\u00e5 borrar man stora h\u00e5l i metall - Luna tools","isPartOf":{"@id":"https:\/\/lunatools.test.consids5.se\/en\/#website"},"primaryImageOfPage":{"@id":"https:\/\/lunatools.test.consids5.se\/sv\/professional-guidance\/elverktygstillbehor\/metall\/sa-borrar-man-stora-hal-i-metall-metallborr\/#primaryimage"},"image":{"@id":"https:\/\/lunatools.test.consids5.se\/sv\/professional-guidance\/elverktygstillbehor\/metall\/sa-borrar-man-stora-hal-i-metall-metallborr\/#primaryimage"},"thumbnailUrl":"https:\/\/lunatools.test.consids5.se\/wp-content\/uploads\/2019\/01\/Borr_kategoribild.jpg","datePublished":"2020-02-14T13:33:43+00:00","dateModified":"2020-04-07T06:37:02+00:00","description":"V\u00e4lj r\u00e4tt metallborr. Unders\u00f6k vilken typ av metall du ska g\u00f6ra h\u00e5l i, mjukt eller h\u00e5rt samt tjockt eller tunt. T\u00e4nk p\u00e5 att dra ner varvta","breadcrumb":{"@id":"https:\/\/lunatools.test.consids5.se\/sv\/professional-guidance\/elverktygstillbehor\/metall\/sa-borrar-man-stora-hal-i-metall-metallborr\/#breadcrumb"},"inLanguage":"sv-SE","potentialAction":[{"@type":"ReadAction","target":["https:\/\/lunatools.test.consids5.se\/sv\/professional-guidance\/elverktygstillbehor\/metall\/sa-borrar-man-stora-hal-i-metall-metallborr\/"]}]},{"@type":"ImageObject","inLanguage":"sv-SE","@id":"https:\/\/lunatools.test.consids5.se\/sv\/professional-guidance\/elverktygstillbehor\/metall\/sa-borrar-man-stora-hal-i-metall-metallborr\/#primaryimage","url":"https:\/\/lunatools.test.consids5.se\/wp-content\/uploads\/2019\/01\/Borr_kategoribild.jpg","contentUrl":"https:\/\/lunatools.test.consids5.se\/wp-content\/uploads\/2019\/01\/Borr_kategoribild.jpg","width":1500,"height":910,"caption":"I Lunas sortiment av borr finns allt fr\u00e5n kakelborr och metallborr till diamantborr f\u00f6r att kunna borra i kakel, borra i glas eller borra i metall."},{"@type":"BreadcrumbList","@id":"https:\/\/lunatools.test.consids5.se\/sv\/professional-guidance\/elverktygstillbehor\/metall\/sa-borrar-man-stora-hal-i-metall-metallborr\/#breadcrumb","itemListElement":[{"@type":"ListItem","position":1,"name":"Home","item":"https:\/\/lunatools.test.consids5.se\/sv\/professionella-elverktygstillbehor-lunatools-startpage\/"},{"@type":"ListItem","position":2,"name":"Professional guidance | R\u00e4tt verktyg f\u00f6r jobbet","item":"https:\/\/lunatools.test.consids5.se\/sv\/professional-guidance\/"},{"@type":"ListItem","position":3,"name":"Elverktygstillbeh\u00f6r","item":"https:\/\/lunatools.test.consids5.se\/sv\/professional-guidance\/elverktygstillbehor\/"},{"@type":"ListItem","position":4,"name":"Metall","item":"https:\/\/lunatools.test.consids5.se\/sv\/professional-guidance\/elverktygstillbehor\/metall\/"},{"@type":"ListItem","position":5,"name":"S\u00e5 borrar man stora h\u00e5l i metall"}]},{"@type":"WebSite","@id":"https:\/\/lunatools.test.consids5.se\/en\/#website","url":"https:\/\/lunatools.test.consids5.se\/en\/","name":"Luna tools","description":"","publisher":{"@id":"https:\/\/lunatools.test.consids5.se\/en\/#organization"},"potentialAction":[{"@type":"SearchAction","target":{"@type":"EntryPoint","urlTemplate":"https:\/\/lunatools.test.consids5.se\/en\/?s={search_term_string}"},"query-input":"required name=search_term_string"}],"inLanguage":"sv-SE"},{"@type":"Organization","@id":"https:\/\/lunatools.test.consids5.se\/en\/#organization","name":"Luna Tools","url":"https:\/\/lunatools.test.consids5.se\/en\/","logo":{"@type":"ImageObject","inLanguage":"sv-SE","@id":"https:\/\/lunatools.test.consids5.se\/en\/#\/schema\/logo\/image\/","url":"https:\/\/lunatools.com\/wp-content\/uploads\/2019\/10\/LunaTools-gray-logo.png","contentUrl":"https:\/\/lunatools.com\/wp-content\/uploads\/2019\/10\/LunaTools-gray-logo.png","width":795,"height":309,"caption":"Luna Tools"},"image":{"@id":"https:\/\/lunatools.test.consids5.se\/en\/#\/schema\/logo\/image\/"}}]}},"_links":{"self":[{"href":"https:\/\/lunatools.test.consids5.se\/sv\/wp-json\/wp\/v2\/pages\/12580"}],"collection":[{"href":"https:\/\/lunatools.test.consids5.se\/sv\/wp-json\/wp\/v2\/pages"}],"about":[{"href":"https:\/\/lunatools.test.consids5.se\/sv\/wp-json\/wp\/v2\/types\/page"}],"author":[{"embeddable":true,"href":"https:\/\/lunatools.test.consids5.se\/sv\/wp-json\/wp\/v2\/users\/2"}],"replies":[{"embeddable":true,"href":"https:\/\/lunatools.test.consids5.se\/sv\/wp-json\/wp\/v2\/comments?post=12580"}],"version-history":[{"count":4,"href":"https:\/\/lunatools.test.consids5.se\/sv\/wp-json\/wp\/v2\/pages\/12580\/revisions"}],"predecessor-version":[{"id":12839,"href":"https:\/\/lunatools.test.consids5.se\/sv\/wp-json\/wp\/v2\/pages\/12580\/revisions\/12839"}],"up":[{"embeddable":true,"href":"https:\/\/lunatools.test.consids5.se\/sv\/wp-json\/wp\/v2\/pages\/12578"}],"wp:featuredmedia":[{"embeddable":true,"href":"https:\/\/lunatools.test.consids5.se\/sv\/wp-json\/wp\/v2\/media\/4049"}],"wp:attachment":[{"href":"https:\/\/lunatools.test.consids5.se\/sv\/wp-json\/wp\/v2\/media?parent=12580"}],"curies":[{"name":"wp","href":"https:\/\/api.w.org\/{rel}","templated":true}]}}