{"id":12608,"date":"2020-02-25T08:12:59","date_gmt":"2020-02-25T08:12:59","guid":{"rendered":"http:\/\/lunatools.com\/?page_id=12608"},"modified":"2020-02-25T08:17:54","modified_gmt":"2020-02-25T08:17:54","slug":"valj-ratt-tillbehor-till-elverktyg","status":"publish","type":"page","link":"https:\/\/lunatools.test.consids5.se\/sv\/professional-guidance\/elverktygstillbehor\/valj-ratt-tillbehor-till-elverktyg\/","title":{"rendered":"V\u00e4lj r\u00e4tt tillbeh\u00f6r till elverktyg"},"content":{"rendered":"<div class=\"wpb-content-wrapper\"><p>[vc_row][vc_column][vc_column_text]Att v\u00e4lja r\u00e4tt tillbeh\u00f6r kan ha m\u00e5nga aspekter. Vilken maskin man anv\u00e4nder, vilket material man ska jobba med samt vilken milj\u00f6 man jobbar i. Det \u00e4r l\u00e4tt att anv\u00e4nda det man har tillg\u00e5ng till utan att t\u00e4nka efter vad som faktiskt \u00e4r b\u00e4st utformat f\u00f6r att klara jobbet. Vi \u00e4r experter p\u00e5 elverktygstillbeh\u00f6r och vill d\u00e4rf\u00f6r hj\u00e4lpa till att med enkla guider visa vilka tillbeh\u00f6r som passar b\u00e4st. Produkterna hittar du alltid hos din n\u00e4rmsta bygg\u00e5terf\u00f6rs\u00e4ljare.[\/vc_column_text]\n        <div class=\"block block--chapter\">\n            <div class=\"chapters\">\n                \n                    <div class=\"chapter\"><div class=\"chapter__image\"><a href=\"https:\/\/lunatools.test.consids5.se\/sv\/professional-guidance\/elverktygstillbehor\/valj-ratt-tillbehor-till-elverktyg\/valj-ratt-sticksagsblad\/\"><img decoding=\"async\" src=\"https:\/\/lunatools.test.consids5.se\/wp-content\/uploads\/2019\/01\/Tigersagsblad-700x425.jpg\" alt=\"V\u00e4lj r\u00e4tt sticks\u00e5gsblad\" \/><\/a><\/div><h4 class=\"chapter__title small\">\n                            <a href=\"https:\/\/lunatools.test.consids5.se\/sv\/professional-guidance\/elverktygstillbehor\/valj-ratt-tillbehor-till-elverktyg\/valj-ratt-sticksagsblad\/\">V\u00e4lj r\u00e4tt sticks\u00e5gsblad<\/a>\n                        <\/h4><p class=\"chapter__description\">Vi hj\u00e4lper dig att v\u00e4lja r\u00e4tt. Nedanf\u00f6r hittar du en guide som b\u00e5de utbildar och v\u00e4gleder dig genom v\u00e5ra produkter och vilka som passar f\u00f6r just ditt \u00e4ndam\u00e5l.<\/p><a href=\"https:\/\/lunatools.test.consids5.se\/sv\/professional-guidance\/elverktygstillbehor\/valj-ratt-tillbehor-till-elverktyg\/valj-ratt-sticksagsblad\/\">L\u00e4s mer<\/a><\/div>\n                    <div class=\"chapter\"><div class=\"chapter__image\"><a href=\"https:\/\/lunatools.test.consids5.se\/sv\/professional-guidance\/elverktygstillbehor\/valj-ratt-tillbehor-till-elverktyg\/sa-anvander-man-luna-go\/\"><img decoding=\"async\" src=\"https:\/\/lunatools.test.consids5.se\/wp-content\/uploads\/2019\/01\/Bits_luna-700x425.jpg\" alt=\"Verktygsh\u00e5llare: S\u00e5 anv\u00e4nder man Luna GO\" \/><\/a><\/div><h4 class=\"chapter__title small\">\n                            <a href=\"https:\/\/lunatools.test.consids5.se\/sv\/professional-guidance\/elverktygstillbehor\/valj-ratt-tillbehor-till-elverktyg\/sa-anvander-man-luna-go\/\">Verktygsh\u00e5llare: S\u00e5 anv\u00e4nder man Luna GO<\/a>\n                        <\/h4><p class=\"chapter__description\">V\u00e5r inovation Luna GO ska g\u00f6ra det l\u00e4ttare f\u00f6r hantverkaren i sitt dagliga arbete. Kika in h\u00e4r f\u00f6r att ta reda p\u00e5 hur den ska anv\u00e4ndas.<\/p><a href=\"https:\/\/lunatools.test.consids5.se\/sv\/professional-guidance\/elverktygstillbehor\/valj-ratt-tillbehor-till-elverktyg\/sa-anvander-man-luna-go\/\">L\u00e4s mer<\/a><\/div>\n                    <div class=\"chapter\"><div class=\"chapter__image\"><a href=\"https:\/\/lunatools.test.consids5.se\/sv\/professional-guidance\/elverktygstillbehor\/valj-ratt-tillbehor-till-elverktyg\/valj-ratt-multiverktyg\/\"><img decoding=\"async\" src=\"https:\/\/lunatools.test.consids5.se\/wp-content\/uploads\/2019\/01\/Multiverktyg-700x425.jpg\" alt=\"V\u00e4lj r\u00e4tt multiverktyg\" \/><\/a><\/div><h4 class=\"chapter__title small\">\n                            <a href=\"https:\/\/lunatools.test.consids5.se\/sv\/professional-guidance\/elverktygstillbehor\/valj-ratt-tillbehor-till-elverktyg\/valj-ratt-multiverktyg\/\">V\u00e4lj r\u00e4tt multiverktyg<\/a>\n                        <\/h4><p class=\"chapter__description\">Vi hj\u00e4lper dig att v\u00e4lja r\u00e4tt multiverktyg. Nedanf\u00f6r hittar du en guide som b\u00e5de utbildar och v\u00e4gleder dig genom v\u00e5ra produkter och vilka som passar f\u00f6r just ditt \u00e4ndam\u00e5l.<\/p><a href=\"https:\/\/lunatools.test.consids5.se\/sv\/professional-guidance\/elverktygstillbehor\/valj-ratt-tillbehor-till-elverktyg\/valj-ratt-multiverktyg\/\">L\u00e4s mer<\/a><\/div>\n                    <div class=\"chapter\"><div class=\"chapter__image\"><a href=\"https:\/\/lunatools.test.consids5.se\/sv\/professional-guidance\/elverktygstillbehor\/valj-ratt-tillbehor-till-elverktyg\/valj-ratt-stenborr\/\"><img decoding=\"async\" src=\"https:\/\/lunatools.test.consids5.se\/wp-content\/uploads\/2019\/01\/Borr_kategoribild-700x425.jpg\" alt=\"V\u00e4lj r\u00e4tt stenborr\" \/><\/a><\/div><h4 class=\"chapter__title small\">\n                            <a href=\"https:\/\/lunatools.test.consids5.se\/sv\/professional-guidance\/elverktygstillbehor\/valj-ratt-tillbehor-till-elverktyg\/valj-ratt-stenborr\/\">V\u00e4lj r\u00e4tt stenborr<\/a>\n                        <\/h4><p class=\"chapter__description\">Vi hj\u00e4lper dig att v\u00e4lja r\u00e4tt stenborr. Nedanf\u00f6r hittar du en guide som b\u00e5de utbildar och v\u00e4gleder dig genom v\u00e5ra produkter och vilka som passar f\u00f6r just ditt \u00e4ndam\u00e5l.<\/p><a href=\"https:\/\/lunatools.test.consids5.se\/sv\/professional-guidance\/elverktygstillbehor\/valj-ratt-tillbehor-till-elverktyg\/valj-ratt-stenborr\/\">L\u00e4s mer<\/a><\/div>\n                    <div class=\"chapter\"><div class=\"chapter__image\"><a href=\"https:\/\/lunatools.test.consids5.se\/sv\/professional-guidance\/elverktygstillbehor\/valj-ratt-tillbehor-till-elverktyg\/valj-ratt-cirkelsagklinga\/\"><img decoding=\"async\" src=\"https:\/\/lunatools.test.consids5.se\/wp-content\/uploads\/2019\/01\/Klingor_kategoribild-700x425.jpg\" alt=\"V\u00e4lj r\u00e4tt cirkels\u00e5gklinga\" \/><\/a><\/div><h4 class=\"chapter__title small\">\n                            <a href=\"https:\/\/lunatools.test.consids5.se\/sv\/professional-guidance\/elverktygstillbehor\/valj-ratt-tillbehor-till-elverktyg\/valj-ratt-cirkelsagklinga\/\">V\u00e4lj r\u00e4tt cirkels\u00e5gklinga<\/a>\n                        <\/h4><p class=\"chapter__description\">Vi hj\u00e4lper dig att v\u00e4lja r\u00e4tt Cirkels\u00e5gklinga. Nedanf\u00f6r hittar du en guide som b\u00e5de utbildar och v\u00e4gleder dig genom v\u00e5ra produkter och vilka som passar f\u00f6r just ditt \u00e4ndam\u00e5l.<\/p><a href=\"https:\/\/lunatools.test.consids5.se\/sv\/professional-guidance\/elverktygstillbehor\/valj-ratt-tillbehor-till-elverktyg\/valj-ratt-cirkelsagklinga\/\">L\u00e4s mer<\/a><\/div>\n            <\/div>\n        <\/div>[\/vc_column][\/vc_row]<\/p>\n<\/div>","protected":false},"excerpt":{"rendered":"[vc_row][vc_column][vc_column_text]Att v\u00e4lja r\u00e4tt tillbeh\u00f6r kan ha m\u00e5nga aspekter. Vilken maskin man anv\u00e4nder, vilket material man ska jobba med samt vilken milj\u00f6 man jobbar i. Det \u00e4r l\u00e4tt att anv\u00e4nda det man har tillg\u00e5ng till utan att t\u00e4nka efter vad som faktiskt \u00e4r b\u00e4st utformat f\u00f6r att klara jobbet. Vi \u00e4r experter p\u00e5 elverktygstillbeh\u00f6r och vill&#8230; <a class=\"view-article\" href=\"https:\/\/lunatools.test.consids5.se\/sv\/professional-guidance\/elverktygstillbehor\/valj-ratt-tillbehor-till-elverktyg\/\">View Article<\/a>","protected":false},"author":2,"featured_media":4099,"parent":12540,"menu_order":0,"comment_status":"closed","ping_status":"closed","template":"","meta":{"_acf_changed":false,"footnotes":""},"class_list":["post-12608","page","type-page","status-publish","has-post-thumbnail","hentry"],"acf":[],"yoast_head":"<!-- This site is optimized with the Yoast SEO plugin v23.2 - https:\/\/yoast.com\/wordpress\/plugins\/seo\/ -->\n<title>V\u00e4lj r\u00e4tt tillbeh\u00f6r till elverktyg | Professional guidance - Luna tools<\/title>\n<meta name=\"description\" content=\"Guider som hj\u00e4lper dig att v\u00e4lja det mest effektiva tillbeh\u00f6ret f\u00f6r jobbet. Se till att anv\u00e4nda ett elverktygstillbeh\u00f6r som matchar din potential.\" \/>\n<meta name=\"robots\" content=\"index, follow, max-snippet:-1, max-image-preview:large, max-video-preview:-1\" \/>\n<link rel=\"canonical\" href=\"https:\/\/lunatools.test.consids5.se\/sv\/professional-guidance\/elverktygstillbehor\/valj-ratt-tillbehor-till-elverktyg\/\" \/>\n<meta property=\"og:locale\" content=\"sv_SE\" \/>\n<meta property=\"og:type\" content=\"article\" \/>\n<meta property=\"og:title\" content=\"V\u00e4lj r\u00e4tt tillbeh\u00f6r till elverktyg | Professional guidance - Luna tools\" \/>\n<meta property=\"og:description\" content=\"Guider som hj\u00e4lper dig att v\u00e4lja det mest effektiva tillbeh\u00f6ret f\u00f6r jobbet. Se till att anv\u00e4nda ett elverktygstillbeh\u00f6r som matchar din potential.\" \/>\n<meta property=\"og:url\" content=\"https:\/\/lunatools.test.consids5.se\/sv\/professional-guidance\/elverktygstillbehor\/valj-ratt-tillbehor-till-elverktyg\/\" \/>\n<meta property=\"og:site_name\" content=\"Luna tools\" \/>\n<meta property=\"article:modified_time\" content=\"2020-02-25T08:17:54+00:00\" \/>\n<meta property=\"og:image\" content=\"https:\/\/lunatools.test.consids5.se\/wp-content\/uploads\/2019\/02\/luna25542.jpg\" \/>\n\t<meta property=\"og:image:width\" content=\"1500\" \/>\n\t<meta property=\"og:image:height\" content=\"1117\" \/>\n\t<meta property=\"og:image:type\" content=\"image\/jpeg\" \/>\n<meta name=\"twitter:label1\" content=\"Est. reading time\" \/>\n\t<meta name=\"twitter:data1\" content=\"1 minute\" \/>\n<script type=\"application\/ld+json\" class=\"yoast-schema-graph\">{\"@context\":\"https:\/\/schema.org\",\"@graph\":[{\"@type\":\"WebPage\",\"@id\":\"https:\/\/lunatools.test.consids5.se\/sv\/professional-guidance\/elverktygstillbehor\/valj-ratt-tillbehor-till-elverktyg\/\",\"url\":\"https:\/\/lunatools.test.consids5.se\/sv\/professional-guidance\/elverktygstillbehor\/valj-ratt-tillbehor-till-elverktyg\/\",\"name\":\"V\u00e4lj r\u00e4tt tillbeh\u00f6r till elverktyg | Professional guidance - Luna tools\",\"isPartOf\":{\"@id\":\"https:\/\/lunatools.test.consids5.se\/en\/#website\"},\"primaryImageOfPage\":{\"@id\":\"https:\/\/lunatools.test.consids5.se\/sv\/professional-guidance\/elverktygstillbehor\/valj-ratt-tillbehor-till-elverktyg\/#primaryimage\"},\"image\":{\"@id\":\"https:\/\/lunatools.test.consids5.se\/sv\/professional-guidance\/elverktygstillbehor\/valj-ratt-tillbehor-till-elverktyg\/#primaryimage\"},\"thumbnailUrl\":\"https:\/\/lunatools.test.consids5.se\/wp-content\/uploads\/2019\/02\/luna25542.jpg\",\"datePublished\":\"2020-02-25T08:12:59+00:00\",\"dateModified\":\"2020-02-25T08:17:54+00:00\",\"description\":\"Guider som hj\u00e4lper dig att v\u00e4lja det mest effektiva tillbeh\u00f6ret f\u00f6r jobbet. Se till att anv\u00e4nda ett elverktygstillbeh\u00f6r som matchar din potential.\",\"breadcrumb\":{\"@id\":\"https:\/\/lunatools.test.consids5.se\/sv\/professional-guidance\/elverktygstillbehor\/valj-ratt-tillbehor-till-elverktyg\/#breadcrumb\"},\"inLanguage\":\"sv-SE\",\"potentialAction\":[{\"@type\":\"ReadAction\",\"target\":[\"https:\/\/lunatools.test.consids5.se\/sv\/professional-guidance\/elverktygstillbehor\/valj-ratt-tillbehor-till-elverktyg\/\"]}]},{\"@type\":\"ImageObject\",\"inLanguage\":\"sv-SE\",\"@id\":\"https:\/\/lunatools.test.consids5.se\/sv\/professional-guidance\/elverktygstillbehor\/valj-ratt-tillbehor-till-elverktyg\/#primaryimage\",\"url\":\"https:\/\/lunatools.test.consids5.se\/wp-content\/uploads\/2019\/02\/luna25542.jpg\",\"contentUrl\":\"https:\/\/lunatools.test.consids5.se\/wp-content\/uploads\/2019\/02\/luna25542.jpg\",\"width\":1500,\"height\":1117,\"caption\":\"samlingsbild p\u00e5 elverktygstillbeh\u00f6r\"},{\"@type\":\"BreadcrumbList\",\"@id\":\"https:\/\/lunatools.test.consids5.se\/sv\/professional-guidance\/elverktygstillbehor\/valj-ratt-tillbehor-till-elverktyg\/#breadcrumb\",\"itemListElement\":[{\"@type\":\"ListItem\",\"position\":1,\"name\":\"Home\",\"item\":\"https:\/\/lunatools.test.consids5.se\/sv\/professionella-elverktygstillbehor-lunatools-startpage\/\"},{\"@type\":\"ListItem\",\"position\":2,\"name\":\"Professional guidance | R\u00e4tt verktyg f\u00f6r jobbet\",\"item\":\"https:\/\/lunatools.test.consids5.se\/sv\/professional-guidance\/\"},{\"@type\":\"ListItem\",\"position\":3,\"name\":\"Elverktygstillbeh\u00f6r\",\"item\":\"https:\/\/lunatools.test.consids5.se\/sv\/professional-guidance\/elverktygstillbehor\/\"},{\"@type\":\"ListItem\",\"position\":4,\"name\":\"V\u00e4lj r\u00e4tt tillbeh\u00f6r till elverktyg\"}]},{\"@type\":\"WebSite\",\"@id\":\"https:\/\/lunatools.test.consids5.se\/en\/#website\",\"url\":\"https:\/\/lunatools.test.consids5.se\/en\/\",\"name\":\"Luna tools\",\"description\":\"\",\"publisher\":{\"@id\":\"https:\/\/lunatools.test.consids5.se\/en\/#organization\"},\"potentialAction\":[{\"@type\":\"SearchAction\",\"target\":{\"@type\":\"EntryPoint\",\"urlTemplate\":\"https:\/\/lunatools.test.consids5.se\/en\/?s={search_term_string}\"},\"query-input\":\"required name=search_term_string\"}],\"inLanguage\":\"sv-SE\"},{\"@type\":\"Organization\",\"@id\":\"https:\/\/lunatools.test.consids5.se\/en\/#organization\",\"name\":\"Luna Tools\",\"url\":\"https:\/\/lunatools.test.consids5.se\/en\/\",\"logo\":{\"@type\":\"ImageObject\",\"inLanguage\":\"sv-SE\",\"@id\":\"https:\/\/lunatools.test.consids5.se\/en\/#\/schema\/logo\/image\/\",\"url\":\"https:\/\/lunatools.com\/wp-content\/uploads\/2019\/10\/LunaTools-gray-logo.png\",\"contentUrl\":\"https:\/\/lunatools.com\/wp-content\/uploads\/2019\/10\/LunaTools-gray-logo.png\",\"width\":795,\"height\":309,\"caption\":\"Luna Tools\"},\"image\":{\"@id\":\"https:\/\/lunatools.test.consids5.se\/en\/#\/schema\/logo\/image\/\"}}]}<\/script>\n<!-- \/ Yoast SEO plugin. -->","yoast_head_json":{"title":"V\u00e4lj r\u00e4tt tillbeh\u00f6r till elverktyg | Professional guidance - Luna tools","description":"Guider som hj\u00e4lper dig att v\u00e4lja det mest effektiva tillbeh\u00f6ret f\u00f6r jobbet. Se till att anv\u00e4nda ett elverktygstillbeh\u00f6r som matchar din potential.","robots":{"index":"index","follow":"follow","max-snippet":"max-snippet:-1","max-image-preview":"max-image-preview:large","max-video-preview":"max-video-preview:-1"},"canonical":"https:\/\/lunatools.test.consids5.se\/sv\/professional-guidance\/elverktygstillbehor\/valj-ratt-tillbehor-till-elverktyg\/","og_locale":"sv_SE","og_type":"article","og_title":"V\u00e4lj r\u00e4tt tillbeh\u00f6r till elverktyg | Professional guidance - Luna tools","og_description":"Guider som hj\u00e4lper dig att v\u00e4lja det mest effektiva tillbeh\u00f6ret f\u00f6r jobbet. Se till att anv\u00e4nda ett elverktygstillbeh\u00f6r som matchar din potential.","og_url":"https:\/\/lunatools.test.consids5.se\/sv\/professional-guidance\/elverktygstillbehor\/valj-ratt-tillbehor-till-elverktyg\/","og_site_name":"Luna tools","article_modified_time":"2020-02-25T08:17:54+00:00","og_image":[{"width":1500,"height":1117,"url":"https:\/\/lunatools.test.consids5.se\/wp-content\/uploads\/2019\/02\/luna25542.jpg","type":"image\/jpeg"}],"twitter_misc":{"Est. reading time":"1 minute"},"schema":{"@context":"https:\/\/schema.org","@graph":[{"@type":"WebPage","@id":"https:\/\/lunatools.test.consids5.se\/sv\/professional-guidance\/elverktygstillbehor\/valj-ratt-tillbehor-till-elverktyg\/","url":"https:\/\/lunatools.test.consids5.se\/sv\/professional-guidance\/elverktygstillbehor\/valj-ratt-tillbehor-till-elverktyg\/","name":"V\u00e4lj r\u00e4tt tillbeh\u00f6r till elverktyg | Professional guidance - Luna tools","isPartOf":{"@id":"https:\/\/lunatools.test.consids5.se\/en\/#website"},"primaryImageOfPage":{"@id":"https:\/\/lunatools.test.consids5.se\/sv\/professional-guidance\/elverktygstillbehor\/valj-ratt-tillbehor-till-elverktyg\/#primaryimage"},"image":{"@id":"https:\/\/lunatools.test.consids5.se\/sv\/professional-guidance\/elverktygstillbehor\/valj-ratt-tillbehor-till-elverktyg\/#primaryimage"},"thumbnailUrl":"https:\/\/lunatools.test.consids5.se\/wp-content\/uploads\/2019\/02\/luna25542.jpg","datePublished":"2020-02-25T08:12:59+00:00","dateModified":"2020-02-25T08:17:54+00:00","description":"Guider som hj\u00e4lper dig att v\u00e4lja det mest effektiva tillbeh\u00f6ret f\u00f6r jobbet. Se till att anv\u00e4nda ett elverktygstillbeh\u00f6r som matchar din potential.","breadcrumb":{"@id":"https:\/\/lunatools.test.consids5.se\/sv\/professional-guidance\/elverktygstillbehor\/valj-ratt-tillbehor-till-elverktyg\/#breadcrumb"},"inLanguage":"sv-SE","potentialAction":[{"@type":"ReadAction","target":["https:\/\/lunatools.test.consids5.se\/sv\/professional-guidance\/elverktygstillbehor\/valj-ratt-tillbehor-till-elverktyg\/"]}]},{"@type":"ImageObject","inLanguage":"sv-SE","@id":"https:\/\/lunatools.test.consids5.se\/sv\/professional-guidance\/elverktygstillbehor\/valj-ratt-tillbehor-till-elverktyg\/#primaryimage","url":"https:\/\/lunatools.test.consids5.se\/wp-content\/uploads\/2019\/02\/luna25542.jpg","contentUrl":"https:\/\/lunatools.test.consids5.se\/wp-content\/uploads\/2019\/02\/luna25542.jpg","width":1500,"height":1117,"caption":"samlingsbild p\u00e5 elverktygstillbeh\u00f6r"},{"@type":"BreadcrumbList","@id":"https:\/\/lunatools.test.consids5.se\/sv\/professional-guidance\/elverktygstillbehor\/valj-ratt-tillbehor-till-elverktyg\/#breadcrumb","itemListElement":[{"@type":"ListItem","position":1,"name":"Home","item":"https:\/\/lunatools.test.consids5.se\/sv\/professionella-elverktygstillbehor-lunatools-startpage\/"},{"@type":"ListItem","position":2,"name":"Professional guidance | R\u00e4tt verktyg f\u00f6r jobbet","item":"https:\/\/lunatools.test.consids5.se\/sv\/professional-guidance\/"},{"@type":"ListItem","position":3,"name":"Elverktygstillbeh\u00f6r","item":"https:\/\/lunatools.test.consids5.se\/sv\/professional-guidance\/elverktygstillbehor\/"},{"@type":"ListItem","position":4,"name":"V\u00e4lj r\u00e4tt tillbeh\u00f6r till elverktyg"}]},{"@type":"WebSite","@id":"https:\/\/lunatools.test.consids5.se\/en\/#website","url":"https:\/\/lunatools.test.consids5.se\/en\/","name":"Luna tools","description":"","publisher":{"@id":"https:\/\/lunatools.test.consids5.se\/en\/#organization"},"potentialAction":[{"@type":"SearchAction","target":{"@type":"EntryPoint","urlTemplate":"https:\/\/lunatools.test.consids5.se\/en\/?s={search_term_string}"},"query-input":"required name=search_term_string"}],"inLanguage":"sv-SE"},{"@type":"Organization","@id":"https:\/\/lunatools.test.consids5.se\/en\/#organization","name":"Luna Tools","url":"https:\/\/lunatools.test.consids5.se\/en\/","logo":{"@type":"ImageObject","inLanguage":"sv-SE","@id":"https:\/\/lunatools.test.consids5.se\/en\/#\/schema\/logo\/image\/","url":"https:\/\/lunatools.com\/wp-content\/uploads\/2019\/10\/LunaTools-gray-logo.png","contentUrl":"https:\/\/lunatools.com\/wp-content\/uploads\/2019\/10\/LunaTools-gray-logo.png","width":795,"height":309,"caption":"Luna Tools"},"image":{"@id":"https:\/\/lunatools.test.consids5.se\/en\/#\/schema\/logo\/image\/"}}]}},"_links":{"self":[{"href":"https:\/\/lunatools.test.consids5.se\/sv\/wp-json\/wp\/v2\/pages\/12608"}],"collection":[{"href":"https:\/\/lunatools.test.consids5.se\/sv\/wp-json\/wp\/v2\/pages"}],"about":[{"href":"https:\/\/lunatools.test.consids5.se\/sv\/wp-json\/wp\/v2\/types\/page"}],"author":[{"embeddable":true,"href":"https:\/\/lunatools.test.consids5.se\/sv\/wp-json\/wp\/v2\/users\/2"}],"replies":[{"embeddable":true,"href":"https:\/\/lunatools.test.consids5.se\/sv\/wp-json\/wp\/v2\/comments?post=12608"}],"version-history":[{"count":3,"href":"https:\/\/lunatools.test.consids5.se\/sv\/wp-json\/wp\/v2\/pages\/12608\/revisions"}],"predecessor-version":[{"id":12611,"href":"https:\/\/lunatools.test.consids5.se\/sv\/wp-json\/wp\/v2\/pages\/12608\/revisions\/12611"}],"up":[{"embeddable":true,"href":"https:\/\/lunatools.test.consids5.se\/sv\/wp-json\/wp\/v2\/pages\/12540"}],"wp:featuredmedia":[{"embeddable":true,"href":"https:\/\/lunatools.test.consids5.se\/sv\/wp-json\/wp\/v2\/media\/4099"}],"wp:attachment":[{"href":"https:\/\/lunatools.test.consids5.se\/sv\/wp-json\/wp\/v2\/media?parent=12608"}],"curies":[{"name":"wp","href":"https:\/\/api.w.org\/{rel}","templated":true}]}}