{"id":12612,"date":"2020-02-25T08:31:51","date_gmt":"2020-02-25T08:31:51","guid":{"rendered":"http:\/\/lunatools.com\/?page_id=12612"},"modified":"2020-02-25T08:32:05","modified_gmt":"2020-02-25T08:32:05","slug":"information-kring-verktygssakring","status":"publish","type":"page","link":"https:\/\/lunatools.test.consids5.se\/sv\/professional-guidance\/information-kring-verktygssakring\/","title":{"rendered":"Verktygss\u00e4kring"},"content":{"rendered":"<div class=\"wpb-content-wrapper\"><p>[vc_row][vc_column]\n        <div class=\"block block--chapter\">\n            <div class=\"chapters\">\n                \n                    <div class=\"chapter\"><div class=\"chapter__image\"><a href=\"https:\/\/lunatools.test.consids5.se\/sv\/professional-guidance\/information-kring-verktygssakring\/handbok-om-verktygssakring\/\"><img decoding=\"async\" src=\"https:\/\/lunatools.test.consids5.se\/wp-content\/uploads\/2020\/04\/Nord-Access-700x394.jpg\" alt=\"Handbok om verktygss\u00e4kring\" \/><\/a><\/div><h4 class=\"chapter__title small\">\n                            <a href=\"https:\/\/lunatools.test.consids5.se\/sv\/professional-guidance\/information-kring-verktygssakring\/handbok-om-verktygssakring\/\">Handbok om verktygss\u00e4kring<\/a>\n                        <\/h4><p class=\"chapter__description\">N\u00e4stan varje vecka sker en d\u00f6dsolycka p\u00e5 svenska arbetsplatser. F\u00f6r att f\u00e5 ned antalet arbetsrelaterade olyckor har regeringen beslutat om en nollvision f\u00f6r d\u00f6dsolyckor och f\u00f6rebyggande av arbetsolyckor. F\u00f6r att uppfylla visionen beh\u00f6vs konkreta \u00e5tg\u00e4rder \u2013 en av dessa \u00e4r verktygss\u00e4kring p\u00e5 h\u00f6ga h\u00f6jder.<\/p><a href=\"https:\/\/lunatools.test.consids5.se\/sv\/professional-guidance\/information-kring-verktygssakring\/handbok-om-verktygssakring\/\">L\u00e4s mer<\/a><\/div>\n                    <div class=\"chapter\"><div class=\"chapter__image\"><a href=\"https:\/\/lunatools.test.consids5.se\/sv\/professional-guidance\/information-kring-verktygssakring\/verktygssakra-genom-tre-enkla-steg\/\"><img decoding=\"async\" src=\"https:\/\/lunatools.test.consids5.se\/wp-content\/uploads\/2019\/08\/Verktygssakring_Luna-700x394.jpg\" alt=\"Verktygss\u00e4kring genom tre enkla steg\" \/><\/a><\/div><h4 class=\"chapter__title small\">\n                            <a href=\"https:\/\/lunatools.test.consids5.se\/sv\/professional-guidance\/information-kring-verktygssakring\/verktygssakra-genom-tre-enkla-steg\/\">Verktygss\u00e4kring genom tre enkla steg<\/a>\n                        <\/h4><p class=\"chapter__description\">Med Lunas nya ZeroDrop\u2122 handverktyg och verktygss\u00e4kring \u00e4r det enklare \u00e4n n\u00e5gonsin att s\u00e4kra verktygen n\u00e4r du jobbar p\u00e5 h\u00f6g h\u00f6jd.<\/p><a href=\"https:\/\/lunatools.test.consids5.se\/sv\/professional-guidance\/information-kring-verktygssakring\/verktygssakra-genom-tre-enkla-steg\/\">L\u00e4s mer<\/a><\/div>\n                    <div class=\"chapter\"><div class=\"chapter__image\"><a href=\"https:\/\/lunatools.test.consids5.se\/sv\/professional-guidance\/information-kring-verktygssakring\/sa-hanterar-du-verktyg-sakert-pa-hog-hojd\/\"><img decoding=\"async\" src=\"https:\/\/lunatools.test.consids5.se\/wp-content\/uploads\/2020\/02\/Fristad-Bygg-art-700x331.jpg\" alt=\"S\u00e5 hanterar du verktyg s\u00e4kert p\u00e5 h\u00f6g h\u00f6jd\" \/><\/a><\/div><h4 class=\"chapter__title small\">\n                            <a href=\"https:\/\/lunatools.test.consids5.se\/sv\/professional-guidance\/information-kring-verktygssakring\/sa-hanterar-du-verktyg-sakert-pa-hog-hojd\/\">S\u00e5 hanterar du verktyg s\u00e4kert p\u00e5 h\u00f6g h\u00f6jd<\/a>\n                        <\/h4><p class=\"chapter__description\">Att falls\u00e4kra verktyg \u00e4r enkelt, speciellt om du har verktyg som \u00e4r f\u00f6rberedda f\u00f6r\u00a0verktygss\u00e4kring.<\/p><a href=\"https:\/\/lunatools.test.consids5.se\/sv\/professional-guidance\/information-kring-verktygssakring\/sa-hanterar-du-verktyg-sakert-pa-hog-hojd\/\">L\u00e4s mer<\/a><\/div>\n            <\/div>\n        <\/div>[\/vc_column][\/vc_row]<\/p>\n<\/div>","protected":false},"excerpt":{"rendered":"[vc_row][vc_column][\/vc_column][\/vc_row]","protected":false},"author":2,"featured_media":11669,"parent":3863,"menu_order":0,"comment_status":"closed","ping_status":"closed","template":"","meta":{"_acf_changed":false,"footnotes":""},"class_list":["post-12612","page","type-page","status-publish","has-post-thumbnail","hentry"],"acf":[],"yoast_head":"<!-- This site is optimized with the Yoast SEO plugin v23.2 - https:\/\/yoast.com\/wordpress\/plugins\/seo\/ -->\n<title>Viktig information | Verktygss\u00e4kring | Vi \u00e4r experter - Luna tools<\/title>\n<meta name=\"description\" content=\"Vid h\u00f6gh\u00f6jdsarbete \u00e4r det extremt viktigt att t\u00e4nka p\u00e5, f\u00f6rst och fr\u00e4mst att s\u00e4kra sig sj\u00e4lv och i n\u00e4sta steg att s\u00e4kra sina verktyg. Vi informerar!\" \/>\n<meta name=\"robots\" content=\"index, follow, max-snippet:-1, max-image-preview:large, max-video-preview:-1\" \/>\n<link rel=\"canonical\" href=\"https:\/\/lunatools.test.consids5.se\/sv\/professional-guidance\/information-kring-verktygssakring\/\" \/>\n<meta property=\"og:locale\" content=\"sv_SE\" \/>\n<meta property=\"og:type\" content=\"article\" \/>\n<meta property=\"og:title\" content=\"Viktig information | Verktygss\u00e4kring | Vi \u00e4r experter - Luna tools\" \/>\n<meta property=\"og:description\" content=\"Vid h\u00f6gh\u00f6jdsarbete \u00e4r det extremt viktigt att t\u00e4nka p\u00e5, f\u00f6rst och fr\u00e4mst att s\u00e4kra sig sj\u00e4lv och i n\u00e4sta steg att s\u00e4kra sina verktyg. Vi informerar!\" \/>\n<meta property=\"og:url\" content=\"https:\/\/lunatools.test.consids5.se\/sv\/professional-guidance\/information-kring-verktygssakring\/\" \/>\n<meta property=\"og:site_name\" content=\"Luna tools\" \/>\n<meta property=\"article:modified_time\" content=\"2020-02-25T08:32:05+00:00\" \/>\n<meta property=\"og:image\" content=\"https:\/\/lunatools.test.consids5.se\/wp-content\/uploads\/2019\/08\/Vergtygssa\u0308kring_lowres.jpg\" \/>\n\t<meta property=\"og:image:width\" content=\"1152\" \/>\n\t<meta property=\"og:image:height\" content=\"648\" \/>\n\t<meta property=\"og:image:type\" content=\"image\/jpeg\" \/>\n<script type=\"application\/ld+json\" class=\"yoast-schema-graph\">{\"@context\":\"https:\/\/schema.org\",\"@graph\":[{\"@type\":\"WebPage\",\"@id\":\"https:\/\/lunatools.test.consids5.se\/sv\/professional-guidance\/information-kring-verktygssakring\/\",\"url\":\"https:\/\/lunatools.test.consids5.se\/sv\/professional-guidance\/information-kring-verktygssakring\/\",\"name\":\"Viktig information | Verktygss\u00e4kring | Vi \u00e4r experter - Luna tools\",\"isPartOf\":{\"@id\":\"https:\/\/lunatools.test.consids5.se\/en\/#website\"},\"primaryImageOfPage\":{\"@id\":\"https:\/\/lunatools.test.consids5.se\/sv\/professional-guidance\/information-kring-verktygssakring\/#primaryimage\"},\"image\":{\"@id\":\"https:\/\/lunatools.test.consids5.se\/sv\/professional-guidance\/information-kring-verktygssakring\/#primaryimage\"},\"thumbnailUrl\":\"https:\/\/lunatools.test.consids5.se\/wp-content\/uploads\/2019\/08\/Vergtygssa\u0308kring_lowres.jpg\",\"datePublished\":\"2020-02-25T08:31:51+00:00\",\"dateModified\":\"2020-02-25T08:32:05+00:00\",\"description\":\"Vid h\u00f6gh\u00f6jdsarbete \u00e4r det extremt viktigt att t\u00e4nka p\u00e5, f\u00f6rst och fr\u00e4mst att s\u00e4kra sig sj\u00e4lv och i n\u00e4sta steg att s\u00e4kra sina verktyg. Vi informerar!\",\"breadcrumb\":{\"@id\":\"https:\/\/lunatools.test.consids5.se\/sv\/professional-guidance\/information-kring-verktygssakring\/#breadcrumb\"},\"inLanguage\":\"sv-SE\",\"potentialAction\":[{\"@type\":\"ReadAction\",\"target\":[\"https:\/\/lunatools.test.consids5.se\/sv\/professional-guidance\/information-kring-verktygssakring\/\"]}]},{\"@type\":\"ImageObject\",\"inLanguage\":\"sv-SE\",\"@id\":\"https:\/\/lunatools.test.consids5.se\/sv\/professional-guidance\/information-kring-verktygssakring\/#primaryimage\",\"url\":\"https:\/\/lunatools.test.consids5.se\/wp-content\/uploads\/2019\/08\/Vergtygssa\u0308kring_lowres.jpg\",\"contentUrl\":\"https:\/\/lunatools.test.consids5.se\/wp-content\/uploads\/2019\/08\/Vergtygssa\u0308kring_lowres.jpg\",\"width\":1152,\"height\":648,\"caption\":\"I Lunas sortiment av verktygss\u00e4kring hittar du produkter f\u00f6r att kunna hantera verktyg s\u00e4kert p\u00e5 h\u00f6g h\u00f6jd. I sortimentet hittar du vulktejp, s\u00e4kerhetslinor, karbinhakar m m.\"},{\"@type\":\"BreadcrumbList\",\"@id\":\"https:\/\/lunatools.test.consids5.se\/sv\/professional-guidance\/information-kring-verktygssakring\/#breadcrumb\",\"itemListElement\":[{\"@type\":\"ListItem\",\"position\":1,\"name\":\"Home\",\"item\":\"https:\/\/lunatools.test.consids5.se\/sv\/professionella-elverktygstillbehor-lunatools-startpage\/\"},{\"@type\":\"ListItem\",\"position\":2,\"name\":\"Professional guidance | R\u00e4tt verktyg f\u00f6r jobbet\",\"item\":\"https:\/\/lunatools.test.consids5.se\/sv\/professional-guidance\/\"},{\"@type\":\"ListItem\",\"position\":3,\"name\":\"Verktygss\u00e4kring\"}]},{\"@type\":\"WebSite\",\"@id\":\"https:\/\/lunatools.test.consids5.se\/en\/#website\",\"url\":\"https:\/\/lunatools.test.consids5.se\/en\/\",\"name\":\"Luna tools\",\"description\":\"\",\"publisher\":{\"@id\":\"https:\/\/lunatools.test.consids5.se\/en\/#organization\"},\"potentialAction\":[{\"@type\":\"SearchAction\",\"target\":{\"@type\":\"EntryPoint\",\"urlTemplate\":\"https:\/\/lunatools.test.consids5.se\/en\/?s={search_term_string}\"},\"query-input\":\"required name=search_term_string\"}],\"inLanguage\":\"sv-SE\"},{\"@type\":\"Organization\",\"@id\":\"https:\/\/lunatools.test.consids5.se\/en\/#organization\",\"name\":\"Luna Tools\",\"url\":\"https:\/\/lunatools.test.consids5.se\/en\/\",\"logo\":{\"@type\":\"ImageObject\",\"inLanguage\":\"sv-SE\",\"@id\":\"https:\/\/lunatools.test.consids5.se\/en\/#\/schema\/logo\/image\/\",\"url\":\"https:\/\/lunatools.com\/wp-content\/uploads\/2019\/10\/LunaTools-gray-logo.png\",\"contentUrl\":\"https:\/\/lunatools.com\/wp-content\/uploads\/2019\/10\/LunaTools-gray-logo.png\",\"width\":795,\"height\":309,\"caption\":\"Luna Tools\"},\"image\":{\"@id\":\"https:\/\/lunatools.test.consids5.se\/en\/#\/schema\/logo\/image\/\"}}]}<\/script>\n<!-- \/ Yoast SEO plugin. -->","yoast_head_json":{"title":"Viktig information | Verktygss\u00e4kring | Vi \u00e4r experter - Luna tools","description":"Vid h\u00f6gh\u00f6jdsarbete \u00e4r det extremt viktigt att t\u00e4nka p\u00e5, f\u00f6rst och fr\u00e4mst att s\u00e4kra sig sj\u00e4lv och i n\u00e4sta steg att s\u00e4kra sina verktyg. Vi informerar!","robots":{"index":"index","follow":"follow","max-snippet":"max-snippet:-1","max-image-preview":"max-image-preview:large","max-video-preview":"max-video-preview:-1"},"canonical":"https:\/\/lunatools.test.consids5.se\/sv\/professional-guidance\/information-kring-verktygssakring\/","og_locale":"sv_SE","og_type":"article","og_title":"Viktig information | Verktygss\u00e4kring | Vi \u00e4r experter - Luna tools","og_description":"Vid h\u00f6gh\u00f6jdsarbete \u00e4r det extremt viktigt att t\u00e4nka p\u00e5, f\u00f6rst och fr\u00e4mst att s\u00e4kra sig sj\u00e4lv och i n\u00e4sta steg att s\u00e4kra sina verktyg. Vi informerar!","og_url":"https:\/\/lunatools.test.consids5.se\/sv\/professional-guidance\/information-kring-verktygssakring\/","og_site_name":"Luna tools","article_modified_time":"2020-02-25T08:32:05+00:00","og_image":[{"width":1152,"height":648,"url":"https:\/\/lunatools.test.consids5.se\/wp-content\/uploads\/2019\/08\/Vergtygssa\u0308kring_lowres.jpg","type":"image\/jpeg"}],"schema":{"@context":"https:\/\/schema.org","@graph":[{"@type":"WebPage","@id":"https:\/\/lunatools.test.consids5.se\/sv\/professional-guidance\/information-kring-verktygssakring\/","url":"https:\/\/lunatools.test.consids5.se\/sv\/professional-guidance\/information-kring-verktygssakring\/","name":"Viktig information | Verktygss\u00e4kring | Vi \u00e4r experter - Luna tools","isPartOf":{"@id":"https:\/\/lunatools.test.consids5.se\/en\/#website"},"primaryImageOfPage":{"@id":"https:\/\/lunatools.test.consids5.se\/sv\/professional-guidance\/information-kring-verktygssakring\/#primaryimage"},"image":{"@id":"https:\/\/lunatools.test.consids5.se\/sv\/professional-guidance\/information-kring-verktygssakring\/#primaryimage"},"thumbnailUrl":"https:\/\/lunatools.test.consids5.se\/wp-content\/uploads\/2019\/08\/Vergtygssa\u0308kring_lowres.jpg","datePublished":"2020-02-25T08:31:51+00:00","dateModified":"2020-02-25T08:32:05+00:00","description":"Vid h\u00f6gh\u00f6jdsarbete \u00e4r det extremt viktigt att t\u00e4nka p\u00e5, f\u00f6rst och fr\u00e4mst att s\u00e4kra sig sj\u00e4lv och i n\u00e4sta steg att s\u00e4kra sina verktyg. Vi informerar!","breadcrumb":{"@id":"https:\/\/lunatools.test.consids5.se\/sv\/professional-guidance\/information-kring-verktygssakring\/#breadcrumb"},"inLanguage":"sv-SE","potentialAction":[{"@type":"ReadAction","target":["https:\/\/lunatools.test.consids5.se\/sv\/professional-guidance\/information-kring-verktygssakring\/"]}]},{"@type":"ImageObject","inLanguage":"sv-SE","@id":"https:\/\/lunatools.test.consids5.se\/sv\/professional-guidance\/information-kring-verktygssakring\/#primaryimage","url":"https:\/\/lunatools.test.consids5.se\/wp-content\/uploads\/2019\/08\/Vergtygssa\u0308kring_lowres.jpg","contentUrl":"https:\/\/lunatools.test.consids5.se\/wp-content\/uploads\/2019\/08\/Vergtygssa\u0308kring_lowres.jpg","width":1152,"height":648,"caption":"I Lunas sortiment av verktygss\u00e4kring hittar du produkter f\u00f6r att kunna hantera verktyg s\u00e4kert p\u00e5 h\u00f6g h\u00f6jd. I sortimentet hittar du vulktejp, s\u00e4kerhetslinor, karbinhakar m m."},{"@type":"BreadcrumbList","@id":"https:\/\/lunatools.test.consids5.se\/sv\/professional-guidance\/information-kring-verktygssakring\/#breadcrumb","itemListElement":[{"@type":"ListItem","position":1,"name":"Home","item":"https:\/\/lunatools.test.consids5.se\/sv\/professionella-elverktygstillbehor-lunatools-startpage\/"},{"@type":"ListItem","position":2,"name":"Professional guidance | R\u00e4tt verktyg f\u00f6r jobbet","item":"https:\/\/lunatools.test.consids5.se\/sv\/professional-guidance\/"},{"@type":"ListItem","position":3,"name":"Verktygss\u00e4kring"}]},{"@type":"WebSite","@id":"https:\/\/lunatools.test.consids5.se\/en\/#website","url":"https:\/\/lunatools.test.consids5.se\/en\/","name":"Luna tools","description":"","publisher":{"@id":"https:\/\/lunatools.test.consids5.se\/en\/#organization"},"potentialAction":[{"@type":"SearchAction","target":{"@type":"EntryPoint","urlTemplate":"https:\/\/lunatools.test.consids5.se\/en\/?s={search_term_string}"},"query-input":"required name=search_term_string"}],"inLanguage":"sv-SE"},{"@type":"Organization","@id":"https:\/\/lunatools.test.consids5.se\/en\/#organization","name":"Luna Tools","url":"https:\/\/lunatools.test.consids5.se\/en\/","logo":{"@type":"ImageObject","inLanguage":"sv-SE","@id":"https:\/\/lunatools.test.consids5.se\/en\/#\/schema\/logo\/image\/","url":"https:\/\/lunatools.com\/wp-content\/uploads\/2019\/10\/LunaTools-gray-logo.png","contentUrl":"https:\/\/lunatools.com\/wp-content\/uploads\/2019\/10\/LunaTools-gray-logo.png","width":795,"height":309,"caption":"Luna Tools"},"image":{"@id":"https:\/\/lunatools.test.consids5.se\/en\/#\/schema\/logo\/image\/"}}]}},"_links":{"self":[{"href":"https:\/\/lunatools.test.consids5.se\/sv\/wp-json\/wp\/v2\/pages\/12612"}],"collection":[{"href":"https:\/\/lunatools.test.consids5.se\/sv\/wp-json\/wp\/v2\/pages"}],"about":[{"href":"https:\/\/lunatools.test.consids5.se\/sv\/wp-json\/wp\/v2\/types\/page"}],"author":[{"embeddable":true,"href":"https:\/\/lunatools.test.consids5.se\/sv\/wp-json\/wp\/v2\/users\/2"}],"replies":[{"embeddable":true,"href":"https:\/\/lunatools.test.consids5.se\/sv\/wp-json\/wp\/v2\/comments?post=12612"}],"version-history":[{"count":2,"href":"https:\/\/lunatools.test.consids5.se\/sv\/wp-json\/wp\/v2\/pages\/12612\/revisions"}],"predecessor-version":[{"id":12614,"href":"https:\/\/lunatools.test.consids5.se\/sv\/wp-json\/wp\/v2\/pages\/12612\/revisions\/12614"}],"up":[{"embeddable":true,"href":"https:\/\/lunatools.test.consids5.se\/sv\/wp-json\/wp\/v2\/pages\/3863"}],"wp:featuredmedia":[{"embeddable":true,"href":"https:\/\/lunatools.test.consids5.se\/sv\/wp-json\/wp\/v2\/media\/11669"}],"wp:attachment":[{"href":"https:\/\/lunatools.test.consids5.se\/sv\/wp-json\/wp\/v2\/media?parent=12612"}],"curies":[{"name":"wp","href":"https:\/\/api.w.org\/{rel}","templated":true}]}}