{"id":12770,"date":"2020-03-24T15:25:10","date_gmt":"2020-03-24T15:25:10","guid":{"rendered":"http:\/\/lunatools.com\/?page_id=12770"},"modified":"2020-03-24T15:38:31","modified_gmt":"2020-03-24T15:38:31","slug":"sa-borrar-man-i-glas","status":"publish","type":"page","link":"https:\/\/lunatools.test.consids5.se\/sv\/professional-guidance\/elverktygstillbehor\/glas\/sa-borrar-man-i-glas\/","title":{"rendered":"S\u00e5 borrar man i glas"},"content":{"rendered":"<div class=\"wpb-content-wrapper\"><p>[vc_row][vc_column][vc_column_text]<\/p>\n<h4><span class=\"TextRun SCXW208805837 BCX7\" lang=\"SV-SE\" xml:lang=\"SV-SE\" data-contrast=\"auto\"><span class=\"NormalTextRun SCXW208805837 BCX7\">H\u00e5ls\u00e5gar kan anv\u00e4ndas f\u00f6r att borra b\u00e5de sm\u00e5 och stora h\u00e5l i glas, och d\u00e5 \u00e4r det\u00a0<\/span><\/span><span class=\"TextRun SCXW208805837 BCX7\" lang=\"SV-SE\" xml:lang=\"SV-SE\" data-contrast=\"auto\"><span class=\"NormalTextRun SCXW208805837 BCX7\">fr\u00e4mst\u00a0<\/span><\/span><span class=\"TextRun SCXW208805837 BCX7\" lang=\"SV-SE\" xml:lang=\"SV-SE\" data-contrast=\"auto\"><span class=\"NormalTextRun SCXW208805837 BCX7\">en diamantborr man anv\u00e4nder sig<\/span><\/span><span class=\"TextRun SCXW208805837 BCX7\" lang=\"SV-SE\" xml:lang=\"SV-SE\" data-contrast=\"auto\"><span class=\"NormalTextRun SCXW208805837 BCX7\">\u00a0av<\/span><\/span><span class=\"TextRun SCXW208805837 BCX7\" lang=\"SV-SE\" xml:lang=\"SV-SE\" data-contrast=\"auto\"><span class=\"NormalTextRun SCXW208805837 BCX7\">. H\u00e4r tipsar vi om hur du kan borra i glas p\u00e5 ett s\u00e4kert s\u00e4tt och vilka borr du kan anv\u00e4nda dig av. <\/span><\/span><span class=\"EOP SCXW208805837 BCX7\" data-ccp-props=\"{&quot;201341983&quot;:0,&quot;335559739&quot;:160,&quot;335559740&quot;:259}\">\u00a0<\/span><\/h4>\n<p>[\/vc_column_text][vc_column_text]<\/p>\n<h4><b>V\u00e4lj r\u00e4tt maskin<\/b><\/h4>\n<p>Lunas borr \u00e4r tillverkade f\u00f6r att passa alla maskiner p\u00e5 marknaden. Det inkluderar \u00e4ven h\u00e5ls\u00e5g.<\/p>\n<h4><b>V\u00e4lj r\u00e4tt borr<\/b><\/h4>\n<p>F\u00f6r att borra i glas rekommenderas att anv\u00e4nda ett diamantborr (h\u00e5ls\u00e5g), <a href=\"https:\/\/lunatools.com\/sv\/product-category\/borr-sv\/diamantborr-sv\/\">h\u00e4r kan du se Lunas sortiment av diamantborr i olika storlekar<\/a>. Borren h\u00e5ller f\u00f6r ca 35 h\u00e5l och finns i en m\u00e4ngd olika dimensioner. Det g\u00e5r till viss del \u00e4ven bra att anv\u00e4nda Lunas <a href=\"\/\/lunatools.com\/sv\/product-category\/borr-sv\/kakelborr-sv\/kakelborr&lt;\/a\" target=\"_blank\" rel=\"noopener noreferrer\">kakelborr.<\/a><\/p>\n<h4><b>Innan du borrar<\/b><\/h4>\n<p>Se till att anv\u00e4nda skyddsglas\u00f6gon och skyddshandskar f\u00f6r att skydda dig fr\u00e5n eventuellt glasdamm. Titta g\u00e4rna p\u00e5 v\u00e5r <a href=\"https:\/\/www.youtube.com\/watch?time_continue=13&amp;v=7dtJgZMvdmg&amp;feature=emb_logo\">film<\/a> d\u00e4r vi tipsar om vad du b\u00f6r t\u00e4nka p\u00e5 n\u00e4r du borrar h\u00e5l i glas.<\/p>\n<h4><b>Borra i glas steg f\u00f6r steg<\/b><\/h4>\n<ul>\n<li data-leveltext=\"%1.\" data-font=\"Calibri, Calibri_MSFontService, sans-serif\" data-listid=\"1\" aria-setsize=\"-1\" data-aria-posinset=\"1\" data-aria-level=\"1\"><span data-contrast=\"auto\">Vinkla borret mot glaset f\u00f6r att underl\u00e4tta i starten<\/span><span data-ccp-props=\"{&quot;134233279&quot;:true,&quot;201341983&quot;:0,&quot;335559739&quot;:160,&quot;335559740&quot;:259}\">\u00a0<\/span><\/li>\n<\/ul>\n<ul>\n<li data-leveltext=\"%1.\" data-font=\"Calibri, Calibri_MSFontService, sans-serif\" data-listid=\"1\" aria-setsize=\"-1\" data-aria-posinset=\"2\" data-aria-level=\"1\"><span data-contrast=\"auto\">F\u00f6r b\u00e4st resultat och l\u00e5ng livsl\u00e4ngd p\u00e5 borret, se till att vatten kommer \u00e5t att kyla ned glaset<\/span><span data-ccp-props=\"{&quot;134233279&quot;:true,&quot;201341983&quot;:0,&quot;335559739&quot;:160,&quot;335559740&quot;:259}\">\u00a0<\/span><\/li>\n<\/ul>\n<ul>\n<li data-leveltext=\"%1.\" data-font=\"Calibri, Calibri_MSFontService, sans-serif\" data-listid=\"1\" aria-setsize=\"-1\" data-aria-posinset=\"3\" data-aria-level=\"1\"><span data-contrast=\"auto\">En l\u00e4tt rotation i handen hj\u00e4lper till att minska glasdammet och s\u00e4nker temperaturen<\/span><span data-ccp-props=\"{&quot;134233279&quot;:true,&quot;201341983&quot;:0,&quot;335559739&quot;:160,&quot;335559740&quot;:259}\">\u00a0<\/span><\/li>\n<\/ul>\n<p>[\/vc_column_text][\/vc_column][\/vc_row]<\/p>\n<\/div>","protected":false},"excerpt":{"rendered":"[vc_row][vc_column][vc_column_text] H\u00e5ls\u00e5gar kan anv\u00e4ndas f\u00f6r att borra b\u00e5de sm\u00e5 och stora h\u00e5l i glas, och d\u00e5 \u00e4r det\u00a0fr\u00e4mst\u00a0en diamantborr man anv\u00e4nder sig\u00a0av. H\u00e4r tipsar vi om hur du kan borra i glas p\u00e5 ett s\u00e4kert s\u00e4tt och vilka borr du kan anv\u00e4nda dig av. \u00a0 [\/vc_column_text][vc_column_text] V\u00e4lj r\u00e4tt maskin Lunas borr \u00e4r tillverkade f\u00f6r att&#8230; <a class=\"view-article\" href=\"https:\/\/lunatools.test.consids5.se\/sv\/professional-guidance\/elverktygstillbehor\/glas\/sa-borrar-man-i-glas\/\">View Article<\/a>","protected":false},"author":2,"featured_media":4053,"parent":12763,"menu_order":0,"comment_status":"closed","ping_status":"closed","template":"","meta":{"_acf_changed":false,"footnotes":""},"class_list":["post-12770","page","type-page","status-publish","has-post-thumbnail","hentry"],"acf":[],"yoast_head":"<!-- This site is optimized with the Yoast SEO plugin v23.2 - https:\/\/yoast.com\/wordpress\/plugins\/seo\/ -->\n<title>Borra i glas med h\u00e5ls\u00e5g | S\u00e5 borrar man i glas - Luna tools<\/title>\n<meta name=\"description\" content=\"H\u00e5ls\u00e5g kan anv\u00e4ndas f\u00f6r att borra b\u00e5de sm\u00e5 och stora h\u00e5l i glas, och d\u00e5 \u00e4r det\u00a0fr\u00e4mst\u00a0en diamantborr man anv\u00e4nder sig\u00a0av. H\u00e4r tipsar vi om hur du borrar\" \/>\n<meta name=\"robots\" content=\"index, follow, max-snippet:-1, max-image-preview:large, max-video-preview:-1\" \/>\n<link rel=\"canonical\" href=\"https:\/\/lunatools.test.consids5.se\/sv\/professional-guidance\/elverktygstillbehor\/glas\/sa-borrar-man-i-glas\/\" \/>\n<meta property=\"og:locale\" content=\"sv_SE\" \/>\n<meta property=\"og:type\" content=\"article\" \/>\n<meta property=\"og:title\" content=\"Borra i glas med h\u00e5ls\u00e5g | S\u00e5 borrar man i glas - Luna tools\" \/>\n<meta property=\"og:description\" content=\"H\u00e5ls\u00e5g kan anv\u00e4ndas f\u00f6r att borra b\u00e5de sm\u00e5 och stora h\u00e5l i glas, och d\u00e5 \u00e4r det\u00a0fr\u00e4mst\u00a0en diamantborr man anv\u00e4nder sig\u00a0av. H\u00e4r tipsar vi om hur du borrar\" \/>\n<meta property=\"og:url\" content=\"https:\/\/lunatools.test.consids5.se\/sv\/professional-guidance\/elverktygstillbehor\/glas\/sa-borrar-man-i-glas\/\" \/>\n<meta property=\"og:site_name\" content=\"Luna tools\" \/>\n<meta property=\"article:modified_time\" content=\"2020-03-24T15:38:31+00:00\" \/>\n<meta property=\"og:image\" content=\"https:\/\/lunatools.test.consids5.se\/wp-content\/uploads\/2019\/01\/Halsagar_luna.jpg\" \/>\n\t<meta property=\"og:image:width\" content=\"1500\" \/>\n\t<meta property=\"og:image:height\" content=\"910\" \/>\n\t<meta property=\"og:image:type\" content=\"image\/jpeg\" \/>\n<meta name=\"twitter:label1\" content=\"Est. reading time\" \/>\n\t<meta name=\"twitter:data1\" content=\"1 minute\" \/>\n<script type=\"application\/ld+json\" class=\"yoast-schema-graph\">{\"@context\":\"https:\/\/schema.org\",\"@graph\":[{\"@type\":\"WebPage\",\"@id\":\"https:\/\/lunatools.test.consids5.se\/sv\/professional-guidance\/elverktygstillbehor\/glas\/sa-borrar-man-i-glas\/\",\"url\":\"https:\/\/lunatools.test.consids5.se\/sv\/professional-guidance\/elverktygstillbehor\/glas\/sa-borrar-man-i-glas\/\",\"name\":\"Borra i glas med h\u00e5ls\u00e5g | S\u00e5 borrar man i glas - Luna tools\",\"isPartOf\":{\"@id\":\"https:\/\/lunatools.test.consids5.se\/en\/#website\"},\"primaryImageOfPage\":{\"@id\":\"https:\/\/lunatools.test.consids5.se\/sv\/professional-guidance\/elverktygstillbehor\/glas\/sa-borrar-man-i-glas\/#primaryimage\"},\"image\":{\"@id\":\"https:\/\/lunatools.test.consids5.se\/sv\/professional-guidance\/elverktygstillbehor\/glas\/sa-borrar-man-i-glas\/#primaryimage\"},\"thumbnailUrl\":\"https:\/\/lunatools.test.consids5.se\/wp-content\/uploads\/2019\/01\/Halsagar_luna.jpg\",\"datePublished\":\"2020-03-24T15:25:10+00:00\",\"dateModified\":\"2020-03-24T15:38:31+00:00\",\"description\":\"H\u00e5ls\u00e5g kan anv\u00e4ndas f\u00f6r att borra b\u00e5de sm\u00e5 och stora h\u00e5l i glas, och d\u00e5 \u00e4r det\u00a0fr\u00e4mst\u00a0en diamantborr man anv\u00e4nder sig\u00a0av. H\u00e4r tipsar vi om hur du borrar\",\"breadcrumb\":{\"@id\":\"https:\/\/lunatools.test.consids5.se\/sv\/professional-guidance\/elverktygstillbehor\/glas\/sa-borrar-man-i-glas\/#breadcrumb\"},\"inLanguage\":\"sv-SE\",\"potentialAction\":[{\"@type\":\"ReadAction\",\"target\":[\"https:\/\/lunatools.test.consids5.se\/sv\/professional-guidance\/elverktygstillbehor\/glas\/sa-borrar-man-i-glas\/\"]}]},{\"@type\":\"ImageObject\",\"inLanguage\":\"sv-SE\",\"@id\":\"https:\/\/lunatools.test.consids5.se\/sv\/professional-guidance\/elverktygstillbehor\/glas\/sa-borrar-man-i-glas\/#primaryimage\",\"url\":\"https:\/\/lunatools.test.consids5.se\/wp-content\/uploads\/2019\/01\/Halsagar_luna.jpg\",\"contentUrl\":\"https:\/\/lunatools.test.consids5.se\/wp-content\/uploads\/2019\/01\/Halsagar_luna.jpg\",\"width\":1500,\"height\":910,\"caption\":\"H\u00e5ls\u00e5gar Luna Tools\"},{\"@type\":\"BreadcrumbList\",\"@id\":\"https:\/\/lunatools.test.consids5.se\/sv\/professional-guidance\/elverktygstillbehor\/glas\/sa-borrar-man-i-glas\/#breadcrumb\",\"itemListElement\":[{\"@type\":\"ListItem\",\"position\":1,\"name\":\"Home\",\"item\":\"https:\/\/lunatools.test.consids5.se\/sv\/professionella-elverktygstillbehor-lunatools-startpage\/\"},{\"@type\":\"ListItem\",\"position\":2,\"name\":\"Professional guidance | R\u00e4tt verktyg f\u00f6r jobbet\",\"item\":\"https:\/\/lunatools.test.consids5.se\/sv\/professional-guidance\/\"},{\"@type\":\"ListItem\",\"position\":3,\"name\":\"Elverktygstillbeh\u00f6r\",\"item\":\"https:\/\/lunatools.test.consids5.se\/sv\/professional-guidance\/elverktygstillbehor\/\"},{\"@type\":\"ListItem\",\"position\":4,\"name\":\"Glas\",\"item\":\"https:\/\/lunatools.test.consids5.se\/sv\/professional-guidance\/elverktygstillbehor\/glas\/\"},{\"@type\":\"ListItem\",\"position\":5,\"name\":\"S\u00e5 borrar man i glas\"}]},{\"@type\":\"WebSite\",\"@id\":\"https:\/\/lunatools.test.consids5.se\/en\/#website\",\"url\":\"https:\/\/lunatools.test.consids5.se\/en\/\",\"name\":\"Luna tools\",\"description\":\"\",\"publisher\":{\"@id\":\"https:\/\/lunatools.test.consids5.se\/en\/#organization\"},\"potentialAction\":[{\"@type\":\"SearchAction\",\"target\":{\"@type\":\"EntryPoint\",\"urlTemplate\":\"https:\/\/lunatools.test.consids5.se\/en\/?s={search_term_string}\"},\"query-input\":\"required name=search_term_string\"}],\"inLanguage\":\"sv-SE\"},{\"@type\":\"Organization\",\"@id\":\"https:\/\/lunatools.test.consids5.se\/en\/#organization\",\"name\":\"Luna Tools\",\"url\":\"https:\/\/lunatools.test.consids5.se\/en\/\",\"logo\":{\"@type\":\"ImageObject\",\"inLanguage\":\"sv-SE\",\"@id\":\"https:\/\/lunatools.test.consids5.se\/en\/#\/schema\/logo\/image\/\",\"url\":\"https:\/\/lunatools.com\/wp-content\/uploads\/2019\/10\/LunaTools-gray-logo.png\",\"contentUrl\":\"https:\/\/lunatools.com\/wp-content\/uploads\/2019\/10\/LunaTools-gray-logo.png\",\"width\":795,\"height\":309,\"caption\":\"Luna Tools\"},\"image\":{\"@id\":\"https:\/\/lunatools.test.consids5.se\/en\/#\/schema\/logo\/image\/\"}}]}<\/script>\n<!-- \/ Yoast SEO plugin. -->","yoast_head_json":{"title":"Borra i glas med h\u00e5ls\u00e5g | S\u00e5 borrar man i glas - Luna tools","description":"H\u00e5ls\u00e5g kan anv\u00e4ndas f\u00f6r att borra b\u00e5de sm\u00e5 och stora h\u00e5l i glas, och d\u00e5 \u00e4r det\u00a0fr\u00e4mst\u00a0en diamantborr man anv\u00e4nder sig\u00a0av. H\u00e4r tipsar vi om hur du borrar","robots":{"index":"index","follow":"follow","max-snippet":"max-snippet:-1","max-image-preview":"max-image-preview:large","max-video-preview":"max-video-preview:-1"},"canonical":"https:\/\/lunatools.test.consids5.se\/sv\/professional-guidance\/elverktygstillbehor\/glas\/sa-borrar-man-i-glas\/","og_locale":"sv_SE","og_type":"article","og_title":"Borra i glas med h\u00e5ls\u00e5g | S\u00e5 borrar man i glas - Luna tools","og_description":"H\u00e5ls\u00e5g kan anv\u00e4ndas f\u00f6r att borra b\u00e5de sm\u00e5 och stora h\u00e5l i glas, och d\u00e5 \u00e4r det\u00a0fr\u00e4mst\u00a0en diamantborr man anv\u00e4nder sig\u00a0av. H\u00e4r tipsar vi om hur du borrar","og_url":"https:\/\/lunatools.test.consids5.se\/sv\/professional-guidance\/elverktygstillbehor\/glas\/sa-borrar-man-i-glas\/","og_site_name":"Luna tools","article_modified_time":"2020-03-24T15:38:31+00:00","og_image":[{"width":1500,"height":910,"url":"https:\/\/lunatools.test.consids5.se\/wp-content\/uploads\/2019\/01\/Halsagar_luna.jpg","type":"image\/jpeg"}],"twitter_misc":{"Est. reading time":"1 minute"},"schema":{"@context":"https:\/\/schema.org","@graph":[{"@type":"WebPage","@id":"https:\/\/lunatools.test.consids5.se\/sv\/professional-guidance\/elverktygstillbehor\/glas\/sa-borrar-man-i-glas\/","url":"https:\/\/lunatools.test.consids5.se\/sv\/professional-guidance\/elverktygstillbehor\/glas\/sa-borrar-man-i-glas\/","name":"Borra i glas med h\u00e5ls\u00e5g | S\u00e5 borrar man i glas - Luna tools","isPartOf":{"@id":"https:\/\/lunatools.test.consids5.se\/en\/#website"},"primaryImageOfPage":{"@id":"https:\/\/lunatools.test.consids5.se\/sv\/professional-guidance\/elverktygstillbehor\/glas\/sa-borrar-man-i-glas\/#primaryimage"},"image":{"@id":"https:\/\/lunatools.test.consids5.se\/sv\/professional-guidance\/elverktygstillbehor\/glas\/sa-borrar-man-i-glas\/#primaryimage"},"thumbnailUrl":"https:\/\/lunatools.test.consids5.se\/wp-content\/uploads\/2019\/01\/Halsagar_luna.jpg","datePublished":"2020-03-24T15:25:10+00:00","dateModified":"2020-03-24T15:38:31+00:00","description":"H\u00e5ls\u00e5g kan anv\u00e4ndas f\u00f6r att borra b\u00e5de sm\u00e5 och stora h\u00e5l i glas, och d\u00e5 \u00e4r det\u00a0fr\u00e4mst\u00a0en diamantborr man anv\u00e4nder sig\u00a0av. H\u00e4r tipsar vi om hur du borrar","breadcrumb":{"@id":"https:\/\/lunatools.test.consids5.se\/sv\/professional-guidance\/elverktygstillbehor\/glas\/sa-borrar-man-i-glas\/#breadcrumb"},"inLanguage":"sv-SE","potentialAction":[{"@type":"ReadAction","target":["https:\/\/lunatools.test.consids5.se\/sv\/professional-guidance\/elverktygstillbehor\/glas\/sa-borrar-man-i-glas\/"]}]},{"@type":"ImageObject","inLanguage":"sv-SE","@id":"https:\/\/lunatools.test.consids5.se\/sv\/professional-guidance\/elverktygstillbehor\/glas\/sa-borrar-man-i-glas\/#primaryimage","url":"https:\/\/lunatools.test.consids5.se\/wp-content\/uploads\/2019\/01\/Halsagar_luna.jpg","contentUrl":"https:\/\/lunatools.test.consids5.se\/wp-content\/uploads\/2019\/01\/Halsagar_luna.jpg","width":1500,"height":910,"caption":"H\u00e5ls\u00e5gar Luna Tools"},{"@type":"BreadcrumbList","@id":"https:\/\/lunatools.test.consids5.se\/sv\/professional-guidance\/elverktygstillbehor\/glas\/sa-borrar-man-i-glas\/#breadcrumb","itemListElement":[{"@type":"ListItem","position":1,"name":"Home","item":"https:\/\/lunatools.test.consids5.se\/sv\/professionella-elverktygstillbehor-lunatools-startpage\/"},{"@type":"ListItem","position":2,"name":"Professional guidance | R\u00e4tt verktyg f\u00f6r jobbet","item":"https:\/\/lunatools.test.consids5.se\/sv\/professional-guidance\/"},{"@type":"ListItem","position":3,"name":"Elverktygstillbeh\u00f6r","item":"https:\/\/lunatools.test.consids5.se\/sv\/professional-guidance\/elverktygstillbehor\/"},{"@type":"ListItem","position":4,"name":"Glas","item":"https:\/\/lunatools.test.consids5.se\/sv\/professional-guidance\/elverktygstillbehor\/glas\/"},{"@type":"ListItem","position":5,"name":"S\u00e5 borrar man i glas"}]},{"@type":"WebSite","@id":"https:\/\/lunatools.test.consids5.se\/en\/#website","url":"https:\/\/lunatools.test.consids5.se\/en\/","name":"Luna tools","description":"","publisher":{"@id":"https:\/\/lunatools.test.consids5.se\/en\/#organization"},"potentialAction":[{"@type":"SearchAction","target":{"@type":"EntryPoint","urlTemplate":"https:\/\/lunatools.test.consids5.se\/en\/?s={search_term_string}"},"query-input":"required name=search_term_string"}],"inLanguage":"sv-SE"},{"@type":"Organization","@id":"https:\/\/lunatools.test.consids5.se\/en\/#organization","name":"Luna Tools","url":"https:\/\/lunatools.test.consids5.se\/en\/","logo":{"@type":"ImageObject","inLanguage":"sv-SE","@id":"https:\/\/lunatools.test.consids5.se\/en\/#\/schema\/logo\/image\/","url":"https:\/\/lunatools.com\/wp-content\/uploads\/2019\/10\/LunaTools-gray-logo.png","contentUrl":"https:\/\/lunatools.com\/wp-content\/uploads\/2019\/10\/LunaTools-gray-logo.png","width":795,"height":309,"caption":"Luna Tools"},"image":{"@id":"https:\/\/lunatools.test.consids5.se\/en\/#\/schema\/logo\/image\/"}}]}},"_links":{"self":[{"href":"https:\/\/lunatools.test.consids5.se\/sv\/wp-json\/wp\/v2\/pages\/12770"}],"collection":[{"href":"https:\/\/lunatools.test.consids5.se\/sv\/wp-json\/wp\/v2\/pages"}],"about":[{"href":"https:\/\/lunatools.test.consids5.se\/sv\/wp-json\/wp\/v2\/types\/page"}],"author":[{"embeddable":true,"href":"https:\/\/lunatools.test.consids5.se\/sv\/wp-json\/wp\/v2\/users\/2"}],"replies":[{"embeddable":true,"href":"https:\/\/lunatools.test.consids5.se\/sv\/wp-json\/wp\/v2\/comments?post=12770"}],"version-history":[{"count":4,"href":"https:\/\/lunatools.test.consids5.se\/sv\/wp-json\/wp\/v2\/pages\/12770\/revisions"}],"predecessor-version":[{"id":12775,"href":"https:\/\/lunatools.test.consids5.se\/sv\/wp-json\/wp\/v2\/pages\/12770\/revisions\/12775"}],"up":[{"embeddable":true,"href":"https:\/\/lunatools.test.consids5.se\/sv\/wp-json\/wp\/v2\/pages\/12763"}],"wp:featuredmedia":[{"embeddable":true,"href":"https:\/\/lunatools.test.consids5.se\/sv\/wp-json\/wp\/v2\/media\/4053"}],"wp:attachment":[{"href":"https:\/\/lunatools.test.consids5.se\/sv\/wp-json\/wp\/v2\/media?parent=12770"}],"curies":[{"name":"wp","href":"https:\/\/api.w.org\/{rel}","templated":true}]}}