{"id":12789,"date":"2020-03-25T14:54:15","date_gmt":"2020-03-25T14:54:15","guid":{"rendered":"http:\/\/lunatools.com\/?page_id=12789"},"modified":"2021-03-31T20:20:33","modified_gmt":"2021-03-31T20:20:33","slug":"sa-borrar-man-fyrkantiga-hal-i-tra","status":"publish","type":"page","link":"https:\/\/lunatools.test.consids5.se\/sv\/professional-guidance\/elverktygstillbehor\/tra\/sa-borrar-man-fyrkantiga-hal-i-tra\/","title":{"rendered":"S\u00e5 borrar man fyrkantiga h\u00e5l i tr\u00e4"},"content":{"rendered":"<div class=\"wpb-content-wrapper\"><p>[vc_row][vc_column][vc_column_text]<\/p>\n<h4>Att borra fyrkantiga h\u00e5l i tr\u00e4 g\u00f6r man l\u00e4ttast med ett st\u00e4mborr. Ska man g\u00f6ra stora fyrkantiga h\u00e5l kan man beh\u00f6va andra verktyg. F\u00f6r detta \u00e4ndam\u00e5l f\u00f6redrar m\u00e5nga att anv\u00e4nda ett instickss\u00e5gblad, men det g\u00e5r ocks\u00e5 bra att borra ett h\u00e5l med en h\u00e5ls\u00e5g och sedan jobba vidare med ett st\u00e4mj\u00e4rn. Det blir dock inte lika exakt som att anv\u00e4nda ett borr med en st\u00e4mhylsa. H\u00e4r g\u00e5r vi igenom hur du anv\u00e4nder ett st\u00e4mborr.<\/h4>\n<p>[\/vc_column_text][vc_column_text]<\/p>\n<h4><strong>F\u00f6rberedelser<\/strong><\/h4>\n<div>Till att b\u00f6rja med b\u00f6r man ta reda p\u00e5 hur stora fyrkantiga h\u00e5l man ska borra. Detta \u00e4r viktigt d\u00e5 man kan beh\u00f6va anv\u00e4nda olika verktyg beroende p\u00e5 storlek. Det \u00e4r ocks\u00e5 bra att veta i f\u00f6rv\u00e4g om det ska vara ett h\u00e5l med ett exakt h\u00e5ldjup eller om det ska vara ett h\u00e5l rakt igenom.<\/div>\n<p>[\/vc_column_text][vc_column_text]<\/p>\n<h4><strong>Borr med st\u00e4mhylsa f\u00f6r kvadratiska h\u00e5l<\/strong><\/h4>\n<div>Ett st\u00e4mborr \u00e4r ett borr med en tillh\u00f6rande st\u00e4mhylsa f\u00f6r att sk\u00e4ra fyrkantiga eller rektangul\u00e4ra h\u00e5l i tr\u00e4. Borret rensar ut det mesta av materialet som ska tas bort, och mejseln h\u00e5ller kanterna raka och rena. Rektangul\u00e4ra h\u00e5l i tr\u00e4 f\u00e5r man genom upprepade st\u00e4mningar.<a href=\"https:\/\/lunatools.com\/sv\/product-category\/borr-sv\/stammhylsor-med-borr-sv\/\"> Se v\u00e5rt sortiment av st\u00e4mborrar<\/a>.<\/div>\n<p>[\/vc_column_text][vc_column_text]<\/p>\n<h4><strong>Vilken maskin kan man anv\u00e4nda ett st\u00e4mborr i?<\/strong><\/h4>\n<div>Det b\u00e4sta att anv\u00e4nda ihop med ett st\u00e4mborr \u00e4r en pelarborrmaskin Men det g\u00e5r ocks\u00e5 med vissa handh\u00e5llna maskiner. Det g\u00e4ller d\u00e5 att man kan hitta en l\u00f6sning f\u00f6r att kunna hantera den handh\u00e5llna maskinen stabilt. Annars kan man f\u00f6rst\u00f6ra sk\u00e4ren p\u00e5 st\u00e4mhylsan samt att h\u00e5let inte blir helt fyrkantigt.<\/div>\n<p>[\/vc_column_text][vc_column_text]<\/p>\n<h4>Borra fyrkantiga h\u00e5l i tr\u00e4 steg f\u00f6r steg<\/h4>\n<ol>\n<li>\n<div>Planera h\u00e5let och best\u00e4m storlek samt eventuellt djupstopp.<\/div>\n<\/li>\n<li>\n<div>Anv\u00e4nd g\u00e4rna en pelarborrmaskin eller annan station\u00e4r l\u00f6sning f\u00f6r h\u00f6gsta stabilitet i tr\u00e4.<\/div>\n<\/li>\n<li>\n<div>Ska man g\u00f6ra stora fyrkantiga h\u00e5l kan man beh\u00f6va andra verktyg. F\u00f6r detta \u00e4ndam\u00e5l kan ett multiverktyg med instickss\u00e5gblad anv\u00e4ndas, men det g\u00e5r ocks\u00e5 att borra ett h\u00e5l med en h\u00e5ls\u00e5g och sedan jobba vidare med ett st\u00e4mj\u00e4rn.<\/div>\n<\/li>\n<li>\n<div>F\u00f6r rektangul\u00e4ra h\u00e5l kr\u00e4vs upprepade st\u00e4mningar.<\/div>\n<\/li>\n<\/ol>\n<p>[\/vc_column_text][\/vc_column][\/vc_row]<\/p>\n<\/div>","protected":false},"excerpt":{"rendered":"[vc_row][vc_column][vc_column_text] Att borra fyrkantiga h\u00e5l i tr\u00e4 g\u00f6r man l\u00e4ttast med ett st\u00e4mborr. Ska man g\u00f6ra stora fyrkantiga h\u00e5l kan man beh\u00f6va andra verktyg. F\u00f6r detta \u00e4ndam\u00e5l f\u00f6redrar m\u00e5nga att anv\u00e4nda ett instickss\u00e5gblad, men det g\u00e5r ocks\u00e5 bra att borra ett h\u00e5l med en h\u00e5ls\u00e5g och sedan jobba vidare med ett st\u00e4mj\u00e4rn. Det blir dock&#8230; <a class=\"view-article\" href=\"https:\/\/lunatools.test.consids5.se\/sv\/professional-guidance\/elverktygstillbehor\/tra\/sa-borrar-man-fyrkantiga-hal-i-tra\/\">View Article<\/a>","protected":false},"author":2,"featured_media":4049,"parent":12777,"menu_order":0,"comment_status":"closed","ping_status":"closed","template":"","meta":{"_acf_changed":false,"footnotes":""},"class_list":["post-12789","page","type-page","status-publish","has-post-thumbnail","hentry"],"acf":[],"yoast_head":"<!-- This site is optimized with the Yoast SEO plugin v23.2 - https:\/\/yoast.com\/wordpress\/plugins\/seo\/ -->\n<title>Borr med st\u00e4mhylsa | Borra fyrkantiga h\u00e5l i tr\u00e4 - Luna tools<\/title>\n<meta name=\"description\" content=\"Att borra fyrkantiga h\u00e5l i tr\u00e4 g\u00f6r man l\u00e4ttast med ett st\u00e4mborr. Ska man g\u00f6ra stora fyrkantiga h\u00e5l kan man beh\u00f6va andra verktyg.\" \/>\n<meta name=\"robots\" content=\"index, follow, max-snippet:-1, max-image-preview:large, max-video-preview:-1\" \/>\n<link rel=\"canonical\" href=\"https:\/\/lunatools.test.consids5.se\/sv\/professional-guidance\/elverktygstillbehor\/tra\/sa-borrar-man-fyrkantiga-hal-i-tra\/\" \/>\n<meta property=\"og:locale\" content=\"sv_SE\" \/>\n<meta property=\"og:type\" content=\"article\" \/>\n<meta property=\"og:title\" content=\"Borr med st\u00e4mhylsa | Borra fyrkantiga h\u00e5l i tr\u00e4 - Luna tools\" \/>\n<meta property=\"og:description\" content=\"Att borra fyrkantiga h\u00e5l i tr\u00e4 g\u00f6r man l\u00e4ttast med ett st\u00e4mborr. Ska man g\u00f6ra stora fyrkantiga h\u00e5l kan man beh\u00f6va andra verktyg.\" \/>\n<meta property=\"og:url\" content=\"https:\/\/lunatools.test.consids5.se\/sv\/professional-guidance\/elverktygstillbehor\/tra\/sa-borrar-man-fyrkantiga-hal-i-tra\/\" \/>\n<meta property=\"og:site_name\" content=\"Luna tools\" \/>\n<meta property=\"article:modified_time\" content=\"2021-03-31T20:20:33+00:00\" \/>\n<meta property=\"og:image\" content=\"https:\/\/lunatools.test.consids5.se\/wp-content\/uploads\/2019\/01\/Borr_kategoribild.jpg\" \/>\n\t<meta property=\"og:image:width\" content=\"1500\" \/>\n\t<meta property=\"og:image:height\" content=\"910\" \/>\n\t<meta property=\"og:image:type\" content=\"image\/jpeg\" \/>\n<meta name=\"twitter:label1\" content=\"Est. reading time\" \/>\n\t<meta name=\"twitter:data1\" content=\"2 minutes\" \/>\n<script type=\"application\/ld+json\" class=\"yoast-schema-graph\">{\"@context\":\"https:\/\/schema.org\",\"@graph\":[{\"@type\":\"WebPage\",\"@id\":\"https:\/\/lunatools.test.consids5.se\/sv\/professional-guidance\/elverktygstillbehor\/tra\/sa-borrar-man-fyrkantiga-hal-i-tra\/\",\"url\":\"https:\/\/lunatools.test.consids5.se\/sv\/professional-guidance\/elverktygstillbehor\/tra\/sa-borrar-man-fyrkantiga-hal-i-tra\/\",\"name\":\"Borr med st\u00e4mhylsa | Borra fyrkantiga h\u00e5l i tr\u00e4 - Luna tools\",\"isPartOf\":{\"@id\":\"https:\/\/lunatools.test.consids5.se\/en\/#website\"},\"primaryImageOfPage\":{\"@id\":\"https:\/\/lunatools.test.consids5.se\/sv\/professional-guidance\/elverktygstillbehor\/tra\/sa-borrar-man-fyrkantiga-hal-i-tra\/#primaryimage\"},\"image\":{\"@id\":\"https:\/\/lunatools.test.consids5.se\/sv\/professional-guidance\/elverktygstillbehor\/tra\/sa-borrar-man-fyrkantiga-hal-i-tra\/#primaryimage\"},\"thumbnailUrl\":\"https:\/\/lunatools.test.consids5.se\/wp-content\/uploads\/2019\/01\/Borr_kategoribild.jpg\",\"datePublished\":\"2020-03-25T14:54:15+00:00\",\"dateModified\":\"2021-03-31T20:20:33+00:00\",\"description\":\"Att borra fyrkantiga h\u00e5l i tr\u00e4 g\u00f6r man l\u00e4ttast med ett st\u00e4mborr. Ska man g\u00f6ra stora fyrkantiga h\u00e5l kan man beh\u00f6va andra verktyg.\",\"breadcrumb\":{\"@id\":\"https:\/\/lunatools.test.consids5.se\/sv\/professional-guidance\/elverktygstillbehor\/tra\/sa-borrar-man-fyrkantiga-hal-i-tra\/#breadcrumb\"},\"inLanguage\":\"sv-SE\",\"potentialAction\":[{\"@type\":\"ReadAction\",\"target\":[\"https:\/\/lunatools.test.consids5.se\/sv\/professional-guidance\/elverktygstillbehor\/tra\/sa-borrar-man-fyrkantiga-hal-i-tra\/\"]}]},{\"@type\":\"ImageObject\",\"inLanguage\":\"sv-SE\",\"@id\":\"https:\/\/lunatools.test.consids5.se\/sv\/professional-guidance\/elverktygstillbehor\/tra\/sa-borrar-man-fyrkantiga-hal-i-tra\/#primaryimage\",\"url\":\"https:\/\/lunatools.test.consids5.se\/wp-content\/uploads\/2019\/01\/Borr_kategoribild.jpg\",\"contentUrl\":\"https:\/\/lunatools.test.consids5.se\/wp-content\/uploads\/2019\/01\/Borr_kategoribild.jpg\",\"width\":1500,\"height\":910,\"caption\":\"I Lunas sortiment av borr finns allt fr\u00e5n kakelborr och metallborr till diamantborr f\u00f6r att kunna borra i kakel, borra i glas eller borra i metall.\"},{\"@type\":\"BreadcrumbList\",\"@id\":\"https:\/\/lunatools.test.consids5.se\/sv\/professional-guidance\/elverktygstillbehor\/tra\/sa-borrar-man-fyrkantiga-hal-i-tra\/#breadcrumb\",\"itemListElement\":[{\"@type\":\"ListItem\",\"position\":1,\"name\":\"Home\",\"item\":\"https:\/\/lunatools.test.consids5.se\/sv\/professionella-elverktygstillbehor-lunatools-startpage\/\"},{\"@type\":\"ListItem\",\"position\":2,\"name\":\"Professional guidance | R\u00e4tt verktyg f\u00f6r jobbet\",\"item\":\"https:\/\/lunatools.test.consids5.se\/sv\/professional-guidance\/\"},{\"@type\":\"ListItem\",\"position\":3,\"name\":\"Elverktygstillbeh\u00f6r\",\"item\":\"https:\/\/lunatools.test.consids5.se\/sv\/professional-guidance\/elverktygstillbehor\/\"},{\"@type\":\"ListItem\",\"position\":4,\"name\":\"Tr\u00e4\",\"item\":\"https:\/\/lunatools.test.consids5.se\/sv\/professional-guidance\/elverktygstillbehor\/tra\/\"},{\"@type\":\"ListItem\",\"position\":5,\"name\":\"S\u00e5 borrar man fyrkantiga h\u00e5l i tr\u00e4\"}]},{\"@type\":\"WebSite\",\"@id\":\"https:\/\/lunatools.test.consids5.se\/en\/#website\",\"url\":\"https:\/\/lunatools.test.consids5.se\/en\/\",\"name\":\"Luna tools\",\"description\":\"\",\"publisher\":{\"@id\":\"https:\/\/lunatools.test.consids5.se\/en\/#organization\"},\"potentialAction\":[{\"@type\":\"SearchAction\",\"target\":{\"@type\":\"EntryPoint\",\"urlTemplate\":\"https:\/\/lunatools.test.consids5.se\/en\/?s={search_term_string}\"},\"query-input\":\"required name=search_term_string\"}],\"inLanguage\":\"sv-SE\"},{\"@type\":\"Organization\",\"@id\":\"https:\/\/lunatools.test.consids5.se\/en\/#organization\",\"name\":\"Luna Tools\",\"url\":\"https:\/\/lunatools.test.consids5.se\/en\/\",\"logo\":{\"@type\":\"ImageObject\",\"inLanguage\":\"sv-SE\",\"@id\":\"https:\/\/lunatools.test.consids5.se\/en\/#\/schema\/logo\/image\/\",\"url\":\"https:\/\/lunatools.com\/wp-content\/uploads\/2019\/10\/LunaTools-gray-logo.png\",\"contentUrl\":\"https:\/\/lunatools.com\/wp-content\/uploads\/2019\/10\/LunaTools-gray-logo.png\",\"width\":795,\"height\":309,\"caption\":\"Luna Tools\"},\"image\":{\"@id\":\"https:\/\/lunatools.test.consids5.se\/en\/#\/schema\/logo\/image\/\"}}]}<\/script>\n<!-- \/ Yoast SEO plugin. -->","yoast_head_json":{"title":"Borr med st\u00e4mhylsa | Borra fyrkantiga h\u00e5l i tr\u00e4 - Luna tools","description":"Att borra fyrkantiga h\u00e5l i tr\u00e4 g\u00f6r man l\u00e4ttast med ett st\u00e4mborr. Ska man g\u00f6ra stora fyrkantiga h\u00e5l kan man beh\u00f6va andra verktyg.","robots":{"index":"index","follow":"follow","max-snippet":"max-snippet:-1","max-image-preview":"max-image-preview:large","max-video-preview":"max-video-preview:-1"},"canonical":"https:\/\/lunatools.test.consids5.se\/sv\/professional-guidance\/elverktygstillbehor\/tra\/sa-borrar-man-fyrkantiga-hal-i-tra\/","og_locale":"sv_SE","og_type":"article","og_title":"Borr med st\u00e4mhylsa | Borra fyrkantiga h\u00e5l i tr\u00e4 - Luna tools","og_description":"Att borra fyrkantiga h\u00e5l i tr\u00e4 g\u00f6r man l\u00e4ttast med ett st\u00e4mborr. Ska man g\u00f6ra stora fyrkantiga h\u00e5l kan man beh\u00f6va andra verktyg.","og_url":"https:\/\/lunatools.test.consids5.se\/sv\/professional-guidance\/elverktygstillbehor\/tra\/sa-borrar-man-fyrkantiga-hal-i-tra\/","og_site_name":"Luna tools","article_modified_time":"2021-03-31T20:20:33+00:00","og_image":[{"width":1500,"height":910,"url":"https:\/\/lunatools.test.consids5.se\/wp-content\/uploads\/2019\/01\/Borr_kategoribild.jpg","type":"image\/jpeg"}],"twitter_misc":{"Est. reading time":"2 minutes"},"schema":{"@context":"https:\/\/schema.org","@graph":[{"@type":"WebPage","@id":"https:\/\/lunatools.test.consids5.se\/sv\/professional-guidance\/elverktygstillbehor\/tra\/sa-borrar-man-fyrkantiga-hal-i-tra\/","url":"https:\/\/lunatools.test.consids5.se\/sv\/professional-guidance\/elverktygstillbehor\/tra\/sa-borrar-man-fyrkantiga-hal-i-tra\/","name":"Borr med st\u00e4mhylsa | Borra fyrkantiga h\u00e5l i tr\u00e4 - Luna tools","isPartOf":{"@id":"https:\/\/lunatools.test.consids5.se\/en\/#website"},"primaryImageOfPage":{"@id":"https:\/\/lunatools.test.consids5.se\/sv\/professional-guidance\/elverktygstillbehor\/tra\/sa-borrar-man-fyrkantiga-hal-i-tra\/#primaryimage"},"image":{"@id":"https:\/\/lunatools.test.consids5.se\/sv\/professional-guidance\/elverktygstillbehor\/tra\/sa-borrar-man-fyrkantiga-hal-i-tra\/#primaryimage"},"thumbnailUrl":"https:\/\/lunatools.test.consids5.se\/wp-content\/uploads\/2019\/01\/Borr_kategoribild.jpg","datePublished":"2020-03-25T14:54:15+00:00","dateModified":"2021-03-31T20:20:33+00:00","description":"Att borra fyrkantiga h\u00e5l i tr\u00e4 g\u00f6r man l\u00e4ttast med ett st\u00e4mborr. Ska man g\u00f6ra stora fyrkantiga h\u00e5l kan man beh\u00f6va andra verktyg.","breadcrumb":{"@id":"https:\/\/lunatools.test.consids5.se\/sv\/professional-guidance\/elverktygstillbehor\/tra\/sa-borrar-man-fyrkantiga-hal-i-tra\/#breadcrumb"},"inLanguage":"sv-SE","potentialAction":[{"@type":"ReadAction","target":["https:\/\/lunatools.test.consids5.se\/sv\/professional-guidance\/elverktygstillbehor\/tra\/sa-borrar-man-fyrkantiga-hal-i-tra\/"]}]},{"@type":"ImageObject","inLanguage":"sv-SE","@id":"https:\/\/lunatools.test.consids5.se\/sv\/professional-guidance\/elverktygstillbehor\/tra\/sa-borrar-man-fyrkantiga-hal-i-tra\/#primaryimage","url":"https:\/\/lunatools.test.consids5.se\/wp-content\/uploads\/2019\/01\/Borr_kategoribild.jpg","contentUrl":"https:\/\/lunatools.test.consids5.se\/wp-content\/uploads\/2019\/01\/Borr_kategoribild.jpg","width":1500,"height":910,"caption":"I Lunas sortiment av borr finns allt fr\u00e5n kakelborr och metallborr till diamantborr f\u00f6r att kunna borra i kakel, borra i glas eller borra i metall."},{"@type":"BreadcrumbList","@id":"https:\/\/lunatools.test.consids5.se\/sv\/professional-guidance\/elverktygstillbehor\/tra\/sa-borrar-man-fyrkantiga-hal-i-tra\/#breadcrumb","itemListElement":[{"@type":"ListItem","position":1,"name":"Home","item":"https:\/\/lunatools.test.consids5.se\/sv\/professionella-elverktygstillbehor-lunatools-startpage\/"},{"@type":"ListItem","position":2,"name":"Professional guidance | R\u00e4tt verktyg f\u00f6r jobbet","item":"https:\/\/lunatools.test.consids5.se\/sv\/professional-guidance\/"},{"@type":"ListItem","position":3,"name":"Elverktygstillbeh\u00f6r","item":"https:\/\/lunatools.test.consids5.se\/sv\/professional-guidance\/elverktygstillbehor\/"},{"@type":"ListItem","position":4,"name":"Tr\u00e4","item":"https:\/\/lunatools.test.consids5.se\/sv\/professional-guidance\/elverktygstillbehor\/tra\/"},{"@type":"ListItem","position":5,"name":"S\u00e5 borrar man fyrkantiga h\u00e5l i tr\u00e4"}]},{"@type":"WebSite","@id":"https:\/\/lunatools.test.consids5.se\/en\/#website","url":"https:\/\/lunatools.test.consids5.se\/en\/","name":"Luna tools","description":"","publisher":{"@id":"https:\/\/lunatools.test.consids5.se\/en\/#organization"},"potentialAction":[{"@type":"SearchAction","target":{"@type":"EntryPoint","urlTemplate":"https:\/\/lunatools.test.consids5.se\/en\/?s={search_term_string}"},"query-input":"required name=search_term_string"}],"inLanguage":"sv-SE"},{"@type":"Organization","@id":"https:\/\/lunatools.test.consids5.se\/en\/#organization","name":"Luna Tools","url":"https:\/\/lunatools.test.consids5.se\/en\/","logo":{"@type":"ImageObject","inLanguage":"sv-SE","@id":"https:\/\/lunatools.test.consids5.se\/en\/#\/schema\/logo\/image\/","url":"https:\/\/lunatools.com\/wp-content\/uploads\/2019\/10\/LunaTools-gray-logo.png","contentUrl":"https:\/\/lunatools.com\/wp-content\/uploads\/2019\/10\/LunaTools-gray-logo.png","width":795,"height":309,"caption":"Luna Tools"},"image":{"@id":"https:\/\/lunatools.test.consids5.se\/en\/#\/schema\/logo\/image\/"}}]}},"_links":{"self":[{"href":"https:\/\/lunatools.test.consids5.se\/sv\/wp-json\/wp\/v2\/pages\/12789"}],"collection":[{"href":"https:\/\/lunatools.test.consids5.se\/sv\/wp-json\/wp\/v2\/pages"}],"about":[{"href":"https:\/\/lunatools.test.consids5.se\/sv\/wp-json\/wp\/v2\/types\/page"}],"author":[{"embeddable":true,"href":"https:\/\/lunatools.test.consids5.se\/sv\/wp-json\/wp\/v2\/users\/2"}],"replies":[{"embeddable":true,"href":"https:\/\/lunatools.test.consids5.se\/sv\/wp-json\/wp\/v2\/comments?post=12789"}],"version-history":[{"count":3,"href":"https:\/\/lunatools.test.consids5.se\/sv\/wp-json\/wp\/v2\/pages\/12789\/revisions"}],"predecessor-version":[{"id":60186,"href":"https:\/\/lunatools.test.consids5.se\/sv\/wp-json\/wp\/v2\/pages\/12789\/revisions\/60186"}],"up":[{"embeddable":true,"href":"https:\/\/lunatools.test.consids5.se\/sv\/wp-json\/wp\/v2\/pages\/12777"}],"wp:featuredmedia":[{"embeddable":true,"href":"https:\/\/lunatools.test.consids5.se\/sv\/wp-json\/wp\/v2\/media\/4049"}],"wp:attachment":[{"href":"https:\/\/lunatools.test.consids5.se\/sv\/wp-json\/wp\/v2\/media?parent=12789"}],"curies":[{"name":"wp","href":"https:\/\/api.w.org\/{rel}","templated":true}]}}