{"id":12809,"date":"2020-04-06T12:05:34","date_gmt":"2020-04-06T12:05:34","guid":{"rendered":"http:\/\/lunatools.com\/?page_id=12809"},"modified":"2021-06-01T11:21:20","modified_gmt":"2021-06-01T11:21:20","slug":"sa-hanterar-du-verktyg-sakert-pa-hog-hojd","status":"publish","type":"page","link":"https:\/\/lunatools.test.consids5.se\/sv\/professional-guidance\/information-kring-verktygssakring\/sa-hanterar-du-verktyg-sakert-pa-hog-hojd\/","title":{"rendered":"S\u00e5 hanterar du verktyg s\u00e4kert p\u00e5 h\u00f6g h\u00f6jd"},"content":{"rendered":"<div class=\"wpb-content-wrapper\"><p>[vc_row][vc_column][vc_column_text]<\/p>\n<h4><span class=\"TextRun SCXW106484384 BCX7\" lang=\"SV-SE\" xml:lang=\"SV-SE\" data-contrast=\"none\"><span class=\"NormalTextRun SCXW106484384 BCX7\">Att falls\u00e4kra verktyg \u00e4r enkelt, speciellt om du har verktyg som \u00e4r f\u00f6rberedda f\u00f6r<\/span><\/span><span class=\"TextRun SCXW106484384 BCX7\" lang=\"SV-SE\" xml:lang=\"SV-SE\" data-contrast=\"none\"><span class=\"NormalTextRun SCXW106484384 BCX7\">\u00a0<\/span><\/span><span class=\"TextRun SCXW106484384 BCX7\" lang=\"SV-SE\" xml:lang=\"SV-SE\" data-contrast=\"none\"><span class=\"NormalTextRun SCXW106484384 BCX7\">verktygss\u00e4kring. Med r\u00e4tt komponenter g\u00e5r det fort att s\u00e4kra dina verktyg p\u00e5 ett<\/span><\/span><span class=\"TextRun SCXW106484384 BCX7\" lang=\"SV-SE\" xml:lang=\"SV-SE\" data-contrast=\"none\"><span class=\"NormalTextRun SCXW106484384 BCX7\">\u00a0<\/span><\/span><span class=\"TextRun SCXW106484384 BCX7\" lang=\"SV-SE\" xml:lang=\"SV-SE\" data-contrast=\"none\"><span class=\"NormalTextRun SCXW106484384 BCX7\">s\u00e4tt som \u00e4r optimalt f\u00f6r olika typer av arbetssituationer.<\/span><\/span><span class=\"EOP SCXW106484384 BCX7\" data-ccp-props=\"{&quot;201341983&quot;:0,&quot;335559739&quot;:160,&quot;335559740&quot;:259}\">\u00a0<\/span><\/h4>\n<p>[\/vc_column_text][\/vc_column][\/vc_row][vc_row][vc_column][vc_column_text]<\/p>\n<h4><span class=\"TextRun SCXW29568630 BCX7\" lang=\"SV-SE\" xml:lang=\"SV-SE\" data-contrast=\"none\"><span class=\"NormalTextRun SCXW29568630 BCX7\">Utrustning f\u00f6r\u00a0<\/span><\/span><span class=\"TextRun SCXW29568630 BCX7\" lang=\"SV-SE\" xml:lang=\"SV-SE\" data-contrast=\"none\"><span class=\"NormalTextRun SCXW29568630 BCX7\">att\u00a0<\/span><\/span><span class=\"TextRun SCXW29568630 BCX7\" lang=\"SV-SE\" xml:lang=\"SV-SE\" data-contrast=\"none\"><span class=\"NormalTextRun SCXW29568630 BCX7\">s\u00e4kra verktyg<\/span><\/span><span class=\"EOP SCXW29568630 BCX7\" data-ccp-props=\"{&quot;201341983&quot;:0,&quot;335559739&quot;:160,&quot;335559740&quot;:259}\">\u00a0<\/span><\/h4>\n<p><span class=\"TextRun SCXW239733889 BCX7\" lang=\"SV-SE\" xml:lang=\"SV-SE\" data-contrast=\"none\"><span class=\"NormalTextRun SCXW239733889 BCX7\">Att s\u00e4kra verktyg \u00e4r ett effektivt s\u00e4tt att f\u00f6rhindra att verktygen inte skadar varken personer eller material om det skulle tappas. Verktygss\u00e4kring sker ofta genom att en\u00a0<\/span><\/span><a class=\"Hyperlink SCXW239733889 BCX7\" href=\"https:\/\/lunatools.com\/sv\/product-category\/infastningskomponenter-sv\/\" target=\"_blank\" rel=\"noreferrer noopener\"><span class=\"TextRun Underlined SCXW239733889 BCX7\" lang=\"SV-SE\" xml:lang=\"SV-SE\" data-contrast=\"none\"><span class=\"NormalTextRun SCXW239733889 BCX7\" data-ccp-charstyle=\"Hyperlink\">inf\u00e4stningskomponent<\/span><\/span><\/a><span class=\"TextRun SCXW239733889 BCX7\" lang=\"SV-SE\" xml:lang=\"SV-SE\" data-contrast=\"none\"><span class=\"NormalTextRun SCXW239733889 BCX7\">\u00a0kopplas till verktyget. Det ska i sin tur kopplas till en\u00a0<\/span><\/span><a class=\"Hyperlink SCXW239733889 BCX7\" href=\"https:\/\/lunatools.com\/sv\/product-category\/stroppar-wire-sv\/wire-sv\/\" target=\"_blank\" rel=\"noreferrer noopener\"><span class=\"TextRun Underlined SCXW239733889 BCX7\" lang=\"SV-SE\" xml:lang=\"SV-SE\" data-contrast=\"none\"><span class=\"NormalTextRun SCXW239733889 BCX7\" data-ccp-charstyle=\"Hyperlink\">lina eller wire<\/span><\/span><\/a><span class=\"TextRun SCXW239733889 BCX7\" lang=\"SV-SE\" xml:lang=\"SV-SE\" data-contrast=\"none\"><span class=\"NormalTextRun SCXW239733889 BCX7\">\u00a0som sedan f\u00f6rankras i anv\u00e4ndaren eller till en fast installation.<\/span><\/span><span class=\"EOP SCXW239733889 BCX7\" data-ccp-props=\"{&quot;201341983&quot;:0,&quot;335559739&quot;:160,&quot;335559740&quot;:259}\">\u00a0<\/span>[\/vc_column_text][\/vc_column][\/vc_row][vc_row][vc_column][vc_column_text]<\/p>\n<h4><span class=\"EOP SCXW29568630 BCX7\" data-ccp-props=\"{&quot;201341983&quot;:0,&quot;335559739&quot;:160,&quot;335559740&quot;:259}\"><span class=\"TextRun SCXW50440001 BCX7\" lang=\"SV-SE\" xml:lang=\"SV-SE\" data-contrast=\"none\"><span class=\"NormalTextRun SCXW50440001 BCX7\">Skydd mot fallande verktyg<\/span><\/span><span class=\"EOP SCXW50440001 BCX7\" data-ccp-props=\"{&quot;201341983&quot;:0,&quot;335559739&quot;:160,&quot;335559740&quot;:259}\">\u00a0<\/span> <\/span><\/h4>\n<p><span class=\"EOP SCXW239733889 BCX7\" data-ccp-props=\"{&quot;201341983&quot;:0,&quot;335559739&quot;:160,&quot;335559740&quot;:259}\"><span class=\"TextRun SCXW135587479 BCX7\" lang=\"SV-SE\" xml:lang=\"SV-SE\" data-contrast=\"none\"><span class=\"NormalTextRun SCXW135587479 BCX7\">Skyddsbarri\u00e4rer \u00e4r ett effektivt s\u00e4tt att f\u00f6rhindra olyckor orsakade av tappade f\u00f6rem\u00e5l som \u00e4r os\u00e4krade. Vanliga exempel \u00e4r sparkskydd, r\u00e4cken,\u00a0<\/span><\/span><a class=\"Hyperlink SCXW135587479 BCX7\" href=\"https:\/\/lunatools.com\/sv\/product-category\/tillbehor-verktygssakring-sv\/nat-sv\/\" target=\"_blank\" rel=\"noreferrer noopener\"><span class=\"TextRun Underlined SCXW135587479 BCX7\" lang=\"SV-SE\" xml:lang=\"SV-SE\" data-contrast=\"none\"><span class=\"NormalTextRun SCXW135587479 BCX7\" data-ccp-charstyle=\"Hyperlink\">s\u00e4kerhetsn\u00e4t<\/span><\/span><\/a><span class=\"TextRun SCXW135587479 BCX7\" lang=\"SV-SE\" xml:lang=\"SV-SE\" data-contrast=\"none\"><span class=\"NormalTextRun SCXW135587479 BCX7\">\u00a0och avgr\u00e4nsningar i riskomr\u00e5den under arbete p\u00e5 h\u00f6jd.<\/span><\/span> <\/span>[\/vc_column_text][\/vc_column][\/vc_row][vc_row][vc_column][vc_column_text]<\/p>\n<h4><span class=\"EOP SCXW29568630 BCX7\" data-ccp-props=\"{&quot;201341983&quot;:0,&quot;335559739&quot;:160,&quot;335559740&quot;:259}\"><span class=\"EOP SCXW41971459 BCX7\" data-ccp-props=\"{&quot;201341983&quot;:0,&quot;335559739&quot;:160,&quot;335559740&quot;:259}\"><span class=\"TextRun SCXW41550203 BCX7\" lang=\"SV-SE\" xml:lang=\"SV-SE\" data-contrast=\"none\"><span class=\"NormalTextRun SCXW41550203 BCX7\">Regler f\u00f6r h\u00f6gh\u00f6jdsarbete<\/span><\/span><span class=\"EOP SCXW41550203 BCX7\" data-ccp-props=\"{&quot;201341983&quot;:0,&quot;335559739&quot;:160,&quot;335559740&quot;:259}\">\u00a0<\/span> <\/span> <\/span><\/h4>\n<p><span class=\"TextRun SCXW26042799 BCX7\" lang=\"SV-SE\" xml:lang=\"SV-SE\" data-contrast=\"none\"><span class=\"NormalTextRun SCXW26042799 BCX7\">F\u00f6r att f\u00e5 till en god s\u00e4kerhetskultur \u00e4r utbildning och tydliga regelverk en f\u00f6ruts\u00e4ttning. En viktig komponent \u00e4r att skapa f\u00f6rst\u00e5else och praktiska f\u00e4rdigheter f\u00f6r att kunna f\u00f6rebygga risker. En annan essentiell del \u00e4r att \u00f6ka f\u00f6rst\u00e5elsen och medvetenheten om riskerna bland arbetstagarna och informera dem om konsekvenserna som fallande objekt kan orsaka.<\/span><\/span><span class=\"EOP SCXW26042799 BCX7\" data-ccp-props=\"{&quot;201341983&quot;:0,&quot;335559739&quot;:160,&quot;335559740&quot;:259}\">\u00a0<\/span>[\/vc_column_text][\/vc_column][\/vc_row]<\/p>\n<\/div>","protected":false},"excerpt":{"rendered":"[vc_row][vc_column][vc_column_text] Att falls\u00e4kra verktyg \u00e4r enkelt, speciellt om du har verktyg som \u00e4r f\u00f6rberedda f\u00f6r\u00a0verktygss\u00e4kring. Med r\u00e4tt komponenter g\u00e5r det fort att s\u00e4kra dina verktyg p\u00e5 ett\u00a0s\u00e4tt som \u00e4r optimalt f\u00f6r olika typer av arbetssituationer.\u00a0 [\/vc_column_text][\/vc_column][\/vc_row][vc_row][vc_column][vc_column_text] Utrustning f\u00f6r\u00a0att\u00a0s\u00e4kra verktyg\u00a0 Att s\u00e4kra verktyg \u00e4r ett effektivt s\u00e4tt att f\u00f6rhindra att verktygen inte skadar varken personer eller&#8230; <a class=\"view-article\" href=\"https:\/\/lunatools.test.consids5.se\/sv\/professional-guidance\/information-kring-verktygssakring\/sa-hanterar-du-verktyg-sakert-pa-hog-hojd\/\">View Article<\/a>","protected":false},"author":5,"featured_media":12661,"parent":12612,"menu_order":3,"comment_status":"closed","ping_status":"closed","template":"","meta":{"_acf_changed":false,"footnotes":""},"class_list":["post-12809","page","type-page","status-publish","has-post-thumbnail","hentry"],"acf":[],"yoast_head":"<!-- This site is optimized with the Yoast SEO plugin v23.2 - https:\/\/yoast.com\/wordpress\/plugins\/seo\/ -->\n<title>S\u00e5 hanterar du verktyg s\u00e4kert p\u00e5 h\u00f6g h\u00f6jd - Luna tools<\/title>\n<meta name=\"description\" content=\"Att falls\u00e4kra verktyg \u00e4r enkelt, speciellt om du har verktyg som \u00e4r f\u00f6rberedda f\u00f6r\u00a0verktygss\u00e4kring. Med r\u00e4tt komponenter g\u00e5r det fort att s\u00e4kra dina verktyg p\u00e5 ett\u00a0s\u00e4tt som \u00e4r optimalt f\u00f6r olika typer av arbetssituationer.\u00a0\" \/>\n<meta name=\"robots\" content=\"index, follow, max-snippet:-1, max-image-preview:large, max-video-preview:-1\" \/>\n<link rel=\"canonical\" href=\"https:\/\/lunatools.test.consids5.se\/sv\/professional-guidance\/information-kring-verktygssakring\/sa-hanterar-du-verktyg-sakert-pa-hog-hojd\/\" \/>\n<meta property=\"og:locale\" content=\"sv_SE\" \/>\n<meta property=\"og:type\" content=\"article\" \/>\n<meta property=\"og:title\" content=\"S\u00e5 hanterar du verktyg s\u00e4kert p\u00e5 h\u00f6g h\u00f6jd - Luna tools\" \/>\n<meta property=\"og:description\" content=\"Att falls\u00e4kra verktyg \u00e4r enkelt, speciellt om du har verktyg som \u00e4r f\u00f6rberedda f\u00f6r\u00a0verktygss\u00e4kring. Med r\u00e4tt komponenter g\u00e5r det fort att s\u00e4kra dina verktyg p\u00e5 ett\u00a0s\u00e4tt som \u00e4r optimalt f\u00f6r olika typer av arbetssituationer.\u00a0\" \/>\n<meta property=\"og:url\" content=\"https:\/\/lunatools.test.consids5.se\/sv\/professional-guidance\/information-kring-verktygssakring\/sa-hanterar-du-verktyg-sakert-pa-hog-hojd\/\" \/>\n<meta property=\"og:site_name\" content=\"Luna tools\" \/>\n<meta property=\"article:modified_time\" content=\"2021-06-01T11:21:20+00:00\" \/>\n<meta property=\"og:image\" content=\"https:\/\/lunatools.test.consids5.se\/wp-content\/uploads\/2020\/02\/Fristad-Bygg-art.jpg\" \/>\n\t<meta property=\"og:image:width\" content=\"1219\" \/>\n\t<meta property=\"og:image:height\" content=\"576\" \/>\n\t<meta property=\"og:image:type\" content=\"image\/jpeg\" \/>\n<meta name=\"twitter:label1\" content=\"Est. reading time\" \/>\n\t<meta name=\"twitter:data1\" content=\"1 minute\" \/>\n<script type=\"application\/ld+json\" class=\"yoast-schema-graph\">{\"@context\":\"https:\/\/schema.org\",\"@graph\":[{\"@type\":\"WebPage\",\"@id\":\"https:\/\/lunatools.test.consids5.se\/sv\/professional-guidance\/information-kring-verktygssakring\/sa-hanterar-du-verktyg-sakert-pa-hog-hojd\/\",\"url\":\"https:\/\/lunatools.test.consids5.se\/sv\/professional-guidance\/information-kring-verktygssakring\/sa-hanterar-du-verktyg-sakert-pa-hog-hojd\/\",\"name\":\"S\u00e5 hanterar du verktyg s\u00e4kert p\u00e5 h\u00f6g h\u00f6jd - Luna tools\",\"isPartOf\":{\"@id\":\"https:\/\/lunatools.test.consids5.se\/en\/#website\"},\"primaryImageOfPage\":{\"@id\":\"https:\/\/lunatools.test.consids5.se\/sv\/professional-guidance\/information-kring-verktygssakring\/sa-hanterar-du-verktyg-sakert-pa-hog-hojd\/#primaryimage\"},\"image\":{\"@id\":\"https:\/\/lunatools.test.consids5.se\/sv\/professional-guidance\/information-kring-verktygssakring\/sa-hanterar-du-verktyg-sakert-pa-hog-hojd\/#primaryimage\"},\"thumbnailUrl\":\"https:\/\/lunatools.test.consids5.se\/wp-content\/uploads\/2020\/02\/Fristad-Bygg-art.jpg\",\"datePublished\":\"2020-04-06T12:05:34+00:00\",\"dateModified\":\"2021-06-01T11:21:20+00:00\",\"description\":\"Att falls\u00e4kra verktyg \u00e4r enkelt, speciellt om du har verktyg som \u00e4r f\u00f6rberedda f\u00f6r\u00a0verktygss\u00e4kring. Med r\u00e4tt komponenter g\u00e5r det fort att s\u00e4kra dina verktyg p\u00e5 ett\u00a0s\u00e4tt som \u00e4r optimalt f\u00f6r olika typer av arbetssituationer.\u00a0\",\"breadcrumb\":{\"@id\":\"https:\/\/lunatools.test.consids5.se\/sv\/professional-guidance\/information-kring-verktygssakring\/sa-hanterar-du-verktyg-sakert-pa-hog-hojd\/#breadcrumb\"},\"inLanguage\":\"sv-SE\",\"potentialAction\":[{\"@type\":\"ReadAction\",\"target\":[\"https:\/\/lunatools.test.consids5.se\/sv\/professional-guidance\/information-kring-verktygssakring\/sa-hanterar-du-verktyg-sakert-pa-hog-hojd\/\"]}]},{\"@type\":\"ImageObject\",\"inLanguage\":\"sv-SE\",\"@id\":\"https:\/\/lunatools.test.consids5.se\/sv\/professional-guidance\/information-kring-verktygssakring\/sa-hanterar-du-verktyg-sakert-pa-hog-hojd\/#primaryimage\",\"url\":\"https:\/\/lunatools.test.consids5.se\/wp-content\/uploads\/2020\/02\/Fristad-Bygg-art.jpg\",\"contentUrl\":\"https:\/\/lunatools.test.consids5.se\/wp-content\/uploads\/2020\/02\/Fristad-Bygg-art.jpg\",\"width\":1219,\"height\":576},{\"@type\":\"BreadcrumbList\",\"@id\":\"https:\/\/lunatools.test.consids5.se\/sv\/professional-guidance\/information-kring-verktygssakring\/sa-hanterar-du-verktyg-sakert-pa-hog-hojd\/#breadcrumb\",\"itemListElement\":[{\"@type\":\"ListItem\",\"position\":1,\"name\":\"Home\",\"item\":\"https:\/\/lunatools.test.consids5.se\/sv\/professionella-elverktygstillbehor-lunatools-startpage\/\"},{\"@type\":\"ListItem\",\"position\":2,\"name\":\"Professional guidance | R\u00e4tt verktyg f\u00f6r jobbet\",\"item\":\"https:\/\/lunatools.test.consids5.se\/sv\/professional-guidance\/\"},{\"@type\":\"ListItem\",\"position\":3,\"name\":\"Verktygss\u00e4kring\",\"item\":\"https:\/\/lunatools.test.consids5.se\/sv\/professional-guidance\/information-kring-verktygssakring\/\"},{\"@type\":\"ListItem\",\"position\":4,\"name\":\"S\u00e5 hanterar du verktyg s\u00e4kert p\u00e5 h\u00f6g h\u00f6jd\"}]},{\"@type\":\"WebSite\",\"@id\":\"https:\/\/lunatools.test.consids5.se\/en\/#website\",\"url\":\"https:\/\/lunatools.test.consids5.se\/en\/\",\"name\":\"Luna tools\",\"description\":\"\",\"publisher\":{\"@id\":\"https:\/\/lunatools.test.consids5.se\/en\/#organization\"},\"potentialAction\":[{\"@type\":\"SearchAction\",\"target\":{\"@type\":\"EntryPoint\",\"urlTemplate\":\"https:\/\/lunatools.test.consids5.se\/en\/?s={search_term_string}\"},\"query-input\":\"required name=search_term_string\"}],\"inLanguage\":\"sv-SE\"},{\"@type\":\"Organization\",\"@id\":\"https:\/\/lunatools.test.consids5.se\/en\/#organization\",\"name\":\"Luna Tools\",\"url\":\"https:\/\/lunatools.test.consids5.se\/en\/\",\"logo\":{\"@type\":\"ImageObject\",\"inLanguage\":\"sv-SE\",\"@id\":\"https:\/\/lunatools.test.consids5.se\/en\/#\/schema\/logo\/image\/\",\"url\":\"https:\/\/lunatools.com\/wp-content\/uploads\/2019\/10\/LunaTools-gray-logo.png\",\"contentUrl\":\"https:\/\/lunatools.com\/wp-content\/uploads\/2019\/10\/LunaTools-gray-logo.png\",\"width\":795,\"height\":309,\"caption\":\"Luna Tools\"},\"image\":{\"@id\":\"https:\/\/lunatools.test.consids5.se\/en\/#\/schema\/logo\/image\/\"}}]}<\/script>\n<!-- \/ Yoast SEO plugin. -->","yoast_head_json":{"title":"S\u00e5 hanterar du verktyg s\u00e4kert p\u00e5 h\u00f6g h\u00f6jd - Luna tools","description":"Att falls\u00e4kra verktyg \u00e4r enkelt, speciellt om du har verktyg som \u00e4r f\u00f6rberedda f\u00f6r\u00a0verktygss\u00e4kring. Med r\u00e4tt komponenter g\u00e5r det fort att s\u00e4kra dina verktyg p\u00e5 ett\u00a0s\u00e4tt som \u00e4r optimalt f\u00f6r olika typer av arbetssituationer.\u00a0","robots":{"index":"index","follow":"follow","max-snippet":"max-snippet:-1","max-image-preview":"max-image-preview:large","max-video-preview":"max-video-preview:-1"},"canonical":"https:\/\/lunatools.test.consids5.se\/sv\/professional-guidance\/information-kring-verktygssakring\/sa-hanterar-du-verktyg-sakert-pa-hog-hojd\/","og_locale":"sv_SE","og_type":"article","og_title":"S\u00e5 hanterar du verktyg s\u00e4kert p\u00e5 h\u00f6g h\u00f6jd - Luna tools","og_description":"Att falls\u00e4kra verktyg \u00e4r enkelt, speciellt om du har verktyg som \u00e4r f\u00f6rberedda f\u00f6r\u00a0verktygss\u00e4kring. Med r\u00e4tt komponenter g\u00e5r det fort att s\u00e4kra dina verktyg p\u00e5 ett\u00a0s\u00e4tt som \u00e4r optimalt f\u00f6r olika typer av arbetssituationer.\u00a0","og_url":"https:\/\/lunatools.test.consids5.se\/sv\/professional-guidance\/information-kring-verktygssakring\/sa-hanterar-du-verktyg-sakert-pa-hog-hojd\/","og_site_name":"Luna tools","article_modified_time":"2021-06-01T11:21:20+00:00","og_image":[{"width":1219,"height":576,"url":"https:\/\/lunatools.test.consids5.se\/wp-content\/uploads\/2020\/02\/Fristad-Bygg-art.jpg","type":"image\/jpeg"}],"twitter_misc":{"Est. reading time":"1 minute"},"schema":{"@context":"https:\/\/schema.org","@graph":[{"@type":"WebPage","@id":"https:\/\/lunatools.test.consids5.se\/sv\/professional-guidance\/information-kring-verktygssakring\/sa-hanterar-du-verktyg-sakert-pa-hog-hojd\/","url":"https:\/\/lunatools.test.consids5.se\/sv\/professional-guidance\/information-kring-verktygssakring\/sa-hanterar-du-verktyg-sakert-pa-hog-hojd\/","name":"S\u00e5 hanterar du verktyg s\u00e4kert p\u00e5 h\u00f6g h\u00f6jd - Luna tools","isPartOf":{"@id":"https:\/\/lunatools.test.consids5.se\/en\/#website"},"primaryImageOfPage":{"@id":"https:\/\/lunatools.test.consids5.se\/sv\/professional-guidance\/information-kring-verktygssakring\/sa-hanterar-du-verktyg-sakert-pa-hog-hojd\/#primaryimage"},"image":{"@id":"https:\/\/lunatools.test.consids5.se\/sv\/professional-guidance\/information-kring-verktygssakring\/sa-hanterar-du-verktyg-sakert-pa-hog-hojd\/#primaryimage"},"thumbnailUrl":"https:\/\/lunatools.test.consids5.se\/wp-content\/uploads\/2020\/02\/Fristad-Bygg-art.jpg","datePublished":"2020-04-06T12:05:34+00:00","dateModified":"2021-06-01T11:21:20+00:00","description":"Att falls\u00e4kra verktyg \u00e4r enkelt, speciellt om du har verktyg som \u00e4r f\u00f6rberedda f\u00f6r\u00a0verktygss\u00e4kring. Med r\u00e4tt komponenter g\u00e5r det fort att s\u00e4kra dina verktyg p\u00e5 ett\u00a0s\u00e4tt som \u00e4r optimalt f\u00f6r olika typer av arbetssituationer.\u00a0","breadcrumb":{"@id":"https:\/\/lunatools.test.consids5.se\/sv\/professional-guidance\/information-kring-verktygssakring\/sa-hanterar-du-verktyg-sakert-pa-hog-hojd\/#breadcrumb"},"inLanguage":"sv-SE","potentialAction":[{"@type":"ReadAction","target":["https:\/\/lunatools.test.consids5.se\/sv\/professional-guidance\/information-kring-verktygssakring\/sa-hanterar-du-verktyg-sakert-pa-hog-hojd\/"]}]},{"@type":"ImageObject","inLanguage":"sv-SE","@id":"https:\/\/lunatools.test.consids5.se\/sv\/professional-guidance\/information-kring-verktygssakring\/sa-hanterar-du-verktyg-sakert-pa-hog-hojd\/#primaryimage","url":"https:\/\/lunatools.test.consids5.se\/wp-content\/uploads\/2020\/02\/Fristad-Bygg-art.jpg","contentUrl":"https:\/\/lunatools.test.consids5.se\/wp-content\/uploads\/2020\/02\/Fristad-Bygg-art.jpg","width":1219,"height":576},{"@type":"BreadcrumbList","@id":"https:\/\/lunatools.test.consids5.se\/sv\/professional-guidance\/information-kring-verktygssakring\/sa-hanterar-du-verktyg-sakert-pa-hog-hojd\/#breadcrumb","itemListElement":[{"@type":"ListItem","position":1,"name":"Home","item":"https:\/\/lunatools.test.consids5.se\/sv\/professionella-elverktygstillbehor-lunatools-startpage\/"},{"@type":"ListItem","position":2,"name":"Professional guidance | R\u00e4tt verktyg f\u00f6r jobbet","item":"https:\/\/lunatools.test.consids5.se\/sv\/professional-guidance\/"},{"@type":"ListItem","position":3,"name":"Verktygss\u00e4kring","item":"https:\/\/lunatools.test.consids5.se\/sv\/professional-guidance\/information-kring-verktygssakring\/"},{"@type":"ListItem","position":4,"name":"S\u00e5 hanterar du verktyg s\u00e4kert p\u00e5 h\u00f6g h\u00f6jd"}]},{"@type":"WebSite","@id":"https:\/\/lunatools.test.consids5.se\/en\/#website","url":"https:\/\/lunatools.test.consids5.se\/en\/","name":"Luna tools","description":"","publisher":{"@id":"https:\/\/lunatools.test.consids5.se\/en\/#organization"},"potentialAction":[{"@type":"SearchAction","target":{"@type":"EntryPoint","urlTemplate":"https:\/\/lunatools.test.consids5.se\/en\/?s={search_term_string}"},"query-input":"required name=search_term_string"}],"inLanguage":"sv-SE"},{"@type":"Organization","@id":"https:\/\/lunatools.test.consids5.se\/en\/#organization","name":"Luna Tools","url":"https:\/\/lunatools.test.consids5.se\/en\/","logo":{"@type":"ImageObject","inLanguage":"sv-SE","@id":"https:\/\/lunatools.test.consids5.se\/en\/#\/schema\/logo\/image\/","url":"https:\/\/lunatools.com\/wp-content\/uploads\/2019\/10\/LunaTools-gray-logo.png","contentUrl":"https:\/\/lunatools.com\/wp-content\/uploads\/2019\/10\/LunaTools-gray-logo.png","width":795,"height":309,"caption":"Luna Tools"},"image":{"@id":"https:\/\/lunatools.test.consids5.se\/en\/#\/schema\/logo\/image\/"}}]}},"_links":{"self":[{"href":"https:\/\/lunatools.test.consids5.se\/sv\/wp-json\/wp\/v2\/pages\/12809"}],"collection":[{"href":"https:\/\/lunatools.test.consids5.se\/sv\/wp-json\/wp\/v2\/pages"}],"about":[{"href":"https:\/\/lunatools.test.consids5.se\/sv\/wp-json\/wp\/v2\/types\/page"}],"author":[{"embeddable":true,"href":"https:\/\/lunatools.test.consids5.se\/sv\/wp-json\/wp\/v2\/users\/5"}],"replies":[{"embeddable":true,"href":"https:\/\/lunatools.test.consids5.se\/sv\/wp-json\/wp\/v2\/comments?post=12809"}],"version-history":[{"count":4,"href":"https:\/\/lunatools.test.consids5.se\/sv\/wp-json\/wp\/v2\/pages\/12809\/revisions"}],"predecessor-version":[{"id":12814,"href":"https:\/\/lunatools.test.consids5.se\/sv\/wp-json\/wp\/v2\/pages\/12809\/revisions\/12814"}],"up":[{"embeddable":true,"href":"https:\/\/lunatools.test.consids5.se\/sv\/wp-json\/wp\/v2\/pages\/12612"}],"wp:featuredmedia":[{"embeddable":true,"href":"https:\/\/lunatools.test.consids5.se\/sv\/wp-json\/wp\/v2\/media\/12661"}],"wp:attachment":[{"href":"https:\/\/lunatools.test.consids5.se\/sv\/wp-json\/wp\/v2\/media?parent=12809"}],"curies":[{"name":"wp","href":"https:\/\/api.w.org\/{rel}","templated":true}]}}