{"id":3863,"date":"2018-12-20T08:12:51","date_gmt":"2018-12-20T08:12:51","guid":{"rendered":"https:\/\/lunatools.com\/?page_id=3863"},"modified":"2019-11-07T18:30:25","modified_gmt":"2019-11-07T18:30:25","slug":"professional-guidance","status":"publish","type":"page","link":"https:\/\/lunatools.test.consids5.se\/sv\/professional-guidance\/","title":{"rendered":"Professional guidance | R\u00e4tt verktyg f\u00f6r jobbet"},"content":{"rendered":"<div class=\"wpb-content-wrapper\"><p>[vc_row][vc_column]\n        <div class=\"block block--promo with-image valign--top bg--white  align-left\">\n            <div class=\"promo\">\n                <div class=\"promo__image\">\n                    <img loading=\"lazy\" decoding=\"async\" width=\"1200\" height=\"800\" src=\"https:\/\/lunatools.test.consids5.se\/wp-content\/uploads\/2019\/09\/Tutorials_luna.jpg\" class=\"attachment-full size-full\" alt=\"\" srcset=\"https:\/\/lunatools.test.consids5.se\/wp-content\/uploads\/2019\/09\/Tutorials_luna.jpg 1200w, https:\/\/lunatools.test.consids5.se\/wp-content\/uploads\/2019\/09\/Tutorials_luna-250x167.jpg 250w, https:\/\/lunatools.test.consids5.se\/wp-content\/uploads\/2019\/09\/Tutorials_luna-768x512.jpg 768w, https:\/\/lunatools.test.consids5.se\/wp-content\/uploads\/2019\/09\/Tutorials_luna-700x467.jpg 700w, https:\/\/lunatools.test.consids5.se\/wp-content\/uploads\/2019\/09\/Tutorials_luna-120x80.jpg 120w, https:\/\/lunatools.test.consids5.se\/wp-content\/uploads\/2019\/09\/Tutorials_luna-600x400.jpg 600w\" sizes=\"(max-width: 1200px) 100vw, 1200px\" \/>\n                <\/div>\n                <div class=\"promo__content block__col\">\n                    <div class=\"promo__content__inner\">\n                        <h2 class=\"promo__title\">Tips till proffs!<\/h2>\n                        <p class=\"promo__text\">Se v\u00e5r serie kring handhavande av elverktygstillbeh\u00f6r och verktygss\u00e4kring.<\/p>\n                        <a href=\"https:\/\/lunatools.com\/sv\/anvand-ratt-verktyg\/\" class=\"promo__action btn\">Till filmerna<i><\/i><\/a>\n                    <\/div>\n                <\/div>\n            <\/div>\n        <\/div>[vc_column_text]Hitta r\u00e4tt guide nedan genom att navigera dig genom de olika kategorierna. Gl\u00f6m inte att vi ocks\u00e5 har en interaktiv guide som hj\u00e4lper dig till r\u00e4tt produkt. Du kommer till den <a href=\"http:\/\/lunatoolfinder.com\">h\u00e4r<\/a>.[\/vc_column_text][\/vc_column][\/vc_row][vc_row][vc_column]\n        <div class=\"block block--chapter\">\n            <div class=\"chapters\">\n                \n                    <div class=\"chapter\"><div class=\"chapter__image\"><a href=\"https:\/\/lunatools.test.consids5.se\/sv\/professional-guidance\/information-kring-verktygssakring\/\"><img decoding=\"async\" src=\"https:\/\/lunatools.test.consids5.se\/wp-content\/uploads\/2019\/08\/Vergtygssa\u0308kring_lowres-700x394.jpg\" alt=\"Verktygss\u00e4kring\" \/><\/a><\/div><h4 class=\"chapter__title small\">\n                            <a href=\"https:\/\/lunatools.test.consids5.se\/sv\/professional-guidance\/information-kring-verktygssakring\/\">Verktygss\u00e4kring<\/a>\n                        <\/h4><p class=\"chapter__description\">Arbetar du p\u00e5 h\u00f6g h\u00f6jd? Vi \u00e4r experter p\u00e5 verktygss\u00e4kring. Med v\u00e5rt system ZeroDrop \u2122 g\u00f6r vi din verktygss\u00e4kring enklare.<\/p><a href=\"https:\/\/lunatools.test.consids5.se\/sv\/professional-guidance\/information-kring-verktygssakring\/\">L\u00e4s mer<\/a><\/div>\n                    <div class=\"chapter\"><div class=\"chapter__image\"><a href=\"https:\/\/lunatools.test.consids5.se\/sv\/professional-guidance\/elverktygstillbehor\/\"><img decoding=\"async\" src=\"https:\/\/lunatools.test.consids5.se\/wp-content\/uploads\/2019\/02\/luna25542-700x521.jpg\" alt=\"Elverktygstillbeh\u00f6r\" \/><\/a><\/div><h4 class=\"chapter__title small\">\n                            <a href=\"https:\/\/lunatools.test.consids5.se\/sv\/professional-guidance\/elverktygstillbehor\/\">Elverktygstillbeh\u00f6r<\/a>\n                        <\/h4><p class=\"chapter__description\">Vilket material ska du jobba i? V\u00e4lj nedan och ta del av effektiva tips!<\/p><a href=\"https:\/\/lunatools.test.consids5.se\/sv\/professional-guidance\/elverktygstillbehor\/\">L\u00e4s mer<\/a><\/div>\n            <\/div>\n        <\/div>[\/vc_column][\/vc_row][vc_row][vc_column][\/vc_column][\/vc_row]<\/p>\n<\/div>","protected":false},"excerpt":{"rendered":"[vc_row][vc_column][vc_column_text]Hitta r\u00e4tt guide nedan genom att navigera dig genom de olika kategorierna. Gl\u00f6m inte att vi ocks\u00e5 har en interaktiv guide som hj\u00e4lper dig till r\u00e4tt produkt. Du kommer till den h\u00e4r.[\/vc_column_text][\/vc_column][\/vc_row][vc_row][vc_column][\/vc_column][\/vc_row][vc_row][vc_column][\/vc_column][\/vc_row]","protected":false},"author":1,"featured_media":0,"parent":0,"menu_order":0,"comment_status":"closed","ping_status":"closed","template":"","meta":{"_acf_changed":false,"footnotes":""},"class_list":["post-3863","page","type-page","status-publish","hentry"],"acf":[],"yoast_head":"<!-- This site is optimized with the Yoast SEO plugin v23.2 - https:\/\/yoast.com\/wordpress\/plugins\/seo\/ -->\n<title>Professional guidance | R\u00e4tt verktyg f\u00f6r jobbet | Luna tools<\/title>\n<meta name=\"description\" content=\"V\u00e5rt m\u00e5l \u00e4r att v\u00e4gleda dig till att v\u00e4lja r\u00e4tt verktyg f\u00f6r jobbet. H\u00e4r kan du ta del av alla v\u00e5ra faktaguider, filmer, white papers och mycket mer.\" \/>\n<meta name=\"robots\" content=\"index, follow, max-snippet:-1, max-image-preview:large, max-video-preview:-1\" \/>\n<link rel=\"canonical\" href=\"https:\/\/lunatools.test.consids5.se\/sv\/professional-guidance\/\" \/>\n<meta property=\"og:locale\" content=\"sv_SE\" \/>\n<meta property=\"og:type\" content=\"article\" \/>\n<meta property=\"og:title\" content=\"Professional guidance | R\u00e4tt verktyg f\u00f6r jobbet | Luna tools\" \/>\n<meta property=\"og:description\" content=\"V\u00e5rt m\u00e5l \u00e4r att v\u00e4gleda dig till att v\u00e4lja r\u00e4tt verktyg f\u00f6r jobbet. H\u00e4r kan du ta del av alla v\u00e5ra faktaguider, filmer, white papers och mycket mer.\" \/>\n<meta property=\"og:url\" content=\"https:\/\/lunatools.test.consids5.se\/sv\/professional-guidance\/\" \/>\n<meta property=\"og:site_name\" content=\"Luna tools\" \/>\n<meta property=\"article:modified_time\" content=\"2019-11-07T18:30:25+00:00\" \/>\n<meta name=\"twitter:label1\" content=\"Est. reading time\" \/>\n\t<meta name=\"twitter:data1\" content=\"1 minute\" \/>\n<script type=\"application\/ld+json\" class=\"yoast-schema-graph\">{\"@context\":\"https:\/\/schema.org\",\"@graph\":[{\"@type\":\"WebPage\",\"@id\":\"https:\/\/lunatools.test.consids5.se\/sv\/professional-guidance\/\",\"url\":\"https:\/\/lunatools.test.consids5.se\/sv\/professional-guidance\/\",\"name\":\"Professional guidance | R\u00e4tt verktyg f\u00f6r jobbet | Luna tools\",\"isPartOf\":{\"@id\":\"https:\/\/lunatools.test.consids5.se\/en\/#website\"},\"datePublished\":\"2018-12-20T08:12:51+00:00\",\"dateModified\":\"2019-11-07T18:30:25+00:00\",\"description\":\"V\u00e5rt m\u00e5l \u00e4r att v\u00e4gleda dig till att v\u00e4lja r\u00e4tt verktyg f\u00f6r jobbet. H\u00e4r kan du ta del av alla v\u00e5ra faktaguider, filmer, white papers och mycket mer.\",\"breadcrumb\":{\"@id\":\"https:\/\/lunatools.test.consids5.se\/sv\/professional-guidance\/#breadcrumb\"},\"inLanguage\":\"sv-SE\",\"potentialAction\":[{\"@type\":\"ReadAction\",\"target\":[\"https:\/\/lunatools.test.consids5.se\/sv\/professional-guidance\/\"]}]},{\"@type\":\"BreadcrumbList\",\"@id\":\"https:\/\/lunatools.test.consids5.se\/sv\/professional-guidance\/#breadcrumb\",\"itemListElement\":[{\"@type\":\"ListItem\",\"position\":1,\"name\":\"Home\",\"item\":\"https:\/\/lunatools.test.consids5.se\/sv\/professionella-elverktygstillbehor-lunatools-startpage\/\"},{\"@type\":\"ListItem\",\"position\":2,\"name\":\"Professional guidance | R\u00e4tt verktyg f\u00f6r jobbet\"}]},{\"@type\":\"WebSite\",\"@id\":\"https:\/\/lunatools.test.consids5.se\/en\/#website\",\"url\":\"https:\/\/lunatools.test.consids5.se\/en\/\",\"name\":\"Luna tools\",\"description\":\"\",\"publisher\":{\"@id\":\"https:\/\/lunatools.test.consids5.se\/en\/#organization\"},\"potentialAction\":[{\"@type\":\"SearchAction\",\"target\":{\"@type\":\"EntryPoint\",\"urlTemplate\":\"https:\/\/lunatools.test.consids5.se\/en\/?s={search_term_string}\"},\"query-input\":\"required name=search_term_string\"}],\"inLanguage\":\"sv-SE\"},{\"@type\":\"Organization\",\"@id\":\"https:\/\/lunatools.test.consids5.se\/en\/#organization\",\"name\":\"Luna Tools\",\"url\":\"https:\/\/lunatools.test.consids5.se\/en\/\",\"logo\":{\"@type\":\"ImageObject\",\"inLanguage\":\"sv-SE\",\"@id\":\"https:\/\/lunatools.test.consids5.se\/en\/#\/schema\/logo\/image\/\",\"url\":\"https:\/\/lunatools.com\/wp-content\/uploads\/2019\/10\/LunaTools-gray-logo.png\",\"contentUrl\":\"https:\/\/lunatools.com\/wp-content\/uploads\/2019\/10\/LunaTools-gray-logo.png\",\"width\":795,\"height\":309,\"caption\":\"Luna Tools\"},\"image\":{\"@id\":\"https:\/\/lunatools.test.consids5.se\/en\/#\/schema\/logo\/image\/\"}}]}<\/script>\n<!-- \/ Yoast SEO plugin. -->","yoast_head_json":{"title":"Professional guidance | R\u00e4tt verktyg f\u00f6r jobbet | Luna tools","description":"V\u00e5rt m\u00e5l \u00e4r att v\u00e4gleda dig till att v\u00e4lja r\u00e4tt verktyg f\u00f6r jobbet. H\u00e4r kan du ta del av alla v\u00e5ra faktaguider, filmer, white papers och mycket mer.","robots":{"index":"index","follow":"follow","max-snippet":"max-snippet:-1","max-image-preview":"max-image-preview:large","max-video-preview":"max-video-preview:-1"},"canonical":"https:\/\/lunatools.test.consids5.se\/sv\/professional-guidance\/","og_locale":"sv_SE","og_type":"article","og_title":"Professional guidance | R\u00e4tt verktyg f\u00f6r jobbet | Luna tools","og_description":"V\u00e5rt m\u00e5l \u00e4r att v\u00e4gleda dig till att v\u00e4lja r\u00e4tt verktyg f\u00f6r jobbet. H\u00e4r kan du ta del av alla v\u00e5ra faktaguider, filmer, white papers och mycket mer.","og_url":"https:\/\/lunatools.test.consids5.se\/sv\/professional-guidance\/","og_site_name":"Luna tools","article_modified_time":"2019-11-07T18:30:25+00:00","twitter_misc":{"Est. reading time":"1 minute"},"schema":{"@context":"https:\/\/schema.org","@graph":[{"@type":"WebPage","@id":"https:\/\/lunatools.test.consids5.se\/sv\/professional-guidance\/","url":"https:\/\/lunatools.test.consids5.se\/sv\/professional-guidance\/","name":"Professional guidance | R\u00e4tt verktyg f\u00f6r jobbet | Luna tools","isPartOf":{"@id":"https:\/\/lunatools.test.consids5.se\/en\/#website"},"datePublished":"2018-12-20T08:12:51+00:00","dateModified":"2019-11-07T18:30:25+00:00","description":"V\u00e5rt m\u00e5l \u00e4r att v\u00e4gleda dig till att v\u00e4lja r\u00e4tt verktyg f\u00f6r jobbet. H\u00e4r kan du ta del av alla v\u00e5ra faktaguider, filmer, white papers och mycket mer.","breadcrumb":{"@id":"https:\/\/lunatools.test.consids5.se\/sv\/professional-guidance\/#breadcrumb"},"inLanguage":"sv-SE","potentialAction":[{"@type":"ReadAction","target":["https:\/\/lunatools.test.consids5.se\/sv\/professional-guidance\/"]}]},{"@type":"BreadcrumbList","@id":"https:\/\/lunatools.test.consids5.se\/sv\/professional-guidance\/#breadcrumb","itemListElement":[{"@type":"ListItem","position":1,"name":"Home","item":"https:\/\/lunatools.test.consids5.se\/sv\/professionella-elverktygstillbehor-lunatools-startpage\/"},{"@type":"ListItem","position":2,"name":"Professional guidance | R\u00e4tt verktyg f\u00f6r jobbet"}]},{"@type":"WebSite","@id":"https:\/\/lunatools.test.consids5.se\/en\/#website","url":"https:\/\/lunatools.test.consids5.se\/en\/","name":"Luna tools","description":"","publisher":{"@id":"https:\/\/lunatools.test.consids5.se\/en\/#organization"},"potentialAction":[{"@type":"SearchAction","target":{"@type":"EntryPoint","urlTemplate":"https:\/\/lunatools.test.consids5.se\/en\/?s={search_term_string}"},"query-input":"required name=search_term_string"}],"inLanguage":"sv-SE"},{"@type":"Organization","@id":"https:\/\/lunatools.test.consids5.se\/en\/#organization","name":"Luna Tools","url":"https:\/\/lunatools.test.consids5.se\/en\/","logo":{"@type":"ImageObject","inLanguage":"sv-SE","@id":"https:\/\/lunatools.test.consids5.se\/en\/#\/schema\/logo\/image\/","url":"https:\/\/lunatools.com\/wp-content\/uploads\/2019\/10\/LunaTools-gray-logo.png","contentUrl":"https:\/\/lunatools.com\/wp-content\/uploads\/2019\/10\/LunaTools-gray-logo.png","width":795,"height":309,"caption":"Luna Tools"},"image":{"@id":"https:\/\/lunatools.test.consids5.se\/en\/#\/schema\/logo\/image\/"}}]}},"_links":{"self":[{"href":"https:\/\/lunatools.test.consids5.se\/sv\/wp-json\/wp\/v2\/pages\/3863"}],"collection":[{"href":"https:\/\/lunatools.test.consids5.se\/sv\/wp-json\/wp\/v2\/pages"}],"about":[{"href":"https:\/\/lunatools.test.consids5.se\/sv\/wp-json\/wp\/v2\/types\/page"}],"author":[{"embeddable":true,"href":"https:\/\/lunatools.test.consids5.se\/sv\/wp-json\/wp\/v2\/users\/1"}],"replies":[{"embeddable":true,"href":"https:\/\/lunatools.test.consids5.se\/sv\/wp-json\/wp\/v2\/comments?post=3863"}],"version-history":[{"count":19,"href":"https:\/\/lunatools.test.consids5.se\/sv\/wp-json\/wp\/v2\/pages\/3863\/revisions"}],"predecessor-version":[{"id":4044,"href":"https:\/\/lunatools.test.consids5.se\/sv\/wp-json\/wp\/v2\/pages\/3863\/revisions\/4044"}],"wp:attachment":[{"href":"https:\/\/lunatools.test.consids5.se\/sv\/wp-json\/wp\/v2\/media?parent=3863"}],"curies":[{"name":"wp","href":"https:\/\/api.w.org\/{rel}","templated":true}]}}