{"id":3887,"date":"2019-01-14T09:48:04","date_gmt":"2019-01-14T09:48:04","guid":{"rendered":"https:\/\/lunatools.com\/?page_id=3887"},"modified":"2021-09-17T11:01:23","modified_gmt":"2021-09-17T11:01:23","slug":"professionella-elverktygstillbehor-lunatools-startpage","status":"publish","type":"page","link":"https:\/\/lunatools.test.consids5.se\/sv\/","title":{"rendered":"Tillbeh\u00f6r till elverktyg, handverktyg och verktygss\u00e4kring"},"content":{"rendered":"<div class=\"wpb-content-wrapper\"><p>[vc_row][vc_column]<div class=\"block--dual\">\n          <div class=\"gridsystem move-upp js-show scroll-up js-active js-show--shown\">\n            <div class=\"block__col flex-row shadow\">\n              <figure class=\"block__image\">\n                <img decoding=\"async\" src=\"https:\/\/lunatools.test.consids5.se\/wp-content\/uploads\/2021\/06\/Vattenmelon-710x500.jpg\">\n              <\/figure>\n\n              <div class=\"flex-col flex-row__content bg--comp\">\n                <h2>Vi testar att tappa verktyg fr\u00e5n sex meters h\u00f6jd<\/h2>\n                <p>Vi vill visa p\u00e5 vikten av verktygss\u00e4kring och har d\u00e4rf\u00f6r gjort en film d\u00e4r vi sl\u00e4ppt verktyg fr\u00e5n andra v\u00e5ningen ner p\u00e5 meloner. Titta p\u00e5 filmen och s\u00e4kra din arbetsdag - varje dag.<\/p>\n                <a href=\"https:\/\/www.youtube.com\/watch?v=Lr1M2kOXFMw\" class=\"btn btn--comp btn--icon\"><i><\/i><\/a>\n              <\/div>\n            <\/div>\n            <div class=\"block__col flex-row shadow\">\n              <figure class=\"block__image\">\n                <img decoding=\"async\" src=\"https:\/\/lunatools.test.consids5.se\/wp-content\/uploads\/2021\/09\/DSC_0798-710x500.jpg\">\n              <\/figure>\n              <div class=\"flex-col flex-row__content bg--comp\">\n                <h2>Alla bands\u00e5gblad p\u00e5 ett st\u00e4lle<\/h2>\n                <p>Vi vet att det kan vara v\u00e5rt att hitta r\u00e4tt bands\u00e5gblad till din maskin. Nu har vi samlat hela v\u00e5rt sortiment i en produktguide, d\u00e4r vi ocks\u00e5 tipsar om vad som \u00e4r bra att t\u00e4nka p\u00e5 vid val av blad.<\/p>\n                <a href=\"https:\/\/lunatools.com\/wp-content\/uploads\/2021\/08\/Produktguide-Bandsagsblad_SE.pdf\" class=\"btn btn--comp btn--icon\"><i><\/i><\/a>\n              <\/div>\n            <\/div>\n          <\/div>\n        <\/div><div class=\"product-category-grid\">\n            <div class=\"productlist contain\">\n                <div class=\"productlist__list-wrapper gridsystem\">\n                    <ul class=\"productlist__categories gridsystem\"><li class=\"productlist__product\">\n                            <div class=\"product product--small\">\n                                <a href=\"https:\/\/lunatools.test.consids5.se\/sv\/elverktygstillbehor\/\"><img decoding=\"async\" class=\"product__image\" alt=\"Elverktygstillbeh\u00f6r\" src=\"https:\/\/lunatools.test.consids5.se\/wp-content\/uploads\/2019\/02\/luna25542-412x250.jpg\"><div class=\"flex-row flex-left-center product__footer\">\n                                        <div class=\"product__specs\">\n                                            <h2 class=\"product__name\">Elverktygstillbeh\u00f6r<\/h2>\n                                            \n                                        <\/div>\n                                        <i class=\"icon-right icon--circle\"><\/i>\n                                    <\/div>\n                                    \n                                <\/a>\n                            <\/div>\n                        <\/li><li class=\"productlist__product\">\n                            <div class=\"product product--small\">\n                                <a href=\"https:\/\/lunatools.test.consids5.se\/sv\/handverktyg\/\"><img decoding=\"async\" class=\"product__image\" alt=\"Handverktyg\" src=\"https:\/\/lunatools.test.consids5.se\/wp-content\/uploads\/2019\/08\/Handverktyg_samlingsbild-412x250.jpg\"><div class=\"flex-row flex-left-center product__footer\">\n                                        <div class=\"product__specs\">\n                                            <h2 class=\"product__name\">Handverktyg<\/h2>\n                                            \n                                        <\/div>\n                                        <i class=\"icon-right icon--circle\"><\/i>\n                                    <\/div>\n                                    \n                                <\/a>\n                            <\/div>\n                        <\/li><li class=\"productlist__product\">\n                            <div class=\"product product--small\">\n                                <a href=\"https:\/\/lunatools.test.consids5.se\/sv\/verktygssakring\/\"><img decoding=\"async\" class=\"product__image\" alt=\"Verktygss\u00e4kring\" src=\"https:\/\/lunatools.test.consids5.se\/wp-content\/uploads\/2019\/08\/Vergtygssa\u0308kring_lowres-412x250.jpg\"><div class=\"flex-row flex-left-center product__footer\">\n                                        <div class=\"product__specs\">\n                                            <h2 class=\"product__name\">Verktygss\u00e4kring<\/h2>\n                                            \n                                        <\/div>\n                                        <i class=\"icon-right icon--circle\"><\/i>\n                                    <\/div>\n                                    \n                                <\/a>\n                            <\/div>\n                        <\/li><\/ul>\n                <\/div>\n            <\/div>\n        <\/div>\n        <div class=\"block block--promo with-image valign--top bg--white  align-left\">\n            <div class=\"promo\">\n                <div class=\"promo__image\">\n                    <img loading=\"lazy\" decoding=\"async\" width=\"2560\" height=\"1805\" src=\"https:\/\/lunatools.test.consids5.se\/wp-content\/uploads\/2020\/04\/Nord-Access-2-scaled.jpg\" class=\"attachment-full size-full\" alt=\"\" srcset=\"https:\/\/lunatools.test.consids5.se\/wp-content\/uploads\/2020\/04\/Nord-Access-2-scaled.jpg 2560w, https:\/\/lunatools.test.consids5.se\/wp-content\/uploads\/2020\/04\/Nord-Access-2-250x176.jpg 250w, https:\/\/lunatools.test.consids5.se\/wp-content\/uploads\/2020\/04\/Nord-Access-2-700x494.jpg 700w, https:\/\/lunatools.test.consids5.se\/wp-content\/uploads\/2020\/04\/Nord-Access-2-768x542.jpg 768w, https:\/\/lunatools.test.consids5.se\/wp-content\/uploads\/2020\/04\/Nord-Access-2-1536x1083.jpg 1536w, https:\/\/lunatools.test.consids5.se\/wp-content\/uploads\/2020\/04\/Nord-Access-2-2048x1444.jpg 2048w, https:\/\/lunatools.test.consids5.se\/wp-content\/uploads\/2020\/04\/Nord-Access-2-120x85.jpg 120w, https:\/\/lunatools.test.consids5.se\/wp-content\/uploads\/2020\/04\/Nord-Access-2-710x500.jpg 710w, https:\/\/lunatools.test.consids5.se\/wp-content\/uploads\/2020\/04\/Nord-Access-2-600x423.jpg 600w\" sizes=\"(max-width: 2560px) 100vw, 2560px\" \/>\n                <\/div>\n                <div class=\"promo__content block__col\">\n                    <div class=\"promo__content__inner\">\n                        <h3 class=\"promo__subtitle\">Nord Access<\/h3><h2 class=\"promo__title\">Att s\u00e4kra v\u00e5ra verktyg \u00e4r en grundbult i allt vi g\u00f6r<\/h2>\n                        <p class=\"promo__text\">Johan och Dag fr\u00e5n Nord Access f\u00f6rst\u00e5r vikten av s\u00e4kerhet p\u00e5 arbetsplatsen. En vanlig dag p\u00e5 jobbet kan innefatta demontering av en radiomast h\u00e4ngandes fr\u00e5n en helikopter, inspektion av ett vindkraftverk eller att hissa sig ner i gruvschakt.<\/p>\n                        <a href=\"http:\/\/lunatools.com\/sv\/att-sakra-vara-verktyg-ar-en-grundbult-i-allt-vi-gor-utover-att-sakra-oss-sjalva\/\" class=\"promo__action btn\">L\u00e4s mer om hur de t\u00e4nker kring verktygss\u00e4kring<i><\/i><\/a>\n                    <\/div>\n                <\/div>\n            <\/div>\n        <\/div>\n        <div class=\"block block--promo with-image valign--top bg--white  align-right\">\n            <div class=\"promo\">\n                <div class=\"promo__image\">\n                    <img loading=\"lazy\" decoding=\"async\" width=\"1280\" height=\"720\" src=\"https:\/\/lunatools.test.consids5.se\/wp-content\/uploads\/2020\/04\/Hammare.jpg\" class=\"attachment-full size-full\" alt=\"\" srcset=\"https:\/\/lunatools.test.consids5.se\/wp-content\/uploads\/2020\/04\/Hammare.jpg 1280w, https:\/\/lunatools.test.consids5.se\/wp-content\/uploads\/2020\/04\/Hammare-250x141.jpg 250w, https:\/\/lunatools.test.consids5.se\/wp-content\/uploads\/2020\/04\/Hammare-700x394.jpg 700w, https:\/\/lunatools.test.consids5.se\/wp-content\/uploads\/2020\/04\/Hammare-768x432.jpg 768w, https:\/\/lunatools.test.consids5.se\/wp-content\/uploads\/2020\/04\/Hammare-120x68.jpg 120w, https:\/\/lunatools.test.consids5.se\/wp-content\/uploads\/2020\/04\/Hammare-600x338.jpg 600w\" sizes=\"(max-width: 1280px) 100vw, 1280px\" \/>\n                <\/div>\n                <div class=\"promo__content block__col\">\n                    <div class=\"promo__content__inner\">\n                        <h3 class=\"promo__subtitle\">#ZeroDrop<\/h3><h2 class=\"promo__title\">Visste du att...<\/h2>\n                        <p class=\"promo__text\">Tappade f\u00f6rem\u00e5l \u00e4r den tredje vanligaste orsaken f\u00f6r skador och d\u00f6dsfall inom olje- och gasindustrin*<\/p>\n<p>K\u00e4lla: DROPS<\/p>\n                        <a href=\"https:\/\/lunatools.com\/wp-content\/uploads\/2020\/04\/Luna-Rapport.pdf\" class=\"promo__action btn\">L\u00e4s rapporten<i><\/i><\/a>\n                    <\/div>\n                <\/div>\n            <\/div>\n        <\/div>\n        <div class=\"block block--promo with-image valign--top text--white  align-left\">\n            <div class=\"promo\">\n                <div class=\"promo__image\">\n                    <img loading=\"lazy\" decoding=\"async\" width=\"3210\" height=\"2830\" src=\"https:\/\/lunatools.test.consids5.se\/wp-content\/uploads\/2020\/10\/HallNollan_logo_black.png\" class=\"attachment-full size-full\" alt=\"H\u00e5ll Nollan Logotype\" srcset=\"https:\/\/lunatools.test.consids5.se\/wp-content\/uploads\/2020\/10\/HallNollan_logo_black.png 3210w, https:\/\/lunatools.test.consids5.se\/wp-content\/uploads\/2020\/10\/HallNollan_logo_black-250x220.png 250w, https:\/\/lunatools.test.consids5.se\/wp-content\/uploads\/2020\/10\/HallNollan_logo_black-700x617.png 700w, https:\/\/lunatools.test.consids5.se\/wp-content\/uploads\/2020\/10\/HallNollan_logo_black-768x677.png 768w, https:\/\/lunatools.test.consids5.se\/wp-content\/uploads\/2020\/10\/HallNollan_logo_black-1536x1354.png 1536w, https:\/\/lunatools.test.consids5.se\/wp-content\/uploads\/2020\/10\/HallNollan_logo_black-2048x1806.png 2048w, https:\/\/lunatools.test.consids5.se\/wp-content\/uploads\/2020\/10\/HallNollan_logo_black-120x106.png 120w, https:\/\/lunatools.test.consids5.se\/wp-content\/uploads\/2020\/10\/HallNollan_logo_black-600x529.png 600w\" sizes=\"(max-width: 3210px) 100vw, 3210px\" \/>\n                <\/div>\n                <div class=\"promo__content block__col\">\n                    <div class=\"promo__content__inner\">\n                        <h3 class=\"promo__subtitle\">Nytt samarbete med<\/h3><h2 class=\"promo__title\">H\u00e5ll Nollan<\/h2>\n                        <p class=\"promo__text\"><b><span data-contrast=\"auto\">LUNA TOOLS BIDRAR TILL SAMVERKAN F\u00d6R NOLL OLYCKOR I BYGGBRANSCHEN<\/span><\/b><span data-ccp-props=\"{&quot;201341983&quot;:0,&quot;335559739&quot;:160,&quot;335559740&quot;:259}\">\u00a0<\/span><\/p>\n<p><span data-contrast=\"auto\">Som f\u00f6rsta producent av handverktyg och verktygss\u00e4kring har Luna Tools blivit medlemmar i H\u00e5ll Nollan.<\/span><span data-ccp-props=\"{&quot;201341983&quot;:0,&quot;335559739&quot;:160,&quot;335559740&quot;:259}\">\u00a0<\/span><\/p>\n                        <a href=\"https:\/\/www.hallnollan.se\/\" class=\"promo__action btn\">Bes\u00f6k H\u00e5ll Nollan<i><\/i><\/a>\n                    <\/div>\n                <\/div>\n            <\/div>\n        <\/div>[\/vc_column][\/vc_row][vc_row full_width=&#8221;stretch_row_content_no_spaces&#8221; disable_element=&#8221;yes&#8221;][vc_column]\n        <div class=\"block block--promo with-image valign--top bg--white  align-right\">\n            <div class=\"promo\">\n                <div class=\"promo__image\">\n                    \n                <\/div>\n                <div class=\"promo__content block__col\">\n                    <div class=\"promo__content__inner\">\n                        <h3 class=\"promo__subtitle\">Klingor Prime - s\u00e5gklingan med extrem precision<\/h3><h2 class=\"promo__title\">Klingor Prime<\/h2>\n                        <p class=\"promo__text\">Nu ut\u00f6kas Luna Tools sortiment av s\u00e5gblad med en Prime-klinga. Klingan \u00e4r utrustad med s<span class=\"TextRun BCX9 SCXP106286572\" lang=\"SV-SE\" xml:lang=\"SV-SE\" data-scheme-color=\"@3C3C3B,,\" data-usefontface=\"true\" data-contrast=\"none\"><span class=\"NormalTextRun BCX9 SCXP106286572\">peciellt slipade t\u00e4nder f\u00f6r\u00a0<\/span><\/span><span class=\"TextRun BCX9 SCXP106286572\" lang=\"SV-SE\" xml:lang=\"SV-SE\" data-scheme-color=\"@3C3C3B,,\" data-usefontface=\"true\" data-contrast=\"none\"><span class=\"NormalTextRun BCX9 SCXP106286572\">exceptionellt fina snitt, \u00e4ven i h\u00e5rdare tr\u00e4 s\u00e5som ek och mahogny.<\/span><\/span><\/p>\n                        <a href=\"https:\/\/lunatools.com\/sv\/handverktyg\/\" class=\"promo__action btn\">Till sortimentet<i><\/i><\/a>\n                    <\/div>\n                <\/div>\n            <\/div>\n        <\/div>[\/vc_column][\/vc_row]<\/p>\n<\/div>","protected":false},"excerpt":{"rendered":"[vc_row][vc_column][\/vc_column][\/vc_row][vc_row full_width=&#8221;stretch_row_content_no_spaces&#8221; disable_element=&#8221;yes&#8221;][vc_column][\/vc_column][\/vc_row]","protected":false},"author":1,"featured_media":0,"parent":0,"menu_order":0,"comment_status":"closed","ping_status":"closed","template":"","meta":{"_acf_changed":false,"footnotes":""},"class_list":["post-3887","page","type-page","status-publish","hentry"],"acf":[],"yoast_head":"<!-- This site is optimized with the Yoast SEO plugin v23.2 - https:\/\/yoast.com\/wordpress\/plugins\/seo\/ -->\n<title>Tillbeh\u00f6r till elverktyg, handverktyg och verktygss\u00e4kring | Luna tools<\/title>\n<meta name=\"description\" content=\"Luna Tools erbjuder premiumverktyg inom: verktygss\u00e4kring, handverktyg och tillbeh\u00f6r till elverktyg f\u00f6r professionella hantverkare. V\u00e4lj r\u00e4tt verktyg f\u00f6r jobbet.\" \/>\n<meta name=\"robots\" content=\"index, follow, max-snippet:-1, max-image-preview:large, max-video-preview:-1\" \/>\n<link rel=\"canonical\" href=\"https:\/\/lunatools.test.consids5.se\/sv\/professionella-elverktygstillbehor-lunatools-startpage\/\" \/>\n<meta property=\"og:locale\" content=\"sv_SE\" \/>\n<meta property=\"og:type\" content=\"article\" \/>\n<meta property=\"og:title\" content=\"Tillbeh\u00f6r till elverktyg, handverktyg och verktygss\u00e4kring | Luna tools\" \/>\n<meta property=\"og:description\" content=\"Luna Tools erbjuder premiumverktyg inom: verktygss\u00e4kring, handverktyg och tillbeh\u00f6r till elverktyg f\u00f6r professionella hantverkare. V\u00e4lj r\u00e4tt verktyg f\u00f6r jobbet.\" \/>\n<meta property=\"og:url\" content=\"https:\/\/lunatools.test.consids5.se\/sv\/professionella-elverktygstillbehor-lunatools-startpage\/\" \/>\n<meta property=\"og:site_name\" content=\"Luna tools\" \/>\n<meta property=\"article:modified_time\" content=\"2021-09-17T11:01:23+00:00\" \/>\n<meta name=\"twitter:label1\" content=\"Est. reading time\" \/>\n\t<meta name=\"twitter:data1\" content=\"2 minutes\" \/>\n<script type=\"application\/ld+json\" class=\"yoast-schema-graph\">{\"@context\":\"https:\/\/schema.org\",\"@graph\":[{\"@type\":\"WebPage\",\"@id\":\"https:\/\/lunatools.test.consids5.se\/sv\/professionella-elverktygstillbehor-lunatools-startpage\/\",\"url\":\"https:\/\/lunatools.test.consids5.se\/sv\/professionella-elverktygstillbehor-lunatools-startpage\/\",\"name\":\"Tillbeh\u00f6r till elverktyg, handverktyg och verktygss\u00e4kring | Luna tools\",\"isPartOf\":{\"@id\":\"https:\/\/lunatools.test.consids5.se\/en\/#website\"},\"datePublished\":\"2019-01-14T09:48:04+00:00\",\"dateModified\":\"2021-09-17T11:01:23+00:00\",\"description\":\"Luna Tools erbjuder premiumverktyg inom: verktygss\u00e4kring, handverktyg och tillbeh\u00f6r till elverktyg f\u00f6r professionella hantverkare. V\u00e4lj r\u00e4tt verktyg f\u00f6r jobbet.\",\"breadcrumb\":{\"@id\":\"https:\/\/lunatools.test.consids5.se\/sv\/professionella-elverktygstillbehor-lunatools-startpage\/#breadcrumb\"},\"inLanguage\":\"sv-SE\",\"potentialAction\":[{\"@type\":\"ReadAction\",\"target\":[\"https:\/\/lunatools.test.consids5.se\/sv\/professionella-elverktygstillbehor-lunatools-startpage\/\"]}]},{\"@type\":\"BreadcrumbList\",\"@id\":\"https:\/\/lunatools.test.consids5.se\/sv\/professionella-elverktygstillbehor-lunatools-startpage\/#breadcrumb\",\"itemListElement\":[{\"@type\":\"ListItem\",\"position\":1,\"name\":\"Home\",\"item\":\"https:\/\/lunatools.test.consids5.se\/sv\/professionella-elverktygstillbehor-lunatools-startpage\/\"},{\"@type\":\"ListItem\",\"position\":2,\"name\":\"Tillbeh\u00f6r till elverktyg, handverktyg och verktygss\u00e4kring\"}]},{\"@type\":\"WebSite\",\"@id\":\"https:\/\/lunatools.test.consids5.se\/en\/#website\",\"url\":\"https:\/\/lunatools.test.consids5.se\/en\/\",\"name\":\"Luna tools\",\"description\":\"\",\"publisher\":{\"@id\":\"https:\/\/lunatools.test.consids5.se\/en\/#organization\"},\"potentialAction\":[{\"@type\":\"SearchAction\",\"target\":{\"@type\":\"EntryPoint\",\"urlTemplate\":\"https:\/\/lunatools.test.consids5.se\/en\/?s={search_term_string}\"},\"query-input\":\"required name=search_term_string\"}],\"inLanguage\":\"sv-SE\"},{\"@type\":\"Organization\",\"@id\":\"https:\/\/lunatools.test.consids5.se\/en\/#organization\",\"name\":\"Luna Tools\",\"url\":\"https:\/\/lunatools.test.consids5.se\/en\/\",\"logo\":{\"@type\":\"ImageObject\",\"inLanguage\":\"sv-SE\",\"@id\":\"https:\/\/lunatools.test.consids5.se\/en\/#\/schema\/logo\/image\/\",\"url\":\"https:\/\/lunatools.com\/wp-content\/uploads\/2019\/10\/LunaTools-gray-logo.png\",\"contentUrl\":\"https:\/\/lunatools.com\/wp-content\/uploads\/2019\/10\/LunaTools-gray-logo.png\",\"width\":795,\"height\":309,\"caption\":\"Luna Tools\"},\"image\":{\"@id\":\"https:\/\/lunatools.test.consids5.se\/en\/#\/schema\/logo\/image\/\"}}]}<\/script>\n<!-- \/ Yoast SEO plugin. -->","yoast_head_json":{"title":"Tillbeh\u00f6r till elverktyg, handverktyg och verktygss\u00e4kring | Luna tools","description":"Luna Tools erbjuder premiumverktyg inom: verktygss\u00e4kring, handverktyg och tillbeh\u00f6r till elverktyg f\u00f6r professionella hantverkare. V\u00e4lj r\u00e4tt verktyg f\u00f6r jobbet.","robots":{"index":"index","follow":"follow","max-snippet":"max-snippet:-1","max-image-preview":"max-image-preview:large","max-video-preview":"max-video-preview:-1"},"canonical":"https:\/\/lunatools.test.consids5.se\/sv\/professionella-elverktygstillbehor-lunatools-startpage\/","og_locale":"sv_SE","og_type":"article","og_title":"Tillbeh\u00f6r till elverktyg, handverktyg och verktygss\u00e4kring | Luna tools","og_description":"Luna Tools erbjuder premiumverktyg inom: verktygss\u00e4kring, handverktyg och tillbeh\u00f6r till elverktyg f\u00f6r professionella hantverkare. V\u00e4lj r\u00e4tt verktyg f\u00f6r jobbet.","og_url":"https:\/\/lunatools.test.consids5.se\/sv\/professionella-elverktygstillbehor-lunatools-startpage\/","og_site_name":"Luna tools","article_modified_time":"2021-09-17T11:01:23+00:00","twitter_misc":{"Est. reading time":"2 minutes"},"schema":{"@context":"https:\/\/schema.org","@graph":[{"@type":"WebPage","@id":"https:\/\/lunatools.test.consids5.se\/sv\/professionella-elverktygstillbehor-lunatools-startpage\/","url":"https:\/\/lunatools.test.consids5.se\/sv\/professionella-elverktygstillbehor-lunatools-startpage\/","name":"Tillbeh\u00f6r till elverktyg, handverktyg och verktygss\u00e4kring | Luna tools","isPartOf":{"@id":"https:\/\/lunatools.test.consids5.se\/en\/#website"},"datePublished":"2019-01-14T09:48:04+00:00","dateModified":"2021-09-17T11:01:23+00:00","description":"Luna Tools erbjuder premiumverktyg inom: verktygss\u00e4kring, handverktyg och tillbeh\u00f6r till elverktyg f\u00f6r professionella hantverkare. V\u00e4lj r\u00e4tt verktyg f\u00f6r jobbet.","breadcrumb":{"@id":"https:\/\/lunatools.test.consids5.se\/sv\/professionella-elverktygstillbehor-lunatools-startpage\/#breadcrumb"},"inLanguage":"sv-SE","potentialAction":[{"@type":"ReadAction","target":["https:\/\/lunatools.test.consids5.se\/sv\/professionella-elverktygstillbehor-lunatools-startpage\/"]}]},{"@type":"BreadcrumbList","@id":"https:\/\/lunatools.test.consids5.se\/sv\/professionella-elverktygstillbehor-lunatools-startpage\/#breadcrumb","itemListElement":[{"@type":"ListItem","position":1,"name":"Home","item":"https:\/\/lunatools.test.consids5.se\/sv\/professionella-elverktygstillbehor-lunatools-startpage\/"},{"@type":"ListItem","position":2,"name":"Tillbeh\u00f6r till elverktyg, handverktyg och verktygss\u00e4kring"}]},{"@type":"WebSite","@id":"https:\/\/lunatools.test.consids5.se\/en\/#website","url":"https:\/\/lunatools.test.consids5.se\/en\/","name":"Luna tools","description":"","publisher":{"@id":"https:\/\/lunatools.test.consids5.se\/en\/#organization"},"potentialAction":[{"@type":"SearchAction","target":{"@type":"EntryPoint","urlTemplate":"https:\/\/lunatools.test.consids5.se\/en\/?s={search_term_string}"},"query-input":"required name=search_term_string"}],"inLanguage":"sv-SE"},{"@type":"Organization","@id":"https:\/\/lunatools.test.consids5.se\/en\/#organization","name":"Luna Tools","url":"https:\/\/lunatools.test.consids5.se\/en\/","logo":{"@type":"ImageObject","inLanguage":"sv-SE","@id":"https:\/\/lunatools.test.consids5.se\/en\/#\/schema\/logo\/image\/","url":"https:\/\/lunatools.com\/wp-content\/uploads\/2019\/10\/LunaTools-gray-logo.png","contentUrl":"https:\/\/lunatools.com\/wp-content\/uploads\/2019\/10\/LunaTools-gray-logo.png","width":795,"height":309,"caption":"Luna Tools"},"image":{"@id":"https:\/\/lunatools.test.consids5.se\/en\/#\/schema\/logo\/image\/"}}]}},"_links":{"self":[{"href":"https:\/\/lunatools.test.consids5.se\/sv\/wp-json\/wp\/v2\/pages\/3887"}],"collection":[{"href":"https:\/\/lunatools.test.consids5.se\/sv\/wp-json\/wp\/v2\/pages"}],"about":[{"href":"https:\/\/lunatools.test.consids5.se\/sv\/wp-json\/wp\/v2\/types\/page"}],"author":[{"embeddable":true,"href":"https:\/\/lunatools.test.consids5.se\/sv\/wp-json\/wp\/v2\/users\/1"}],"replies":[{"embeddable":true,"href":"https:\/\/lunatools.test.consids5.se\/sv\/wp-json\/wp\/v2\/comments?post=3887"}],"version-history":[{"count":110,"href":"https:\/\/lunatools.test.consids5.se\/sv\/wp-json\/wp\/v2\/pages\/3887\/revisions"}],"predecessor-version":[{"id":60703,"href":"https:\/\/lunatools.test.consids5.se\/sv\/wp-json\/wp\/v2\/pages\/3887\/revisions\/60703"}],"wp:attachment":[{"href":"https:\/\/lunatools.test.consids5.se\/sv\/wp-json\/wp\/v2\/media?parent=3887"}],"curies":[{"name":"wp","href":"https:\/\/api.w.org\/{rel}","templated":true}]}}