{"id":3897,"date":"2019-01-15T12:59:41","date_gmt":"2019-01-15T12:59:41","guid":{"rendered":"https:\/\/lunatools.com\/?page_id=3897"},"modified":"2019-02-19T10:53:22","modified_gmt":"2019-02-19T10:53:22","slug":"hitta-butik","status":"publish","type":"page","link":"https:\/\/lunatools.test.consids5.se\/sv\/hitta-butik\/","title":{"rendered":"Hitta butik"},"content":{"rendered":"","protected":false},"excerpt":{"rendered":"","protected":false},"author":1,"featured_media":3875,"parent":0,"menu_order":0,"comment_status":"closed","ping_status":"closed","template":"template-retailers.php","meta":{"_acf_changed":false,"footnotes":""},"class_list":["post-3897","page","type-page","status-publish","has-post-thumbnail","hentry"],"acf":[],"yoast_head":"<!-- This site is optimized with the Yoast SEO plugin v23.2 - https:\/\/yoast.com\/wordpress\/plugins\/seo\/ -->\n<title>Hitta butik - Luna tools<\/title>\n<meta name=\"description\" content=\"Vi s\u00e4ljer elverktygstillbeh\u00f6r till de flesta \u00e5terf\u00f6rs\u00e4ljare i Sverige, Norden och norra Europa. H\u00e4r kan du enkelt hitta din n\u00e4rmsta butik.\" \/>\n<meta name=\"robots\" content=\"index, follow, max-snippet:-1, max-image-preview:large, max-video-preview:-1\" \/>\n<link rel=\"canonical\" href=\"https:\/\/lunatools.test.consids5.se\/sv\/hitta-butik\/\" \/>\n<meta property=\"og:locale\" content=\"sv_SE\" \/>\n<meta property=\"og:type\" content=\"article\" \/>\n<meta property=\"og:title\" content=\"Hitta butik - Luna tools\" \/>\n<meta property=\"og:description\" content=\"Vi s\u00e4ljer elverktygstillbeh\u00f6r till de flesta \u00e5terf\u00f6rs\u00e4ljare i Sverige, Norden och norra Europa. H\u00e4r kan du enkelt hitta din n\u00e4rmsta butik.\" \/>\n<meta property=\"og:url\" content=\"https:\/\/lunatools.test.consids5.se\/sv\/hitta-butik\/\" \/>\n<meta property=\"og:site_name\" content=\"Luna tools\" \/>\n<meta property=\"article:modified_time\" content=\"2019-02-19T10:53:22+00:00\" \/>\n<meta property=\"og:image\" content=\"https:\/\/lunatools.test.consids5.se\/wp-content\/uploads\/2018\/12\/fallback.jpg\" \/>\n\t<meta property=\"og:image:width\" content=\"1219\" \/>\n\t<meta property=\"og:image:height\" content=\"576\" \/>\n\t<meta property=\"og:image:type\" content=\"image\/jpeg\" \/>\n<script type=\"application\/ld+json\" class=\"yoast-schema-graph\">{\"@context\":\"https:\/\/schema.org\",\"@graph\":[{\"@type\":\"WebPage\",\"@id\":\"https:\/\/lunatools.test.consids5.se\/sv\/hitta-butik\/\",\"url\":\"https:\/\/lunatools.test.consids5.se\/sv\/hitta-butik\/\",\"name\":\"Hitta butik - Luna tools\",\"isPartOf\":{\"@id\":\"https:\/\/lunatools.test.consids5.se\/en\/#website\"},\"primaryImageOfPage\":{\"@id\":\"https:\/\/lunatools.test.consids5.se\/sv\/hitta-butik\/#primaryimage\"},\"image\":{\"@id\":\"https:\/\/lunatools.test.consids5.se\/sv\/hitta-butik\/#primaryimage\"},\"thumbnailUrl\":\"https:\/\/lunatools.test.consids5.se\/wp-content\/uploads\/2018\/12\/fallback.jpg\",\"datePublished\":\"2019-01-15T12:59:41+00:00\",\"dateModified\":\"2019-02-19T10:53:22+00:00\",\"description\":\"Vi s\u00e4ljer elverktygstillbeh\u00f6r till de flesta \u00e5terf\u00f6rs\u00e4ljare i Sverige, Norden och norra Europa. H\u00e4r kan du enkelt hitta din n\u00e4rmsta butik.\",\"breadcrumb\":{\"@id\":\"https:\/\/lunatools.test.consids5.se\/sv\/hitta-butik\/#breadcrumb\"},\"inLanguage\":\"sv-SE\",\"potentialAction\":[{\"@type\":\"ReadAction\",\"target\":[\"https:\/\/lunatools.test.consids5.se\/sv\/hitta-butik\/\"]}]},{\"@type\":\"ImageObject\",\"inLanguage\":\"sv-SE\",\"@id\":\"https:\/\/lunatools.test.consids5.se\/sv\/hitta-butik\/#primaryimage\",\"url\":\"https:\/\/lunatools.test.consids5.se\/wp-content\/uploads\/2018\/12\/fallback.jpg\",\"contentUrl\":\"https:\/\/lunatools.test.consids5.se\/wp-content\/uploads\/2018\/12\/fallback.jpg\",\"width\":1219,\"height\":576},{\"@type\":\"BreadcrumbList\",\"@id\":\"https:\/\/lunatools.test.consids5.se\/sv\/hitta-butik\/#breadcrumb\",\"itemListElement\":[{\"@type\":\"ListItem\",\"position\":1,\"name\":\"Home\",\"item\":\"https:\/\/lunatools.test.consids5.se\/sv\/professionella-elverktygstillbehor-lunatools-startpage\/\"},{\"@type\":\"ListItem\",\"position\":2,\"name\":\"Hitta butik\"}]},{\"@type\":\"WebSite\",\"@id\":\"https:\/\/lunatools.test.consids5.se\/en\/#website\",\"url\":\"https:\/\/lunatools.test.consids5.se\/en\/\",\"name\":\"Luna tools\",\"description\":\"\",\"publisher\":{\"@id\":\"https:\/\/lunatools.test.consids5.se\/en\/#organization\"},\"potentialAction\":[{\"@type\":\"SearchAction\",\"target\":{\"@type\":\"EntryPoint\",\"urlTemplate\":\"https:\/\/lunatools.test.consids5.se\/en\/?s={search_term_string}\"},\"query-input\":\"required name=search_term_string\"}],\"inLanguage\":\"sv-SE\"},{\"@type\":\"Organization\",\"@id\":\"https:\/\/lunatools.test.consids5.se\/en\/#organization\",\"name\":\"Luna Tools\",\"url\":\"https:\/\/lunatools.test.consids5.se\/en\/\",\"logo\":{\"@type\":\"ImageObject\",\"inLanguage\":\"sv-SE\",\"@id\":\"https:\/\/lunatools.test.consids5.se\/en\/#\/schema\/logo\/image\/\",\"url\":\"https:\/\/lunatools.com\/wp-content\/uploads\/2019\/10\/LunaTools-gray-logo.png\",\"contentUrl\":\"https:\/\/lunatools.com\/wp-content\/uploads\/2019\/10\/LunaTools-gray-logo.png\",\"width\":795,\"height\":309,\"caption\":\"Luna Tools\"},\"image\":{\"@id\":\"https:\/\/lunatools.test.consids5.se\/en\/#\/schema\/logo\/image\/\"}}]}<\/script>\n<!-- \/ Yoast SEO plugin. -->","yoast_head_json":{"title":"Hitta butik - Luna tools","description":"Vi s\u00e4ljer elverktygstillbeh\u00f6r till de flesta \u00e5terf\u00f6rs\u00e4ljare i Sverige, Norden och norra Europa. H\u00e4r kan du enkelt hitta din n\u00e4rmsta butik.","robots":{"index":"index","follow":"follow","max-snippet":"max-snippet:-1","max-image-preview":"max-image-preview:large","max-video-preview":"max-video-preview:-1"},"canonical":"https:\/\/lunatools.test.consids5.se\/sv\/hitta-butik\/","og_locale":"sv_SE","og_type":"article","og_title":"Hitta butik - Luna tools","og_description":"Vi s\u00e4ljer elverktygstillbeh\u00f6r till de flesta \u00e5terf\u00f6rs\u00e4ljare i Sverige, Norden och norra Europa. H\u00e4r kan du enkelt hitta din n\u00e4rmsta butik.","og_url":"https:\/\/lunatools.test.consids5.se\/sv\/hitta-butik\/","og_site_name":"Luna tools","article_modified_time":"2019-02-19T10:53:22+00:00","og_image":[{"width":1219,"height":576,"url":"https:\/\/lunatools.test.consids5.se\/wp-content\/uploads\/2018\/12\/fallback.jpg","type":"image\/jpeg"}],"schema":{"@context":"https:\/\/schema.org","@graph":[{"@type":"WebPage","@id":"https:\/\/lunatools.test.consids5.se\/sv\/hitta-butik\/","url":"https:\/\/lunatools.test.consids5.se\/sv\/hitta-butik\/","name":"Hitta butik - Luna tools","isPartOf":{"@id":"https:\/\/lunatools.test.consids5.se\/en\/#website"},"primaryImageOfPage":{"@id":"https:\/\/lunatools.test.consids5.se\/sv\/hitta-butik\/#primaryimage"},"image":{"@id":"https:\/\/lunatools.test.consids5.se\/sv\/hitta-butik\/#primaryimage"},"thumbnailUrl":"https:\/\/lunatools.test.consids5.se\/wp-content\/uploads\/2018\/12\/fallback.jpg","datePublished":"2019-01-15T12:59:41+00:00","dateModified":"2019-02-19T10:53:22+00:00","description":"Vi s\u00e4ljer elverktygstillbeh\u00f6r till de flesta \u00e5terf\u00f6rs\u00e4ljare i Sverige, Norden och norra Europa. H\u00e4r kan du enkelt hitta din n\u00e4rmsta butik.","breadcrumb":{"@id":"https:\/\/lunatools.test.consids5.se\/sv\/hitta-butik\/#breadcrumb"},"inLanguage":"sv-SE","potentialAction":[{"@type":"ReadAction","target":["https:\/\/lunatools.test.consids5.se\/sv\/hitta-butik\/"]}]},{"@type":"ImageObject","inLanguage":"sv-SE","@id":"https:\/\/lunatools.test.consids5.se\/sv\/hitta-butik\/#primaryimage","url":"https:\/\/lunatools.test.consids5.se\/wp-content\/uploads\/2018\/12\/fallback.jpg","contentUrl":"https:\/\/lunatools.test.consids5.se\/wp-content\/uploads\/2018\/12\/fallback.jpg","width":1219,"height":576},{"@type":"BreadcrumbList","@id":"https:\/\/lunatools.test.consids5.se\/sv\/hitta-butik\/#breadcrumb","itemListElement":[{"@type":"ListItem","position":1,"name":"Home","item":"https:\/\/lunatools.test.consids5.se\/sv\/professionella-elverktygstillbehor-lunatools-startpage\/"},{"@type":"ListItem","position":2,"name":"Hitta butik"}]},{"@type":"WebSite","@id":"https:\/\/lunatools.test.consids5.se\/en\/#website","url":"https:\/\/lunatools.test.consids5.se\/en\/","name":"Luna tools","description":"","publisher":{"@id":"https:\/\/lunatools.test.consids5.se\/en\/#organization"},"potentialAction":[{"@type":"SearchAction","target":{"@type":"EntryPoint","urlTemplate":"https:\/\/lunatools.test.consids5.se\/en\/?s={search_term_string}"},"query-input":"required name=search_term_string"}],"inLanguage":"sv-SE"},{"@type":"Organization","@id":"https:\/\/lunatools.test.consids5.se\/en\/#organization","name":"Luna Tools","url":"https:\/\/lunatools.test.consids5.se\/en\/","logo":{"@type":"ImageObject","inLanguage":"sv-SE","@id":"https:\/\/lunatools.test.consids5.se\/en\/#\/schema\/logo\/image\/","url":"https:\/\/lunatools.com\/wp-content\/uploads\/2019\/10\/LunaTools-gray-logo.png","contentUrl":"https:\/\/lunatools.com\/wp-content\/uploads\/2019\/10\/LunaTools-gray-logo.png","width":795,"height":309,"caption":"Luna Tools"},"image":{"@id":"https:\/\/lunatools.test.consids5.se\/en\/#\/schema\/logo\/image\/"}}]}},"_links":{"self":[{"href":"https:\/\/lunatools.test.consids5.se\/sv\/wp-json\/wp\/v2\/pages\/3897"}],"collection":[{"href":"https:\/\/lunatools.test.consids5.se\/sv\/wp-json\/wp\/v2\/pages"}],"about":[{"href":"https:\/\/lunatools.test.consids5.se\/sv\/wp-json\/wp\/v2\/types\/page"}],"author":[{"embeddable":true,"href":"https:\/\/lunatools.test.consids5.se\/sv\/wp-json\/wp\/v2\/users\/1"}],"replies":[{"embeddable":true,"href":"https:\/\/lunatools.test.consids5.se\/sv\/wp-json\/wp\/v2\/comments?post=3897"}],"version-history":[{"count":4,"href":"https:\/\/lunatools.test.consids5.se\/sv\/wp-json\/wp\/v2\/pages\/3897\/revisions"}],"predecessor-version":[{"id":4251,"href":"https:\/\/lunatools.test.consids5.se\/sv\/wp-json\/wp\/v2\/pages\/3897\/revisions\/4251"}],"wp:featuredmedia":[{"embeddable":true,"href":"https:\/\/lunatools.test.consids5.se\/sv\/wp-json\/wp\/v2\/media\/3875"}],"wp:attachment":[{"href":"https:\/\/lunatools.test.consids5.se\/sv\/wp-json\/wp\/v2\/media?parent=3897"}],"curies":[{"name":"wp","href":"https:\/\/api.w.org\/{rel}","templated":true}]}}