{"id":4065,"date":"2019-02-01T09:43:10","date_gmt":"2019-02-01T09:43:10","guid":{"rendered":"https:\/\/lunatools.com\/?page_id=4065"},"modified":"2020-02-25T08:13:36","modified_gmt":"2020-02-25T08:13:36","slug":"valj-ratt-cirkelsagklinga","status":"publish","type":"page","link":"https:\/\/lunatools.test.consids5.se\/sv\/professional-guidance\/elverktygstillbehor\/valj-ratt-tillbehor-till-elverktyg\/valj-ratt-cirkelsagklinga\/","title":{"rendered":"V\u00e4lj r\u00e4tt cirkels\u00e5gklinga"},"content":{"rendered":"<div class=\"wpb-content-wrapper\"><p>[vc_row][vc_column][vc_column_text]Att v\u00e4lja r\u00e4tt inneb\u00e4r att f\u00e5 b\u00e4ttre resultat. N\u00e4r det kommer till kapverktyg \u00e4r det viktigt att t\u00e4nka p\u00e5 tre saker n\u00e4r man v\u00e4ljer typ av cirkels\u00e5gklinga.<\/p>\n<p>&nbsp;<\/p>\n<h2>Material<\/h2>\n<ul>\n<li>Metal<\/li>\n<li>Aluminium<\/li>\n<li>Tr\u00e4<\/li>\n<li>Laminat<\/li>\n<li>Plast<br \/>\n<img loading=\"lazy\" decoding=\"async\" class=\"alignnone wp-image-4154\" src=\"https:\/\/lunatools.com\/wp-content\/uploads\/2019\/02\/Metal_icon.png\" alt=\"Metall ikon Luna\" width=\"40\" height=\"40\" \/><img loading=\"lazy\" decoding=\"async\" class=\"alignnone wp-image-4151\" src=\"https:\/\/lunatools.com\/wp-content\/uploads\/2019\/02\/Aluminium_icon.png\" alt=\"Aluminium ikon Luna\" width=\"40\" height=\"41\" \/><img loading=\"lazy\" decoding=\"async\" class=\"alignnone wp-image-4156\" src=\"https:\/\/lunatools.com\/wp-content\/uploads\/2019\/02\/Wood_yellow-1.png\" alt=\"Tr\u00e4 ikon Luna\" width=\"40\" height=\"40\" \/><img loading=\"lazy\" decoding=\"async\" class=\"alignnone wp-image-4157\" src=\"https:\/\/lunatools.com\/wp-content\/uploads\/2019\/02\/Laminate_yellow.png\" alt=\"\" width=\"40\" height=\"40\" \/><img loading=\"lazy\" decoding=\"async\" class=\"alignnone wp-image-4159\" src=\"https:\/\/lunatools.com\/wp-content\/uploads\/2019\/02\/Plastic_icon.png\" alt=\"Plastikon Luna\" width=\"40\" height=\"40\" \/><\/li>\n<\/ul>\n<p>[\/vc_column_text][vc_column_text]<\/p>\n<h2>Vad ska du kapa i?<\/h2>\n<p>N\u00e4r och hur ska du anv\u00e4nda s\u00e5gklingan \u00e4r viktigt att t\u00e4nka p\u00e5. V\u00e5ra definierade anv\u00e4ndningsomr\u00e5den utg\u00e5r fr\u00e5n de material som du t\u00e4nkt att s\u00e5ga i.[\/vc_column_text][vc_column_text css=&#8221;.vc_custom_1549361551033{border-top-width: 5px !important;border-right-width: 5px !important;border-bottom-width: 5px !important;border-left-width: 5px !important;padding-top: 10px !important;padding-right: 10px !important;padding-bottom: 10px !important;padding-left: 10px !important;border-left-color: #76b82a !important;border-left-style: solid !important;border-right-color: #76b82a !important;border-right-style: solid !important;border-top-color: #76b82a !important;border-top-style: solid !important;border-bottom-color: #76b82a !important;border-bottom-style: solid !important;border-radius: 2px !important;}&#8221;]<\/p>\n<h4>Anv\u00e4ndingsomr\u00e5de 1<\/h4>\n<p><strong>Material:<\/strong><br \/>\nTr\u00e4 och tr\u00e4baserade skivor (T ex Plywood).<br \/>\n<strong>Egenskaper:<\/strong><br \/>\nFina snittytor vid klyvning och kapning. Liten urflisning ved kapning<br \/>\n<strong>Slipning av s\u00e5gklingans sk\u00e4r:<\/strong><br \/>\nV\u00e4xelvis snedslipade t\u00e4nder.<br \/>\n<img loading=\"lazy\" decoding=\"async\" class=\"alignnone wp-image-4088\" src=\"https:\/\/lunatools.com\/wp-content\/uploads\/2019\/02\/Ska\u0308rmavbild-2019-02-05-kl.-11.10.59-250x196.png\" alt=\"Slipning av s\u00e5gklinga Luna\" width=\"88\" height=\"69\" srcset=\"https:\/\/lunatools.test.consids5.se\/wp-content\/uploads\/2019\/02\/Ska\u0308rmavbild-2019-02-05-kl.-11.10.59-250x196.png 250w, https:\/\/lunatools.test.consids5.se\/wp-content\/uploads\/2019\/02\/Ska\u0308rmavbild-2019-02-05-kl.-11.10.59-120x94.png 120w, https:\/\/lunatools.test.consids5.se\/wp-content\/uploads\/2019\/02\/Ska\u0308rmavbild-2019-02-05-kl.-11.10.59.png 446w\" sizes=\"(max-width: 88px) 100vw, 88px\" \/>[\/vc_column_text][vc_column_text css=&#8221;.vc_custom_1549361542732{border-top-width: 5px !important;border-right-width: 5px !important;border-bottom-width: 5px !important;border-left-width: 5px !important;padding-top: 10px !important;padding-right: 10px !important;padding-bottom: 10px !important;padding-left: 10px !important;border-left-color: #76b82a !important;border-left-style: solid !important;border-right-color: #76b82a !important;border-right-style: solid !important;border-top-color: #76b82a !important;border-top-style: solid !important;border-bottom-color: #76b82a !important;border-bottom-style: solid !important;border-radius: 2px !important;}&#8221;]<\/p>\n<h4>Anv\u00e4ndningsomr\u00e5de 2<\/h4>\n<p><strong>Material:<\/strong><br \/>\nLaminat, aluminium, plast och tr\u00e4baserade skivor (T ex MDF, sp\u00e5nplatta och plywood)<br \/>\n<strong>Egenskaper:<\/strong><br \/>\nGod h\u00e5llbarhet i tuffa material<br \/>\n<strong>Slipning av s\u00e5gklingans sk\u00e4r:<br \/>\n<\/strong>Trapetsslipade t\u00e4nder.<br \/>\n<img loading=\"lazy\" decoding=\"async\" class=\"alignnone wp-image-4082\" src=\"https:\/\/lunatools.com\/wp-content\/uploads\/2019\/02\/Ska\u0308rmavbild-2019-02-05-kl.-10.45.42-250x196.png\" alt=\"Slipning s\u00e5gblad\" width=\"88\" height=\"69\" srcset=\"https:\/\/lunatools.test.consids5.se\/wp-content\/uploads\/2019\/02\/Ska\u0308rmavbild-2019-02-05-kl.-10.45.42-250x196.png 250w, https:\/\/lunatools.test.consids5.se\/wp-content\/uploads\/2019\/02\/Ska\u0308rmavbild-2019-02-05-kl.-10.45.42-120x94.png 120w, https:\/\/lunatools.test.consids5.se\/wp-content\/uploads\/2019\/02\/Ska\u0308rmavbild-2019-02-05-kl.-10.45.42.png 446w\" sizes=\"(max-width: 88px) 100vw, 88px\" \/>[\/vc_column_text][vc_column_text css=&#8221;.vc_custom_1549360818092{border-top-width: 5px !important;border-right-width: 5px !important;border-bottom-width: 5px !important;border-left-width: 5px !important;padding-top: 10px !important;padding-right: 10px !important;padding-bottom: 10px !important;padding-left: 10px !important;border-left-color: #76b82a !important;border-left-style: solid !important;border-right-color: #76b82a !important;border-right-style: solid !important;border-top-color: #76b82a !important;border-top-style: solid !important;border-bottom-color: #76b82a !important;border-bottom-style: solid !important;border-radius: 2px !important;}&#8221;]<\/p>\n<h4>Anv\u00e4ndningsomr\u00e5de 3<\/h4>\n<p><strong>Material:<\/strong><br \/>\nJ\u00e4rn och st\u00e5l (Inte h\u00e4rdat)<br \/>\n<strong>Egenskaper:<\/strong><br \/>\nGod h\u00e5llbarhet i j\u00e4rn (med t\u00e4nder i specialh\u00e5rdmetall)<br \/>\n<strong>Slipning av s\u00e5gklingans sk\u00e4r:<br \/>\n<\/strong>Trapetsslipade t\u00e4nder.<\/p>\n<p><img loading=\"lazy\" decoding=\"async\" class=\"alignnone wp-image-4082\" src=\"https:\/\/lunatools.com\/wp-content\/uploads\/2019\/02\/Ska\u0308rmavbild-2019-02-05-kl.-10.45.42-250x196.png\" alt=\"Slipning s\u00e5gblad\" width=\"88\" height=\"69\" srcset=\"https:\/\/lunatools.test.consids5.se\/wp-content\/uploads\/2019\/02\/Ska\u0308rmavbild-2019-02-05-kl.-10.45.42-250x196.png 250w, https:\/\/lunatools.test.consids5.se\/wp-content\/uploads\/2019\/02\/Ska\u0308rmavbild-2019-02-05-kl.-10.45.42-120x94.png 120w, https:\/\/lunatools.test.consids5.se\/wp-content\/uploads\/2019\/02\/Ska\u0308rmavbild-2019-02-05-kl.-10.45.42.png 446w\" sizes=\"(max-width: 88px) 100vw, 88px\" \/>[\/vc_column_text][vc_column_text]<\/p>\n<h2>Slutresultat<\/h2>\n<p>Sp\u00e5nvinkeln\/spetsvinkeln avg\u00f6r kvaliteten p\u00e5 snittytan.<\/p>\n<p><strong>Snittyta 1<\/strong><br \/>\nFina snitt i tr\u00e4. Manuell kapning av aluminum. Mindre risk f\u00f6r hugg.<br \/>\n<em>S\u00e5gklingas sp\u00e5nvinkel:<br \/>\n<\/em>Negativ -5\u00b0\u00a0 till 0\u00b0<\/p>\n<p><strong>Snittyta 2<\/strong><br \/>\nKlyvning av torrt och r\u00e5tt virke.<br \/>\n<em>S\u00e5gklingans sp\u00e5nvinkel:<\/em><br \/>\n20\u00b0 till 25\u00b0<\/p>\n<p><strong>Snittyta 3<\/strong><br \/>\nallaroundkapning och klyvning av tr\u00e4, h\u00e5rdplast och skivor.<br \/>\n<em>S\u00e5gklingans sp\u00e5nvinkel:<\/em><br \/>\n5\u00b0 till 15\u00b0[\/vc_column_text]\n        <div class=\"block block--promo with-image valign--top bg--white  align-left\">\n            <div class=\"promo\">\n                <div class=\"promo__image\">\n                    <img loading=\"lazy\" decoding=\"async\" width=\"1500\" height=\"910\" src=\"https:\/\/lunatools.test.consids5.se\/wp-content\/uploads\/2019\/01\/Klingor_kategoribild.jpg\" class=\"attachment-full size-full\" alt=\"Cirkels\u00e5gklingor Luna\" srcset=\"https:\/\/lunatools.test.consids5.se\/wp-content\/uploads\/2019\/01\/Klingor_kategoribild.jpg 1500w, https:\/\/lunatools.test.consids5.se\/wp-content\/uploads\/2019\/01\/Klingor_kategoribild-250x152.jpg 250w, https:\/\/lunatools.test.consids5.se\/wp-content\/uploads\/2019\/01\/Klingor_kategoribild-768x466.jpg 768w, https:\/\/lunatools.test.consids5.se\/wp-content\/uploads\/2019\/01\/Klingor_kategoribild-700x425.jpg 700w, https:\/\/lunatools.test.consids5.se\/wp-content\/uploads\/2019\/01\/Klingor_kategoribild-120x73.jpg 120w, https:\/\/lunatools.test.consids5.se\/wp-content\/uploads\/2019\/01\/Klingor_kategoribild-412x250.jpg 412w, https:\/\/lunatools.test.consids5.se\/wp-content\/uploads\/2019\/01\/Klingor_kategoribild-600x364.jpg 600w\" sizes=\"(max-width: 1500px) 100vw, 1500px\" \/>\n                <\/div>\n                <div class=\"promo__content block__col\">\n                    <div class=\"promo__content__inner\">\n                        <h2 class=\"promo__title\">Ladda ner den fullst\u00e4ndiga guiden<\/h2>\n                        <p class=\"promo__text\">I denna guide hittar du all information om v\u00e5ra s\u00e5gklingor s\u00e5 att du kan v\u00e4lja r\u00e4tt produkt f\u00f6r jobbet.<\/p>\n                        <a href=\"https:\/\/lunatools.com\/wp-content\/uploads\/2019\/02\/PTA_valj_ratt_cirkelsagblad_SE.pdf\" class=\"promo__action btn\">Ladda ner guiden<i><\/i><\/a>\n                    <\/div>\n                <\/div>\n            <\/div>\n        <\/div>[\/vc_column][\/vc_row]<\/p>\n<\/div>","protected":false},"excerpt":{"rendered":"[vc_row][vc_column][vc_column_text]Att v\u00e4lja r\u00e4tt inneb\u00e4r att f\u00e5 b\u00e4ttre resultat. N\u00e4r det kommer till kapverktyg \u00e4r det viktigt att t\u00e4nka p\u00e5 tre saker n\u00e4r man v\u00e4ljer typ av cirkels\u00e5gklinga. &nbsp; Material Metal Aluminium Tr\u00e4 Laminat Plast [\/vc_column_text][vc_column_text] Vad ska du kapa i? N\u00e4r och hur ska du anv\u00e4nda s\u00e5gklingan \u00e4r viktigt att t\u00e4nka p\u00e5. V\u00e5ra definierade anv\u00e4ndningsomr\u00e5den&#8230; <a class=\"view-article\" href=\"https:\/\/lunatools.test.consids5.se\/sv\/professional-guidance\/elverktygstillbehor\/valj-ratt-tillbehor-till-elverktyg\/valj-ratt-cirkelsagklinga\/\">View Article<\/a>","protected":false},"author":2,"featured_media":4054,"parent":12608,"menu_order":0,"comment_status":"closed","ping_status":"closed","template":"","meta":{"_acf_changed":false,"footnotes":""},"class_list":["post-4065","page","type-page","status-publish","has-post-thumbnail","hentry"],"acf":[],"yoast_head":"<!-- This site is optimized with the Yoast SEO plugin v23.2 - https:\/\/yoast.com\/wordpress\/plugins\/seo\/ -->\n<title>V\u00e4lj r\u00e4tt cirkels\u00e5gklinga - Luna tools<\/title>\n<meta name=\"description\" content=\"Vi hj\u00e4lper dig att v\u00e4lja r\u00e4tt cirkels\u00e5gklinga. Du kan ocks\u00e5 ladda ner v\u00e5r guide som guidar genom v\u00e5ra elverktygstillbeh\u00f6r.\" \/>\n<meta name=\"robots\" content=\"index, follow, max-snippet:-1, max-image-preview:large, max-video-preview:-1\" \/>\n<link rel=\"canonical\" href=\"https:\/\/lunatools.test.consids5.se\/sv\/professional-guidance\/elverktygstillbehor\/valj-ratt-tillbehor-till-elverktyg\/valj-ratt-cirkelsagklinga\/\" \/>\n<meta property=\"og:locale\" content=\"sv_SE\" \/>\n<meta property=\"og:type\" content=\"article\" \/>\n<meta property=\"og:title\" content=\"V\u00e4lj r\u00e4tt cirkels\u00e5gklinga - Luna tools\" \/>\n<meta property=\"og:description\" content=\"Vi hj\u00e4lper dig att v\u00e4lja r\u00e4tt cirkels\u00e5gklinga. Du kan ocks\u00e5 ladda ner v\u00e5r guide som guidar genom v\u00e5ra elverktygstillbeh\u00f6r.\" \/>\n<meta property=\"og:url\" content=\"https:\/\/lunatools.test.consids5.se\/sv\/professional-guidance\/elverktygstillbehor\/valj-ratt-tillbehor-till-elverktyg\/valj-ratt-cirkelsagklinga\/\" \/>\n<meta property=\"og:site_name\" content=\"Luna tools\" \/>\n<meta property=\"article:modified_time\" content=\"2020-02-25T08:13:36+00:00\" \/>\n<meta property=\"og:image\" content=\"https:\/\/lunatools.test.consids5.se\/wp-content\/uploads\/2019\/01\/Klingor_kategoribild.jpg\" \/>\n\t<meta property=\"og:image:width\" content=\"1500\" \/>\n\t<meta property=\"og:image:height\" content=\"910\" \/>\n\t<meta property=\"og:image:type\" content=\"image\/jpeg\" \/>\n<meta name=\"twitter:label1\" content=\"Est. reading time\" \/>\n\t<meta name=\"twitter:data1\" content=\"3 minutes\" \/>\n<script type=\"application\/ld+json\" class=\"yoast-schema-graph\">{\"@context\":\"https:\/\/schema.org\",\"@graph\":[{\"@type\":\"WebPage\",\"@id\":\"https:\/\/lunatools.test.consids5.se\/sv\/professional-guidance\/elverktygstillbehor\/valj-ratt-tillbehor-till-elverktyg\/valj-ratt-cirkelsagklinga\/\",\"url\":\"https:\/\/lunatools.test.consids5.se\/sv\/professional-guidance\/elverktygstillbehor\/valj-ratt-tillbehor-till-elverktyg\/valj-ratt-cirkelsagklinga\/\",\"name\":\"V\u00e4lj r\u00e4tt cirkels\u00e5gklinga - Luna tools\",\"isPartOf\":{\"@id\":\"https:\/\/lunatools.test.consids5.se\/en\/#website\"},\"primaryImageOfPage\":{\"@id\":\"https:\/\/lunatools.test.consids5.se\/sv\/professional-guidance\/elverktygstillbehor\/valj-ratt-tillbehor-till-elverktyg\/valj-ratt-cirkelsagklinga\/#primaryimage\"},\"image\":{\"@id\":\"https:\/\/lunatools.test.consids5.se\/sv\/professional-guidance\/elverktygstillbehor\/valj-ratt-tillbehor-till-elverktyg\/valj-ratt-cirkelsagklinga\/#primaryimage\"},\"thumbnailUrl\":\"https:\/\/lunatools.test.consids5.se\/wp-content\/uploads\/2019\/01\/Klingor_kategoribild.jpg\",\"datePublished\":\"2019-02-01T09:43:10+00:00\",\"dateModified\":\"2020-02-25T08:13:36+00:00\",\"description\":\"Vi hj\u00e4lper dig att v\u00e4lja r\u00e4tt cirkels\u00e5gklinga. Du kan ocks\u00e5 ladda ner v\u00e5r guide som guidar genom v\u00e5ra elverktygstillbeh\u00f6r.\",\"breadcrumb\":{\"@id\":\"https:\/\/lunatools.test.consids5.se\/sv\/professional-guidance\/elverktygstillbehor\/valj-ratt-tillbehor-till-elverktyg\/valj-ratt-cirkelsagklinga\/#breadcrumb\"},\"inLanguage\":\"sv-SE\",\"potentialAction\":[{\"@type\":\"ReadAction\",\"target\":[\"https:\/\/lunatools.test.consids5.se\/sv\/professional-guidance\/elverktygstillbehor\/valj-ratt-tillbehor-till-elverktyg\/valj-ratt-cirkelsagklinga\/\"]}]},{\"@type\":\"ImageObject\",\"inLanguage\":\"sv-SE\",\"@id\":\"https:\/\/lunatools.test.consids5.se\/sv\/professional-guidance\/elverktygstillbehor\/valj-ratt-tillbehor-till-elverktyg\/valj-ratt-cirkelsagklinga\/#primaryimage\",\"url\":\"https:\/\/lunatools.test.consids5.se\/wp-content\/uploads\/2019\/01\/Klingor_kategoribild.jpg\",\"contentUrl\":\"https:\/\/lunatools.test.consids5.se\/wp-content\/uploads\/2019\/01\/Klingor_kategoribild.jpg\",\"width\":1500,\"height\":910,\"caption\":\"Cirkels\u00e5gklingor Luna\"},{\"@type\":\"BreadcrumbList\",\"@id\":\"https:\/\/lunatools.test.consids5.se\/sv\/professional-guidance\/elverktygstillbehor\/valj-ratt-tillbehor-till-elverktyg\/valj-ratt-cirkelsagklinga\/#breadcrumb\",\"itemListElement\":[{\"@type\":\"ListItem\",\"position\":1,\"name\":\"Home\",\"item\":\"https:\/\/lunatools.test.consids5.se\/sv\/professionella-elverktygstillbehor-lunatools-startpage\/\"},{\"@type\":\"ListItem\",\"position\":2,\"name\":\"Professional guidance | R\u00e4tt verktyg f\u00f6r jobbet\",\"item\":\"https:\/\/lunatools.test.consids5.se\/sv\/professional-guidance\/\"},{\"@type\":\"ListItem\",\"position\":3,\"name\":\"Elverktygstillbeh\u00f6r\",\"item\":\"https:\/\/lunatools.test.consids5.se\/sv\/professional-guidance\/elverktygstillbehor\/\"},{\"@type\":\"ListItem\",\"position\":4,\"name\":\"V\u00e4lj r\u00e4tt tillbeh\u00f6r till elverktyg\",\"item\":\"https:\/\/lunatools.test.consids5.se\/sv\/professional-guidance\/elverktygstillbehor\/valj-ratt-tillbehor-till-elverktyg\/\"},{\"@type\":\"ListItem\",\"position\":5,\"name\":\"V\u00e4lj r\u00e4tt cirkels\u00e5gklinga\"}]},{\"@type\":\"WebSite\",\"@id\":\"https:\/\/lunatools.test.consids5.se\/en\/#website\",\"url\":\"https:\/\/lunatools.test.consids5.se\/en\/\",\"name\":\"Luna tools\",\"description\":\"\",\"publisher\":{\"@id\":\"https:\/\/lunatools.test.consids5.se\/en\/#organization\"},\"potentialAction\":[{\"@type\":\"SearchAction\",\"target\":{\"@type\":\"EntryPoint\",\"urlTemplate\":\"https:\/\/lunatools.test.consids5.se\/en\/?s={search_term_string}\"},\"query-input\":\"required name=search_term_string\"}],\"inLanguage\":\"sv-SE\"},{\"@type\":\"Organization\",\"@id\":\"https:\/\/lunatools.test.consids5.se\/en\/#organization\",\"name\":\"Luna Tools\",\"url\":\"https:\/\/lunatools.test.consids5.se\/en\/\",\"logo\":{\"@type\":\"ImageObject\",\"inLanguage\":\"sv-SE\",\"@id\":\"https:\/\/lunatools.test.consids5.se\/en\/#\/schema\/logo\/image\/\",\"url\":\"https:\/\/lunatools.com\/wp-content\/uploads\/2019\/10\/LunaTools-gray-logo.png\",\"contentUrl\":\"https:\/\/lunatools.com\/wp-content\/uploads\/2019\/10\/LunaTools-gray-logo.png\",\"width\":795,\"height\":309,\"caption\":\"Luna Tools\"},\"image\":{\"@id\":\"https:\/\/lunatools.test.consids5.se\/en\/#\/schema\/logo\/image\/\"}}]}<\/script>\n<!-- \/ Yoast SEO plugin. -->","yoast_head_json":{"title":"V\u00e4lj r\u00e4tt cirkels\u00e5gklinga - Luna tools","description":"Vi hj\u00e4lper dig att v\u00e4lja r\u00e4tt cirkels\u00e5gklinga. Du kan ocks\u00e5 ladda ner v\u00e5r guide som guidar genom v\u00e5ra elverktygstillbeh\u00f6r.","robots":{"index":"index","follow":"follow","max-snippet":"max-snippet:-1","max-image-preview":"max-image-preview:large","max-video-preview":"max-video-preview:-1"},"canonical":"https:\/\/lunatools.test.consids5.se\/sv\/professional-guidance\/elverktygstillbehor\/valj-ratt-tillbehor-till-elverktyg\/valj-ratt-cirkelsagklinga\/","og_locale":"sv_SE","og_type":"article","og_title":"V\u00e4lj r\u00e4tt cirkels\u00e5gklinga - Luna tools","og_description":"Vi hj\u00e4lper dig att v\u00e4lja r\u00e4tt cirkels\u00e5gklinga. Du kan ocks\u00e5 ladda ner v\u00e5r guide som guidar genom v\u00e5ra elverktygstillbeh\u00f6r.","og_url":"https:\/\/lunatools.test.consids5.se\/sv\/professional-guidance\/elverktygstillbehor\/valj-ratt-tillbehor-till-elverktyg\/valj-ratt-cirkelsagklinga\/","og_site_name":"Luna tools","article_modified_time":"2020-02-25T08:13:36+00:00","og_image":[{"width":1500,"height":910,"url":"https:\/\/lunatools.test.consids5.se\/wp-content\/uploads\/2019\/01\/Klingor_kategoribild.jpg","type":"image\/jpeg"}],"twitter_misc":{"Est. reading time":"3 minutes"},"schema":{"@context":"https:\/\/schema.org","@graph":[{"@type":"WebPage","@id":"https:\/\/lunatools.test.consids5.se\/sv\/professional-guidance\/elverktygstillbehor\/valj-ratt-tillbehor-till-elverktyg\/valj-ratt-cirkelsagklinga\/","url":"https:\/\/lunatools.test.consids5.se\/sv\/professional-guidance\/elverktygstillbehor\/valj-ratt-tillbehor-till-elverktyg\/valj-ratt-cirkelsagklinga\/","name":"V\u00e4lj r\u00e4tt cirkels\u00e5gklinga - Luna tools","isPartOf":{"@id":"https:\/\/lunatools.test.consids5.se\/en\/#website"},"primaryImageOfPage":{"@id":"https:\/\/lunatools.test.consids5.se\/sv\/professional-guidance\/elverktygstillbehor\/valj-ratt-tillbehor-till-elverktyg\/valj-ratt-cirkelsagklinga\/#primaryimage"},"image":{"@id":"https:\/\/lunatools.test.consids5.se\/sv\/professional-guidance\/elverktygstillbehor\/valj-ratt-tillbehor-till-elverktyg\/valj-ratt-cirkelsagklinga\/#primaryimage"},"thumbnailUrl":"https:\/\/lunatools.test.consids5.se\/wp-content\/uploads\/2019\/01\/Klingor_kategoribild.jpg","datePublished":"2019-02-01T09:43:10+00:00","dateModified":"2020-02-25T08:13:36+00:00","description":"Vi hj\u00e4lper dig att v\u00e4lja r\u00e4tt cirkels\u00e5gklinga. Du kan ocks\u00e5 ladda ner v\u00e5r guide som guidar genom v\u00e5ra elverktygstillbeh\u00f6r.","breadcrumb":{"@id":"https:\/\/lunatools.test.consids5.se\/sv\/professional-guidance\/elverktygstillbehor\/valj-ratt-tillbehor-till-elverktyg\/valj-ratt-cirkelsagklinga\/#breadcrumb"},"inLanguage":"sv-SE","potentialAction":[{"@type":"ReadAction","target":["https:\/\/lunatools.test.consids5.se\/sv\/professional-guidance\/elverktygstillbehor\/valj-ratt-tillbehor-till-elverktyg\/valj-ratt-cirkelsagklinga\/"]}]},{"@type":"ImageObject","inLanguage":"sv-SE","@id":"https:\/\/lunatools.test.consids5.se\/sv\/professional-guidance\/elverktygstillbehor\/valj-ratt-tillbehor-till-elverktyg\/valj-ratt-cirkelsagklinga\/#primaryimage","url":"https:\/\/lunatools.test.consids5.se\/wp-content\/uploads\/2019\/01\/Klingor_kategoribild.jpg","contentUrl":"https:\/\/lunatools.test.consids5.se\/wp-content\/uploads\/2019\/01\/Klingor_kategoribild.jpg","width":1500,"height":910,"caption":"Cirkels\u00e5gklingor Luna"},{"@type":"BreadcrumbList","@id":"https:\/\/lunatools.test.consids5.se\/sv\/professional-guidance\/elverktygstillbehor\/valj-ratt-tillbehor-till-elverktyg\/valj-ratt-cirkelsagklinga\/#breadcrumb","itemListElement":[{"@type":"ListItem","position":1,"name":"Home","item":"https:\/\/lunatools.test.consids5.se\/sv\/professionella-elverktygstillbehor-lunatools-startpage\/"},{"@type":"ListItem","position":2,"name":"Professional guidance | R\u00e4tt verktyg f\u00f6r jobbet","item":"https:\/\/lunatools.test.consids5.se\/sv\/professional-guidance\/"},{"@type":"ListItem","position":3,"name":"Elverktygstillbeh\u00f6r","item":"https:\/\/lunatools.test.consids5.se\/sv\/professional-guidance\/elverktygstillbehor\/"},{"@type":"ListItem","position":4,"name":"V\u00e4lj r\u00e4tt tillbeh\u00f6r till elverktyg","item":"https:\/\/lunatools.test.consids5.se\/sv\/professional-guidance\/elverktygstillbehor\/valj-ratt-tillbehor-till-elverktyg\/"},{"@type":"ListItem","position":5,"name":"V\u00e4lj r\u00e4tt cirkels\u00e5gklinga"}]},{"@type":"WebSite","@id":"https:\/\/lunatools.test.consids5.se\/en\/#website","url":"https:\/\/lunatools.test.consids5.se\/en\/","name":"Luna tools","description":"","publisher":{"@id":"https:\/\/lunatools.test.consids5.se\/en\/#organization"},"potentialAction":[{"@type":"SearchAction","target":{"@type":"EntryPoint","urlTemplate":"https:\/\/lunatools.test.consids5.se\/en\/?s={search_term_string}"},"query-input":"required name=search_term_string"}],"inLanguage":"sv-SE"},{"@type":"Organization","@id":"https:\/\/lunatools.test.consids5.se\/en\/#organization","name":"Luna Tools","url":"https:\/\/lunatools.test.consids5.se\/en\/","logo":{"@type":"ImageObject","inLanguage":"sv-SE","@id":"https:\/\/lunatools.test.consids5.se\/en\/#\/schema\/logo\/image\/","url":"https:\/\/lunatools.com\/wp-content\/uploads\/2019\/10\/LunaTools-gray-logo.png","contentUrl":"https:\/\/lunatools.com\/wp-content\/uploads\/2019\/10\/LunaTools-gray-logo.png","width":795,"height":309,"caption":"Luna Tools"},"image":{"@id":"https:\/\/lunatools.test.consids5.se\/en\/#\/schema\/logo\/image\/"}}]}},"_links":{"self":[{"href":"https:\/\/lunatools.test.consids5.se\/sv\/wp-json\/wp\/v2\/pages\/4065"}],"collection":[{"href":"https:\/\/lunatools.test.consids5.se\/sv\/wp-json\/wp\/v2\/pages"}],"about":[{"href":"https:\/\/lunatools.test.consids5.se\/sv\/wp-json\/wp\/v2\/types\/page"}],"author":[{"embeddable":true,"href":"https:\/\/lunatools.test.consids5.se\/sv\/wp-json\/wp\/v2\/users\/2"}],"replies":[{"embeddable":true,"href":"https:\/\/lunatools.test.consids5.se\/sv\/wp-json\/wp\/v2\/comments?post=4065"}],"version-history":[{"count":15,"href":"https:\/\/lunatools.test.consids5.se\/sv\/wp-json\/wp\/v2\/pages\/4065\/revisions"}],"predecessor-version":[{"id":4323,"href":"https:\/\/lunatools.test.consids5.se\/sv\/wp-json\/wp\/v2\/pages\/4065\/revisions\/4323"}],"up":[{"embeddable":true,"href":"https:\/\/lunatools.test.consids5.se\/sv\/wp-json\/wp\/v2\/pages\/12608"}],"wp:featuredmedia":[{"embeddable":true,"href":"https:\/\/lunatools.test.consids5.se\/sv\/wp-json\/wp\/v2\/media\/4054"}],"wp:attachment":[{"href":"https:\/\/lunatools.test.consids5.se\/sv\/wp-json\/wp\/v2\/media?parent=4065"}],"curies":[{"name":"wp","href":"https:\/\/api.w.org\/{rel}","templated":true}]}}