{"id":4116,"date":"2019-02-07T09:11:22","date_gmt":"2019-02-07T09:11:22","guid":{"rendered":"https:\/\/lunatools.com\/?page_id=4116"},"modified":"2020-02-25T08:15:03","modified_gmt":"2020-02-25T08:15:03","slug":"sa-anvander-man-luna-go","status":"publish","type":"page","link":"https:\/\/lunatools.test.consids5.se\/sv\/professional-guidance\/elverktygstillbehor\/valj-ratt-tillbehor-till-elverktyg\/sa-anvander-man-luna-go\/","title":{"rendered":"Verktygsh\u00e5llare: S\u00e5 anv\u00e4nder man Luna GO"},"content":{"rendered":"<div class=\"wpb-content-wrapper\"><p>[vc_row][vc_column]\n        <div class=\"block block--promo with-image valign--center bg--white  align-left\">\n            <div class=\"promo\">\n                <div class=\"promo__image\">\n                    <img loading=\"lazy\" decoding=\"async\" width=\"1200\" height=\"1020\" src=\"https:\/\/lunatools.test.consids5.se\/wp-content\/uploads\/2019\/02\/Luna_go1.jpg\" class=\"attachment-square size-square\" alt=\"verktygsh\u00e5llare Luna GO\" srcset=\"https:\/\/lunatools.test.consids5.se\/wp-content\/uploads\/2019\/02\/Luna_go1.jpg 1200w, https:\/\/lunatools.test.consids5.se\/wp-content\/uploads\/2019\/02\/Luna_go1-250x213.jpg 250w, https:\/\/lunatools.test.consids5.se\/wp-content\/uploads\/2019\/02\/Luna_go1-768x653.jpg 768w, https:\/\/lunatools.test.consids5.se\/wp-content\/uploads\/2019\/02\/Luna_go1-700x595.jpg 700w, https:\/\/lunatools.test.consids5.se\/wp-content\/uploads\/2019\/02\/Luna_go1-120x102.jpg 120w, https:\/\/lunatools.test.consids5.se\/wp-content\/uploads\/2019\/02\/Luna_go1-600x510.jpg 600w\" sizes=\"(max-width: 1200px) 100vw, 1200px\" \/>\n                <\/div>\n                <div class=\"promo__content block__col\">\n                    <div class=\"promo__content__inner\">\n                        <h3 class=\"promo__subtitle\">Luna GO verktygsh\u00e5llare<\/h3><h2 class=\"promo__title\">F\u00e5 med dig allt du beh\u00f6ver<\/h2>\n                        <p class=\"promo__text\">V\u00e4lj ett f\u00e4rdigt kit eller skr\u00e4ddarsy ditt eget &#8211; passar alla tillbeh\u00f6r med sexkantsf\u00e4sten.<\/p>\n<p>&nbsp;<\/p>\n<p>&nbsp;<\/p>\n<p>&nbsp;<\/p>\n<p><\/p>\n                        \n                    <\/div>\n                <\/div>\n            <\/div>\n        <\/div>\n        <div class=\"block block--promo with-image valign--top bg--white  align-right\">\n            <div class=\"promo\">\n                <div class=\"promo__image\">\n                    <img loading=\"lazy\" decoding=\"async\" width=\"1200\" height=\"1020\" src=\"https:\/\/lunatools.test.consids5.se\/wp-content\/uploads\/2019\/02\/Luna_go2.jpg\" class=\"attachment-square size-square\" alt=\"verktygsh\u00e5llare Luna GO\" srcset=\"https:\/\/lunatools.test.consids5.se\/wp-content\/uploads\/2019\/02\/Luna_go2.jpg 1200w, https:\/\/lunatools.test.consids5.se\/wp-content\/uploads\/2019\/02\/Luna_go2-250x213.jpg 250w, https:\/\/lunatools.test.consids5.se\/wp-content\/uploads\/2019\/02\/Luna_go2-768x653.jpg 768w, https:\/\/lunatools.test.consids5.se\/wp-content\/uploads\/2019\/02\/Luna_go2-700x595.jpg 700w, https:\/\/lunatools.test.consids5.se\/wp-content\/uploads\/2019\/02\/Luna_go2-120x102.jpg 120w, https:\/\/lunatools.test.consids5.se\/wp-content\/uploads\/2019\/02\/Luna_go2-600x510.jpg 600w\" sizes=\"(max-width: 1200px) 100vw, 1200px\" \/>\n                <\/div>\n                <div class=\"promo__content block__col\">\n                    <div class=\"promo__content__inner\">\n                        <h3 class=\"promo__subtitle\">Luna GO verktygsh\u00e5llare<\/h3><h2 class=\"promo__title\">Placera var du vill<\/h2>\n                        <p class=\"promo__text\">S\u00e4tt fast clipset och haka p\u00e5 h\u00e5llaren.<\/p>\n<p>&nbsp;<\/p>\n<p>&nbsp;<\/p>\n<p><\/p>\n                        \n                    <\/div>\n                <\/div>\n            <\/div>\n        <\/div>\n        <div class=\"block block--promo with-image valign--center bg--white  align-left\">\n            <div class=\"promo\">\n                <div class=\"promo__image\">\n                    <img loading=\"lazy\" decoding=\"async\" width=\"1200\" height=\"1020\" src=\"https:\/\/lunatools.test.consids5.se\/wp-content\/uploads\/2019\/02\/Luna_go3.jpg\" class=\"attachment-square size-square\" alt=\"verktygsh\u00e5llare Luna GO\" srcset=\"https:\/\/lunatools.test.consids5.se\/wp-content\/uploads\/2019\/02\/Luna_go3.jpg 1200w, https:\/\/lunatools.test.consids5.se\/wp-content\/uploads\/2019\/02\/Luna_go3-250x213.jpg 250w, https:\/\/lunatools.test.consids5.se\/wp-content\/uploads\/2019\/02\/Luna_go3-768x653.jpg 768w, https:\/\/lunatools.test.consids5.se\/wp-content\/uploads\/2019\/02\/Luna_go3-700x595.jpg 700w, https:\/\/lunatools.test.consids5.se\/wp-content\/uploads\/2019\/02\/Luna_go3-120x102.jpg 120w, https:\/\/lunatools.test.consids5.se\/wp-content\/uploads\/2019\/02\/Luna_go3-600x510.jpg 600w\" sizes=\"(max-width: 1200px) 100vw, 1200px\" \/>\n                <\/div>\n                <div class=\"promo__content block__col\">\n                    <div class=\"promo__content__inner\">\n                        <h3 class=\"promo__subtitle\">Luna GO verktygsh\u00e5llare<\/h3><h2 class=\"promo__title\">Byt l\u00e4tt med en hand<\/h2>\n                        <p class=\"promo__text\">Skenor leder r\u00e4tt och magnet sn\u00e4pper p\u00e5 plats.<\/p>\n<p>&nbsp;<\/p>\n<p>&nbsp;<\/p>\n<p>&nbsp;<\/p>\n<p><\/p>\n                        \n                    <\/div>\n                <\/div>\n            <\/div>\n        <\/div>\n        <div class=\"block block--promo with-image valign--top bg--white  align-right\">\n            <div class=\"promo\">\n                <div class=\"promo__image\">\n                    <img loading=\"lazy\" decoding=\"async\" width=\"1200\" height=\"1020\" src=\"https:\/\/lunatools.test.consids5.se\/wp-content\/uploads\/2019\/02\/Luna_go4.jpg\" class=\"attachment-full size-full\" alt=\"verktygsh\u00e5llare Luna GO\" srcset=\"https:\/\/lunatools.test.consids5.se\/wp-content\/uploads\/2019\/02\/Luna_go4.jpg 1200w, https:\/\/lunatools.test.consids5.se\/wp-content\/uploads\/2019\/02\/Luna_go4-250x213.jpg 250w, https:\/\/lunatools.test.consids5.se\/wp-content\/uploads\/2019\/02\/Luna_go4-768x653.jpg 768w, https:\/\/lunatools.test.consids5.se\/wp-content\/uploads\/2019\/02\/Luna_go4-700x595.jpg 700w, https:\/\/lunatools.test.consids5.se\/wp-content\/uploads\/2019\/02\/Luna_go4-120x102.jpg 120w, https:\/\/lunatools.test.consids5.se\/wp-content\/uploads\/2019\/02\/Luna_go4-600x510.jpg 600w\" sizes=\"(max-width: 1200px) 100vw, 1200px\" \/>\n                <\/div>\n                <div class=\"promo__content block__col\">\n                    <div class=\"promo__content__inner\">\n                        <h3 class=\"promo__subtitle\">Luna GO verktygsh\u00e5llare<\/h3><h2 class=\"promo__title\">R\u00f6r dig obehindrat<\/h2>\n                        <p class=\"promo__text\">Bekv\u00e4m vare sig du kl\u00e4ttrar p\u00e5 stege eller sitter p\u00e5 huk<\/p>\n<p>&nbsp;<\/p>\n<p>&nbsp;<\/p>\n<p><\/p>\n                        \n                    <\/div>\n                <\/div>\n            <\/div>\n        <\/div>\n        <div class=\"block block--promo with-image valign--top bg--white  align-left\">\n            <div class=\"promo\">\n                <div class=\"promo__image\">\n                    <img loading=\"lazy\" decoding=\"async\" width=\"1500\" height=\"910\" src=\"https:\/\/lunatools.test.consids5.se\/wp-content\/uploads\/2019\/01\/Bits_luna.jpg\" class=\"attachment-full size-full\" alt=\"Luna har ett brett sortiment av bits, bitsatser och bitsh\u00e5llare anpassade f\u00f6r de flesta skruvdragare p\u00e5 marknaden.\" srcset=\"https:\/\/lunatools.test.consids5.se\/wp-content\/uploads\/2019\/01\/Bits_luna.jpg 1500w, https:\/\/lunatools.test.consids5.se\/wp-content\/uploads\/2019\/01\/Bits_luna-250x152.jpg 250w, https:\/\/lunatools.test.consids5.se\/wp-content\/uploads\/2019\/01\/Bits_luna-768x466.jpg 768w, https:\/\/lunatools.test.consids5.se\/wp-content\/uploads\/2019\/01\/Bits_luna-700x425.jpg 700w, https:\/\/lunatools.test.consids5.se\/wp-content\/uploads\/2019\/01\/Bits_luna-120x73.jpg 120w, https:\/\/lunatools.test.consids5.se\/wp-content\/uploads\/2019\/01\/Bits_luna-412x250.jpg 412w, https:\/\/lunatools.test.consids5.se\/wp-content\/uploads\/2019\/01\/Bits_luna-600x364.jpg 600w\" sizes=\"(max-width: 1500px) 100vw, 1500px\" \/>\n                <\/div>\n                <div class=\"promo__content block__col\">\n                    <div class=\"promo__content__inner\">\n                        <h2 class=\"promo__title\">Ladda ner hela guiden<\/h2>\n                        <p class=\"promo__text\">H\u00e4r kan du ladda ner hela v\u00e5r guide kring hur man anv\u00e4nder Luna GO, perfekt att s\u00e4tta upp p\u00e5 jobbet eller i butiken.<\/p>\n                        <a href=\"https:\/\/lunatools.com\/wp-content\/uploads\/2019\/02\/PTA_luna_go_SE.pdf\" class=\"promo__action btn\">Ladda ner guiden<i><\/i><\/a>\n                    <\/div>\n                <\/div>\n            <\/div>\n        <\/div>[\/vc_column][\/vc_row]<\/p>\n<\/div>","protected":false},"excerpt":{"rendered":"[vc_row][vc_column][\/vc_column][\/vc_row]","protected":false},"author":2,"featured_media":4060,"parent":12608,"menu_order":0,"comment_status":"closed","ping_status":"closed","template":"","meta":{"_acf_changed":false,"footnotes":""},"class_list":["post-4116","page","type-page","status-publish","has-post-thumbnail","hentry"],"acf":[],"yoast_head":"<!-- This site is optimized with the Yoast SEO plugin v23.2 - https:\/\/yoast.com\/wordpress\/plugins\/seo\/ -->\n<title>Verktygsh\u00e5llare: S\u00e5 anv\u00e4nder man Luna GO | Luna tools<\/title>\n<meta name=\"description\" content=\"V\u00e5r innovation Luna GO \u00e4r en verktygsh\u00e5llare. L\u00e4r dig hur man anv\u00e4nder Luna GO. Vi hj\u00e4lper dig att v\u00e4lja r\u00e4tt tillbeh\u00f6r och verktyg f\u00f6r jobbet.\" \/>\n<meta name=\"robots\" content=\"index, follow, max-snippet:-1, max-image-preview:large, max-video-preview:-1\" \/>\n<link rel=\"canonical\" href=\"https:\/\/lunatools.test.consids5.se\/sv\/professional-guidance\/elverktygstillbehor\/valj-ratt-tillbehor-till-elverktyg\/sa-anvander-man-luna-go\/\" \/>\n<meta property=\"og:locale\" content=\"sv_SE\" \/>\n<meta property=\"og:type\" content=\"article\" \/>\n<meta property=\"og:title\" content=\"Verktygsh\u00e5llare: S\u00e5 anv\u00e4nder man Luna GO | Luna tools\" \/>\n<meta property=\"og:description\" content=\"V\u00e5r innovation Luna GO \u00e4r en verktygsh\u00e5llare. L\u00e4r dig hur man anv\u00e4nder Luna GO. Vi hj\u00e4lper dig att v\u00e4lja r\u00e4tt tillbeh\u00f6r och verktyg f\u00f6r jobbet.\" \/>\n<meta property=\"og:url\" content=\"https:\/\/lunatools.test.consids5.se\/sv\/professional-guidance\/elverktygstillbehor\/valj-ratt-tillbehor-till-elverktyg\/sa-anvander-man-luna-go\/\" \/>\n<meta property=\"og:site_name\" content=\"Luna tools\" \/>\n<meta property=\"article:modified_time\" content=\"2020-02-25T08:15:03+00:00\" \/>\n<meta property=\"og:image\" content=\"https:\/\/lunatools.test.consids5.se\/wp-content\/uploads\/2019\/01\/Bits_luna.jpg\" \/>\n\t<meta property=\"og:image:width\" content=\"1500\" \/>\n\t<meta property=\"og:image:height\" content=\"910\" \/>\n\t<meta property=\"og:image:type\" content=\"image\/jpeg\" \/>\n<meta name=\"twitter:label1\" content=\"Est. reading time\" \/>\n\t<meta name=\"twitter:data1\" content=\"1 minute\" \/>\n<script type=\"application\/ld+json\" class=\"yoast-schema-graph\">{\"@context\":\"https:\/\/schema.org\",\"@graph\":[{\"@type\":\"WebPage\",\"@id\":\"https:\/\/lunatools.test.consids5.se\/sv\/professional-guidance\/elverktygstillbehor\/valj-ratt-tillbehor-till-elverktyg\/sa-anvander-man-luna-go\/\",\"url\":\"https:\/\/lunatools.test.consids5.se\/sv\/professional-guidance\/elverktygstillbehor\/valj-ratt-tillbehor-till-elverktyg\/sa-anvander-man-luna-go\/\",\"name\":\"Verktygsh\u00e5llare: S\u00e5 anv\u00e4nder man Luna GO | Luna tools\",\"isPartOf\":{\"@id\":\"https:\/\/lunatools.test.consids5.se\/en\/#website\"},\"primaryImageOfPage\":{\"@id\":\"https:\/\/lunatools.test.consids5.se\/sv\/professional-guidance\/elverktygstillbehor\/valj-ratt-tillbehor-till-elverktyg\/sa-anvander-man-luna-go\/#primaryimage\"},\"image\":{\"@id\":\"https:\/\/lunatools.test.consids5.se\/sv\/professional-guidance\/elverktygstillbehor\/valj-ratt-tillbehor-till-elverktyg\/sa-anvander-man-luna-go\/#primaryimage\"},\"thumbnailUrl\":\"https:\/\/lunatools.test.consids5.se\/wp-content\/uploads\/2019\/01\/Bits_luna.jpg\",\"datePublished\":\"2019-02-07T09:11:22+00:00\",\"dateModified\":\"2020-02-25T08:15:03+00:00\",\"description\":\"V\u00e5r innovation Luna GO \u00e4r en verktygsh\u00e5llare. L\u00e4r dig hur man anv\u00e4nder Luna GO. Vi hj\u00e4lper dig att v\u00e4lja r\u00e4tt tillbeh\u00f6r och verktyg f\u00f6r jobbet.\",\"breadcrumb\":{\"@id\":\"https:\/\/lunatools.test.consids5.se\/sv\/professional-guidance\/elverktygstillbehor\/valj-ratt-tillbehor-till-elverktyg\/sa-anvander-man-luna-go\/#breadcrumb\"},\"inLanguage\":\"sv-SE\",\"potentialAction\":[{\"@type\":\"ReadAction\",\"target\":[\"https:\/\/lunatools.test.consids5.se\/sv\/professional-guidance\/elverktygstillbehor\/valj-ratt-tillbehor-till-elverktyg\/sa-anvander-man-luna-go\/\"]}]},{\"@type\":\"ImageObject\",\"inLanguage\":\"sv-SE\",\"@id\":\"https:\/\/lunatools.test.consids5.se\/sv\/professional-guidance\/elverktygstillbehor\/valj-ratt-tillbehor-till-elverktyg\/sa-anvander-man-luna-go\/#primaryimage\",\"url\":\"https:\/\/lunatools.test.consids5.se\/wp-content\/uploads\/2019\/01\/Bits_luna.jpg\",\"contentUrl\":\"https:\/\/lunatools.test.consids5.se\/wp-content\/uploads\/2019\/01\/Bits_luna.jpg\",\"width\":1500,\"height\":910,\"caption\":\"Luna har ett brett sortiment av bits, bitsatser och bitsh\u00e5llare anpassade f\u00f6r de flesta skruvdragare p\u00e5 marknaden.\"},{\"@type\":\"BreadcrumbList\",\"@id\":\"https:\/\/lunatools.test.consids5.se\/sv\/professional-guidance\/elverktygstillbehor\/valj-ratt-tillbehor-till-elverktyg\/sa-anvander-man-luna-go\/#breadcrumb\",\"itemListElement\":[{\"@type\":\"ListItem\",\"position\":1,\"name\":\"Home\",\"item\":\"https:\/\/lunatools.test.consids5.se\/sv\/professionella-elverktygstillbehor-lunatools-startpage\/\"},{\"@type\":\"ListItem\",\"position\":2,\"name\":\"Professional guidance | R\u00e4tt verktyg f\u00f6r jobbet\",\"item\":\"https:\/\/lunatools.test.consids5.se\/sv\/professional-guidance\/\"},{\"@type\":\"ListItem\",\"position\":3,\"name\":\"Elverktygstillbeh\u00f6r\",\"item\":\"https:\/\/lunatools.test.consids5.se\/sv\/professional-guidance\/elverktygstillbehor\/\"},{\"@type\":\"ListItem\",\"position\":4,\"name\":\"V\u00e4lj r\u00e4tt tillbeh\u00f6r till elverktyg\",\"item\":\"https:\/\/lunatools.test.consids5.se\/sv\/professional-guidance\/elverktygstillbehor\/valj-ratt-tillbehor-till-elverktyg\/\"},{\"@type\":\"ListItem\",\"position\":5,\"name\":\"Verktygsh\u00e5llare: S\u00e5 anv\u00e4nder man Luna GO\"}]},{\"@type\":\"WebSite\",\"@id\":\"https:\/\/lunatools.test.consids5.se\/en\/#website\",\"url\":\"https:\/\/lunatools.test.consids5.se\/en\/\",\"name\":\"Luna tools\",\"description\":\"\",\"publisher\":{\"@id\":\"https:\/\/lunatools.test.consids5.se\/en\/#organization\"},\"potentialAction\":[{\"@type\":\"SearchAction\",\"target\":{\"@type\":\"EntryPoint\",\"urlTemplate\":\"https:\/\/lunatools.test.consids5.se\/en\/?s={search_term_string}\"},\"query-input\":\"required name=search_term_string\"}],\"inLanguage\":\"sv-SE\"},{\"@type\":\"Organization\",\"@id\":\"https:\/\/lunatools.test.consids5.se\/en\/#organization\",\"name\":\"Luna Tools\",\"url\":\"https:\/\/lunatools.test.consids5.se\/en\/\",\"logo\":{\"@type\":\"ImageObject\",\"inLanguage\":\"sv-SE\",\"@id\":\"https:\/\/lunatools.test.consids5.se\/en\/#\/schema\/logo\/image\/\",\"url\":\"https:\/\/lunatools.com\/wp-content\/uploads\/2019\/10\/LunaTools-gray-logo.png\",\"contentUrl\":\"https:\/\/lunatools.com\/wp-content\/uploads\/2019\/10\/LunaTools-gray-logo.png\",\"width\":795,\"height\":309,\"caption\":\"Luna Tools\"},\"image\":{\"@id\":\"https:\/\/lunatools.test.consids5.se\/en\/#\/schema\/logo\/image\/\"}}]}<\/script>\n<!-- \/ Yoast SEO plugin. -->","yoast_head_json":{"title":"Verktygsh\u00e5llare: S\u00e5 anv\u00e4nder man Luna GO | Luna tools","description":"V\u00e5r innovation Luna GO \u00e4r en verktygsh\u00e5llare. L\u00e4r dig hur man anv\u00e4nder Luna GO. Vi hj\u00e4lper dig att v\u00e4lja r\u00e4tt tillbeh\u00f6r och verktyg f\u00f6r jobbet.","robots":{"index":"index","follow":"follow","max-snippet":"max-snippet:-1","max-image-preview":"max-image-preview:large","max-video-preview":"max-video-preview:-1"},"canonical":"https:\/\/lunatools.test.consids5.se\/sv\/professional-guidance\/elverktygstillbehor\/valj-ratt-tillbehor-till-elverktyg\/sa-anvander-man-luna-go\/","og_locale":"sv_SE","og_type":"article","og_title":"Verktygsh\u00e5llare: S\u00e5 anv\u00e4nder man Luna GO | Luna tools","og_description":"V\u00e5r innovation Luna GO \u00e4r en verktygsh\u00e5llare. L\u00e4r dig hur man anv\u00e4nder Luna GO. Vi hj\u00e4lper dig att v\u00e4lja r\u00e4tt tillbeh\u00f6r och verktyg f\u00f6r jobbet.","og_url":"https:\/\/lunatools.test.consids5.se\/sv\/professional-guidance\/elverktygstillbehor\/valj-ratt-tillbehor-till-elverktyg\/sa-anvander-man-luna-go\/","og_site_name":"Luna tools","article_modified_time":"2020-02-25T08:15:03+00:00","og_image":[{"width":1500,"height":910,"url":"https:\/\/lunatools.test.consids5.se\/wp-content\/uploads\/2019\/01\/Bits_luna.jpg","type":"image\/jpeg"}],"twitter_misc":{"Est. reading time":"1 minute"},"schema":{"@context":"https:\/\/schema.org","@graph":[{"@type":"WebPage","@id":"https:\/\/lunatools.test.consids5.se\/sv\/professional-guidance\/elverktygstillbehor\/valj-ratt-tillbehor-till-elverktyg\/sa-anvander-man-luna-go\/","url":"https:\/\/lunatools.test.consids5.se\/sv\/professional-guidance\/elverktygstillbehor\/valj-ratt-tillbehor-till-elverktyg\/sa-anvander-man-luna-go\/","name":"Verktygsh\u00e5llare: S\u00e5 anv\u00e4nder man Luna GO | Luna tools","isPartOf":{"@id":"https:\/\/lunatools.test.consids5.se\/en\/#website"},"primaryImageOfPage":{"@id":"https:\/\/lunatools.test.consids5.se\/sv\/professional-guidance\/elverktygstillbehor\/valj-ratt-tillbehor-till-elverktyg\/sa-anvander-man-luna-go\/#primaryimage"},"image":{"@id":"https:\/\/lunatools.test.consids5.se\/sv\/professional-guidance\/elverktygstillbehor\/valj-ratt-tillbehor-till-elverktyg\/sa-anvander-man-luna-go\/#primaryimage"},"thumbnailUrl":"https:\/\/lunatools.test.consids5.se\/wp-content\/uploads\/2019\/01\/Bits_luna.jpg","datePublished":"2019-02-07T09:11:22+00:00","dateModified":"2020-02-25T08:15:03+00:00","description":"V\u00e5r innovation Luna GO \u00e4r en verktygsh\u00e5llare. L\u00e4r dig hur man anv\u00e4nder Luna GO. Vi hj\u00e4lper dig att v\u00e4lja r\u00e4tt tillbeh\u00f6r och verktyg f\u00f6r jobbet.","breadcrumb":{"@id":"https:\/\/lunatools.test.consids5.se\/sv\/professional-guidance\/elverktygstillbehor\/valj-ratt-tillbehor-till-elverktyg\/sa-anvander-man-luna-go\/#breadcrumb"},"inLanguage":"sv-SE","potentialAction":[{"@type":"ReadAction","target":["https:\/\/lunatools.test.consids5.se\/sv\/professional-guidance\/elverktygstillbehor\/valj-ratt-tillbehor-till-elverktyg\/sa-anvander-man-luna-go\/"]}]},{"@type":"ImageObject","inLanguage":"sv-SE","@id":"https:\/\/lunatools.test.consids5.se\/sv\/professional-guidance\/elverktygstillbehor\/valj-ratt-tillbehor-till-elverktyg\/sa-anvander-man-luna-go\/#primaryimage","url":"https:\/\/lunatools.test.consids5.se\/wp-content\/uploads\/2019\/01\/Bits_luna.jpg","contentUrl":"https:\/\/lunatools.test.consids5.se\/wp-content\/uploads\/2019\/01\/Bits_luna.jpg","width":1500,"height":910,"caption":"Luna har ett brett sortiment av bits, bitsatser och bitsh\u00e5llare anpassade f\u00f6r de flesta skruvdragare p\u00e5 marknaden."},{"@type":"BreadcrumbList","@id":"https:\/\/lunatools.test.consids5.se\/sv\/professional-guidance\/elverktygstillbehor\/valj-ratt-tillbehor-till-elverktyg\/sa-anvander-man-luna-go\/#breadcrumb","itemListElement":[{"@type":"ListItem","position":1,"name":"Home","item":"https:\/\/lunatools.test.consids5.se\/sv\/professionella-elverktygstillbehor-lunatools-startpage\/"},{"@type":"ListItem","position":2,"name":"Professional guidance | R\u00e4tt verktyg f\u00f6r jobbet","item":"https:\/\/lunatools.test.consids5.se\/sv\/professional-guidance\/"},{"@type":"ListItem","position":3,"name":"Elverktygstillbeh\u00f6r","item":"https:\/\/lunatools.test.consids5.se\/sv\/professional-guidance\/elverktygstillbehor\/"},{"@type":"ListItem","position":4,"name":"V\u00e4lj r\u00e4tt tillbeh\u00f6r till elverktyg","item":"https:\/\/lunatools.test.consids5.se\/sv\/professional-guidance\/elverktygstillbehor\/valj-ratt-tillbehor-till-elverktyg\/"},{"@type":"ListItem","position":5,"name":"Verktygsh\u00e5llare: S\u00e5 anv\u00e4nder man Luna GO"}]},{"@type":"WebSite","@id":"https:\/\/lunatools.test.consids5.se\/en\/#website","url":"https:\/\/lunatools.test.consids5.se\/en\/","name":"Luna tools","description":"","publisher":{"@id":"https:\/\/lunatools.test.consids5.se\/en\/#organization"},"potentialAction":[{"@type":"SearchAction","target":{"@type":"EntryPoint","urlTemplate":"https:\/\/lunatools.test.consids5.se\/en\/?s={search_term_string}"},"query-input":"required name=search_term_string"}],"inLanguage":"sv-SE"},{"@type":"Organization","@id":"https:\/\/lunatools.test.consids5.se\/en\/#organization","name":"Luna Tools","url":"https:\/\/lunatools.test.consids5.se\/en\/","logo":{"@type":"ImageObject","inLanguage":"sv-SE","@id":"https:\/\/lunatools.test.consids5.se\/en\/#\/schema\/logo\/image\/","url":"https:\/\/lunatools.com\/wp-content\/uploads\/2019\/10\/LunaTools-gray-logo.png","contentUrl":"https:\/\/lunatools.com\/wp-content\/uploads\/2019\/10\/LunaTools-gray-logo.png","width":795,"height":309,"caption":"Luna Tools"},"image":{"@id":"https:\/\/lunatools.test.consids5.se\/en\/#\/schema\/logo\/image\/"}}]}},"_links":{"self":[{"href":"https:\/\/lunatools.test.consids5.se\/sv\/wp-json\/wp\/v2\/pages\/4116"}],"collection":[{"href":"https:\/\/lunatools.test.consids5.se\/sv\/wp-json\/wp\/v2\/pages"}],"about":[{"href":"https:\/\/lunatools.test.consids5.se\/sv\/wp-json\/wp\/v2\/types\/page"}],"author":[{"embeddable":true,"href":"https:\/\/lunatools.test.consids5.se\/sv\/wp-json\/wp\/v2\/users\/2"}],"replies":[{"embeddable":true,"href":"https:\/\/lunatools.test.consids5.se\/sv\/wp-json\/wp\/v2\/comments?post=4116"}],"version-history":[{"count":10,"href":"https:\/\/lunatools.test.consids5.se\/sv\/wp-json\/wp\/v2\/pages\/4116\/revisions"}],"predecessor-version":[{"id":12205,"href":"https:\/\/lunatools.test.consids5.se\/sv\/wp-json\/wp\/v2\/pages\/4116\/revisions\/12205"}],"up":[{"embeddable":true,"href":"https:\/\/lunatools.test.consids5.se\/sv\/wp-json\/wp\/v2\/pages\/12608"}],"wp:featuredmedia":[{"embeddable":true,"href":"https:\/\/lunatools.test.consids5.se\/sv\/wp-json\/wp\/v2\/media\/4060"}],"wp:attachment":[{"href":"https:\/\/lunatools.test.consids5.se\/sv\/wp-json\/wp\/v2\/media?parent=4116"}],"curies":[{"name":"wp","href":"https:\/\/api.w.org\/{rel}","templated":true}]}}