{"id":60404,"date":"2021-05-27T09:56:57","date_gmt":"2021-05-27T09:56:57","guid":{"rendered":"https:\/\/lunatools.com\/?page_id=60404"},"modified":"2021-05-27T09:56:57","modified_gmt":"2021-05-27T09:56:57","slug":"sa-borrar-man-stora-hal-i-tra","status":"publish","type":"page","link":"https:\/\/lunatools.test.consids5.se\/sv\/professional-guidance\/elverktygstillbehor\/tra\/sa-borrar-man-stora-hal-i-tra\/","title":{"rendered":"S\u00e5 borrar man stora h\u00e5l i tr\u00e4"},"content":{"rendered":"<div class=\"wpb-content-wrapper\"><p>[vc_row][vc_column][vc_column_text]<strong>Att borra stora h\u00e5l i tr\u00e4 \u00e4r en f\u00f6rh\u00e5llandevis enkel process om man anv\u00e4nder r\u00e4tt borr. Beroende p\u00e5 material och \u00f6nskat resultat b\u00f6r man v\u00e4lja olika typer av borr\/h\u00e5ls\u00e5gar. Se v\u00e5r enkla guide h\u00e4r<\/strong>[\/vc_column_text][vc_column_text]<strong>Viktigt med r\u00e4tt tr\u00e4borr<\/strong><\/p>\n<div>\n<p>Ett tr\u00e4borr beh\u00f6ver vassa sk\u00e4r f\u00f6r att g\u00f6ra bra snitt och skapa h\u00e5l med fina kanter. Ett tr\u00e4borr skiljer sig fr\u00e5n till exempel ett stenborr genom att den har en spets som g\u00f6r det l\u00e4tt att styra borret. Detta beh\u00f6vs f\u00f6r att f\u00e5 ett ordentligt f\u00e4ste i tr\u00e4et n\u00e4r du b\u00f6rjar borra och g\u00f6r att borrningen kan g\u00f6ras med h\u00f6g precision. Olika tr\u00e4borr har olika egenskaper och valet \u00e4r en avv\u00e4gning mellan hastighet, pris och hur fina h\u00e5l som beh\u00f6ver borras. En ytterligare dimension \u00e4r hur stora h\u00e5l som ska borras. Och i det fall man vill borra stora h\u00e5l i tr\u00e4 kr\u00e4vs ett borr med st\u00f6rre dimensioner.<\/p>\n<\/div>\n<p>[\/vc_column_text][vc_column_text]<\/p>\n<h4>Olika sorters tr\u00e4borr<\/h4>\n<ul>\n<li><strong>Tr\u00e4spiralborr <\/strong>\u2013 Ett vanligt tr\u00e4borr som finns i dimensioner upp till 38 mm. Tr\u00e4spiralborret har en matarskruv som drar ner borret i tr\u00e4et. F\u00f6r borrning i alla tr\u00e4baserade skivmaterial, massiva, mjuka och h\u00e5rda tr\u00e4slag. Finns i l\u00e4ngder upp till 400 mm. <strong><em>Egenskaper<\/em><\/strong>: Bra och prisv\u00e4rt allroundborr.<\/li>\n<\/ul>\n<p><a href=\"https:\/\/lunatools.com\/sv\/product\/traspiralborr-10mm\/\"><img loading=\"lazy\" decoding=\"async\" width=\"250\" height=\"89\" class=\"alignnone size-medium wp-image-32106\" src=\"http:\/\/lunatools.com\/wp-content\/uploads\/2021\/03\/869206-120-250x89.jpg\" alt=\"\" srcset=\"https:\/\/lunatools.test.consids5.se\/wp-content\/uploads\/2021\/03\/869206-120-250x89.jpg 250w, https:\/\/lunatools.test.consids5.se\/wp-content\/uploads\/2021\/03\/869206-120-700x250.jpg 700w, https:\/\/lunatools.test.consids5.se\/wp-content\/uploads\/2021\/03\/869206-120-768x274.jpg 768w, https:\/\/lunatools.test.consids5.se\/wp-content\/uploads\/2021\/03\/869206-120-120x43.jpg 120w, https:\/\/lunatools.test.consids5.se\/wp-content\/uploads\/2021\/03\/869206-120-400x143.jpg 400w, https:\/\/lunatools.test.consids5.se\/wp-content\/uploads\/2021\/03\/869206-120-600x214.jpg 600w, https:\/\/lunatools.test.consids5.se\/wp-content\/uploads\/2021\/03\/869206-120.jpg 1400w\" sizes=\"(max-width: 250px) 100vw, 250px\" \/><\/a><\/p>\n<ul>\n<li><strong>4-sk\u00e4rigt tr\u00e4spiralborr med matarskruv &#8211; <\/strong>F\u00f6r extremt j\u00e4mna ytor och god matning. Finns \u00e4ven med bimetall i huvudet d\u00e4r det finns risk f\u00f6r spik i materialet. Finns i dimensioner upp till 38 mm <strong><em>Egenskaper: <\/em><\/strong>B\u00e5de h\u00f6g avverkningshastighet och fina snitt. Dyrare \u00e4n vanliga tr\u00e4spiralborr.<\/li>\n<\/ul>\n<p><a href=\"https:\/\/lunatools.com\/sv\/product\/traspiralborr-1-4-22mm\/\"><img loading=\"lazy\" decoding=\"async\" width=\"250\" height=\"89\" class=\"alignnone size-medium wp-image-31002\" src=\"http:\/\/lunatools.com\/wp-content\/uploads\/2021\/03\/863393-53-250x89.jpg\" alt=\"\" srcset=\"https:\/\/lunatools.test.consids5.se\/wp-content\/uploads\/2021\/03\/863393-53-250x89.jpg 250w, https:\/\/lunatools.test.consids5.se\/wp-content\/uploads\/2021\/03\/863393-53-700x250.jpg 700w, https:\/\/lunatools.test.consids5.se\/wp-content\/uploads\/2021\/03\/863393-53-768x274.jpg 768w, https:\/\/lunatools.test.consids5.se\/wp-content\/uploads\/2021\/03\/863393-53-120x43.jpg 120w, https:\/\/lunatools.test.consids5.se\/wp-content\/uploads\/2021\/03\/863393-53-400x143.jpg 400w, https:\/\/lunatools.test.consids5.se\/wp-content\/uploads\/2021\/03\/863393-53-600x214.jpg 600w, https:\/\/lunatools.test.consids5.se\/wp-content\/uploads\/2021\/03\/863393-53.jpg 1400w\" sizes=\"(max-width: 250px) 100vw, 250px\" \/><\/a><\/p>\n<ul>\n<li><strong>Centrumborr (Flatborr)<\/strong> \u2013 Anv\u00e4nds f\u00f6r att g\u00f6ra st\u00f6rre h\u00e5l i tr\u00e4 \u00e4n vanliga spiralborr. Borret \u00e4r snabbt men inte lika noggrant som vanliga tr\u00e4spiralborr. Finns i dimensioner upp till 40 mm. <strong><em>Egenskaper<\/em>: <\/strong>F\u00f6r snabb h\u00e5ltagning. Har ett l\u00e5gt pris. G\u00f6r grova h\u00e5l. Se nedan f\u00f6r exempel p\u00e5 centrumborr<\/li>\n<\/ul>\n<p><a href=\"https:\/\/lunatools.com\/sv\/product-category\/borr-sv\/centrumborr-sv\/\"><img loading=\"lazy\" decoding=\"async\" width=\"250\" height=\"89\" class=\"alignnone size-medium wp-image-31826\" src=\"http:\/\/lunatools.com\/wp-content\/uploads\/2021\/03\/858303-155-250x89.jpg\" alt=\"\" srcset=\"https:\/\/lunatools.test.consids5.se\/wp-content\/uploads\/2021\/03\/858303-155-250x89.jpg 250w, https:\/\/lunatools.test.consids5.se\/wp-content\/uploads\/2021\/03\/858303-155-700x250.jpg 700w, https:\/\/lunatools.test.consids5.se\/wp-content\/uploads\/2021\/03\/858303-155-768x274.jpg 768w, https:\/\/lunatools.test.consids5.se\/wp-content\/uploads\/2021\/03\/858303-155-120x43.jpg 120w, https:\/\/lunatools.test.consids5.se\/wp-content\/uploads\/2021\/03\/858303-155-400x143.jpg 400w, https:\/\/lunatools.test.consids5.se\/wp-content\/uploads\/2021\/03\/858303-155-600x214.jpg 600w, https:\/\/lunatools.test.consids5.se\/wp-content\/uploads\/2021\/03\/858303-155.jpg 1400w\" sizes=\"(max-width: 250px) 100vw, 250px\" \/><\/a><\/p>\n<ul>\n<li><strong>Kvistborr &#8211; <\/strong>Borret ger snabb matning och g\u00f6r fina snitt. Kvistborr finns med och utan matarskruv. D\u00e4r matarskruv finns kr\u00e4vs minimalt tryck. Tas matarskruven bort blir botten av h\u00e5let helt plant. Kvistborr finns i dimensioner upp till 76 mm. <strong><em>Egenskaper<\/em>: <\/strong>Snabb matning och ger fina snitt. Ej optimalt f\u00f6r djupa h\u00e5l.<\/li>\n<\/ul>\n<p><a href=\"https:\/\/lunatools.com\/sv\/product\/borr-self-feed-35mm\/\"><img loading=\"lazy\" decoding=\"async\" width=\"250\" height=\"162\" class=\"alignnone size-medium wp-image-42406\" src=\"http:\/\/lunatools.com\/wp-content\/uploads\/2021\/03\/871431-46-250x162.jpg\" alt=\"\" srcset=\"https:\/\/lunatools.test.consids5.se\/wp-content\/uploads\/2021\/03\/871431-46-250x162.jpg 250w, https:\/\/lunatools.test.consids5.se\/wp-content\/uploads\/2021\/03\/871431-46-700x455.jpg 700w, https:\/\/lunatools.test.consids5.se\/wp-content\/uploads\/2021\/03\/871431-46-768x499.jpg 768w, https:\/\/lunatools.test.consids5.se\/wp-content\/uploads\/2021\/03\/871431-46-120x78.jpg 120w, https:\/\/lunatools.test.consids5.se\/wp-content\/uploads\/2021\/03\/871431-46-400x260.jpg 400w, https:\/\/lunatools.test.consids5.se\/wp-content\/uploads\/2021\/03\/871431-46-600x390.jpg 600w, https:\/\/lunatools.test.consids5.se\/wp-content\/uploads\/2021\/03\/871431-46.jpg 1400w\" sizes=\"(max-width: 250px) 100vw, 250px\" \/><\/a><\/p>\n<ul>\n<li><strong>H\u00e5ls\u00e5g med t\u00e4nder av h\u00e5rdmetall (TCT) \u2013 <\/strong>Anv\u00e4nds f\u00f6r stora h\u00e5l i tr\u00e4 och skivmaterial. Finns i dimensioner upp till 210 mm i diameter. F\u00f6r att centrera h\u00e5let anv\u00e4nds ett centrumborr. Viktigt att t\u00e4nka p\u00e5 \u00e4r att anv\u00e4nda st\u00f6dhandtag p\u00e5 skruvdragaren p\u00e5 stora dimensioner. Om h\u00e5ldjupet p\u00e5 h\u00e5ls\u00e5gen inte r\u00e4cker till kan man rensa ut h\u00e5let och k\u00f6ra tv\u00e5 g\u00e5nger f\u00f6r att komma djupare ner i tr\u00e4et. <strong><em>Egenskaper<\/em>: <\/strong>Effektiv h\u00e5ltagning i tr\u00e4 och skivmaterial. G\u00f6r relativt grova h\u00e5l.<\/li>\n<\/ul>\n<p><a href=\"https:\/\/lunatools.com\/sv\/product-category\/halsagar-sv\/page\/3\/?filtered=true&amp;material-i-skar=hardmetall\">Se v\u00e5rt utbud h\u00e4r<\/a><\/p>\n<ul>\n<li><strong>H\u00e5ls\u00e5g av bimetall \u2013 <\/strong>Fungerar b\u00e5de i metall och tr\u00e4. G\u00f6r finare snitt \u00e4n h\u00e5ls\u00e5gar med t\u00e4nder av TCT men med nackdelen att det tar l\u00e4ngre tid och att tr\u00e4et l\u00e4tt br\u00e4nns d\u00e5 mer v\u00e4rme genereras. Finns i dimensioner upp till 210 mm i diameter. Om h\u00e5ldjupet p\u00e5 h\u00e5ls\u00e5gen inte r\u00e4cker till kan man rensa ut h\u00e5let och k\u00f6ra tv\u00e5 g\u00e5nger f\u00f6r att komma djupare ner i tr\u00e4et. <strong><em>Egenskaper: <\/em><\/strong>Fina snitt men det tar l\u00e4ngre tid att borra. Risk att br\u00e4nna tr\u00e4et.<\/li>\n<\/ul>\n<p><a href=\"https:\/\/lunatools.com\/sv\/product\/halsag-luna-lbh-2-32mm\/\">Se exempel h\u00e4r<\/a>[\/vc_column_text][vc_column_text]<\/p>\n<h4><strong>G\u00f6ra stora h\u00e5l i tr\u00e4 steg f\u00f6r steg<\/strong><\/h4>\n<ul>\n<li>B\u00f6rja med att definiera arbetet, \u00e4r precision och fina snitt viktigt eller ej?<\/li>\n<li>F\u00f6r olika typer av h\u00e5l:\n<ul>\n<li>Till exempel n\u00e4r hastighet \u00e4r viktigare \u00e4n fina snitt, v\u00e4lj ett centrumborr eller ett tr\u00e4spiralborr med r\u00e4tt diameter.<\/li>\n<li>St\u00f6rre h\u00e5l (vanligen \u00f6ver ca 40 mm), v\u00e4lj en h\u00e5ls\u00e5g med t\u00e4nder av TCT.<\/li>\n<li>Fina h\u00e5l v\u00e4lj ett 4-sk\u00e4rigt tr\u00e4spiralborr eller kvistborr. F\u00f6r \u00e4nnu st\u00f6rre h\u00e5l (vanligen \u00f6ver ca 38 mm), v\u00e4lj en h\u00e5ls\u00e5g av bimetall.<\/li>\n<li>Mycket stora h\u00e5l (st\u00f6rre \u00e4n 76 mm) g\u00e4ller h\u00e5ls\u00e5g. Dessa finns i dimensioner upp till 210 mm.<\/li>\n<\/ul>\n<\/li>\n<\/ul>\n<p>[\/vc_column_text][\/vc_column][\/vc_row]<\/p>\n<\/div>","protected":false},"excerpt":{"rendered":"[vc_row][vc_column][vc_column_text]Att borra stora h\u00e5l i tr\u00e4 \u00e4r en f\u00f6rh\u00e5llandevis enkel process om man anv\u00e4nder r\u00e4tt borr. Beroende p\u00e5 material och \u00f6nskat resultat b\u00f6r man v\u00e4lja olika typer av borr\/h\u00e5ls\u00e5gar. Se v\u00e5r enkla guide h\u00e4r[\/vc_column_text][vc_column_text]Viktigt med r\u00e4tt tr\u00e4borr Ett tr\u00e4borr beh\u00f6ver vassa sk\u00e4r f\u00f6r att g\u00f6ra bra snitt och skapa h\u00e5l med fina kanter. Ett tr\u00e4borr&#8230; <a class=\"view-article\" href=\"https:\/\/lunatools.test.consids5.se\/sv\/professional-guidance\/elverktygstillbehor\/tra\/sa-borrar-man-stora-hal-i-tra\/\">View Article<\/a>","protected":false},"author":2,"featured_media":4049,"parent":12777,"menu_order":0,"comment_status":"closed","ping_status":"closed","template":"","meta":{"_acf_changed":false,"footnotes":""},"class_list":["post-60404","page","type-page","status-publish","has-post-thumbnail","hentry"],"acf":[],"yoast_head":"<!-- This site is optimized with the Yoast SEO plugin v23.2 - https:\/\/yoast.com\/wordpress\/plugins\/seo\/ -->\n<title>Borra stora h\u00e5l i tr\u00e4 | V\u00e4lj r\u00e4tt tr\u00e4borr f\u00f6r jobbet - Luna tools<\/title>\n<meta name=\"description\" content=\"Att borra stora h\u00e5l i tr\u00e4 \u00e4r en f\u00f6rh\u00e5llandevis enkel process om man anv\u00e4nder r\u00e4tt borr. Beroende p\u00e5 material och \u00f6nskat resultat\" \/>\n<meta name=\"robots\" content=\"index, follow, max-snippet:-1, max-image-preview:large, max-video-preview:-1\" \/>\n<link rel=\"canonical\" href=\"https:\/\/lunatools.test.consids5.se\/sv\/professional-guidance\/elverktygstillbehor\/tra\/sa-borrar-man-stora-hal-i-tra\/\" \/>\n<meta property=\"og:locale\" content=\"sv_SE\" \/>\n<meta property=\"og:type\" content=\"article\" \/>\n<meta property=\"og:title\" content=\"Borra stora h\u00e5l i tr\u00e4 | V\u00e4lj r\u00e4tt tr\u00e4borr f\u00f6r jobbet - Luna tools\" \/>\n<meta property=\"og:description\" content=\"Att borra stora h\u00e5l i tr\u00e4 \u00e4r en f\u00f6rh\u00e5llandevis enkel process om man anv\u00e4nder r\u00e4tt borr. Beroende p\u00e5 material och \u00f6nskat resultat\" \/>\n<meta property=\"og:url\" content=\"https:\/\/lunatools.test.consids5.se\/sv\/professional-guidance\/elverktygstillbehor\/tra\/sa-borrar-man-stora-hal-i-tra\/\" \/>\n<meta property=\"og:site_name\" content=\"Luna tools\" \/>\n<meta property=\"og:image\" content=\"https:\/\/lunatools.test.consids5.se\/wp-content\/uploads\/2019\/01\/Borr_kategoribild.jpg\" \/>\n\t<meta property=\"og:image:width\" content=\"1500\" \/>\n\t<meta property=\"og:image:height\" content=\"910\" \/>\n\t<meta property=\"og:image:type\" content=\"image\/jpeg\" \/>\n<meta name=\"twitter:label1\" content=\"Est. reading time\" \/>\n\t<meta name=\"twitter:data1\" content=\"4 minutes\" \/>\n<script type=\"application\/ld+json\" class=\"yoast-schema-graph\">{\"@context\":\"https:\/\/schema.org\",\"@graph\":[{\"@type\":\"WebPage\",\"@id\":\"https:\/\/lunatools.test.consids5.se\/sv\/professional-guidance\/elverktygstillbehor\/tra\/sa-borrar-man-stora-hal-i-tra\/\",\"url\":\"https:\/\/lunatools.test.consids5.se\/sv\/professional-guidance\/elverktygstillbehor\/tra\/sa-borrar-man-stora-hal-i-tra\/\",\"name\":\"Borra stora h\u00e5l i tr\u00e4 | V\u00e4lj r\u00e4tt tr\u00e4borr f\u00f6r jobbet - Luna tools\",\"isPartOf\":{\"@id\":\"https:\/\/lunatools.test.consids5.se\/en\/#website\"},\"primaryImageOfPage\":{\"@id\":\"https:\/\/lunatools.test.consids5.se\/sv\/professional-guidance\/elverktygstillbehor\/tra\/sa-borrar-man-stora-hal-i-tra\/#primaryimage\"},\"image\":{\"@id\":\"https:\/\/lunatools.test.consids5.se\/sv\/professional-guidance\/elverktygstillbehor\/tra\/sa-borrar-man-stora-hal-i-tra\/#primaryimage\"},\"thumbnailUrl\":\"https:\/\/lunatools.test.consids5.se\/wp-content\/uploads\/2019\/01\/Borr_kategoribild.jpg\",\"datePublished\":\"2021-05-27T09:56:57+00:00\",\"dateModified\":\"2021-05-27T09:56:57+00:00\",\"description\":\"Att borra stora h\u00e5l i tr\u00e4 \u00e4r en f\u00f6rh\u00e5llandevis enkel process om man anv\u00e4nder r\u00e4tt borr. Beroende p\u00e5 material och \u00f6nskat resultat\",\"breadcrumb\":{\"@id\":\"https:\/\/lunatools.test.consids5.se\/sv\/professional-guidance\/elverktygstillbehor\/tra\/sa-borrar-man-stora-hal-i-tra\/#breadcrumb\"},\"inLanguage\":\"sv-SE\",\"potentialAction\":[{\"@type\":\"ReadAction\",\"target\":[\"https:\/\/lunatools.test.consids5.se\/sv\/professional-guidance\/elverktygstillbehor\/tra\/sa-borrar-man-stora-hal-i-tra\/\"]}]},{\"@type\":\"ImageObject\",\"inLanguage\":\"sv-SE\",\"@id\":\"https:\/\/lunatools.test.consids5.se\/sv\/professional-guidance\/elverktygstillbehor\/tra\/sa-borrar-man-stora-hal-i-tra\/#primaryimage\",\"url\":\"https:\/\/lunatools.test.consids5.se\/wp-content\/uploads\/2019\/01\/Borr_kategoribild.jpg\",\"contentUrl\":\"https:\/\/lunatools.test.consids5.se\/wp-content\/uploads\/2019\/01\/Borr_kategoribild.jpg\",\"width\":1500,\"height\":910,\"caption\":\"I Lunas sortiment av borr finns allt fr\u00e5n kakelborr och metallborr till diamantborr f\u00f6r att kunna borra i kakel, borra i glas eller borra i metall.\"},{\"@type\":\"BreadcrumbList\",\"@id\":\"https:\/\/lunatools.test.consids5.se\/sv\/professional-guidance\/elverktygstillbehor\/tra\/sa-borrar-man-stora-hal-i-tra\/#breadcrumb\",\"itemListElement\":[{\"@type\":\"ListItem\",\"position\":1,\"name\":\"Home\",\"item\":\"https:\/\/lunatools.test.consids5.se\/sv\/professionella-elverktygstillbehor-lunatools-startpage\/\"},{\"@type\":\"ListItem\",\"position\":2,\"name\":\"Professional guidance | R\u00e4tt verktyg f\u00f6r jobbet\",\"item\":\"https:\/\/lunatools.test.consids5.se\/sv\/professional-guidance\/\"},{\"@type\":\"ListItem\",\"position\":3,\"name\":\"Elverktygstillbeh\u00f6r\",\"item\":\"https:\/\/lunatools.test.consids5.se\/sv\/professional-guidance\/elverktygstillbehor\/\"},{\"@type\":\"ListItem\",\"position\":4,\"name\":\"Tr\u00e4\",\"item\":\"https:\/\/lunatools.test.consids5.se\/sv\/professional-guidance\/elverktygstillbehor\/tra\/\"},{\"@type\":\"ListItem\",\"position\":5,\"name\":\"S\u00e5 borrar man stora h\u00e5l i tr\u00e4\"}]},{\"@type\":\"WebSite\",\"@id\":\"https:\/\/lunatools.test.consids5.se\/en\/#website\",\"url\":\"https:\/\/lunatools.test.consids5.se\/en\/\",\"name\":\"Luna tools\",\"description\":\"\",\"publisher\":{\"@id\":\"https:\/\/lunatools.test.consids5.se\/en\/#organization\"},\"potentialAction\":[{\"@type\":\"SearchAction\",\"target\":{\"@type\":\"EntryPoint\",\"urlTemplate\":\"https:\/\/lunatools.test.consids5.se\/en\/?s={search_term_string}\"},\"query-input\":\"required name=search_term_string\"}],\"inLanguage\":\"sv-SE\"},{\"@type\":\"Organization\",\"@id\":\"https:\/\/lunatools.test.consids5.se\/en\/#organization\",\"name\":\"Luna Tools\",\"url\":\"https:\/\/lunatools.test.consids5.se\/en\/\",\"logo\":{\"@type\":\"ImageObject\",\"inLanguage\":\"sv-SE\",\"@id\":\"https:\/\/lunatools.test.consids5.se\/en\/#\/schema\/logo\/image\/\",\"url\":\"https:\/\/lunatools.com\/wp-content\/uploads\/2019\/10\/LunaTools-gray-logo.png\",\"contentUrl\":\"https:\/\/lunatools.com\/wp-content\/uploads\/2019\/10\/LunaTools-gray-logo.png\",\"width\":795,\"height\":309,\"caption\":\"Luna Tools\"},\"image\":{\"@id\":\"https:\/\/lunatools.test.consids5.se\/en\/#\/schema\/logo\/image\/\"}}]}<\/script>\n<!-- \/ Yoast SEO plugin. -->","yoast_head_json":{"title":"Borra stora h\u00e5l i tr\u00e4 | V\u00e4lj r\u00e4tt tr\u00e4borr f\u00f6r jobbet - Luna tools","description":"Att borra stora h\u00e5l i tr\u00e4 \u00e4r en f\u00f6rh\u00e5llandevis enkel process om man anv\u00e4nder r\u00e4tt borr. Beroende p\u00e5 material och \u00f6nskat resultat","robots":{"index":"index","follow":"follow","max-snippet":"max-snippet:-1","max-image-preview":"max-image-preview:large","max-video-preview":"max-video-preview:-1"},"canonical":"https:\/\/lunatools.test.consids5.se\/sv\/professional-guidance\/elverktygstillbehor\/tra\/sa-borrar-man-stora-hal-i-tra\/","og_locale":"sv_SE","og_type":"article","og_title":"Borra stora h\u00e5l i tr\u00e4 | V\u00e4lj r\u00e4tt tr\u00e4borr f\u00f6r jobbet - Luna tools","og_description":"Att borra stora h\u00e5l i tr\u00e4 \u00e4r en f\u00f6rh\u00e5llandevis enkel process om man anv\u00e4nder r\u00e4tt borr. Beroende p\u00e5 material och \u00f6nskat resultat","og_url":"https:\/\/lunatools.test.consids5.se\/sv\/professional-guidance\/elverktygstillbehor\/tra\/sa-borrar-man-stora-hal-i-tra\/","og_site_name":"Luna tools","og_image":[{"width":1500,"height":910,"url":"https:\/\/lunatools.test.consids5.se\/wp-content\/uploads\/2019\/01\/Borr_kategoribild.jpg","type":"image\/jpeg"}],"twitter_misc":{"Est. reading time":"4 minutes"},"schema":{"@context":"https:\/\/schema.org","@graph":[{"@type":"WebPage","@id":"https:\/\/lunatools.test.consids5.se\/sv\/professional-guidance\/elverktygstillbehor\/tra\/sa-borrar-man-stora-hal-i-tra\/","url":"https:\/\/lunatools.test.consids5.se\/sv\/professional-guidance\/elverktygstillbehor\/tra\/sa-borrar-man-stora-hal-i-tra\/","name":"Borra stora h\u00e5l i tr\u00e4 | V\u00e4lj r\u00e4tt tr\u00e4borr f\u00f6r jobbet - Luna tools","isPartOf":{"@id":"https:\/\/lunatools.test.consids5.se\/en\/#website"},"primaryImageOfPage":{"@id":"https:\/\/lunatools.test.consids5.se\/sv\/professional-guidance\/elverktygstillbehor\/tra\/sa-borrar-man-stora-hal-i-tra\/#primaryimage"},"image":{"@id":"https:\/\/lunatools.test.consids5.se\/sv\/professional-guidance\/elverktygstillbehor\/tra\/sa-borrar-man-stora-hal-i-tra\/#primaryimage"},"thumbnailUrl":"https:\/\/lunatools.test.consids5.se\/wp-content\/uploads\/2019\/01\/Borr_kategoribild.jpg","datePublished":"2021-05-27T09:56:57+00:00","dateModified":"2021-05-27T09:56:57+00:00","description":"Att borra stora h\u00e5l i tr\u00e4 \u00e4r en f\u00f6rh\u00e5llandevis enkel process om man anv\u00e4nder r\u00e4tt borr. Beroende p\u00e5 material och \u00f6nskat resultat","breadcrumb":{"@id":"https:\/\/lunatools.test.consids5.se\/sv\/professional-guidance\/elverktygstillbehor\/tra\/sa-borrar-man-stora-hal-i-tra\/#breadcrumb"},"inLanguage":"sv-SE","potentialAction":[{"@type":"ReadAction","target":["https:\/\/lunatools.test.consids5.se\/sv\/professional-guidance\/elverktygstillbehor\/tra\/sa-borrar-man-stora-hal-i-tra\/"]}]},{"@type":"ImageObject","inLanguage":"sv-SE","@id":"https:\/\/lunatools.test.consids5.se\/sv\/professional-guidance\/elverktygstillbehor\/tra\/sa-borrar-man-stora-hal-i-tra\/#primaryimage","url":"https:\/\/lunatools.test.consids5.se\/wp-content\/uploads\/2019\/01\/Borr_kategoribild.jpg","contentUrl":"https:\/\/lunatools.test.consids5.se\/wp-content\/uploads\/2019\/01\/Borr_kategoribild.jpg","width":1500,"height":910,"caption":"I Lunas sortiment av borr finns allt fr\u00e5n kakelborr och metallborr till diamantborr f\u00f6r att kunna borra i kakel, borra i glas eller borra i metall."},{"@type":"BreadcrumbList","@id":"https:\/\/lunatools.test.consids5.se\/sv\/professional-guidance\/elverktygstillbehor\/tra\/sa-borrar-man-stora-hal-i-tra\/#breadcrumb","itemListElement":[{"@type":"ListItem","position":1,"name":"Home","item":"https:\/\/lunatools.test.consids5.se\/sv\/professionella-elverktygstillbehor-lunatools-startpage\/"},{"@type":"ListItem","position":2,"name":"Professional guidance | R\u00e4tt verktyg f\u00f6r jobbet","item":"https:\/\/lunatools.test.consids5.se\/sv\/professional-guidance\/"},{"@type":"ListItem","position":3,"name":"Elverktygstillbeh\u00f6r","item":"https:\/\/lunatools.test.consids5.se\/sv\/professional-guidance\/elverktygstillbehor\/"},{"@type":"ListItem","position":4,"name":"Tr\u00e4","item":"https:\/\/lunatools.test.consids5.se\/sv\/professional-guidance\/elverktygstillbehor\/tra\/"},{"@type":"ListItem","position":5,"name":"S\u00e5 borrar man stora h\u00e5l i tr\u00e4"}]},{"@type":"WebSite","@id":"https:\/\/lunatools.test.consids5.se\/en\/#website","url":"https:\/\/lunatools.test.consids5.se\/en\/","name":"Luna tools","description":"","publisher":{"@id":"https:\/\/lunatools.test.consids5.se\/en\/#organization"},"potentialAction":[{"@type":"SearchAction","target":{"@type":"EntryPoint","urlTemplate":"https:\/\/lunatools.test.consids5.se\/en\/?s={search_term_string}"},"query-input":"required name=search_term_string"}],"inLanguage":"sv-SE"},{"@type":"Organization","@id":"https:\/\/lunatools.test.consids5.se\/en\/#organization","name":"Luna Tools","url":"https:\/\/lunatools.test.consids5.se\/en\/","logo":{"@type":"ImageObject","inLanguage":"sv-SE","@id":"https:\/\/lunatools.test.consids5.se\/en\/#\/schema\/logo\/image\/","url":"https:\/\/lunatools.com\/wp-content\/uploads\/2019\/10\/LunaTools-gray-logo.png","contentUrl":"https:\/\/lunatools.com\/wp-content\/uploads\/2019\/10\/LunaTools-gray-logo.png","width":795,"height":309,"caption":"Luna Tools"},"image":{"@id":"https:\/\/lunatools.test.consids5.se\/en\/#\/schema\/logo\/image\/"}}]}},"_links":{"self":[{"href":"https:\/\/lunatools.test.consids5.se\/sv\/wp-json\/wp\/v2\/pages\/60404"}],"collection":[{"href":"https:\/\/lunatools.test.consids5.se\/sv\/wp-json\/wp\/v2\/pages"}],"about":[{"href":"https:\/\/lunatools.test.consids5.se\/sv\/wp-json\/wp\/v2\/types\/page"}],"author":[{"embeddable":true,"href":"https:\/\/lunatools.test.consids5.se\/sv\/wp-json\/wp\/v2\/users\/2"}],"replies":[{"embeddable":true,"href":"https:\/\/lunatools.test.consids5.se\/sv\/wp-json\/wp\/v2\/comments?post=60404"}],"version-history":[{"count":4,"href":"https:\/\/lunatools.test.consids5.se\/sv\/wp-json\/wp\/v2\/pages\/60404\/revisions"}],"predecessor-version":[{"id":60408,"href":"https:\/\/lunatools.test.consids5.se\/sv\/wp-json\/wp\/v2\/pages\/60404\/revisions\/60408"}],"up":[{"embeddable":true,"href":"https:\/\/lunatools.test.consids5.se\/sv\/wp-json\/wp\/v2\/pages\/12777"}],"wp:featuredmedia":[{"embeddable":true,"href":"https:\/\/lunatools.test.consids5.se\/sv\/wp-json\/wp\/v2\/media\/4049"}],"wp:attachment":[{"href":"https:\/\/lunatools.test.consids5.se\/sv\/wp-json\/wp\/v2\/media?parent=60404"}],"curies":[{"name":"wp","href":"https:\/\/api.w.org\/{rel}","templated":true}]}}